{"id":981,"date":"2021-03-25T13:42:53","date_gmt":"2021-03-25T13:42:53","guid":{"rendered":"http:\/\/acta.no\/vebu\/?page_id=981"},"modified":"2022-05-21T19:44:56","modified_gmt":"2022-05-21T19:44:56","slug":"uppdrag-paddan","status":"publish","type":"page","link":"https:\/\/acta.no\/vebu\/uppdrag-paddan\/","title":{"rendered":"Uppdrag Paddan 11.-14. august 2022"},"content":{"rendered":"<div class=\"gutenberg-content\">\n<figure class=\"wp-block-image alignwide size-large\"><img loading=\"lazy\" decoding=\"async\" width=\"1024\" height=\"256\" src=\"https:\/\/www.normisjon.no\/content\/uploads\/sites\/37\/2022\/05\/padnettfly-1024x256.jpg\" alt=\"\" class=\"wp-image-1699\" srcset=\"https:\/\/www.normisjon.no\/content\/uploads\/sites\/37\/2022\/05\/padnettfly-1024x256.jpg 1024w, https:\/\/www.normisjon.no\/content\/uploads\/sites\/37\/2022\/05\/padnettfly-300x75.jpg 300w, https:\/\/www.normisjon.no\/content\/uploads\/sites\/37\/2022\/05\/padnettfly-768x192.jpg 768w, https:\/\/www.normisjon.no\/content\/uploads\/sites\/37\/2022\/05\/padnettfly-1536x384.jpg 1536w, https:\/\/www.normisjon.no\/content\/uploads\/sites\/37\/2022\/05\/padnettfly-2048x512.jpg 2048w, https:\/\/www.normisjon.no\/content\/uploads\/sites\/37\/2022\/05\/padnettfly-1920x480.jpg 1920w, https:\/\/www.normisjon.no\/content\/uploads\/sites\/37\/2022\/05\/padnettfly-1360x340.jpg 1360w, https:\/\/www.normisjon.no\/content\/uploads\/sites\/37\/2022\/05\/padnettfly-960x240.jpg 960w\" sizes=\"auto, (max-width: 1024px) 100vw, 1024px\" \/><\/figure>\n\n\n\n<p>Vil du v\u00e6re med til G\u00f8teborg for \u00e5 dra i Lisebeg og oppleve en storby? Vi kan garantere puls og spenning i Liseberg, og late dager p\u00e5 stranda for de som \u00f8nsker det. <meta charset=\"utf-8\">Vi kommer til \u00e5 v\u00e6re en dag i Liseberg (\u00c5k-passet er inkludert i prisen) og en dag med aktiviteter og rebusl\u00f8p i bykjernen av G\u00f8teborg. Vi reiser med buss via str\u00f8mstad ferja og sover i Valhamra Kyrkje. Meld deg p\u00e5!<\/p>\n\n\n\n<div class=\"wp-block-buttons is-content-justification-center is-layout-flex wp-block-buttons-is-layout-flex\">\n<div class=\"wp-block-button is-style-fill\"><a class=\"wp-block-button__link\" href=\"https:\/\/www.checkin.no\/event\/42286\/uppdrag-paddan-2022\" target=\"_blank\" rel=\"noreferrer noopener\">Meld deg p\u00e5 her!<\/a><\/div>\n<\/div>\n\n\n\n<div style=\"height:12px\" aria-hidden=\"true\" class=\"wp-block-spacer\"><\/div>\n\n\n\n<div class=\"wp-block-columns is-layout-flex wp-container-core-columns-is-layout-9d6595d7 wp-block-columns-is-layout-flex\">\n<div class=\"wp-block-column is-layout-flow wp-block-column-is-layout-flow\">\n<p><strong>N\u00e5r: <\/strong>11.-14. august 2022<\/p>\n\n\n\n<p><strong>Hvor:&nbsp;<\/strong>G\u00f8teborg (oppm\u00f8te Sandefjord)<\/p>\n\n\n\n<p><strong>Alder: <\/strong>ferdig med 7. trinn til og med ferdig med vg2<\/p>\n<\/div>\n\n\n\n<div class=\"wp-block-column is-layout-flow wp-block-column-is-layout-flow\">\n<figure class=\"wp-block-image size-large\"><img loading=\"lazy\" decoding=\"async\" width=\"1024\" height=\"769\" src=\"https:\/\/www.normisjon.no\/content\/uploads\/sites\/37\/2022\/05\/LQ-Paddan2020-56-of-104-1024x769.jpg\" alt=\"\" class=\"wp-image-1701\" srcset=\"https:\/\/www.normisjon.no\/content\/uploads\/sites\/37\/2022\/05\/LQ-Paddan2020-56-of-104-1024x769.jpg 1024w, https:\/\/www.normisjon.no\/content\/uploads\/sites\/37\/2022\/05\/LQ-Paddan2020-56-of-104-300x225.jpg 300w, https:\/\/www.normisjon.no\/content\/uploads\/sites\/37\/2022\/05\/LQ-Paddan2020-56-of-104-768x577.jpg 768w, https:\/\/www.normisjon.no\/content\/uploads\/sites\/37\/2022\/05\/LQ-Paddan2020-56-of-104-1536x1153.jpg 1536w, https:\/\/www.normisjon.no\/content\/uploads\/sites\/37\/2022\/05\/LQ-Paddan2020-56-of-104-2048x1538.jpg 2048w, https:\/\/www.normisjon.no\/content\/uploads\/sites\/37\/2022\/05\/LQ-Paddan2020-56-of-104-1920x1441.jpg 1920w, https:\/\/www.normisjon.no\/content\/uploads\/sites\/37\/2022\/05\/LQ-Paddan2020-56-of-104-1360x1021.jpg 1360w, https:\/\/www.normisjon.no\/content\/uploads\/sites\/37\/2022\/05\/LQ-Paddan2020-56-of-104-960x721.jpg 960w\" sizes=\"auto, (max-width: 1024px) 100vw, 1024px\" \/><\/figure>\n<\/div>\n<\/div>\n\n\n\n<div class=\"wp-block-columns is-layout-flex wp-container-core-columns-is-layout-9d6595d7 wp-block-columns-is-layout-flex\">\n<div class=\"wp-block-column is-layout-flow wp-block-column-is-layout-flow\" style=\"flex-basis:66.66%\">\n<figure class=\"wp-block-image size-large\"><img loading=\"lazy\" decoding=\"async\" width=\"1024\" height=\"769\" src=\"https:\/\/www.normisjon.no\/content\/uploads\/sites\/37\/2022\/05\/LQ-Paddan2020-13-of-104-1024x769.jpg\" alt=\"\" class=\"wp-image-1702\" srcset=\"https:\/\/www.normisjon.no\/content\/uploads\/sites\/37\/2022\/05\/LQ-Paddan2020-13-of-104-1024x769.jpg 1024w, https:\/\/www.normisjon.no\/content\/uploads\/sites\/37\/2022\/05\/LQ-Paddan2020-13-of-104-300x225.jpg 300w, https:\/\/www.normisjon.no\/content\/uploads\/sites\/37\/2022\/05\/LQ-Paddan2020-13-of-104-768x577.jpg 768w, https:\/\/www.normisjon.no\/content\/uploads\/sites\/37\/2022\/05\/LQ-Paddan2020-13-of-104-1536x1153.jpg 1536w, https:\/\/www.normisjon.no\/content\/uploads\/sites\/37\/2022\/05\/LQ-Paddan2020-13-of-104-2048x1538.jpg 2048w, https:\/\/www.normisjon.no\/content\/uploads\/sites\/37\/2022\/05\/LQ-Paddan2020-13-of-104-1920x1441.jpg 1920w, https:\/\/www.normisjon.no\/content\/uploads\/sites\/37\/2022\/05\/LQ-Paddan2020-13-of-104-1360x1021.jpg 1360w, https:\/\/www.normisjon.no\/content\/uploads\/sites\/37\/2022\/05\/LQ-Paddan2020-13-of-104-960x721.jpg 960w\" sizes=\"auto, (max-width: 1024px) 100vw, 1024px\" \/><\/figure>\n<\/div>\n\n\n\n<div class=\"wp-block-column is-layout-flow wp-block-column-is-layout-flow\" style=\"flex-basis:33.33%\">\n<p><strong>Leir allerede medlem i leirklubben&nbsp;| kr. 2200,-<\/strong><\/p>\n\n\n\n<p><strong>Leir inkl. leirklubbmedlemskap&nbsp;|&nbsp;kr. 2300,-<\/strong><\/p>\n\n\n\n<p><strong>Leir uten leirklubbmedlemskap&nbsp;| kr. 2500,-<\/strong><\/p>\n<\/div>\n<\/div>\n\n\n\n<p><strong>Frist for p\u00e5melding:<\/strong> 28. juli &#8211; leiravgift \u00f8ker med 200,- ved p\u00e5melding etter denne datoen.<\/p>\n\n\n\n<p class=\"has-text-align-center has-large-font-size\"><strong>Program<\/strong>:<\/p>\n\n\n\n<div class=\"wp-block-group is-layout-flow wp-block-group-is-layout-flow\">\n<div class=\"wp-block-columns is-layout-flex wp-container-core-columns-is-layout-9d6595d7 wp-block-columns-is-layout-flex\">\n<div class=\"wp-block-column is-layout-flow wp-block-column-is-layout-flow\">\n<p class=\"has-text-align-right\"><strong>Torsdag 11. august<\/strong><br>10.00 Avgang b\u00e5t fra Sandefjord<br>12.30 Ankomst Str\u00f8mstad<br>15.00 Ankomst G\u00f8teborg via buss<br>18.00 Badetur<br>20.30 Kveldsm\u00f8te ved vannet<br>22.00 Chill och spill<\/p>\n<\/div>\n\n\n\n<div class=\"wp-block-column is-layout-flow wp-block-column-is-layout-flow\">\n<p><strong>L\u00f8rdag 13. august<\/strong><br>10.00 Morgenm\u00f8te<br>12.00 Buss til sentrum<br>12.30 Rebusl\u00f8p i Nordstan<br>16.00 Fritid<br>20.00 Kveldsm\u00f8te<br>22.00 Underholdning<\/p>\n<\/div>\n<\/div>\n<\/div>\n\n\n\n<div class=\"wp-block-columns is-layout-flex wp-container-core-columns-is-layout-9d6595d7 wp-block-columns-is-layout-flex\">\n<div class=\"wp-block-column is-layout-flow wp-block-column-is-layout-flow\">\n<p class=\"has-text-align-right\"><strong>Fredag 12. august<\/strong><br>09.30 Morgenm\u00f8te<br>10.00 Buss til Liseberg<br>11.00-18.00 Liseberg!<br>21.00 Kveldsm\u00f8te<br>22.00 Chill och spill<br><\/p>\n<\/div>\n\n\n\n<div class=\"wp-block-column is-layout-flow wp-block-column-is-layout-flow\">\n<p><strong>S\u00f8ndag 14. august<\/strong><br>11.00 Morgenm\u00f8te<br>12.00 Rydding og vasking<br>14.00 Buss til str\u00f8mstad<br>17.00 Avgang b\u00e5t til Sandefjord<br>19.30 Ankomst Sandefjord<\/p>\n<\/div>\n<\/div>\n\n\n\n<figure class=\"wp-block-embed is-type-video is-provider-youtube wp-block-embed-youtube wp-embed-aspect-16-9 wp-has-aspect-ratio\"><div class=\"wp-block-embed__wrapper\">\n<iframe loading=\"lazy\" title=\"Lisebergs reklamfilm sommaren 2017\" width=\"873\" height=\"491\" src=\"https:\/\/www.youtube.com\/embed\/7qonUju5gpA?feature=oembed\" frameborder=\"0\" allow=\"accelerometer; autoplay; clipboard-write; encrypted-media; gyroscope; picture-in-picture; web-share\" referrerpolicy=\"strict-origin-when-cross-origin\" allowfullscreen><\/iframe>\n<\/div><\/figure>\n\n\n\n<p><\/p>\n<\/div>","protected":false},"excerpt":{"rendered":"<p>Vil du v\u00e6re med til G\u00f8teborg for \u00e5 dra i Lisebeg og oppleve en storby? Vi kan garantere puls og spenning i Liseberg, og late dager p\u00e5 stranda for de som \u00f8nsker det. Vi kommer til \u00e5 v\u00e6re en dag i Liseberg (\u00c5k-passet er inkludert i prisen) og en dag med aktiviteter og rebusl\u00f8p i [&hellip;]<\/p>\n","protected":false},"author":81,"featured_media":1535,"parent":0,"menu_order":0,"comment_status":"closed","ping_status":"closed","template":"","meta":{"_acf_changed":false,"footnotes":""},"class_list":["post-981","page","type-page","status-publish","has-post-thumbnail","hentry"],"acf":[],"yoast_head":"<!-- This site is optimized with the Yoast SEO plugin v25.9 - https:\/\/yoast.com\/wordpress\/plugins\/seo\/ -->\n<title>Uppdrag Paddan 11.-14. august 2022 - Acta Region VeBu<\/title>\n<meta name=\"robots\" content=\"index, follow, max-snippet:-1, max-image-preview:large, max-video-preview:-1\" \/>\n<link rel=\"canonical\" href=\"https:\/\/acta.no\/vebu\/uppdrag-paddan\/\" \/>\n<meta property=\"og:locale\" content=\"nb_NO\" \/>\n<meta property=\"og:type\" content=\"article\" \/>\n<meta property=\"og:title\" content=\"Uppdrag Paddan 11.-14. august 2022 - Acta Region VeBu\" \/>\n<meta property=\"og:description\" content=\"Vil du v\u00e6re med til G\u00f8teborg for \u00e5 dra i Lisebeg og oppleve en storby? Vi kan garantere puls og spenning i Liseberg, og late dager p\u00e5 stranda for de som \u00f8nsker det. Vi kommer til \u00e5 v\u00e6re en dag i Liseberg (\u00c5k-passet er inkludert i prisen) og en dag med aktiviteter og rebusl\u00f8p i [&hellip;]\" \/>\n<meta property=\"og:url\" content=\"https:\/\/acta.no\/vebu\/uppdrag-paddan\/\" \/>\n<meta property=\"og:site_name\" content=\"Acta Region VeBu\" \/>\n<meta property=\"article:modified_time\" content=\"2022-05-21T19:44:56+00:00\" \/>\n<meta property=\"og:image\" content=\"https:\/\/www.normisjon.no\/content\/uploads\/sites\/37\/2022\/05\/Nettside3-scaled.jpg\" \/>\n\t<meta property=\"og:image:width\" content=\"2560\" \/>\n\t<meta property=\"og:image:height\" content=\"1810\" \/>\n\t<meta property=\"og:image:type\" content=\"image\/jpeg\" \/>\n<meta name=\"twitter:card\" content=\"summary_large_image\" \/>\n<meta name=\"twitter:label1\" content=\"Ansl. lesetid\" \/>\n\t<meta name=\"twitter:data1\" content=\"2 minutter\" \/>\n<script type=\"application\/ld+json\" class=\"yoast-schema-graph\">{\"@context\":\"https:\/\/schema.org\",\"@graph\":[{\"@type\":\"WebPage\",\"@id\":\"https:\/\/acta.no\/vebu\/uppdrag-paddan\/\",\"url\":\"https:\/\/acta.no\/vebu\/uppdrag-paddan\/\",\"name\":\"Uppdrag Paddan 11.-14. august 2022 - Acta Region VeBu\",\"isPartOf\":{\"@id\":\"https:\/\/acta.no\/vebu\/#website\"},\"primaryImageOfPage\":{\"@id\":\"https:\/\/acta.no\/vebu\/uppdrag-paddan\/#primaryimage\"},\"image\":{\"@id\":\"https:\/\/acta.no\/vebu\/uppdrag-paddan\/#primaryimage\"},\"thumbnailUrl\":\"https:\/\/www.normisjon.no\/content\/uploads\/sites\/37\/2022\/05\/Nettside3-scaled.jpg\",\"datePublished\":\"2021-03-25T13:42:53+00:00\",\"dateModified\":\"2022-05-21T19:44:56+00:00\",\"breadcrumb\":{\"@id\":\"https:\/\/acta.no\/vebu\/uppdrag-paddan\/#breadcrumb\"},\"inLanguage\":\"nb-NO\",\"potentialAction\":[{\"@type\":\"ReadAction\",\"target\":[\"https:\/\/acta.no\/vebu\/uppdrag-paddan\/\"]}]},{\"@type\":\"ImageObject\",\"inLanguage\":\"nb-NO\",\"@id\":\"https:\/\/acta.no\/vebu\/uppdrag-paddan\/#primaryimage\",\"url\":\"https:\/\/www.normisjon.no\/content\/uploads\/sites\/37\/2022\/05\/Nettside3-scaled.jpg\",\"contentUrl\":\"https:\/\/www.normisjon.no\/content\/uploads\/sites\/37\/2022\/05\/Nettside3-scaled.jpg\",\"width\":2560,\"height\":1810},{\"@type\":\"BreadcrumbList\",\"@id\":\"https:\/\/acta.no\/vebu\/uppdrag-paddan\/#breadcrumb\",\"itemListElement\":[{\"@type\":\"ListItem\",\"position\":1,\"name\":\"Til acta.no\",\"item\":\"https:\/\/acta.no\/\"},{\"@type\":\"ListItem\",\"position\":2,\"name\":\"Region VeBu\",\"item\":\"https:\/\/acta.no\/vebu\/\"},{\"@type\":\"ListItem\",\"position\":3,\"name\":\"Uppdrag Paddan 11.-14. august 2022\"}]},{\"@type\":\"WebSite\",\"@id\":\"https:\/\/acta.no\/vebu\/#website\",\"url\":\"https:\/\/acta.no\/vebu\/\",\"name\":\"Acta Region VeBu\",\"description\":\"VeBu\",\"potentialAction\":[{\"@type\":\"SearchAction\",\"target\":{\"@type\":\"EntryPoint\",\"urlTemplate\":\"https:\/\/acta.no\/vebu\/?s={search_term_string}\"},\"query-input\":{\"@type\":\"PropertyValueSpecification\",\"valueRequired\":true,\"valueName\":\"search_term_string\"}}],\"inLanguage\":\"nb-NO\"}]}<\/script>\n<!-- \/ Yoast SEO plugin. -->","yoast_head_json":{"title":"Uppdrag Paddan 11.-14. august 2022 - Acta Region VeBu","robots":{"index":"index","follow":"follow","max-snippet":"max-snippet:-1","max-image-preview":"max-image-preview:large","max-video-preview":"max-video-preview:-1"},"canonical":"https:\/\/acta.no\/vebu\/uppdrag-paddan\/","og_locale":"nb_NO","og_type":"article","og_title":"Uppdrag Paddan 11.-14. august 2022 - Acta Region VeBu","og_description":"Vil du v\u00e6re med til G\u00f8teborg for \u00e5 dra i Lisebeg og oppleve en storby? Vi kan garantere puls og spenning i Liseberg, og late dager p\u00e5 stranda for de som \u00f8nsker det. Vi kommer til \u00e5 v\u00e6re en dag i Liseberg (\u00c5k-passet er inkludert i prisen) og en dag med aktiviteter og rebusl\u00f8p i [&hellip;]","og_url":"https:\/\/acta.no\/vebu\/uppdrag-paddan\/","og_site_name":"Acta Region VeBu","article_modified_time":"2022-05-21T19:44:56+00:00","og_image":[{"width":2560,"height":1810,"url":"https:\/\/www.normisjon.no\/content\/uploads\/sites\/37\/2022\/05\/Nettside3-scaled.jpg","type":"image\/jpeg"}],"twitter_card":"summary_large_image","twitter_misc":{"Ansl. lesetid":"2 minutter"},"schema":{"@context":"https:\/\/schema.org","@graph":[{"@type":"WebPage","@id":"https:\/\/acta.no\/vebu\/uppdrag-paddan\/","url":"https:\/\/acta.no\/vebu\/uppdrag-paddan\/","name":"Uppdrag Paddan 11.-14. august 2022 - Acta Region VeBu","isPartOf":{"@id":"https:\/\/acta.no\/vebu\/#website"},"primaryImageOfPage":{"@id":"https:\/\/acta.no\/vebu\/uppdrag-paddan\/#primaryimage"},"image":{"@id":"https:\/\/acta.no\/vebu\/uppdrag-paddan\/#primaryimage"},"thumbnailUrl":"https:\/\/www.normisjon.no\/content\/uploads\/sites\/37\/2022\/05\/Nettside3-scaled.jpg","datePublished":"2021-03-25T13:42:53+00:00","dateModified":"2022-05-21T19:44:56+00:00","breadcrumb":{"@id":"https:\/\/acta.no\/vebu\/uppdrag-paddan\/#breadcrumb"},"inLanguage":"nb-NO","potentialAction":[{"@type":"ReadAction","target":["https:\/\/acta.no\/vebu\/uppdrag-paddan\/"]}]},{"@type":"ImageObject","inLanguage":"nb-NO","@id":"https:\/\/acta.no\/vebu\/uppdrag-paddan\/#primaryimage","url":"https:\/\/www.normisjon.no\/content\/uploads\/sites\/37\/2022\/05\/Nettside3-scaled.jpg","contentUrl":"https:\/\/www.normisjon.no\/content\/uploads\/sites\/37\/2022\/05\/Nettside3-scaled.jpg","width":2560,"height":1810},{"@type":"BreadcrumbList","@id":"https:\/\/acta.no\/vebu\/uppdrag-paddan\/#breadcrumb","itemListElement":[{"@type":"ListItem","position":1,"name":"Til acta.no","item":"https:\/\/acta.no\/"},{"@type":"ListItem","position":2,"name":"Region VeBu","item":"https:\/\/acta.no\/vebu\/"},{"@type":"ListItem","position":3,"name":"Uppdrag Paddan 11.-14. august 2022"}]},{"@type":"WebSite","@id":"https:\/\/acta.no\/vebu\/#website","url":"https:\/\/acta.no\/vebu\/","name":"Acta Region VeBu","description":"VeBu","potentialAction":[{"@type":"SearchAction","target":{"@type":"EntryPoint","urlTemplate":"https:\/\/acta.no\/vebu\/?s={search_term_string}"},"query-input":{"@type":"PropertyValueSpecification","valueRequired":true,"valueName":"search_term_string"}}],"inLanguage":"nb-NO"}]}},"_links":{"self":[{"href":"https:\/\/acta.no\/vebu\/wp-json\/wp\/v2\/pages\/981","targetHints":{"allow":["GET"]}}],"collection":[{"href":"https:\/\/acta.no\/vebu\/wp-json\/wp\/v2\/pages"}],"about":[{"href":"https:\/\/acta.no\/vebu\/wp-json\/wp\/v2\/types\/page"}],"author":[{"embeddable":true,"href":"https:\/\/acta.no\/vebu\/wp-json\/wp\/v2\/users\/81"}],"replies":[{"embeddable":true,"href":"https:\/\/acta.no\/vebu\/wp-json\/wp\/v2\/comments?post=981"}],"version-history":[{"count":13,"href":"https:\/\/acta.no\/vebu\/wp-json\/wp\/v2\/pages\/981\/revisions"}],"predecessor-version":[{"id":1716,"href":"https:\/\/acta.no\/vebu\/wp-json\/wp\/v2\/pages\/981\/revisions\/1716"}],"wp:featuredmedia":[{"embeddable":true,"href":"https:\/\/acta.no\/vebu\/wp-json\/wp\/v2\/media\/1535"}],"wp:attachment":[{"href":"https:\/\/acta.no\/vebu\/wp-json\/wp\/v2\/media?parent=981"}],"curies":[{"name":"wp","href":"https:\/\/api.w.org\/{rel}","templated":true}]}}