{"id":833,"date":"2020-10-21T09:51:32","date_gmt":"2020-10-21T09:51:32","guid":{"rendered":"http:\/\/acta.no\/vebu\/?page_id=833"},"modified":"2022-01-06T10:23:34","modified_gmt":"2022-01-06T10:23:34","slug":"lift-acta-vebu-nytt-ledertreningsprogram","status":"publish","type":"page","link":"https:\/\/acta.no\/vebu\/lift-acta-vebu-nytt-ledertreningsprogram\/","title":{"rendered":"LIFT &#8211; Ledertrening Acta VeBu."},"content":{"rendered":"<div id=\"module-0\" class=\"hogan-module hogan-module-image hogan-module-0 hogan-image-size-large\"><div class=\"hogan-module-inner\"><figure class=\"wp-caption size-large\"><img loading=\"lazy\" decoding=\"async\" width=\"873\" height=\"598\" src=\"https:\/\/www.normisjon.no\/content\/uploads\/sites\/37\/2020\/12\/Skjermbilde-2020-12-17-133224-1024x702.png\" class=\"attachment-large size-large\" alt=\"\" srcset=\"https:\/\/www.normisjon.no\/content\/uploads\/sites\/37\/2020\/12\/Skjermbilde-2020-12-17-133224-1024x702.png 1024w, https:\/\/www.normisjon.no\/content\/uploads\/sites\/37\/2020\/12\/Skjermbilde-2020-12-17-133224-300x206.png 300w, https:\/\/www.normisjon.no\/content\/uploads\/sites\/37\/2020\/12\/Skjermbilde-2020-12-17-133224-768x526.png 768w, https:\/\/www.normisjon.no\/content\/uploads\/sites\/37\/2020\/12\/Skjermbilde-2020-12-17-133224-960x658.png 960w, https:\/\/www.normisjon.no\/content\/uploads\/sites\/37\/2020\/12\/Skjermbilde-2020-12-17-133224.png 1043w\" sizes=\"auto, (max-width: 873px) 100vw, 873px\" \/><\/figure><\/div><\/div><div id=\"module-1\" class=\"hogan-module hogan-module-text hogan-module-1\"><div class=\"hogan-module-inner\"><p><strong>Regionen \u00f8nsker \u00e5 fungere som bidragsyter inn lokalt i menighetene ved \u00e5 tilby et lederutviklingsopplegg for ungdommer. Opplegget kalles LIFT. <\/strong><\/p>\n<p><strong>LIFT st\u00e5r for:\u00a0<\/strong><\/p>\n<p><strong>Lederspirer \u2013 Identitet- Fellesskap \u2013 Trosutvikling<\/strong><\/p>\n<p><strong>\u00a0<\/strong><\/p>\n<p>Rekkef\u00f8lgen kommer litt pga. av ordspillet, men likevel er det naturlig at ledertreningen st\u00e5r f\u00f8rst da det er dette vi konkret tilbyr ungdom i v\u00e5r region.<\/p>\n<p>Videre er trosutvikling viktig for oss, og dette vil v\u00e6re med \u00e5 prege opplegget. Derfor er \u00abledertrening\u00bb og \u00abtrosutvikling\u00bb ord som st\u00e5r f\u00f8rst og sist i ordspillet, som en slags ramme for det hele.<\/p>\n<p>N\u00e5r ramma er p\u00e5 plass og ungdommene er med i LIFT opplegget, vil de to resterende stikkordene; \u00abidentitet\u00bb og \u00abfellesskap\u00bb komme naturlig.<\/p>\n<p>Som deltaker i et fellesskap utvikles egen identitet. Identitet bygger gode ledere som igjen bygger gode fellesskap.<\/p>\n<p>&nbsp;<\/p>\n<p><strong>LIFT &#8211; programmet utgj\u00f8r til sammen fire utfyllende konsepter. <\/strong><\/p>\n<ul>\n<li><strong>LIFT off<\/strong><\/li>\n<li><strong>LIFT lett<\/strong><\/li>\n<li><strong>LIFT tung<\/strong><\/li>\n<li><strong>LIFT coach<\/strong><\/li>\n<\/ul>\n<p><strong>Her f\u00f8lger en presentasjon av hver av dem:<\/strong><\/p>\n<p><strong>\u00a0<\/strong><\/p>\n<p><strong><u>LIFT off:<\/u><\/strong><\/p>\n<p><strong>Kickoff \u2013 festival en gang i \u00e5ret (weekend). Vi legger vekt p\u00e5 det sosiale, m\u00f8ter, undervisning, aktiviteter og fellesskap.<\/strong><\/p>\n<p><strong>\u00a0\u00a0\u00a0\u00a0\u00a0\u00a0\u00a0 Band \u2013 M\u00f8ter \u2013 Aktiviteter \u2013 Lek \u2013 Moro \u2013 Spikk og Spill.<\/strong><\/p>\n<p><strong>Kickoff blir rekruteringsarena for ungdom til \u00e5 bli med som LIFTere.<\/strong><\/p>\n<p><strong>\u00a0<\/strong><\/p>\n<p><strong><u>LIFT lett.<\/u><\/strong><\/p>\n<p><strong>Tilbud om \u00e5 v\u00e6re med i et ledertreningsprogram &#8211; et to\u00e5rig l\u00f8p.<\/strong><\/p>\n<p><strong>To helger i semesteret. Fire i \u00e5ret. \u00c5tte helger i sin helhet. <\/strong><\/p>\n<p><strong>Helgene arrangeres geografisk rullerende rundt i regionen:<\/strong><\/p>\n<p><strong>Drammen, Kongsberg, Hallingdal og Sandefjord, samt en helg i Grimstad.<\/strong><\/p>\n<p><em>Bli utfordret p\u00e5 det \u00e5 v\u00e6re leder, bli utfordret p\u00e5 det \u00e5 v\u00e6re deg selv, bli utfordret p\u00e5 det \u00e5 v\u00e6re en venn, bli utfordret p\u00e5 det \u00e5 v\u00e6re et Guds barn.<\/em><\/p>\n<p><strong><em>Dette f\u00e5r du:<\/em><\/strong><\/p>\n<ul>\n<li><strong>Bli med som leder og ressurs i egen lokal menighet. <\/strong><\/li>\n<li><strong>Bli med som leder p\u00e5 leir i regionen.<\/strong><\/li>\n<li><strong>Mulighet til \u00e5 samle stjerner inn mot v\u00e5r egen avsluttende \u00abLIFT-vift\u00bb til eksotisk reisem\u00e5l.<\/strong><\/li>\n<li><strong>Tilgang p\u00e5 Lift-coach.<\/strong><\/li>\n<\/ul>\n<p><strong><u>Dette er du med p\u00e5 i fellesskap med gode venner:<\/u><\/strong><\/p>\n<p><strong>Minimum 6 helger av hele LIFT-lett programmet.<\/strong><\/p>\n<p><strong>Deltatt p\u00e5 et gitt antall arrangementer lokalt og regionalt. \u2013 (praksis innen ledertrening)<\/strong><\/p>\n<p><strong>Minimum to leirer i l\u00f8pet av LIFT-lett.<\/strong><\/p>\n<p><strong>Vi avslutter \u00abLIFT lett\u00bb med en spennende reise sammen til et eksotisk reisem\u00e5l:<\/strong><\/p>\n<p><strong>Her skal vi oppleve, erfare, smake, lukte, sv\u00f8mme, surfe, dykke, bli b\u00e5de solbrente og enda mere glad i hverandre! Med dette setter vi et verdig punktum for LIFT lett-l\u00f8pet. <\/strong><\/p>\n<p><strong>\u00a0<\/strong><\/p>\n<p><em>Det \u00e5 v\u00e6re en \u00abLIFTer\u00bb betyr \u00e5 v\u00e6re med i et ledertreningsprogram, i regi av regionen, som g\u00e5r over to \u00e5r. Man starter i \u00abLIFT lett\u00bb, og kan etter to \u00e5r fortsette i \u00abLIFT tung\u00bb om det er \u00f8nskelig.<\/em><\/p>\n<p>&nbsp;<\/p>\n<p><strong><u>LIFT tung:<\/u><\/strong><\/p>\n<p><strong>Som tungvekter i LIFT programmet er du med p\u00e5 et viderekommende l\u00f8p. Her f\u00e5r du mulighet for videre utvikling, med en del fokus p\u00e5 ytremisjon. <\/strong><\/p>\n<p><strong>Tungvekt l\u00f8pet best\u00e5r av to helger fordelt p\u00e5 ett til to \u00e5r, hvor l\u00f8pet avsluttes med en reise til et av Normisjon sine misjonsland og ytremisjonsprosjekt. <\/strong><\/p>\n<p><strong>I tillegg til dette vil du kunne f\u00e5 mulighet til \u00e5 v\u00e6re med som leder p\u00e5 noen av lettvekternes samlinger, samt kunne bli brukt som LIFTcoach for noen av lettvekterne.<\/strong><\/p>\n<p><strong>\u00a0<\/strong><\/p>\n<p><strong>\u00a0<\/strong><\/p>\n<p><strong><u>LIFT Coach:<\/u><\/strong><\/p>\n<p><strong>En lift coach er en som f\u00f8lger LIFTer i lokal menighetssammenheng. <\/strong><\/p>\n<ul>\n<li><strong>Bindeledd mellom LIFTer og lokal menighet, <\/strong><\/li>\n<li><strong>Hjelper LIFTer i posisjon i lokal sammenheng, for \u00e5 kunne b\u00e5de bidra og praktisere ut ifra personlige m\u00e5l.<\/strong><\/li>\n<li><strong>Samtale med LIFTer, (gjerne i grupper om det er flere LIFTere lokalt) om personlige m\u00e5l \u2013 praktiske ting rundt oppgavene, utfordringer og gleder i forbindelse med oppgavene. <\/strong><\/li>\n<li><strong>Registrerer stjerneregnskap for LIFTer p\u00e5 bakgrunn av tjeneste som blir gjort.<\/strong><\/li>\n<\/ul>\n<p>&nbsp;<\/p>\n<p>Eventuelle sp\u00f8rsm\u00e5l kan rettes til:<\/p>\n<p>Stein Joar Myrvang<\/p>\n<p>Actaleder VeBu &#8211;\u00a0 stein.joar.myrvang@normisjon.no<\/p><\/div><\/div>","protected":false},"excerpt":{"rendered":"<p>Regionen \u00f8nsker \u00e5 fungere som bidragsyter inn lokalt i menighetene ved \u00e5 tilby et lederutviklingsopplegg for ungdommer. Opplegget kalles LIFT. LIFT st\u00e5r for:\u00a0 Lederspirer \u2013 Identitet- Fellesskap \u2013 Trosutvikling \u00a0 Rekkef\u00f8lgen kommer litt pga. av ordspillet, men likevel er det naturlig at ledertreningen st\u00e5r f\u00f8rst da det er dette vi konkret tilbyr ungdom i v\u00e5r [&hellip;]<\/p>\n","protected":false},"author":81,"featured_media":850,"parent":0,"menu_order":0,"comment_status":"closed","ping_status":"closed","template":"","meta":{"_acf_changed":false,"footnotes":""},"class_list":["post-833","page","type-page","status-publish","has-post-thumbnail","hentry"],"acf":[],"yoast_head":"<!-- This site is optimized with the Yoast SEO plugin v25.9 - https:\/\/yoast.com\/wordpress\/plugins\/seo\/ -->\n<title>LIFT - Ledertrening Acta VeBu. - Acta Region VeBu<\/title>\n<meta name=\"robots\" content=\"index, follow, max-snippet:-1, max-image-preview:large, max-video-preview:-1\" \/>\n<link rel=\"canonical\" href=\"https:\/\/acta.no\/vebu\/lift-acta-vebu-nytt-ledertreningsprogram\/\" \/>\n<meta property=\"og:locale\" content=\"nb_NO\" \/>\n<meta property=\"og:type\" content=\"article\" \/>\n<meta property=\"og:title\" content=\"LIFT - Ledertrening Acta VeBu. - Acta Region VeBu\" \/>\n<meta property=\"og:description\" content=\"Regionen \u00f8nsker \u00e5 fungere som bidragsyter inn lokalt i menighetene ved \u00e5 tilby et lederutviklingsopplegg for ungdommer. Opplegget kalles LIFT. LIFT st\u00e5r for:\u00a0 Lederspirer \u2013 Identitet- Fellesskap \u2013 Trosutvikling \u00a0 Rekkef\u00f8lgen kommer litt pga. av ordspillet, men likevel er det naturlig at ledertreningen st\u00e5r f\u00f8rst da det er dette vi konkret tilbyr ungdom i v\u00e5r [&hellip;]\" \/>\n<meta property=\"og:url\" content=\"https:\/\/acta.no\/vebu\/lift-acta-vebu-nytt-ledertreningsprogram\/\" \/>\n<meta property=\"og:site_name\" content=\"Acta Region VeBu\" \/>\n<meta property=\"article:modified_time\" content=\"2022-01-06T10:23:34+00:00\" \/>\n<meta property=\"og:image\" content=\"https:\/\/www.normisjon.no\/content\/uploads\/sites\/37\/2020\/12\/Skjermbilde-2020-12-17-133224.png\" \/>\n\t<meta property=\"og:image:width\" content=\"1043\" \/>\n\t<meta property=\"og:image:height\" content=\"715\" \/>\n\t<meta property=\"og:image:type\" content=\"image\/png\" \/>\n<meta name=\"twitter:card\" content=\"summary_large_image\" \/>\n<script type=\"application\/ld+json\" class=\"yoast-schema-graph\">{\"@context\":\"https:\/\/schema.org\",\"@graph\":[{\"@type\":\"WebPage\",\"@id\":\"https:\/\/acta.no\/vebu\/lift-acta-vebu-nytt-ledertreningsprogram\/\",\"url\":\"https:\/\/acta.no\/vebu\/lift-acta-vebu-nytt-ledertreningsprogram\/\",\"name\":\"LIFT - Ledertrening Acta VeBu. - Acta Region VeBu\",\"isPartOf\":{\"@id\":\"https:\/\/acta.no\/vebu\/#website\"},\"primaryImageOfPage\":{\"@id\":\"https:\/\/acta.no\/vebu\/lift-acta-vebu-nytt-ledertreningsprogram\/#primaryimage\"},\"image\":{\"@id\":\"https:\/\/acta.no\/vebu\/lift-acta-vebu-nytt-ledertreningsprogram\/#primaryimage\"},\"thumbnailUrl\":\"https:\/\/www.normisjon.no\/content\/uploads\/sites\/37\/2020\/12\/Skjermbilde-2020-12-17-133224.png\",\"datePublished\":\"2020-10-21T09:51:32+00:00\",\"dateModified\":\"2022-01-06T10:23:34+00:00\",\"breadcrumb\":{\"@id\":\"https:\/\/acta.no\/vebu\/lift-acta-vebu-nytt-ledertreningsprogram\/#breadcrumb\"},\"inLanguage\":\"nb-NO\",\"potentialAction\":[{\"@type\":\"ReadAction\",\"target\":[\"https:\/\/acta.no\/vebu\/lift-acta-vebu-nytt-ledertreningsprogram\/\"]}]},{\"@type\":\"ImageObject\",\"inLanguage\":\"nb-NO\",\"@id\":\"https:\/\/acta.no\/vebu\/lift-acta-vebu-nytt-ledertreningsprogram\/#primaryimage\",\"url\":\"https:\/\/www.normisjon.no\/content\/uploads\/sites\/37\/2020\/12\/Skjermbilde-2020-12-17-133224.png\",\"contentUrl\":\"https:\/\/www.normisjon.no\/content\/uploads\/sites\/37\/2020\/12\/Skjermbilde-2020-12-17-133224.png\",\"width\":1043,\"height\":715},{\"@type\":\"BreadcrumbList\",\"@id\":\"https:\/\/acta.no\/vebu\/lift-acta-vebu-nytt-ledertreningsprogram\/#breadcrumb\",\"itemListElement\":[{\"@type\":\"ListItem\",\"position\":1,\"name\":\"Til acta.no\",\"item\":\"https:\/\/acta.no\/\"},{\"@type\":\"ListItem\",\"position\":2,\"name\":\"Region VeBu\",\"item\":\"https:\/\/acta.no\/vebu\/\"},{\"@type\":\"ListItem\",\"position\":3,\"name\":\"LIFT &#8211; Ledertrening Acta VeBu.\"}]},{\"@type\":\"WebSite\",\"@id\":\"https:\/\/acta.no\/vebu\/#website\",\"url\":\"https:\/\/acta.no\/vebu\/\",\"name\":\"Acta Region VeBu\",\"description\":\"VeBu\",\"potentialAction\":[{\"@type\":\"SearchAction\",\"target\":{\"@type\":\"EntryPoint\",\"urlTemplate\":\"https:\/\/acta.no\/vebu\/?s={search_term_string}\"},\"query-input\":{\"@type\":\"PropertyValueSpecification\",\"valueRequired\":true,\"valueName\":\"search_term_string\"}}],\"inLanguage\":\"nb-NO\"}]}<\/script>\n<!-- \/ Yoast SEO plugin. -->","yoast_head_json":{"title":"LIFT - Ledertrening Acta VeBu. - Acta Region VeBu","robots":{"index":"index","follow":"follow","max-snippet":"max-snippet:-1","max-image-preview":"max-image-preview:large","max-video-preview":"max-video-preview:-1"},"canonical":"https:\/\/acta.no\/vebu\/lift-acta-vebu-nytt-ledertreningsprogram\/","og_locale":"nb_NO","og_type":"article","og_title":"LIFT - Ledertrening Acta VeBu. - Acta Region VeBu","og_description":"Regionen \u00f8nsker \u00e5 fungere som bidragsyter inn lokalt i menighetene ved \u00e5 tilby et lederutviklingsopplegg for ungdommer. Opplegget kalles LIFT. LIFT st\u00e5r for:\u00a0 Lederspirer \u2013 Identitet- Fellesskap \u2013 Trosutvikling \u00a0 Rekkef\u00f8lgen kommer litt pga. av ordspillet, men likevel er det naturlig at ledertreningen st\u00e5r f\u00f8rst da det er dette vi konkret tilbyr ungdom i v\u00e5r [&hellip;]","og_url":"https:\/\/acta.no\/vebu\/lift-acta-vebu-nytt-ledertreningsprogram\/","og_site_name":"Acta Region VeBu","article_modified_time":"2022-01-06T10:23:34+00:00","og_image":[{"width":1043,"height":715,"url":"https:\/\/www.normisjon.no\/content\/uploads\/sites\/37\/2020\/12\/Skjermbilde-2020-12-17-133224.png","type":"image\/png"}],"twitter_card":"summary_large_image","schema":{"@context":"https:\/\/schema.org","@graph":[{"@type":"WebPage","@id":"https:\/\/acta.no\/vebu\/lift-acta-vebu-nytt-ledertreningsprogram\/","url":"https:\/\/acta.no\/vebu\/lift-acta-vebu-nytt-ledertreningsprogram\/","name":"LIFT - Ledertrening Acta VeBu. - Acta Region VeBu","isPartOf":{"@id":"https:\/\/acta.no\/vebu\/#website"},"primaryImageOfPage":{"@id":"https:\/\/acta.no\/vebu\/lift-acta-vebu-nytt-ledertreningsprogram\/#primaryimage"},"image":{"@id":"https:\/\/acta.no\/vebu\/lift-acta-vebu-nytt-ledertreningsprogram\/#primaryimage"},"thumbnailUrl":"https:\/\/www.normisjon.no\/content\/uploads\/sites\/37\/2020\/12\/Skjermbilde-2020-12-17-133224.png","datePublished":"2020-10-21T09:51:32+00:00","dateModified":"2022-01-06T10:23:34+00:00","breadcrumb":{"@id":"https:\/\/acta.no\/vebu\/lift-acta-vebu-nytt-ledertreningsprogram\/#breadcrumb"},"inLanguage":"nb-NO","potentialAction":[{"@type":"ReadAction","target":["https:\/\/acta.no\/vebu\/lift-acta-vebu-nytt-ledertreningsprogram\/"]}]},{"@type":"ImageObject","inLanguage":"nb-NO","@id":"https:\/\/acta.no\/vebu\/lift-acta-vebu-nytt-ledertreningsprogram\/#primaryimage","url":"https:\/\/www.normisjon.no\/content\/uploads\/sites\/37\/2020\/12\/Skjermbilde-2020-12-17-133224.png","contentUrl":"https:\/\/www.normisjon.no\/content\/uploads\/sites\/37\/2020\/12\/Skjermbilde-2020-12-17-133224.png","width":1043,"height":715},{"@type":"BreadcrumbList","@id":"https:\/\/acta.no\/vebu\/lift-acta-vebu-nytt-ledertreningsprogram\/#breadcrumb","itemListElement":[{"@type":"ListItem","position":1,"name":"Til acta.no","item":"https:\/\/acta.no\/"},{"@type":"ListItem","position":2,"name":"Region VeBu","item":"https:\/\/acta.no\/vebu\/"},{"@type":"ListItem","position":3,"name":"LIFT &#8211; Ledertrening Acta VeBu."}]},{"@type":"WebSite","@id":"https:\/\/acta.no\/vebu\/#website","url":"https:\/\/acta.no\/vebu\/","name":"Acta Region VeBu","description":"VeBu","potentialAction":[{"@type":"SearchAction","target":{"@type":"EntryPoint","urlTemplate":"https:\/\/acta.no\/vebu\/?s={search_term_string}"},"query-input":{"@type":"PropertyValueSpecification","valueRequired":true,"valueName":"search_term_string"}}],"inLanguage":"nb-NO"}]}},"_links":{"self":[{"href":"https:\/\/acta.no\/vebu\/wp-json\/wp\/v2\/pages\/833","targetHints":{"allow":["GET"]}}],"collection":[{"href":"https:\/\/acta.no\/vebu\/wp-json\/wp\/v2\/pages"}],"about":[{"href":"https:\/\/acta.no\/vebu\/wp-json\/wp\/v2\/types\/page"}],"author":[{"embeddable":true,"href":"https:\/\/acta.no\/vebu\/wp-json\/wp\/v2\/users\/81"}],"replies":[{"embeddable":true,"href":"https:\/\/acta.no\/vebu\/wp-json\/wp\/v2\/comments?post=833"}],"version-history":[{"count":4,"href":"https:\/\/acta.no\/vebu\/wp-json\/wp\/v2\/pages\/833\/revisions"}],"predecessor-version":[{"id":2391,"href":"https:\/\/acta.no\/vebu\/wp-json\/wp\/v2\/pages\/833\/revisions\/2391"}],"wp:featuredmedia":[{"embeddable":true,"href":"https:\/\/acta.no\/vebu\/wp-json\/wp\/v2\/media\/850"}],"wp:attachment":[{"href":"https:\/\/acta.no\/vebu\/wp-json\/wp\/v2\/media?parent=833"}],"curies":[{"name":"wp","href":"https:\/\/api.w.org\/{rel}","templated":true}]}}