{"id":644,"date":"2020-06-19T07:12:01","date_gmt":"2020-06-19T07:12:01","guid":{"rendered":"http:\/\/acta.no\/vebu\/?page_id=644"},"modified":"2020-07-09T10:14:35","modified_gmt":"2020-07-09T10:14:35","slug":"hemsedal","status":"publish","type":"page","link":"https:\/\/acta.no\/vebu\/hemsedal\/","title":{"rendered":"Ungdomsleir Hemsedal 13. &#8211; 16. august"},"content":{"rendered":"<div id=\"module-0\" class=\"hogan-module hogan-module-image hogan-module-0 hogan-image-size-large\"><div class=\"hogan-module-inner\"><figure class=\"wp-caption size-large\"><img loading=\"lazy\" decoding=\"async\" width=\"873\" height=\"320\" src=\"https:\/\/www.normisjon.no\/content\/uploads\/sites\/37\/2020\/06\/NettsideHemsedal3-1024x375.png\" class=\"attachment-large size-large\" alt=\"\" srcset=\"https:\/\/www.normisjon.no\/content\/uploads\/sites\/37\/2020\/06\/NettsideHemsedal3-1024x375.png 1024w, https:\/\/www.normisjon.no\/content\/uploads\/sites\/37\/2020\/06\/NettsideHemsedal3-300x110.png 300w, https:\/\/www.normisjon.no\/content\/uploads\/sites\/37\/2020\/06\/NettsideHemsedal3-768x281.png 768w, https:\/\/www.normisjon.no\/content\/uploads\/sites\/37\/2020\/06\/NettsideHemsedal3-960x351.png 960w, https:\/\/www.normisjon.no\/content\/uploads\/sites\/37\/2020\/06\/NettsideHemsedal3.png 1200w\" sizes=\"auto, (max-width: 873px) 100vw, 873px\" \/><\/figure><\/div><\/div><div id=\"module-1\" class=\"hogan-module hogan-module-text hogan-module-1\"><div class=\"hogan-module-inner\"><p><strong>Ungdomsleir Hemsedal\u00a0 \u00a0Ferdig m.8 trinn t.o.m. ferdig m.Vg1\u00a0 \u00a013-16. august\u00a0\u00a0\u00a0\u00a0<\/strong><\/p>\n<p>Acta arrangerer leir til Hemsedal! Vi reiser opp med buss og bor p\u00e5 idylliske Hemsedal H\u00f8yfjellsenter. Gled deg til elvesnorkling, flott natur, mye sosialt og kanskje en tur i boblebadet p\u00e5 kvelden!<\/p>\n<p><strong>Pris:<\/strong><\/p>\n<p><strong>1795,- allerede betalt leirklubbmedlemskap. <\/strong><\/p>\n<p><strong>1895,- inkl. leirklubb \u2013 <\/strong><\/p>\n<p><strong>2095,- uten leirklubbmedlemskap<\/strong><\/p>\n<p><em>Vi reiser opp i buss med egen sj\u00e5f\u00f8r. Avreise kl 10 fra Sandefjord torsdag 13. august.<\/em><\/p>\n<p><em>Vi kommer til \u00e5 bo p\u00e5 hyttene ved Hemsedal H\u00f8yfjellsenter, dette er godt utstyrte, flotte hytter, med stue og kj\u00f8kken. Vi handler inn mat, tilbereder og spiser m\u00e5ltidene sammen p\u00e5 hyttene.<\/em><\/p>\n<p><em>Hyttene er utstyrt med dyner og puter. Ta med eget senget\u00f8y.<\/em><\/p>\n<p><em>Programmet kommer til \u00e5 best\u00e5 av ulike aktiviteter og sosiale happenings:<\/em><\/p>\n<ul>\n<li><em>Tur i fjellet<\/em><\/li>\n<li><em>Snorkling i elva.<\/em><\/li>\n<li><em>Spikk og sprell p\u00e5 tunet utenfor H\u00f8yfjell-senteret.<\/em><\/li>\n<li><em>Vi skal oppleve utsikten og friske bad i fjellbekken.<\/em><\/li>\n<li><em>Samlinger med bibelundervisning og underholdning<\/em><\/li>\n<\/ul>\n<p><em>Ankomst Sandefjord s\u00f8ndag 16 august ca. kl. 17.00<\/em><\/p>\n<p><strong>P\u00e5melding <a href=\"https:\/\/acta.profundo.no\/minside\/arrangement\/12020210\">HER<\/a><\/strong><\/p>\n<p><em>Vi forholder oss til smittevern gjennom leiren med fokus p\u00e5 h\u00e5ndvask og god vask av utstyr. Utdypende smittevernstiltak for Acta kan lastes ned p\u00e5 Acta VeBu sine nettsider.<\/em><\/p><\/div><\/div>","protected":false},"excerpt":{"rendered":"<p>Ungdomsleir Hemsedal\u00a0 \u00a0Ferdig m.8 trinn t.o.m. ferdig m.Vg1\u00a0 \u00a013-16. august\u00a0\u00a0\u00a0\u00a0 Acta arrangerer leir til Hemsedal! Vi reiser opp med buss og bor p\u00e5 idylliske Hemsedal H\u00f8yfjellsenter. Gled deg til elvesnorkling, flott natur, mye sosialt og kanskje en tur i boblebadet p\u00e5 kvelden! Pris: 1795,- allerede betalt leirklubbmedlemskap. 1895,- inkl. leirklubb \u2013 2095,- uten leirklubbmedlemskap Vi [&hellip;]<\/p>\n","protected":false},"author":81,"featured_media":54,"parent":0,"menu_order":0,"comment_status":"closed","ping_status":"closed","template":"","meta":{"_acf_changed":false,"footnotes":""},"class_list":["post-644","page","type-page","status-publish","has-post-thumbnail","hentry"],"acf":[],"yoast_head":"<!-- This site is optimized with the Yoast SEO plugin v25.9 - https:\/\/yoast.com\/wordpress\/plugins\/seo\/ -->\n<title>Ungdomsleir Hemsedal 13. - 16. august - Acta Region VeBu<\/title>\n<meta name=\"robots\" content=\"index, follow, max-snippet:-1, max-image-preview:large, max-video-preview:-1\" \/>\n<link rel=\"canonical\" href=\"https:\/\/acta.no\/vebu\/hemsedal\/\" \/>\n<meta property=\"og:locale\" content=\"nb_NO\" \/>\n<meta property=\"og:type\" content=\"article\" \/>\n<meta property=\"og:title\" content=\"Ungdomsleir Hemsedal 13. - 16. august - Acta Region VeBu\" \/>\n<meta property=\"og:description\" content=\"Ungdomsleir Hemsedal\u00a0 \u00a0Ferdig m.8 trinn t.o.m. ferdig m.Vg1\u00a0 \u00a013-16. august\u00a0\u00a0\u00a0\u00a0 Acta arrangerer leir til Hemsedal! Vi reiser opp med buss og bor p\u00e5 idylliske Hemsedal H\u00f8yfjellsenter. Gled deg til elvesnorkling, flott natur, mye sosialt og kanskje en tur i boblebadet p\u00e5 kvelden! Pris: 1795,- allerede betalt leirklubbmedlemskap. 1895,- inkl. leirklubb \u2013 2095,- uten leirklubbmedlemskap Vi [&hellip;]\" \/>\n<meta property=\"og:url\" content=\"https:\/\/acta.no\/vebu\/hemsedal\/\" \/>\n<meta property=\"og:site_name\" content=\"Acta Region VeBu\" \/>\n<meta property=\"article:modified_time\" content=\"2020-07-09T10:14:35+00:00\" \/>\n<meta property=\"og:image\" content=\"https:\/\/www.normisjon.no\/content\/uploads\/sites\/37\/2018\/10\/LQ-SveinTony-sistenytt-22-of-22-769x1024.jpg\" \/>\n\t<meta property=\"og:image:width\" content=\"769\" \/>\n\t<meta property=\"og:image:height\" content=\"1024\" \/>\n\t<meta property=\"og:image:type\" content=\"image\/jpeg\" \/>\n<meta name=\"twitter:card\" content=\"summary_large_image\" \/>\n<script type=\"application\/ld+json\" class=\"yoast-schema-graph\">{\"@context\":\"https:\/\/schema.org\",\"@graph\":[{\"@type\":\"WebPage\",\"@id\":\"https:\/\/acta.no\/vebu\/hemsedal\/\",\"url\":\"https:\/\/acta.no\/vebu\/hemsedal\/\",\"name\":\"Ungdomsleir Hemsedal 13. - 16. august - Acta Region VeBu\",\"isPartOf\":{\"@id\":\"https:\/\/acta.no\/vebu\/#website\"},\"primaryImageOfPage\":{\"@id\":\"https:\/\/acta.no\/vebu\/hemsedal\/#primaryimage\"},\"image\":{\"@id\":\"https:\/\/acta.no\/vebu\/hemsedal\/#primaryimage\"},\"thumbnailUrl\":\"https:\/\/www.normisjon.no\/content\/uploads\/sites\/37\/2018\/10\/LQ-SveinTony-sistenytt-22-of-22.jpg\",\"datePublished\":\"2020-06-19T07:12:01+00:00\",\"dateModified\":\"2020-07-09T10:14:35+00:00\",\"breadcrumb\":{\"@id\":\"https:\/\/acta.no\/vebu\/hemsedal\/#breadcrumb\"},\"inLanguage\":\"nb-NO\",\"potentialAction\":[{\"@type\":\"ReadAction\",\"target\":[\"https:\/\/acta.no\/vebu\/hemsedal\/\"]}]},{\"@type\":\"ImageObject\",\"inLanguage\":\"nb-NO\",\"@id\":\"https:\/\/acta.no\/vebu\/hemsedal\/#primaryimage\",\"url\":\"https:\/\/www.normisjon.no\/content\/uploads\/sites\/37\/2018\/10\/LQ-SveinTony-sistenytt-22-of-22.jpg\",\"contentUrl\":\"https:\/\/www.normisjon.no\/content\/uploads\/sites\/37\/2018\/10\/LQ-SveinTony-sistenytt-22-of-22.jpg\",\"width\":2292,\"height\":3053},{\"@type\":\"BreadcrumbList\",\"@id\":\"https:\/\/acta.no\/vebu\/hemsedal\/#breadcrumb\",\"itemListElement\":[{\"@type\":\"ListItem\",\"position\":1,\"name\":\"Til acta.no\",\"item\":\"https:\/\/acta.no\/\"},{\"@type\":\"ListItem\",\"position\":2,\"name\":\"Region VeBu\",\"item\":\"https:\/\/acta.no\/vebu\/\"},{\"@type\":\"ListItem\",\"position\":3,\"name\":\"Ungdomsleir Hemsedal 13. &#8211; 16. august\"}]},{\"@type\":\"WebSite\",\"@id\":\"https:\/\/acta.no\/vebu\/#website\",\"url\":\"https:\/\/acta.no\/vebu\/\",\"name\":\"Acta Region VeBu\",\"description\":\"VeBu\",\"potentialAction\":[{\"@type\":\"SearchAction\",\"target\":{\"@type\":\"EntryPoint\",\"urlTemplate\":\"https:\/\/acta.no\/vebu\/?s={search_term_string}\"},\"query-input\":{\"@type\":\"PropertyValueSpecification\",\"valueRequired\":true,\"valueName\":\"search_term_string\"}}],\"inLanguage\":\"nb-NO\"}]}<\/script>\n<!-- \/ Yoast SEO plugin. -->","yoast_head_json":{"title":"Ungdomsleir Hemsedal 13. - 16. august - Acta Region VeBu","robots":{"index":"index","follow":"follow","max-snippet":"max-snippet:-1","max-image-preview":"max-image-preview:large","max-video-preview":"max-video-preview:-1"},"canonical":"https:\/\/acta.no\/vebu\/hemsedal\/","og_locale":"nb_NO","og_type":"article","og_title":"Ungdomsleir Hemsedal 13. - 16. august - Acta Region VeBu","og_description":"Ungdomsleir Hemsedal\u00a0 \u00a0Ferdig m.8 trinn t.o.m. ferdig m.Vg1\u00a0 \u00a013-16. august\u00a0\u00a0\u00a0\u00a0 Acta arrangerer leir til Hemsedal! Vi reiser opp med buss og bor p\u00e5 idylliske Hemsedal H\u00f8yfjellsenter. Gled deg til elvesnorkling, flott natur, mye sosialt og kanskje en tur i boblebadet p\u00e5 kvelden! Pris: 1795,- allerede betalt leirklubbmedlemskap. 1895,- inkl. leirklubb \u2013 2095,- uten leirklubbmedlemskap Vi [&hellip;]","og_url":"https:\/\/acta.no\/vebu\/hemsedal\/","og_site_name":"Acta Region VeBu","article_modified_time":"2020-07-09T10:14:35+00:00","og_image":[{"width":769,"height":1024,"url":"https:\/\/www.normisjon.no\/content\/uploads\/sites\/37\/2018\/10\/LQ-SveinTony-sistenytt-22-of-22-769x1024.jpg","type":"image\/jpeg"}],"twitter_card":"summary_large_image","schema":{"@context":"https:\/\/schema.org","@graph":[{"@type":"WebPage","@id":"https:\/\/acta.no\/vebu\/hemsedal\/","url":"https:\/\/acta.no\/vebu\/hemsedal\/","name":"Ungdomsleir Hemsedal 13. - 16. august - Acta Region VeBu","isPartOf":{"@id":"https:\/\/acta.no\/vebu\/#website"},"primaryImageOfPage":{"@id":"https:\/\/acta.no\/vebu\/hemsedal\/#primaryimage"},"image":{"@id":"https:\/\/acta.no\/vebu\/hemsedal\/#primaryimage"},"thumbnailUrl":"https:\/\/www.normisjon.no\/content\/uploads\/sites\/37\/2018\/10\/LQ-SveinTony-sistenytt-22-of-22.jpg","datePublished":"2020-06-19T07:12:01+00:00","dateModified":"2020-07-09T10:14:35+00:00","breadcrumb":{"@id":"https:\/\/acta.no\/vebu\/hemsedal\/#breadcrumb"},"inLanguage":"nb-NO","potentialAction":[{"@type":"ReadAction","target":["https:\/\/acta.no\/vebu\/hemsedal\/"]}]},{"@type":"ImageObject","inLanguage":"nb-NO","@id":"https:\/\/acta.no\/vebu\/hemsedal\/#primaryimage","url":"https:\/\/www.normisjon.no\/content\/uploads\/sites\/37\/2018\/10\/LQ-SveinTony-sistenytt-22-of-22.jpg","contentUrl":"https:\/\/www.normisjon.no\/content\/uploads\/sites\/37\/2018\/10\/LQ-SveinTony-sistenytt-22-of-22.jpg","width":2292,"height":3053},{"@type":"BreadcrumbList","@id":"https:\/\/acta.no\/vebu\/hemsedal\/#breadcrumb","itemListElement":[{"@type":"ListItem","position":1,"name":"Til acta.no","item":"https:\/\/acta.no\/"},{"@type":"ListItem","position":2,"name":"Region VeBu","item":"https:\/\/acta.no\/vebu\/"},{"@type":"ListItem","position":3,"name":"Ungdomsleir Hemsedal 13. &#8211; 16. august"}]},{"@type":"WebSite","@id":"https:\/\/acta.no\/vebu\/#website","url":"https:\/\/acta.no\/vebu\/","name":"Acta Region VeBu","description":"VeBu","potentialAction":[{"@type":"SearchAction","target":{"@type":"EntryPoint","urlTemplate":"https:\/\/acta.no\/vebu\/?s={search_term_string}"},"query-input":{"@type":"PropertyValueSpecification","valueRequired":true,"valueName":"search_term_string"}}],"inLanguage":"nb-NO"}]}},"_links":{"self":[{"href":"https:\/\/acta.no\/vebu\/wp-json\/wp\/v2\/pages\/644","targetHints":{"allow":["GET"]}}],"collection":[{"href":"https:\/\/acta.no\/vebu\/wp-json\/wp\/v2\/pages"}],"about":[{"href":"https:\/\/acta.no\/vebu\/wp-json\/wp\/v2\/types\/page"}],"author":[{"embeddable":true,"href":"https:\/\/acta.no\/vebu\/wp-json\/wp\/v2\/users\/81"}],"replies":[{"embeddable":true,"href":"https:\/\/acta.no\/vebu\/wp-json\/wp\/v2\/comments?post=644"}],"version-history":[{"count":3,"href":"https:\/\/acta.no\/vebu\/wp-json\/wp\/v2\/pages\/644\/revisions"}],"predecessor-version":[{"id":831,"href":"https:\/\/acta.no\/vebu\/wp-json\/wp\/v2\/pages\/644\/revisions\/831"}],"wp:featuredmedia":[{"embeddable":true,"href":"https:\/\/acta.no\/vebu\/wp-json\/wp\/v2\/media\/54"}],"wp:attachment":[{"href":"https:\/\/acta.no\/vebu\/wp-json\/wp\/v2\/media?parent=644"}],"curies":[{"name":"wp","href":"https:\/\/api.w.org\/{rel}","templated":true}]}}