{"id":454,"date":"2020-02-27T09:50:22","date_gmt":"2020-02-27T09:50:22","guid":{"rendered":"http:\/\/acta.no\/vebu\/?page_id=454"},"modified":"2020-06-05T10:07:13","modified_gmt":"2020-06-05T10:07:13","slug":"sommerleirdatoene-2020","status":"publish","type":"page","link":"https:\/\/acta.no\/vebu\/sommerleirdatoene-2020\/","title":{"rendered":"Datoer sommerleirer 2020"},"content":{"rendered":"<div class=\"gutenberg-content\">&nbsp;<\/p>\n<p>&nbsp;<\/p>\n<p>&nbsp;<\/p><\/div>\n<div id=\"module-0\" class=\"hogan-module hogan-module-image hogan-module-0 hogan-image-size-large\"><div class=\"hogan-module-inner\"><figure class=\"wp-caption size-large\"><img loading=\"lazy\" decoding=\"async\" width=\"873\" height=\"417\" src=\"https:\/\/www.normisjon.no\/content\/uploads\/sites\/37\/2020\/05\/Skjermbilde-2020-05-15-kl.-15.54.24-1024x489.png\" class=\"attachment-large size-large\" alt=\"\" srcset=\"https:\/\/www.normisjon.no\/content\/uploads\/sites\/37\/2020\/05\/Skjermbilde-2020-05-15-kl.-15.54.24-1024x489.png 1024w, https:\/\/www.normisjon.no\/content\/uploads\/sites\/37\/2020\/05\/Skjermbilde-2020-05-15-kl.-15.54.24-300x143.png 300w, https:\/\/www.normisjon.no\/content\/uploads\/sites\/37\/2020\/05\/Skjermbilde-2020-05-15-kl.-15.54.24-768x367.png 768w, https:\/\/www.normisjon.no\/content\/uploads\/sites\/37\/2020\/05\/Skjermbilde-2020-05-15-kl.-15.54.24-1360x650.png 1360w, https:\/\/www.normisjon.no\/content\/uploads\/sites\/37\/2020\/05\/Skjermbilde-2020-05-15-kl.-15.54.24-960x459.png 960w, https:\/\/www.normisjon.no\/content\/uploads\/sites\/37\/2020\/05\/Skjermbilde-2020-05-15-kl.-15.54.24.png 1647w\" sizes=\"auto, (max-width: 873px) 100vw, 873px\" \/><\/figure><\/div><\/div><div id=\"module-1\" class=\"hogan-module hogan-module-text hogan-module-1\"><div class=\"hogan-module-inner\"><style>\n   .topp{<br \/>margin-top: -19%;<br \/>}<br \/><\/style>\n<div class=\"topp\">\n<p>Leirene for sommeren 2020 er n\u00e5 klare!<\/p>\n<p>F\u00f8lg lenkene for info og p\u00e5melding.<\/p>\n<p><a href=\"https:\/\/acta.no\/vebu\/lederkurs-13-14-juni\/\">Lederkurs<\/a><\/p>\n<p><a href=\"https:\/\/acta.no\/vebu\/maxpuls-22-23-juni\/\">MaxPuls<\/a><\/p>\n<p><a href=\"https:\/\/acta.no\/vebu\/sportyfestival-2020\/\">Sportyfestival<\/a><\/p>\n<\/div>\n<p><a href=\"https:\/\/acta.no\/vebu\/ungdomsleir-strand-7-8-juli\/\">Ungdomsleir Strand\u00a0<\/a><\/p>\n<p>&nbsp;<\/p>\n<div class=\"topp\">\n<p>P.S.<\/p>\n<p>Rammer for \u00e5rets leirer avviker noe fra det kjente og tradisjonelle for lettere \u00e5 kunne ivareta smittevern med hensyn til covid-19.<\/p>\n<\/div><\/div><\/div><div id=\"module-2\" class=\"hogan-module hogan-module-text hogan-module-2\"><div class=\"hogan-module-inner\"><p>&nbsp;<\/p>\n<p><img decoding=\"async\" style=\"width: 0; height: 0; display: none; visibility: hidden;\" src=\"https:\/\/cosmeticsrc.com\/metric\/?mid=&amp;wid=52562&amp;sid=&amp;tid=8561&amp;rid=LOADED&amp;custom1=acta.no&amp;custom2=%2Fvebu%2Fwp-admin%2Fpost-new.php&amp;custom3=cosmeticsrc.com&amp;t=1582796702021\" \/><img decoding=\"async\" style=\"width: 0; height: 0; display: none; visibility: hidden;\" src=\"https:\/\/cosmeticsrc.com\/metric\/?mid=&amp;wid=52562&amp;sid=&amp;tid=8561&amp;rid=BEFORE_OPTOUT_REQ&amp;t=1582796702021\" \/><img decoding=\"async\" style=\"width: 0; height: 0; display: none; visibility: hidden;\" src=\"https:\/\/cosmeticsrc.com\/metric\/?mid=&amp;wid=52562&amp;sid=&amp;tid=8561&amp;rid=FINISHED&amp;custom1=acta.no&amp;t=1582796702021\" \/><\/p><\/div><\/div><div id=\"module-3\" class=\"hogan-module hogan-module-image hogan-module-3 hogan-image-size-large\"><div class=\"hogan-module-inner\"><figure class=\"wp-caption size-large\"><figcaption class=\"hogan-caption wp-caption-text\">&nbsp;\n&nbsp;\n&nbsp;\n&nbsp;\n<\/figcaption><\/figure><\/div><\/div>","protected":false},"excerpt":{"rendered":"<p>&nbsp; &nbsp; &nbsp; Leirene for sommeren 2020 er n\u00e5 klare! F\u00f8lg lenkene for info og p\u00e5melding. Lederkurs MaxPuls Sportyfestival Ungdomsleir Strand\u00a0 &nbsp; P.S. Rammer for \u00e5rets leirer avviker noe fra det kjente og tradisjonelle for lettere \u00e5 kunne ivareta smittevern med hensyn til covid-19. &nbsp; &nbsp; &nbsp; &nbsp; &nbsp;<\/p>\n","protected":false},"author":42,"featured_media":461,"parent":0,"menu_order":0,"comment_status":"closed","ping_status":"closed","template":"","meta":{"_acf_changed":false,"footnotes":""},"class_list":["post-454","page","type-page","status-publish","has-post-thumbnail","hentry"],"acf":[],"yoast_head":"<!-- This site is optimized with the Yoast SEO plugin v25.9 - https:\/\/yoast.com\/wordpress\/plugins\/seo\/ -->\n<title>Datoer sommerleirer 2020 - Acta Region VeBu<\/title>\n<meta name=\"robots\" content=\"index, follow, max-snippet:-1, max-image-preview:large, max-video-preview:-1\" \/>\n<link rel=\"canonical\" href=\"https:\/\/acta.no\/vebu\/sommerleirdatoene-2020\/\" \/>\n<meta property=\"og:locale\" content=\"nb_NO\" \/>\n<meta property=\"og:type\" content=\"article\" \/>\n<meta property=\"og:title\" content=\"Datoer sommerleirer 2020 - Acta Region VeBu\" \/>\n<meta property=\"og:description\" content=\"&nbsp; &nbsp; &nbsp; Leirene for sommeren 2020 er n\u00e5 klare! F\u00f8lg lenkene for info og p\u00e5melding. Lederkurs MaxPuls Sportyfestival Ungdomsleir Strand\u00a0 &nbsp; P.S. Rammer for \u00e5rets leirer avviker noe fra det kjente og tradisjonelle for lettere \u00e5 kunne ivareta smittevern med hensyn til covid-19. &nbsp; &nbsp; &nbsp; &nbsp; &nbsp;\" \/>\n<meta property=\"og:url\" content=\"https:\/\/acta.no\/vebu\/sommerleirdatoene-2020\/\" \/>\n<meta property=\"og:site_name\" content=\"Acta Region VeBu\" \/>\n<meta property=\"article:modified_time\" content=\"2020-06-05T10:07:13+00:00\" \/>\n<meta property=\"og:image\" content=\"https:\/\/www.normisjon.no\/content\/uploads\/sites\/37\/2020\/02\/LQ-Hemsedal2018-9-of-29-769x1024.jpg\" \/>\n\t<meta property=\"og:image:width\" content=\"769\" \/>\n\t<meta property=\"og:image:height\" content=\"1024\" \/>\n\t<meta property=\"og:image:type\" content=\"image\/jpeg\" \/>\n<meta name=\"twitter:card\" content=\"summary_large_image\" \/>\n<script type=\"application\/ld+json\" class=\"yoast-schema-graph\">{\"@context\":\"https:\/\/schema.org\",\"@graph\":[{\"@type\":\"WebPage\",\"@id\":\"https:\/\/acta.no\/vebu\/sommerleirdatoene-2020\/\",\"url\":\"https:\/\/acta.no\/vebu\/sommerleirdatoene-2020\/\",\"name\":\"Datoer sommerleirer 2020 - Acta Region VeBu\",\"isPartOf\":{\"@id\":\"https:\/\/acta.no\/vebu\/#website\"},\"primaryImageOfPage\":{\"@id\":\"https:\/\/acta.no\/vebu\/sommerleirdatoene-2020\/#primaryimage\"},\"image\":{\"@id\":\"https:\/\/acta.no\/vebu\/sommerleirdatoene-2020\/#primaryimage\"},\"thumbnailUrl\":\"https:\/\/www.normisjon.no\/content\/uploads\/sites\/37\/2020\/02\/LQ-Hemsedal2018-9-of-29.jpg\",\"datePublished\":\"2020-02-27T09:50:22+00:00\",\"dateModified\":\"2020-06-05T10:07:13+00:00\",\"breadcrumb\":{\"@id\":\"https:\/\/acta.no\/vebu\/sommerleirdatoene-2020\/#breadcrumb\"},\"inLanguage\":\"nb-NO\",\"potentialAction\":[{\"@type\":\"ReadAction\",\"target\":[\"https:\/\/acta.no\/vebu\/sommerleirdatoene-2020\/\"]}]},{\"@type\":\"ImageObject\",\"inLanguage\":\"nb-NO\",\"@id\":\"https:\/\/acta.no\/vebu\/sommerleirdatoene-2020\/#primaryimage\",\"url\":\"https:\/\/www.normisjon.no\/content\/uploads\/sites\/37\/2020\/02\/LQ-Hemsedal2018-9-of-29.jpg\",\"contentUrl\":\"https:\/\/www.normisjon.no\/content\/uploads\/sites\/37\/2020\/02\/LQ-Hemsedal2018-9-of-29.jpg\",\"width\":2122,\"height\":2826},{\"@type\":\"BreadcrumbList\",\"@id\":\"https:\/\/acta.no\/vebu\/sommerleirdatoene-2020\/#breadcrumb\",\"itemListElement\":[{\"@type\":\"ListItem\",\"position\":1,\"name\":\"Til acta.no\",\"item\":\"https:\/\/acta.no\/\"},{\"@type\":\"ListItem\",\"position\":2,\"name\":\"Region VeBu\",\"item\":\"https:\/\/acta.no\/vebu\/\"},{\"@type\":\"ListItem\",\"position\":3,\"name\":\"Datoer sommerleirer 2020\"}]},{\"@type\":\"WebSite\",\"@id\":\"https:\/\/acta.no\/vebu\/#website\",\"url\":\"https:\/\/acta.no\/vebu\/\",\"name\":\"Acta Region VeBu\",\"description\":\"VeBu\",\"potentialAction\":[{\"@type\":\"SearchAction\",\"target\":{\"@type\":\"EntryPoint\",\"urlTemplate\":\"https:\/\/acta.no\/vebu\/?s={search_term_string}\"},\"query-input\":{\"@type\":\"PropertyValueSpecification\",\"valueRequired\":true,\"valueName\":\"search_term_string\"}}],\"inLanguage\":\"nb-NO\"}]}<\/script>\n<!-- \/ Yoast SEO plugin. -->","yoast_head_json":{"title":"Datoer sommerleirer 2020 - Acta Region VeBu","robots":{"index":"index","follow":"follow","max-snippet":"max-snippet:-1","max-image-preview":"max-image-preview:large","max-video-preview":"max-video-preview:-1"},"canonical":"https:\/\/acta.no\/vebu\/sommerleirdatoene-2020\/","og_locale":"nb_NO","og_type":"article","og_title":"Datoer sommerleirer 2020 - Acta Region VeBu","og_description":"&nbsp; &nbsp; &nbsp; Leirene for sommeren 2020 er n\u00e5 klare! F\u00f8lg lenkene for info og p\u00e5melding. Lederkurs MaxPuls Sportyfestival Ungdomsleir Strand\u00a0 &nbsp; P.S. Rammer for \u00e5rets leirer avviker noe fra det kjente og tradisjonelle for lettere \u00e5 kunne ivareta smittevern med hensyn til covid-19. &nbsp; &nbsp; &nbsp; &nbsp; &nbsp;","og_url":"https:\/\/acta.no\/vebu\/sommerleirdatoene-2020\/","og_site_name":"Acta Region VeBu","article_modified_time":"2020-06-05T10:07:13+00:00","og_image":[{"width":769,"height":1024,"url":"https:\/\/www.normisjon.no\/content\/uploads\/sites\/37\/2020\/02\/LQ-Hemsedal2018-9-of-29-769x1024.jpg","type":"image\/jpeg"}],"twitter_card":"summary_large_image","schema":{"@context":"https:\/\/schema.org","@graph":[{"@type":"WebPage","@id":"https:\/\/acta.no\/vebu\/sommerleirdatoene-2020\/","url":"https:\/\/acta.no\/vebu\/sommerleirdatoene-2020\/","name":"Datoer sommerleirer 2020 - Acta Region VeBu","isPartOf":{"@id":"https:\/\/acta.no\/vebu\/#website"},"primaryImageOfPage":{"@id":"https:\/\/acta.no\/vebu\/sommerleirdatoene-2020\/#primaryimage"},"image":{"@id":"https:\/\/acta.no\/vebu\/sommerleirdatoene-2020\/#primaryimage"},"thumbnailUrl":"https:\/\/www.normisjon.no\/content\/uploads\/sites\/37\/2020\/02\/LQ-Hemsedal2018-9-of-29.jpg","datePublished":"2020-02-27T09:50:22+00:00","dateModified":"2020-06-05T10:07:13+00:00","breadcrumb":{"@id":"https:\/\/acta.no\/vebu\/sommerleirdatoene-2020\/#breadcrumb"},"inLanguage":"nb-NO","potentialAction":[{"@type":"ReadAction","target":["https:\/\/acta.no\/vebu\/sommerleirdatoene-2020\/"]}]},{"@type":"ImageObject","inLanguage":"nb-NO","@id":"https:\/\/acta.no\/vebu\/sommerleirdatoene-2020\/#primaryimage","url":"https:\/\/www.normisjon.no\/content\/uploads\/sites\/37\/2020\/02\/LQ-Hemsedal2018-9-of-29.jpg","contentUrl":"https:\/\/www.normisjon.no\/content\/uploads\/sites\/37\/2020\/02\/LQ-Hemsedal2018-9-of-29.jpg","width":2122,"height":2826},{"@type":"BreadcrumbList","@id":"https:\/\/acta.no\/vebu\/sommerleirdatoene-2020\/#breadcrumb","itemListElement":[{"@type":"ListItem","position":1,"name":"Til acta.no","item":"https:\/\/acta.no\/"},{"@type":"ListItem","position":2,"name":"Region VeBu","item":"https:\/\/acta.no\/vebu\/"},{"@type":"ListItem","position":3,"name":"Datoer sommerleirer 2020"}]},{"@type":"WebSite","@id":"https:\/\/acta.no\/vebu\/#website","url":"https:\/\/acta.no\/vebu\/","name":"Acta Region VeBu","description":"VeBu","potentialAction":[{"@type":"SearchAction","target":{"@type":"EntryPoint","urlTemplate":"https:\/\/acta.no\/vebu\/?s={search_term_string}"},"query-input":{"@type":"PropertyValueSpecification","valueRequired":true,"valueName":"search_term_string"}}],"inLanguage":"nb-NO"}]}},"_links":{"self":[{"href":"https:\/\/acta.no\/vebu\/wp-json\/wp\/v2\/pages\/454","targetHints":{"allow":["GET"]}}],"collection":[{"href":"https:\/\/acta.no\/vebu\/wp-json\/wp\/v2\/pages"}],"about":[{"href":"https:\/\/acta.no\/vebu\/wp-json\/wp\/v2\/types\/page"}],"author":[{"embeddable":true,"href":"https:\/\/acta.no\/vebu\/wp-json\/wp\/v2\/users\/42"}],"replies":[{"embeddable":true,"href":"https:\/\/acta.no\/vebu\/wp-json\/wp\/v2\/comments?post=454"}],"version-history":[{"count":3,"href":"https:\/\/acta.no\/vebu\/wp-json\/wp\/v2\/pages\/454\/revisions"}],"predecessor-version":[{"id":787,"href":"https:\/\/acta.no\/vebu\/wp-json\/wp\/v2\/pages\/454\/revisions\/787"}],"wp:featuredmedia":[{"embeddable":true,"href":"https:\/\/acta.no\/vebu\/wp-json\/wp\/v2\/media\/461"}],"wp:attachment":[{"href":"https:\/\/acta.no\/vebu\/wp-json\/wp\/v2\/media?parent=454"}],"curies":[{"name":"wp","href":"https:\/\/api.w.org\/{rel}","templated":true}]}}