{"id":2894,"date":"2026-03-06T11:47:17","date_gmt":"2026-03-06T11:47:17","guid":{"rendered":"https:\/\/acta.no\/vebu\/?page_id=2894"},"modified":"2026-03-10T10:36:48","modified_gmt":"2026-03-10T10:36:48","slug":"voksne-pa-leir","status":"publish","type":"page","link":"https:\/\/acta.no\/vebu\/voksne-pa-leir\/","title":{"rendered":"Vi \u00f8nsker oss flere voksne p\u00e5 leir!"},"content":{"rendered":"<div class=\"gutenberg-content\">\n<figure class=\"wp-block-image size-large\"><img loading=\"lazy\" decoding=\"async\" width=\"1024\" height=\"285\" src=\"https:\/\/www.normisjon.no\/content\/uploads\/sites\/37\/2026\/03\/Sporty-nettside-nyhetsmail--1024x285.jpg\" alt=\"\" class=\"wp-image-2850\" srcset=\"https:\/\/www.normisjon.no\/content\/uploads\/sites\/37\/2026\/03\/Sporty-nettside-nyhetsmail--1024x285.jpg 1024w, https:\/\/www.normisjon.no\/content\/uploads\/sites\/37\/2026\/03\/Sporty-nettside-nyhetsmail--300x83.jpg 300w, https:\/\/www.normisjon.no\/content\/uploads\/sites\/37\/2026\/03\/Sporty-nettside-nyhetsmail--768x214.jpg 768w, https:\/\/www.normisjon.no\/content\/uploads\/sites\/37\/2026\/03\/Sporty-nettside-nyhetsmail--1536x427.jpg 1536w, https:\/\/www.normisjon.no\/content\/uploads\/sites\/37\/2026\/03\/Sporty-nettside-nyhetsmail--2048x570.jpg 2048w, https:\/\/www.normisjon.no\/content\/uploads\/sites\/37\/2026\/03\/Sporty-nettside-nyhetsmail--1920x534.jpg 1920w, https:\/\/www.normisjon.no\/content\/uploads\/sites\/37\/2026\/03\/Sporty-nettside-nyhetsmail--1360x378.jpg 1360w, https:\/\/www.normisjon.no\/content\/uploads\/sites\/37\/2026\/03\/Sporty-nettside-nyhetsmail--960x267.jpg 960w\" sizes=\"auto, (max-width: 1024px) 100vw, 1024px\" \/><\/figure>\n\n\n\n<p>Vi er takknemlige for de mange dyktige ungdomslederne og voksne som allerede bidrar p\u00e5 leirene v\u00e5re. Samtidig har vi behov for flere trygge og st\u00f8dige voksne som kan v\u00e6re til stede under leirene.<\/p>\n\n\n\n<p>Kanskje du:<\/p>\n\n\n\n<ul class=\"wp-block-list\">\n<li>Kunne tenke deg \u00e5 bidra som voksenleder?<\/li>\n\n\n\n<li>Har lyst til \u00e5 v\u00e6re en del av et positivt og meningsfullt fellesskap noen dager i l\u00f8pet av sommeren?<\/li>\n\n\n\n<li>\u00d8nsker \u00e5 v\u00e6re med som st\u00f8tte for eget barn?<\/li>\n<\/ul>\n\n\n\n<p>Som voksenleder handler oppgavene f\u00f8rst og fremst om \u00e5:<\/p>\n\n\n\n<ul class=\"wp-block-list\">\n<li>V\u00e6re til stede i milj\u00f8et som en trygg voksen.<\/li>\n\n\n\n<li>V\u00e6re tilgjengelig for samtaler og st\u00f8tte.<\/li>\n\n\n\n<li>Bidra til ro og trygghet i gangene ved leggetid.<\/li>\n\n\n\n<li>Delta i og st\u00f8tte opp om aktiviteter ved behov.<\/li>\n<\/ul>\n\n\n\n<p>Det er ofte sv\u00e6rt god stemning p\u00e5 leirene v\u00e5re, og mange opplever det som b\u00e5de givende og inspirerende \u00e5 v\u00e6re med.<\/p>\n\n\n\n<p>For \u00e5 delta som voksenleder m\u00e5 man fremvise politiattest.<\/p>\n\n\n\n<p>Det vil ogs\u00e5 v\u00e6re en mindre egenandel for kost og losji.<\/p>\n\n\n\n<div class=\"wp-block-columns is-layout-flex wp-container-core-columns-is-layout-9d6595d7 wp-block-columns-is-layout-flex\">\n<div class=\"wp-block-column is-layout-flow wp-block-column-is-layout-flow\">\n<figure class=\"wp-block-image size-large\"><img loading=\"lazy\" decoding=\"async\" width=\"1024\" height=\"585\" src=\"https:\/\/www.normisjon.no\/content\/uploads\/sites\/37\/2026\/02\/Sporty-color-2026-crop-1024x585.jpg\" alt=\"\" class=\"wp-image-2811\" srcset=\"https:\/\/www.normisjon.no\/content\/uploads\/sites\/37\/2026\/02\/Sporty-color-2026-crop-1024x585.jpg 1024w, https:\/\/www.normisjon.no\/content\/uploads\/sites\/37\/2026\/02\/Sporty-color-2026-crop-300x171.jpg 300w, https:\/\/www.normisjon.no\/content\/uploads\/sites\/37\/2026\/02\/Sporty-color-2026-crop-768x439.jpg 768w, https:\/\/www.normisjon.no\/content\/uploads\/sites\/37\/2026\/02\/Sporty-color-2026-crop-1536x877.jpg 1536w, https:\/\/www.normisjon.no\/content\/uploads\/sites\/37\/2026\/02\/Sporty-color-2026-crop-2048x1169.jpg 2048w, https:\/\/www.normisjon.no\/content\/uploads\/sites\/37\/2026\/02\/Sporty-color-2026-crop-1920x1096.jpg 1920w, https:\/\/www.normisjon.no\/content\/uploads\/sites\/37\/2026\/02\/Sporty-color-2026-crop-1360x777.jpg 1360w, https:\/\/www.normisjon.no\/content\/uploads\/sites\/37\/2026\/02\/Sporty-color-2026-crop-960x548.jpg 960w\" sizes=\"auto, (max-width: 1024px) 100vw, 1024px\" \/><\/figure>\n<\/div>\n\n\n\n<div class=\"wp-block-column is-layout-flow wp-block-column-is-layout-flow\">\n<figure class=\"wp-block-image size-large\"><img loading=\"lazy\" decoding=\"async\" width=\"1024\" height=\"456\" src=\"https:\/\/www.normisjon.no\/content\/uploads\/sites\/37\/2026\/02\/Sportyfestival-bading-crop-1024x456.jpg\" alt=\"\" class=\"wp-image-2810\" srcset=\"https:\/\/www.normisjon.no\/content\/uploads\/sites\/37\/2026\/02\/Sportyfestival-bading-crop-1024x456.jpg 1024w, https:\/\/www.normisjon.no\/content\/uploads\/sites\/37\/2026\/02\/Sportyfestival-bading-crop-300x134.jpg 300w, https:\/\/www.normisjon.no\/content\/uploads\/sites\/37\/2026\/02\/Sportyfestival-bading-crop-768x342.jpg 768w, https:\/\/www.normisjon.no\/content\/uploads\/sites\/37\/2026\/02\/Sportyfestival-bading-crop-1536x684.jpg 1536w, https:\/\/www.normisjon.no\/content\/uploads\/sites\/37\/2026\/02\/Sportyfestival-bading-crop-2048x912.jpg 2048w, https:\/\/www.normisjon.no\/content\/uploads\/sites\/37\/2026\/02\/Sportyfestival-bading-crop-1920x855.jpg 1920w, https:\/\/www.normisjon.no\/content\/uploads\/sites\/37\/2026\/02\/Sportyfestival-bading-crop-1360x606.jpg 1360w, https:\/\/www.normisjon.no\/content\/uploads\/sites\/37\/2026\/02\/Sportyfestival-bading-crop-960x427.jpg 960w\" sizes=\"auto, (max-width: 1024px) 100vw, 1024px\" \/><\/figure>\n<\/div>\n\n\n\n<div class=\"wp-block-column is-layout-flow wp-block-column-is-layout-flow\">\n<figure class=\"wp-block-image size-large\"><img loading=\"lazy\" decoding=\"async\" width=\"1024\" height=\"438\" src=\"https:\/\/www.normisjon.no\/content\/uploads\/sites\/37\/2026\/02\/paddan-2026-crop-1024x438.jpeg\" alt=\"\" class=\"wp-image-2824\" srcset=\"https:\/\/www.normisjon.no\/content\/uploads\/sites\/37\/2026\/02\/paddan-2026-crop-1024x438.jpeg 1024w, https:\/\/www.normisjon.no\/content\/uploads\/sites\/37\/2026\/02\/paddan-2026-crop-300x128.jpeg 300w, https:\/\/www.normisjon.no\/content\/uploads\/sites\/37\/2026\/02\/paddan-2026-crop-768x329.jpeg 768w, https:\/\/www.normisjon.no\/content\/uploads\/sites\/37\/2026\/02\/paddan-2026-crop-1536x658.jpeg 1536w, https:\/\/www.normisjon.no\/content\/uploads\/sites\/37\/2026\/02\/paddan-2026-crop-1920x822.jpeg 1920w, https:\/\/www.normisjon.no\/content\/uploads\/sites\/37\/2026\/02\/paddan-2026-crop-1360x582.jpeg 1360w, https:\/\/www.normisjon.no\/content\/uploads\/sites\/37\/2026\/02\/paddan-2026-crop-960x411.jpeg 960w, https:\/\/www.normisjon.no\/content\/uploads\/sites\/37\/2026\/02\/paddan-2026-crop.jpeg 2016w\" sizes=\"auto, (max-width: 1024px) 100vw, 1024px\" \/><\/figure>\n<\/div>\n<\/div>\n\n\n\n<p>Dersom du kunne tenke deg \u00e5 bli med som leder, eller \u00f8nsker \u00e5 bli med ditt eget barn som litt voksen-st\u00f8tte, og med det kan tenke deg \u00e5 v\u00e6re med i ledergruppen, s\u00e5 kan du ta kontakt med Actaleder.<\/p>\n\n\n\n<figure class=\"wp-block-image size-full\"><img loading=\"lazy\" decoding=\"async\" width=\"470\" height=\"230\" src=\"https:\/\/www.normisjon.no\/content\/uploads\/sites\/37\/2026\/03\/Skjermbilde-2024-10-01-133151.png\" alt=\"\" class=\"wp-image-2851\" srcset=\"https:\/\/www.normisjon.no\/content\/uploads\/sites\/37\/2026\/03\/Skjermbilde-2024-10-01-133151.png 470w, https:\/\/www.normisjon.no\/content\/uploads\/sites\/37\/2026\/03\/Skjermbilde-2024-10-01-133151-300x147.png 300w\" sizes=\"auto, (max-width: 470px) 100vw, 470px\" \/><\/figure>\n<\/div>","protected":false},"excerpt":{"rendered":"<p>Vi er takknemlige for de mange dyktige ungdomslederne og voksne som allerede bidrar p\u00e5 leirene v\u00e5re. Samtidig har vi behov for flere trygge og st\u00f8dige voksne som kan v\u00e6re til stede under leirene. Kanskje du: Som voksenleder handler oppgavene f\u00f8rst og fremst om \u00e5: Det er ofte sv\u00e6rt god stemning p\u00e5 leirene v\u00e5re, og mange [&hellip;]<\/p>\n","protected":false},"author":81,"featured_media":2675,"parent":0,"menu_order":0,"comment_status":"closed","ping_status":"closed","template":"","meta":{"_acf_changed":false,"footnotes":""},"class_list":["post-2894","page","type-page","status-publish","has-post-thumbnail","hentry"],"acf":[],"yoast_head":"<!-- This site is optimized with the Yoast SEO plugin v25.9 - https:\/\/yoast.com\/wordpress\/plugins\/seo\/ -->\n<title>Vi \u00f8nsker oss flere voksne p\u00e5 leir! - Acta Region VeBu<\/title>\n<meta name=\"robots\" content=\"index, follow, max-snippet:-1, max-image-preview:large, max-video-preview:-1\" \/>\n<link rel=\"canonical\" href=\"https:\/\/acta.no\/vebu\/voksne-pa-leir\/\" \/>\n<meta property=\"og:locale\" content=\"nb_NO\" \/>\n<meta property=\"og:type\" content=\"article\" \/>\n<meta property=\"og:title\" content=\"Vi \u00f8nsker oss flere voksne p\u00e5 leir! - Acta Region VeBu\" \/>\n<meta property=\"og:description\" content=\"Vi er takknemlige for de mange dyktige ungdomslederne og voksne som allerede bidrar p\u00e5 leirene v\u00e5re. Samtidig har vi behov for flere trygge og st\u00f8dige voksne som kan v\u00e6re til stede under leirene. Kanskje du: Som voksenleder handler oppgavene f\u00f8rst og fremst om \u00e5: Det er ofte sv\u00e6rt god stemning p\u00e5 leirene v\u00e5re, og mange [&hellip;]\" \/>\n<meta property=\"og:url\" content=\"https:\/\/acta.no\/vebu\/voksne-pa-leir\/\" \/>\n<meta property=\"og:site_name\" content=\"Acta Region VeBu\" \/>\n<meta property=\"article:modified_time\" content=\"2026-03-10T10:36:48+00:00\" \/>\n<meta property=\"og:image\" content=\"https:\/\/www.normisjon.no\/content\/uploads\/sites\/37\/2025\/09\/e0bee42f-f3bd-43df-b461-ecb1e7287df7.jpg\" \/>\n\t<meta property=\"og:image:width\" content=\"2048\" \/>\n\t<meta property=\"og:image:height\" content=\"1985\" \/>\n\t<meta property=\"og:image:type\" content=\"image\/jpeg\" \/>\n<meta name=\"twitter:card\" content=\"summary_large_image\" \/>\n<meta name=\"twitter:label1\" content=\"Ansl. lesetid\" \/>\n\t<meta name=\"twitter:data1\" content=\"3 minutter\" \/>\n<script type=\"application\/ld+json\" class=\"yoast-schema-graph\">{\"@context\":\"https:\/\/schema.org\",\"@graph\":[{\"@type\":\"WebPage\",\"@id\":\"https:\/\/acta.no\/vebu\/voksne-pa-leir\/\",\"url\":\"https:\/\/acta.no\/vebu\/voksne-pa-leir\/\",\"name\":\"Vi \u00f8nsker oss flere voksne p\u00e5 leir! - Acta Region VeBu\",\"isPartOf\":{\"@id\":\"https:\/\/acta.no\/vebu\/#website\"},\"primaryImageOfPage\":{\"@id\":\"https:\/\/acta.no\/vebu\/voksne-pa-leir\/#primaryimage\"},\"image\":{\"@id\":\"https:\/\/acta.no\/vebu\/voksne-pa-leir\/#primaryimage\"},\"thumbnailUrl\":\"https:\/\/www.normisjon.no\/content\/uploads\/sites\/37\/2025\/09\/e0bee42f-f3bd-43df-b461-ecb1e7287df7.jpg\",\"datePublished\":\"2026-03-06T11:47:17+00:00\",\"dateModified\":\"2026-03-10T10:36:48+00:00\",\"breadcrumb\":{\"@id\":\"https:\/\/acta.no\/vebu\/voksne-pa-leir\/#breadcrumb\"},\"inLanguage\":\"nb-NO\",\"potentialAction\":[{\"@type\":\"ReadAction\",\"target\":[\"https:\/\/acta.no\/vebu\/voksne-pa-leir\/\"]}]},{\"@type\":\"ImageObject\",\"inLanguage\":\"nb-NO\",\"@id\":\"https:\/\/acta.no\/vebu\/voksne-pa-leir\/#primaryimage\",\"url\":\"https:\/\/www.normisjon.no\/content\/uploads\/sites\/37\/2025\/09\/e0bee42f-f3bd-43df-b461-ecb1e7287df7.jpg\",\"contentUrl\":\"https:\/\/www.normisjon.no\/content\/uploads\/sites\/37\/2025\/09\/e0bee42f-f3bd-43df-b461-ecb1e7287df7.jpg\",\"width\":2048,\"height\":1985},{\"@type\":\"BreadcrumbList\",\"@id\":\"https:\/\/acta.no\/vebu\/voksne-pa-leir\/#breadcrumb\",\"itemListElement\":[{\"@type\":\"ListItem\",\"position\":1,\"name\":\"Til acta.no\",\"item\":\"https:\/\/acta.no\/\"},{\"@type\":\"ListItem\",\"position\":2,\"name\":\"Region VeBu\",\"item\":\"https:\/\/acta.no\/vebu\/\"},{\"@type\":\"ListItem\",\"position\":3,\"name\":\"Vi \u00f8nsker oss flere voksne p\u00e5 leir!\"}]},{\"@type\":\"WebSite\",\"@id\":\"https:\/\/acta.no\/vebu\/#website\",\"url\":\"https:\/\/acta.no\/vebu\/\",\"name\":\"Acta Region VeBu\",\"description\":\"VeBu\",\"potentialAction\":[{\"@type\":\"SearchAction\",\"target\":{\"@type\":\"EntryPoint\",\"urlTemplate\":\"https:\/\/acta.no\/vebu\/?s={search_term_string}\"},\"query-input\":{\"@type\":\"PropertyValueSpecification\",\"valueRequired\":true,\"valueName\":\"search_term_string\"}}],\"inLanguage\":\"nb-NO\"}]}<\/script>\n<!-- \/ Yoast SEO plugin. -->","yoast_head_json":{"title":"Vi \u00f8nsker oss flere voksne p\u00e5 leir! - Acta Region VeBu","robots":{"index":"index","follow":"follow","max-snippet":"max-snippet:-1","max-image-preview":"max-image-preview:large","max-video-preview":"max-video-preview:-1"},"canonical":"https:\/\/acta.no\/vebu\/voksne-pa-leir\/","og_locale":"nb_NO","og_type":"article","og_title":"Vi \u00f8nsker oss flere voksne p\u00e5 leir! - Acta Region VeBu","og_description":"Vi er takknemlige for de mange dyktige ungdomslederne og voksne som allerede bidrar p\u00e5 leirene v\u00e5re. Samtidig har vi behov for flere trygge og st\u00f8dige voksne som kan v\u00e6re til stede under leirene. Kanskje du: Som voksenleder handler oppgavene f\u00f8rst og fremst om \u00e5: Det er ofte sv\u00e6rt god stemning p\u00e5 leirene v\u00e5re, og mange [&hellip;]","og_url":"https:\/\/acta.no\/vebu\/voksne-pa-leir\/","og_site_name":"Acta Region VeBu","article_modified_time":"2026-03-10T10:36:48+00:00","og_image":[{"width":2048,"height":1985,"url":"https:\/\/www.normisjon.no\/content\/uploads\/sites\/37\/2025\/09\/e0bee42f-f3bd-43df-b461-ecb1e7287df7.jpg","type":"image\/jpeg"}],"twitter_card":"summary_large_image","twitter_misc":{"Ansl. lesetid":"3 minutter"},"schema":{"@context":"https:\/\/schema.org","@graph":[{"@type":"WebPage","@id":"https:\/\/acta.no\/vebu\/voksne-pa-leir\/","url":"https:\/\/acta.no\/vebu\/voksne-pa-leir\/","name":"Vi \u00f8nsker oss flere voksne p\u00e5 leir! - Acta Region VeBu","isPartOf":{"@id":"https:\/\/acta.no\/vebu\/#website"},"primaryImageOfPage":{"@id":"https:\/\/acta.no\/vebu\/voksne-pa-leir\/#primaryimage"},"image":{"@id":"https:\/\/acta.no\/vebu\/voksne-pa-leir\/#primaryimage"},"thumbnailUrl":"https:\/\/www.normisjon.no\/content\/uploads\/sites\/37\/2025\/09\/e0bee42f-f3bd-43df-b461-ecb1e7287df7.jpg","datePublished":"2026-03-06T11:47:17+00:00","dateModified":"2026-03-10T10:36:48+00:00","breadcrumb":{"@id":"https:\/\/acta.no\/vebu\/voksne-pa-leir\/#breadcrumb"},"inLanguage":"nb-NO","potentialAction":[{"@type":"ReadAction","target":["https:\/\/acta.no\/vebu\/voksne-pa-leir\/"]}]},{"@type":"ImageObject","inLanguage":"nb-NO","@id":"https:\/\/acta.no\/vebu\/voksne-pa-leir\/#primaryimage","url":"https:\/\/www.normisjon.no\/content\/uploads\/sites\/37\/2025\/09\/e0bee42f-f3bd-43df-b461-ecb1e7287df7.jpg","contentUrl":"https:\/\/www.normisjon.no\/content\/uploads\/sites\/37\/2025\/09\/e0bee42f-f3bd-43df-b461-ecb1e7287df7.jpg","width":2048,"height":1985},{"@type":"BreadcrumbList","@id":"https:\/\/acta.no\/vebu\/voksne-pa-leir\/#breadcrumb","itemListElement":[{"@type":"ListItem","position":1,"name":"Til acta.no","item":"https:\/\/acta.no\/"},{"@type":"ListItem","position":2,"name":"Region VeBu","item":"https:\/\/acta.no\/vebu\/"},{"@type":"ListItem","position":3,"name":"Vi \u00f8nsker oss flere voksne p\u00e5 leir!"}]},{"@type":"WebSite","@id":"https:\/\/acta.no\/vebu\/#website","url":"https:\/\/acta.no\/vebu\/","name":"Acta Region VeBu","description":"VeBu","potentialAction":[{"@type":"SearchAction","target":{"@type":"EntryPoint","urlTemplate":"https:\/\/acta.no\/vebu\/?s={search_term_string}"},"query-input":{"@type":"PropertyValueSpecification","valueRequired":true,"valueName":"search_term_string"}}],"inLanguage":"nb-NO"}]}},"_links":{"self":[{"href":"https:\/\/acta.no\/vebu\/wp-json\/wp\/v2\/pages\/2894","targetHints":{"allow":["GET"]}}],"collection":[{"href":"https:\/\/acta.no\/vebu\/wp-json\/wp\/v2\/pages"}],"about":[{"href":"https:\/\/acta.no\/vebu\/wp-json\/wp\/v2\/types\/page"}],"author":[{"embeddable":true,"href":"https:\/\/acta.no\/vebu\/wp-json\/wp\/v2\/users\/81"}],"replies":[{"embeddable":true,"href":"https:\/\/acta.no\/vebu\/wp-json\/wp\/v2\/comments?post=2894"}],"version-history":[{"count":3,"href":"https:\/\/acta.no\/vebu\/wp-json\/wp\/v2\/pages\/2894\/revisions"}],"predecessor-version":[{"id":2899,"href":"https:\/\/acta.no\/vebu\/wp-json\/wp\/v2\/pages\/2894\/revisions\/2899"}],"wp:featuredmedia":[{"embeddable":true,"href":"https:\/\/acta.no\/vebu\/wp-json\/wp\/v2\/media\/2675"}],"wp:attachment":[{"href":"https:\/\/acta.no\/vebu\/wp-json\/wp\/v2\/media?parent=2894"}],"curies":[{"name":"wp","href":"https:\/\/api.w.org\/{rel}","templated":true}]}}