{"id":2845,"date":"2026-03-03T14:20:19","date_gmt":"2026-03-03T14:20:19","guid":{"rendered":"https:\/\/acta.no\/vebu\/?page_id=2845"},"modified":"2026-05-07T11:49:30","modified_gmt":"2026-05-07T11:49:30","slug":"leir-fond-og-leir-stotte-2026","status":"publish","type":"page","link":"https:\/\/acta.no\/vebu\/leir-fond-og-leir-stotte-2026\/","title":{"rendered":"Leir-fond og leir-st\u00f8tte 2026"},"content":{"rendered":"<div class=\"gutenberg-content\">\n<figure class=\"wp-block-image size-large\"><img loading=\"lazy\" decoding=\"async\" width=\"1024\" height=\"255\" src=\"https:\/\/www.normisjon.no\/content\/uploads\/sites\/37\/2026\/03\/Sporty-ansikter-1024x255.jpg\" alt=\"\" class=\"wp-image-2847\" srcset=\"https:\/\/www.normisjon.no\/content\/uploads\/sites\/37\/2026\/03\/Sporty-ansikter-1024x255.jpg 1024w, https:\/\/www.normisjon.no\/content\/uploads\/sites\/37\/2026\/03\/Sporty-ansikter-300x75.jpg 300w, https:\/\/www.normisjon.no\/content\/uploads\/sites\/37\/2026\/03\/Sporty-ansikter-768x191.jpg 768w, https:\/\/www.normisjon.no\/content\/uploads\/sites\/37\/2026\/03\/Sporty-ansikter-1536x382.jpg 1536w, https:\/\/www.normisjon.no\/content\/uploads\/sites\/37\/2026\/03\/Sporty-ansikter-2048x509.jpg 2048w, https:\/\/www.normisjon.no\/content\/uploads\/sites\/37\/2026\/03\/Sporty-ansikter-1920x477.jpg 1920w, https:\/\/www.normisjon.no\/content\/uploads\/sites\/37\/2026\/03\/Sporty-ansikter-1360x338.jpg 1360w, https:\/\/www.normisjon.no\/content\/uploads\/sites\/37\/2026\/03\/Sporty-ansikter-960x239.jpg 960w\" sizes=\"auto, (max-width: 1024px) 100vw, 1024px\" \/><\/figure>\n\n\n\n<p>Vi vet hvor mye en f\u00f8rste leiropplevelse kan bety. Nye vennskap, latter som sitter i lenge etter at kofferten er pakket ut, mestring, fellesskap og minner for livet. N\u00e5 h\u00e5per vi enda flere vil gripe muligheten til \u00e5 bli med!<\/p>\n\n\n\n<div class=\"wp-block-columns is-layout-flex wp-container-core-columns-is-layout-9d6595d7 wp-block-columns-is-layout-flex\">\n<div class=\"wp-block-column is-layout-flow wp-block-column-is-layout-flow\">\n<p><strong>Ny p\u00e5 leir?<\/strong><\/p>\n\n\n\n<p>Som en del av v\u00e5rt jubileums\u00e5r \u00f8nsker vi \u00e5 feire fellesskapet \u2013 og samtidig \u00e5pne d\u00f8rene enda litt videre. Derfor gir vi n\u00e5 <strong>25 % rabatt p\u00e5 v\u00e5re leirer til nye deltakere<\/strong> som ikke har v\u00e6rt med oss p\u00e5 leir p\u00e5 Strand leirsted tidligere!<\/p>\n\n\n\n<p>Ta kontakt med Actaleder dersom dette gjelder deg, s\u00e5 f\u00e5r du informasjon om hvordan du benytter deg av rabatten.<\/p>\n\n\n\n<p>Dette gjelder de leirene som arrangeres p\u00e5 Strand leirsted.<\/p>\n\n\n\n<p>Vi h\u00e5per dette kan gj\u00f8re det enklere for flere \u00e5 bli med \u2013 kanskje er dette sommeren du eller noen du kjenner skal pr\u00f8ve leir for aller f\u00f8rste gang?<\/p>\n<\/div>\n\n\n\n<div class=\"wp-block-column is-layout-flow wp-block-column-is-layout-flow\">\n<p><strong>Leir for alle<\/strong>!<\/p>\n\n\n\n<p>Det koster \u00e5 drive leirarbeid og \u00e5 holde et leirsted i drift. Samtidig er det viktig for oss at <strong>\u00f8konomi ikke skal v\u00e6re et hinder<\/strong> for \u00e5 delta.<\/p>\n\n\n\n<p>Derfor har vi etablert et <strong>leirfond<\/strong> som det er mulig \u00e5 s\u00f8ke st\u00f8tte fra til deltakeravgiften.<\/p>\n\n\n\n<p>Du kan s\u00f8ke st\u00f8tte p\u00e5 to m\u00e5ter:<\/p>\n\n\n\n<ul class=\"wp-block-list\">\n<li>Gjennom en anbefaling fra en venn eller bekjent som kjenner leirene v\u00e5re.<\/li>\n\n\n\n<li>Ved \u00e5 ta direkte kontakt med Actaleder og sende en enkel foresp\u00f8rsel med kort begrunnelse for behovet.<\/li>\n<\/ul>\n\n\n\n<p>Alle henvendelser behandles med respekt og konfidensialitet. V\u00e5rt \u00f8nske er at alle som vil, skal f\u00e5 mulighet til \u00e5 oppleve leirfellesskapet.<\/p>\n<\/div>\n\n\n\n<div class=\"wp-block-column is-layout-flow wp-block-column-is-layout-flow\">\n<p><strong>S\u00f8skenmoderasjon <\/strong><\/p>\n\n\n\n<p>For leirene Makspuls, Sportyfestival og Paddan praktiserer vi 25% rabatt p\u00e5 s\u00f8sken nummer to som skal p\u00e5 samme leir.<\/p>\n\n\n\n<p>Ta kontakt med Actaleder dersom du har et s\u00f8skenpar som skal p\u00e5 samme leir.<\/p>\n<\/div>\n<\/div>\n\n\n\n<p><strong>Alle henvendelser ang\u00e5ende leir-st\u00f8tte og leir-fond kan rettes p\u00e5 epost til:<\/strong><\/p>\n\n\n\n<p><strong>Actaleder &#8211; stein.joar.myrvang@normisjon.no <\/strong><\/p>\n\n\n\n<div class=\"wp-block-buttons is-layout-flex wp-block-buttons-is-layout-flex\">\n<div class=\"wp-block-button\"><a class=\"wp-block-button__link wp-element-button\" href=\"https:\/\/acta.no\/vebu\/leir\/\">Finn Din leir!<\/a><\/div>\n<\/div>\n\n\n\n<p>Kjenner du noen som har v\u00e6rt nysgjerrige p\u00e5 leir, men ikke tatt steget enn\u00e5? Dette kan v\u00e6re det perfekte tidspunktet. Vi gleder oss til \u00e5 \u00f8nske b\u00e5de nye og tidligere deltakere varmt velkommen til leirfellesskapet i Acta p\u00e5 Strand leirsted.<\/p>\n\n\n\n<div class=\"wp-block-columns is-layout-flex wp-container-core-columns-is-layout-9d6595d7 wp-block-columns-is-layout-flex\">\n<div class=\"wp-block-column is-layout-flow wp-block-column-is-layout-flow\">\n<figure class=\"wp-block-image size-large\"><img loading=\"lazy\" decoding=\"async\" width=\"819\" height=\"1024\" src=\"https:\/\/www.normisjon.no\/content\/uploads\/sites\/37\/2026\/03\/DSC8420-819x1024.jpg\" alt=\"\" class=\"wp-image-2848\" srcset=\"https:\/\/www.normisjon.no\/content\/uploads\/sites\/37\/2026\/03\/DSC8420-819x1024.jpg 819w, https:\/\/www.normisjon.no\/content\/uploads\/sites\/37\/2026\/03\/DSC8420-240x300.jpg 240w, https:\/\/www.normisjon.no\/content\/uploads\/sites\/37\/2026\/03\/DSC8420-768x960.jpg 768w, https:\/\/www.normisjon.no\/content\/uploads\/sites\/37\/2026\/03\/DSC8420-1229x1536.jpg 1229w, https:\/\/www.normisjon.no\/content\/uploads\/sites\/37\/2026\/03\/DSC8420-1638x2048.jpg 1638w, https:\/\/www.normisjon.no\/content\/uploads\/sites\/37\/2026\/03\/DSC8420-1920x2400.jpg 1920w, https:\/\/www.normisjon.no\/content\/uploads\/sites\/37\/2026\/03\/DSC8420-1360x1700.jpg 1360w, https:\/\/www.normisjon.no\/content\/uploads\/sites\/37\/2026\/03\/DSC8420-1536x1920.jpg 1536w, https:\/\/www.normisjon.no\/content\/uploads\/sites\/37\/2026\/03\/DSC8420-scaled.jpg 2048w\" sizes=\"auto, (max-width: 819px) 100vw, 819px\" \/><\/figure>\n<\/div>\n\n\n\n<div class=\"wp-block-column is-layout-flow wp-block-column-is-layout-flow\">\n<figure class=\"wp-block-image size-large\"><img loading=\"lazy\" decoding=\"async\" width=\"819\" height=\"1024\" src=\"https:\/\/www.normisjon.no\/content\/uploads\/sites\/37\/2026\/03\/DSC0177-819x1024.jpg\" alt=\"\" class=\"wp-image-2849\" srcset=\"https:\/\/www.normisjon.no\/content\/uploads\/sites\/37\/2026\/03\/DSC0177-819x1024.jpg 819w, https:\/\/www.normisjon.no\/content\/uploads\/sites\/37\/2026\/03\/DSC0177-240x300.jpg 240w, https:\/\/www.normisjon.no\/content\/uploads\/sites\/37\/2026\/03\/DSC0177-768x960.jpg 768w, https:\/\/www.normisjon.no\/content\/uploads\/sites\/37\/2026\/03\/DSC0177-1229x1536.jpg 1229w, https:\/\/www.normisjon.no\/content\/uploads\/sites\/37\/2026\/03\/DSC0177-1638x2048.jpg 1638w, https:\/\/www.normisjon.no\/content\/uploads\/sites\/37\/2026\/03\/DSC0177-1920x2400.jpg 1920w, https:\/\/www.normisjon.no\/content\/uploads\/sites\/37\/2026\/03\/DSC0177-1360x1700.jpg 1360w, https:\/\/www.normisjon.no\/content\/uploads\/sites\/37\/2026\/03\/DSC0177-1536x1920.jpg 1536w, https:\/\/www.normisjon.no\/content\/uploads\/sites\/37\/2026\/03\/DSC0177-scaled.jpg 2048w\" sizes=\"auto, (max-width: 819px) 100vw, 819px\" \/><\/figure>\n<\/div>\n<\/div>\n\n\n\n<p><strong>Vi trenger flere voksne p\u00e5 leir<\/strong><\/p>\n\n\n\n<p>Vi er takknemlige for de mange dyktige ungdomslederne og voksne som allerede bidrar p\u00e5 leirene v\u00e5re. Samtidig har vi behov for flere trygge og st\u00f8dige voksne som kan v\u00e6re til stede under leirene.<\/p>\n\n\n\n<p>Kanskje du:<\/p>\n\n\n\n<ul class=\"wp-block-list\">\n<li>Kunne tenke deg \u00e5 bidra som voksenleder?<\/li>\n\n\n\n<li>Har lyst til \u00e5 v\u00e6re en del av et positivt og meningsfullt fellesskap noen dager i l\u00f8pet av sommeren?<\/li>\n\n\n\n<li>\u00d8nsker \u00e5 v\u00e6re med som st\u00f8tte for eget barn?<\/li>\n<\/ul>\n\n\n\n<p>Som voksenleder handler oppgavene f\u00f8rst og fremst om \u00e5:<\/p>\n\n\n\n<ul class=\"wp-block-list\">\n<li>V\u00e6re til stede i milj\u00f8et som en trygg voksen.<\/li>\n\n\n\n<li>V\u00e6re tilgjengelig for samtaler og st\u00f8tte.<\/li>\n\n\n\n<li>Bidra til ro og trygghet i gangene ved leggetid.<\/li>\n\n\n\n<li>Delta i og st\u00f8tte opp om aktiviteter ved behov.<\/li>\n<\/ul>\n\n\n\n<p>Det er ofte sv\u00e6rt god stemning p\u00e5 leirene v\u00e5re, og mange opplever det som b\u00e5de givende og inspirerende \u00e5 v\u00e6re med.<\/p>\n\n\n\n<p>For \u00e5 delta som voksenleder m\u00e5 man fremvise politiattest. <\/p>\n\n\n\n<p>Det vil ogs\u00e5 v\u00e6re en mindre egenandel for kost og losji.<\/p>\n\n\n\n<figure class=\"wp-block-image size-large\"><img loading=\"lazy\" decoding=\"async\" width=\"1024\" height=\"285\" src=\"https:\/\/www.normisjon.no\/content\/uploads\/sites\/37\/2026\/03\/Sporty-nettside-nyhetsmail--1024x285.jpg\" alt=\"\" class=\"wp-image-2850\" srcset=\"https:\/\/www.normisjon.no\/content\/uploads\/sites\/37\/2026\/03\/Sporty-nettside-nyhetsmail--1024x285.jpg 1024w, https:\/\/www.normisjon.no\/content\/uploads\/sites\/37\/2026\/03\/Sporty-nettside-nyhetsmail--300x83.jpg 300w, https:\/\/www.normisjon.no\/content\/uploads\/sites\/37\/2026\/03\/Sporty-nettside-nyhetsmail--768x214.jpg 768w, https:\/\/www.normisjon.no\/content\/uploads\/sites\/37\/2026\/03\/Sporty-nettside-nyhetsmail--1536x427.jpg 1536w, https:\/\/www.normisjon.no\/content\/uploads\/sites\/37\/2026\/03\/Sporty-nettside-nyhetsmail--2048x570.jpg 2048w, https:\/\/www.normisjon.no\/content\/uploads\/sites\/37\/2026\/03\/Sporty-nettside-nyhetsmail--1920x534.jpg 1920w, https:\/\/www.normisjon.no\/content\/uploads\/sites\/37\/2026\/03\/Sporty-nettside-nyhetsmail--1360x378.jpg 1360w, https:\/\/www.normisjon.no\/content\/uploads\/sites\/37\/2026\/03\/Sporty-nettside-nyhetsmail--960x267.jpg 960w\" sizes=\"auto, (max-width: 1024px) 100vw, 1024px\" \/><\/figure>\n\n\n\n<hr class=\"wp-block-separator has-alpha-channel-opacity\"\/>\n\n\n\n<p>Har du sp\u00f8rsm\u00e5l, eller \u00f8nsker du \u00e5 melde deg p\u00e5 som deltaker eller leder?<br>Ta kontakt med Actaleder \u2013 vi gleder oss til en ny leirsesong fylt med fellesskap, engasjement og gode opplevelser!<\/p>\n\n\n\n<figure class=\"wp-block-image size-full is-resized\"><img loading=\"lazy\" decoding=\"async\" width=\"470\" height=\"230\" src=\"https:\/\/www.normisjon.no\/content\/uploads\/sites\/37\/2026\/03\/Skjermbilde-2024-10-01-133151.png\" alt=\"\" class=\"wp-image-2851\" style=\"width:750px;height:auto\" srcset=\"https:\/\/www.normisjon.no\/content\/uploads\/sites\/37\/2026\/03\/Skjermbilde-2024-10-01-133151.png 470w, https:\/\/www.normisjon.no\/content\/uploads\/sites\/37\/2026\/03\/Skjermbilde-2024-10-01-133151-300x147.png 300w\" sizes=\"auto, (max-width: 470px) 100vw, 470px\" \/><\/figure>\n<\/div>","protected":false},"excerpt":{"rendered":"<p>Vi vet hvor mye en f\u00f8rste leiropplevelse kan bety. Nye vennskap, latter som sitter i lenge etter at kofferten er pakket ut, mestring, fellesskap og minner for livet. N\u00e5 h\u00e5per vi enda flere vil gripe muligheten til \u00e5 bli med! Ny p\u00e5 leir? Som en del av v\u00e5rt jubileums\u00e5r \u00f8nsker vi \u00e5 feire fellesskapet \u2013 [&hellip;]<\/p>\n","protected":false},"author":81,"featured_media":2852,"parent":0,"menu_order":0,"comment_status":"closed","ping_status":"closed","template":"","meta":{"_acf_changed":false,"footnotes":""},"class_list":["post-2845","page","type-page","status-publish","has-post-thumbnail","hentry"],"acf":[],"yoast_head":"<!-- This site is optimized with the Yoast SEO plugin v25.9 - https:\/\/yoast.com\/wordpress\/plugins\/seo\/ -->\n<title>Leir-fond og leir-st\u00f8tte 2026 - Acta Region VeBu<\/title>\n<meta name=\"robots\" content=\"index, follow, max-snippet:-1, max-image-preview:large, max-video-preview:-1\" \/>\n<link rel=\"canonical\" href=\"https:\/\/acta.no\/vebu\/leir-fond-og-leir-stotte-2026\/\" \/>\n<meta property=\"og:locale\" content=\"nb_NO\" \/>\n<meta property=\"og:type\" content=\"article\" \/>\n<meta property=\"og:title\" content=\"Leir-fond og leir-st\u00f8tte 2026 - Acta Region VeBu\" \/>\n<meta property=\"og:description\" content=\"Vi vet hvor mye en f\u00f8rste leiropplevelse kan bety. Nye vennskap, latter som sitter i lenge etter at kofferten er pakket ut, mestring, fellesskap og minner for livet. N\u00e5 h\u00e5per vi enda flere vil gripe muligheten til \u00e5 bli med! Ny p\u00e5 leir? Som en del av v\u00e5rt jubileums\u00e5r \u00f8nsker vi \u00e5 feire fellesskapet \u2013 [&hellip;]\" \/>\n<meta property=\"og:url\" content=\"https:\/\/acta.no\/vebu\/leir-fond-og-leir-stotte-2026\/\" \/>\n<meta property=\"og:site_name\" content=\"Acta Region VeBu\" \/>\n<meta property=\"article:modified_time\" content=\"2026-05-07T11:49:30+00:00\" \/>\n<meta property=\"og:image\" content=\"https:\/\/www.normisjon.no\/content\/uploads\/sites\/37\/2026\/03\/Vannspreder.jpg\" \/>\n\t<meta property=\"og:image:width\" content=\"1185\" \/>\n\t<meta property=\"og:image:height\" content=\"859\" \/>\n\t<meta property=\"og:image:type\" content=\"image\/jpeg\" \/>\n<meta name=\"twitter:card\" content=\"summary_large_image\" \/>\n<meta name=\"twitter:label1\" content=\"Ansl. lesetid\" \/>\n\t<meta name=\"twitter:data1\" content=\"5 minutter\" \/>\n<script type=\"application\/ld+json\" class=\"yoast-schema-graph\">{\"@context\":\"https:\/\/schema.org\",\"@graph\":[{\"@type\":\"WebPage\",\"@id\":\"https:\/\/acta.no\/vebu\/leir-fond-og-leir-stotte-2026\/\",\"url\":\"https:\/\/acta.no\/vebu\/leir-fond-og-leir-stotte-2026\/\",\"name\":\"Leir-fond og leir-st\u00f8tte 2026 - Acta Region VeBu\",\"isPartOf\":{\"@id\":\"https:\/\/acta.no\/vebu\/#website\"},\"primaryImageOfPage\":{\"@id\":\"https:\/\/acta.no\/vebu\/leir-fond-og-leir-stotte-2026\/#primaryimage\"},\"image\":{\"@id\":\"https:\/\/acta.no\/vebu\/leir-fond-og-leir-stotte-2026\/#primaryimage\"},\"thumbnailUrl\":\"https:\/\/www.normisjon.no\/content\/uploads\/sites\/37\/2026\/03\/Vannspreder.jpg\",\"datePublished\":\"2026-03-03T14:20:19+00:00\",\"dateModified\":\"2026-05-07T11:49:30+00:00\",\"breadcrumb\":{\"@id\":\"https:\/\/acta.no\/vebu\/leir-fond-og-leir-stotte-2026\/#breadcrumb\"},\"inLanguage\":\"nb-NO\",\"potentialAction\":[{\"@type\":\"ReadAction\",\"target\":[\"https:\/\/acta.no\/vebu\/leir-fond-og-leir-stotte-2026\/\"]}]},{\"@type\":\"ImageObject\",\"inLanguage\":\"nb-NO\",\"@id\":\"https:\/\/acta.no\/vebu\/leir-fond-og-leir-stotte-2026\/#primaryimage\",\"url\":\"https:\/\/www.normisjon.no\/content\/uploads\/sites\/37\/2026\/03\/Vannspreder.jpg\",\"contentUrl\":\"https:\/\/www.normisjon.no\/content\/uploads\/sites\/37\/2026\/03\/Vannspreder.jpg\",\"width\":1185,\"height\":859},{\"@type\":\"BreadcrumbList\",\"@id\":\"https:\/\/acta.no\/vebu\/leir-fond-og-leir-stotte-2026\/#breadcrumb\",\"itemListElement\":[{\"@type\":\"ListItem\",\"position\":1,\"name\":\"Til acta.no\",\"item\":\"https:\/\/acta.no\/\"},{\"@type\":\"ListItem\",\"position\":2,\"name\":\"Region VeBu\",\"item\":\"https:\/\/acta.no\/vebu\/\"},{\"@type\":\"ListItem\",\"position\":3,\"name\":\"Leir-fond og leir-st\u00f8tte 2026\"}]},{\"@type\":\"WebSite\",\"@id\":\"https:\/\/acta.no\/vebu\/#website\",\"url\":\"https:\/\/acta.no\/vebu\/\",\"name\":\"Acta Region VeBu\",\"description\":\"VeBu\",\"potentialAction\":[{\"@type\":\"SearchAction\",\"target\":{\"@type\":\"EntryPoint\",\"urlTemplate\":\"https:\/\/acta.no\/vebu\/?s={search_term_string}\"},\"query-input\":{\"@type\":\"PropertyValueSpecification\",\"valueRequired\":true,\"valueName\":\"search_term_string\"}}],\"inLanguage\":\"nb-NO\"}]}<\/script>\n<!-- \/ Yoast SEO plugin. -->","yoast_head_json":{"title":"Leir-fond og leir-st\u00f8tte 2026 - Acta Region VeBu","robots":{"index":"index","follow":"follow","max-snippet":"max-snippet:-1","max-image-preview":"max-image-preview:large","max-video-preview":"max-video-preview:-1"},"canonical":"https:\/\/acta.no\/vebu\/leir-fond-og-leir-stotte-2026\/","og_locale":"nb_NO","og_type":"article","og_title":"Leir-fond og leir-st\u00f8tte 2026 - Acta Region VeBu","og_description":"Vi vet hvor mye en f\u00f8rste leiropplevelse kan bety. Nye vennskap, latter som sitter i lenge etter at kofferten er pakket ut, mestring, fellesskap og minner for livet. N\u00e5 h\u00e5per vi enda flere vil gripe muligheten til \u00e5 bli med! Ny p\u00e5 leir? Som en del av v\u00e5rt jubileums\u00e5r \u00f8nsker vi \u00e5 feire fellesskapet \u2013 [&hellip;]","og_url":"https:\/\/acta.no\/vebu\/leir-fond-og-leir-stotte-2026\/","og_site_name":"Acta Region VeBu","article_modified_time":"2026-05-07T11:49:30+00:00","og_image":[{"width":1185,"height":859,"url":"https:\/\/www.normisjon.no\/content\/uploads\/sites\/37\/2026\/03\/Vannspreder.jpg","type":"image\/jpeg"}],"twitter_card":"summary_large_image","twitter_misc":{"Ansl. lesetid":"5 minutter"},"schema":{"@context":"https:\/\/schema.org","@graph":[{"@type":"WebPage","@id":"https:\/\/acta.no\/vebu\/leir-fond-og-leir-stotte-2026\/","url":"https:\/\/acta.no\/vebu\/leir-fond-og-leir-stotte-2026\/","name":"Leir-fond og leir-st\u00f8tte 2026 - Acta Region VeBu","isPartOf":{"@id":"https:\/\/acta.no\/vebu\/#website"},"primaryImageOfPage":{"@id":"https:\/\/acta.no\/vebu\/leir-fond-og-leir-stotte-2026\/#primaryimage"},"image":{"@id":"https:\/\/acta.no\/vebu\/leir-fond-og-leir-stotte-2026\/#primaryimage"},"thumbnailUrl":"https:\/\/www.normisjon.no\/content\/uploads\/sites\/37\/2026\/03\/Vannspreder.jpg","datePublished":"2026-03-03T14:20:19+00:00","dateModified":"2026-05-07T11:49:30+00:00","breadcrumb":{"@id":"https:\/\/acta.no\/vebu\/leir-fond-og-leir-stotte-2026\/#breadcrumb"},"inLanguage":"nb-NO","potentialAction":[{"@type":"ReadAction","target":["https:\/\/acta.no\/vebu\/leir-fond-og-leir-stotte-2026\/"]}]},{"@type":"ImageObject","inLanguage":"nb-NO","@id":"https:\/\/acta.no\/vebu\/leir-fond-og-leir-stotte-2026\/#primaryimage","url":"https:\/\/www.normisjon.no\/content\/uploads\/sites\/37\/2026\/03\/Vannspreder.jpg","contentUrl":"https:\/\/www.normisjon.no\/content\/uploads\/sites\/37\/2026\/03\/Vannspreder.jpg","width":1185,"height":859},{"@type":"BreadcrumbList","@id":"https:\/\/acta.no\/vebu\/leir-fond-og-leir-stotte-2026\/#breadcrumb","itemListElement":[{"@type":"ListItem","position":1,"name":"Til acta.no","item":"https:\/\/acta.no\/"},{"@type":"ListItem","position":2,"name":"Region VeBu","item":"https:\/\/acta.no\/vebu\/"},{"@type":"ListItem","position":3,"name":"Leir-fond og leir-st\u00f8tte 2026"}]},{"@type":"WebSite","@id":"https:\/\/acta.no\/vebu\/#website","url":"https:\/\/acta.no\/vebu\/","name":"Acta Region VeBu","description":"VeBu","potentialAction":[{"@type":"SearchAction","target":{"@type":"EntryPoint","urlTemplate":"https:\/\/acta.no\/vebu\/?s={search_term_string}"},"query-input":{"@type":"PropertyValueSpecification","valueRequired":true,"valueName":"search_term_string"}}],"inLanguage":"nb-NO"}]}},"_links":{"self":[{"href":"https:\/\/acta.no\/vebu\/wp-json\/wp\/v2\/pages\/2845","targetHints":{"allow":["GET"]}}],"collection":[{"href":"https:\/\/acta.no\/vebu\/wp-json\/wp\/v2\/pages"}],"about":[{"href":"https:\/\/acta.no\/vebu\/wp-json\/wp\/v2\/types\/page"}],"author":[{"embeddable":true,"href":"https:\/\/acta.no\/vebu\/wp-json\/wp\/v2\/users\/81"}],"replies":[{"embeddable":true,"href":"https:\/\/acta.no\/vebu\/wp-json\/wp\/v2\/comments?post=2845"}],"version-history":[{"count":7,"href":"https:\/\/acta.no\/vebu\/wp-json\/wp\/v2\/pages\/2845\/revisions"}],"predecessor-version":[{"id":2930,"href":"https:\/\/acta.no\/vebu\/wp-json\/wp\/v2\/pages\/2845\/revisions\/2930"}],"wp:featuredmedia":[{"embeddable":true,"href":"https:\/\/acta.no\/vebu\/wp-json\/wp\/v2\/media\/2852"}],"wp:attachment":[{"href":"https:\/\/acta.no\/vebu\/wp-json\/wp\/v2\/media?parent=2845"}],"curies":[{"name":"wp","href":"https:\/\/api.w.org\/{rel}","templated":true}]}}