{"id":2838,"date":"2026-02-12T13:43:24","date_gmt":"2026-02-12T13:43:24","guid":{"rendered":"https:\/\/acta.no\/vebu\/?page_id=2838"},"modified":"2026-02-12T13:43:26","modified_gmt":"2026-02-12T13:43:26","slug":"arsmote-acta-vebu-2026","status":"publish","type":"page","link":"https:\/\/acta.no\/vebu\/arsmote-acta-vebu-2026\/","title":{"rendered":"\u00c5rsm\u00f8te Acta VeBu 2026"},"content":{"rendered":"<div class=\"gutenberg-content\">\n<p><strong>Innkalling og saksliste til \u00e5rsm\u00f8tet i Acta VeBu<\/strong><\/p>\n\n\n\n<p><strong>l\u00f8rdag 25. april 2025 kl. 11:00<\/strong>\u00a0<strong>p\u00e5 Strand leirsted Sandefjord<\/strong>.<\/p>\n\n\n\n<p><strong>\u00c5pning av styreleder<\/strong>.<\/p>\n\n\n\n<p><strong>Sak 1<\/strong>: Valg av ordstyrer og referent (Forslag: Elias Corneliussen og Stein Joar Myrvang)<\/p>\n\n\n\n<p><strong>Sak 2<\/strong>: \u00c5rsmelding&nbsp;(Elias Corneliussen)<\/p>\n\n\n\n<p><strong>Sak 3:<\/strong>&nbsp;Valg*<\/p>\n\n\n\n<p>Kandidater til styret i Acta VeBu:<\/p>\n\n\n\n<p>Det jobbes med \u00e5 skaffe kandidater til styret, men oversikten er enda ikke klar.<\/p>\n\n\n\n<p>Vi trenger flere kandidater til styret i Acta VeBu<\/p>\n\n\n\n<p>Det kan v\u00e6re mulig \u00e5 komme med&nbsp; benkeforslag til kandidater under m\u00f8tet.<\/p>\n\n\n\n<p><strong>Sak 4:<\/strong>&nbsp;Regnskap<\/p>\n\n\n\n<p><strong>Sak 5:<\/strong>&nbsp;Vedtak av handlingsplan.<\/p>\n\n\n\n<p><strong>Sak 6:<\/strong>&nbsp;Orienteringssaker<\/p>\n\n\n\n<p>\u2013 Veien videre i Acta VeBu.<\/p>\n\n\n\n<p><strong>Sak 7:<\/strong>&nbsp;Eventuelt<\/p>\n\n\n\n<p><a href=\"https:\/\/acta.no\/vebu\/\">Acta Region VeBu<\/a><\/p>\n\n\n\n<p><\/p>\n<\/div>","protected":false},"excerpt":{"rendered":"<p>Innkalling og saksliste til \u00e5rsm\u00f8tet i Acta VeBu l\u00f8rdag 25. april 2025 kl. 11:00\u00a0p\u00e5 Strand leirsted Sandefjord. \u00c5pning av styreleder. Sak 1: Valg av ordstyrer og referent (Forslag: Elias Corneliussen og Stein Joar Myrvang) Sak 2: \u00c5rsmelding&nbsp;(Elias Corneliussen) Sak 3:&nbsp;Valg* Kandidater til styret i Acta VeBu: Det jobbes med \u00e5 skaffe kandidater til styret, men [&hellip;]<\/p>\n","protected":false},"author":81,"featured_media":2839,"parent":0,"menu_order":0,"comment_status":"closed","ping_status":"closed","template":"","meta":{"_acf_changed":false,"footnotes":""},"class_list":["post-2838","page","type-page","status-publish","has-post-thumbnail","hentry"],"acf":[],"yoast_head":"<!-- This site is optimized with the Yoast SEO plugin v25.9 - https:\/\/yoast.com\/wordpress\/plugins\/seo\/ -->\n<title>\u00c5rsm\u00f8te Acta VeBu 2026 - Acta Region VeBu<\/title>\n<meta name=\"robots\" content=\"index, follow, max-snippet:-1, max-image-preview:large, max-video-preview:-1\" \/>\n<link rel=\"canonical\" href=\"https:\/\/acta.no\/vebu\/arsmote-acta-vebu-2026\/\" \/>\n<meta property=\"og:locale\" content=\"nb_NO\" \/>\n<meta property=\"og:type\" content=\"article\" \/>\n<meta property=\"og:title\" content=\"\u00c5rsm\u00f8te Acta VeBu 2026 - Acta Region VeBu\" \/>\n<meta property=\"og:description\" content=\"Innkalling og saksliste til \u00e5rsm\u00f8tet i Acta VeBu l\u00f8rdag 25. april 2025 kl. 11:00\u00a0p\u00e5 Strand leirsted Sandefjord. \u00c5pning av styreleder. Sak 1: Valg av ordstyrer og referent (Forslag: Elias Corneliussen og Stein Joar Myrvang) Sak 2: \u00c5rsmelding&nbsp;(Elias Corneliussen) Sak 3:&nbsp;Valg* Kandidater til styret i Acta VeBu: Det jobbes med \u00e5 skaffe kandidater til styret, men [&hellip;]\" \/>\n<meta property=\"og:url\" content=\"https:\/\/acta.no\/vebu\/arsmote-acta-vebu-2026\/\" \/>\n<meta property=\"og:site_name\" content=\"Acta Region VeBu\" \/>\n<meta property=\"article:modified_time\" content=\"2026-02-12T13:43:26+00:00\" \/>\n<meta property=\"og:image\" content=\"https:\/\/www.normisjon.no\/content\/uploads\/sites\/37\/2026\/02\/Arsmote-2025-crop.png\" \/>\n\t<meta property=\"og:image:width\" content=\"1080\" \/>\n\t<meta property=\"og:image:height\" content=\"1150\" \/>\n\t<meta property=\"og:image:type\" content=\"image\/png\" \/>\n<meta name=\"twitter:card\" content=\"summary_large_image\" \/>\n<meta name=\"twitter:label1\" content=\"Ansl. lesetid\" \/>\n\t<meta name=\"twitter:data1\" content=\"1 minutt\" \/>\n<script type=\"application\/ld+json\" class=\"yoast-schema-graph\">{\"@context\":\"https:\/\/schema.org\",\"@graph\":[{\"@type\":\"WebPage\",\"@id\":\"https:\/\/acta.no\/vebu\/arsmote-acta-vebu-2026\/\",\"url\":\"https:\/\/acta.no\/vebu\/arsmote-acta-vebu-2026\/\",\"name\":\"\u00c5rsm\u00f8te Acta VeBu 2026 - Acta Region VeBu\",\"isPartOf\":{\"@id\":\"https:\/\/acta.no\/vebu\/#website\"},\"primaryImageOfPage\":{\"@id\":\"https:\/\/acta.no\/vebu\/arsmote-acta-vebu-2026\/#primaryimage\"},\"image\":{\"@id\":\"https:\/\/acta.no\/vebu\/arsmote-acta-vebu-2026\/#primaryimage\"},\"thumbnailUrl\":\"https:\/\/www.normisjon.no\/content\/uploads\/sites\/37\/2026\/02\/Arsmote-2025-crop.png\",\"datePublished\":\"2026-02-12T13:43:24+00:00\",\"dateModified\":\"2026-02-12T13:43:26+00:00\",\"breadcrumb\":{\"@id\":\"https:\/\/acta.no\/vebu\/arsmote-acta-vebu-2026\/#breadcrumb\"},\"inLanguage\":\"nb-NO\",\"potentialAction\":[{\"@type\":\"ReadAction\",\"target\":[\"https:\/\/acta.no\/vebu\/arsmote-acta-vebu-2026\/\"]}]},{\"@type\":\"ImageObject\",\"inLanguage\":\"nb-NO\",\"@id\":\"https:\/\/acta.no\/vebu\/arsmote-acta-vebu-2026\/#primaryimage\",\"url\":\"https:\/\/www.normisjon.no\/content\/uploads\/sites\/37\/2026\/02\/Arsmote-2025-crop.png\",\"contentUrl\":\"https:\/\/www.normisjon.no\/content\/uploads\/sites\/37\/2026\/02\/Arsmote-2025-crop.png\",\"width\":1080,\"height\":1150},{\"@type\":\"BreadcrumbList\",\"@id\":\"https:\/\/acta.no\/vebu\/arsmote-acta-vebu-2026\/#breadcrumb\",\"itemListElement\":[{\"@type\":\"ListItem\",\"position\":1,\"name\":\"Til acta.no\",\"item\":\"https:\/\/acta.no\/\"},{\"@type\":\"ListItem\",\"position\":2,\"name\":\"Region VeBu\",\"item\":\"https:\/\/acta.no\/vebu\/\"},{\"@type\":\"ListItem\",\"position\":3,\"name\":\"\u00c5rsm\u00f8te Acta VeBu 2026\"}]},{\"@type\":\"WebSite\",\"@id\":\"https:\/\/acta.no\/vebu\/#website\",\"url\":\"https:\/\/acta.no\/vebu\/\",\"name\":\"Acta Region VeBu\",\"description\":\"VeBu\",\"potentialAction\":[{\"@type\":\"SearchAction\",\"target\":{\"@type\":\"EntryPoint\",\"urlTemplate\":\"https:\/\/acta.no\/vebu\/?s={search_term_string}\"},\"query-input\":{\"@type\":\"PropertyValueSpecification\",\"valueRequired\":true,\"valueName\":\"search_term_string\"}}],\"inLanguage\":\"nb-NO\"}]}<\/script>\n<!-- \/ Yoast SEO plugin. -->","yoast_head_json":{"title":"\u00c5rsm\u00f8te Acta VeBu 2026 - Acta Region VeBu","robots":{"index":"index","follow":"follow","max-snippet":"max-snippet:-1","max-image-preview":"max-image-preview:large","max-video-preview":"max-video-preview:-1"},"canonical":"https:\/\/acta.no\/vebu\/arsmote-acta-vebu-2026\/","og_locale":"nb_NO","og_type":"article","og_title":"\u00c5rsm\u00f8te Acta VeBu 2026 - Acta Region VeBu","og_description":"Innkalling og saksliste til \u00e5rsm\u00f8tet i Acta VeBu l\u00f8rdag 25. april 2025 kl. 11:00\u00a0p\u00e5 Strand leirsted Sandefjord. \u00c5pning av styreleder. Sak 1: Valg av ordstyrer og referent (Forslag: Elias Corneliussen og Stein Joar Myrvang) Sak 2: \u00c5rsmelding&nbsp;(Elias Corneliussen) Sak 3:&nbsp;Valg* Kandidater til styret i Acta VeBu: Det jobbes med \u00e5 skaffe kandidater til styret, men [&hellip;]","og_url":"https:\/\/acta.no\/vebu\/arsmote-acta-vebu-2026\/","og_site_name":"Acta Region VeBu","article_modified_time":"2026-02-12T13:43:26+00:00","og_image":[{"width":1080,"height":1150,"url":"https:\/\/www.normisjon.no\/content\/uploads\/sites\/37\/2026\/02\/Arsmote-2025-crop.png","type":"image\/png"}],"twitter_card":"summary_large_image","twitter_misc":{"Ansl. lesetid":"1 minutt"},"schema":{"@context":"https:\/\/schema.org","@graph":[{"@type":"WebPage","@id":"https:\/\/acta.no\/vebu\/arsmote-acta-vebu-2026\/","url":"https:\/\/acta.no\/vebu\/arsmote-acta-vebu-2026\/","name":"\u00c5rsm\u00f8te Acta VeBu 2026 - Acta Region VeBu","isPartOf":{"@id":"https:\/\/acta.no\/vebu\/#website"},"primaryImageOfPage":{"@id":"https:\/\/acta.no\/vebu\/arsmote-acta-vebu-2026\/#primaryimage"},"image":{"@id":"https:\/\/acta.no\/vebu\/arsmote-acta-vebu-2026\/#primaryimage"},"thumbnailUrl":"https:\/\/www.normisjon.no\/content\/uploads\/sites\/37\/2026\/02\/Arsmote-2025-crop.png","datePublished":"2026-02-12T13:43:24+00:00","dateModified":"2026-02-12T13:43:26+00:00","breadcrumb":{"@id":"https:\/\/acta.no\/vebu\/arsmote-acta-vebu-2026\/#breadcrumb"},"inLanguage":"nb-NO","potentialAction":[{"@type":"ReadAction","target":["https:\/\/acta.no\/vebu\/arsmote-acta-vebu-2026\/"]}]},{"@type":"ImageObject","inLanguage":"nb-NO","@id":"https:\/\/acta.no\/vebu\/arsmote-acta-vebu-2026\/#primaryimage","url":"https:\/\/www.normisjon.no\/content\/uploads\/sites\/37\/2026\/02\/Arsmote-2025-crop.png","contentUrl":"https:\/\/www.normisjon.no\/content\/uploads\/sites\/37\/2026\/02\/Arsmote-2025-crop.png","width":1080,"height":1150},{"@type":"BreadcrumbList","@id":"https:\/\/acta.no\/vebu\/arsmote-acta-vebu-2026\/#breadcrumb","itemListElement":[{"@type":"ListItem","position":1,"name":"Til acta.no","item":"https:\/\/acta.no\/"},{"@type":"ListItem","position":2,"name":"Region VeBu","item":"https:\/\/acta.no\/vebu\/"},{"@type":"ListItem","position":3,"name":"\u00c5rsm\u00f8te Acta VeBu 2026"}]},{"@type":"WebSite","@id":"https:\/\/acta.no\/vebu\/#website","url":"https:\/\/acta.no\/vebu\/","name":"Acta Region VeBu","description":"VeBu","potentialAction":[{"@type":"SearchAction","target":{"@type":"EntryPoint","urlTemplate":"https:\/\/acta.no\/vebu\/?s={search_term_string}"},"query-input":{"@type":"PropertyValueSpecification","valueRequired":true,"valueName":"search_term_string"}}],"inLanguage":"nb-NO"}]}},"_links":{"self":[{"href":"https:\/\/acta.no\/vebu\/wp-json\/wp\/v2\/pages\/2838","targetHints":{"allow":["GET"]}}],"collection":[{"href":"https:\/\/acta.no\/vebu\/wp-json\/wp\/v2\/pages"}],"about":[{"href":"https:\/\/acta.no\/vebu\/wp-json\/wp\/v2\/types\/page"}],"author":[{"embeddable":true,"href":"https:\/\/acta.no\/vebu\/wp-json\/wp\/v2\/users\/81"}],"replies":[{"embeddable":true,"href":"https:\/\/acta.no\/vebu\/wp-json\/wp\/v2\/comments?post=2838"}],"version-history":[{"count":1,"href":"https:\/\/acta.no\/vebu\/wp-json\/wp\/v2\/pages\/2838\/revisions"}],"predecessor-version":[{"id":2840,"href":"https:\/\/acta.no\/vebu\/wp-json\/wp\/v2\/pages\/2838\/revisions\/2840"}],"wp:featuredmedia":[{"embeddable":true,"href":"https:\/\/acta.no\/vebu\/wp-json\/wp\/v2\/media\/2839"}],"wp:attachment":[{"href":"https:\/\/acta.no\/vebu\/wp-json\/wp\/v2\/media?parent=2838"}],"curies":[{"name":"wp","href":"https:\/\/api.w.org\/{rel}","templated":true}]}}