{"id":2823,"date":"2026-02-12T13:04:52","date_gmt":"2026-02-12T13:04:52","guid":{"rendered":"https:\/\/acta.no\/vebu\/?page_id=2823"},"modified":"2026-04-30T08:22:54","modified_gmt":"2026-04-30T08:22:54","slug":"paddan-2026","status":"publish","type":"page","link":"https:\/\/acta.no\/vebu\/paddan-2026\/","title":{"rendered":"Paddan 2026"},"content":{"rendered":"<div class=\"gutenberg-content\">\n<figure class=\"wp-block-image size-large\"><img loading=\"lazy\" decoding=\"async\" width=\"1024\" height=\"438\" src=\"https:\/\/www.normisjon.no\/content\/uploads\/sites\/37\/2026\/02\/paddan-2026-crop-1024x438.jpeg\" alt=\"\" class=\"wp-image-2824\" srcset=\"https:\/\/www.normisjon.no\/content\/uploads\/sites\/37\/2026\/02\/paddan-2026-crop-1024x438.jpeg 1024w, https:\/\/www.normisjon.no\/content\/uploads\/sites\/37\/2026\/02\/paddan-2026-crop-300x128.jpeg 300w, https:\/\/www.normisjon.no\/content\/uploads\/sites\/37\/2026\/02\/paddan-2026-crop-768x329.jpeg 768w, https:\/\/www.normisjon.no\/content\/uploads\/sites\/37\/2026\/02\/paddan-2026-crop-1536x658.jpeg 1536w, https:\/\/www.normisjon.no\/content\/uploads\/sites\/37\/2026\/02\/paddan-2026-crop-1920x822.jpeg 1920w, https:\/\/www.normisjon.no\/content\/uploads\/sites\/37\/2026\/02\/paddan-2026-crop-1360x582.jpeg 1360w, https:\/\/www.normisjon.no\/content\/uploads\/sites\/37\/2026\/02\/paddan-2026-crop-960x411.jpeg 960w, https:\/\/www.normisjon.no\/content\/uploads\/sites\/37\/2026\/02\/paddan-2026-crop.jpeg 2016w\" sizes=\"auto, (max-width: 1024px) 100vw, 1024px\" \/><\/figure>\n\n\n\n<p><strong>N\u00e5r: 6.-9. august 2026<\/strong><\/p>\n\n\n\n<p><strong>Hvor: G\u00f8teborg (oppm\u00f8te Sandefjord)<\/strong><\/p>\n\n\n\n<p><strong>Pris: fra 2850,-<\/strong><\/p>\n\n\n\n<p><strong>Alder: ferdig med 7. trinn til og med ferdig med vg2<\/strong><\/p>\n\n\n\n<p>Vil du v\u00e6re med til G\u00f8teborg for \u00e5 dra i Liseberg og oppleve en storby? Vi kan garantere puls og spenning i Liseberg, og late dager p\u00e5 stranda for de som \u00f8nsker det. Vi kommer til \u00e5 v\u00e6re en dag i Liseberg (\u00c5kpasset er inkludert i prisen) og en dag med aktiviteter i bykjernen av G\u00f8teborg. Vi reiser med buss via Str\u00f8mstad ferja og sover i Valhamra Kyrkje. Meld deg p\u00e5!<\/p>\n\n\n\n<p>Acta VeBu anbefaler alle \u00e5 melde seg inn i leirklubben, det koster kr. 100,- per \u00e5r, og da f\u00e5r du fra kr. 200,- i avslag per leir innenfor samme kalender\u00e5r. Medlemskap i leirklubben gir oss tilgang til st\u00f8ttemidler til \u00e5 drive enda mer leir!<\/p>\n\n\n\n<p><strong>Pris for leirklubbmedlemer | kr. 2850,-<\/strong><\/p>\n\n\n\n<p><strong>Leir inkl. leirklubbmedlemskap | kr. 2950,-<\/strong><\/p>\n\n\n\n<p><strong>Leir uten leirklubbmedlemskap | kr. 3150,-<\/strong><\/p>\n\n\n\n<div class=\"wp-block-buttons is-layout-flex wp-block-buttons-is-layout-flex\">\n<div class=\"wp-block-button\"><a class=\"wp-block-button__link wp-element-button\" href=\"https:\/\/event.checkin.no\/218666\/paddan-2026\">P\u00c5melding her!<\/a><\/div>\n<\/div>\n\n\n\n<p>Etter 28. juni stiger alle priser med 200,-. Leirprisen inkluderer, mat, transport p\u00e5 leiren, aktiviteter og overnatting. Ved alle leirer er det et p\u00e5meldingsgebyr (inkl. i leirpris) p\u00e5 kr. 400, dette refunderes ikke ved avmedling. Ved avmelding 7-1 dager f\u00f8r leirstart refunderes 50% av leirprisen. Ved avmelding senere enn 24 timer blir ingenting refundert.<\/p>\n\n\n\n<p><strong>Leir for alle!<\/strong><\/p>\n\n\n\n<p><a href=\"https:\/\/acta.no\/vebu\/leir-fond-og-leir-stotte-2026\/\" target=\"_blank\" rel=\"noreferrer noopener\">Vi har et eget leirfond, f\u00f8lg linken her for \u00e5 lese mer om hvilke muligheter dette gir<\/a><\/p>\n\n\n\n<p><strong>Har du sp\u00f8rsm\u00e5l?<\/strong><\/p>\n\n\n\n<p>Kontakt hovedleder p\u00e5 leiren:<\/p>\n\n\n\n<p>Actaleder Stein Joar Myrvang p\u00e5 tlf.: 995 00 047 eller send en mail til stein.joar.myrvang@normisjon.no. Til de p\u00e5meldte blir det sendt ut et informasjonsbrev p\u00e5 mail ca en uke f\u00f8r leiren starter.<\/p>\n<\/div>","protected":false},"excerpt":{"rendered":"<p>N\u00e5r: 6.-9. august 2026 Hvor: G\u00f8teborg (oppm\u00f8te Sandefjord) Pris: fra 2850,- Alder: ferdig med 7. trinn til og med ferdig med vg2 Vil du v\u00e6re med til G\u00f8teborg for \u00e5 dra i Liseberg og oppleve en storby? Vi kan garantere puls og spenning i Liseberg, og late dager p\u00e5 stranda for de som \u00f8nsker det. [&hellip;]<\/p>\n","protected":false},"author":81,"featured_media":2903,"parent":0,"menu_order":0,"comment_status":"closed","ping_status":"closed","template":"","meta":{"_acf_changed":false,"footnotes":""},"class_list":["post-2823","page","type-page","status-publish","has-post-thumbnail","hentry"],"acf":[],"yoast_head":"<!-- This site is optimized with the Yoast SEO plugin v25.9 - https:\/\/yoast.com\/wordpress\/plugins\/seo\/ -->\n<title>Paddan 2026 - Acta Region VeBu<\/title>\n<meta name=\"robots\" content=\"index, follow, max-snippet:-1, max-image-preview:large, max-video-preview:-1\" \/>\n<link rel=\"canonical\" href=\"https:\/\/acta.no\/vebu\/paddan-2026\/\" \/>\n<meta property=\"og:locale\" content=\"nb_NO\" \/>\n<meta property=\"og:type\" content=\"article\" \/>\n<meta property=\"og:title\" content=\"Paddan 2026 - Acta Region VeBu\" \/>\n<meta property=\"og:description\" content=\"N\u00e5r: 6.-9. august 2026 Hvor: G\u00f8teborg (oppm\u00f8te Sandefjord) Pris: fra 2850,- Alder: ferdig med 7. trinn til og med ferdig med vg2 Vil du v\u00e6re med til G\u00f8teborg for \u00e5 dra i Liseberg og oppleve en storby? Vi kan garantere puls og spenning i Liseberg, og late dager p\u00e5 stranda for de som \u00f8nsker det. [&hellip;]\" \/>\n<meta property=\"og:url\" content=\"https:\/\/acta.no\/vebu\/paddan-2026\/\" \/>\n<meta property=\"og:site_name\" content=\"Acta Region VeBu\" \/>\n<meta property=\"article:modified_time\" content=\"2026-04-30T08:22:54+00:00\" \/>\n<meta property=\"og:image\" content=\"https:\/\/www.normisjon.no\/content\/uploads\/sites\/37\/2026\/03\/Paddan-kort-lite.jpeg\" \/>\n\t<meta property=\"og:image:width\" content=\"1264\" \/>\n\t<meta property=\"og:image:height\" content=\"886\" \/>\n\t<meta property=\"og:image:type\" content=\"image\/jpeg\" \/>\n<meta name=\"twitter:card\" content=\"summary_large_image\" \/>\n<meta name=\"twitter:label1\" content=\"Ansl. lesetid\" \/>\n\t<meta name=\"twitter:data1\" content=\"2 minutter\" \/>\n<script type=\"application\/ld+json\" class=\"yoast-schema-graph\">{\"@context\":\"https:\/\/schema.org\",\"@graph\":[{\"@type\":\"WebPage\",\"@id\":\"https:\/\/acta.no\/vebu\/paddan-2026\/\",\"url\":\"https:\/\/acta.no\/vebu\/paddan-2026\/\",\"name\":\"Paddan 2026 - Acta Region VeBu\",\"isPartOf\":{\"@id\":\"https:\/\/acta.no\/vebu\/#website\"},\"primaryImageOfPage\":{\"@id\":\"https:\/\/acta.no\/vebu\/paddan-2026\/#primaryimage\"},\"image\":{\"@id\":\"https:\/\/acta.no\/vebu\/paddan-2026\/#primaryimage\"},\"thumbnailUrl\":\"https:\/\/www.normisjon.no\/content\/uploads\/sites\/37\/2026\/03\/Paddan-kort-lite.jpeg\",\"datePublished\":\"2026-02-12T13:04:52+00:00\",\"dateModified\":\"2026-04-30T08:22:54+00:00\",\"breadcrumb\":{\"@id\":\"https:\/\/acta.no\/vebu\/paddan-2026\/#breadcrumb\"},\"inLanguage\":\"nb-NO\",\"potentialAction\":[{\"@type\":\"ReadAction\",\"target\":[\"https:\/\/acta.no\/vebu\/paddan-2026\/\"]}]},{\"@type\":\"ImageObject\",\"inLanguage\":\"nb-NO\",\"@id\":\"https:\/\/acta.no\/vebu\/paddan-2026\/#primaryimage\",\"url\":\"https:\/\/www.normisjon.no\/content\/uploads\/sites\/37\/2026\/03\/Paddan-kort-lite.jpeg\",\"contentUrl\":\"https:\/\/www.normisjon.no\/content\/uploads\/sites\/37\/2026\/03\/Paddan-kort-lite.jpeg\",\"width\":1264,\"height\":886},{\"@type\":\"BreadcrumbList\",\"@id\":\"https:\/\/acta.no\/vebu\/paddan-2026\/#breadcrumb\",\"itemListElement\":[{\"@type\":\"ListItem\",\"position\":1,\"name\":\"Til acta.no\",\"item\":\"https:\/\/acta.no\/\"},{\"@type\":\"ListItem\",\"position\":2,\"name\":\"Region VeBu\",\"item\":\"https:\/\/acta.no\/vebu\/\"},{\"@type\":\"ListItem\",\"position\":3,\"name\":\"Paddan 2026\"}]},{\"@type\":\"WebSite\",\"@id\":\"https:\/\/acta.no\/vebu\/#website\",\"url\":\"https:\/\/acta.no\/vebu\/\",\"name\":\"Acta Region VeBu\",\"description\":\"VeBu\",\"potentialAction\":[{\"@type\":\"SearchAction\",\"target\":{\"@type\":\"EntryPoint\",\"urlTemplate\":\"https:\/\/acta.no\/vebu\/?s={search_term_string}\"},\"query-input\":{\"@type\":\"PropertyValueSpecification\",\"valueRequired\":true,\"valueName\":\"search_term_string\"}}],\"inLanguage\":\"nb-NO\"}]}<\/script>\n<!-- \/ Yoast SEO plugin. -->","yoast_head_json":{"title":"Paddan 2026 - Acta Region VeBu","robots":{"index":"index","follow":"follow","max-snippet":"max-snippet:-1","max-image-preview":"max-image-preview:large","max-video-preview":"max-video-preview:-1"},"canonical":"https:\/\/acta.no\/vebu\/paddan-2026\/","og_locale":"nb_NO","og_type":"article","og_title":"Paddan 2026 - Acta Region VeBu","og_description":"N\u00e5r: 6.-9. august 2026 Hvor: G\u00f8teborg (oppm\u00f8te Sandefjord) Pris: fra 2850,- Alder: ferdig med 7. trinn til og med ferdig med vg2 Vil du v\u00e6re med til G\u00f8teborg for \u00e5 dra i Liseberg og oppleve en storby? Vi kan garantere puls og spenning i Liseberg, og late dager p\u00e5 stranda for de som \u00f8nsker det. [&hellip;]","og_url":"https:\/\/acta.no\/vebu\/paddan-2026\/","og_site_name":"Acta Region VeBu","article_modified_time":"2026-04-30T08:22:54+00:00","og_image":[{"width":1264,"height":886,"url":"https:\/\/www.normisjon.no\/content\/uploads\/sites\/37\/2026\/03\/Paddan-kort-lite.jpeg","type":"image\/jpeg"}],"twitter_card":"summary_large_image","twitter_misc":{"Ansl. lesetid":"2 minutter"},"schema":{"@context":"https:\/\/schema.org","@graph":[{"@type":"WebPage","@id":"https:\/\/acta.no\/vebu\/paddan-2026\/","url":"https:\/\/acta.no\/vebu\/paddan-2026\/","name":"Paddan 2026 - Acta Region VeBu","isPartOf":{"@id":"https:\/\/acta.no\/vebu\/#website"},"primaryImageOfPage":{"@id":"https:\/\/acta.no\/vebu\/paddan-2026\/#primaryimage"},"image":{"@id":"https:\/\/acta.no\/vebu\/paddan-2026\/#primaryimage"},"thumbnailUrl":"https:\/\/www.normisjon.no\/content\/uploads\/sites\/37\/2026\/03\/Paddan-kort-lite.jpeg","datePublished":"2026-02-12T13:04:52+00:00","dateModified":"2026-04-30T08:22:54+00:00","breadcrumb":{"@id":"https:\/\/acta.no\/vebu\/paddan-2026\/#breadcrumb"},"inLanguage":"nb-NO","potentialAction":[{"@type":"ReadAction","target":["https:\/\/acta.no\/vebu\/paddan-2026\/"]}]},{"@type":"ImageObject","inLanguage":"nb-NO","@id":"https:\/\/acta.no\/vebu\/paddan-2026\/#primaryimage","url":"https:\/\/www.normisjon.no\/content\/uploads\/sites\/37\/2026\/03\/Paddan-kort-lite.jpeg","contentUrl":"https:\/\/www.normisjon.no\/content\/uploads\/sites\/37\/2026\/03\/Paddan-kort-lite.jpeg","width":1264,"height":886},{"@type":"BreadcrumbList","@id":"https:\/\/acta.no\/vebu\/paddan-2026\/#breadcrumb","itemListElement":[{"@type":"ListItem","position":1,"name":"Til acta.no","item":"https:\/\/acta.no\/"},{"@type":"ListItem","position":2,"name":"Region VeBu","item":"https:\/\/acta.no\/vebu\/"},{"@type":"ListItem","position":3,"name":"Paddan 2026"}]},{"@type":"WebSite","@id":"https:\/\/acta.no\/vebu\/#website","url":"https:\/\/acta.no\/vebu\/","name":"Acta Region VeBu","description":"VeBu","potentialAction":[{"@type":"SearchAction","target":{"@type":"EntryPoint","urlTemplate":"https:\/\/acta.no\/vebu\/?s={search_term_string}"},"query-input":{"@type":"PropertyValueSpecification","valueRequired":true,"valueName":"search_term_string"}}],"inLanguage":"nb-NO"}]}},"_links":{"self":[{"href":"https:\/\/acta.no\/vebu\/wp-json\/wp\/v2\/pages\/2823","targetHints":{"allow":["GET"]}}],"collection":[{"href":"https:\/\/acta.no\/vebu\/wp-json\/wp\/v2\/pages"}],"about":[{"href":"https:\/\/acta.no\/vebu\/wp-json\/wp\/v2\/types\/page"}],"author":[{"embeddable":true,"href":"https:\/\/acta.no\/vebu\/wp-json\/wp\/v2\/users\/81"}],"replies":[{"embeddable":true,"href":"https:\/\/acta.no\/vebu\/wp-json\/wp\/v2\/comments?post=2823"}],"version-history":[{"count":4,"href":"https:\/\/acta.no\/vebu\/wp-json\/wp\/v2\/pages\/2823\/revisions"}],"predecessor-version":[{"id":2926,"href":"https:\/\/acta.no\/vebu\/wp-json\/wp\/v2\/pages\/2823\/revisions\/2926"}],"wp:featuredmedia":[{"embeddable":true,"href":"https:\/\/acta.no\/vebu\/wp-json\/wp\/v2\/media\/2903"}],"wp:attachment":[{"href":"https:\/\/acta.no\/vebu\/wp-json\/wp\/v2\/media?parent=2823"}],"curies":[{"name":"wp","href":"https:\/\/api.w.org\/{rel}","templated":true}]}}