{"id":2808,"date":"2026-02-12T12:31:39","date_gmt":"2026-02-12T12:31:39","guid":{"rendered":"https:\/\/acta.no\/vebu\/?page_id=2808"},"modified":"2026-04-30T08:23:30","modified_gmt":"2026-04-30T08:23:30","slug":"sportyfestival-2026","status":"publish","type":"page","link":"https:\/\/acta.no\/vebu\/sportyfestival-2026\/","title":{"rendered":"Sportyfestival 2026"},"content":{"rendered":"<div class=\"gutenberg-content\">\n<figure class=\"wp-block-image size-large\"><img loading=\"lazy\" decoding=\"async\" width=\"1024\" height=\"456\" src=\"https:\/\/www.normisjon.no\/content\/uploads\/sites\/37\/2026\/02\/Sportyfestival-bading-crop-1024x456.jpg\" alt=\"\" class=\"wp-image-2810\" srcset=\"https:\/\/www.normisjon.no\/content\/uploads\/sites\/37\/2026\/02\/Sportyfestival-bading-crop-1024x456.jpg 1024w, https:\/\/www.normisjon.no\/content\/uploads\/sites\/37\/2026\/02\/Sportyfestival-bading-crop-300x134.jpg 300w, https:\/\/www.normisjon.no\/content\/uploads\/sites\/37\/2026\/02\/Sportyfestival-bading-crop-768x342.jpg 768w, https:\/\/www.normisjon.no\/content\/uploads\/sites\/37\/2026\/02\/Sportyfestival-bading-crop-1536x684.jpg 1536w, https:\/\/www.normisjon.no\/content\/uploads\/sites\/37\/2026\/02\/Sportyfestival-bading-crop-2048x912.jpg 2048w, https:\/\/www.normisjon.no\/content\/uploads\/sites\/37\/2026\/02\/Sportyfestival-bading-crop-1920x855.jpg 1920w, https:\/\/www.normisjon.no\/content\/uploads\/sites\/37\/2026\/02\/Sportyfestival-bading-crop-1360x606.jpg 1360w, https:\/\/www.normisjon.no\/content\/uploads\/sites\/37\/2026\/02\/Sportyfestival-bading-crop-960x427.jpg 960w\" sizes=\"auto, (max-width: 1024px) 100vw, 1024px\" \/><\/figure>\n\n\n\n<p><strong>Tid:&nbsp; &nbsp; &nbsp; 27. juni &#8211; 30. juni 2026<\/strong><\/p>\n\n\n\n<p><strong>Sted:<\/strong>&nbsp; &nbsp;<strong>Strand leirsted<\/strong><\/p>\n\n\n\n<p><strong>Pris<\/strong>:&nbsp; &nbsp;&nbsp;<strong>fra 2490,-<\/strong><\/p>\n\n\n\n<p><strong>Alder<\/strong>:&nbsp;&nbsp;<strong>ferdig 4. trinn \u2013 ferdig 7. trinn<\/strong><\/p>\n\n\n\n<p><em>Bli med p\u00e5 den legendariske leiren hvor alt skjer! Sportyfestivalen har v\u00e6rt en storsl\u00e5tt tradisjon p\u00e5 Strand i mange \u00e5r, og i \u00e5r blir det enda mer action! Her m\u00f8ter du sol, sommer og masse fantastiske mennesker. V\u00e5re engasjerte ledere ser virkelig frem til \u00e5 m\u00f8te deg, og leiren er fylt med spennende aktiviteter. Vi byr blant annet p\u00e5 sj\u00f8slag, klatring, klippebading, kanopadling, ballspill, s\u00e5pehockey og et eget leirb\u00e5l. I tillegg f\u00e5r du bibeltimer med l\u00e6rerike temaer, og kveldsunderholdningen blir helt r\u00e5 med et splitter nytt Kveldskr\u00e6sjshow!<\/em><\/p>\n\n\n\n<p><em>Kom og v\u00e6r med p\u00e5 Sportyfestivalen \u2013 den ultimate leiren p\u00e5 Strand leirsted!<\/em><\/p>\n\n\n\n<p>Acta VeBu anbefaler alle \u00e5 melde seg inn i leirklubben, det koster kr. 100,- per \u00e5r, og da f\u00e5r du fra kr. 200,- i avslag per leir innenfor samme kalender\u00e5r. Medlemskap i leirklubben gir oss tilgang til st\u00f8ttemidler til \u00e5 drive enda mer leir!<\/p>\n\n\n\n<p><strong>Festival inkl. leirklubbmedlemskap | kr. 2590,-<\/strong><\/p>\n\n\n\n<p><strong>Pris for medlemmer i leirklubben | kr. 2490,-<\/strong><\/p>\n\n\n\n<p><strong>Festival uten leirklubbmedlemskap | kr. 2790,-<\/strong><\/p>\n\n\n\n<div class=\"wp-block-buttons is-layout-flex wp-block-buttons-is-layout-flex\">\n<div class=\"wp-block-button\"><a class=\"wp-block-button__link wp-element-button\" href=\"https:\/\/event.checkin.no\/217807\/sportyfestivalen-2026\">p\u00e5melding her!<\/a><\/div>\n<\/div>\n\n\n\n<p><em>tter 5. juni stiger alle priser med 200,-.&nbsp;Leirprisen inkluderer, mat, aktiviteter og overnatting. Ved alle leirer er det et p\u00e5meldingsgebyr (inkl. i leirpris) p\u00e5 kr. 400, dette refunderes ikke ved avmelding. Ved avmelding 7-1 dager f\u00f8r leirstart refunderes 50% av leirprisen. Ved avmelding senere enn 24 timer blir ingenting refundert.<\/em><\/p>\n\n\n\n<p><strong>Leir for alle!<\/strong><\/p>\n\n\n\n<p><a href=\"https:\/\/acta.no\/vebu\/leir-fond-og-leir-stotte-2026\/\" target=\"_blank\" rel=\"noreferrer noopener\">Vi har et eget leirfond, f\u00f8lg linken her for \u00e5 lese mer om hvilke muligheter dette gir<\/a><\/p>\n\n\n\n<p><strong>Har du sp\u00f8rsm\u00e5l?&nbsp;<\/strong><\/p>\n\n\n\n<p>Kontakt:<\/p>\n\n\n\n<p>Actaleder Stein Joar Myrvang&nbsp;p\u00e5 tlf.: 995 00 047 eller send en mail til stein.joar.myrvang@normisjon.no.<\/p>\n\n\n\n<p>Til de p\u00e5meldte blir det sendt ut et informasjonsbrev p\u00e5 mail en uke f\u00f8r leiren starter.<\/p>\n<\/div>","protected":false},"excerpt":{"rendered":"<p>Tid:&nbsp; &nbsp; &nbsp; 27. juni &#8211; 30. juni 2026 Sted:&nbsp; &nbsp;Strand leirsted Pris:&nbsp; &nbsp;&nbsp;fra 2490,- Alder:&nbsp;&nbsp;ferdig 4. trinn \u2013 ferdig 7. trinn Bli med p\u00e5 den legendariske leiren hvor alt skjer! Sportyfestivalen har v\u00e6rt en storsl\u00e5tt tradisjon p\u00e5 Strand i mange \u00e5r, og i \u00e5r blir det enda mer action! Her m\u00f8ter du sol, sommer [&hellip;]<\/p>\n","protected":false},"author":81,"featured_media":2811,"parent":0,"menu_order":0,"comment_status":"closed","ping_status":"closed","template":"","meta":{"_acf_changed":false,"footnotes":""},"class_list":["post-2808","page","type-page","status-publish","has-post-thumbnail","hentry"],"acf":[],"yoast_head":"<!-- This site is optimized with the Yoast SEO plugin v25.9 - https:\/\/yoast.com\/wordpress\/plugins\/seo\/ -->\n<title>Sportyfestival 2026 - Acta Region VeBu<\/title>\n<meta name=\"robots\" content=\"index, follow, max-snippet:-1, max-image-preview:large, max-video-preview:-1\" \/>\n<link rel=\"canonical\" href=\"https:\/\/acta.no\/vebu\/sportyfestival-2026\/\" \/>\n<meta property=\"og:locale\" content=\"nb_NO\" \/>\n<meta property=\"og:type\" content=\"article\" \/>\n<meta property=\"og:title\" content=\"Sportyfestival 2026 - Acta Region VeBu\" \/>\n<meta property=\"og:description\" content=\"Tid:&nbsp; &nbsp; &nbsp; 27. juni &#8211; 30. juni 2026 Sted:&nbsp; &nbsp;Strand leirsted Pris:&nbsp; &nbsp;&nbsp;fra 2490,- Alder:&nbsp;&nbsp;ferdig 4. trinn \u2013 ferdig 7. trinn Bli med p\u00e5 den legendariske leiren hvor alt skjer! Sportyfestivalen har v\u00e6rt en storsl\u00e5tt tradisjon p\u00e5 Strand i mange \u00e5r, og i \u00e5r blir det enda mer action! Her m\u00f8ter du sol, sommer [&hellip;]\" \/>\n<meta property=\"og:url\" content=\"https:\/\/acta.no\/vebu\/sportyfestival-2026\/\" \/>\n<meta property=\"og:site_name\" content=\"Acta Region VeBu\" \/>\n<meta property=\"article:modified_time\" content=\"2026-04-30T08:23:30+00:00\" \/>\n<meta property=\"og:image\" content=\"https:\/\/www.normisjon.no\/content\/uploads\/sites\/37\/2026\/02\/Sporty-color-2026-crop-scaled.jpg\" \/>\n\t<meta property=\"og:image:width\" content=\"2560\" \/>\n\t<meta property=\"og:image:height\" content=\"1462\" \/>\n\t<meta property=\"og:image:type\" content=\"image\/jpeg\" \/>\n<meta name=\"twitter:card\" content=\"summary_large_image\" \/>\n<meta name=\"twitter:label1\" content=\"Ansl. lesetid\" \/>\n\t<meta name=\"twitter:data1\" content=\"2 minutter\" \/>\n<script type=\"application\/ld+json\" class=\"yoast-schema-graph\">{\"@context\":\"https:\/\/schema.org\",\"@graph\":[{\"@type\":\"WebPage\",\"@id\":\"https:\/\/acta.no\/vebu\/sportyfestival-2026\/\",\"url\":\"https:\/\/acta.no\/vebu\/sportyfestival-2026\/\",\"name\":\"Sportyfestival 2026 - Acta Region VeBu\",\"isPartOf\":{\"@id\":\"https:\/\/acta.no\/vebu\/#website\"},\"primaryImageOfPage\":{\"@id\":\"https:\/\/acta.no\/vebu\/sportyfestival-2026\/#primaryimage\"},\"image\":{\"@id\":\"https:\/\/acta.no\/vebu\/sportyfestival-2026\/#primaryimage\"},\"thumbnailUrl\":\"https:\/\/www.normisjon.no\/content\/uploads\/sites\/37\/2026\/02\/Sporty-color-2026-crop-scaled.jpg\",\"datePublished\":\"2026-02-12T12:31:39+00:00\",\"dateModified\":\"2026-04-30T08:23:30+00:00\",\"breadcrumb\":{\"@id\":\"https:\/\/acta.no\/vebu\/sportyfestival-2026\/#breadcrumb\"},\"inLanguage\":\"nb-NO\",\"potentialAction\":[{\"@type\":\"ReadAction\",\"target\":[\"https:\/\/acta.no\/vebu\/sportyfestival-2026\/\"]}]},{\"@type\":\"ImageObject\",\"inLanguage\":\"nb-NO\",\"@id\":\"https:\/\/acta.no\/vebu\/sportyfestival-2026\/#primaryimage\",\"url\":\"https:\/\/www.normisjon.no\/content\/uploads\/sites\/37\/2026\/02\/Sporty-color-2026-crop-scaled.jpg\",\"contentUrl\":\"https:\/\/www.normisjon.no\/content\/uploads\/sites\/37\/2026\/02\/Sporty-color-2026-crop-scaled.jpg\",\"width\":2560,\"height\":1462},{\"@type\":\"BreadcrumbList\",\"@id\":\"https:\/\/acta.no\/vebu\/sportyfestival-2026\/#breadcrumb\",\"itemListElement\":[{\"@type\":\"ListItem\",\"position\":1,\"name\":\"Til acta.no\",\"item\":\"https:\/\/acta.no\/\"},{\"@type\":\"ListItem\",\"position\":2,\"name\":\"Region VeBu\",\"item\":\"https:\/\/acta.no\/vebu\/\"},{\"@type\":\"ListItem\",\"position\":3,\"name\":\"Sportyfestival 2026\"}]},{\"@type\":\"WebSite\",\"@id\":\"https:\/\/acta.no\/vebu\/#website\",\"url\":\"https:\/\/acta.no\/vebu\/\",\"name\":\"Acta Region VeBu\",\"description\":\"VeBu\",\"potentialAction\":[{\"@type\":\"SearchAction\",\"target\":{\"@type\":\"EntryPoint\",\"urlTemplate\":\"https:\/\/acta.no\/vebu\/?s={search_term_string}\"},\"query-input\":{\"@type\":\"PropertyValueSpecification\",\"valueRequired\":true,\"valueName\":\"search_term_string\"}}],\"inLanguage\":\"nb-NO\"}]}<\/script>\n<!-- \/ Yoast SEO plugin. -->","yoast_head_json":{"title":"Sportyfestival 2026 - Acta Region VeBu","robots":{"index":"index","follow":"follow","max-snippet":"max-snippet:-1","max-image-preview":"max-image-preview:large","max-video-preview":"max-video-preview:-1"},"canonical":"https:\/\/acta.no\/vebu\/sportyfestival-2026\/","og_locale":"nb_NO","og_type":"article","og_title":"Sportyfestival 2026 - Acta Region VeBu","og_description":"Tid:&nbsp; &nbsp; &nbsp; 27. juni &#8211; 30. juni 2026 Sted:&nbsp; &nbsp;Strand leirsted Pris:&nbsp; &nbsp;&nbsp;fra 2490,- Alder:&nbsp;&nbsp;ferdig 4. trinn \u2013 ferdig 7. trinn Bli med p\u00e5 den legendariske leiren hvor alt skjer! Sportyfestivalen har v\u00e6rt en storsl\u00e5tt tradisjon p\u00e5 Strand i mange \u00e5r, og i \u00e5r blir det enda mer action! Her m\u00f8ter du sol, sommer [&hellip;]","og_url":"https:\/\/acta.no\/vebu\/sportyfestival-2026\/","og_site_name":"Acta Region VeBu","article_modified_time":"2026-04-30T08:23:30+00:00","og_image":[{"width":2560,"height":1462,"url":"https:\/\/www.normisjon.no\/content\/uploads\/sites\/37\/2026\/02\/Sporty-color-2026-crop-scaled.jpg","type":"image\/jpeg"}],"twitter_card":"summary_large_image","twitter_misc":{"Ansl. lesetid":"2 minutter"},"schema":{"@context":"https:\/\/schema.org","@graph":[{"@type":"WebPage","@id":"https:\/\/acta.no\/vebu\/sportyfestival-2026\/","url":"https:\/\/acta.no\/vebu\/sportyfestival-2026\/","name":"Sportyfestival 2026 - Acta Region VeBu","isPartOf":{"@id":"https:\/\/acta.no\/vebu\/#website"},"primaryImageOfPage":{"@id":"https:\/\/acta.no\/vebu\/sportyfestival-2026\/#primaryimage"},"image":{"@id":"https:\/\/acta.no\/vebu\/sportyfestival-2026\/#primaryimage"},"thumbnailUrl":"https:\/\/www.normisjon.no\/content\/uploads\/sites\/37\/2026\/02\/Sporty-color-2026-crop-scaled.jpg","datePublished":"2026-02-12T12:31:39+00:00","dateModified":"2026-04-30T08:23:30+00:00","breadcrumb":{"@id":"https:\/\/acta.no\/vebu\/sportyfestival-2026\/#breadcrumb"},"inLanguage":"nb-NO","potentialAction":[{"@type":"ReadAction","target":["https:\/\/acta.no\/vebu\/sportyfestival-2026\/"]}]},{"@type":"ImageObject","inLanguage":"nb-NO","@id":"https:\/\/acta.no\/vebu\/sportyfestival-2026\/#primaryimage","url":"https:\/\/www.normisjon.no\/content\/uploads\/sites\/37\/2026\/02\/Sporty-color-2026-crop-scaled.jpg","contentUrl":"https:\/\/www.normisjon.no\/content\/uploads\/sites\/37\/2026\/02\/Sporty-color-2026-crop-scaled.jpg","width":2560,"height":1462},{"@type":"BreadcrumbList","@id":"https:\/\/acta.no\/vebu\/sportyfestival-2026\/#breadcrumb","itemListElement":[{"@type":"ListItem","position":1,"name":"Til acta.no","item":"https:\/\/acta.no\/"},{"@type":"ListItem","position":2,"name":"Region VeBu","item":"https:\/\/acta.no\/vebu\/"},{"@type":"ListItem","position":3,"name":"Sportyfestival 2026"}]},{"@type":"WebSite","@id":"https:\/\/acta.no\/vebu\/#website","url":"https:\/\/acta.no\/vebu\/","name":"Acta Region VeBu","description":"VeBu","potentialAction":[{"@type":"SearchAction","target":{"@type":"EntryPoint","urlTemplate":"https:\/\/acta.no\/vebu\/?s={search_term_string}"},"query-input":{"@type":"PropertyValueSpecification","valueRequired":true,"valueName":"search_term_string"}}],"inLanguage":"nb-NO"}]}},"_links":{"self":[{"href":"https:\/\/acta.no\/vebu\/wp-json\/wp\/v2\/pages\/2808","targetHints":{"allow":["GET"]}}],"collection":[{"href":"https:\/\/acta.no\/vebu\/wp-json\/wp\/v2\/pages"}],"about":[{"href":"https:\/\/acta.no\/vebu\/wp-json\/wp\/v2\/types\/page"}],"author":[{"embeddable":true,"href":"https:\/\/acta.no\/vebu\/wp-json\/wp\/v2\/users\/81"}],"replies":[{"embeddable":true,"href":"https:\/\/acta.no\/vebu\/wp-json\/wp\/v2\/comments?post=2808"}],"version-history":[{"count":5,"href":"https:\/\/acta.no\/vebu\/wp-json\/wp\/v2\/pages\/2808\/revisions"}],"predecessor-version":[{"id":2927,"href":"https:\/\/acta.no\/vebu\/wp-json\/wp\/v2\/pages\/2808\/revisions\/2927"}],"wp:featuredmedia":[{"embeddable":true,"href":"https:\/\/acta.no\/vebu\/wp-json\/wp\/v2\/media\/2811"}],"wp:attachment":[{"href":"https:\/\/acta.no\/vebu\/wp-json\/wp\/v2\/media?parent=2808"}],"curies":[{"name":"wp","href":"https:\/\/api.w.org\/{rel}","templated":true}]}}