{"id":2798,"date":"2026-02-12T12:12:49","date_gmt":"2026-02-12T12:12:49","guid":{"rendered":"https:\/\/acta.no\/vebu\/?page_id=2798"},"modified":"2026-04-30T08:17:50","modified_gmt":"2026-04-30T08:17:50","slug":"minileir-2026","status":"publish","type":"page","link":"https:\/\/acta.no\/vebu\/minileir-2026\/","title":{"rendered":"Minileir 2026"},"content":{"rendered":"<div class=\"gutenberg-content\">\n<figure class=\"wp-block-image size-large\"><img loading=\"lazy\" decoding=\"async\" width=\"1024\" height=\"370\" src=\"https:\/\/www.normisjon.no\/content\/uploads\/sites\/37\/2026\/02\/Minileir-verksted-26-crop-1024x370.jpeg\" alt=\"\" class=\"wp-image-2799\" srcset=\"https:\/\/www.normisjon.no\/content\/uploads\/sites\/37\/2026\/02\/Minileir-verksted-26-crop-1024x370.jpeg 1024w, https:\/\/www.normisjon.no\/content\/uploads\/sites\/37\/2026\/02\/Minileir-verksted-26-crop-300x108.jpeg 300w, https:\/\/www.normisjon.no\/content\/uploads\/sites\/37\/2026\/02\/Minileir-verksted-26-crop-768x278.jpeg 768w, https:\/\/www.normisjon.no\/content\/uploads\/sites\/37\/2026\/02\/Minileir-verksted-26-crop-1536x555.jpeg 1536w, https:\/\/www.normisjon.no\/content\/uploads\/sites\/37\/2026\/02\/Minileir-verksted-26-crop-2048x740.jpeg 2048w, https:\/\/www.normisjon.no\/content\/uploads\/sites\/37\/2026\/02\/Minileir-verksted-26-crop-1920x694.jpeg 1920w, https:\/\/www.normisjon.no\/content\/uploads\/sites\/37\/2026\/02\/Minileir-verksted-26-crop-1360x491.jpeg 1360w, https:\/\/www.normisjon.no\/content\/uploads\/sites\/37\/2026\/02\/Minileir-verksted-26-crop-960x347.jpeg 960w\" sizes=\"auto, (max-width: 1024px) 100vw, 1024px\" \/><\/figure>\n\n\n\n<p><strong>N\u00e5r: 13- 14. juni 2026<\/strong><\/p>\n\n\n\n<p><strong>Hvor: Strand leirsted, Sandefjord<\/strong><\/p>\n\n\n\n<p><strong>Pris. fra 700,-<\/strong><\/p>\n\n\n\n<p><strong>Alder:&nbsp;3 \u00e5r -sommeren f\u00f8r skolestart (i f\u00f8lge med en voksen)<\/strong><\/p>\n\n\n\n<p>Minileir er ett d\u00f8gn fullt med leker, slush, sang og aktiviteter for de minste. Dette er et hyggelig, og meningsfullt d\u00f8gn p\u00e5 Strand leirsted med de minste i f\u00f8lge med en voksen. Det blir undervisning, vi skal synge sanger og h\u00f8re om Jesus. Du blir kjent med unge ledere som vil v\u00e6re sammen med deg, vi skal leke og ha det g\u00f8y, spise god mat og kj\u00f8pe noe godt i kiosken.<\/p>\n\n\n\n<p>Acta VeBu anbefaler alle \u00e5 melde seg inn i leirklubben, det koster kr. 100,- per \u00e5r, og da f\u00e5r du kr. fra 200,- i avslag per leir innenfor samme kalender\u00e5r. Medlemskap i leirklubben gir oss tilgang til st\u00f8ttemidler til \u00e5 drive enda mer leir!<\/p>\n\n\n\n<p><strong>Pris for medlemmer i leirklubben | kr. 700,-<\/strong><\/p>\n\n\n\n<p><strong>Leir inkl. leirklubbmedlemskap | kr. 800,-<\/strong><\/p>\n\n\n\n<p><strong>Leir uten leirklubbmedlemskap | kr. 900,-<\/strong><\/p>\n\n\n\n<p><strong>Voksenpris | kr. 850,-<\/strong><\/p>\n\n\n\n<div class=\"wp-block-buttons is-layout-flex wp-block-buttons-is-layout-flex\">\n<div class=\"wp-block-button\"><a class=\"wp-block-button__link wp-element-button\" href=\"https:\/\/event.checkin.no\/218663\/minileir-2026\">P\u00e5melding her!<\/a><\/div>\n<\/div>\n\n\n\n<p>Etter 25. mai stiger alle priser med 200,-. Leirprisen inkluderer, mat, aktiviteter og overnatting. Ved alle leirer er det et p\u00e5meldingsgebyr (inkl. i leirpris) p\u00e5 kr. 400, dette refunderes ikke ved avmedling. Ved avmelding 7-2 dager f\u00f8r leirstart refunderes 50% av leirprisen. Ved avmelding senere enn 48 timer blir ingenting refundert.<\/p>\n\n\n\n<p><strong>Leir for alle!<\/strong><\/p>\n\n\n\n<p><a href=\"https:\/\/acta.no\/vebu\/leir-fond-og-leir-stotte-2026\/\" target=\"_blank\" rel=\"noreferrer noopener\">Vi har et eget leirfond, f\u00f8lg linken her for \u00e5 lese mer om hvilke muligheter dette gir<\/a><\/p>\n\n\n\n<p><strong>Har du sp\u00f8rsm\u00e5l?<\/strong><\/p>\n\n\n\n<p>Kontakt Actaleder Stein Joar Myrvang p\u00e5 tlf.: 995 00 047 eller send en mail til stein.joar.myrvang@normisjon.no. Til de p\u00e5meldte blir det sendt ut et informasjonsbrev p\u00e5 mail senest ti dager f\u00f8r leiren starter.<\/p>\n<\/div>","protected":false},"excerpt":{"rendered":"<p>N\u00e5r: 13- 14. juni 2026 Hvor: Strand leirsted, Sandefjord Pris. fra 700,- Alder:&nbsp;3 \u00e5r -sommeren f\u00f8r skolestart (i f\u00f8lge med en voksen) Minileir er ett d\u00f8gn fullt med leker, slush, sang og aktiviteter for de minste. Dette er et hyggelig, og meningsfullt d\u00f8gn p\u00e5 Strand leirsted med de minste i f\u00f8lge med en voksen. Det [&hellip;]<\/p>\n","protected":false},"author":81,"featured_media":2800,"parent":0,"menu_order":0,"comment_status":"closed","ping_status":"closed","template":"","meta":{"_acf_changed":false,"footnotes":""},"class_list":["post-2798","page","type-page","status-publish","has-post-thumbnail","hentry"],"acf":[],"yoast_head":"<!-- This site is optimized with the Yoast SEO plugin v25.9 - https:\/\/yoast.com\/wordpress\/plugins\/seo\/ -->\n<title>Minileir 2026 - Acta Region VeBu<\/title>\n<meta name=\"robots\" content=\"index, follow, max-snippet:-1, max-image-preview:large, max-video-preview:-1\" \/>\n<link rel=\"canonical\" href=\"https:\/\/acta.no\/vebu\/minileir-2026\/\" \/>\n<meta property=\"og:locale\" content=\"nb_NO\" \/>\n<meta property=\"og:type\" content=\"article\" \/>\n<meta property=\"og:title\" content=\"Minileir 2026 - Acta Region VeBu\" \/>\n<meta property=\"og:description\" content=\"N\u00e5r: 13- 14. juni 2026 Hvor: Strand leirsted, Sandefjord Pris. fra 700,- Alder:&nbsp;3 \u00e5r -sommeren f\u00f8r skolestart (i f\u00f8lge med en voksen) Minileir er ett d\u00f8gn fullt med leker, slush, sang og aktiviteter for de minste. Dette er et hyggelig, og meningsfullt d\u00f8gn p\u00e5 Strand leirsted med de minste i f\u00f8lge med en voksen. Det [&hellip;]\" \/>\n<meta property=\"og:url\" content=\"https:\/\/acta.no\/vebu\/minileir-2026\/\" \/>\n<meta property=\"og:site_name\" content=\"Acta Region VeBu\" \/>\n<meta property=\"article:modified_time\" content=\"2026-04-30T08:17:50+00:00\" \/>\n<meta property=\"og:image\" content=\"https:\/\/www.normisjon.no\/content\/uploads\/sites\/37\/2026\/02\/minileir-crop-scaled.jpeg\" \/>\n\t<meta property=\"og:image:width\" content=\"2560\" \/>\n\t<meta property=\"og:image:height\" content=\"1721\" \/>\n\t<meta property=\"og:image:type\" content=\"image\/jpeg\" \/>\n<meta name=\"twitter:card\" content=\"summary_large_image\" \/>\n<meta name=\"twitter:label1\" content=\"Ansl. lesetid\" \/>\n\t<meta name=\"twitter:data1\" content=\"2 minutter\" \/>\n<script type=\"application\/ld+json\" class=\"yoast-schema-graph\">{\"@context\":\"https:\/\/schema.org\",\"@graph\":[{\"@type\":\"WebPage\",\"@id\":\"https:\/\/acta.no\/vebu\/minileir-2026\/\",\"url\":\"https:\/\/acta.no\/vebu\/minileir-2026\/\",\"name\":\"Minileir 2026 - Acta Region VeBu\",\"isPartOf\":{\"@id\":\"https:\/\/acta.no\/vebu\/#website\"},\"primaryImageOfPage\":{\"@id\":\"https:\/\/acta.no\/vebu\/minileir-2026\/#primaryimage\"},\"image\":{\"@id\":\"https:\/\/acta.no\/vebu\/minileir-2026\/#primaryimage\"},\"thumbnailUrl\":\"https:\/\/www.normisjon.no\/content\/uploads\/sites\/37\/2026\/02\/minileir-crop-scaled.jpeg\",\"datePublished\":\"2026-02-12T12:12:49+00:00\",\"dateModified\":\"2026-04-30T08:17:50+00:00\",\"breadcrumb\":{\"@id\":\"https:\/\/acta.no\/vebu\/minileir-2026\/#breadcrumb\"},\"inLanguage\":\"nb-NO\",\"potentialAction\":[{\"@type\":\"ReadAction\",\"target\":[\"https:\/\/acta.no\/vebu\/minileir-2026\/\"]}]},{\"@type\":\"ImageObject\",\"inLanguage\":\"nb-NO\",\"@id\":\"https:\/\/acta.no\/vebu\/minileir-2026\/#primaryimage\",\"url\":\"https:\/\/www.normisjon.no\/content\/uploads\/sites\/37\/2026\/02\/minileir-crop-scaled.jpeg\",\"contentUrl\":\"https:\/\/www.normisjon.no\/content\/uploads\/sites\/37\/2026\/02\/minileir-crop-scaled.jpeg\",\"width\":2560,\"height\":1721},{\"@type\":\"BreadcrumbList\",\"@id\":\"https:\/\/acta.no\/vebu\/minileir-2026\/#breadcrumb\",\"itemListElement\":[{\"@type\":\"ListItem\",\"position\":1,\"name\":\"Til acta.no\",\"item\":\"https:\/\/acta.no\/\"},{\"@type\":\"ListItem\",\"position\":2,\"name\":\"Region VeBu\",\"item\":\"https:\/\/acta.no\/vebu\/\"},{\"@type\":\"ListItem\",\"position\":3,\"name\":\"Minileir 2026\"}]},{\"@type\":\"WebSite\",\"@id\":\"https:\/\/acta.no\/vebu\/#website\",\"url\":\"https:\/\/acta.no\/vebu\/\",\"name\":\"Acta Region VeBu\",\"description\":\"VeBu\",\"potentialAction\":[{\"@type\":\"SearchAction\",\"target\":{\"@type\":\"EntryPoint\",\"urlTemplate\":\"https:\/\/acta.no\/vebu\/?s={search_term_string}\"},\"query-input\":{\"@type\":\"PropertyValueSpecification\",\"valueRequired\":true,\"valueName\":\"search_term_string\"}}],\"inLanguage\":\"nb-NO\"}]}<\/script>\n<!-- \/ Yoast SEO plugin. -->","yoast_head_json":{"title":"Minileir 2026 - Acta Region VeBu","robots":{"index":"index","follow":"follow","max-snippet":"max-snippet:-1","max-image-preview":"max-image-preview:large","max-video-preview":"max-video-preview:-1"},"canonical":"https:\/\/acta.no\/vebu\/minileir-2026\/","og_locale":"nb_NO","og_type":"article","og_title":"Minileir 2026 - Acta Region VeBu","og_description":"N\u00e5r: 13- 14. juni 2026 Hvor: Strand leirsted, Sandefjord Pris. fra 700,- Alder:&nbsp;3 \u00e5r -sommeren f\u00f8r skolestart (i f\u00f8lge med en voksen) Minileir er ett d\u00f8gn fullt med leker, slush, sang og aktiviteter for de minste. Dette er et hyggelig, og meningsfullt d\u00f8gn p\u00e5 Strand leirsted med de minste i f\u00f8lge med en voksen. Det [&hellip;]","og_url":"https:\/\/acta.no\/vebu\/minileir-2026\/","og_site_name":"Acta Region VeBu","article_modified_time":"2026-04-30T08:17:50+00:00","og_image":[{"width":2560,"height":1721,"url":"https:\/\/www.normisjon.no\/content\/uploads\/sites\/37\/2026\/02\/minileir-crop-scaled.jpeg","type":"image\/jpeg"}],"twitter_card":"summary_large_image","twitter_misc":{"Ansl. lesetid":"2 minutter"},"schema":{"@context":"https:\/\/schema.org","@graph":[{"@type":"WebPage","@id":"https:\/\/acta.no\/vebu\/minileir-2026\/","url":"https:\/\/acta.no\/vebu\/minileir-2026\/","name":"Minileir 2026 - Acta Region VeBu","isPartOf":{"@id":"https:\/\/acta.no\/vebu\/#website"},"primaryImageOfPage":{"@id":"https:\/\/acta.no\/vebu\/minileir-2026\/#primaryimage"},"image":{"@id":"https:\/\/acta.no\/vebu\/minileir-2026\/#primaryimage"},"thumbnailUrl":"https:\/\/www.normisjon.no\/content\/uploads\/sites\/37\/2026\/02\/minileir-crop-scaled.jpeg","datePublished":"2026-02-12T12:12:49+00:00","dateModified":"2026-04-30T08:17:50+00:00","breadcrumb":{"@id":"https:\/\/acta.no\/vebu\/minileir-2026\/#breadcrumb"},"inLanguage":"nb-NO","potentialAction":[{"@type":"ReadAction","target":["https:\/\/acta.no\/vebu\/minileir-2026\/"]}]},{"@type":"ImageObject","inLanguage":"nb-NO","@id":"https:\/\/acta.no\/vebu\/minileir-2026\/#primaryimage","url":"https:\/\/www.normisjon.no\/content\/uploads\/sites\/37\/2026\/02\/minileir-crop-scaled.jpeg","contentUrl":"https:\/\/www.normisjon.no\/content\/uploads\/sites\/37\/2026\/02\/minileir-crop-scaled.jpeg","width":2560,"height":1721},{"@type":"BreadcrumbList","@id":"https:\/\/acta.no\/vebu\/minileir-2026\/#breadcrumb","itemListElement":[{"@type":"ListItem","position":1,"name":"Til acta.no","item":"https:\/\/acta.no\/"},{"@type":"ListItem","position":2,"name":"Region VeBu","item":"https:\/\/acta.no\/vebu\/"},{"@type":"ListItem","position":3,"name":"Minileir 2026"}]},{"@type":"WebSite","@id":"https:\/\/acta.no\/vebu\/#website","url":"https:\/\/acta.no\/vebu\/","name":"Acta Region VeBu","description":"VeBu","potentialAction":[{"@type":"SearchAction","target":{"@type":"EntryPoint","urlTemplate":"https:\/\/acta.no\/vebu\/?s={search_term_string}"},"query-input":{"@type":"PropertyValueSpecification","valueRequired":true,"valueName":"search_term_string"}}],"inLanguage":"nb-NO"}]}},"_links":{"self":[{"href":"https:\/\/acta.no\/vebu\/wp-json\/wp\/v2\/pages\/2798","targetHints":{"allow":["GET"]}}],"collection":[{"href":"https:\/\/acta.no\/vebu\/wp-json\/wp\/v2\/pages"}],"about":[{"href":"https:\/\/acta.no\/vebu\/wp-json\/wp\/v2\/types\/page"}],"author":[{"embeddable":true,"href":"https:\/\/acta.no\/vebu\/wp-json\/wp\/v2\/users\/81"}],"replies":[{"embeddable":true,"href":"https:\/\/acta.no\/vebu\/wp-json\/wp\/v2\/comments?post=2798"}],"version-history":[{"count":7,"href":"https:\/\/acta.no\/vebu\/wp-json\/wp\/v2\/pages\/2798\/revisions"}],"predecessor-version":[{"id":2923,"href":"https:\/\/acta.no\/vebu\/wp-json\/wp\/v2\/pages\/2798\/revisions\/2923"}],"wp:featuredmedia":[{"embeddable":true,"href":"https:\/\/acta.no\/vebu\/wp-json\/wp\/v2\/media\/2800"}],"wp:attachment":[{"href":"https:\/\/acta.no\/vebu\/wp-json\/wp\/v2\/media?parent=2798"}],"curies":[{"name":"wp","href":"https:\/\/api.w.org\/{rel}","templated":true}]}}