{"id":2699,"date":"2025-11-18T10:39:21","date_gmt":"2025-11-18T10:39:21","guid":{"rendered":"https:\/\/acta.no\/vebu\/?page_id=2699"},"modified":"2026-01-20T12:18:03","modified_gmt":"2026-01-20T12:18:03","slug":"highlight-kongsberg","status":"publish","type":"page","link":"https:\/\/acta.no\/vebu\/highlight-kongsberg\/","title":{"rendered":"HighLight Kongsberg"},"content":{"rendered":"<div class=\"gutenberg-content\">\n<figure class=\"wp-block-image size-large\"><img loading=\"lazy\" decoding=\"async\" width=\"768\" height=\"1024\" src=\"https:\/\/www.normisjon.no\/content\/uploads\/sites\/37\/2025\/11\/Logo-HighLight-768x1024.jpg\" alt=\"\" class=\"wp-image-2700\" srcset=\"https:\/\/www.normisjon.no\/content\/uploads\/sites\/37\/2025\/11\/Logo-HighLight-768x1024.jpg 768w, https:\/\/www.normisjon.no\/content\/uploads\/sites\/37\/2025\/11\/Logo-HighLight-225x300.jpg 225w, https:\/\/www.normisjon.no\/content\/uploads\/sites\/37\/2025\/11\/Logo-HighLight-720x960.jpg 720w, https:\/\/www.normisjon.no\/content\/uploads\/sites\/37\/2025\/11\/Logo-HighLight.jpg 922w\" sizes=\"auto, (max-width: 768px) 100vw, 768px\" \/><\/figure>\n\n\n\n<p><strong>Highlight Kongsberg 2026<\/strong><\/p>\n\n\n\n<p>Dato: 20.-22. februar<\/p>\n\n\n\n<p>Alder: 7.klasse og oppover<\/p>\n\n\n\n<p>Pris: fra 950,-<\/p>\n\n\n\n<p>Sted: Kongsberg Vandrerhjem<\/p>\n\n\n\n<p><br>Bli med p\u00e5 <strong>Highlight \u2013 en helt ny ungdomsfestival i Kongsberg!<\/strong><br>Helga <strong>20.\u201322. februar 2026<\/strong> samles ungdommer fra hele regionen til ei uforglemmelig helg med <strong>fellesskap, m\u00f8ter, seminarer og forkynnelse<\/strong> \u2013 i samarbeid mellom <strong>Norkirken Kongsberg<\/strong> og <strong>Acta VeBu<\/strong>.<\/p>\n\n\n\n<p>Vi bor sammen p\u00e5 <strong>Kongsberg Vandrerhjem<\/strong>, og det blir b\u00e5de <strong>inspirerende samlinger<\/strong>, <strong>gode samtaler<\/strong> og mulighet for <strong>alpint i Kongsberg skibakke<\/strong>!<br>Dette er en fantastisk mulighet til \u00e5 <strong>bli kjent med nye mennesker<\/strong> og <strong>treffe folk fra andre menigheter og lokallag i regionen v\u00e5r<\/strong>.<\/p>\n\n\n\n<p>Dersom du tenker \u00e5 st\u00e5 i alpintanlegget i Kongsberg, vil det bli mulighet til \u00e5 vippse bel\u00f8pet for heiskort p\u00e5 forh\u00e5nd. Vi f\u00e5r prosenter p\u00e5 heiskort og bestiller derfor samlet. Mer om dette, samt Vipps-nummer kommer i leirbrevet som sendes ut uken i forkant. Det vil i denne sammenhengen dessverre ikke v\u00e6re mulig til \u00e5 bruke eget KeyCard.<\/p>\n\n\n\n<p><\/p>\n\n\n\n<div class=\"wp-block-buttons is-layout-flex wp-block-buttons-is-layout-flex\">\n<div class=\"wp-block-button\"><a class=\"wp-block-button__link wp-element-button\" href=\"https:\/\/event.checkin.no\/173479\/highlight-2026\">P\u00e5melding her!<\/a><\/div>\n<\/div>\n\n\n\n<p><\/p>\n\n\n\n<p>Generell info:<\/p>\n\n\n\n<p class=\"has-text-align-left\">Kongsberg Vandrerhjem<\/p>\n\n\n\n<p>Hasbergs vei 5, 3616 Kongsberg, Norge<\/p>\n\n\n\n<p>Oppm\u00f8te og registrering ved Kongsberg Vandrerhjem fra kl. 17.00 &#8211; fredag 20 februar.<\/p>\n\n\n\n<p>Mer info kommer i leirbrevet som sendes ut til alle deltakere ca en uke i forkant.<\/p>\n\n\n\n<p><a href=\"https:\/\/acta.no\/vebu\/hvordan-fungerer-en-leir\/\" target=\"_blank\" rel=\"noreferrer noopener\">Hvordan fungerer en leir i Acta VeBu?<\/a><\/p>\n\n\n\n<p class=\"has-text-align-left\"><em>Etter 1. februar stiger alle priser med 200,-.&nbsp;Leirprisen inkluderer, mat, aktiviteter og overnatting. Ved alle leirer er det et p\u00e5meldingsgebyr (inkl. i leirpris) p\u00e5 kr. 400, dette refunderes ikke ved avmelding. Ved avmelding 7-2<\/em><\/p>\n\n\n\n<p class=\"has-text-align-left\"><em> dager f\u00f8r leirstart refunderes 50% av leirprisen. Ved avmelding senere enn 48 timer blir ingenting refundert.<\/em><\/p>\n\n\n\n<p class=\"has-text-align-left\"><strong>Har du sp\u00f8rsm\u00e5l?&nbsp;<\/strong><\/p>\n\n\n\n<p>kontakt: silje.elisabeth.dammann@norkirken.kongsberg.no<br>Arrang\u00f8r er Norkirken Kongsberg og Acta VeBu (barn- og unge i Normisjon)<\/p>\n\n\n\n<p class=\"has-text-align-left\">eller Actaleder Stein Joar Myrvang &#8211; stein.joar.myrvang@normisjon.no.<\/p>\n\n\n\n<p class=\"has-text-align-left\">Til de p\u00e5meldte blir det sendt ut et informasjonsbrev p\u00e5 mail en uke f\u00f8r leiren starter.<\/p>\n<\/div>","protected":false},"excerpt":{"rendered":"<p>Highlight Kongsberg 2026 Dato: 20.-22. februar Alder: 7.klasse og oppover Pris: fra 950,- Sted: Kongsberg Vandrerhjem Bli med p\u00e5 Highlight \u2013 en helt ny ungdomsfestival i Kongsberg!Helga 20.\u201322. februar 2026 samles ungdommer fra hele regionen til ei uforglemmelig helg med fellesskap, m\u00f8ter, seminarer og forkynnelse \u2013 i samarbeid mellom Norkirken Kongsberg og Acta VeBu. Vi [&hellip;]<\/p>\n","protected":false},"author":81,"featured_media":2700,"parent":0,"menu_order":0,"comment_status":"closed","ping_status":"closed","template":"","meta":{"_acf_changed":false,"footnotes":""},"class_list":["post-2699","page","type-page","status-publish","has-post-thumbnail","hentry"],"acf":[],"yoast_head":"<!-- This site is optimized with the Yoast SEO plugin v25.9 - https:\/\/yoast.com\/wordpress\/plugins\/seo\/ -->\n<title>HighLight Kongsberg - Acta Region VeBu<\/title>\n<meta name=\"robots\" content=\"index, follow, max-snippet:-1, max-image-preview:large, max-video-preview:-1\" \/>\n<link rel=\"canonical\" href=\"https:\/\/acta.no\/vebu\/highlight-kongsberg\/\" \/>\n<meta property=\"og:locale\" content=\"nb_NO\" \/>\n<meta property=\"og:type\" content=\"article\" \/>\n<meta property=\"og:title\" content=\"HighLight Kongsberg - Acta Region VeBu\" \/>\n<meta property=\"og:description\" content=\"Highlight Kongsberg 2026 Dato: 20.-22. februar Alder: 7.klasse og oppover Pris: fra 950,- Sted: Kongsberg Vandrerhjem Bli med p\u00e5 Highlight \u2013 en helt ny ungdomsfestival i Kongsberg!Helga 20.\u201322. februar 2026 samles ungdommer fra hele regionen til ei uforglemmelig helg med fellesskap, m\u00f8ter, seminarer og forkynnelse \u2013 i samarbeid mellom Norkirken Kongsberg og Acta VeBu. Vi [&hellip;]\" \/>\n<meta property=\"og:url\" content=\"https:\/\/acta.no\/vebu\/highlight-kongsberg\/\" \/>\n<meta property=\"og:site_name\" content=\"Acta Region VeBu\" \/>\n<meta property=\"article:modified_time\" content=\"2026-01-20T12:18:03+00:00\" \/>\n<meta property=\"og:image\" content=\"https:\/\/www.normisjon.no\/content\/uploads\/sites\/37\/2025\/11\/Logo-HighLight.jpg\" \/>\n\t<meta property=\"og:image:width\" content=\"922\" \/>\n\t<meta property=\"og:image:height\" content=\"1229\" \/>\n\t<meta property=\"og:image:type\" content=\"image\/jpeg\" \/>\n<meta name=\"twitter:card\" content=\"summary_large_image\" \/>\n<meta name=\"twitter:label1\" content=\"Ansl. lesetid\" \/>\n\t<meta name=\"twitter:data1\" content=\"2 minutter\" \/>\n<script type=\"application\/ld+json\" class=\"yoast-schema-graph\">{\"@context\":\"https:\/\/schema.org\",\"@graph\":[{\"@type\":\"WebPage\",\"@id\":\"https:\/\/acta.no\/vebu\/highlight-kongsberg\/\",\"url\":\"https:\/\/acta.no\/vebu\/highlight-kongsberg\/\",\"name\":\"HighLight Kongsberg - Acta Region VeBu\",\"isPartOf\":{\"@id\":\"https:\/\/acta.no\/vebu\/#website\"},\"primaryImageOfPage\":{\"@id\":\"https:\/\/acta.no\/vebu\/highlight-kongsberg\/#primaryimage\"},\"image\":{\"@id\":\"https:\/\/acta.no\/vebu\/highlight-kongsberg\/#primaryimage\"},\"thumbnailUrl\":\"https:\/\/www.normisjon.no\/content\/uploads\/sites\/37\/2025\/11\/Logo-HighLight.jpg\",\"datePublished\":\"2025-11-18T10:39:21+00:00\",\"dateModified\":\"2026-01-20T12:18:03+00:00\",\"breadcrumb\":{\"@id\":\"https:\/\/acta.no\/vebu\/highlight-kongsberg\/#breadcrumb\"},\"inLanguage\":\"nb-NO\",\"potentialAction\":[{\"@type\":\"ReadAction\",\"target\":[\"https:\/\/acta.no\/vebu\/highlight-kongsberg\/\"]}]},{\"@type\":\"ImageObject\",\"inLanguage\":\"nb-NO\",\"@id\":\"https:\/\/acta.no\/vebu\/highlight-kongsberg\/#primaryimage\",\"url\":\"https:\/\/www.normisjon.no\/content\/uploads\/sites\/37\/2025\/11\/Logo-HighLight.jpg\",\"contentUrl\":\"https:\/\/www.normisjon.no\/content\/uploads\/sites\/37\/2025\/11\/Logo-HighLight.jpg\",\"width\":922,\"height\":1229},{\"@type\":\"BreadcrumbList\",\"@id\":\"https:\/\/acta.no\/vebu\/highlight-kongsberg\/#breadcrumb\",\"itemListElement\":[{\"@type\":\"ListItem\",\"position\":1,\"name\":\"Til acta.no\",\"item\":\"https:\/\/acta.no\/\"},{\"@type\":\"ListItem\",\"position\":2,\"name\":\"Region VeBu\",\"item\":\"https:\/\/acta.no\/vebu\/\"},{\"@type\":\"ListItem\",\"position\":3,\"name\":\"HighLight Kongsberg\"}]},{\"@type\":\"WebSite\",\"@id\":\"https:\/\/acta.no\/vebu\/#website\",\"url\":\"https:\/\/acta.no\/vebu\/\",\"name\":\"Acta Region VeBu\",\"description\":\"VeBu\",\"potentialAction\":[{\"@type\":\"SearchAction\",\"target\":{\"@type\":\"EntryPoint\",\"urlTemplate\":\"https:\/\/acta.no\/vebu\/?s={search_term_string}\"},\"query-input\":{\"@type\":\"PropertyValueSpecification\",\"valueRequired\":true,\"valueName\":\"search_term_string\"}}],\"inLanguage\":\"nb-NO\"}]}<\/script>\n<!-- \/ Yoast SEO plugin. -->","yoast_head_json":{"title":"HighLight Kongsberg - Acta Region VeBu","robots":{"index":"index","follow":"follow","max-snippet":"max-snippet:-1","max-image-preview":"max-image-preview:large","max-video-preview":"max-video-preview:-1"},"canonical":"https:\/\/acta.no\/vebu\/highlight-kongsberg\/","og_locale":"nb_NO","og_type":"article","og_title":"HighLight Kongsberg - Acta Region VeBu","og_description":"Highlight Kongsberg 2026 Dato: 20.-22. februar Alder: 7.klasse og oppover Pris: fra 950,- Sted: Kongsberg Vandrerhjem Bli med p\u00e5 Highlight \u2013 en helt ny ungdomsfestival i Kongsberg!Helga 20.\u201322. februar 2026 samles ungdommer fra hele regionen til ei uforglemmelig helg med fellesskap, m\u00f8ter, seminarer og forkynnelse \u2013 i samarbeid mellom Norkirken Kongsberg og Acta VeBu. Vi [&hellip;]","og_url":"https:\/\/acta.no\/vebu\/highlight-kongsberg\/","og_site_name":"Acta Region VeBu","article_modified_time":"2026-01-20T12:18:03+00:00","og_image":[{"width":922,"height":1229,"url":"https:\/\/www.normisjon.no\/content\/uploads\/sites\/37\/2025\/11\/Logo-HighLight.jpg","type":"image\/jpeg"}],"twitter_card":"summary_large_image","twitter_misc":{"Ansl. lesetid":"2 minutter"},"schema":{"@context":"https:\/\/schema.org","@graph":[{"@type":"WebPage","@id":"https:\/\/acta.no\/vebu\/highlight-kongsberg\/","url":"https:\/\/acta.no\/vebu\/highlight-kongsberg\/","name":"HighLight Kongsberg - Acta Region VeBu","isPartOf":{"@id":"https:\/\/acta.no\/vebu\/#website"},"primaryImageOfPage":{"@id":"https:\/\/acta.no\/vebu\/highlight-kongsberg\/#primaryimage"},"image":{"@id":"https:\/\/acta.no\/vebu\/highlight-kongsberg\/#primaryimage"},"thumbnailUrl":"https:\/\/www.normisjon.no\/content\/uploads\/sites\/37\/2025\/11\/Logo-HighLight.jpg","datePublished":"2025-11-18T10:39:21+00:00","dateModified":"2026-01-20T12:18:03+00:00","breadcrumb":{"@id":"https:\/\/acta.no\/vebu\/highlight-kongsberg\/#breadcrumb"},"inLanguage":"nb-NO","potentialAction":[{"@type":"ReadAction","target":["https:\/\/acta.no\/vebu\/highlight-kongsberg\/"]}]},{"@type":"ImageObject","inLanguage":"nb-NO","@id":"https:\/\/acta.no\/vebu\/highlight-kongsberg\/#primaryimage","url":"https:\/\/www.normisjon.no\/content\/uploads\/sites\/37\/2025\/11\/Logo-HighLight.jpg","contentUrl":"https:\/\/www.normisjon.no\/content\/uploads\/sites\/37\/2025\/11\/Logo-HighLight.jpg","width":922,"height":1229},{"@type":"BreadcrumbList","@id":"https:\/\/acta.no\/vebu\/highlight-kongsberg\/#breadcrumb","itemListElement":[{"@type":"ListItem","position":1,"name":"Til acta.no","item":"https:\/\/acta.no\/"},{"@type":"ListItem","position":2,"name":"Region VeBu","item":"https:\/\/acta.no\/vebu\/"},{"@type":"ListItem","position":3,"name":"HighLight Kongsberg"}]},{"@type":"WebSite","@id":"https:\/\/acta.no\/vebu\/#website","url":"https:\/\/acta.no\/vebu\/","name":"Acta Region VeBu","description":"VeBu","potentialAction":[{"@type":"SearchAction","target":{"@type":"EntryPoint","urlTemplate":"https:\/\/acta.no\/vebu\/?s={search_term_string}"},"query-input":{"@type":"PropertyValueSpecification","valueRequired":true,"valueName":"search_term_string"}}],"inLanguage":"nb-NO"}]}},"_links":{"self":[{"href":"https:\/\/acta.no\/vebu\/wp-json\/wp\/v2\/pages\/2699","targetHints":{"allow":["GET"]}}],"collection":[{"href":"https:\/\/acta.no\/vebu\/wp-json\/wp\/v2\/pages"}],"about":[{"href":"https:\/\/acta.no\/vebu\/wp-json\/wp\/v2\/types\/page"}],"author":[{"embeddable":true,"href":"https:\/\/acta.no\/vebu\/wp-json\/wp\/v2\/users\/81"}],"replies":[{"embeddable":true,"href":"https:\/\/acta.no\/vebu\/wp-json\/wp\/v2\/comments?post=2699"}],"version-history":[{"count":10,"href":"https:\/\/acta.no\/vebu\/wp-json\/wp\/v2\/pages\/2699\/revisions"}],"predecessor-version":[{"id":2777,"href":"https:\/\/acta.no\/vebu\/wp-json\/wp\/v2\/pages\/2699\/revisions\/2777"}],"wp:featuredmedia":[{"embeddable":true,"href":"https:\/\/acta.no\/vebu\/wp-json\/wp\/v2\/media\/2700"}],"wp:attachment":[{"href":"https:\/\/acta.no\/vebu\/wp-json\/wp\/v2\/media?parent=2699"}],"curies":[{"name":"wp","href":"https:\/\/api.w.org\/{rel}","templated":true}]}}