{"id":2531,"date":"2025-02-21T11:18:05","date_gmt":"2025-02-21T11:18:05","guid":{"rendered":"https:\/\/acta.no\/vebu\/?page_id=2531"},"modified":"2025-03-12T10:22:27","modified_gmt":"2025-03-12T10:22:27","slug":"makspuls-2025","status":"publish","type":"page","link":"https:\/\/acta.no\/vebu\/makspuls-2025\/","title":{"rendered":"Makspuls 2025"},"content":{"rendered":"<div class=\"gutenberg-content\">\n<figure class=\"wp-block-image size-large\"><img loading=\"lazy\" decoding=\"async\" width=\"1024\" height=\"499\" src=\"https:\/\/www.normisjon.no\/content\/uploads\/sites\/37\/2025\/02\/Lystenning-e1740129367190-1024x499.jpg\" alt=\"\" class=\"wp-image-2532\" srcset=\"https:\/\/www.normisjon.no\/content\/uploads\/sites\/37\/2025\/02\/Lystenning-e1740129367190-1024x499.jpg 1024w, https:\/\/www.normisjon.no\/content\/uploads\/sites\/37\/2025\/02\/Lystenning-e1740129367190-300x146.jpg 300w, https:\/\/www.normisjon.no\/content\/uploads\/sites\/37\/2025\/02\/Lystenning-e1740129367190-768x374.jpg 768w, https:\/\/www.normisjon.no\/content\/uploads\/sites\/37\/2025\/02\/Lystenning-e1740129367190-1536x749.jpg 1536w, https:\/\/www.normisjon.no\/content\/uploads\/sites\/37\/2025\/02\/Lystenning-e1740129367190-1360x663.jpg 1360w, https:\/\/www.normisjon.no\/content\/uploads\/sites\/37\/2025\/02\/Lystenning-e1740129367190-960x468.jpg 960w, https:\/\/www.normisjon.no\/content\/uploads\/sites\/37\/2025\/02\/Lystenning-e1740129367190.jpg 1900w\" sizes=\"auto, (max-width: 1024px) 100vw, 1024px\" \/><\/figure>\n\n\n\n<p><strong>Tid:&nbsp; &nbsp;<\/strong> 25. &#8211; 27. juni 2025<\/p>\n\n\n\n<p><strong>Sted:&nbsp; &nbsp;<\/strong>Strand leirsted<\/p>\n\n\n\n<p><strong>Pris:\u00a0 \u00a0 <\/strong>1590,-<\/p>\n\n\n\n<p><strong>Alder:&nbsp;<\/strong> ferdig 1. trinn \u2013 ferdig 3. trinn<\/p>\n\n\n\n<p><\/p>\n\n\n\n<p><strong>Leir inkl. leirklubbmedlemskap | <\/strong>1590,-<\/p>\n\n\n\n<p><strong>Leir uten leirklubbmedlemskap | <\/strong>1790,-\u00a0\u00a0<\/p>\n\n\n\n<p>Er du klar for \u00e5 oppleve leir helt p\u00e5 egenh\u00e5nd og pr\u00f8ve noe nytt? Da er MaksPuls leiren perfekt for deg! Her f\u00e5r du en helg fylt med aktiviteter, nye utfordringer og masse spenning. Denne leiren er for deg som elsker \u00e5 v\u00e6re aktiv og \u00f8nsker \u00e5 m\u00f8te nye mennesker.<\/p>\n\n\n\n<p>Fra morgen til kveld blir det lek, ballspill, dans, bading og l\u00e6rerike bibeltimer. Du vil f\u00e5 nye vennskap, minner for livet og kanskje oppdage en ny favoritt-aktivitet!<\/p>\n\n\n\n<p>S\u00e5 hva venter du p\u00e5? Pakk sekken, gj\u00f8r deg klar for action, og bli med p\u00e5 en uforglemmelig helg p\u00e5 MaksPuls!<\/p>\n\n\n\n<div class=\"wp-block-buttons is-layout-flex wp-block-buttons-is-layout-flex\">\n<div class=\"wp-block-button\"><a class=\"wp-block-button__link wp-element-button\" href=\"https:\/\/event.checkin.no\/109387\/makspuls-2025\" target=\"_blank\" rel=\"noreferrer noopener\">p\u00e5melding her!<\/a><\/div>\n<\/div>\n\n\n\n<div class=\"wp-block-columns is-layout-flex wp-container-core-columns-is-layout-9d6595d7 wp-block-columns-is-layout-flex\">\n<div class=\"wp-block-column is-layout-flow wp-block-column-is-layout-flow\">\n<figure class=\"wp-block-image size-large\"><img loading=\"lazy\" decoding=\"async\" width=\"768\" height=\"1024\" src=\"https:\/\/www.normisjon.no\/content\/uploads\/sites\/37\/2025\/02\/makspuls-ansiktsmaling-768x1024.jpg\" alt=\"\" class=\"wp-image-2535\" srcset=\"https:\/\/www.normisjon.no\/content\/uploads\/sites\/37\/2025\/02\/makspuls-ansiktsmaling-768x1024.jpg 768w, https:\/\/www.normisjon.no\/content\/uploads\/sites\/37\/2025\/02\/makspuls-ansiktsmaling-225x300.jpg 225w, https:\/\/www.normisjon.no\/content\/uploads\/sites\/37\/2025\/02\/makspuls-ansiktsmaling-1152x1536.jpg 1152w, https:\/\/www.normisjon.no\/content\/uploads\/sites\/37\/2025\/02\/makspuls-ansiktsmaling-1360x1813.jpg 1360w, https:\/\/www.normisjon.no\/content\/uploads\/sites\/37\/2025\/02\/makspuls-ansiktsmaling-720x960.jpg 720w, https:\/\/www.normisjon.no\/content\/uploads\/sites\/37\/2025\/02\/makspuls-ansiktsmaling.jpg 1440w\" sizes=\"auto, (max-width: 768px) 100vw, 768px\" \/><\/figure>\n<\/div>\n\n\n\n<div class=\"wp-block-column is-layout-flow wp-block-column-is-layout-flow\">\n<figure class=\"wp-block-image size-large\"><img loading=\"lazy\" decoding=\"async\" width=\"1024\" height=\"768\" src=\"https:\/\/www.normisjon.no\/content\/uploads\/sites\/37\/2025\/02\/makspuls-hoppe-1024x768.jpg\" alt=\"\" class=\"wp-image-2534\" srcset=\"https:\/\/www.normisjon.no\/content\/uploads\/sites\/37\/2025\/02\/makspuls-hoppe-1024x768.jpg 1024w, https:\/\/www.normisjon.no\/content\/uploads\/sites\/37\/2025\/02\/makspuls-hoppe-300x225.jpg 300w, https:\/\/www.normisjon.no\/content\/uploads\/sites\/37\/2025\/02\/makspuls-hoppe-768x576.jpg 768w, https:\/\/www.normisjon.no\/content\/uploads\/sites\/37\/2025\/02\/makspuls-hoppe-1536x1152.jpg 1536w, https:\/\/www.normisjon.no\/content\/uploads\/sites\/37\/2025\/02\/makspuls-hoppe-2048x1536.jpg 2048w, https:\/\/www.normisjon.no\/content\/uploads\/sites\/37\/2025\/02\/makspuls-hoppe-1920x1440.jpg 1920w, https:\/\/www.normisjon.no\/content\/uploads\/sites\/37\/2025\/02\/makspuls-hoppe-1360x1020.jpg 1360w, https:\/\/www.normisjon.no\/content\/uploads\/sites\/37\/2025\/02\/makspuls-hoppe-960x720.jpg 960w\" sizes=\"auto, (max-width: 1024px) 100vw, 1024px\" \/><\/figure>\n<\/div>\n\n\n\n<div class=\"wp-block-column is-layout-flow wp-block-column-is-layout-flow\">\n<figure class=\"wp-block-image size-large\"><img loading=\"lazy\" decoding=\"async\" width=\"768\" height=\"1024\" src=\"https:\/\/www.normisjon.no\/content\/uploads\/sites\/37\/2025\/02\/makspuls-mikrofon-768x1024.jpg\" alt=\"\" class=\"wp-image-2533\" srcset=\"https:\/\/www.normisjon.no\/content\/uploads\/sites\/37\/2025\/02\/makspuls-mikrofon-768x1024.jpg 768w, https:\/\/www.normisjon.no\/content\/uploads\/sites\/37\/2025\/02\/makspuls-mikrofon-225x300.jpg 225w, https:\/\/www.normisjon.no\/content\/uploads\/sites\/37\/2025\/02\/makspuls-mikrofon-1152x1536.jpg 1152w, https:\/\/www.normisjon.no\/content\/uploads\/sites\/37\/2025\/02\/makspuls-mikrofon-1360x1813.jpg 1360w, https:\/\/www.normisjon.no\/content\/uploads\/sites\/37\/2025\/02\/makspuls-mikrofon-720x960.jpg 720w, https:\/\/www.normisjon.no\/content\/uploads\/sites\/37\/2025\/02\/makspuls-mikrofon.jpg 1440w\" sizes=\"auto, (max-width: 768px) 100vw, 768px\" \/><\/figure>\n<\/div>\n<\/div>\n\n\n\n<p><em>Etter 5. juni stiger alle priser med 200,-. Leirprisen inkluderer, mat, transport pa\u030a leiren, aktiviteter og overnatting. Ved alle leirer er det et pa\u030ameldingsgebyr (inkl. i leirpris) pa\u030a kr. 400, dette refunderes ikke ved avmelding. Ved avmelding 7-1 dager f\u00f8r leirstart refunderes 50% av leirprisen. Ved avmelding senere enn 24 timer blir ingenting refundert.<\/em> &nbsp;<\/p>\n\n\n\n<p><strong>Har du sp\u00f8rsm\u00e5l?&nbsp;<\/strong><\/p>\n\n\n\n<p>Kontakt hovedlederne p\u00e5 leiren:<\/p>\n\n\n\n<p>Isak Corneliussen tlf: 97933745<\/p>\n\n\n\n<p>Miriam Moskvil&nbsp; &nbsp; &nbsp;tlf: 94030179<\/p>\n\n\n\n<p>eller:<\/p>\n\n\n\n<p>Actaleder&nbsp;Stein Joar Myrvang&nbsp;p\u00e5 tlf.: 995 00 047 eller send en mail til stein.joar.myrvang@normisjon.no. Til de p\u00e5meldte blir det&nbsp;sendt ut et informasjonsbrev p\u00e5 mail&nbsp;en uke f\u00f8r leiren&nbsp;starter.<\/p>\n<\/div>","protected":false},"excerpt":{"rendered":"<p>Tid:&nbsp; &nbsp; 25. &#8211; 27. juni 2025 Sted:&nbsp; &nbsp;Strand leirsted Pris:\u00a0 \u00a0 1590,- Alder:&nbsp; ferdig 1. trinn \u2013 ferdig 3. trinn Leir inkl. leirklubbmedlemskap | 1590,- Leir uten leirklubbmedlemskap | 1790,-\u00a0\u00a0 Er du klar for \u00e5 oppleve leir helt p\u00e5 egenh\u00e5nd og pr\u00f8ve noe nytt? Da er MaksPuls leiren perfekt for deg! Her f\u00e5r du [&hellip;]<\/p>\n","protected":false},"author":81,"featured_media":2546,"parent":0,"menu_order":0,"comment_status":"closed","ping_status":"closed","template":"","meta":{"_acf_changed":false,"footnotes":""},"class_list":["post-2531","page","type-page","status-publish","has-post-thumbnail","hentry"],"acf":[],"yoast_head":"<!-- This site is optimized with the Yoast SEO plugin v25.9 - https:\/\/yoast.com\/wordpress\/plugins\/seo\/ -->\n<title>Makspuls 2025 - Acta Region VeBu<\/title>\n<meta name=\"robots\" content=\"index, follow, max-snippet:-1, max-image-preview:large, max-video-preview:-1\" \/>\n<link rel=\"canonical\" href=\"https:\/\/acta.no\/vebu\/makspuls-2025\/\" \/>\n<meta property=\"og:locale\" content=\"nb_NO\" \/>\n<meta property=\"og:type\" content=\"article\" \/>\n<meta property=\"og:title\" content=\"Makspuls 2025 - Acta Region VeBu\" \/>\n<meta property=\"og:description\" content=\"Tid:&nbsp; &nbsp; 25. &#8211; 27. juni 2025 Sted:&nbsp; &nbsp;Strand leirsted Pris:\u00a0 \u00a0 1590,- Alder:&nbsp; ferdig 1. trinn \u2013 ferdig 3. trinn Leir inkl. leirklubbmedlemskap | 1590,- Leir uten leirklubbmedlemskap | 1790,-\u00a0\u00a0 Er du klar for \u00e5 oppleve leir helt p\u00e5 egenh\u00e5nd og pr\u00f8ve noe nytt? Da er MaksPuls leiren perfekt for deg! Her f\u00e5r du [&hellip;]\" \/>\n<meta property=\"og:url\" content=\"https:\/\/acta.no\/vebu\/makspuls-2025\/\" \/>\n<meta property=\"og:site_name\" content=\"Acta Region VeBu\" \/>\n<meta property=\"article:modified_time\" content=\"2025-03-12T10:22:27+00:00\" \/>\n<meta property=\"og:image\" content=\"https:\/\/www.normisjon.no\/content\/uploads\/sites\/37\/2025\/02\/Deltakere-sporty-24.jpg\" \/>\n\t<meta property=\"og:image:width\" content=\"2210\" \/>\n\t<meta property=\"og:image:height\" content=\"1468\" \/>\n\t<meta property=\"og:image:type\" content=\"image\/jpeg\" \/>\n<meta name=\"twitter:card\" content=\"summary_large_image\" \/>\n<meta name=\"twitter:label1\" content=\"Ansl. lesetid\" \/>\n\t<meta name=\"twitter:data1\" content=\"3 minutter\" \/>\n<script type=\"application\/ld+json\" class=\"yoast-schema-graph\">{\"@context\":\"https:\/\/schema.org\",\"@graph\":[{\"@type\":\"WebPage\",\"@id\":\"https:\/\/acta.no\/vebu\/makspuls-2025\/\",\"url\":\"https:\/\/acta.no\/vebu\/makspuls-2025\/\",\"name\":\"Makspuls 2025 - Acta Region VeBu\",\"isPartOf\":{\"@id\":\"https:\/\/acta.no\/vebu\/#website\"},\"primaryImageOfPage\":{\"@id\":\"https:\/\/acta.no\/vebu\/makspuls-2025\/#primaryimage\"},\"image\":{\"@id\":\"https:\/\/acta.no\/vebu\/makspuls-2025\/#primaryimage\"},\"thumbnailUrl\":\"https:\/\/www.normisjon.no\/content\/uploads\/sites\/37\/2025\/02\/Deltakere-sporty-24.jpg\",\"datePublished\":\"2025-02-21T11:18:05+00:00\",\"dateModified\":\"2025-03-12T10:22:27+00:00\",\"breadcrumb\":{\"@id\":\"https:\/\/acta.no\/vebu\/makspuls-2025\/#breadcrumb\"},\"inLanguage\":\"nb-NO\",\"potentialAction\":[{\"@type\":\"ReadAction\",\"target\":[\"https:\/\/acta.no\/vebu\/makspuls-2025\/\"]}]},{\"@type\":\"ImageObject\",\"inLanguage\":\"nb-NO\",\"@id\":\"https:\/\/acta.no\/vebu\/makspuls-2025\/#primaryimage\",\"url\":\"https:\/\/www.normisjon.no\/content\/uploads\/sites\/37\/2025\/02\/Deltakere-sporty-24.jpg\",\"contentUrl\":\"https:\/\/www.normisjon.no\/content\/uploads\/sites\/37\/2025\/02\/Deltakere-sporty-24.jpg\",\"width\":2210,\"height\":1468},{\"@type\":\"BreadcrumbList\",\"@id\":\"https:\/\/acta.no\/vebu\/makspuls-2025\/#breadcrumb\",\"itemListElement\":[{\"@type\":\"ListItem\",\"position\":1,\"name\":\"Til acta.no\",\"item\":\"https:\/\/acta.no\/\"},{\"@type\":\"ListItem\",\"position\":2,\"name\":\"Region VeBu\",\"item\":\"https:\/\/acta.no\/vebu\/\"},{\"@type\":\"ListItem\",\"position\":3,\"name\":\"Makspuls 2025\"}]},{\"@type\":\"WebSite\",\"@id\":\"https:\/\/acta.no\/vebu\/#website\",\"url\":\"https:\/\/acta.no\/vebu\/\",\"name\":\"Acta Region VeBu\",\"description\":\"VeBu\",\"potentialAction\":[{\"@type\":\"SearchAction\",\"target\":{\"@type\":\"EntryPoint\",\"urlTemplate\":\"https:\/\/acta.no\/vebu\/?s={search_term_string}\"},\"query-input\":{\"@type\":\"PropertyValueSpecification\",\"valueRequired\":true,\"valueName\":\"search_term_string\"}}],\"inLanguage\":\"nb-NO\"}]}<\/script>\n<!-- \/ Yoast SEO plugin. -->","yoast_head_json":{"title":"Makspuls 2025 - Acta Region VeBu","robots":{"index":"index","follow":"follow","max-snippet":"max-snippet:-1","max-image-preview":"max-image-preview:large","max-video-preview":"max-video-preview:-1"},"canonical":"https:\/\/acta.no\/vebu\/makspuls-2025\/","og_locale":"nb_NO","og_type":"article","og_title":"Makspuls 2025 - Acta Region VeBu","og_description":"Tid:&nbsp; &nbsp; 25. &#8211; 27. juni 2025 Sted:&nbsp; &nbsp;Strand leirsted Pris:\u00a0 \u00a0 1590,- Alder:&nbsp; ferdig 1. trinn \u2013 ferdig 3. trinn Leir inkl. leirklubbmedlemskap | 1590,- Leir uten leirklubbmedlemskap | 1790,-\u00a0\u00a0 Er du klar for \u00e5 oppleve leir helt p\u00e5 egenh\u00e5nd og pr\u00f8ve noe nytt? Da er MaksPuls leiren perfekt for deg! Her f\u00e5r du [&hellip;]","og_url":"https:\/\/acta.no\/vebu\/makspuls-2025\/","og_site_name":"Acta Region VeBu","article_modified_time":"2025-03-12T10:22:27+00:00","og_image":[{"width":2210,"height":1468,"url":"https:\/\/www.normisjon.no\/content\/uploads\/sites\/37\/2025\/02\/Deltakere-sporty-24.jpg","type":"image\/jpeg"}],"twitter_card":"summary_large_image","twitter_misc":{"Ansl. lesetid":"3 minutter"},"schema":{"@context":"https:\/\/schema.org","@graph":[{"@type":"WebPage","@id":"https:\/\/acta.no\/vebu\/makspuls-2025\/","url":"https:\/\/acta.no\/vebu\/makspuls-2025\/","name":"Makspuls 2025 - Acta Region VeBu","isPartOf":{"@id":"https:\/\/acta.no\/vebu\/#website"},"primaryImageOfPage":{"@id":"https:\/\/acta.no\/vebu\/makspuls-2025\/#primaryimage"},"image":{"@id":"https:\/\/acta.no\/vebu\/makspuls-2025\/#primaryimage"},"thumbnailUrl":"https:\/\/www.normisjon.no\/content\/uploads\/sites\/37\/2025\/02\/Deltakere-sporty-24.jpg","datePublished":"2025-02-21T11:18:05+00:00","dateModified":"2025-03-12T10:22:27+00:00","breadcrumb":{"@id":"https:\/\/acta.no\/vebu\/makspuls-2025\/#breadcrumb"},"inLanguage":"nb-NO","potentialAction":[{"@type":"ReadAction","target":["https:\/\/acta.no\/vebu\/makspuls-2025\/"]}]},{"@type":"ImageObject","inLanguage":"nb-NO","@id":"https:\/\/acta.no\/vebu\/makspuls-2025\/#primaryimage","url":"https:\/\/www.normisjon.no\/content\/uploads\/sites\/37\/2025\/02\/Deltakere-sporty-24.jpg","contentUrl":"https:\/\/www.normisjon.no\/content\/uploads\/sites\/37\/2025\/02\/Deltakere-sporty-24.jpg","width":2210,"height":1468},{"@type":"BreadcrumbList","@id":"https:\/\/acta.no\/vebu\/makspuls-2025\/#breadcrumb","itemListElement":[{"@type":"ListItem","position":1,"name":"Til acta.no","item":"https:\/\/acta.no\/"},{"@type":"ListItem","position":2,"name":"Region VeBu","item":"https:\/\/acta.no\/vebu\/"},{"@type":"ListItem","position":3,"name":"Makspuls 2025"}]},{"@type":"WebSite","@id":"https:\/\/acta.no\/vebu\/#website","url":"https:\/\/acta.no\/vebu\/","name":"Acta Region VeBu","description":"VeBu","potentialAction":[{"@type":"SearchAction","target":{"@type":"EntryPoint","urlTemplate":"https:\/\/acta.no\/vebu\/?s={search_term_string}"},"query-input":{"@type":"PropertyValueSpecification","valueRequired":true,"valueName":"search_term_string"}}],"inLanguage":"nb-NO"}]}},"_links":{"self":[{"href":"https:\/\/acta.no\/vebu\/wp-json\/wp\/v2\/pages\/2531","targetHints":{"allow":["GET"]}}],"collection":[{"href":"https:\/\/acta.no\/vebu\/wp-json\/wp\/v2\/pages"}],"about":[{"href":"https:\/\/acta.no\/vebu\/wp-json\/wp\/v2\/types\/page"}],"author":[{"embeddable":true,"href":"https:\/\/acta.no\/vebu\/wp-json\/wp\/v2\/users\/81"}],"replies":[{"embeddable":true,"href":"https:\/\/acta.no\/vebu\/wp-json\/wp\/v2\/comments?post=2531"}],"version-history":[{"count":8,"href":"https:\/\/acta.no\/vebu\/wp-json\/wp\/v2\/pages\/2531\/revisions"}],"predecessor-version":[{"id":2582,"href":"https:\/\/acta.no\/vebu\/wp-json\/wp\/v2\/pages\/2531\/revisions\/2582"}],"wp:featuredmedia":[{"embeddable":true,"href":"https:\/\/acta.no\/vebu\/wp-json\/wp\/v2\/media\/2546"}],"wp:attachment":[{"href":"https:\/\/acta.no\/vebu\/wp-json\/wp\/v2\/media?parent=2531"}],"curies":[{"name":"wp","href":"https:\/\/api.w.org\/{rel}","templated":true}]}}