{"id":2443,"date":"2024-10-24T08:50:07","date_gmt":"2024-10-24T08:50:07","guid":{"rendered":"https:\/\/acta.no\/vebu\/?page_id=2443"},"modified":"2025-01-24T08:44:02","modified_gmt":"2025-01-24T08:44:02","slug":"acta-vebu-lederhelg-til-dalhogd","status":"publish","type":"page","link":"https:\/\/acta.no\/vebu\/acta-vebu-lederhelg-til-dalhogd\/","title":{"rendered":"Acta VeBu lederhelg til Dalh\u00f8gd"},"content":{"rendered":"<div class=\"gutenberg-content\">\n<figure class=\"wp-block-image size-large\"><img loading=\"lazy\" decoding=\"async\" width=\"1024\" height=\"768\" src=\"https:\/\/www.normisjon.no\/content\/uploads\/sites\/37\/2024\/10\/solvegg-vinter-1024x768.jpg\" alt=\"\" class=\"wp-image-2444\" srcset=\"https:\/\/www.normisjon.no\/content\/uploads\/sites\/37\/2024\/10\/solvegg-vinter-1024x768.jpg 1024w, https:\/\/www.normisjon.no\/content\/uploads\/sites\/37\/2024\/10\/solvegg-vinter-300x225.jpg 300w, https:\/\/www.normisjon.no\/content\/uploads\/sites\/37\/2024\/10\/solvegg-vinter-768x576.jpg 768w, https:\/\/www.normisjon.no\/content\/uploads\/sites\/37\/2024\/10\/solvegg-vinter-1536x1152.jpg 1536w, https:\/\/www.normisjon.no\/content\/uploads\/sites\/37\/2024\/10\/solvegg-vinter-2048x1536.jpg 2048w, https:\/\/www.normisjon.no\/content\/uploads\/sites\/37\/2024\/10\/solvegg-vinter-1920x1440.jpg 1920w, https:\/\/www.normisjon.no\/content\/uploads\/sites\/37\/2024\/10\/solvegg-vinter-1360x1020.jpg 1360w, https:\/\/www.normisjon.no\/content\/uploads\/sites\/37\/2024\/10\/solvegg-vinter-960x720.jpg 960w\" sizes=\"auto, (max-width: 1024px) 100vw, 1024px\" \/><\/figure>\n\n\n\n<p><\/p>\n\n\n\n<div class=\"wp-block-columns is-layout-flex wp-container-core-columns-is-layout-9d6595d7 wp-block-columns-is-layout-flex\">\n<div class=\"wp-block-column is-layout-flow wp-block-column-is-layout-flow\">\n<p>Sted: <strong>Dalh\u00f8gd fjellkapell Veggli<\/strong><\/p>\n\n\n\n<p>Dato: <strong>31. jan &#8211; 2. feb 2025<\/strong><\/p>\n\n\n\n<p>Alder: <strong>8. klasse &#8211; Vg1.<\/strong><\/p>\n\n\n\n<p>Pris: <strong>950,- <\/strong><\/p>\n<\/div>\n\n\n\n<div class=\"wp-block-column is-layout-flow wp-block-column-is-layout-flow\">\n<figure class=\"wp-block-image size-full\"><img loading=\"lazy\" decoding=\"async\" width=\"890\" height=\"542\" src=\"https:\/\/www.normisjon.no\/content\/uploads\/sites\/37\/2024\/10\/Skjermbilde-2024-10-22-151034.png\" alt=\"\" class=\"wp-image-2449\" srcset=\"https:\/\/www.normisjon.no\/content\/uploads\/sites\/37\/2024\/10\/Skjermbilde-2024-10-22-151034.png 890w, https:\/\/www.normisjon.no\/content\/uploads\/sites\/37\/2024\/10\/Skjermbilde-2024-10-22-151034-300x183.png 300w, https:\/\/www.normisjon.no\/content\/uploads\/sites\/37\/2024\/10\/Skjermbilde-2024-10-22-151034-768x468.png 768w\" sizes=\"auto, (max-width: 890px) 100vw, 890px\" \/><\/figure>\n<\/div>\n<\/div>\n\n\n\n<p>\u00c5rets f\u00f8rste Acta VeBu lederhelg st\u00e5r for tur og denne gangen skal vi til Dalh\u00f8d fjellkapell p\u00e5 Veggli fjell!<\/p>\n\n\n\n<p>Dette er et trivelig fjellkapell eid av Normisjon VeBu. Her har vi gode fasiliteter for overnatting, det er nytt bad p\u00e5 stedet og naturen ligger utenfor d\u00f8ra med fantastisk utsikt og gode turmuligheter ut i Guds frie natur!  <\/p>\n\n\n\n<p>Her skal vi oppleve mer av fellesskapet fra forrige samling, samt f\u00e5 p\u00e5fyll og undervisning om hvem Jesus er, og hvem vi selv er.<\/p>\n\n\n\n<p>Denne helgens tema er: Kors og Tro &#8211; &laquo;Hvorfor d\u00f8de Jesus?&raquo; og &laquo;Hvordan kan jeg tro?&raquo;<\/p>\n\n\n\n<p><strong>Du vil bli del av Acta VeBu sitt lederteam! Et spennende fellesskap med gode opplevelser og sunne utfordringer.<\/strong><\/p>\n\n\n\n<p>Vi skal ut i naturen, forh\u00e5pentligvis ha nok sn\u00f8 til \u00e5 g\u00e5 en tur p\u00e5 ski, spise sammen, leke sammen, henge og snakke sammen.<\/p>\n\n\n\n<div class=\"wp-block-columns is-layout-flex wp-container-core-columns-is-layout-9d6595d7 wp-block-columns-is-layout-flex\">\n<div class=\"wp-block-column is-layout-flow wp-block-column-is-layout-flow\">\n<figure class=\"wp-block-image size-large\"><img decoding=\"async\" src=\"https:\/\/www.normisjon.no\/content\/uploads\/sites\/37\/2024\/10\/Skitur-1024x768.jpg\" alt=\"\" class=\"wp-image-2447\"\/><\/figure>\n<\/div>\n\n\n\n<div class=\"wp-block-column is-layout-flow wp-block-column-is-layout-flow\">\n<figure class=\"wp-block-image size-large is-resized\"><img loading=\"lazy\" decoding=\"async\" src=\"https:\/\/www.normisjon.no\/content\/uploads\/sites\/37\/2024\/10\/polser-pa-bal-1024x768.jpg\" alt=\"\" class=\"wp-image-2448\" width=\"420\" height=\"314\" srcset=\"https:\/\/www.normisjon.no\/content\/uploads\/sites\/37\/2024\/10\/polser-pa-bal-1024x768.jpg 1024w, https:\/\/www.normisjon.no\/content\/uploads\/sites\/37\/2024\/10\/polser-pa-bal-300x225.jpg 300w, https:\/\/www.normisjon.no\/content\/uploads\/sites\/37\/2024\/10\/polser-pa-bal-768x576.jpg 768w, https:\/\/www.normisjon.no\/content\/uploads\/sites\/37\/2024\/10\/polser-pa-bal-1536x1152.jpg 1536w, https:\/\/www.normisjon.no\/content\/uploads\/sites\/37\/2024\/10\/polser-pa-bal-2048x1536.jpg 2048w, https:\/\/www.normisjon.no\/content\/uploads\/sites\/37\/2024\/10\/polser-pa-bal-1920x1440.jpg 1920w, https:\/\/www.normisjon.no\/content\/uploads\/sites\/37\/2024\/10\/polser-pa-bal-1360x1020.jpg 1360w, https:\/\/www.normisjon.no\/content\/uploads\/sites\/37\/2024\/10\/polser-pa-bal-960x720.jpg 960w\" sizes=\"auto, (max-width: 420px) 100vw, 420px\" \/><\/figure>\n<\/div>\n<\/div>\n\n\n\n<p><strong>Program Acta-lederhelg  31. jan &#8211; 2. feb 2025<\/strong><\/p>\n\n\n\n<div class=\"wp-block-columns is-layout-flex wp-container-core-columns-is-layout-9d6595d7 wp-block-columns-is-layout-flex\">\n<div class=\"wp-block-column is-layout-flow wp-block-column-is-layout-flow\">\n<p>Program fredag:<\/p>\n\n\n\n<p>16:45 Oppm\u00f8te og avreise Sandefjord<\/p>\n\n\n\n<p>18:30 Oppm\u00f8te Kongsberg<\/p>\n\n\n\n<p>19:00 Gruppeoppgaver<\/p>\n\n\n\n<p>21:00 Ankomst og innsjekk Dalh\u00f8gd<\/p>\n\n\n\n<p>21.30 Mat<\/p>\n\n\n\n<p>22:30 Bli kjent, samling, hygge og kveldssamling.<\/p>\n\n\n\n<p>00:00 God natt<\/p>\n<\/div>\n\n\n\n<div class=\"wp-block-column is-layout-flow wp-block-column-is-layout-flow\">\n<p>Program l\u00f8rdag:<\/p>\n\n\n\n<p>08:30 Frokost<\/p>\n\n\n\n<p>09:30 Morgensamling.<\/p>\n\n\n\n<p>10:30 Acta lederfokus <\/p>\n\n\n\n<p>12:00 Ut i det fri -Lunsj &#8211; Kokkekamp<\/p>\n\n\n\n<p>17:00 Middag &#8211; tilbake p\u00e5 hytta<\/p>\n\n\n\n<p>18:30 Kveldssamling m\/ ungdoms-alfa<\/p>\n\n\n\n<p>21:00 Underholdning og sosialt<\/p>\n\n\n\n<p>00:00 God natt<\/p>\n<\/div>\n\n\n\n<div class=\"wp-block-column is-layout-flow wp-block-column-is-layout-flow\">\n<p>Program s\u00f8ndag:<\/p>\n\n\n\n<p>08:30 Frokost<\/p>\n\n\n\n<p>09:30 Morgensamling m\/ ungdoms-alfa<\/p>\n\n\n\n<p>10:30 Acta lederfokus<\/p>\n\n\n\n<p>11:30 Lunsj<\/p>\n\n\n\n<p>12:30 Utsjekk <\/p>\n\n\n\n<p>13:15 Avreise<\/p>\n\n\n\n<p>14:30 Ankomst Kongsberg<\/p>\n\n\n\n<p>17:00 Ankomst Sandefjord.<\/p>\n<\/div>\n<\/div>\n\n\n\n<p>Ble med inn i kulissene til Acta VeBu sitt leir univers!<\/p>\n\n\n\n<p><a href=\"https:\/\/event.checkin.no\/86398\/acta-lederweekend-dalhogd\" target=\"_blank\" rel=\"noreferrer noopener\">Link til p\u00e5melding finner du HER<\/a><\/p>\n\n\n\n<p>Avreise skjer fra Sandefjord kl. 17 fredag 31. januar. Vi reiser med minibuss og egen sj\u00e5f\u00f8r, samt noen biler. Vi stopper i Kongsberg for \u00e5 ta med oss deltakere herfra rundt kl. 18.30. <\/p>\n\n\n\n<p>M\u00f8teplass for de som kommer fra Kongsberg omr\u00e5det, er p\u00e5 Kiwi Kongsberg, Numedalsveien 70, klokken 18:30 fredag 31. jan.<\/p>\n\n\n\n<p>P.S.<\/p>\n\n\n\n<p>Dersom du kommer fra andre omr\u00e5der i regionen, ta kontakt med Actaleder s\u00e5 finner vi en l\u00f8sning for hvor p\u00e5 veien det er gunstigst \u00e5 treffes. Det er \u00f8nskelig at alle er med fra m\u00f8tepunkt i Kongsberg kl 18:30, men dersom det ikke lar seg gj\u00f8re s\u00e5 ordner vi det ogs\u00e5.<\/p>\n\n\n\n<p><a href=\"https:\/\/acta.no\/vebu\/ledertrening-i-acta-vebu\/\" target=\"_blank\" rel=\"noreferrer noopener\">Mer om Acta VeBu sin ledertrening finner du HER<\/a><\/p>\n\n\n\n<p>Sp\u00f8rsm\u00e5l kan rettes til Actaleder:<\/p>\n\n\n\n<p>Stein Joar Myrvang<\/p>\n\n\n\n<p>stein.joar.myrvang@normisjon.no<\/p>\n\n\n\n<p>tlf: 99500047<\/p>\n<\/div>","protected":false},"excerpt":{"rendered":"<p>Sted: Dalh\u00f8gd fjellkapell Veggli Dato: 31. jan &#8211; 2. feb 2025 Alder: 8. klasse &#8211; Vg1. Pris: 950,- \u00c5rets f\u00f8rste Acta VeBu lederhelg st\u00e5r for tur og denne gangen skal vi til Dalh\u00f8d fjellkapell p\u00e5 Veggli fjell! Dette er et trivelig fjellkapell eid av Normisjon VeBu. Her har vi gode fasiliteter for overnatting, det er [&hellip;]<\/p>\n","protected":false},"author":81,"featured_media":2447,"parent":0,"menu_order":0,"comment_status":"closed","ping_status":"closed","template":"","meta":{"_acf_changed":false,"footnotes":""},"class_list":["post-2443","page","type-page","status-publish","has-post-thumbnail","hentry"],"acf":[],"yoast_head":"<!-- This site is optimized with the Yoast SEO plugin v25.9 - https:\/\/yoast.com\/wordpress\/plugins\/seo\/ -->\n<title>Acta VeBu lederhelg til Dalh\u00f8gd - Acta Region VeBu<\/title>\n<meta name=\"robots\" content=\"index, follow, max-snippet:-1, max-image-preview:large, max-video-preview:-1\" \/>\n<link rel=\"canonical\" href=\"https:\/\/acta.no\/vebu\/acta-vebu-lederhelg-til-dalhogd\/\" \/>\n<meta property=\"og:locale\" content=\"nb_NO\" \/>\n<meta property=\"og:type\" content=\"article\" \/>\n<meta property=\"og:title\" content=\"Acta VeBu lederhelg til Dalh\u00f8gd - Acta Region VeBu\" \/>\n<meta property=\"og:description\" content=\"Sted: Dalh\u00f8gd fjellkapell Veggli Dato: 31. jan &#8211; 2. feb 2025 Alder: 8. klasse &#8211; Vg1. Pris: 950,- \u00c5rets f\u00f8rste Acta VeBu lederhelg st\u00e5r for tur og denne gangen skal vi til Dalh\u00f8d fjellkapell p\u00e5 Veggli fjell! Dette er et trivelig fjellkapell eid av Normisjon VeBu. Her har vi gode fasiliteter for overnatting, det er [&hellip;]\" \/>\n<meta property=\"og:url\" content=\"https:\/\/acta.no\/vebu\/acta-vebu-lederhelg-til-dalhogd\/\" \/>\n<meta property=\"og:site_name\" content=\"Acta Region VeBu\" \/>\n<meta property=\"article:modified_time\" content=\"2025-01-24T08:44:02+00:00\" \/>\n<meta property=\"og:image\" content=\"https:\/\/www.normisjon.no\/content\/uploads\/sites\/37\/2024\/10\/Skitur-scaled.jpg\" \/>\n\t<meta property=\"og:image:width\" content=\"2560\" \/>\n\t<meta property=\"og:image:height\" content=\"1920\" \/>\n\t<meta property=\"og:image:type\" content=\"image\/jpeg\" \/>\n<meta name=\"twitter:card\" content=\"summary_large_image\" \/>\n<meta name=\"twitter:label1\" content=\"Ansl. lesetid\" \/>\n\t<meta name=\"twitter:data1\" content=\"3 minutter\" \/>\n<script type=\"application\/ld+json\" class=\"yoast-schema-graph\">{\"@context\":\"https:\/\/schema.org\",\"@graph\":[{\"@type\":\"WebPage\",\"@id\":\"https:\/\/acta.no\/vebu\/acta-vebu-lederhelg-til-dalhogd\/\",\"url\":\"https:\/\/acta.no\/vebu\/acta-vebu-lederhelg-til-dalhogd\/\",\"name\":\"Acta VeBu lederhelg til Dalh\u00f8gd - Acta Region VeBu\",\"isPartOf\":{\"@id\":\"https:\/\/acta.no\/vebu\/#website\"},\"primaryImageOfPage\":{\"@id\":\"https:\/\/acta.no\/vebu\/acta-vebu-lederhelg-til-dalhogd\/#primaryimage\"},\"image\":{\"@id\":\"https:\/\/acta.no\/vebu\/acta-vebu-lederhelg-til-dalhogd\/#primaryimage\"},\"thumbnailUrl\":\"https:\/\/www.normisjon.no\/content\/uploads\/sites\/37\/2024\/10\/Skitur-scaled-e1745564562359.jpg\",\"datePublished\":\"2024-10-24T08:50:07+00:00\",\"dateModified\":\"2025-01-24T08:44:02+00:00\",\"breadcrumb\":{\"@id\":\"https:\/\/acta.no\/vebu\/acta-vebu-lederhelg-til-dalhogd\/#breadcrumb\"},\"inLanguage\":\"nb-NO\",\"potentialAction\":[{\"@type\":\"ReadAction\",\"target\":[\"https:\/\/acta.no\/vebu\/acta-vebu-lederhelg-til-dalhogd\/\"]}]},{\"@type\":\"ImageObject\",\"inLanguage\":\"nb-NO\",\"@id\":\"https:\/\/acta.no\/vebu\/acta-vebu-lederhelg-til-dalhogd\/#primaryimage\",\"url\":\"https:\/\/www.normisjon.no\/content\/uploads\/sites\/37\/2024\/10\/Skitur-scaled-e1745564562359.jpg\",\"contentUrl\":\"https:\/\/www.normisjon.no\/content\/uploads\/sites\/37\/2024\/10\/Skitur-scaled-e1745564562359.jpg\",\"width\":2560,\"height\":928},{\"@type\":\"BreadcrumbList\",\"@id\":\"https:\/\/acta.no\/vebu\/acta-vebu-lederhelg-til-dalhogd\/#breadcrumb\",\"itemListElement\":[{\"@type\":\"ListItem\",\"position\":1,\"name\":\"Til acta.no\",\"item\":\"https:\/\/acta.no\/\"},{\"@type\":\"ListItem\",\"position\":2,\"name\":\"Region VeBu\",\"item\":\"https:\/\/acta.no\/vebu\/\"},{\"@type\":\"ListItem\",\"position\":3,\"name\":\"Acta VeBu lederhelg til Dalh\u00f8gd\"}]},{\"@type\":\"WebSite\",\"@id\":\"https:\/\/acta.no\/vebu\/#website\",\"url\":\"https:\/\/acta.no\/vebu\/\",\"name\":\"Acta Region VeBu\",\"description\":\"VeBu\",\"potentialAction\":[{\"@type\":\"SearchAction\",\"target\":{\"@type\":\"EntryPoint\",\"urlTemplate\":\"https:\/\/acta.no\/vebu\/?s={search_term_string}\"},\"query-input\":{\"@type\":\"PropertyValueSpecification\",\"valueRequired\":true,\"valueName\":\"search_term_string\"}}],\"inLanguage\":\"nb-NO\"}]}<\/script>\n<!-- \/ Yoast SEO plugin. -->","yoast_head_json":{"title":"Acta VeBu lederhelg til Dalh\u00f8gd - Acta Region VeBu","robots":{"index":"index","follow":"follow","max-snippet":"max-snippet:-1","max-image-preview":"max-image-preview:large","max-video-preview":"max-video-preview:-1"},"canonical":"https:\/\/acta.no\/vebu\/acta-vebu-lederhelg-til-dalhogd\/","og_locale":"nb_NO","og_type":"article","og_title":"Acta VeBu lederhelg til Dalh\u00f8gd - Acta Region VeBu","og_description":"Sted: Dalh\u00f8gd fjellkapell Veggli Dato: 31. jan &#8211; 2. feb 2025 Alder: 8. klasse &#8211; Vg1. Pris: 950,- \u00c5rets f\u00f8rste Acta VeBu lederhelg st\u00e5r for tur og denne gangen skal vi til Dalh\u00f8d fjellkapell p\u00e5 Veggli fjell! Dette er et trivelig fjellkapell eid av Normisjon VeBu. Her har vi gode fasiliteter for overnatting, det er [&hellip;]","og_url":"https:\/\/acta.no\/vebu\/acta-vebu-lederhelg-til-dalhogd\/","og_site_name":"Acta Region VeBu","article_modified_time":"2025-01-24T08:44:02+00:00","og_image":[{"width":2560,"height":1920,"url":"https:\/\/www.normisjon.no\/content\/uploads\/sites\/37\/2024\/10\/Skitur-scaled.jpg","type":"image\/jpeg"}],"twitter_card":"summary_large_image","twitter_misc":{"Ansl. lesetid":"3 minutter"},"schema":{"@context":"https:\/\/schema.org","@graph":[{"@type":"WebPage","@id":"https:\/\/acta.no\/vebu\/acta-vebu-lederhelg-til-dalhogd\/","url":"https:\/\/acta.no\/vebu\/acta-vebu-lederhelg-til-dalhogd\/","name":"Acta VeBu lederhelg til Dalh\u00f8gd - Acta Region VeBu","isPartOf":{"@id":"https:\/\/acta.no\/vebu\/#website"},"primaryImageOfPage":{"@id":"https:\/\/acta.no\/vebu\/acta-vebu-lederhelg-til-dalhogd\/#primaryimage"},"image":{"@id":"https:\/\/acta.no\/vebu\/acta-vebu-lederhelg-til-dalhogd\/#primaryimage"},"thumbnailUrl":"https:\/\/www.normisjon.no\/content\/uploads\/sites\/37\/2024\/10\/Skitur-scaled-e1745564562359.jpg","datePublished":"2024-10-24T08:50:07+00:00","dateModified":"2025-01-24T08:44:02+00:00","breadcrumb":{"@id":"https:\/\/acta.no\/vebu\/acta-vebu-lederhelg-til-dalhogd\/#breadcrumb"},"inLanguage":"nb-NO","potentialAction":[{"@type":"ReadAction","target":["https:\/\/acta.no\/vebu\/acta-vebu-lederhelg-til-dalhogd\/"]}]},{"@type":"ImageObject","inLanguage":"nb-NO","@id":"https:\/\/acta.no\/vebu\/acta-vebu-lederhelg-til-dalhogd\/#primaryimage","url":"https:\/\/www.normisjon.no\/content\/uploads\/sites\/37\/2024\/10\/Skitur-scaled-e1745564562359.jpg","contentUrl":"https:\/\/www.normisjon.no\/content\/uploads\/sites\/37\/2024\/10\/Skitur-scaled-e1745564562359.jpg","width":2560,"height":928},{"@type":"BreadcrumbList","@id":"https:\/\/acta.no\/vebu\/acta-vebu-lederhelg-til-dalhogd\/#breadcrumb","itemListElement":[{"@type":"ListItem","position":1,"name":"Til acta.no","item":"https:\/\/acta.no\/"},{"@type":"ListItem","position":2,"name":"Region VeBu","item":"https:\/\/acta.no\/vebu\/"},{"@type":"ListItem","position":3,"name":"Acta VeBu lederhelg til Dalh\u00f8gd"}]},{"@type":"WebSite","@id":"https:\/\/acta.no\/vebu\/#website","url":"https:\/\/acta.no\/vebu\/","name":"Acta Region VeBu","description":"VeBu","potentialAction":[{"@type":"SearchAction","target":{"@type":"EntryPoint","urlTemplate":"https:\/\/acta.no\/vebu\/?s={search_term_string}"},"query-input":{"@type":"PropertyValueSpecification","valueRequired":true,"valueName":"search_term_string"}}],"inLanguage":"nb-NO"}]}},"_links":{"self":[{"href":"https:\/\/acta.no\/vebu\/wp-json\/wp\/v2\/pages\/2443","targetHints":{"allow":["GET"]}}],"collection":[{"href":"https:\/\/acta.no\/vebu\/wp-json\/wp\/v2\/pages"}],"about":[{"href":"https:\/\/acta.no\/vebu\/wp-json\/wp\/v2\/types\/page"}],"author":[{"embeddable":true,"href":"https:\/\/acta.no\/vebu\/wp-json\/wp\/v2\/users\/81"}],"replies":[{"embeddable":true,"href":"https:\/\/acta.no\/vebu\/wp-json\/wp\/v2\/comments?post=2443"}],"version-history":[{"count":11,"href":"https:\/\/acta.no\/vebu\/wp-json\/wp\/v2\/pages\/2443\/revisions"}],"predecessor-version":[{"id":2496,"href":"https:\/\/acta.no\/vebu\/wp-json\/wp\/v2\/pages\/2443\/revisions\/2496"}],"wp:featuredmedia":[{"embeddable":true,"href":"https:\/\/acta.no\/vebu\/wp-json\/wp\/v2\/media\/2447"}],"wp:attachment":[{"href":"https:\/\/acta.no\/vebu\/wp-json\/wp\/v2\/media?parent=2443"}],"curies":[{"name":"wp","href":"https:\/\/api.w.org\/{rel}","templated":true}]}}