{"id":2417,"date":"2024-09-26T13:15:10","date_gmt":"2024-09-26T13:15:10","guid":{"rendered":"https:\/\/acta.no\/vebu\/?page_id=2417"},"modified":"2024-09-27T07:44:55","modified_gmt":"2024-09-27T07:44:55","slug":"acta-vebu-lederdogn","status":"publish","type":"page","link":"https:\/\/acta.no\/vebu\/acta-vebu-lederdogn\/","title":{"rendered":"Acta VeBU lederd\u00f8gn &#8211; h\u00f8sten 24"},"content":{"rendered":"<div class=\"gutenberg-content\">\n<figure class=\"wp-block-image size-large\"><img loading=\"lazy\" decoding=\"async\" width=\"2560\" height=\"1441\" src=\"https:\/\/www.normisjon.no\/content\/uploads\/sites\/37\/2024\/09\/drammen-edited-scaled.jpg\" alt=\"\" class=\"wp-image-2419\" srcset=\"https:\/\/www.normisjon.no\/content\/uploads\/sites\/37\/2024\/09\/drammen-edited-scaled.jpg 2560w, https:\/\/www.normisjon.no\/content\/uploads\/sites\/37\/2024\/09\/drammen-edited-300x169.jpg 300w, https:\/\/www.normisjon.no\/content\/uploads\/sites\/37\/2024\/09\/drammen-edited-1024x576.jpg 1024w, https:\/\/www.normisjon.no\/content\/uploads\/sites\/37\/2024\/09\/drammen-edited-768x432.jpg 768w, https:\/\/www.normisjon.no\/content\/uploads\/sites\/37\/2024\/09\/drammen-edited-1536x864.jpg 1536w, https:\/\/www.normisjon.no\/content\/uploads\/sites\/37\/2024\/09\/drammen-edited-2048x1152.jpg 2048w, https:\/\/www.normisjon.no\/content\/uploads\/sites\/37\/2024\/09\/drammen-edited-1920x1080.jpg 1920w, https:\/\/www.normisjon.no\/content\/uploads\/sites\/37\/2024\/09\/drammen-edited-1360x765.jpg 1360w, https:\/\/www.normisjon.no\/content\/uploads\/sites\/37\/2024\/09\/drammen-edited-960x540.jpg 960w\" sizes=\"auto, (max-width: 2560px) 100vw, 2560px\" \/><\/figure>\n\n\n\n<p>Acta lederd\u00f8gn p\u00e5 Strand leirsted!<\/p>\n\n\n\n<p>Sted: Strand leirsted<\/p>\n\n\n\n<p>Dato: 26.- 27. oktober 2024<\/p>\n\n\n\n<p>Alder: 8. klasse &#8211; Vg1.<\/p>\n\n\n\n<p>Pris: 500,- <\/p>\n\n\n\n<p>Bli med p\u00e5 et d\u00f8gn som lederspire i Acta VeBu!<\/p>\n\n\n\n<p>Vi samles p\u00e5 Strand leirsted fra l\u00f8rdag 26. oktober kl. 12.<\/p>\n\n\n\n<p>Det blir en g\u00f8yalt og hektisk d\u00f8gn, med undervisning, aktiviteter og fellesskap hvor vi l\u00e6rer b\u00e5de om oss selv og hvordan vi kan virke inn i leir- og ledersammenheng.<\/p>\n\n\n\n<p>Du vil bli kjent med et knippe av v\u00e5re erfarende ledere. Disse vil v\u00e6re med \u00e5 utfordre deg noe, b\u00e5de personlig og \u00e5ndelig, men mest av alt vil du f\u00e5 gleden av \u00e5 v\u00e6re en del av et st\u00f8rre fellesskap i trygge rammer p\u00e5 v\u00e5rt fantastiske Strand leirsted!<\/p>\n\n\n\n<div class=\"wp-block-columns is-layout-flex wp-container-core-columns-is-layout-9d6595d7 wp-block-columns-is-layout-flex\">\n<div class=\"wp-block-column is-layout-flow wp-block-column-is-layout-flow\">\n<figure class=\"wp-block-image size-large\"><img loading=\"lazy\" decoding=\"async\" width=\"1284\" height=\"964\" src=\"https:\/\/www.normisjon.no\/content\/uploads\/sites\/37\/2024\/09\/lederleleir-olabillop-edited.jpg\" alt=\"\" class=\"wp-image-2420\" srcset=\"https:\/\/www.normisjon.no\/content\/uploads\/sites\/37\/2024\/09\/lederleleir-olabillop-edited.jpg 1284w, https:\/\/www.normisjon.no\/content\/uploads\/sites\/37\/2024\/09\/lederleleir-olabillop-edited-300x225.jpg 300w, https:\/\/www.normisjon.no\/content\/uploads\/sites\/37\/2024\/09\/lederleleir-olabillop-edited-1024x769.jpg 1024w, https:\/\/www.normisjon.no\/content\/uploads\/sites\/37\/2024\/09\/lederleleir-olabillop-edited-768x577.jpg 768w, https:\/\/www.normisjon.no\/content\/uploads\/sites\/37\/2024\/09\/lederleleir-olabillop-edited-960x721.jpg 960w\" sizes=\"auto, (max-width: 1284px) 100vw, 1284px\" \/><\/figure>\n<\/div>\n\n\n\n<div class=\"wp-block-column is-layout-flow wp-block-column-is-layout-flow\">\n<figure class=\"wp-block-image size-large\"><img loading=\"lazy\" decoding=\"async\" width=\"1024\" height=\"768\" src=\"https:\/\/www.normisjon.no\/content\/uploads\/sites\/37\/2024\/09\/IMG_2739-1024x768.jpeg\" alt=\"\" class=\"wp-image-2421\" srcset=\"https:\/\/www.normisjon.no\/content\/uploads\/sites\/37\/2024\/09\/IMG_2739-1024x768.jpeg 1024w, https:\/\/www.normisjon.no\/content\/uploads\/sites\/37\/2024\/09\/IMG_2739-300x225.jpeg 300w, https:\/\/www.normisjon.no\/content\/uploads\/sites\/37\/2024\/09\/IMG_2739-768x576.jpeg 768w, https:\/\/www.normisjon.no\/content\/uploads\/sites\/37\/2024\/09\/IMG_2739-1536x1152.jpeg 1536w, https:\/\/www.normisjon.no\/content\/uploads\/sites\/37\/2024\/09\/IMG_2739-1920x1440.jpeg 1920w, https:\/\/www.normisjon.no\/content\/uploads\/sites\/37\/2024\/09\/IMG_2739-1360x1020.jpeg 1360w, https:\/\/www.normisjon.no\/content\/uploads\/sites\/37\/2024\/09\/IMG_2739-960x720.jpeg 960w, https:\/\/www.normisjon.no\/content\/uploads\/sites\/37\/2024\/09\/IMG_2739.jpeg 2048w\" sizes=\"auto, (max-width: 1024px) 100vw, 1024px\" \/><\/figure>\n<\/div>\n\n\n\n<div class=\"wp-block-column is-layout-flow wp-block-column-is-layout-flow\">\n<figure class=\"wp-block-image size-large\"><img loading=\"lazy\" decoding=\"async\" width=\"1024\" height=\"768\" src=\"https:\/\/www.normisjon.no\/content\/uploads\/sites\/37\/2024\/09\/VeBu-ledere-edited-1024x768.jpg\" alt=\"\" class=\"wp-image-2401\" srcset=\"https:\/\/www.normisjon.no\/content\/uploads\/sites\/37\/2024\/09\/VeBu-ledere-edited-1024x768.jpg 1024w, https:\/\/www.normisjon.no\/content\/uploads\/sites\/37\/2024\/09\/VeBu-ledere-edited-300x225.jpg 300w, https:\/\/www.normisjon.no\/content\/uploads\/sites\/37\/2024\/09\/VeBu-ledere-edited-768x576.jpg 768w, https:\/\/www.normisjon.no\/content\/uploads\/sites\/37\/2024\/09\/VeBu-ledere-edited-1536x1152.jpg 1536w, https:\/\/www.normisjon.no\/content\/uploads\/sites\/37\/2024\/09\/VeBu-ledere-edited-2048x1536.jpg 2048w, https:\/\/www.normisjon.no\/content\/uploads\/sites\/37\/2024\/09\/VeBu-ledere-edited-1920x1440.jpg 1920w, https:\/\/www.normisjon.no\/content\/uploads\/sites\/37\/2024\/09\/VeBu-ledere-edited-1360x1020.jpg 1360w, https:\/\/www.normisjon.no\/content\/uploads\/sites\/37\/2024\/09\/VeBu-ledere-edited-960x720.jpg 960w\" sizes=\"auto, (max-width: 1024px) 100vw, 1024px\" \/><\/figure>\n<\/div>\n<\/div>\n\n\n\n<div class=\"wp-block-columns is-layout-flex wp-container-core-columns-is-layout-9d6595d7 wp-block-columns-is-layout-flex\">\n<div class=\"wp-block-column is-layout-flow wp-block-column-is-layout-flow\">\n<p>Program l\u00f8rdag:<\/p>\n\n\n\n<p>kl11:00 Oppm\u00f8te Strand &#8211; Parkeringen.<\/p>\n\n\n\n<p>kl11:30 Lunsj i det fri.<\/p>\n\n\n\n<p>14:30 Acta lederfokus<\/p>\n\n\n\n<p>17:00 Middag<\/p>\n\n\n\n<p>18:30 Kveldssamling m\/ ungdoms-alfa<\/p>\n\n\n\n<p>21:00 Underholdning og sosialt<\/p>\n\n\n\n<p>00:00 God natt<\/p>\n<\/div>\n\n\n\n<div class=\"wp-block-column is-layout-flow wp-block-column-is-layout-flow\">\n<p>Program s\u00f8ndag:<\/p>\n\n\n\n<p>08:30 Frokost<\/p>\n\n\n\n<p>09:30 Morgensamling m\/ ungdoms-alfa<\/p>\n\n\n\n<p>10:30 Lek og aktivitet<\/p>\n\n\n\n<p>11:30 Lunsj<\/p>\n\n\n\n<p>12:30 Acta lederfokus<\/p>\n\n\n\n<p>14:00 Takk for n\u00e5.<\/p>\n<\/div>\n\n\n\n<div class=\"wp-block-column is-layout-flow wp-block-column-is-layout-flow\">\n<figure class=\"wp-block-image size-full\"><img loading=\"lazy\" decoding=\"async\" width=\"296\" height=\"473\" src=\"https:\/\/www.normisjon.no\/content\/uploads\/sites\/37\/2024\/09\/Sporty-publikum-2020-1-edited.png\" alt=\"\" class=\"wp-image-2438\" srcset=\"https:\/\/www.normisjon.no\/content\/uploads\/sites\/37\/2024\/09\/Sporty-publikum-2020-1-edited.png 296w, https:\/\/www.normisjon.no\/content\/uploads\/sites\/37\/2024\/09\/Sporty-publikum-2020-1-edited-188x300.png 188w\" sizes=\"auto, (max-width: 296px) 100vw, 296px\" \/><\/figure>\n<\/div>\n<\/div>\n\n\n\n<p>Du vil bo i de nye hyttene v\u00e5re under oppholdet og alle samlinger vil v\u00e6re i den aller nyeste hytta, helt nede i vannkanten. Utover dette vil vi ogs\u00e5 benytte oss av de flotte uteomr\u00e5dene vi har p\u00e5 Strand.<\/p>\n\n\n\n<p>Ble med inn i kulissene til Acta VeBu sitt leir univers!<\/p>\n\n\n\n<p><a href=\"https:\/\/event.checkin.no\/80415\/acta-lederdogn\" target=\"_blank\" rel=\"noreferrer noopener\">Link til p\u00e5melding finner du HER<\/a><\/p>\n\n\n\n<p><a href=\"https:\/\/acta.no\/vebu\/ledertrening-i-acta-vebu\/\" target=\"_blank\" rel=\"noreferrer noopener\">Mer om Acta VeBu sin ledertrening finner du HER<\/a><\/p>\n\n\n\n<p>Sp\u00f8rsm\u00e5l kan rettes til Actaleder:<\/p>\n\n\n\n<p>Stein Joar Myrvang<\/p>\n\n\n\n<p>stein.joar.myrvang@normisjon.no<\/p>\n\n\n\n<p>tlf: 99500047<\/p>\n<\/div>","protected":false},"excerpt":{"rendered":"<p>Acta lederd\u00f8gn p\u00e5 Strand leirsted! Sted: Strand leirsted Dato: 26.- 27. oktober 2024 Alder: 8. klasse &#8211; Vg1. Pris: 500,- Bli med p\u00e5 et d\u00f8gn som lederspire i Acta VeBu! Vi samles p\u00e5 Strand leirsted fra l\u00f8rdag 26. oktober kl. 12. Det blir en g\u00f8yalt og hektisk d\u00f8gn, med undervisning, aktiviteter og fellesskap hvor vi [&hellip;]<\/p>\n","protected":false},"author":81,"featured_media":2403,"parent":0,"menu_order":0,"comment_status":"closed","ping_status":"closed","template":"","meta":{"_acf_changed":false,"footnotes":""},"class_list":["post-2417","page","type-page","status-publish","has-post-thumbnail","hentry"],"acf":[],"yoast_head":"<!-- This site is optimized with the Yoast SEO plugin v25.9 - https:\/\/yoast.com\/wordpress\/plugins\/seo\/ -->\n<title>Acta VeBU lederd\u00f8gn - h\u00f8sten 24 - Acta Region VeBu<\/title>\n<meta name=\"robots\" content=\"index, follow, max-snippet:-1, max-image-preview:large, max-video-preview:-1\" \/>\n<link rel=\"canonical\" href=\"https:\/\/acta.no\/vebu\/acta-vebu-lederdogn\/\" \/>\n<meta property=\"og:locale\" content=\"nb_NO\" \/>\n<meta property=\"og:type\" content=\"article\" \/>\n<meta property=\"og:title\" content=\"Acta VeBU lederd\u00f8gn - h\u00f8sten 24 - Acta Region VeBu\" \/>\n<meta property=\"og:description\" content=\"Acta lederd\u00f8gn p\u00e5 Strand leirsted! Sted: Strand leirsted Dato: 26.- 27. oktober 2024 Alder: 8. klasse &#8211; Vg1. Pris: 500,- Bli med p\u00e5 et d\u00f8gn som lederspire i Acta VeBu! Vi samles p\u00e5 Strand leirsted fra l\u00f8rdag 26. oktober kl. 12. Det blir en g\u00f8yalt og hektisk d\u00f8gn, med undervisning, aktiviteter og fellesskap hvor vi [&hellip;]\" \/>\n<meta property=\"og:url\" content=\"https:\/\/acta.no\/vebu\/acta-vebu-lederdogn\/\" \/>\n<meta property=\"og:site_name\" content=\"Acta Region VeBu\" \/>\n<meta property=\"article:modified_time\" content=\"2024-09-27T07:44:55+00:00\" \/>\n<meta property=\"og:image\" content=\"https:\/\/www.normisjon.no\/content\/uploads\/sites\/37\/2024\/09\/Paddan2.jpg\" \/>\n\t<meta property=\"og:image:width\" content=\"1440\" \/>\n\t<meta property=\"og:image:height\" content=\"1083\" \/>\n\t<meta property=\"og:image:type\" content=\"image\/jpeg\" \/>\n<meta name=\"twitter:card\" content=\"summary_large_image\" \/>\n<meta name=\"twitter:label1\" content=\"Ansl. lesetid\" \/>\n\t<meta name=\"twitter:data1\" content=\"3 minutter\" \/>\n<script type=\"application\/ld+json\" class=\"yoast-schema-graph\">{\"@context\":\"https:\/\/schema.org\",\"@graph\":[{\"@type\":\"WebPage\",\"@id\":\"https:\/\/acta.no\/vebu\/acta-vebu-lederdogn\/\",\"url\":\"https:\/\/acta.no\/vebu\/acta-vebu-lederdogn\/\",\"name\":\"Acta VeBU lederd\u00f8gn - h\u00f8sten 24 - Acta Region VeBu\",\"isPartOf\":{\"@id\":\"https:\/\/acta.no\/vebu\/#website\"},\"primaryImageOfPage\":{\"@id\":\"https:\/\/acta.no\/vebu\/acta-vebu-lederdogn\/#primaryimage\"},\"image\":{\"@id\":\"https:\/\/acta.no\/vebu\/acta-vebu-lederdogn\/#primaryimage\"},\"thumbnailUrl\":\"https:\/\/www.normisjon.no\/content\/uploads\/sites\/37\/2024\/09\/Paddan2-e1745567960636.jpg\",\"datePublished\":\"2024-09-26T13:15:10+00:00\",\"dateModified\":\"2024-09-27T07:44:55+00:00\",\"breadcrumb\":{\"@id\":\"https:\/\/acta.no\/vebu\/acta-vebu-lederdogn\/#breadcrumb\"},\"inLanguage\":\"nb-NO\",\"potentialAction\":[{\"@type\":\"ReadAction\",\"target\":[\"https:\/\/acta.no\/vebu\/acta-vebu-lederdogn\/\"]}]},{\"@type\":\"ImageObject\",\"inLanguage\":\"nb-NO\",\"@id\":\"https:\/\/acta.no\/vebu\/acta-vebu-lederdogn\/#primaryimage\",\"url\":\"https:\/\/www.normisjon.no\/content\/uploads\/sites\/37\/2024\/09\/Paddan2-e1745567960636.jpg\",\"contentUrl\":\"https:\/\/www.normisjon.no\/content\/uploads\/sites\/37\/2024\/09\/Paddan2-e1745567960636.jpg\",\"width\":1439,\"height\":323},{\"@type\":\"BreadcrumbList\",\"@id\":\"https:\/\/acta.no\/vebu\/acta-vebu-lederdogn\/#breadcrumb\",\"itemListElement\":[{\"@type\":\"ListItem\",\"position\":1,\"name\":\"Til acta.no\",\"item\":\"https:\/\/acta.no\/\"},{\"@type\":\"ListItem\",\"position\":2,\"name\":\"Region VeBu\",\"item\":\"https:\/\/acta.no\/vebu\/\"},{\"@type\":\"ListItem\",\"position\":3,\"name\":\"Acta VeBU lederd\u00f8gn &#8211; h\u00f8sten 24\"}]},{\"@type\":\"WebSite\",\"@id\":\"https:\/\/acta.no\/vebu\/#website\",\"url\":\"https:\/\/acta.no\/vebu\/\",\"name\":\"Acta Region VeBu\",\"description\":\"VeBu\",\"potentialAction\":[{\"@type\":\"SearchAction\",\"target\":{\"@type\":\"EntryPoint\",\"urlTemplate\":\"https:\/\/acta.no\/vebu\/?s={search_term_string}\"},\"query-input\":{\"@type\":\"PropertyValueSpecification\",\"valueRequired\":true,\"valueName\":\"search_term_string\"}}],\"inLanguage\":\"nb-NO\"}]}<\/script>\n<!-- \/ Yoast SEO plugin. -->","yoast_head_json":{"title":"Acta VeBU lederd\u00f8gn - h\u00f8sten 24 - Acta Region VeBu","robots":{"index":"index","follow":"follow","max-snippet":"max-snippet:-1","max-image-preview":"max-image-preview:large","max-video-preview":"max-video-preview:-1"},"canonical":"https:\/\/acta.no\/vebu\/acta-vebu-lederdogn\/","og_locale":"nb_NO","og_type":"article","og_title":"Acta VeBU lederd\u00f8gn - h\u00f8sten 24 - Acta Region VeBu","og_description":"Acta lederd\u00f8gn p\u00e5 Strand leirsted! Sted: Strand leirsted Dato: 26.- 27. oktober 2024 Alder: 8. klasse &#8211; Vg1. Pris: 500,- Bli med p\u00e5 et d\u00f8gn som lederspire i Acta VeBu! Vi samles p\u00e5 Strand leirsted fra l\u00f8rdag 26. oktober kl. 12. Det blir en g\u00f8yalt og hektisk d\u00f8gn, med undervisning, aktiviteter og fellesskap hvor vi [&hellip;]","og_url":"https:\/\/acta.no\/vebu\/acta-vebu-lederdogn\/","og_site_name":"Acta Region VeBu","article_modified_time":"2024-09-27T07:44:55+00:00","og_image":[{"width":1440,"height":1083,"url":"https:\/\/www.normisjon.no\/content\/uploads\/sites\/37\/2024\/09\/Paddan2.jpg","type":"image\/jpeg"}],"twitter_card":"summary_large_image","twitter_misc":{"Ansl. lesetid":"3 minutter"},"schema":{"@context":"https:\/\/schema.org","@graph":[{"@type":"WebPage","@id":"https:\/\/acta.no\/vebu\/acta-vebu-lederdogn\/","url":"https:\/\/acta.no\/vebu\/acta-vebu-lederdogn\/","name":"Acta VeBU lederd\u00f8gn - h\u00f8sten 24 - Acta Region VeBu","isPartOf":{"@id":"https:\/\/acta.no\/vebu\/#website"},"primaryImageOfPage":{"@id":"https:\/\/acta.no\/vebu\/acta-vebu-lederdogn\/#primaryimage"},"image":{"@id":"https:\/\/acta.no\/vebu\/acta-vebu-lederdogn\/#primaryimage"},"thumbnailUrl":"https:\/\/www.normisjon.no\/content\/uploads\/sites\/37\/2024\/09\/Paddan2-e1745567960636.jpg","datePublished":"2024-09-26T13:15:10+00:00","dateModified":"2024-09-27T07:44:55+00:00","breadcrumb":{"@id":"https:\/\/acta.no\/vebu\/acta-vebu-lederdogn\/#breadcrumb"},"inLanguage":"nb-NO","potentialAction":[{"@type":"ReadAction","target":["https:\/\/acta.no\/vebu\/acta-vebu-lederdogn\/"]}]},{"@type":"ImageObject","inLanguage":"nb-NO","@id":"https:\/\/acta.no\/vebu\/acta-vebu-lederdogn\/#primaryimage","url":"https:\/\/www.normisjon.no\/content\/uploads\/sites\/37\/2024\/09\/Paddan2-e1745567960636.jpg","contentUrl":"https:\/\/www.normisjon.no\/content\/uploads\/sites\/37\/2024\/09\/Paddan2-e1745567960636.jpg","width":1439,"height":323},{"@type":"BreadcrumbList","@id":"https:\/\/acta.no\/vebu\/acta-vebu-lederdogn\/#breadcrumb","itemListElement":[{"@type":"ListItem","position":1,"name":"Til acta.no","item":"https:\/\/acta.no\/"},{"@type":"ListItem","position":2,"name":"Region VeBu","item":"https:\/\/acta.no\/vebu\/"},{"@type":"ListItem","position":3,"name":"Acta VeBU lederd\u00f8gn &#8211; h\u00f8sten 24"}]},{"@type":"WebSite","@id":"https:\/\/acta.no\/vebu\/#website","url":"https:\/\/acta.no\/vebu\/","name":"Acta Region VeBu","description":"VeBu","potentialAction":[{"@type":"SearchAction","target":{"@type":"EntryPoint","urlTemplate":"https:\/\/acta.no\/vebu\/?s={search_term_string}"},"query-input":{"@type":"PropertyValueSpecification","valueRequired":true,"valueName":"search_term_string"}}],"inLanguage":"nb-NO"}]}},"_links":{"self":[{"href":"https:\/\/acta.no\/vebu\/wp-json\/wp\/v2\/pages\/2417","targetHints":{"allow":["GET"]}}],"collection":[{"href":"https:\/\/acta.no\/vebu\/wp-json\/wp\/v2\/pages"}],"about":[{"href":"https:\/\/acta.no\/vebu\/wp-json\/wp\/v2\/types\/page"}],"author":[{"embeddable":true,"href":"https:\/\/acta.no\/vebu\/wp-json\/wp\/v2\/users\/81"}],"replies":[{"embeddable":true,"href":"https:\/\/acta.no\/vebu\/wp-json\/wp\/v2\/comments?post=2417"}],"version-history":[{"count":9,"href":"https:\/\/acta.no\/vebu\/wp-json\/wp\/v2\/pages\/2417\/revisions"}],"predecessor-version":[{"id":2445,"href":"https:\/\/acta.no\/vebu\/wp-json\/wp\/v2\/pages\/2417\/revisions\/2445"}],"wp:featuredmedia":[{"embeddable":true,"href":"https:\/\/acta.no\/vebu\/wp-json\/wp\/v2\/media\/2403"}],"wp:attachment":[{"href":"https:\/\/acta.no\/vebu\/wp-json\/wp\/v2\/media?parent=2417"}],"curies":[{"name":"wp","href":"https:\/\/api.w.org\/{rel}","templated":true}]}}