{"id":2392,"date":"2024-09-26T13:02:35","date_gmt":"2024-09-26T13:02:35","guid":{"rendered":"https:\/\/acta.no\/vebu\/?page_id=2392"},"modified":"2025-05-21T07:40:56","modified_gmt":"2025-05-21T07:40:56","slug":"ledertrening-i-acta-vebu","status":"publish","type":"page","link":"https:\/\/acta.no\/vebu\/ledertrening-i-acta-vebu\/","title":{"rendered":"Ledertrening i Acta VeBu"},"content":{"rendered":"<div class=\"gutenberg-content\">\n<figure class=\"wp-block-image size-large\"><img loading=\"lazy\" decoding=\"async\" width=\"1024\" height=\"464\" src=\"https:\/\/www.normisjon.no\/content\/uploads\/sites\/37\/2024\/09\/Gruppe-pa-stranda-1024x464.jpg\" alt=\"\" class=\"wp-image-2396\" srcset=\"https:\/\/www.normisjon.no\/content\/uploads\/sites\/37\/2024\/09\/Gruppe-pa-stranda-1024x464.jpg 1024w, https:\/\/www.normisjon.no\/content\/uploads\/sites\/37\/2024\/09\/Gruppe-pa-stranda-300x136.jpg 300w, https:\/\/www.normisjon.no\/content\/uploads\/sites\/37\/2024\/09\/Gruppe-pa-stranda-768x348.jpg 768w, https:\/\/www.normisjon.no\/content\/uploads\/sites\/37\/2024\/09\/Gruppe-pa-stranda-1536x696.jpg 1536w, https:\/\/www.normisjon.no\/content\/uploads\/sites\/37\/2024\/09\/Gruppe-pa-stranda-2048x929.jpg 2048w, https:\/\/www.normisjon.no\/content\/uploads\/sites\/37\/2024\/09\/Gruppe-pa-stranda-1920x871.jpg 1920w, https:\/\/www.normisjon.no\/content\/uploads\/sites\/37\/2024\/09\/Gruppe-pa-stranda-1360x617.jpg 1360w, https:\/\/www.normisjon.no\/content\/uploads\/sites\/37\/2024\/09\/Gruppe-pa-stranda-960x435.jpg 960w\" sizes=\"auto, (max-width: 1024px) 100vw, 1024px\" \/><\/figure>\n\n\n\n<p>Som deltaker i Acta VeBu sitt ledernettverk er du en del av et inkluderende, aktivt og l\u00e6rerikt milj\u00f8, som vil stimulere til tro, kunnskap og livskvalitet.<\/p>\n\n\n\n<p>Du m\u00e5 v\u00e6re klar for \u00e5 ta noen utfordringer. Du m\u00e5 v\u00e6re klar for \u00e5 bli bedre kjent med deg selv og andre mennesker. Du vil f\u00e5 mulighet til \u00e5 bidra til livsglede og trosutvikling for folk rundt deg i tillegg til \u00e5 utvikle deg selv p\u00e5 disse omr\u00e5dene.<\/p>\n\n\n\n<p>Alt dette skjer i leder fellesskapet i Acta VeBu, og vi vil ha fokus p\u00e5 trygghet, trivsel og oppf\u00f8lging som viktige rammer for det hele.<\/p>\n\n\n\n<div class=\"wp-block-columns is-layout-flex wp-container-core-columns-is-layout-9d6595d7 wp-block-columns-is-layout-flex\">\n<div class=\"wp-block-column is-layout-flow wp-block-column-is-layout-flow\">\n<figure class=\"wp-block-image size-large\"><img decoding=\"async\" src=\"https:\/\/www.normisjon.no\/content\/uploads\/sites\/37\/2024\/09\/Paddan2-1024x770.jpg\" alt=\"\" class=\"wp-image-2403\"\/><\/figure>\n<\/div>\n\n\n\n<div class=\"wp-block-column is-layout-flow wp-block-column-is-layout-flow\">\n<figure class=\"wp-block-image size-full\"><img loading=\"lazy\" decoding=\"async\" width=\"557\" height=\"418\" src=\"https:\/\/www.normisjon.no\/content\/uploads\/sites\/37\/2024\/09\/Lederleir.png\" alt=\"\" class=\"wp-image-2406\" srcset=\"https:\/\/www.normisjon.no\/content\/uploads\/sites\/37\/2024\/09\/Lederleir.png 557w, https:\/\/www.normisjon.no\/content\/uploads\/sites\/37\/2024\/09\/Lederleir-300x225.png 300w\" sizes=\"auto, (max-width: 557px) 100vw, 557px\" \/><\/figure>\n<\/div>\n\n\n\n<div class=\"wp-block-column is-layout-flow wp-block-column-is-layout-flow\">\n<figure class=\"wp-block-image size-large\"><img loading=\"lazy\" decoding=\"async\" width=\"2560\" height=\"1920\" src=\"https:\/\/www.normisjon.no\/content\/uploads\/sites\/37\/2024\/09\/Sang-edited-scaled.jpg\" alt=\"\" class=\"wp-image-2400\" srcset=\"https:\/\/www.normisjon.no\/content\/uploads\/sites\/37\/2024\/09\/Sang-edited-scaled.jpg 2560w, https:\/\/www.normisjon.no\/content\/uploads\/sites\/37\/2024\/09\/Sang-edited-300x225.jpg 300w, https:\/\/www.normisjon.no\/content\/uploads\/sites\/37\/2024\/09\/Sang-edited-1024x768.jpg 1024w, https:\/\/www.normisjon.no\/content\/uploads\/sites\/37\/2024\/09\/Sang-edited-768x576.jpg 768w, https:\/\/www.normisjon.no\/content\/uploads\/sites\/37\/2024\/09\/Sang-edited-1536x1152.jpg 1536w, https:\/\/www.normisjon.no\/content\/uploads\/sites\/37\/2024\/09\/Sang-edited-2048x1536.jpg 2048w, https:\/\/www.normisjon.no\/content\/uploads\/sites\/37\/2024\/09\/Sang-edited-1920x1440.jpg 1920w, https:\/\/www.normisjon.no\/content\/uploads\/sites\/37\/2024\/09\/Sang-edited-1360x1020.jpg 1360w, https:\/\/www.normisjon.no\/content\/uploads\/sites\/37\/2024\/09\/Sang-edited-960x720.jpg 960w\" sizes=\"auto, (max-width: 2560px) 100vw, 2560px\" \/><\/figure>\n<\/div>\n<\/div>\n\n\n\n<p>Dette er for ungdom fra 8. klasse og oppover til videreg\u00e5ende alder. Det er et godt sted \u00e5 v\u00e6re for folk som \u00f8nsker \u00e5 bli kjent med andre p\u00e5 egen alder, og for de som \u00f8nsker \u00e5 utvikle- og bruke lederskap, tro og identitet i m\u00f8te med andre.<\/p>\n\n\n\n<div class=\"wp-block-columns is-layout-flex wp-container-core-columns-is-layout-9d6595d7 wp-block-columns-is-layout-flex\">\n<div class=\"wp-block-column is-layout-flow wp-block-column-is-layout-flow\">\n<p>Hvordan ser en Acta ledertrenings dag ut?<\/p>\n\n\n\n<ul class=\"wp-block-list\">\n<li>Vekking<\/li>\n\n\n\n<li>Frokost<\/li>\n\n\n\n<li>Samling &#8211; Ungdomsalfa<\/li>\n\n\n\n<li>Aktivitet<\/li>\n\n\n\n<li>Mat<\/li>\n\n\n\n<li>Aktivitet\/ Lederfokus<\/li>\n\n\n\n<li>Mat<\/li>\n\n\n\n<li>Undervisning &#8211; Ungdomsalfa<\/li>\n\n\n\n<li>Sosialt\/undereholdning<\/li>\n\n\n\n<li>God natt<\/li>\n<\/ul>\n\n\n\n<p><\/p>\n<\/div>\n\n\n\n<div class=\"wp-block-column is-layout-flow wp-block-column-is-layout-flow\">\n<figure class=\"wp-block-image size-large\"><img loading=\"lazy\" decoding=\"async\" width=\"579\" height=\"434\" src=\"https:\/\/www.normisjon.no\/content\/uploads\/sites\/37\/2024\/09\/Paddan-Liseberg-gruppe-edited-1.jpg\" alt=\"\" class=\"wp-image-2409\" srcset=\"https:\/\/www.normisjon.no\/content\/uploads\/sites\/37\/2024\/09\/Paddan-Liseberg-gruppe-edited-1.jpg 579w, https:\/\/www.normisjon.no\/content\/uploads\/sites\/37\/2024\/09\/Paddan-Liseberg-gruppe-edited-1-300x225.jpg 300w\" sizes=\"auto, (max-width: 579px) 100vw, 579px\" \/><\/figure>\n<\/div>\n<\/div>\n\n\n\n<p>Undervisningen foreg\u00e5r under samlinger og leirer og best\u00e5r av et opplegg fra Acta sitt eget kurs; &laquo;Lederfokus&raquo;. I tillegg brukes det ogs\u00e5 tid p\u00e5 \u00e5ndelig utvikling, samt undervisning med utgangspunkt i ungdoms-alfa.<\/p>\n\n\n\n<p>Du vil f\u00e5 nye og spennende opplevelser sammen med gode folk, som ogs\u00e5 vil bli gode venner. Mer bevissthet rundt hvem du er og egen tro, samt at du kan pr\u00f8ve deg som leder p\u00e5 regionens egne leirer.<\/p>\n\n\n\n<p>Du vil finne mer info om Acta sitt eget lederkurs og ungdoms-alfa ved \u00e5 f\u00f8lge linkene under.<\/p>\n\n\n\n<p><\/p>\n\n\n\n<p><a href=\"https:\/\/acta.no\/2024\/01\/24\/acta-lederfokus\/\" target=\"_blank\" rel=\"noreferrer noopener\">Acta lederfokus<\/a><\/p>\n\n\n\n<p><a href=\"https:\/\/norge.alpha.org\/try-alpha\/\" target=\"_blank\" rel=\"noreferrer noopener\">Ungdoms-alfa<\/a><\/p>\n\n\n\n<p><\/p>\n\n\n\n<p>Ledertreningen i Acta VeBu best\u00e5r av leder-leirer og leder-helger. Det legges opp til fire treffpunkt i \u00e5ret hvor det gjennomf\u00f8res en leir og en helg i semesteret. I l\u00f8pet av en periode p\u00e5 to \u00e5r vil du v\u00e6re igjennom undervisningen best\u00e5ende av ungdoms-alfa og Atca-lederfokus. I tillegg til \u00e5 ha f\u00e5tt undervisning, vil man ogs\u00e5 bli en viktig del av et st\u00f8rre fellesskap blant unge ledere i Acta VeBu.<\/p>\n\n\n\n<p>Leder-leirene avholdes i stort p\u00e5 Strand leirsted, og har i tillegg til undervisningen og ledertreningen ogs\u00e5 noe fokus p\u00e5 praktisk gjennomf\u00f8ring av leir p\u00e5 Strand.<\/p>\n\n\n\n<p>Leder-helgene har i hovedsak fokus p\u00e5 ledertrening, fellesskap og trosutvikling. Disse helgene arrangeres andre steder i regionen, blant annet p\u00e5 Veggli og i Drammen. <\/p>\n\n\n\n<p><\/p>\n\n\n\n<p>Vi hadde en fin vinterhelg til Dalh\u00f8gd p\u00e5 Veggli f\u00f8rste helgen i Februar 2025. Dette ble en spennende og l\u00e6rerik helg som ledd i v\u00e5r ledertrenig. <\/p>\n\n\n\n<p>Denne helgen er jo historie, men sjekk gjerne ut linken under for kanskje \u00e5 skaffe deg et litt mer nyansert bilde av hvordan ledertreningen foreg\u00e5r hos oss.<\/p>\n\n\n\n<p><a href=\"https:\/\/acta.no\/vebu\/acta-vebu-lederhelg-til-dalhogd\/\" target=\"_blank\" rel=\"noreferrer noopener\">Info om denne helgen finner du HER!<\/a><\/p>\n\n\n\n<p><\/p>\n\n\n\n<div class=\"wp-block-columns is-layout-flex wp-container-core-columns-is-layout-9d6595d7 wp-block-columns-is-layout-flex\">\n<div class=\"wp-block-column is-layout-flow wp-block-column-is-layout-flow\">\n<p>Her du sp\u00f8rsm\u00e5l utover dette?<\/p>\n\n\n\n<p>Ta kontakt med actaleder i VeBu<\/p>\n\n\n\n<p><\/p>\n\n\n\n<p><\/p>\n\n\n\n<ul class=\"wp-block-list\">\n<li>Stein Joar Myrvang<\/li>\n\n\n\n<li>tlf. 995 00 047<\/li>\n\n\n\n<li>stein.joar.myrvang@normisjon.no<\/li>\n<\/ul>\n\n\n\n<p><\/p>\n\n\n\n<p><\/p>\n\n\n\n<p><\/p>\n<\/div>\n\n\n\n<div class=\"wp-block-column is-layout-flow wp-block-column-is-layout-flow\">\n<figure class=\"wp-block-image size-full\"><img loading=\"lazy\" decoding=\"async\" width=\"268\" height=\"297\" src=\"https:\/\/www.normisjon.no\/content\/uploads\/sites\/37\/2023\/01\/Acta_piktogram_RGB_bla\u030a-1.png\" alt=\"\" class=\"wp-image-1986\"\/><\/figure>\n<\/div>\n<\/div>\n\n\n\n<p><\/p>\n<\/div>","protected":false},"excerpt":{"rendered":"<p>Som deltaker i Acta VeBu sitt ledernettverk er du en del av et inkluderende, aktivt og l\u00e6rerikt milj\u00f8, som vil stimulere til tro, kunnskap og livskvalitet. Du m\u00e5 v\u00e6re klar for \u00e5 ta noen utfordringer. Du m\u00e5 v\u00e6re klar for \u00e5 bli bedre kjent med deg selv og andre mennesker. Du vil f\u00e5 mulighet til [&hellip;]<\/p>\n","protected":false},"author":81,"featured_media":2402,"parent":0,"menu_order":0,"comment_status":"closed","ping_status":"closed","template":"","meta":{"_acf_changed":false,"footnotes":""},"class_list":["post-2392","page","type-page","status-publish","has-post-thumbnail","hentry"],"acf":[],"yoast_head":"<!-- This site is optimized with the Yoast SEO plugin v25.9 - https:\/\/yoast.com\/wordpress\/plugins\/seo\/ -->\n<title>Ledertrening i Acta VeBu - Acta Region VeBu<\/title>\n<meta name=\"robots\" content=\"index, follow, max-snippet:-1, max-image-preview:large, max-video-preview:-1\" \/>\n<link rel=\"canonical\" href=\"https:\/\/acta.no\/vebu\/ledertrening-i-acta-vebu\/\" \/>\n<meta property=\"og:locale\" content=\"nb_NO\" \/>\n<meta property=\"og:type\" content=\"article\" \/>\n<meta property=\"og:title\" content=\"Ledertrening i Acta VeBu - Acta Region VeBu\" \/>\n<meta property=\"og:description\" content=\"Som deltaker i Acta VeBu sitt ledernettverk er du en del av et inkluderende, aktivt og l\u00e6rerikt milj\u00f8, som vil stimulere til tro, kunnskap og livskvalitet. Du m\u00e5 v\u00e6re klar for \u00e5 ta noen utfordringer. Du m\u00e5 v\u00e6re klar for \u00e5 bli bedre kjent med deg selv og andre mennesker. Du vil f\u00e5 mulighet til [&hellip;]\" \/>\n<meta property=\"og:url\" content=\"https:\/\/acta.no\/vebu\/ledertrening-i-acta-vebu\/\" \/>\n<meta property=\"og:site_name\" content=\"Acta Region VeBu\" \/>\n<meta property=\"article:modified_time\" content=\"2025-05-21T07:40:56+00:00\" \/>\n<meta property=\"og:image\" content=\"https:\/\/www.normisjon.no\/content\/uploads\/sites\/37\/2024\/09\/oppgave-pa-stranda-edited.jpg\" \/>\n\t<meta property=\"og:image:width\" content=\"2200\" \/>\n\t<meta property=\"og:image:height\" content=\"1651\" \/>\n\t<meta property=\"og:image:type\" content=\"image\/jpeg\" \/>\n<meta name=\"twitter:card\" content=\"summary_large_image\" \/>\n<meta name=\"twitter:label1\" content=\"Ansl. lesetid\" \/>\n\t<meta name=\"twitter:data1\" content=\"4 minutter\" \/>\n<script type=\"application\/ld+json\" class=\"yoast-schema-graph\">{\"@context\":\"https:\/\/schema.org\",\"@graph\":[{\"@type\":\"WebPage\",\"@id\":\"https:\/\/acta.no\/vebu\/ledertrening-i-acta-vebu\/\",\"url\":\"https:\/\/acta.no\/vebu\/ledertrening-i-acta-vebu\/\",\"name\":\"Ledertrening i Acta VeBu - Acta Region VeBu\",\"isPartOf\":{\"@id\":\"https:\/\/acta.no\/vebu\/#website\"},\"primaryImageOfPage\":{\"@id\":\"https:\/\/acta.no\/vebu\/ledertrening-i-acta-vebu\/#primaryimage\"},\"image\":{\"@id\":\"https:\/\/acta.no\/vebu\/ledertrening-i-acta-vebu\/#primaryimage\"},\"thumbnailUrl\":\"https:\/\/www.normisjon.no\/content\/uploads\/sites\/37\/2024\/09\/oppgave-pa-stranda-edited.jpg\",\"datePublished\":\"2024-09-26T13:02:35+00:00\",\"dateModified\":\"2025-05-21T07:40:56+00:00\",\"breadcrumb\":{\"@id\":\"https:\/\/acta.no\/vebu\/ledertrening-i-acta-vebu\/#breadcrumb\"},\"inLanguage\":\"nb-NO\",\"potentialAction\":[{\"@type\":\"ReadAction\",\"target\":[\"https:\/\/acta.no\/vebu\/ledertrening-i-acta-vebu\/\"]}]},{\"@type\":\"ImageObject\",\"inLanguage\":\"nb-NO\",\"@id\":\"https:\/\/acta.no\/vebu\/ledertrening-i-acta-vebu\/#primaryimage\",\"url\":\"https:\/\/www.normisjon.no\/content\/uploads\/sites\/37\/2024\/09\/oppgave-pa-stranda-edited.jpg\",\"contentUrl\":\"https:\/\/www.normisjon.no\/content\/uploads\/sites\/37\/2024\/09\/oppgave-pa-stranda-edited.jpg\",\"width\":2200,\"height\":1651},{\"@type\":\"BreadcrumbList\",\"@id\":\"https:\/\/acta.no\/vebu\/ledertrening-i-acta-vebu\/#breadcrumb\",\"itemListElement\":[{\"@type\":\"ListItem\",\"position\":1,\"name\":\"Til acta.no\",\"item\":\"https:\/\/acta.no\/\"},{\"@type\":\"ListItem\",\"position\":2,\"name\":\"Region VeBu\",\"item\":\"https:\/\/acta.no\/vebu\/\"},{\"@type\":\"ListItem\",\"position\":3,\"name\":\"Ledertrening i Acta VeBu\"}]},{\"@type\":\"WebSite\",\"@id\":\"https:\/\/acta.no\/vebu\/#website\",\"url\":\"https:\/\/acta.no\/vebu\/\",\"name\":\"Acta Region VeBu\",\"description\":\"VeBu\",\"potentialAction\":[{\"@type\":\"SearchAction\",\"target\":{\"@type\":\"EntryPoint\",\"urlTemplate\":\"https:\/\/acta.no\/vebu\/?s={search_term_string}\"},\"query-input\":{\"@type\":\"PropertyValueSpecification\",\"valueRequired\":true,\"valueName\":\"search_term_string\"}}],\"inLanguage\":\"nb-NO\"}]}<\/script>\n<!-- \/ Yoast SEO plugin. -->","yoast_head_json":{"title":"Ledertrening i Acta VeBu - Acta Region VeBu","robots":{"index":"index","follow":"follow","max-snippet":"max-snippet:-1","max-image-preview":"max-image-preview:large","max-video-preview":"max-video-preview:-1"},"canonical":"https:\/\/acta.no\/vebu\/ledertrening-i-acta-vebu\/","og_locale":"nb_NO","og_type":"article","og_title":"Ledertrening i Acta VeBu - Acta Region VeBu","og_description":"Som deltaker i Acta VeBu sitt ledernettverk er du en del av et inkluderende, aktivt og l\u00e6rerikt milj\u00f8, som vil stimulere til tro, kunnskap og livskvalitet. Du m\u00e5 v\u00e6re klar for \u00e5 ta noen utfordringer. Du m\u00e5 v\u00e6re klar for \u00e5 bli bedre kjent med deg selv og andre mennesker. Du vil f\u00e5 mulighet til [&hellip;]","og_url":"https:\/\/acta.no\/vebu\/ledertrening-i-acta-vebu\/","og_site_name":"Acta Region VeBu","article_modified_time":"2025-05-21T07:40:56+00:00","og_image":[{"width":2200,"height":1651,"url":"https:\/\/www.normisjon.no\/content\/uploads\/sites\/37\/2024\/09\/oppgave-pa-stranda-edited.jpg","type":"image\/jpeg"}],"twitter_card":"summary_large_image","twitter_misc":{"Ansl. lesetid":"4 minutter"},"schema":{"@context":"https:\/\/schema.org","@graph":[{"@type":"WebPage","@id":"https:\/\/acta.no\/vebu\/ledertrening-i-acta-vebu\/","url":"https:\/\/acta.no\/vebu\/ledertrening-i-acta-vebu\/","name":"Ledertrening i Acta VeBu - Acta Region VeBu","isPartOf":{"@id":"https:\/\/acta.no\/vebu\/#website"},"primaryImageOfPage":{"@id":"https:\/\/acta.no\/vebu\/ledertrening-i-acta-vebu\/#primaryimage"},"image":{"@id":"https:\/\/acta.no\/vebu\/ledertrening-i-acta-vebu\/#primaryimage"},"thumbnailUrl":"https:\/\/www.normisjon.no\/content\/uploads\/sites\/37\/2024\/09\/oppgave-pa-stranda-edited.jpg","datePublished":"2024-09-26T13:02:35+00:00","dateModified":"2025-05-21T07:40:56+00:00","breadcrumb":{"@id":"https:\/\/acta.no\/vebu\/ledertrening-i-acta-vebu\/#breadcrumb"},"inLanguage":"nb-NO","potentialAction":[{"@type":"ReadAction","target":["https:\/\/acta.no\/vebu\/ledertrening-i-acta-vebu\/"]}]},{"@type":"ImageObject","inLanguage":"nb-NO","@id":"https:\/\/acta.no\/vebu\/ledertrening-i-acta-vebu\/#primaryimage","url":"https:\/\/www.normisjon.no\/content\/uploads\/sites\/37\/2024\/09\/oppgave-pa-stranda-edited.jpg","contentUrl":"https:\/\/www.normisjon.no\/content\/uploads\/sites\/37\/2024\/09\/oppgave-pa-stranda-edited.jpg","width":2200,"height":1651},{"@type":"BreadcrumbList","@id":"https:\/\/acta.no\/vebu\/ledertrening-i-acta-vebu\/#breadcrumb","itemListElement":[{"@type":"ListItem","position":1,"name":"Til acta.no","item":"https:\/\/acta.no\/"},{"@type":"ListItem","position":2,"name":"Region VeBu","item":"https:\/\/acta.no\/vebu\/"},{"@type":"ListItem","position":3,"name":"Ledertrening i Acta VeBu"}]},{"@type":"WebSite","@id":"https:\/\/acta.no\/vebu\/#website","url":"https:\/\/acta.no\/vebu\/","name":"Acta Region VeBu","description":"VeBu","potentialAction":[{"@type":"SearchAction","target":{"@type":"EntryPoint","urlTemplate":"https:\/\/acta.no\/vebu\/?s={search_term_string}"},"query-input":{"@type":"PropertyValueSpecification","valueRequired":true,"valueName":"search_term_string"}}],"inLanguage":"nb-NO"}]}},"_links":{"self":[{"href":"https:\/\/acta.no\/vebu\/wp-json\/wp\/v2\/pages\/2392","targetHints":{"allow":["GET"]}}],"collection":[{"href":"https:\/\/acta.no\/vebu\/wp-json\/wp\/v2\/pages"}],"about":[{"href":"https:\/\/acta.no\/vebu\/wp-json\/wp\/v2\/types\/page"}],"author":[{"embeddable":true,"href":"https:\/\/acta.no\/vebu\/wp-json\/wp\/v2\/users\/81"}],"replies":[{"embeddable":true,"href":"https:\/\/acta.no\/vebu\/wp-json\/wp\/v2\/comments?post=2392"}],"version-history":[{"count":17,"href":"https:\/\/acta.no\/vebu\/wp-json\/wp\/v2\/pages\/2392\/revisions"}],"predecessor-version":[{"id":2648,"href":"https:\/\/acta.no\/vebu\/wp-json\/wp\/v2\/pages\/2392\/revisions\/2648"}],"wp:featuredmedia":[{"embeddable":true,"href":"https:\/\/acta.no\/vebu\/wp-json\/wp\/v2\/media\/2402"}],"wp:attachment":[{"href":"https:\/\/acta.no\/vebu\/wp-json\/wp\/v2\/media?parent=2392"}],"curies":[{"name":"wp","href":"https:\/\/api.w.org\/{rel}","templated":true}]}}