{"id":2347,"date":"2024-04-25T13:20:53","date_gmt":"2024-04-25T13:20:53","guid":{"rendered":"https:\/\/acta.no\/vebu\/?page_id=2347"},"modified":"2024-07-06T19:53:49","modified_gmt":"2024-07-06T19:53:49","slug":"paddan-2024","status":"publish","type":"page","link":"https:\/\/acta.no\/vebu\/paddan-2024\/","title":{"rendered":"Paddan 2024"},"content":{"rendered":"<div class=\"gutenberg-content\">\n<figure class=\"wp-block-image size-large\"><img loading=\"lazy\" decoding=\"async\" width=\"1024\" height=\"336\" src=\"https:\/\/www.normisjon.no\/content\/uploads\/sites\/37\/2024\/04\/Paddan-Tors-Hammer-smal-1024x336.jpg\" alt=\"\" class=\"wp-image-2349\" srcset=\"https:\/\/www.normisjon.no\/content\/uploads\/sites\/37\/2024\/04\/Paddan-Tors-Hammer-smal-1024x336.jpg 1024w, https:\/\/www.normisjon.no\/content\/uploads\/sites\/37\/2024\/04\/Paddan-Tors-Hammer-smal-300x98.jpg 300w, https:\/\/www.normisjon.no\/content\/uploads\/sites\/37\/2024\/04\/Paddan-Tors-Hammer-smal-768x252.jpg 768w, https:\/\/www.normisjon.no\/content\/uploads\/sites\/37\/2024\/04\/Paddan-Tors-Hammer-smal-1536x504.jpg 1536w, https:\/\/www.normisjon.no\/content\/uploads\/sites\/37\/2024\/04\/Paddan-Tors-Hammer-smal-2048x672.jpg 2048w, https:\/\/www.normisjon.no\/content\/uploads\/sites\/37\/2024\/04\/Paddan-Tors-Hammer-smal-1920x630.jpg 1920w, https:\/\/www.normisjon.no\/content\/uploads\/sites\/37\/2024\/04\/Paddan-Tors-Hammer-smal-1360x446.jpg 1360w, https:\/\/www.normisjon.no\/content\/uploads\/sites\/37\/2024\/04\/Paddan-Tors-Hammer-smal-960x315.jpg 960w\" sizes=\"auto, (max-width: 1024px) 100vw, 1024px\" \/><\/figure>\n\n\n\n<p><strong>N\u00e5r: 8.-11. august 2024<\/strong><\/p>\n\n\n\n<p><strong>Hvor:&nbsp;G\u00f8teborg (oppm\u00f8te Sandefjord)<\/strong><\/p>\n\n\n\n<p><strong>Alder: ferdig med 7. trinn til og med ferdig med vg2<\/strong><\/p>\n\n\n\n<p>Vil du v\u00e6re med til G\u00f8teborg for \u00e5 dra i Liseberg og oppleve en storby? Vi kan garantere puls og spenning i Liseberg, og late dager p\u00e5 stranda for de som \u00f8nsker det. Vi kommer til \u00e5 v\u00e6re en dag i Liseberg (\u00c5kpasset er inkludert i prisen) og en dag med aktiviteter i bykjernen av G\u00f8teborg. Vi reiser med buss via Str\u00f8mstad ferja og har basen v\u00e5r i Valhamra Kyrkje. Her vil vi ogs\u00e5 ha m\u00e5ltider og felles samlinger mens vi er p\u00e5 leiren. Meld deg p\u00e5!<\/p>\n\n\n\n<p><strong>Leir inkl. leir-klubbmedlemskap&nbsp;|&nbsp;kr. 2490,-<\/strong><\/p>\n\n\n\n<p><strong>Leir uten leir-klubbmedlemskap&nbsp;| kr. 2790,-<\/strong><\/p>\n\n\n\n<p>P\u00e5melding <a href=\"https:\/\/app.checkin.no\/event\/73047\/paddan-2024\">HER<\/a><\/p>\n\n\n\n<p>Etter 28. juni stiger alle priser med 200,-. Leir prisen inkluderer, mat, transport p\u00e5 leiren, aktiviteter og overnatting. Ved alle leirer er det et p\u00e5meldings gebyr (inkl. i leir pris) p\u00e5 kr. 400, dette refunderes ikke ved avmelding. Ved avmelding 7-1 dager f\u00f8r leir start refunderes 50% av leir prisen. Ved avmelding senere enn 24 timer blir ingenting refundert.<\/p>\n\n\n\n<p>P\u00e5meldingsfrist: <\/p>\n\n\n\n<p><em>Grunnet billettbestillinger og ferieavvikling er p\u00e5meldingsfrist satt til 7. juli 2024<\/em><\/p>\n\n\n\n<p><strong>Har du sp\u00f8rsm\u00e5l?<\/strong><\/p>\n\n\n\n<p>kontakt:<\/p>\n\n\n\n<p>Actaleder Stein Joar Myrvang p\u00e5 tlf.: 995 00 047 eller send en mail til stein.joar.myrvang@normisjon.no. <\/p>\n\n\n\n<p>Til de p\u00e5meldte blir det sendt ut et informasjonsbrev p\u00e5 mail en ukes tid f\u00f8r leiren starter.<\/p>\n\n\n\n<figure class=\"wp-block-image size-large\"><img loading=\"lazy\" decoding=\"async\" width=\"972\" height=\"1024\" src=\"https:\/\/www.normisjon.no\/content\/uploads\/sites\/37\/2024\/04\/Paddan-23-972x1024.jpg\" alt=\"\" class=\"wp-image-2350\" srcset=\"https:\/\/www.normisjon.no\/content\/uploads\/sites\/37\/2024\/04\/Paddan-23-972x1024.jpg 972w, https:\/\/www.normisjon.no\/content\/uploads\/sites\/37\/2024\/04\/Paddan-23-285x300.jpg 285w, https:\/\/www.normisjon.no\/content\/uploads\/sites\/37\/2024\/04\/Paddan-23-768x809.jpg 768w, https:\/\/www.normisjon.no\/content\/uploads\/sites\/37\/2024\/04\/Paddan-23-1458x1536.jpg 1458w, https:\/\/www.normisjon.no\/content\/uploads\/sites\/37\/2024\/04\/Paddan-23-1944x2048.jpg 1944w, https:\/\/www.normisjon.no\/content\/uploads\/sites\/37\/2024\/04\/Paddan-23-1920x2023.jpg 1920w, https:\/\/www.normisjon.no\/content\/uploads\/sites\/37\/2024\/04\/Paddan-23-1360x1433.jpg 1360w, https:\/\/www.normisjon.no\/content\/uploads\/sites\/37\/2024\/04\/Paddan-23-1822x1920.jpg 1822w, https:\/\/www.normisjon.no\/content\/uploads\/sites\/37\/2024\/04\/Paddan-23-911x960.jpg 911w\" sizes=\"auto, (max-width: 972px) 100vw, 972px\" \/><\/figure>\n<\/div>","protected":false},"excerpt":{"rendered":"<p>N\u00e5r: 8.-11. august 2024 Hvor:&nbsp;G\u00f8teborg (oppm\u00f8te Sandefjord) Alder: ferdig med 7. trinn til og med ferdig med vg2 Vil du v\u00e6re med til G\u00f8teborg for \u00e5 dra i Liseberg og oppleve en storby? Vi kan garantere puls og spenning i Liseberg, og late dager p\u00e5 stranda for de som \u00f8nsker det. Vi kommer til \u00e5 [&hellip;]<\/p>\n","protected":false},"author":81,"featured_media":2357,"parent":0,"menu_order":0,"comment_status":"closed","ping_status":"closed","template":"","meta":{"_acf_changed":false,"footnotes":""},"class_list":["post-2347","page","type-page","status-publish","has-post-thumbnail","hentry"],"acf":[],"yoast_head":"<!-- This site is optimized with the Yoast SEO plugin v25.9 - https:\/\/yoast.com\/wordpress\/plugins\/seo\/ -->\n<title>Paddan 2024 - Acta Region VeBu<\/title>\n<meta name=\"robots\" content=\"index, follow, max-snippet:-1, max-image-preview:large, max-video-preview:-1\" \/>\n<link rel=\"canonical\" href=\"https:\/\/acta.no\/vebu\/paddan-2024\/\" \/>\n<meta property=\"og:locale\" content=\"nb_NO\" \/>\n<meta property=\"og:type\" content=\"article\" \/>\n<meta property=\"og:title\" content=\"Paddan 2024 - Acta Region VeBu\" \/>\n<meta property=\"og:description\" content=\"N\u00e5r: 8.-11. august 2024 Hvor:&nbsp;G\u00f8teborg (oppm\u00f8te Sandefjord) Alder: ferdig med 7. trinn til og med ferdig med vg2 Vil du v\u00e6re med til G\u00f8teborg for \u00e5 dra i Liseberg og oppleve en storby? Vi kan garantere puls og spenning i Liseberg, og late dager p\u00e5 stranda for de som \u00f8nsker det. Vi kommer til \u00e5 [&hellip;]\" \/>\n<meta property=\"og:url\" content=\"https:\/\/acta.no\/vebu\/paddan-2024\/\" \/>\n<meta property=\"og:site_name\" content=\"Acta Region VeBu\" \/>\n<meta property=\"article:modified_time\" content=\"2024-07-06T19:53:49+00:00\" \/>\n<meta property=\"og:image\" content=\"https:\/\/www.normisjon.no\/content\/uploads\/sites\/37\/2024\/04\/Paddan-2024-5.jpg\" \/>\n\t<meta property=\"og:image:width\" content=\"1500\" \/>\n\t<meta property=\"og:image:height\" content=\"1500\" \/>\n\t<meta property=\"og:image:type\" content=\"image\/jpeg\" \/>\n<meta name=\"twitter:card\" content=\"summary_large_image\" \/>\n<meta name=\"twitter:label1\" content=\"Ansl. lesetid\" \/>\n\t<meta name=\"twitter:data1\" content=\"2 minutter\" \/>\n<script type=\"application\/ld+json\" class=\"yoast-schema-graph\">{\"@context\":\"https:\/\/schema.org\",\"@graph\":[{\"@type\":\"WebPage\",\"@id\":\"https:\/\/acta.no\/vebu\/paddan-2024\/\",\"url\":\"https:\/\/acta.no\/vebu\/paddan-2024\/\",\"name\":\"Paddan 2024 - Acta Region VeBu\",\"isPartOf\":{\"@id\":\"https:\/\/acta.no\/vebu\/#website\"},\"primaryImageOfPage\":{\"@id\":\"https:\/\/acta.no\/vebu\/paddan-2024\/#primaryimage\"},\"image\":{\"@id\":\"https:\/\/acta.no\/vebu\/paddan-2024\/#primaryimage\"},\"thumbnailUrl\":\"https:\/\/www.normisjon.no\/content\/uploads\/sites\/37\/2024\/04\/Paddan-2024-5.jpg\",\"datePublished\":\"2024-04-25T13:20:53+00:00\",\"dateModified\":\"2024-07-06T19:53:49+00:00\",\"breadcrumb\":{\"@id\":\"https:\/\/acta.no\/vebu\/paddan-2024\/#breadcrumb\"},\"inLanguage\":\"nb-NO\",\"potentialAction\":[{\"@type\":\"ReadAction\",\"target\":[\"https:\/\/acta.no\/vebu\/paddan-2024\/\"]}]},{\"@type\":\"ImageObject\",\"inLanguage\":\"nb-NO\",\"@id\":\"https:\/\/acta.no\/vebu\/paddan-2024\/#primaryimage\",\"url\":\"https:\/\/www.normisjon.no\/content\/uploads\/sites\/37\/2024\/04\/Paddan-2024-5.jpg\",\"contentUrl\":\"https:\/\/www.normisjon.no\/content\/uploads\/sites\/37\/2024\/04\/Paddan-2024-5.jpg\",\"width\":1500,\"height\":1500},{\"@type\":\"BreadcrumbList\",\"@id\":\"https:\/\/acta.no\/vebu\/paddan-2024\/#breadcrumb\",\"itemListElement\":[{\"@type\":\"ListItem\",\"position\":1,\"name\":\"Til acta.no\",\"item\":\"https:\/\/acta.no\/\"},{\"@type\":\"ListItem\",\"position\":2,\"name\":\"Region VeBu\",\"item\":\"https:\/\/acta.no\/vebu\/\"},{\"@type\":\"ListItem\",\"position\":3,\"name\":\"Paddan 2024\"}]},{\"@type\":\"WebSite\",\"@id\":\"https:\/\/acta.no\/vebu\/#website\",\"url\":\"https:\/\/acta.no\/vebu\/\",\"name\":\"Acta Region VeBu\",\"description\":\"VeBu\",\"potentialAction\":[{\"@type\":\"SearchAction\",\"target\":{\"@type\":\"EntryPoint\",\"urlTemplate\":\"https:\/\/acta.no\/vebu\/?s={search_term_string}\"},\"query-input\":{\"@type\":\"PropertyValueSpecification\",\"valueRequired\":true,\"valueName\":\"search_term_string\"}}],\"inLanguage\":\"nb-NO\"}]}<\/script>\n<!-- \/ Yoast SEO plugin. -->","yoast_head_json":{"title":"Paddan 2024 - Acta Region VeBu","robots":{"index":"index","follow":"follow","max-snippet":"max-snippet:-1","max-image-preview":"max-image-preview:large","max-video-preview":"max-video-preview:-1"},"canonical":"https:\/\/acta.no\/vebu\/paddan-2024\/","og_locale":"nb_NO","og_type":"article","og_title":"Paddan 2024 - Acta Region VeBu","og_description":"N\u00e5r: 8.-11. august 2024 Hvor:&nbsp;G\u00f8teborg (oppm\u00f8te Sandefjord) Alder: ferdig med 7. trinn til og med ferdig med vg2 Vil du v\u00e6re med til G\u00f8teborg for \u00e5 dra i Liseberg og oppleve en storby? Vi kan garantere puls og spenning i Liseberg, og late dager p\u00e5 stranda for de som \u00f8nsker det. Vi kommer til \u00e5 [&hellip;]","og_url":"https:\/\/acta.no\/vebu\/paddan-2024\/","og_site_name":"Acta Region VeBu","article_modified_time":"2024-07-06T19:53:49+00:00","og_image":[{"width":1500,"height":1500,"url":"https:\/\/www.normisjon.no\/content\/uploads\/sites\/37\/2024\/04\/Paddan-2024-5.jpg","type":"image\/jpeg"}],"twitter_card":"summary_large_image","twitter_misc":{"Ansl. lesetid":"2 minutter"},"schema":{"@context":"https:\/\/schema.org","@graph":[{"@type":"WebPage","@id":"https:\/\/acta.no\/vebu\/paddan-2024\/","url":"https:\/\/acta.no\/vebu\/paddan-2024\/","name":"Paddan 2024 - Acta Region VeBu","isPartOf":{"@id":"https:\/\/acta.no\/vebu\/#website"},"primaryImageOfPage":{"@id":"https:\/\/acta.no\/vebu\/paddan-2024\/#primaryimage"},"image":{"@id":"https:\/\/acta.no\/vebu\/paddan-2024\/#primaryimage"},"thumbnailUrl":"https:\/\/www.normisjon.no\/content\/uploads\/sites\/37\/2024\/04\/Paddan-2024-5.jpg","datePublished":"2024-04-25T13:20:53+00:00","dateModified":"2024-07-06T19:53:49+00:00","breadcrumb":{"@id":"https:\/\/acta.no\/vebu\/paddan-2024\/#breadcrumb"},"inLanguage":"nb-NO","potentialAction":[{"@type":"ReadAction","target":["https:\/\/acta.no\/vebu\/paddan-2024\/"]}]},{"@type":"ImageObject","inLanguage":"nb-NO","@id":"https:\/\/acta.no\/vebu\/paddan-2024\/#primaryimage","url":"https:\/\/www.normisjon.no\/content\/uploads\/sites\/37\/2024\/04\/Paddan-2024-5.jpg","contentUrl":"https:\/\/www.normisjon.no\/content\/uploads\/sites\/37\/2024\/04\/Paddan-2024-5.jpg","width":1500,"height":1500},{"@type":"BreadcrumbList","@id":"https:\/\/acta.no\/vebu\/paddan-2024\/#breadcrumb","itemListElement":[{"@type":"ListItem","position":1,"name":"Til acta.no","item":"https:\/\/acta.no\/"},{"@type":"ListItem","position":2,"name":"Region VeBu","item":"https:\/\/acta.no\/vebu\/"},{"@type":"ListItem","position":3,"name":"Paddan 2024"}]},{"@type":"WebSite","@id":"https:\/\/acta.no\/vebu\/#website","url":"https:\/\/acta.no\/vebu\/","name":"Acta Region VeBu","description":"VeBu","potentialAction":[{"@type":"SearchAction","target":{"@type":"EntryPoint","urlTemplate":"https:\/\/acta.no\/vebu\/?s={search_term_string}"},"query-input":{"@type":"PropertyValueSpecification","valueRequired":true,"valueName":"search_term_string"}}],"inLanguage":"nb-NO"}]}},"_links":{"self":[{"href":"https:\/\/acta.no\/vebu\/wp-json\/wp\/v2\/pages\/2347","targetHints":{"allow":["GET"]}}],"collection":[{"href":"https:\/\/acta.no\/vebu\/wp-json\/wp\/v2\/pages"}],"about":[{"href":"https:\/\/acta.no\/vebu\/wp-json\/wp\/v2\/types\/page"}],"author":[{"embeddable":true,"href":"https:\/\/acta.no\/vebu\/wp-json\/wp\/v2\/users\/81"}],"replies":[{"embeddable":true,"href":"https:\/\/acta.no\/vebu\/wp-json\/wp\/v2\/comments?post=2347"}],"version-history":[{"count":5,"href":"https:\/\/acta.no\/vebu\/wp-json\/wp\/v2\/pages\/2347\/revisions"}],"predecessor-version":[{"id":2362,"href":"https:\/\/acta.no\/vebu\/wp-json\/wp\/v2\/pages\/2347\/revisions\/2362"}],"wp:featuredmedia":[{"embeddable":true,"href":"https:\/\/acta.no\/vebu\/wp-json\/wp\/v2\/media\/2357"}],"wp:attachment":[{"href":"https:\/\/acta.no\/vebu\/wp-json\/wp\/v2\/media?parent=2347"}],"curies":[{"name":"wp","href":"https:\/\/api.w.org\/{rel}","templated":true}]}}