{"id":2252,"date":"2023-11-24T16:48:08","date_gmt":"2023-11-24T16:48:08","guid":{"rendered":"https:\/\/acta.no\/vebu\/?page_id=2252"},"modified":"2025-04-25T07:51:16","modified_gmt":"2025-04-25T07:51:16","slug":"for-en-helg-gamingleiren-2023","status":"publish","type":"page","link":"https:\/\/acta.no\/vebu\/for-en-helg-gamingleiren-2023\/","title":{"rendered":"For en helg! Gamingleiren 2023"},"content":{"rendered":"<div class=\"gutenberg-content\">\n<figure class=\"wp-block-image size-large\"><img loading=\"lazy\" decoding=\"async\" width=\"1024\" height=\"362\" src=\"https:\/\/www.normisjon.no\/content\/uploads\/sites\/37\/2023\/11\/Bilde-4-oversikt-1024x362.jpg\" alt=\"\" class=\"wp-image-2253\" srcset=\"https:\/\/www.normisjon.no\/content\/uploads\/sites\/37\/2023\/11\/Bilde-4-oversikt-1024x362.jpg 1024w, https:\/\/www.normisjon.no\/content\/uploads\/sites\/37\/2023\/11\/Bilde-4-oversikt-300x106.jpg 300w, https:\/\/www.normisjon.no\/content\/uploads\/sites\/37\/2023\/11\/Bilde-4-oversikt-768x271.jpg 768w, https:\/\/www.normisjon.no\/content\/uploads\/sites\/37\/2023\/11\/Bilde-4-oversikt-1536x543.jpg 1536w, https:\/\/www.normisjon.no\/content\/uploads\/sites\/37\/2023\/11\/Bilde-4-oversikt-2048x724.jpg 2048w, https:\/\/www.normisjon.no\/content\/uploads\/sites\/37\/2023\/11\/Bilde-4-oversikt-1920x678.jpg 1920w, https:\/\/www.normisjon.no\/content\/uploads\/sites\/37\/2023\/11\/Bilde-4-oversikt-1360x481.jpg 1360w, https:\/\/www.normisjon.no\/content\/uploads\/sites\/37\/2023\/11\/Bilde-4-oversikt-960x339.jpg 960w\" sizes=\"auto, (max-width: 1024px) 100vw, 1024px\" \/><\/figure>\n\n\n\n<p>P\u00e5 fredag den 17. november ankom 50 gutter og jenter Strand leirsted for \u00e5 delta p\u00e5 Actas gamingleir. Alle fikk hver sin plass i festsalen hvor de fikk montert opp diverse gamingutstyr. Her var det alt fra datamaskiner til videospillkonsoller til iPad. Det var deltakere fra hele regionen; fra Lier til Sandefjord til Kongsberg, og det var god stemning fra f\u00f8rste stund. Det var tydelig at dette var noe mange hadde gledet seg til i triste november.<\/p>\n\n\n\n<p>Etter at foreldre hadde sagt sine ha det, kunne leiren endelig begynne, og det skulle ikke mangle p\u00e5 program. Hver kveld ble det holdt analog underholdning, som et avbrekk fra all spillingen. Det ble for eksempel arrangert et storsl\u00e5tt gameshow mekket sammen av Actas tidligere ett\u00e5ringer; Andreas og Isak. Showet skapte stort engasjement, med b\u00e5de pai i ansiktet p\u00e5 ledere, ropekonkuranse og quiz. I tillegg ble det arrangert laser tag i bestyrerboligen p\u00e5 l\u00f8rdag kveld. Her skulle man skyte med \u00abvannpistoler\u00bb som sender ut lys i stedet for vann. Det ble ogs\u00e5 arrangert diverse dataspillturneringer. Disse skapte stort engasjement. Finalene ble til og med vist p\u00e5 lerret i festsalen!<\/p>\n\n\n\n<p><\/p>\n\n\n\n<div class=\"wp-block-columns is-layout-flex wp-container-core-columns-is-layout-9d6595d7 wp-block-columns-is-layout-flex\">\n<div class=\"wp-block-column is-layout-flow wp-block-column-is-layout-flow\">\n<figure class=\"wp-block-image size-large\"><img loading=\"lazy\" decoding=\"async\" width=\"1024\" height=\"768\" src=\"https:\/\/www.normisjon.no\/content\/uploads\/sites\/37\/2023\/11\/Bilde-3-gaming-1024x768.jpg\" alt=\"\" class=\"wp-image-2254\" srcset=\"https:\/\/www.normisjon.no\/content\/uploads\/sites\/37\/2023\/11\/Bilde-3-gaming-1024x768.jpg 1024w, https:\/\/www.normisjon.no\/content\/uploads\/sites\/37\/2023\/11\/Bilde-3-gaming-300x225.jpg 300w, https:\/\/www.normisjon.no\/content\/uploads\/sites\/37\/2023\/11\/Bilde-3-gaming-768x576.jpg 768w, https:\/\/www.normisjon.no\/content\/uploads\/sites\/37\/2023\/11\/Bilde-3-gaming-1536x1152.jpg 1536w, https:\/\/www.normisjon.no\/content\/uploads\/sites\/37\/2023\/11\/Bilde-3-gaming-2048x1536.jpg 2048w, https:\/\/www.normisjon.no\/content\/uploads\/sites\/37\/2023\/11\/Bilde-3-gaming-1920x1440.jpg 1920w, https:\/\/www.normisjon.no\/content\/uploads\/sites\/37\/2023\/11\/Bilde-3-gaming-1360x1020.jpg 1360w, https:\/\/www.normisjon.no\/content\/uploads\/sites\/37\/2023\/11\/Bilde-3-gaming-960x720.jpg 960w\" sizes=\"auto, (max-width: 1024px) 100vw, 1024px\" \/><\/figure>\n<\/div>\n\n\n\n<div class=\"wp-block-column is-layout-flow wp-block-column-is-layout-flow\">\n<figure class=\"wp-block-image size-large\"><img loading=\"lazy\" decoding=\"async\" width=\"1024\" height=\"768\" src=\"https:\/\/www.normisjon.no\/content\/uploads\/sites\/37\/2023\/11\/Bilde-2-utstyr-1024x768.jpg\" alt=\"\" class=\"wp-image-2255\" srcset=\"https:\/\/www.normisjon.no\/content\/uploads\/sites\/37\/2023\/11\/Bilde-2-utstyr-1024x768.jpg 1024w, https:\/\/www.normisjon.no\/content\/uploads\/sites\/37\/2023\/11\/Bilde-2-utstyr-300x225.jpg 300w, https:\/\/www.normisjon.no\/content\/uploads\/sites\/37\/2023\/11\/Bilde-2-utstyr-768x576.jpg 768w, https:\/\/www.normisjon.no\/content\/uploads\/sites\/37\/2023\/11\/Bilde-2-utstyr-1536x1152.jpg 1536w, https:\/\/www.normisjon.no\/content\/uploads\/sites\/37\/2023\/11\/Bilde-2-utstyr-2048x1536.jpg 2048w, https:\/\/www.normisjon.no\/content\/uploads\/sites\/37\/2023\/11\/Bilde-2-utstyr-1920x1440.jpg 1920w, https:\/\/www.normisjon.no\/content\/uploads\/sites\/37\/2023\/11\/Bilde-2-utstyr-1360x1020.jpg 1360w, https:\/\/www.normisjon.no\/content\/uploads\/sites\/37\/2023\/11\/Bilde-2-utstyr-960x720.jpg 960w\" sizes=\"auto, (max-width: 1024px) 100vw, 1024px\" \/><\/figure>\n<\/div>\n\n\n\n<div class=\"wp-block-column is-layout-flow wp-block-column-is-layout-flow\">\n<figure class=\"wp-block-image size-large\"><img loading=\"lazy\" decoding=\"async\" width=\"1024\" height=\"768\" src=\"https:\/\/www.normisjon.no\/content\/uploads\/sites\/37\/2023\/11\/Bilde-1-ute-1024x768.jpg\" alt=\"\" class=\"wp-image-2256\" srcset=\"https:\/\/www.normisjon.no\/content\/uploads\/sites\/37\/2023\/11\/Bilde-1-ute-1024x768.jpg 1024w, https:\/\/www.normisjon.no\/content\/uploads\/sites\/37\/2023\/11\/Bilde-1-ute-300x225.jpg 300w, https:\/\/www.normisjon.no\/content\/uploads\/sites\/37\/2023\/11\/Bilde-1-ute-768x576.jpg 768w, https:\/\/www.normisjon.no\/content\/uploads\/sites\/37\/2023\/11\/Bilde-1-ute-1536x1152.jpg 1536w, https:\/\/www.normisjon.no\/content\/uploads\/sites\/37\/2023\/11\/Bilde-1-ute-2048x1536.jpg 2048w, https:\/\/www.normisjon.no\/content\/uploads\/sites\/37\/2023\/11\/Bilde-1-ute-1920x1440.jpg 1920w, https:\/\/www.normisjon.no\/content\/uploads\/sites\/37\/2023\/11\/Bilde-1-ute-1360x1020.jpg 1360w, https:\/\/www.normisjon.no\/content\/uploads\/sites\/37\/2023\/11\/Bilde-1-ute-960x720.jpg 960w\" sizes=\"auto, (max-width: 1024px) 100vw, 1024px\" \/><\/figure>\n<\/div>\n<\/div>\n\n\n\n<p>Acta \u00f8nsker jo naturlig ogs\u00e5 noe mer enn bare turneringer og tullete underholdning. Det er ogs\u00e5 et \u00f8nske om \u00e5 m\u00f8te barn og unge p\u00e5 en felles arena. En av disse arenaene ser n\u00e5 ut til \u00e5 v\u00e6re gaming. Ut ifra denne arenaen vil Acta l\u00e6re barn og unge \u00e5 kjenne Gud, og f\u00e5 gode kristne relasjoner. Derfor passet det bra at andaktene under leiren ogs\u00e5 var knyttet til gaming-verdenen. Det ble b\u00e5de talt om hvordan vi har forskjellige roller i Guds rike, slik man har forskjellige roller i videospill, og hvordan vi m\u00e5 ta vare p\u00e5 livet v\u00e5rt, slik vi gj\u00f8r i videospill. Helga ble avsluttet med hvordan Jesus redder oss fra d\u00f8den uten \u00e5 f\u00e5 noe tilbake, slik som en karakter plukker opp biler som faller av veien i spillet Mario Kart.<\/p>\n\n\n\n<p>Det \u00e5 forkynne evangeliet gjennom samtidskulturen har blitt gjort siden Paulus talte p\u00e5 Aeropogos-h\u00f8yden i Athen i Apostlenes gjerninger 17, og er mer relevant enn noen gang. Hvis folk skal forst\u00e5 og ville h\u00f8re p\u00e5 de gode nyhetene vi forkynner, m\u00e5 vi v\u00e6re kreative og tenke nytt. Her kommer gamingleir til \u00e5 bli viktig, og vi er spente p\u00e5 \u00e5 se hva som vil skje videre. En ting er hvert fall sikkert, gamingleir har kommet for \u00e5 bli, med kanskje enda flere deltakere neste \u00e5r.<\/p>\n\n\n\n<figure class=\"wp-block-image size-large\"><img loading=\"lazy\" decoding=\"async\" width=\"1024\" height=\"332\" src=\"https:\/\/www.normisjon.no\/content\/uploads\/sites\/37\/2023\/11\/Bilde-5-oversikt-2-1024x332.jpg\" alt=\"\" class=\"wp-image-2257\" srcset=\"https:\/\/www.normisjon.no\/content\/uploads\/sites\/37\/2023\/11\/Bilde-5-oversikt-2-1024x332.jpg 1024w, https:\/\/www.normisjon.no\/content\/uploads\/sites\/37\/2023\/11\/Bilde-5-oversikt-2-300x97.jpg 300w, https:\/\/www.normisjon.no\/content\/uploads\/sites\/37\/2023\/11\/Bilde-5-oversikt-2-768x249.jpg 768w, https:\/\/www.normisjon.no\/content\/uploads\/sites\/37\/2023\/11\/Bilde-5-oversikt-2-1536x497.jpg 1536w, https:\/\/www.normisjon.no\/content\/uploads\/sites\/37\/2023\/11\/Bilde-5-oversikt-2-2048x663.jpg 2048w, https:\/\/www.normisjon.no\/content\/uploads\/sites\/37\/2023\/11\/Bilde-5-oversikt-2-1920x622.jpg 1920w, https:\/\/www.normisjon.no\/content\/uploads\/sites\/37\/2023\/11\/Bilde-5-oversikt-2-1360x440.jpg 1360w, https:\/\/www.normisjon.no\/content\/uploads\/sites\/37\/2023\/11\/Bilde-5-oversikt-2-960x311.jpg 960w\" sizes=\"auto, (max-width: 1024px) 100vw, 1024px\" \/><\/figure>\n\n\n\n<p>Leirene i Acta VeBu st\u00f8ttes av:<\/p>\n\n\n\n<figure class=\"wp-block-image size-full is-resized\"><img loading=\"lazy\" decoding=\"async\" src=\"https:\/\/www.normisjon.no\/content\/uploads\/sites\/37\/2023\/05\/kirken_sidestilt_kirkeraadet.jpg\" alt=\"\" class=\"wp-image-2171\" width=\"351\" height=\"59\" srcset=\"https:\/\/www.normisjon.no\/content\/uploads\/sites\/37\/2023\/05\/kirken_sidestilt_kirkeraadet.jpg 901w, https:\/\/www.normisjon.no\/content\/uploads\/sites\/37\/2023\/05\/kirken_sidestilt_kirkeraadet-300x50.jpg 300w, https:\/\/www.normisjon.no\/content\/uploads\/sites\/37\/2023\/05\/kirken_sidestilt_kirkeraadet-768x129.jpg 768w\" sizes=\"auto, (max-width: 351px) 100vw, 351px\" \/><\/figure>\n<\/div>","protected":false},"excerpt":{"rendered":"<p>P\u00e5 fredag den 17. november ankom 50 gutter og jenter Strand leirsted for \u00e5 delta p\u00e5 Actas gamingleir. Alle fikk hver sin plass i festsalen hvor de fikk montert opp diverse gamingutstyr. Her var det alt fra datamaskiner til videospillkonsoller til iPad. Det var deltakere fra hele regionen; fra Lier til Sandefjord til Kongsberg, og [&hellip;]<\/p>\n","protected":false},"author":81,"featured_media":2254,"parent":0,"menu_order":0,"comment_status":"closed","ping_status":"closed","template":"","meta":{"_acf_changed":false,"footnotes":""},"class_list":["post-2252","page","type-page","status-publish","has-post-thumbnail","hentry"],"acf":[],"yoast_head":"<!-- This site is optimized with the Yoast SEO plugin v25.9 - https:\/\/yoast.com\/wordpress\/plugins\/seo\/ -->\n<title>For en helg! Gamingleiren 2023 - Acta Region VeBu<\/title>\n<meta name=\"robots\" content=\"index, follow, max-snippet:-1, max-image-preview:large, max-video-preview:-1\" \/>\n<link rel=\"canonical\" href=\"https:\/\/acta.no\/vebu\/for-en-helg-gamingleiren-2023\/\" \/>\n<meta property=\"og:locale\" content=\"nb_NO\" \/>\n<meta property=\"og:type\" content=\"article\" \/>\n<meta property=\"og:title\" content=\"For en helg! Gamingleiren 2023 - Acta Region VeBu\" \/>\n<meta property=\"og:description\" content=\"P\u00e5 fredag den 17. november ankom 50 gutter og jenter Strand leirsted for \u00e5 delta p\u00e5 Actas gamingleir. Alle fikk hver sin plass i festsalen hvor de fikk montert opp diverse gamingutstyr. Her var det alt fra datamaskiner til videospillkonsoller til iPad. Det var deltakere fra hele regionen; fra Lier til Sandefjord til Kongsberg, og [&hellip;]\" \/>\n<meta property=\"og:url\" content=\"https:\/\/acta.no\/vebu\/for-en-helg-gamingleiren-2023\/\" \/>\n<meta property=\"og:site_name\" content=\"Acta Region VeBu\" \/>\n<meta property=\"article:modified_time\" content=\"2025-04-25T07:51:16+00:00\" \/>\n<meta property=\"og:image\" content=\"https:\/\/www.normisjon.no\/content\/uploads\/sites\/37\/2023\/11\/Bilde-3-gaming-scaled.jpg\" \/>\n\t<meta property=\"og:image:width\" content=\"2560\" \/>\n\t<meta property=\"og:image:height\" content=\"1920\" \/>\n\t<meta property=\"og:image:type\" content=\"image\/jpeg\" \/>\n<meta name=\"twitter:card\" content=\"summary_large_image\" \/>\n<meta name=\"twitter:label1\" content=\"Ansl. lesetid\" \/>\n\t<meta name=\"twitter:data1\" content=\"4 minutter\" \/>\n<script type=\"application\/ld+json\" class=\"yoast-schema-graph\">{\"@context\":\"https:\/\/schema.org\",\"@graph\":[{\"@type\":\"WebPage\",\"@id\":\"https:\/\/acta.no\/vebu\/for-en-helg-gamingleiren-2023\/\",\"url\":\"https:\/\/acta.no\/vebu\/for-en-helg-gamingleiren-2023\/\",\"name\":\"For en helg! Gamingleiren 2023 - Acta Region VeBu\",\"isPartOf\":{\"@id\":\"https:\/\/acta.no\/vebu\/#website\"},\"primaryImageOfPage\":{\"@id\":\"https:\/\/acta.no\/vebu\/for-en-helg-gamingleiren-2023\/#primaryimage\"},\"image\":{\"@id\":\"https:\/\/acta.no\/vebu\/for-en-helg-gamingleiren-2023\/#primaryimage\"},\"thumbnailUrl\":\"https:\/\/www.normisjon.no\/content\/uploads\/sites\/37\/2023\/11\/Bilde-3-gaming-scaled.jpg\",\"datePublished\":\"2023-11-24T16:48:08+00:00\",\"dateModified\":\"2025-04-25T07:51:16+00:00\",\"breadcrumb\":{\"@id\":\"https:\/\/acta.no\/vebu\/for-en-helg-gamingleiren-2023\/#breadcrumb\"},\"inLanguage\":\"nb-NO\",\"potentialAction\":[{\"@type\":\"ReadAction\",\"target\":[\"https:\/\/acta.no\/vebu\/for-en-helg-gamingleiren-2023\/\"]}]},{\"@type\":\"ImageObject\",\"inLanguage\":\"nb-NO\",\"@id\":\"https:\/\/acta.no\/vebu\/for-en-helg-gamingleiren-2023\/#primaryimage\",\"url\":\"https:\/\/www.normisjon.no\/content\/uploads\/sites\/37\/2023\/11\/Bilde-3-gaming-scaled.jpg\",\"contentUrl\":\"https:\/\/www.normisjon.no\/content\/uploads\/sites\/37\/2023\/11\/Bilde-3-gaming-scaled.jpg\",\"width\":2560,\"height\":1920},{\"@type\":\"BreadcrumbList\",\"@id\":\"https:\/\/acta.no\/vebu\/for-en-helg-gamingleiren-2023\/#breadcrumb\",\"itemListElement\":[{\"@type\":\"ListItem\",\"position\":1,\"name\":\"Til acta.no\",\"item\":\"https:\/\/acta.no\/\"},{\"@type\":\"ListItem\",\"position\":2,\"name\":\"Region VeBu\",\"item\":\"https:\/\/acta.no\/vebu\/\"},{\"@type\":\"ListItem\",\"position\":3,\"name\":\"For en helg! Gamingleiren 2023\"}]},{\"@type\":\"WebSite\",\"@id\":\"https:\/\/acta.no\/vebu\/#website\",\"url\":\"https:\/\/acta.no\/vebu\/\",\"name\":\"Acta Region VeBu\",\"description\":\"VeBu\",\"potentialAction\":[{\"@type\":\"SearchAction\",\"target\":{\"@type\":\"EntryPoint\",\"urlTemplate\":\"https:\/\/acta.no\/vebu\/?s={search_term_string}\"},\"query-input\":{\"@type\":\"PropertyValueSpecification\",\"valueRequired\":true,\"valueName\":\"search_term_string\"}}],\"inLanguage\":\"nb-NO\"}]}<\/script>\n<!-- \/ Yoast SEO plugin. -->","yoast_head_json":{"title":"For en helg! Gamingleiren 2023 - Acta Region VeBu","robots":{"index":"index","follow":"follow","max-snippet":"max-snippet:-1","max-image-preview":"max-image-preview:large","max-video-preview":"max-video-preview:-1"},"canonical":"https:\/\/acta.no\/vebu\/for-en-helg-gamingleiren-2023\/","og_locale":"nb_NO","og_type":"article","og_title":"For en helg! Gamingleiren 2023 - Acta Region VeBu","og_description":"P\u00e5 fredag den 17. november ankom 50 gutter og jenter Strand leirsted for \u00e5 delta p\u00e5 Actas gamingleir. Alle fikk hver sin plass i festsalen hvor de fikk montert opp diverse gamingutstyr. Her var det alt fra datamaskiner til videospillkonsoller til iPad. Det var deltakere fra hele regionen; fra Lier til Sandefjord til Kongsberg, og [&hellip;]","og_url":"https:\/\/acta.no\/vebu\/for-en-helg-gamingleiren-2023\/","og_site_name":"Acta Region VeBu","article_modified_time":"2025-04-25T07:51:16+00:00","og_image":[{"width":2560,"height":1920,"url":"https:\/\/www.normisjon.no\/content\/uploads\/sites\/37\/2023\/11\/Bilde-3-gaming-scaled.jpg","type":"image\/jpeg"}],"twitter_card":"summary_large_image","twitter_misc":{"Ansl. lesetid":"4 minutter"},"schema":{"@context":"https:\/\/schema.org","@graph":[{"@type":"WebPage","@id":"https:\/\/acta.no\/vebu\/for-en-helg-gamingleiren-2023\/","url":"https:\/\/acta.no\/vebu\/for-en-helg-gamingleiren-2023\/","name":"For en helg! Gamingleiren 2023 - Acta Region VeBu","isPartOf":{"@id":"https:\/\/acta.no\/vebu\/#website"},"primaryImageOfPage":{"@id":"https:\/\/acta.no\/vebu\/for-en-helg-gamingleiren-2023\/#primaryimage"},"image":{"@id":"https:\/\/acta.no\/vebu\/for-en-helg-gamingleiren-2023\/#primaryimage"},"thumbnailUrl":"https:\/\/www.normisjon.no\/content\/uploads\/sites\/37\/2023\/11\/Bilde-3-gaming-scaled.jpg","datePublished":"2023-11-24T16:48:08+00:00","dateModified":"2025-04-25T07:51:16+00:00","breadcrumb":{"@id":"https:\/\/acta.no\/vebu\/for-en-helg-gamingleiren-2023\/#breadcrumb"},"inLanguage":"nb-NO","potentialAction":[{"@type":"ReadAction","target":["https:\/\/acta.no\/vebu\/for-en-helg-gamingleiren-2023\/"]}]},{"@type":"ImageObject","inLanguage":"nb-NO","@id":"https:\/\/acta.no\/vebu\/for-en-helg-gamingleiren-2023\/#primaryimage","url":"https:\/\/www.normisjon.no\/content\/uploads\/sites\/37\/2023\/11\/Bilde-3-gaming-scaled.jpg","contentUrl":"https:\/\/www.normisjon.no\/content\/uploads\/sites\/37\/2023\/11\/Bilde-3-gaming-scaled.jpg","width":2560,"height":1920},{"@type":"BreadcrumbList","@id":"https:\/\/acta.no\/vebu\/for-en-helg-gamingleiren-2023\/#breadcrumb","itemListElement":[{"@type":"ListItem","position":1,"name":"Til acta.no","item":"https:\/\/acta.no\/"},{"@type":"ListItem","position":2,"name":"Region VeBu","item":"https:\/\/acta.no\/vebu\/"},{"@type":"ListItem","position":3,"name":"For en helg! Gamingleiren 2023"}]},{"@type":"WebSite","@id":"https:\/\/acta.no\/vebu\/#website","url":"https:\/\/acta.no\/vebu\/","name":"Acta Region VeBu","description":"VeBu","potentialAction":[{"@type":"SearchAction","target":{"@type":"EntryPoint","urlTemplate":"https:\/\/acta.no\/vebu\/?s={search_term_string}"},"query-input":{"@type":"PropertyValueSpecification","valueRequired":true,"valueName":"search_term_string"}}],"inLanguage":"nb-NO"}]}},"_links":{"self":[{"href":"https:\/\/acta.no\/vebu\/wp-json\/wp\/v2\/pages\/2252","targetHints":{"allow":["GET"]}}],"collection":[{"href":"https:\/\/acta.no\/vebu\/wp-json\/wp\/v2\/pages"}],"about":[{"href":"https:\/\/acta.no\/vebu\/wp-json\/wp\/v2\/types\/page"}],"author":[{"embeddable":true,"href":"https:\/\/acta.no\/vebu\/wp-json\/wp\/v2\/users\/81"}],"replies":[{"embeddable":true,"href":"https:\/\/acta.no\/vebu\/wp-json\/wp\/v2\/comments?post=2252"}],"version-history":[{"count":2,"href":"https:\/\/acta.no\/vebu\/wp-json\/wp\/v2\/pages\/2252\/revisions"}],"predecessor-version":[{"id":2260,"href":"https:\/\/acta.no\/vebu\/wp-json\/wp\/v2\/pages\/2252\/revisions\/2260"}],"wp:featuredmedia":[{"embeddable":true,"href":"https:\/\/acta.no\/vebu\/wp-json\/wp\/v2\/media\/2254"}],"wp:attachment":[{"href":"https:\/\/acta.no\/vebu\/wp-json\/wp\/v2\/media?parent=2252"}],"curies":[{"name":"wp","href":"https:\/\/api.w.org\/{rel}","templated":true}]}}