{"id":2165,"date":"2023-05-03T10:36:11","date_gmt":"2023-05-03T10:36:11","guid":{"rendered":"https:\/\/acta.no\/vebu\/?page_id=2165"},"modified":"2023-05-03T10:36:35","modified_gmt":"2023-05-03T10:36:35","slug":"leirklubben-i-acta-vebu","status":"publish","type":"page","link":"https:\/\/acta.no\/vebu\/leirklubben-i-acta-vebu\/","title":{"rendered":"Leirklubben i Acta VeBu"},"content":{"rendered":"<div class=\"gutenberg-content\">\n<p>Leirklubben i Vestfold Buskerud er for deg som reiser p\u00e5 leir i regi av Acta VeBu. Dette er en klubb som gir deg fordeler, og som gj\u00f8r leirene v\u00e5re bedre. Som leirklubb-medlem f\u00e5r du fra 200 kroner i rabatt fra f\u00f8rste leir du reiser p\u00e5.<\/p>\n\n\n\n<p>Medlemskapet koster 100 kroner i \u00e5ret og er inkludert i prisen for leiren. Men det m\u00e5 velges som alternativ n\u00e5r du melder deg p\u00e5 leir. Du kan ogs\u00e5 velge \u00e5 ikke v\u00e6re medlem, men da blir leiren noe dyrere.<\/p>\n\n\n\n<p>Leirklubben f\u00e5r \u00f8konomisk st\u00f8tte fra Frifond basert p\u00e5 antall medlemmer, s\u00e5 jo flere medlemmer vi har jo mer st\u00f8tte f\u00e5r vi. St\u00f8tten bruker vi p\u00e5 \u00e5 styrke leirarbeidet v\u00e5rt. <\/p>\n\n\n\n<p>Medlemskapet betyr ingenting annet for medlemmet enn at vi kan registrere det som et tellende, betalende medlem og da f\u00e5 st\u00f8tte for innev\u00e6rende \u00e5r fra Frifond.<\/p>\n\n\n\n<ul class=\"wp-block-list\">\n<li>Du vil ikke f\u00e5 noe i posten i fremtiden som f\u00f8lge av medlemskapet.<\/li>\n\n\n\n<li>Det vil ikke kreves betaling for noe fremover som f\u00f8lge av medlemskapet.<\/li>\n\n\n\n<li>Klubbmedlemskapet gjelder kun for det innev\u00e6rende \u00e5ret.<\/li>\n<\/ul>\n\n\n\n<p>Medlemslisten brukes kun til \u00e5 registrere antall medlemmer ovenfor Frifond.<\/p>\n\n\n\n<p>Velkommen som medlem og velkommen p\u00e5 leir!<br><\/p>\n<\/div>","protected":false},"excerpt":{"rendered":"<p>Leirklubben i Vestfold Buskerud er for deg som reiser p\u00e5 leir i regi av Acta VeBu. Dette er en klubb som gir deg fordeler, og som gj\u00f8r leirene v\u00e5re bedre. Som leirklubb-medlem f\u00e5r du fra 200 kroner i rabatt fra f\u00f8rste leir du reiser p\u00e5. Medlemskapet koster 100 kroner i \u00e5ret og er inkludert i [&hellip;]<\/p>\n","protected":false},"author":81,"featured_media":0,"parent":0,"menu_order":0,"comment_status":"closed","ping_status":"closed","template":"","meta":{"_acf_changed":false,"footnotes":""},"class_list":["post-2165","page","type-page","status-publish","hentry"],"acf":[],"yoast_head":"<!-- This site is optimized with the Yoast SEO plugin v25.9 - https:\/\/yoast.com\/wordpress\/plugins\/seo\/ -->\n<title>Leirklubben i Acta VeBu - Acta Region VeBu<\/title>\n<meta name=\"robots\" content=\"index, follow, max-snippet:-1, max-image-preview:large, max-video-preview:-1\" \/>\n<link rel=\"canonical\" href=\"https:\/\/acta.no\/vebu\/leirklubben-i-acta-vebu\/\" \/>\n<meta property=\"og:locale\" content=\"nb_NO\" \/>\n<meta property=\"og:type\" content=\"article\" \/>\n<meta property=\"og:title\" content=\"Leirklubben i Acta VeBu - Acta Region VeBu\" \/>\n<meta property=\"og:description\" content=\"Leirklubben i Vestfold Buskerud er for deg som reiser p\u00e5 leir i regi av Acta VeBu. Dette er en klubb som gir deg fordeler, og som gj\u00f8r leirene v\u00e5re bedre. Som leirklubb-medlem f\u00e5r du fra 200 kroner i rabatt fra f\u00f8rste leir du reiser p\u00e5. Medlemskapet koster 100 kroner i \u00e5ret og er inkludert i [&hellip;]\" \/>\n<meta property=\"og:url\" content=\"https:\/\/acta.no\/vebu\/leirklubben-i-acta-vebu\/\" \/>\n<meta property=\"og:site_name\" content=\"Acta Region VeBu\" \/>\n<meta property=\"article:modified_time\" content=\"2023-05-03T10:36:35+00:00\" \/>\n<meta name=\"twitter:card\" content=\"summary_large_image\" \/>\n<meta name=\"twitter:label1\" content=\"Ansl. lesetid\" \/>\n\t<meta name=\"twitter:data1\" content=\"2 minutter\" \/>\n<script type=\"application\/ld+json\" class=\"yoast-schema-graph\">{\"@context\":\"https:\/\/schema.org\",\"@graph\":[{\"@type\":\"WebPage\",\"@id\":\"https:\/\/acta.no\/vebu\/leirklubben-i-acta-vebu\/\",\"url\":\"https:\/\/acta.no\/vebu\/leirklubben-i-acta-vebu\/\",\"name\":\"Leirklubben i Acta VeBu - Acta Region VeBu\",\"isPartOf\":{\"@id\":\"https:\/\/acta.no\/vebu\/#website\"},\"datePublished\":\"2023-05-03T10:36:11+00:00\",\"dateModified\":\"2023-05-03T10:36:35+00:00\",\"breadcrumb\":{\"@id\":\"https:\/\/acta.no\/vebu\/leirklubben-i-acta-vebu\/#breadcrumb\"},\"inLanguage\":\"nb-NO\",\"potentialAction\":[{\"@type\":\"ReadAction\",\"target\":[\"https:\/\/acta.no\/vebu\/leirklubben-i-acta-vebu\/\"]}]},{\"@type\":\"BreadcrumbList\",\"@id\":\"https:\/\/acta.no\/vebu\/leirklubben-i-acta-vebu\/#breadcrumb\",\"itemListElement\":[{\"@type\":\"ListItem\",\"position\":1,\"name\":\"Til acta.no\",\"item\":\"https:\/\/acta.no\/\"},{\"@type\":\"ListItem\",\"position\":2,\"name\":\"Region VeBu\",\"item\":\"https:\/\/acta.no\/vebu\/\"},{\"@type\":\"ListItem\",\"position\":3,\"name\":\"Leirklubben i Acta VeBu\"}]},{\"@type\":\"WebSite\",\"@id\":\"https:\/\/acta.no\/vebu\/#website\",\"url\":\"https:\/\/acta.no\/vebu\/\",\"name\":\"Acta Region VeBu\",\"description\":\"VeBu\",\"potentialAction\":[{\"@type\":\"SearchAction\",\"target\":{\"@type\":\"EntryPoint\",\"urlTemplate\":\"https:\/\/acta.no\/vebu\/?s={search_term_string}\"},\"query-input\":{\"@type\":\"PropertyValueSpecification\",\"valueRequired\":true,\"valueName\":\"search_term_string\"}}],\"inLanguage\":\"nb-NO\"}]}<\/script>\n<!-- \/ Yoast SEO plugin. -->","yoast_head_json":{"title":"Leirklubben i Acta VeBu - Acta Region VeBu","robots":{"index":"index","follow":"follow","max-snippet":"max-snippet:-1","max-image-preview":"max-image-preview:large","max-video-preview":"max-video-preview:-1"},"canonical":"https:\/\/acta.no\/vebu\/leirklubben-i-acta-vebu\/","og_locale":"nb_NO","og_type":"article","og_title":"Leirklubben i Acta VeBu - Acta Region VeBu","og_description":"Leirklubben i Vestfold Buskerud er for deg som reiser p\u00e5 leir i regi av Acta VeBu. Dette er en klubb som gir deg fordeler, og som gj\u00f8r leirene v\u00e5re bedre. Som leirklubb-medlem f\u00e5r du fra 200 kroner i rabatt fra f\u00f8rste leir du reiser p\u00e5. Medlemskapet koster 100 kroner i \u00e5ret og er inkludert i [&hellip;]","og_url":"https:\/\/acta.no\/vebu\/leirklubben-i-acta-vebu\/","og_site_name":"Acta Region VeBu","article_modified_time":"2023-05-03T10:36:35+00:00","twitter_card":"summary_large_image","twitter_misc":{"Ansl. lesetid":"2 minutter"},"schema":{"@context":"https:\/\/schema.org","@graph":[{"@type":"WebPage","@id":"https:\/\/acta.no\/vebu\/leirklubben-i-acta-vebu\/","url":"https:\/\/acta.no\/vebu\/leirklubben-i-acta-vebu\/","name":"Leirklubben i Acta VeBu - Acta Region VeBu","isPartOf":{"@id":"https:\/\/acta.no\/vebu\/#website"},"datePublished":"2023-05-03T10:36:11+00:00","dateModified":"2023-05-03T10:36:35+00:00","breadcrumb":{"@id":"https:\/\/acta.no\/vebu\/leirklubben-i-acta-vebu\/#breadcrumb"},"inLanguage":"nb-NO","potentialAction":[{"@type":"ReadAction","target":["https:\/\/acta.no\/vebu\/leirklubben-i-acta-vebu\/"]}]},{"@type":"BreadcrumbList","@id":"https:\/\/acta.no\/vebu\/leirklubben-i-acta-vebu\/#breadcrumb","itemListElement":[{"@type":"ListItem","position":1,"name":"Til acta.no","item":"https:\/\/acta.no\/"},{"@type":"ListItem","position":2,"name":"Region VeBu","item":"https:\/\/acta.no\/vebu\/"},{"@type":"ListItem","position":3,"name":"Leirklubben i Acta VeBu"}]},{"@type":"WebSite","@id":"https:\/\/acta.no\/vebu\/#website","url":"https:\/\/acta.no\/vebu\/","name":"Acta Region VeBu","description":"VeBu","potentialAction":[{"@type":"SearchAction","target":{"@type":"EntryPoint","urlTemplate":"https:\/\/acta.no\/vebu\/?s={search_term_string}"},"query-input":{"@type":"PropertyValueSpecification","valueRequired":true,"valueName":"search_term_string"}}],"inLanguage":"nb-NO"}]}},"_links":{"self":[{"href":"https:\/\/acta.no\/vebu\/wp-json\/wp\/v2\/pages\/2165","targetHints":{"allow":["GET"]}}],"collection":[{"href":"https:\/\/acta.no\/vebu\/wp-json\/wp\/v2\/pages"}],"about":[{"href":"https:\/\/acta.no\/vebu\/wp-json\/wp\/v2\/types\/page"}],"author":[{"embeddable":true,"href":"https:\/\/acta.no\/vebu\/wp-json\/wp\/v2\/users\/81"}],"replies":[{"embeddable":true,"href":"https:\/\/acta.no\/vebu\/wp-json\/wp\/v2\/comments?post=2165"}],"version-history":[{"count":1,"href":"https:\/\/acta.no\/vebu\/wp-json\/wp\/v2\/pages\/2165\/revisions"}],"predecessor-version":[{"id":2166,"href":"https:\/\/acta.no\/vebu\/wp-json\/wp\/v2\/pages\/2165\/revisions\/2166"}],"wp:attachment":[{"href":"https:\/\/acta.no\/vebu\/wp-json\/wp\/v2\/media?parent=2165"}],"curies":[{"name":"wp","href":"https:\/\/api.w.org\/{rel}","templated":true}]}}