{"id":1910,"date":"2023-01-11T13:45:38","date_gmt":"2023-01-11T13:45:38","guid":{"rendered":"https:\/\/acta.no\/vebu\/?page_id=1910"},"modified":"2023-02-01T12:54:17","modified_gmt":"2023-02-01T12:54:17","slug":"soul-fest-11-12-mars-i-sandefjord","status":"publish","type":"page","link":"https:\/\/acta.no\/vebu\/soul-fest-11-12-mars-i-sandefjord\/","title":{"rendered":"SOUL FEST ACTA VEBU"},"content":{"rendered":"<div class=\"gutenberg-content\">\n<figure class=\"wp-block-image size-full is-resized\"><img loading=\"lazy\" decoding=\"async\" src=\"https:\/\/www.normisjon.no\/content\/uploads\/sites\/37\/2023\/01\/SoulFest-banner.png\" alt=\"\" class=\"wp-image-1917\" width=\"873\" height=\"400\" srcset=\"https:\/\/www.normisjon.no\/content\/uploads\/sites\/37\/2023\/01\/SoulFest-banner.png 526w, https:\/\/www.normisjon.no\/content\/uploads\/sites\/37\/2023\/01\/SoulFest-banner-300x137.png 300w\" sizes=\"auto, (max-width: 873px) 100vw, 873px\" \/><\/figure>\n\n\n\n<p>Velkommen p\u00e5 SoulFest i Sandefjord! Acta VeBu arrangerer Soul Fest og \u00f8nsker alle danseglade barn og unge i regionen velkommen til dansedag i Norkirken Sandefjord. Dette vil v\u00e6re en &laquo;bo hjemmeleir&raquo; hvor vi henger sammen, trener og l\u00e6rer noen dansetrinn i fellesskap. Vi vil ogs\u00e5 h\u00f8re en andakt, delta p\u00e5 konkurranser og underholdning og spise masse deilig pizza!<\/p>\n\n\n\n<p>I tillegg legger vi opp til deltakelse p\u00e5 gudstjeneste i Norkirken Sandefjord p\u00e5 s\u00f8ndagen for de som \u00f8nsker \u00e5 v\u00e6re med en ekstra dag.<\/p>\n\n\n\n<p><\/p>\n\n\n\n<p><strong>INFO:<\/strong><\/p>\n\n\n\n<p><strong>11. mars fra klokken 13.-19.<\/strong><\/p>\n\n\n\n<p><strong>12. mars deltakelse p\u00e5 Gudstjenesten kl. 11.<\/strong><\/p>\n\n\n\n<p><strong>Norkirken Sandefjord, Landstads gate 22, 3210 SANDEFJORD<\/strong><\/p>\n\n\n\n<p>Anbefalt aldersgrense: 8 \u00e5r og oppover.<\/p>\n\n\n\n<p><\/p>\n\n\n\n<p>Pris: 200,- pr deltaker<\/p>\n\n\n\n<p><\/p>\n\n\n\n<p>p\u00e5melding :<\/p>\n\n\n\n<p><a href=\"https:\/\/app.checkin.no\/event\/53178\/soulfest\">https:\/\/app.checkin.no\/event\/53178\/soulfest<\/a><\/p>\n\n\n\n<p><\/p>\n\n\n\n<p>Program:<\/p>\n\n\n\n<figure class=\"wp-block-image size-full\"><img loading=\"lazy\" decoding=\"async\" width=\"522\" height=\"266\" src=\"https:\/\/www.normisjon.no\/content\/uploads\/sites\/37\/2023\/02\/Program-SoulFest.png\" alt=\"\" class=\"wp-image-2046\" srcset=\"https:\/\/www.normisjon.no\/content\/uploads\/sites\/37\/2023\/02\/Program-SoulFest.png 522w, https:\/\/www.normisjon.no\/content\/uploads\/sites\/37\/2023\/02\/Program-SoulFest-300x153.png 300w\" sizes=\"auto, (max-width: 522px) 100vw, 522px\" \/><\/figure>\n\n\n\n<figure class=\"wp-block-image size-large\"><img loading=\"lazy\" decoding=\"async\" width=\"1024\" height=\"703\" src=\"https:\/\/www.normisjon.no\/content\/uploads\/sites\/37\/2023\/01\/NiftyKicks-1024x703.jpg\" alt=\"\" class=\"wp-image-1911\" srcset=\"https:\/\/www.normisjon.no\/content\/uploads\/sites\/37\/2023\/01\/NiftyKicks-1024x703.jpg 1024w, https:\/\/www.normisjon.no\/content\/uploads\/sites\/37\/2023\/01\/NiftyKicks-300x206.jpg 300w, https:\/\/www.normisjon.no\/content\/uploads\/sites\/37\/2023\/01\/NiftyKicks-768x527.jpg 768w, https:\/\/www.normisjon.no\/content\/uploads\/sites\/37\/2023\/01\/NiftyKicks-1536x1054.jpg 1536w, https:\/\/www.normisjon.no\/content\/uploads\/sites\/37\/2023\/01\/NiftyKicks-1360x933.jpg 1360w, https:\/\/www.normisjon.no\/content\/uploads\/sites\/37\/2023\/01\/NiftyKicks-960x659.jpg 960w, https:\/\/www.normisjon.no\/content\/uploads\/sites\/37\/2023\/01\/NiftyKicks.jpg 1705w\" sizes=\"auto, (max-width: 1024px) 100vw, 1024px\" \/><\/figure>\n\n\n\n<p><strong>Deltakeravgift<\/strong><\/p>\n\n\n\n<p>Deltakeravgiften er 200,- <\/p>\n\n\n\n<p><strong>P\u00e5meldingsfrist<\/strong><\/p>\n\n\n\n<p>P\u00e5meldingsfristen er 1. mars. Ved avmelding etter 1. mars, vil avmeldingen bli belastet med 100 kr i avbestillingsgebyr pr. avmeldt deltaker. Ved avmelding senere enn 3 dager f\u00f8r arrangementet starter gis det ingen refusjon. Dette gjelder ikke hvis avmelding skyldes sykdom, karantene e.l.<\/p>\n\n\n\n<div class=\"wp-block-columns alignwide are-vertically-aligned-top is-layout-flex wp-container-core-columns-is-layout-9d6595d7 wp-block-columns-is-layout-flex\">\n<div class=\"wp-block-column is-layout-flow wp-block-column-is-layout-flow\" style=\"flex-basis:27%\"><\/div>\n\n\n\n<div class=\"wp-block-column is-layout-flow wp-block-column-is-layout-flow\" style=\"flex-basis:73%\"><\/div>\n<\/div>\n\n\n\n<div class=\"wp-block-columns is-layout-flex wp-container-core-columns-is-layout-9d6595d7 wp-block-columns-is-layout-flex\">\n<div class=\"wp-block-column is-layout-flow wp-block-column-is-layout-flow\" style=\"flex-basis:100%\">\n<div class=\"wp-block-group alignwide is-layout-flow wp-block-group-is-layout-flow\">\n<div class=\"wp-block-columns is-layout-flex wp-container-core-columns-is-layout-9d6595d7 wp-block-columns-is-layout-flex\">\n<div class=\"wp-block-column is-layout-flow wp-block-column-is-layout-flow\" style=\"flex-basis:100%\">\n<div class=\"wp-block-columns alignwide is-layout-flex wp-container-core-columns-is-layout-9d6595d7 wp-block-columns-is-layout-flex\">\n<div class=\"wp-block-column is-layout-flow wp-block-column-is-layout-flow\" style=\"flex-basis:24%\"><\/div>\n\n\n\n<div class=\"wp-block-column is-layout-flow wp-block-column-is-layout-flow\" style=\"flex-basis:76%\"><\/div>\n<\/div>\n<\/div>\n<\/div>\n<\/div>\n<\/div>\n<\/div>\n\n\n\n<p><\/p>\n<\/div>","protected":false},"excerpt":{"rendered":"<p>Velkommen p\u00e5 SoulFest i Sandefjord! Acta VeBu arrangerer Soul Fest og \u00f8nsker alle danseglade barn og unge i regionen velkommen til dansedag i Norkirken Sandefjord. Dette vil v\u00e6re en &laquo;bo hjemmeleir&raquo; hvor vi henger sammen, trener og l\u00e6rer noen dansetrinn i fellesskap. Vi vil ogs\u00e5 h\u00f8re en andakt, delta p\u00e5 konkurranser og underholdning og spise [&hellip;]<\/p>\n","protected":false},"author":81,"featured_media":2052,"parent":0,"menu_order":0,"comment_status":"closed","ping_status":"closed","template":"","meta":{"_acf_changed":false,"footnotes":""},"class_list":["post-1910","page","type-page","status-publish","has-post-thumbnail","hentry"],"acf":[],"yoast_head":"<!-- This site is optimized with the Yoast SEO plugin v25.9 - https:\/\/yoast.com\/wordpress\/plugins\/seo\/ -->\n<title>SOUL FEST ACTA VEBU - Acta Region VeBu<\/title>\n<meta name=\"robots\" content=\"index, follow, max-snippet:-1, max-image-preview:large, max-video-preview:-1\" \/>\n<link rel=\"canonical\" href=\"https:\/\/acta.no\/vebu\/soul-fest-11-12-mars-i-sandefjord\/\" \/>\n<meta property=\"og:locale\" content=\"nb_NO\" \/>\n<meta property=\"og:type\" content=\"article\" \/>\n<meta property=\"og:title\" content=\"SOUL FEST ACTA VEBU - Acta Region VeBu\" \/>\n<meta property=\"og:description\" content=\"Velkommen p\u00e5 SoulFest i Sandefjord! Acta VeBu arrangerer Soul Fest og \u00f8nsker alle danseglade barn og unge i regionen velkommen til dansedag i Norkirken Sandefjord. Dette vil v\u00e6re en &laquo;bo hjemmeleir&raquo; hvor vi henger sammen, trener og l\u00e6rer noen dansetrinn i fellesskap. Vi vil ogs\u00e5 h\u00f8re en andakt, delta p\u00e5 konkurranser og underholdning og spise [&hellip;]\" \/>\n<meta property=\"og:url\" content=\"https:\/\/acta.no\/vebu\/soul-fest-11-12-mars-i-sandefjord\/\" \/>\n<meta property=\"og:site_name\" content=\"Acta Region VeBu\" \/>\n<meta property=\"article:modified_time\" content=\"2023-02-01T12:54:17+00:00\" \/>\n<meta property=\"og:image\" content=\"https:\/\/www.normisjon.no\/content\/uploads\/sites\/37\/2023\/02\/Soul-Fest-Kort.png\" \/>\n\t<meta property=\"og:image:width\" content=\"302\" \/>\n\t<meta property=\"og:image:height\" content=\"270\" \/>\n\t<meta property=\"og:image:type\" content=\"image\/png\" \/>\n<meta name=\"twitter:card\" content=\"summary_large_image\" \/>\n<meta name=\"twitter:label1\" content=\"Ansl. lesetid\" \/>\n\t<meta name=\"twitter:data1\" content=\"2 minutter\" \/>\n<script type=\"application\/ld+json\" class=\"yoast-schema-graph\">{\"@context\":\"https:\/\/schema.org\",\"@graph\":[{\"@type\":\"WebPage\",\"@id\":\"https:\/\/acta.no\/vebu\/soul-fest-11-12-mars-i-sandefjord\/\",\"url\":\"https:\/\/acta.no\/vebu\/soul-fest-11-12-mars-i-sandefjord\/\",\"name\":\"SOUL FEST ACTA VEBU - Acta Region VeBu\",\"isPartOf\":{\"@id\":\"https:\/\/acta.no\/vebu\/#website\"},\"primaryImageOfPage\":{\"@id\":\"https:\/\/acta.no\/vebu\/soul-fest-11-12-mars-i-sandefjord\/#primaryimage\"},\"image\":{\"@id\":\"https:\/\/acta.no\/vebu\/soul-fest-11-12-mars-i-sandefjord\/#primaryimage\"},\"thumbnailUrl\":\"https:\/\/www.normisjon.no\/content\/uploads\/sites\/37\/2023\/02\/Soul-Fest-Kort.png\",\"datePublished\":\"2023-01-11T13:45:38+00:00\",\"dateModified\":\"2023-02-01T12:54:17+00:00\",\"breadcrumb\":{\"@id\":\"https:\/\/acta.no\/vebu\/soul-fest-11-12-mars-i-sandefjord\/#breadcrumb\"},\"inLanguage\":\"nb-NO\",\"potentialAction\":[{\"@type\":\"ReadAction\",\"target\":[\"https:\/\/acta.no\/vebu\/soul-fest-11-12-mars-i-sandefjord\/\"]}]},{\"@type\":\"ImageObject\",\"inLanguage\":\"nb-NO\",\"@id\":\"https:\/\/acta.no\/vebu\/soul-fest-11-12-mars-i-sandefjord\/#primaryimage\",\"url\":\"https:\/\/www.normisjon.no\/content\/uploads\/sites\/37\/2023\/02\/Soul-Fest-Kort.png\",\"contentUrl\":\"https:\/\/www.normisjon.no\/content\/uploads\/sites\/37\/2023\/02\/Soul-Fest-Kort.png\",\"width\":302,\"height\":270},{\"@type\":\"BreadcrumbList\",\"@id\":\"https:\/\/acta.no\/vebu\/soul-fest-11-12-mars-i-sandefjord\/#breadcrumb\",\"itemListElement\":[{\"@type\":\"ListItem\",\"position\":1,\"name\":\"Til acta.no\",\"item\":\"https:\/\/acta.no\/\"},{\"@type\":\"ListItem\",\"position\":2,\"name\":\"Region VeBu\",\"item\":\"https:\/\/acta.no\/vebu\/\"},{\"@type\":\"ListItem\",\"position\":3,\"name\":\"SOUL FEST ACTA VEBU\"}]},{\"@type\":\"WebSite\",\"@id\":\"https:\/\/acta.no\/vebu\/#website\",\"url\":\"https:\/\/acta.no\/vebu\/\",\"name\":\"Acta Region VeBu\",\"description\":\"VeBu\",\"potentialAction\":[{\"@type\":\"SearchAction\",\"target\":{\"@type\":\"EntryPoint\",\"urlTemplate\":\"https:\/\/acta.no\/vebu\/?s={search_term_string}\"},\"query-input\":{\"@type\":\"PropertyValueSpecification\",\"valueRequired\":true,\"valueName\":\"search_term_string\"}}],\"inLanguage\":\"nb-NO\"}]}<\/script>\n<!-- \/ Yoast SEO plugin. -->","yoast_head_json":{"title":"SOUL FEST ACTA VEBU - Acta Region VeBu","robots":{"index":"index","follow":"follow","max-snippet":"max-snippet:-1","max-image-preview":"max-image-preview:large","max-video-preview":"max-video-preview:-1"},"canonical":"https:\/\/acta.no\/vebu\/soul-fest-11-12-mars-i-sandefjord\/","og_locale":"nb_NO","og_type":"article","og_title":"SOUL FEST ACTA VEBU - Acta Region VeBu","og_description":"Velkommen p\u00e5 SoulFest i Sandefjord! Acta VeBu arrangerer Soul Fest og \u00f8nsker alle danseglade barn og unge i regionen velkommen til dansedag i Norkirken Sandefjord. Dette vil v\u00e6re en &laquo;bo hjemmeleir&raquo; hvor vi henger sammen, trener og l\u00e6rer noen dansetrinn i fellesskap. Vi vil ogs\u00e5 h\u00f8re en andakt, delta p\u00e5 konkurranser og underholdning og spise [&hellip;]","og_url":"https:\/\/acta.no\/vebu\/soul-fest-11-12-mars-i-sandefjord\/","og_site_name":"Acta Region VeBu","article_modified_time":"2023-02-01T12:54:17+00:00","og_image":[{"width":302,"height":270,"url":"https:\/\/www.normisjon.no\/content\/uploads\/sites\/37\/2023\/02\/Soul-Fest-Kort.png","type":"image\/png"}],"twitter_card":"summary_large_image","twitter_misc":{"Ansl. lesetid":"2 minutter"},"schema":{"@context":"https:\/\/schema.org","@graph":[{"@type":"WebPage","@id":"https:\/\/acta.no\/vebu\/soul-fest-11-12-mars-i-sandefjord\/","url":"https:\/\/acta.no\/vebu\/soul-fest-11-12-mars-i-sandefjord\/","name":"SOUL FEST ACTA VEBU - Acta Region VeBu","isPartOf":{"@id":"https:\/\/acta.no\/vebu\/#website"},"primaryImageOfPage":{"@id":"https:\/\/acta.no\/vebu\/soul-fest-11-12-mars-i-sandefjord\/#primaryimage"},"image":{"@id":"https:\/\/acta.no\/vebu\/soul-fest-11-12-mars-i-sandefjord\/#primaryimage"},"thumbnailUrl":"https:\/\/www.normisjon.no\/content\/uploads\/sites\/37\/2023\/02\/Soul-Fest-Kort.png","datePublished":"2023-01-11T13:45:38+00:00","dateModified":"2023-02-01T12:54:17+00:00","breadcrumb":{"@id":"https:\/\/acta.no\/vebu\/soul-fest-11-12-mars-i-sandefjord\/#breadcrumb"},"inLanguage":"nb-NO","potentialAction":[{"@type":"ReadAction","target":["https:\/\/acta.no\/vebu\/soul-fest-11-12-mars-i-sandefjord\/"]}]},{"@type":"ImageObject","inLanguage":"nb-NO","@id":"https:\/\/acta.no\/vebu\/soul-fest-11-12-mars-i-sandefjord\/#primaryimage","url":"https:\/\/www.normisjon.no\/content\/uploads\/sites\/37\/2023\/02\/Soul-Fest-Kort.png","contentUrl":"https:\/\/www.normisjon.no\/content\/uploads\/sites\/37\/2023\/02\/Soul-Fest-Kort.png","width":302,"height":270},{"@type":"BreadcrumbList","@id":"https:\/\/acta.no\/vebu\/soul-fest-11-12-mars-i-sandefjord\/#breadcrumb","itemListElement":[{"@type":"ListItem","position":1,"name":"Til acta.no","item":"https:\/\/acta.no\/"},{"@type":"ListItem","position":2,"name":"Region VeBu","item":"https:\/\/acta.no\/vebu\/"},{"@type":"ListItem","position":3,"name":"SOUL FEST ACTA VEBU"}]},{"@type":"WebSite","@id":"https:\/\/acta.no\/vebu\/#website","url":"https:\/\/acta.no\/vebu\/","name":"Acta Region VeBu","description":"VeBu","potentialAction":[{"@type":"SearchAction","target":{"@type":"EntryPoint","urlTemplate":"https:\/\/acta.no\/vebu\/?s={search_term_string}"},"query-input":{"@type":"PropertyValueSpecification","valueRequired":true,"valueName":"search_term_string"}}],"inLanguage":"nb-NO"}]}},"_links":{"self":[{"href":"https:\/\/acta.no\/vebu\/wp-json\/wp\/v2\/pages\/1910","targetHints":{"allow":["GET"]}}],"collection":[{"href":"https:\/\/acta.no\/vebu\/wp-json\/wp\/v2\/pages"}],"about":[{"href":"https:\/\/acta.no\/vebu\/wp-json\/wp\/v2\/types\/page"}],"author":[{"embeddable":true,"href":"https:\/\/acta.no\/vebu\/wp-json\/wp\/v2\/users\/81"}],"replies":[{"embeddable":true,"href":"https:\/\/acta.no\/vebu\/wp-json\/wp\/v2\/comments?post=1910"}],"version-history":[{"count":11,"href":"https:\/\/acta.no\/vebu\/wp-json\/wp\/v2\/pages\/1910\/revisions"}],"predecessor-version":[{"id":2057,"href":"https:\/\/acta.no\/vebu\/wp-json\/wp\/v2\/pages\/1910\/revisions\/2057"}],"wp:featuredmedia":[{"embeddable":true,"href":"https:\/\/acta.no\/vebu\/wp-json\/wp\/v2\/media\/2052"}],"wp:attachment":[{"href":"https:\/\/acta.no\/vebu\/wp-json\/wp\/v2\/media?parent=1910"}],"curies":[{"name":"wp","href":"https:\/\/api.w.org\/{rel}","templated":true}]}}