{"id":1804,"date":"2022-08-29T11:28:38","date_gmt":"2022-08-29T11:28:38","guid":{"rendered":"https:\/\/acta.no\/vebu\/?page_id=1804"},"modified":"2022-09-01T09:27:48","modified_gmt":"2022-09-01T09:27:48","slug":"lift-oslo","status":"publish","type":"page","link":"https:\/\/acta.no\/vebu\/lift-oslo\/","title":{"rendered":"Acta-tur til Oslo"},"content":{"rendered":"<div id=\"module-0\" class=\"hogan-module hogan-module-image hogan-module-0 hogan-image-size-large\"><div class=\"hogan-module-inner\"><figure class=\"wp-caption size-large\"><img loading=\"lazy\" decoding=\"async\" width=\"873\" height=\"453\" src=\"https:\/\/www.normisjon.no\/content\/uploads\/sites\/37\/2022\/08\/LIFT-Oslo-1024x531.png\" class=\"attachment-large size-large\" alt=\"\" srcset=\"https:\/\/www.normisjon.no\/content\/uploads\/sites\/37\/2022\/08\/LIFT-Oslo-1024x531.png 1024w, https:\/\/www.normisjon.no\/content\/uploads\/sites\/37\/2022\/08\/LIFT-Oslo-300x155.png 300w, https:\/\/www.normisjon.no\/content\/uploads\/sites\/37\/2022\/08\/LIFT-Oslo-768x398.png 768w, https:\/\/www.normisjon.no\/content\/uploads\/sites\/37\/2022\/08\/LIFT-Oslo-960x497.png 960w, https:\/\/www.normisjon.no\/content\/uploads\/sites\/37\/2022\/08\/LIFT-Oslo.png 1079w\" sizes=\"auto, (max-width: 873px) 100vw, 873px\" \/><\/figure><\/div><\/div><div id=\"module-1\" class=\"hogan-module hogan-module-text hogan-module-1\"><div class=\"hogan-module-inner\"><p>Tur til Oslo med ungdom i Acta<\/p>\n<p>23.-24. september 2022<\/p>\n<p>Sommeren er over og vi kan se tilbake p\u00e5 mange g\u00f8yale og innholdsrike leird\u00f8gn, med fine opplevelser og gode erfaringer for deltakere og ikke minst lederne v\u00e5re!<\/p>\n<p>N\u00e5 \u00f8nsker vi \u00e5 samle Acta sine ungdommer og ledere til en LIFT helg og ta dem med p\u00e5 en spennende overnattingstur til Oslo.<\/p>\n<p>Vi skal bes\u00f8ke Ungfila i Filadelfiakirken p\u00e5 fredag kveld, bytur i Oslo l\u00f8rdag formiddag, samt at turen g\u00e5r videre til Drammen for \u00e5 bli med \u00e5 h\u00f8re Soul Children ha konsert, her skal vi ogs\u00e5 bidra til arrangementet i form av kioskvakter, rigging og ikke minst mannekengoppvisning i bakg\u00e5rden til gjenbruksbutikken til Galleri Normisjon. Vi avslutter turen med en runde bowling\/kino e.l. i Drammen.<\/p>\n<p>Dette blir en tur hvor vi \u00f8nsker \u00e5 fortsette den gode stemningen fra leiren Uppdrag Paddan til G\u00f8teborg i sommer.<\/p>\n<p>Vi satser p\u00e5 \u00e5 reise med tog eller privatbiler inn til Oslo, med overnatting p\u00e5 St. Sunniva ungdomsskole som ligger midt i sentrum, i kort gangavstand fra b\u00e5de togstasjonen og Filadelfiakirken. Ta med liggeunderlag og sovepose, vi skal sove i gymsal. (pakk lett, vi m\u00e5 b\u00e6re utstyr med p\u00e5 toget til Drammen) P\u00e5 l\u00f8rdagen vil vi etter hvert reise til Drammen for \u00e5 bidra til Acta og Soul Children`s bakg\u00e5rdskonsert.<\/p>\n<p>Vi ser for oss at vi reiser i gruppe, men at deltakerne bekoster reisen selv; til Oslo, samt hjem fra Drammen. (med tog eller bil) i tillegg til et m\u00e5ltid i byen p\u00e5 fredag kveld. Utover dette dekker Acta resten, overnatting, mat, tog Oslo-Drammen og bowling\/kino.<\/p>\n<p>&nbsp;<\/p>\n<p>Det vil v\u00e6re ledere som reiser p\u00e5 toget sammen med deltakerne selv om turen bekostes av deltaker.<\/p>\n<p>Det vil v\u00e6re med ledere hele veien p\u00e5 denne turen. I byen i Oslo vil ingen g\u00e5 alene, alle skal v\u00e6re en del av en gruppe og vi vil ha en samlingsplass hvor det alltid er en leder tilgjengelig.<\/p>\n<p>&nbsp;<\/p>\n<p>Helgen vil best\u00e5 av sosialt fellesskap, Gudstjeneste for ungdom i Filadelfia, overnatting, undervisning, medvirkning til arrangement i Drammen, samt opplevelser og aktiviteter.<\/p>\n<p>H\u00e5per \u00e5 se mange Acta-ungdom denne helgen!<\/p>\n<p>Vi \u00f8nsker oss at alle blir medlem i leirklubben! Dette gir rabatter for deltakerne p\u00e5 arrangementene v\u00e5re, og i tillegg f\u00e5r Acta \u00f8konomisk st\u00f8tte fra staten for hvert medlem vi har.<\/p>\n<p>Er du ikke medlem, men \u00f8nsker \u00e5 bli det? Kryss av for dette i p\u00e5meldingen. Da f\u00e5r du leirmedlemsskap med p\u00e5 kj\u00f8pet, slik at du har du det til neste gang!<\/p>\n<p>Frist for p\u00e5melding er 16. september 2022<\/p>\n<p>Pris for helgen er:<\/p>\n<p>1.Ordin\u00e6r pris:\u00a0 \u00a0 \u00a0 \u00a0 \u00a0 \u00a0 \u00a0 \u00a0 \u00a0 \u00a0 \u00a0 \u00a0 \u00a0 700,-<\/p>\n<p>2. pris inkludert leirklubbmedlem\u00a0 500,-<\/p>\n<p>3. pris allerede leirklubbmedlem\u00a0 \u00a0400,-<\/p>\n<p>4. Pris leirklubbmedlem\u00a0 \u00a0 \u00a0 \u00a0 \u00a0 \u00a0 \u00a0 \u00a0100,-<\/p>\n<p>P\u00c5MELDING:<\/p>\n<p><a href=\"https:\/\/www.checkin.no\/event\/46974\/lift-oslo\">https:\/\/www.checkin.no\/event\/46974\/lift-oslo<\/a><\/p>\n<p>Velkommen til LIFT Oslo! Vi gleder oss til tur!<\/p><\/div><\/div><div id=\"module-2\" class=\"hogan-module hogan-module-image hogan-module-2 hogan-image-size-large\"><div class=\"hogan-module-inner\"><figure class=\"wp-caption size-large\"><img loading=\"lazy\" decoding=\"async\" width=\"653\" height=\"908\" src=\"https:\/\/www.normisjon.no\/content\/uploads\/sites\/37\/2022\/08\/Program-Oslotur-1.png\" class=\"attachment-large size-large\" alt=\"\" srcset=\"https:\/\/www.normisjon.no\/content\/uploads\/sites\/37\/2022\/08\/Program-Oslotur-1.png 653w, https:\/\/www.normisjon.no\/content\/uploads\/sites\/37\/2022\/08\/Program-Oslotur-1-216x300.png 216w\" sizes=\"auto, (max-width: 653px) 100vw, 653px\" \/><\/figure><\/div><\/div>","protected":false},"excerpt":{"rendered":"<p>Tur til Oslo med ungdom i Acta 23.-24. september 2022 Sommeren er over og vi kan se tilbake p\u00e5 mange g\u00f8yale og innholdsrike leird\u00f8gn, med fine opplevelser og gode erfaringer for deltakere og ikke minst lederne v\u00e5re! N\u00e5 \u00f8nsker vi \u00e5 samle Acta sine ungdommer og ledere til en LIFT helg og ta dem med [&hellip;]<\/p>\n","protected":false},"author":81,"featured_media":1818,"parent":0,"menu_order":0,"comment_status":"closed","ping_status":"closed","template":"","meta":{"_acf_changed":false,"footnotes":""},"class_list":["post-1804","page","type-page","status-publish","has-post-thumbnail","hentry"],"acf":[],"yoast_head":"<!-- This site is optimized with the Yoast SEO plugin v25.9 - https:\/\/yoast.com\/wordpress\/plugins\/seo\/ -->\n<title>Acta-tur til Oslo - Acta Region VeBu<\/title>\n<meta name=\"robots\" content=\"index, follow, max-snippet:-1, max-image-preview:large, max-video-preview:-1\" \/>\n<link rel=\"canonical\" href=\"https:\/\/acta.no\/vebu\/lift-oslo\/\" \/>\n<meta property=\"og:locale\" content=\"nb_NO\" \/>\n<meta property=\"og:type\" content=\"article\" \/>\n<meta property=\"og:title\" content=\"Acta-tur til Oslo - Acta Region VeBu\" \/>\n<meta property=\"og:description\" content=\"Tur til Oslo med ungdom i Acta 23.-24. september 2022 Sommeren er over og vi kan se tilbake p\u00e5 mange g\u00f8yale og innholdsrike leird\u00f8gn, med fine opplevelser og gode erfaringer for deltakere og ikke minst lederne v\u00e5re! N\u00e5 \u00f8nsker vi \u00e5 samle Acta sine ungdommer og ledere til en LIFT helg og ta dem med [&hellip;]\" \/>\n<meta property=\"og:url\" content=\"https:\/\/acta.no\/vebu\/lift-oslo\/\" \/>\n<meta property=\"og:site_name\" content=\"Acta Region VeBu\" \/>\n<meta property=\"article:modified_time\" content=\"2022-09-01T09:27:48+00:00\" \/>\n<meta property=\"og:image\" content=\"https:\/\/www.normisjon.no\/content\/uploads\/sites\/37\/2022\/08\/LIFT-Oslo.png\" \/>\n\t<meta property=\"og:image:width\" content=\"1079\" \/>\n\t<meta property=\"og:image:height\" content=\"559\" \/>\n\t<meta property=\"og:image:type\" content=\"image\/png\" \/>\n<meta name=\"twitter:card\" content=\"summary_large_image\" \/>\n<script type=\"application\/ld+json\" class=\"yoast-schema-graph\">{\"@context\":\"https:\/\/schema.org\",\"@graph\":[{\"@type\":\"WebPage\",\"@id\":\"https:\/\/acta.no\/vebu\/lift-oslo\/\",\"url\":\"https:\/\/acta.no\/vebu\/lift-oslo\/\",\"name\":\"Acta-tur til Oslo - Acta Region VeBu\",\"isPartOf\":{\"@id\":\"https:\/\/acta.no\/vebu\/#website\"},\"primaryImageOfPage\":{\"@id\":\"https:\/\/acta.no\/vebu\/lift-oslo\/#primaryimage\"},\"image\":{\"@id\":\"https:\/\/acta.no\/vebu\/lift-oslo\/#primaryimage\"},\"thumbnailUrl\":\"https:\/\/www.normisjon.no\/content\/uploads\/sites\/37\/2022\/08\/LIFT-Oslo.png\",\"datePublished\":\"2022-08-29T11:28:38+00:00\",\"dateModified\":\"2022-09-01T09:27:48+00:00\",\"breadcrumb\":{\"@id\":\"https:\/\/acta.no\/vebu\/lift-oslo\/#breadcrumb\"},\"inLanguage\":\"nb-NO\",\"potentialAction\":[{\"@type\":\"ReadAction\",\"target\":[\"https:\/\/acta.no\/vebu\/lift-oslo\/\"]}]},{\"@type\":\"ImageObject\",\"inLanguage\":\"nb-NO\",\"@id\":\"https:\/\/acta.no\/vebu\/lift-oslo\/#primaryimage\",\"url\":\"https:\/\/www.normisjon.no\/content\/uploads\/sites\/37\/2022\/08\/LIFT-Oslo.png\",\"contentUrl\":\"https:\/\/www.normisjon.no\/content\/uploads\/sites\/37\/2022\/08\/LIFT-Oslo.png\",\"width\":1079,\"height\":559},{\"@type\":\"BreadcrumbList\",\"@id\":\"https:\/\/acta.no\/vebu\/lift-oslo\/#breadcrumb\",\"itemListElement\":[{\"@type\":\"ListItem\",\"position\":1,\"name\":\"Til acta.no\",\"item\":\"https:\/\/acta.no\/\"},{\"@type\":\"ListItem\",\"position\":2,\"name\":\"Region VeBu\",\"item\":\"https:\/\/acta.no\/vebu\/\"},{\"@type\":\"ListItem\",\"position\":3,\"name\":\"Acta-tur til Oslo\"}]},{\"@type\":\"WebSite\",\"@id\":\"https:\/\/acta.no\/vebu\/#website\",\"url\":\"https:\/\/acta.no\/vebu\/\",\"name\":\"Acta Region VeBu\",\"description\":\"VeBu\",\"potentialAction\":[{\"@type\":\"SearchAction\",\"target\":{\"@type\":\"EntryPoint\",\"urlTemplate\":\"https:\/\/acta.no\/vebu\/?s={search_term_string}\"},\"query-input\":{\"@type\":\"PropertyValueSpecification\",\"valueRequired\":true,\"valueName\":\"search_term_string\"}}],\"inLanguage\":\"nb-NO\"}]}<\/script>\n<!-- \/ Yoast SEO plugin. -->","yoast_head_json":{"title":"Acta-tur til Oslo - Acta Region VeBu","robots":{"index":"index","follow":"follow","max-snippet":"max-snippet:-1","max-image-preview":"max-image-preview:large","max-video-preview":"max-video-preview:-1"},"canonical":"https:\/\/acta.no\/vebu\/lift-oslo\/","og_locale":"nb_NO","og_type":"article","og_title":"Acta-tur til Oslo - Acta Region VeBu","og_description":"Tur til Oslo med ungdom i Acta 23.-24. september 2022 Sommeren er over og vi kan se tilbake p\u00e5 mange g\u00f8yale og innholdsrike leird\u00f8gn, med fine opplevelser og gode erfaringer for deltakere og ikke minst lederne v\u00e5re! N\u00e5 \u00f8nsker vi \u00e5 samle Acta sine ungdommer og ledere til en LIFT helg og ta dem med [&hellip;]","og_url":"https:\/\/acta.no\/vebu\/lift-oslo\/","og_site_name":"Acta Region VeBu","article_modified_time":"2022-09-01T09:27:48+00:00","og_image":[{"width":1079,"height":559,"url":"https:\/\/www.normisjon.no\/content\/uploads\/sites\/37\/2022\/08\/LIFT-Oslo.png","type":"image\/png"}],"twitter_card":"summary_large_image","schema":{"@context":"https:\/\/schema.org","@graph":[{"@type":"WebPage","@id":"https:\/\/acta.no\/vebu\/lift-oslo\/","url":"https:\/\/acta.no\/vebu\/lift-oslo\/","name":"Acta-tur til Oslo - Acta Region VeBu","isPartOf":{"@id":"https:\/\/acta.no\/vebu\/#website"},"primaryImageOfPage":{"@id":"https:\/\/acta.no\/vebu\/lift-oslo\/#primaryimage"},"image":{"@id":"https:\/\/acta.no\/vebu\/lift-oslo\/#primaryimage"},"thumbnailUrl":"https:\/\/www.normisjon.no\/content\/uploads\/sites\/37\/2022\/08\/LIFT-Oslo.png","datePublished":"2022-08-29T11:28:38+00:00","dateModified":"2022-09-01T09:27:48+00:00","breadcrumb":{"@id":"https:\/\/acta.no\/vebu\/lift-oslo\/#breadcrumb"},"inLanguage":"nb-NO","potentialAction":[{"@type":"ReadAction","target":["https:\/\/acta.no\/vebu\/lift-oslo\/"]}]},{"@type":"ImageObject","inLanguage":"nb-NO","@id":"https:\/\/acta.no\/vebu\/lift-oslo\/#primaryimage","url":"https:\/\/www.normisjon.no\/content\/uploads\/sites\/37\/2022\/08\/LIFT-Oslo.png","contentUrl":"https:\/\/www.normisjon.no\/content\/uploads\/sites\/37\/2022\/08\/LIFT-Oslo.png","width":1079,"height":559},{"@type":"BreadcrumbList","@id":"https:\/\/acta.no\/vebu\/lift-oslo\/#breadcrumb","itemListElement":[{"@type":"ListItem","position":1,"name":"Til acta.no","item":"https:\/\/acta.no\/"},{"@type":"ListItem","position":2,"name":"Region VeBu","item":"https:\/\/acta.no\/vebu\/"},{"@type":"ListItem","position":3,"name":"Acta-tur til Oslo"}]},{"@type":"WebSite","@id":"https:\/\/acta.no\/vebu\/#website","url":"https:\/\/acta.no\/vebu\/","name":"Acta Region VeBu","description":"VeBu","potentialAction":[{"@type":"SearchAction","target":{"@type":"EntryPoint","urlTemplate":"https:\/\/acta.no\/vebu\/?s={search_term_string}"},"query-input":{"@type":"PropertyValueSpecification","valueRequired":true,"valueName":"search_term_string"}}],"inLanguage":"nb-NO"}]}},"_links":{"self":[{"href":"https:\/\/acta.no\/vebu\/wp-json\/wp\/v2\/pages\/1804","targetHints":{"allow":["GET"]}}],"collection":[{"href":"https:\/\/acta.no\/vebu\/wp-json\/wp\/v2\/pages"}],"about":[{"href":"https:\/\/acta.no\/vebu\/wp-json\/wp\/v2\/types\/page"}],"author":[{"embeddable":true,"href":"https:\/\/acta.no\/vebu\/wp-json\/wp\/v2\/users\/81"}],"replies":[{"embeddable":true,"href":"https:\/\/acta.no\/vebu\/wp-json\/wp\/v2\/comments?post=1804"}],"version-history":[{"count":22,"href":"https:\/\/acta.no\/vebu\/wp-json\/wp\/v2\/pages\/1804\/revisions"}],"predecessor-version":[{"id":1836,"href":"https:\/\/acta.no\/vebu\/wp-json\/wp\/v2\/pages\/1804\/revisions\/1836"}],"wp:featuredmedia":[{"embeddable":true,"href":"https:\/\/acta.no\/vebu\/wp-json\/wp\/v2\/media\/1818"}],"wp:attachment":[{"href":"https:\/\/acta.no\/vebu\/wp-json\/wp\/v2\/media?parent=1804"}],"curies":[{"name":"wp","href":"https:\/\/api.w.org\/{rel}","templated":true}]}}