{"id":1718,"date":"2022-05-31T09:48:34","date_gmt":"2022-05-31T09:48:34","guid":{"rendered":"https:\/\/acta.no\/vebu\/?page_id=1718"},"modified":"2026-03-05T14:24:28","modified_gmt":"2026-03-05T14:24:28","slug":"hvordan-fungerer-en-leir","status":"publish","type":"page","link":"https:\/\/acta.no\/vebu\/hvordan-fungerer-en-leir\/","title":{"rendered":"Hvordan fungerer en leir i Acta VeBu?"},"content":{"rendered":"<div class=\"gutenberg-content\">\n<div class=\"wp-block-columns is-layout-flex wp-container-core-columns-is-layout-9d6595d7 wp-block-columns-is-layout-flex\">\n<div class=\"wp-block-column is-layout-flow wp-block-column-is-layout-flow\" style=\"flex-basis:100%\">\n<div class=\"wp-block-columns is-layout-flex wp-container-core-columns-is-layout-9d6595d7 wp-block-columns-is-layout-flex\">\n<div class=\"wp-block-column is-layout-flow wp-block-column-is-layout-flow\" style=\"flex-basis:100%\">\n<figure class=\"wp-block-image size-large\"><img loading=\"lazy\" decoding=\"async\" width=\"1024\" height=\"769\" src=\"https:\/\/www.normisjon.no\/content\/uploads\/sites\/37\/2022\/05\/LQ-Paddan2020-13-of-104-1024x769.jpg\" alt=\"\" class=\"wp-image-1702\" srcset=\"https:\/\/www.normisjon.no\/content\/uploads\/sites\/37\/2022\/05\/LQ-Paddan2020-13-of-104-1024x769.jpg 1024w, https:\/\/www.normisjon.no\/content\/uploads\/sites\/37\/2022\/05\/LQ-Paddan2020-13-of-104-300x225.jpg 300w, https:\/\/www.normisjon.no\/content\/uploads\/sites\/37\/2022\/05\/LQ-Paddan2020-13-of-104-768x577.jpg 768w, https:\/\/www.normisjon.no\/content\/uploads\/sites\/37\/2022\/05\/LQ-Paddan2020-13-of-104-1536x1153.jpg 1536w, https:\/\/www.normisjon.no\/content\/uploads\/sites\/37\/2022\/05\/LQ-Paddan2020-13-of-104-2048x1538.jpg 2048w, https:\/\/www.normisjon.no\/content\/uploads\/sites\/37\/2022\/05\/LQ-Paddan2020-13-of-104-1920x1441.jpg 1920w, https:\/\/www.normisjon.no\/content\/uploads\/sites\/37\/2022\/05\/LQ-Paddan2020-13-of-104-1360x1021.jpg 1360w, https:\/\/www.normisjon.no\/content\/uploads\/sites\/37\/2022\/05\/LQ-Paddan2020-13-of-104-960x721.jpg 960w\" sizes=\"auto, (max-width: 1024px) 100vw, 1024px\" \/><\/figure>\n<\/div>\n<\/div>\n<\/div>\n<\/div>\n\n\n\n<h2 class=\"wp-block-heading\">Informasjon om Leir i Acta VeBu<\/h2>\n\n\n\n<p>I Acta VeBu arrangerer vi ulike leirer i l\u00f8pet av \u00e5ret for ulike aldersgrupper og med forskjellige konsepter. Vi \u00f8nsker \u00e5 ha mange leirer for \u00e5 kunne n\u00e5 forskjellige grupper og favne et vidt spekter av interesser. P\u00e5 leir opplever vi at vi klarer \u00e5 danne en arena der barn og unge f\u00e5r m\u00f8te Jesus og blir bedre kjent med hva Gud \u00f8nsker for og med dem. Actas visjon som vi jobber mot er \u00abgrensesprengende fellesskap der barn og unge m\u00f8ter, f\u00f8lger og \u00e6rer Jesus Kristus\u00bb.<\/p>\n\n\n\n<p>P\u00e5 denne siden vil du f\u00e5 generell info om hva leir er og hvordan en typisk leir ser ut.<\/p>\n\n\n\n<h3 class=\"wp-block-heading\">Hva m\u00f8ter barna n\u00e5r de reiser p\u00e5 leir?<\/h3>\n\n\n\n<p>N\u00e5r leiren starter vil barnet bli m\u00f8tt av mange ledere som skal v\u00e6re p\u00e5 leiren. Disse hjelper til med \u00e5 finne frem til riktig rom, prater litt med barna og viser dem gjerne rundt hvis det er f\u00f8rste gang barnet er p\u00e5 leirstedet. Hver leder blir romleder for ett eller flere rom og romlederens oppgave er \u00e5 ta litt ekstra vare p\u00e5 barna p\u00e5 det rommet, synge natta-sang p\u00e5 kvelden og sjekke at de har det bra p\u00e5 leir. Romlederen er ogs\u00e5 en trygghet for barna som f\u00e5r en leder de blir ekstra trygge p\u00e5 og kan komme til hvis de lurer p\u00e5 noe.<\/p>\n\n\n\n<p>P\u00e5 leir har vi faste, obligatoriske samlinger. M\u00e5let med disse er \u00e5 skape samhold og fellesskap i tillegg til \u00e5 gi trygghet og forutsigbarhet. Romlederne passer ogs\u00e5 p\u00e5 at alle kommer til samlingene.<\/p>\n\n\n\n<h3 class=\"wp-block-heading\">Hvem kan reise p\u00e5 leir?<\/h3>\n\n\n\n<p>Alle er velkommen p\u00e5 leir. Du trenger ikke ha et bestemt livssyn for \u00e5 reise p\u00e5 leir. Barn fra familier med andre religioner og trosretninger er velkomne, men m\u00e5 delta p\u00e5 samlinger p\u00e5 lik linje som andre barn og ledere p\u00e5 leiren.<\/p>\n\n\n\n<p>Dersom du har et livssyn som trenger tilrettelegging med hensyn til mat, \u00f8nsker vi i det lengste \u00e5 im\u00f8tekomme dette. Fint om det gis beskjed om dette ved p\u00e5melding.<\/p>\n\n\n\n<p>Dersom barnet har et handikap som gj\u00f8r at han\/hun trenger hjelp eller veiledning gjennom dagen m\u00e5 barnet ha med seg ledsager. Ledsager betaler ingenting for leiren.<\/p>\n\n\n\n<p>Mange barn reiser alene p\u00e5 leir, og gjennom samlinger og aktiviteter legges det opp til at barna skal danne nye vennskap og bli kjent med hverandre. Vi ber likevel om at dere opplyser om at barnet reiser alene i p\u00e5meldingen slik at vi kan ta hensyn til dette n\u00e5r vi setter opp hvem som skal sove sammen.<\/p>\n\n\n\n<p>Har barnet store atferdsvansker er det fint om dette tas opp ved p\u00e5melding, slik at vi kan avtale hvordan det kan h\u00e5ndteres p\u00e5 best mulig m\u00e5te.<\/p>\n\n\n\n<h3 class=\"wp-block-heading\">Romfordeling<\/h3>\n\n\n\n<p>Vi \u00f8nsker at ungene selv skal bestemme hvem de skal sove p\u00e5 rom sammen med. Ved p\u00e5melding er det derfor mulig \u00e5 skrive inn hvem de \u00f8nsker \u00e5 bo p\u00e5 rom sammen med. P\u00e5 Strand leirsted, v\u00e5rt leirsted i Sandefjord har finnes det hytter og et internat(Gjestehuset). Her er det litt ulikt antall sengeplasser, og det varierer fra 3 til 6 sengeplasser pr. rom. Gjestehuset har eget bad p\u00e5 rommet og en litt h\u00f8yere standard og koster derfor ogs\u00e5 litt mer \u00e5 bo p\u00e5. Vi im\u00f8tekommer \u00f8nsker s\u00e5 godt det lar seg gj\u00f8re, og barn som reiser sammen i st\u00f8rre grupper enn det vi f\u00e5r plass til p\u00e5 ett rom vil alltid ligge p\u00e5 rom med minst en annen han\/hun kjenner. Romfordelingen blir gjort f\u00f8r leiren starter, s\u00e5 derfor er det viktig \u00e5 gi beskjed om eventuelle \u00f8nsker eller behov ved p\u00e5melding.<\/p>\n\n\n\n<h3 class=\"wp-block-heading\">Hva skjer p\u00e5 leir?<\/h3>\n\n\n\n<p>De ulike leirene har litt ulik dagsrytme, men en typisk leirdag kan se slik ut:<\/p>\n\n\n\n<p>Vekking (alle leirene v\u00e5re har overnatting)<\/p>\n\n\n\n<p>Frokost<\/p>\n\n\n\n<p>Litt fritid<\/p>\n\n\n\n<p>Bibelundervisning<\/p>\n\n\n\n<p>Aktivitet<\/p>\n\n\n\n<p>Lunsj<\/p>\n\n\n\n<p>Aktivitet<\/p>\n\n\n\n<p>Fellesaktivitet (gjerne ute)<\/p>\n\n\n\n<p>Middag<\/p>\n\n\n\n<p>Aktivitet<\/p>\n\n\n\n<p>Kveldssamling<\/p>\n\n\n\n<p>Alle barna inn p\u00e5 rom<\/p>\n\n\n\n<p>Romlederrunde (romleder kommer inn og snakker med dem f\u00f8r de skal sove)<\/p>\n\n\n\n<p>Internatvakt (vakt i gangen dersom barna skulle trenge noe i l\u00f8pet av kvelden)<\/p>\n\n\n\n<p>Om natten: Lederne sover jevnt fordelt p\u00e5 de enkelte gangene, s\u00e5 barna kan lett finne noen \u00e5 henvende seg til under natten, dersom det skulle v\u00e6re behov for dette.<\/p>\n\n\n\n<h4 class=\"wp-block-heading\">Kiosk<\/h4>\n\n\n\n<p>Samme hvilke aktiviteter og leker vi planlegger, s\u00e5 er kiosken alltid noe av det mest popul\u00e6re. Begge leirstedene har egne kiosker. Den vil v\u00e6re \u00e5pen 2-3 ganger i l\u00f8pet av leiren. Av ulike \u00e5rsaker har vi satt en maksgrense p\u00e5 50 kr pr. bes\u00f8k i kiosken p\u00e5 v\u00e5re barneleirer. Man kommer alts\u00e5 langt med 100kr i l\u00f8pet av en leir.<\/p>\n\n\n\n<h4 class=\"wp-block-heading\">Kollekt<\/h4>\n\n\n\n<p>I l\u00f8pet av en leir \u00f8nsker vi \u00e5 ta opp en kollekt, eller en \u00f8konomisk gave, til arbeidet som Acta VeBu gj\u00f8r med leir. Disse pengene g\u00e5r til et aktivitetsfond som brukes til \u00e5 kj\u00f8pe inn nye leker, materiell til hobbyaktivteter og andre ting som trengs p\u00e5 et leirsted. Kollekten tas normalt opp p\u00e5 avslutningsm\u00f8tet.<\/p>\n\n\n\n<h3 class=\"wp-block-heading\">P\u00e5melding<\/h3>\n\n\n\n<p>P\u00e5melding skjer p\u00e5\u00a0<a href=\"http:\/\/checkin.no\/\">checkin.no<\/a>. Men du finner linkene for p\u00e5emdling via v\u00e5re nettsider <a href=\"https:\/\/acta.no\/vebu\/leir\/\" target=\"_blank\" rel=\"noreferrer noopener\">Acta.no\/vebu\/leir<\/a>. Checkin er b\u00e5de et p\u00e5melding- og betalingssystem, s\u00e5 det er fint hvis du melder deltakerne p\u00e5 her. Har du problemer med p\u00e5melding, s\u00e5 er det bare \u00e5 ta kontakt med regionskontoret.<\/p>\n\n\n\n<h3 class=\"wp-block-heading\">Ledere p\u00e5 leir<\/h3>\n\n\n\n<p>Alle deltakerne f\u00e5r sin egen romleder som har et ekstra fokus p\u00e5 sine romdeltakere. Dette er som regel ungdomsledere i alderen 14-18 \u00e5r. I tillegg har vi noen voksenledere og en hovedleder som har det overordnede ansvaret for leiren. For \u00e5 skape en ekstra trygghet for barna, ledere og kanskje ikke minst foresatte s\u00e5 \u00f8nsker vi at det skal v\u00e6re \u00abvoksne p\u00e5 leir\u00bb. Dette er voksne, gjerne besteforeldre, som har som oppgave \u00e5 ha et ekstra fang \u00e5 sitte p\u00e5, gi litt tr\u00f8st eller prate litt med ungene hvis de \u00f8nsker det. Dette har vist seg \u00e5 v\u00e6re verdifullt p\u00e5 leir b\u00e5de for barna og de andre lederne.<\/p>\n\n\n\n<h3 class=\"wp-block-heading\">Spesielle behov<\/h3>\n\n\n\n<p>Vi \u00f8nsker \u00e5 kunne gj\u00f8re leiren best mulig for alle. Dersom ditt barn har behov for tilrettelegging eller har spesielle behov eller utfordringer for eksempel knyttet til mat, hjemlengsel eller \u00e5 sove borte ber vi om at du opplyser om dette i p\u00e5meldingen. Hvis du \u00f8nsker det tar vi ogs\u00e5 kontakt n\u00e5r det n\u00e6rmer seg leiren slik at vi kan snakke om hvordan vi lager en best mulig leir for ditt barn.<\/p>\n\n\n\n<h3 class=\"wp-block-heading\">\u00d8konomi<\/h3>\n\n\n\n<p>Vi \u00f8nsker at flest mulig skal f\u00e5 komme p\u00e5 leir og fors\u00f8ker derfor \u00e5 holde prisen s\u00e5 lav som mulig uten \u00e5 g\u00e5 for mye i underskudd. For at ogs\u00e5 de som ikke har r\u00e5d til \u00e5 reise p\u00e5 leir skal f\u00e5 mulighet har vi opprettet et leirst\u00f8ttefond. Disse pengene g\u00e5r til \u00e5 hjelpe barn som kommer fra familier med vanskelig \u00f8konomi til \u00e5 komme p\u00e5 leir. I p\u00e5meldingen f\u00e5r du mulighet til \u00e5 gi et valgfritt bel\u00f8p til dette fondet under fanen \u00ab\u00d8nsker du \u00e5 st\u00f8tte Leir for alle?\u00bb.<\/p>\n\n\n\n<h3 class=\"wp-block-heading\">Kontaktinformasjon<\/h3>\n\n\n\n<p>Har du sp\u00f8rsm\u00e5l, tanker, vil gi en tilbakemelding eller bare har lyst til \u00e5 ta kontakt med noen av oss i Acta VeBu s\u00e5 er du hjertelig velkommen til det.<\/p>\n\n\n\n<p><strong>Stein Joar Myrvang &#8211; Actaleder i Vebu<\/strong><\/p>\n\n\n\n<p><em>Stein.joar.myrvang@normisjon.no<\/em><\/p>\n\n\n\n<p><em>tlf: 995 00 047.<\/em><\/p>\n<\/div>","protected":false},"excerpt":{"rendered":"<p>Informasjon om Leir i Acta VeBu I Acta VeBu arrangerer vi ulike leirer i l\u00f8pet av \u00e5ret for ulike aldersgrupper og med forskjellige konsepter. Vi \u00f8nsker \u00e5 ha mange leirer for \u00e5 kunne n\u00e5 forskjellige grupper og favne et vidt spekter av interesser. P\u00e5 leir opplever vi at vi klarer \u00e5 danne en arena der [&hellip;]<\/p>\n","protected":false},"author":81,"featured_media":1688,"parent":0,"menu_order":0,"comment_status":"closed","ping_status":"closed","template":"","meta":{"_acf_changed":false,"footnotes":""},"class_list":["post-1718","page","type-page","status-publish","has-post-thumbnail","hentry"],"acf":[],"yoast_head":"<!-- This site is optimized with the Yoast SEO plugin v25.9 - https:\/\/yoast.com\/wordpress\/plugins\/seo\/ -->\n<title>Hvordan fungerer en leir i Acta VeBu? - Acta Region VeBu<\/title>\n<meta name=\"robots\" content=\"index, follow, max-snippet:-1, max-image-preview:large, max-video-preview:-1\" \/>\n<link rel=\"canonical\" href=\"https:\/\/acta.no\/vebu\/hvordan-fungerer-en-leir\/\" \/>\n<meta property=\"og:locale\" content=\"nb_NO\" \/>\n<meta property=\"og:type\" content=\"article\" \/>\n<meta property=\"og:title\" content=\"Hvordan fungerer en leir i Acta VeBu? - Acta Region VeBu\" \/>\n<meta property=\"og:description\" content=\"Informasjon om Leir i Acta VeBu I Acta VeBu arrangerer vi ulike leirer i l\u00f8pet av \u00e5ret for ulike aldersgrupper og med forskjellige konsepter. Vi \u00f8nsker \u00e5 ha mange leirer for \u00e5 kunne n\u00e5 forskjellige grupper og favne et vidt spekter av interesser. P\u00e5 leir opplever vi at vi klarer \u00e5 danne en arena der [&hellip;]\" \/>\n<meta property=\"og:url\" content=\"https:\/\/acta.no\/vebu\/hvordan-fungerer-en-leir\/\" \/>\n<meta property=\"og:site_name\" content=\"Acta Region VeBu\" \/>\n<meta property=\"article:modified_time\" content=\"2026-03-05T14:24:28+00:00\" \/>\n<meta property=\"og:image\" content=\"https:\/\/www.normisjon.no\/content\/uploads\/sites\/37\/2022\/05\/LQ-SPO19-gruppe-situasjon-20-of-62-scaled.jpg\" \/>\n\t<meta property=\"og:image:width\" content=\"2560\" \/>\n\t<meta property=\"og:image:height\" content=\"1706\" \/>\n\t<meta property=\"og:image:type\" content=\"image\/jpeg\" \/>\n<meta name=\"twitter:card\" content=\"summary_large_image\" \/>\n<meta name=\"twitter:label1\" content=\"Ansl. lesetid\" \/>\n\t<meta name=\"twitter:data1\" content=\"7 minutter\" \/>\n<script type=\"application\/ld+json\" class=\"yoast-schema-graph\">{\"@context\":\"https:\/\/schema.org\",\"@graph\":[{\"@type\":\"WebPage\",\"@id\":\"https:\/\/acta.no\/vebu\/hvordan-fungerer-en-leir\/\",\"url\":\"https:\/\/acta.no\/vebu\/hvordan-fungerer-en-leir\/\",\"name\":\"Hvordan fungerer en leir i Acta VeBu? - Acta Region VeBu\",\"isPartOf\":{\"@id\":\"https:\/\/acta.no\/vebu\/#website\"},\"primaryImageOfPage\":{\"@id\":\"https:\/\/acta.no\/vebu\/hvordan-fungerer-en-leir\/#primaryimage\"},\"image\":{\"@id\":\"https:\/\/acta.no\/vebu\/hvordan-fungerer-en-leir\/#primaryimage\"},\"thumbnailUrl\":\"https:\/\/www.normisjon.no\/content\/uploads\/sites\/37\/2022\/05\/LQ-SPO19-gruppe-situasjon-20-of-62-scaled.jpg\",\"datePublished\":\"2022-05-31T09:48:34+00:00\",\"dateModified\":\"2026-03-05T14:24:28+00:00\",\"breadcrumb\":{\"@id\":\"https:\/\/acta.no\/vebu\/hvordan-fungerer-en-leir\/#breadcrumb\"},\"inLanguage\":\"nb-NO\",\"potentialAction\":[{\"@type\":\"ReadAction\",\"target\":[\"https:\/\/acta.no\/vebu\/hvordan-fungerer-en-leir\/\"]}]},{\"@type\":\"ImageObject\",\"inLanguage\":\"nb-NO\",\"@id\":\"https:\/\/acta.no\/vebu\/hvordan-fungerer-en-leir\/#primaryimage\",\"url\":\"https:\/\/www.normisjon.no\/content\/uploads\/sites\/37\/2022\/05\/LQ-SPO19-gruppe-situasjon-20-of-62-scaled.jpg\",\"contentUrl\":\"https:\/\/www.normisjon.no\/content\/uploads\/sites\/37\/2022\/05\/LQ-SPO19-gruppe-situasjon-20-of-62-scaled.jpg\",\"width\":2560,\"height\":1706},{\"@type\":\"BreadcrumbList\",\"@id\":\"https:\/\/acta.no\/vebu\/hvordan-fungerer-en-leir\/#breadcrumb\",\"itemListElement\":[{\"@type\":\"ListItem\",\"position\":1,\"name\":\"Til acta.no\",\"item\":\"https:\/\/acta.no\/\"},{\"@type\":\"ListItem\",\"position\":2,\"name\":\"Region VeBu\",\"item\":\"https:\/\/acta.no\/vebu\/\"},{\"@type\":\"ListItem\",\"position\":3,\"name\":\"Hvordan fungerer en leir i Acta VeBu?\"}]},{\"@type\":\"WebSite\",\"@id\":\"https:\/\/acta.no\/vebu\/#website\",\"url\":\"https:\/\/acta.no\/vebu\/\",\"name\":\"Acta Region VeBu\",\"description\":\"VeBu\",\"potentialAction\":[{\"@type\":\"SearchAction\",\"target\":{\"@type\":\"EntryPoint\",\"urlTemplate\":\"https:\/\/acta.no\/vebu\/?s={search_term_string}\"},\"query-input\":{\"@type\":\"PropertyValueSpecification\",\"valueRequired\":true,\"valueName\":\"search_term_string\"}}],\"inLanguage\":\"nb-NO\"}]}<\/script>\n<!-- \/ Yoast SEO plugin. -->","yoast_head_json":{"title":"Hvordan fungerer en leir i Acta VeBu? - Acta Region VeBu","robots":{"index":"index","follow":"follow","max-snippet":"max-snippet:-1","max-image-preview":"max-image-preview:large","max-video-preview":"max-video-preview:-1"},"canonical":"https:\/\/acta.no\/vebu\/hvordan-fungerer-en-leir\/","og_locale":"nb_NO","og_type":"article","og_title":"Hvordan fungerer en leir i Acta VeBu? - Acta Region VeBu","og_description":"Informasjon om Leir i Acta VeBu I Acta VeBu arrangerer vi ulike leirer i l\u00f8pet av \u00e5ret for ulike aldersgrupper og med forskjellige konsepter. Vi \u00f8nsker \u00e5 ha mange leirer for \u00e5 kunne n\u00e5 forskjellige grupper og favne et vidt spekter av interesser. P\u00e5 leir opplever vi at vi klarer \u00e5 danne en arena der [&hellip;]","og_url":"https:\/\/acta.no\/vebu\/hvordan-fungerer-en-leir\/","og_site_name":"Acta Region VeBu","article_modified_time":"2026-03-05T14:24:28+00:00","og_image":[{"width":2560,"height":1706,"url":"https:\/\/www.normisjon.no\/content\/uploads\/sites\/37\/2022\/05\/LQ-SPO19-gruppe-situasjon-20-of-62-scaled.jpg","type":"image\/jpeg"}],"twitter_card":"summary_large_image","twitter_misc":{"Ansl. lesetid":"7 minutter"},"schema":{"@context":"https:\/\/schema.org","@graph":[{"@type":"WebPage","@id":"https:\/\/acta.no\/vebu\/hvordan-fungerer-en-leir\/","url":"https:\/\/acta.no\/vebu\/hvordan-fungerer-en-leir\/","name":"Hvordan fungerer en leir i Acta VeBu? - Acta Region VeBu","isPartOf":{"@id":"https:\/\/acta.no\/vebu\/#website"},"primaryImageOfPage":{"@id":"https:\/\/acta.no\/vebu\/hvordan-fungerer-en-leir\/#primaryimage"},"image":{"@id":"https:\/\/acta.no\/vebu\/hvordan-fungerer-en-leir\/#primaryimage"},"thumbnailUrl":"https:\/\/www.normisjon.no\/content\/uploads\/sites\/37\/2022\/05\/LQ-SPO19-gruppe-situasjon-20-of-62-scaled.jpg","datePublished":"2022-05-31T09:48:34+00:00","dateModified":"2026-03-05T14:24:28+00:00","breadcrumb":{"@id":"https:\/\/acta.no\/vebu\/hvordan-fungerer-en-leir\/#breadcrumb"},"inLanguage":"nb-NO","potentialAction":[{"@type":"ReadAction","target":["https:\/\/acta.no\/vebu\/hvordan-fungerer-en-leir\/"]}]},{"@type":"ImageObject","inLanguage":"nb-NO","@id":"https:\/\/acta.no\/vebu\/hvordan-fungerer-en-leir\/#primaryimage","url":"https:\/\/www.normisjon.no\/content\/uploads\/sites\/37\/2022\/05\/LQ-SPO19-gruppe-situasjon-20-of-62-scaled.jpg","contentUrl":"https:\/\/www.normisjon.no\/content\/uploads\/sites\/37\/2022\/05\/LQ-SPO19-gruppe-situasjon-20-of-62-scaled.jpg","width":2560,"height":1706},{"@type":"BreadcrumbList","@id":"https:\/\/acta.no\/vebu\/hvordan-fungerer-en-leir\/#breadcrumb","itemListElement":[{"@type":"ListItem","position":1,"name":"Til acta.no","item":"https:\/\/acta.no\/"},{"@type":"ListItem","position":2,"name":"Region VeBu","item":"https:\/\/acta.no\/vebu\/"},{"@type":"ListItem","position":3,"name":"Hvordan fungerer en leir i Acta VeBu?"}]},{"@type":"WebSite","@id":"https:\/\/acta.no\/vebu\/#website","url":"https:\/\/acta.no\/vebu\/","name":"Acta Region VeBu","description":"VeBu","potentialAction":[{"@type":"SearchAction","target":{"@type":"EntryPoint","urlTemplate":"https:\/\/acta.no\/vebu\/?s={search_term_string}"},"query-input":{"@type":"PropertyValueSpecification","valueRequired":true,"valueName":"search_term_string"}}],"inLanguage":"nb-NO"}]}},"_links":{"self":[{"href":"https:\/\/acta.no\/vebu\/wp-json\/wp\/v2\/pages\/1718","targetHints":{"allow":["GET"]}}],"collection":[{"href":"https:\/\/acta.no\/vebu\/wp-json\/wp\/v2\/pages"}],"about":[{"href":"https:\/\/acta.no\/vebu\/wp-json\/wp\/v2\/types\/page"}],"author":[{"embeddable":true,"href":"https:\/\/acta.no\/vebu\/wp-json\/wp\/v2\/users\/81"}],"replies":[{"embeddable":true,"href":"https:\/\/acta.no\/vebu\/wp-json\/wp\/v2\/comments?post=1718"}],"version-history":[{"count":8,"href":"https:\/\/acta.no\/vebu\/wp-json\/wp\/v2\/pages\/1718\/revisions"}],"predecessor-version":[{"id":2882,"href":"https:\/\/acta.no\/vebu\/wp-json\/wp\/v2\/pages\/1718\/revisions\/2882"}],"wp:featuredmedia":[{"embeddable":true,"href":"https:\/\/acta.no\/vebu\/wp-json\/wp\/v2\/media\/1688"}],"wp:attachment":[{"href":"https:\/\/acta.no\/vebu\/wp-json\/wp\/v2\/media?parent=1718"}],"curies":[{"name":"wp","href":"https:\/\/api.w.org\/{rel}","templated":true}]}}