{"id":15,"date":"2018-07-19T11:34:37","date_gmt":"2018-07-19T11:34:37","guid":{"rendered":"https:\/\/acta.no\/region-vestfold-buskerud\/?page_id=15"},"modified":"2018-10-17T10:42:30","modified_gmt":"2018-10-17T10:42:30","slug":"om-oss","status":"publish","type":"page","link":"https:\/\/acta.no\/vebu\/om-oss\/","title":{"rendered":"Om oss"},"content":{"rendered":"<div id=\"module-0\" class=\"hogan-module hogan-module-text hogan-module-0\"><div class=\"hogan-module-inner\"><p>Acta er barn- og\u00a0unge i Normisjon og er en av Norges st\u00f8rste barne- og ungdomsorganisasjoner. Acta VeBu best\u00e5r av over 50 lokallag i Vestfold og Buskerud i tillegg til at vi arrangerer flere leirer for hele regionen.<\/p>\n<p>V\u00e5r visjon er &laquo;grensesprengende fellesskap der barn og unge m\u00f8ter, f\u00f8lger og \u00e6rer Jesus Kristus&raquo;.<\/p>\n<p>Vi har et verdidokument som beskriver verdiene som vi i Acta har som grunnlag for v\u00e5rt arbeid. Dette for \u00e5 markere og tydeliggj\u00f8re det felles grunnlaget vi som frivillige ledere, tillitsvalgte og ansatte har for v\u00e5r tjeneste for Gud.<\/p><\/div><\/div><div id=\"module-1\" class=\"hogan-module hogan-module-links hogan-module-1\"><nav class=\"hogan-module-inner\"><ul class=\"hogan-links\">\n\n\t<li class=\"hogan-links-item\">\n\t\t\n\t\t<a href=\"https:\/\/acta.no\/content\/uploads\/sites\/37\/2018\/08\/VERDIDOKUMENTFORNORMISJONOGACTAvedtatt1_12_16.pdf\"\n\t\t\t\t\t\t\t\t\t\t\t\t>\n\t\t\tActas verdidokument\n\t\t\t\n\t\t\t\t\t<\/a>\n\t<\/li>\n\t<\/ul>\n<\/nav><\/div>","protected":false},"excerpt":{"rendered":"<p>Acta er barn- og\u00a0unge i Normisjon og er en av Norges st\u00f8rste barne- og ungdomsorganisasjoner. Acta VeBu best\u00e5r av over 50 lokallag i Vestfold og Buskerud i tillegg til at vi arrangerer flere leirer for hele regionen. V\u00e5r visjon er &laquo;grensesprengende fellesskap der barn og unge m\u00f8ter, f\u00f8lger og \u00e6rer Jesus Kristus&raquo;. Vi har et [&hellip;]<\/p>\n","protected":false},"author":41,"featured_media":0,"parent":0,"menu_order":0,"comment_status":"closed","ping_status":"closed","template":"","meta":{"_acf_changed":false,"footnotes":""},"class_list":["post-15","page","type-page","status-publish","hentry"],"acf":[],"yoast_head":"<!-- This site is optimized with the Yoast SEO plugin v25.9 - https:\/\/yoast.com\/wordpress\/plugins\/seo\/ -->\n<title>Om oss - Acta Region VeBu<\/title>\n<meta name=\"robots\" content=\"index, follow, max-snippet:-1, max-image-preview:large, max-video-preview:-1\" \/>\n<link rel=\"canonical\" href=\"https:\/\/acta.no\/vebu\/om-oss\/\" \/>\n<meta property=\"og:locale\" content=\"nb_NO\" \/>\n<meta property=\"og:type\" content=\"article\" \/>\n<meta property=\"og:title\" content=\"Om oss - Acta Region VeBu\" \/>\n<meta property=\"og:description\" content=\"Acta er barn- og\u00a0unge i Normisjon og er en av Norges st\u00f8rste barne- og ungdomsorganisasjoner. Acta VeBu best\u00e5r av over 50 lokallag i Vestfold og Buskerud i tillegg til at vi arrangerer flere leirer for hele regionen. V\u00e5r visjon er &laquo;grensesprengende fellesskap der barn og unge m\u00f8ter, f\u00f8lger og \u00e6rer Jesus Kristus&raquo;. Vi har et [&hellip;]\" \/>\n<meta property=\"og:url\" content=\"https:\/\/acta.no\/vebu\/om-oss\/\" \/>\n<meta property=\"og:site_name\" content=\"Acta Region VeBu\" \/>\n<meta property=\"article:modified_time\" content=\"2018-10-17T10:42:30+00:00\" \/>\n<meta name=\"twitter:card\" content=\"summary_large_image\" \/>\n<script type=\"application\/ld+json\" class=\"yoast-schema-graph\">{\"@context\":\"https:\/\/schema.org\",\"@graph\":[{\"@type\":\"WebPage\",\"@id\":\"https:\/\/acta.no\/vebu\/om-oss\/\",\"url\":\"https:\/\/acta.no\/vebu\/om-oss\/\",\"name\":\"Om oss - Acta Region VeBu\",\"isPartOf\":{\"@id\":\"https:\/\/acta.no\/vebu\/#website\"},\"datePublished\":\"2018-07-19T11:34:37+00:00\",\"dateModified\":\"2018-10-17T10:42:30+00:00\",\"breadcrumb\":{\"@id\":\"https:\/\/acta.no\/vebu\/om-oss\/#breadcrumb\"},\"inLanguage\":\"nb-NO\",\"potentialAction\":[{\"@type\":\"ReadAction\",\"target\":[\"https:\/\/acta.no\/vebu\/om-oss\/\"]}]},{\"@type\":\"BreadcrumbList\",\"@id\":\"https:\/\/acta.no\/vebu\/om-oss\/#breadcrumb\",\"itemListElement\":[{\"@type\":\"ListItem\",\"position\":1,\"name\":\"Til acta.no\",\"item\":\"https:\/\/acta.no\/\"},{\"@type\":\"ListItem\",\"position\":2,\"name\":\"Region VeBu\",\"item\":\"https:\/\/acta.no\/vebu\/\"},{\"@type\":\"ListItem\",\"position\":3,\"name\":\"Om oss\"}]},{\"@type\":\"WebSite\",\"@id\":\"https:\/\/acta.no\/vebu\/#website\",\"url\":\"https:\/\/acta.no\/vebu\/\",\"name\":\"Acta Region VeBu\",\"description\":\"VeBu\",\"potentialAction\":[{\"@type\":\"SearchAction\",\"target\":{\"@type\":\"EntryPoint\",\"urlTemplate\":\"https:\/\/acta.no\/vebu\/?s={search_term_string}\"},\"query-input\":{\"@type\":\"PropertyValueSpecification\",\"valueRequired\":true,\"valueName\":\"search_term_string\"}}],\"inLanguage\":\"nb-NO\"}]}<\/script>\n<!-- \/ Yoast SEO plugin. -->","yoast_head_json":{"title":"Om oss - Acta Region VeBu","robots":{"index":"index","follow":"follow","max-snippet":"max-snippet:-1","max-image-preview":"max-image-preview:large","max-video-preview":"max-video-preview:-1"},"canonical":"https:\/\/acta.no\/vebu\/om-oss\/","og_locale":"nb_NO","og_type":"article","og_title":"Om oss - Acta Region VeBu","og_description":"Acta er barn- og\u00a0unge i Normisjon og er en av Norges st\u00f8rste barne- og ungdomsorganisasjoner. Acta VeBu best\u00e5r av over 50 lokallag i Vestfold og Buskerud i tillegg til at vi arrangerer flere leirer for hele regionen. V\u00e5r visjon er &laquo;grensesprengende fellesskap der barn og unge m\u00f8ter, f\u00f8lger og \u00e6rer Jesus Kristus&raquo;. Vi har et [&hellip;]","og_url":"https:\/\/acta.no\/vebu\/om-oss\/","og_site_name":"Acta Region VeBu","article_modified_time":"2018-10-17T10:42:30+00:00","twitter_card":"summary_large_image","schema":{"@context":"https:\/\/schema.org","@graph":[{"@type":"WebPage","@id":"https:\/\/acta.no\/vebu\/om-oss\/","url":"https:\/\/acta.no\/vebu\/om-oss\/","name":"Om oss - Acta Region VeBu","isPartOf":{"@id":"https:\/\/acta.no\/vebu\/#website"},"datePublished":"2018-07-19T11:34:37+00:00","dateModified":"2018-10-17T10:42:30+00:00","breadcrumb":{"@id":"https:\/\/acta.no\/vebu\/om-oss\/#breadcrumb"},"inLanguage":"nb-NO","potentialAction":[{"@type":"ReadAction","target":["https:\/\/acta.no\/vebu\/om-oss\/"]}]},{"@type":"BreadcrumbList","@id":"https:\/\/acta.no\/vebu\/om-oss\/#breadcrumb","itemListElement":[{"@type":"ListItem","position":1,"name":"Til acta.no","item":"https:\/\/acta.no\/"},{"@type":"ListItem","position":2,"name":"Region VeBu","item":"https:\/\/acta.no\/vebu\/"},{"@type":"ListItem","position":3,"name":"Om oss"}]},{"@type":"WebSite","@id":"https:\/\/acta.no\/vebu\/#website","url":"https:\/\/acta.no\/vebu\/","name":"Acta Region VeBu","description":"VeBu","potentialAction":[{"@type":"SearchAction","target":{"@type":"EntryPoint","urlTemplate":"https:\/\/acta.no\/vebu\/?s={search_term_string}"},"query-input":{"@type":"PropertyValueSpecification","valueRequired":true,"valueName":"search_term_string"}}],"inLanguage":"nb-NO"}]}},"_links":{"self":[{"href":"https:\/\/acta.no\/vebu\/wp-json\/wp\/v2\/pages\/15","targetHints":{"allow":["GET"]}}],"collection":[{"href":"https:\/\/acta.no\/vebu\/wp-json\/wp\/v2\/pages"}],"about":[{"href":"https:\/\/acta.no\/vebu\/wp-json\/wp\/v2\/types\/page"}],"author":[{"embeddable":true,"href":"https:\/\/acta.no\/vebu\/wp-json\/wp\/v2\/users\/41"}],"replies":[{"embeddable":true,"href":"https:\/\/acta.no\/vebu\/wp-json\/wp\/v2\/comments?post=15"}],"version-history":[{"count":3,"href":"https:\/\/acta.no\/vebu\/wp-json\/wp\/v2\/pages\/15\/revisions"}],"predecessor-version":[{"id":72,"href":"https:\/\/acta.no\/vebu\/wp-json\/wp\/v2\/pages\/15\/revisions\/72"}],"wp:attachment":[{"href":"https:\/\/acta.no\/vebu\/wp-json\/wp\/v2\/media?parent=15"}],"curies":[{"name":"wp","href":"https:\/\/api.w.org\/{rel}","templated":true}]}}