{"id":1403,"date":"2022-03-24T16:18:30","date_gmt":"2022-03-24T16:18:30","guid":{"rendered":"https:\/\/acta.no\/vebu\/?page_id=1403"},"modified":"2026-03-06T11:02:45","modified_gmt":"2026-03-06T11:02:45","slug":"givertjeneste-acta-vebu","status":"publish","type":"page","link":"https:\/\/acta.no\/vebu\/givertjeneste-acta-vebu\/","title":{"rendered":"Givertjeneste Acta VeBu"},"content":{"rendered":"<div class=\"gutenberg-content\">\n<p>Bli med som supporter i Acta VeBu!<\/p>\n\n\n\n<p>\u00c5 v\u00e6re fastgiver til Acta VeBu sitt arbeid er en m\u00e5te \u00e5 v\u00e6re med p\u00e5 \u00e5 \u00e5pne fellesskapet for flere. Leirarbeidet v\u00e5rt handler ikke bare om aktiviteter og opplevelser, men om \u00e5 skape trygge steder der barn og unge kan h\u00f8re om Jesus, oppleve evangeliet i praksis og erfare at de har en plass i Guds rike.<\/p>\n\n\n\n<p>Samtidig vet vi at \u00f8konomi kan v\u00e6re en barriere. Derfor \u00f8nsker vi b\u00e5de \u00e5 invitere nye deltakere gjennom rabatter, og \u00e5 hjelpe familier gjennom leirfondet v\u00e5rt. Slik kan flere f\u00e5 muligheten til \u00e5 oppleve fellesskapet p\u00e5 leir \u2013 ogs\u00e5 de som ellers kanskje ville blitt st\u00e5ende utenfor.<\/p>\n\n\n\n<p>N\u00e5r du blir fastgiver, er du med p\u00e5 \u00e5 motarbeide utenforskap og gj\u00f8re det mulig for flere barn og unge \u00e5 bli en del av et inkluderende kristent fellesskap. Din st\u00f8tte bidrar til at budskapet om Jesus kan deles, og at enda flere kan oppdage at de er \u00f8nsket, sett og elsket \u2013 og at det finnes en plass for dem i Guds rike.<\/p>\n\n\n\n<p>Vi er dypt takknemlige for alle bidrag!<\/p>\n\n\n\n<figure class=\"wp-block-gallery has-nested-images columns-default is-cropped wp-block-gallery-1 is-layout-flex wp-block-gallery-is-layout-flex\">\n<figure class=\"wp-block-image size-large\"><img loading=\"lazy\" decoding=\"async\" width=\"1024\" height=\"319\" data-id=\"2890\" src=\"https:\/\/www.normisjon.no\/content\/uploads\/sites\/37\/2026\/03\/Skibilde-pa-skra-1-1024x319.jpg\" alt=\"\" class=\"wp-image-2890\" srcset=\"https:\/\/www.normisjon.no\/content\/uploads\/sites\/37\/2026\/03\/Skibilde-pa-skra-1-1024x319.jpg 1024w, https:\/\/www.normisjon.no\/content\/uploads\/sites\/37\/2026\/03\/Skibilde-pa-skra-1-300x93.jpg 300w, https:\/\/www.normisjon.no\/content\/uploads\/sites\/37\/2026\/03\/Skibilde-pa-skra-1-768x239.jpg 768w, https:\/\/www.normisjon.no\/content\/uploads\/sites\/37\/2026\/03\/Skibilde-pa-skra-1-1536x478.jpg 1536w, https:\/\/www.normisjon.no\/content\/uploads\/sites\/37\/2026\/03\/Skibilde-pa-skra-1-2048x637.jpg 2048w, https:\/\/www.normisjon.no\/content\/uploads\/sites\/37\/2026\/03\/Skibilde-pa-skra-1-1920x598.jpg 1920w, https:\/\/www.normisjon.no\/content\/uploads\/sites\/37\/2026\/03\/Skibilde-pa-skra-1-1360x423.jpg 1360w, https:\/\/www.normisjon.no\/content\/uploads\/sites\/37\/2026\/03\/Skibilde-pa-skra-1-960x299.jpg 960w\" sizes=\"auto, (max-width: 1024px) 100vw, 1024px\" \/><\/figure>\n<\/figure>\n\n\n\n<p><strong><a href=\"https:\/\/giver.normisjon.no\/gi_actavebu\">Bli med som Acta supporter!<\/a><\/strong><\/p>\n<\/div>","protected":false},"excerpt":{"rendered":"<p>Bli med som supporter i Acta VeBu! \u00c5 v\u00e6re fastgiver til Acta VeBu sitt arbeid er en m\u00e5te \u00e5 v\u00e6re med p\u00e5 \u00e5 \u00e5pne fellesskapet for flere. Leirarbeidet v\u00e5rt handler ikke bare om aktiviteter og opplevelser, men om \u00e5 skape trygge steder der barn og unge kan h\u00f8re om Jesus, oppleve evangeliet i praksis og [&hellip;]<\/p>\n","protected":false},"author":81,"featured_media":1641,"parent":0,"menu_order":0,"comment_status":"closed","ping_status":"closed","template":"","meta":{"_acf_changed":false,"footnotes":""},"class_list":["post-1403","page","type-page","status-publish","has-post-thumbnail","hentry"],"acf":[],"yoast_head":"<!-- This site is optimized with the Yoast SEO plugin v25.9 - https:\/\/yoast.com\/wordpress\/plugins\/seo\/ -->\n<title>Givertjeneste Acta VeBu - Acta Region VeBu<\/title>\n<meta name=\"robots\" content=\"index, follow, max-snippet:-1, max-image-preview:large, max-video-preview:-1\" \/>\n<link rel=\"canonical\" href=\"https:\/\/acta.no\/vebu\/givertjeneste-acta-vebu\/\" \/>\n<meta property=\"og:locale\" content=\"nb_NO\" \/>\n<meta property=\"og:type\" content=\"article\" \/>\n<meta property=\"og:title\" content=\"Givertjeneste Acta VeBu - Acta Region VeBu\" \/>\n<meta property=\"og:description\" content=\"Bli med som supporter i Acta VeBu! \u00c5 v\u00e6re fastgiver til Acta VeBu sitt arbeid er en m\u00e5te \u00e5 v\u00e6re med p\u00e5 \u00e5 \u00e5pne fellesskapet for flere. Leirarbeidet v\u00e5rt handler ikke bare om aktiviteter og opplevelser, men om \u00e5 skape trygge steder der barn og unge kan h\u00f8re om Jesus, oppleve evangeliet i praksis og [&hellip;]\" \/>\n<meta property=\"og:url\" content=\"https:\/\/acta.no\/vebu\/givertjeneste-acta-vebu\/\" \/>\n<meta property=\"og:site_name\" content=\"Acta Region VeBu\" \/>\n<meta property=\"article:modified_time\" content=\"2026-03-06T11:02:45+00:00\" \/>\n<meta property=\"og:image\" content=\"https:\/\/www.normisjon.no\/content\/uploads\/sites\/37\/2022\/05\/LQ-SPO19-color-me-rad-47-of-83-scaled.jpg\" \/>\n\t<meta property=\"og:image:width\" content=\"2560\" \/>\n\t<meta property=\"og:image:height\" content=\"1706\" \/>\n\t<meta property=\"og:image:type\" content=\"image\/jpeg\" \/>\n<meta name=\"twitter:card\" content=\"summary_large_image\" \/>\n<meta name=\"twitter:label1\" content=\"Ansl. lesetid\" \/>\n\t<meta name=\"twitter:data1\" content=\"2 minutter\" \/>\n<script type=\"application\/ld+json\" class=\"yoast-schema-graph\">{\"@context\":\"https:\/\/schema.org\",\"@graph\":[{\"@type\":\"WebPage\",\"@id\":\"https:\/\/acta.no\/vebu\/givertjeneste-acta-vebu\/\",\"url\":\"https:\/\/acta.no\/vebu\/givertjeneste-acta-vebu\/\",\"name\":\"Givertjeneste Acta VeBu - Acta Region VeBu\",\"isPartOf\":{\"@id\":\"https:\/\/acta.no\/vebu\/#website\"},\"primaryImageOfPage\":{\"@id\":\"https:\/\/acta.no\/vebu\/givertjeneste-acta-vebu\/#primaryimage\"},\"image\":{\"@id\":\"https:\/\/acta.no\/vebu\/givertjeneste-acta-vebu\/#primaryimage\"},\"thumbnailUrl\":\"https:\/\/www.normisjon.no\/content\/uploads\/sites\/37\/2022\/05\/LQ-SPO19-color-me-rad-47-of-83-scaled.jpg\",\"datePublished\":\"2022-03-24T16:18:30+00:00\",\"dateModified\":\"2026-03-06T11:02:45+00:00\",\"breadcrumb\":{\"@id\":\"https:\/\/acta.no\/vebu\/givertjeneste-acta-vebu\/#breadcrumb\"},\"inLanguage\":\"nb-NO\",\"potentialAction\":[{\"@type\":\"ReadAction\",\"target\":[\"https:\/\/acta.no\/vebu\/givertjeneste-acta-vebu\/\"]}]},{\"@type\":\"ImageObject\",\"inLanguage\":\"nb-NO\",\"@id\":\"https:\/\/acta.no\/vebu\/givertjeneste-acta-vebu\/#primaryimage\",\"url\":\"https:\/\/www.normisjon.no\/content\/uploads\/sites\/37\/2022\/05\/LQ-SPO19-color-me-rad-47-of-83-scaled.jpg\",\"contentUrl\":\"https:\/\/www.normisjon.no\/content\/uploads\/sites\/37\/2022\/05\/LQ-SPO19-color-me-rad-47-of-83-scaled.jpg\",\"width\":2560,\"height\":1706},{\"@type\":\"BreadcrumbList\",\"@id\":\"https:\/\/acta.no\/vebu\/givertjeneste-acta-vebu\/#breadcrumb\",\"itemListElement\":[{\"@type\":\"ListItem\",\"position\":1,\"name\":\"Til acta.no\",\"item\":\"https:\/\/acta.no\/\"},{\"@type\":\"ListItem\",\"position\":2,\"name\":\"Region VeBu\",\"item\":\"https:\/\/acta.no\/vebu\/\"},{\"@type\":\"ListItem\",\"position\":3,\"name\":\"Givertjeneste Acta VeBu\"}]},{\"@type\":\"WebSite\",\"@id\":\"https:\/\/acta.no\/vebu\/#website\",\"url\":\"https:\/\/acta.no\/vebu\/\",\"name\":\"Acta Region VeBu\",\"description\":\"VeBu\",\"potentialAction\":[{\"@type\":\"SearchAction\",\"target\":{\"@type\":\"EntryPoint\",\"urlTemplate\":\"https:\/\/acta.no\/vebu\/?s={search_term_string}\"},\"query-input\":{\"@type\":\"PropertyValueSpecification\",\"valueRequired\":true,\"valueName\":\"search_term_string\"}}],\"inLanguage\":\"nb-NO\"}]}<\/script>\n<!-- \/ Yoast SEO plugin. -->","yoast_head_json":{"title":"Givertjeneste Acta VeBu - Acta Region VeBu","robots":{"index":"index","follow":"follow","max-snippet":"max-snippet:-1","max-image-preview":"max-image-preview:large","max-video-preview":"max-video-preview:-1"},"canonical":"https:\/\/acta.no\/vebu\/givertjeneste-acta-vebu\/","og_locale":"nb_NO","og_type":"article","og_title":"Givertjeneste Acta VeBu - Acta Region VeBu","og_description":"Bli med som supporter i Acta VeBu! \u00c5 v\u00e6re fastgiver til Acta VeBu sitt arbeid er en m\u00e5te \u00e5 v\u00e6re med p\u00e5 \u00e5 \u00e5pne fellesskapet for flere. Leirarbeidet v\u00e5rt handler ikke bare om aktiviteter og opplevelser, men om \u00e5 skape trygge steder der barn og unge kan h\u00f8re om Jesus, oppleve evangeliet i praksis og [&hellip;]","og_url":"https:\/\/acta.no\/vebu\/givertjeneste-acta-vebu\/","og_site_name":"Acta Region VeBu","article_modified_time":"2026-03-06T11:02:45+00:00","og_image":[{"width":2560,"height":1706,"url":"https:\/\/www.normisjon.no\/content\/uploads\/sites\/37\/2022\/05\/LQ-SPO19-color-me-rad-47-of-83-scaled.jpg","type":"image\/jpeg"}],"twitter_card":"summary_large_image","twitter_misc":{"Ansl. lesetid":"2 minutter"},"schema":{"@context":"https:\/\/schema.org","@graph":[{"@type":"WebPage","@id":"https:\/\/acta.no\/vebu\/givertjeneste-acta-vebu\/","url":"https:\/\/acta.no\/vebu\/givertjeneste-acta-vebu\/","name":"Givertjeneste Acta VeBu - Acta Region VeBu","isPartOf":{"@id":"https:\/\/acta.no\/vebu\/#website"},"primaryImageOfPage":{"@id":"https:\/\/acta.no\/vebu\/givertjeneste-acta-vebu\/#primaryimage"},"image":{"@id":"https:\/\/acta.no\/vebu\/givertjeneste-acta-vebu\/#primaryimage"},"thumbnailUrl":"https:\/\/www.normisjon.no\/content\/uploads\/sites\/37\/2022\/05\/LQ-SPO19-color-me-rad-47-of-83-scaled.jpg","datePublished":"2022-03-24T16:18:30+00:00","dateModified":"2026-03-06T11:02:45+00:00","breadcrumb":{"@id":"https:\/\/acta.no\/vebu\/givertjeneste-acta-vebu\/#breadcrumb"},"inLanguage":"nb-NO","potentialAction":[{"@type":"ReadAction","target":["https:\/\/acta.no\/vebu\/givertjeneste-acta-vebu\/"]}]},{"@type":"ImageObject","inLanguage":"nb-NO","@id":"https:\/\/acta.no\/vebu\/givertjeneste-acta-vebu\/#primaryimage","url":"https:\/\/www.normisjon.no\/content\/uploads\/sites\/37\/2022\/05\/LQ-SPO19-color-me-rad-47-of-83-scaled.jpg","contentUrl":"https:\/\/www.normisjon.no\/content\/uploads\/sites\/37\/2022\/05\/LQ-SPO19-color-me-rad-47-of-83-scaled.jpg","width":2560,"height":1706},{"@type":"BreadcrumbList","@id":"https:\/\/acta.no\/vebu\/givertjeneste-acta-vebu\/#breadcrumb","itemListElement":[{"@type":"ListItem","position":1,"name":"Til acta.no","item":"https:\/\/acta.no\/"},{"@type":"ListItem","position":2,"name":"Region VeBu","item":"https:\/\/acta.no\/vebu\/"},{"@type":"ListItem","position":3,"name":"Givertjeneste Acta VeBu"}]},{"@type":"WebSite","@id":"https:\/\/acta.no\/vebu\/#website","url":"https:\/\/acta.no\/vebu\/","name":"Acta Region VeBu","description":"VeBu","potentialAction":[{"@type":"SearchAction","target":{"@type":"EntryPoint","urlTemplate":"https:\/\/acta.no\/vebu\/?s={search_term_string}"},"query-input":{"@type":"PropertyValueSpecification","valueRequired":true,"valueName":"search_term_string"}}],"inLanguage":"nb-NO"}]}},"_links":{"self":[{"href":"https:\/\/acta.no\/vebu\/wp-json\/wp\/v2\/pages\/1403","targetHints":{"allow":["GET"]}}],"collection":[{"href":"https:\/\/acta.no\/vebu\/wp-json\/wp\/v2\/pages"}],"about":[{"href":"https:\/\/acta.no\/vebu\/wp-json\/wp\/v2\/types\/page"}],"author":[{"embeddable":true,"href":"https:\/\/acta.no\/vebu\/wp-json\/wp\/v2\/users\/81"}],"replies":[{"embeddable":true,"href":"https:\/\/acta.no\/vebu\/wp-json\/wp\/v2\/comments?post=1403"}],"version-history":[{"count":9,"href":"https:\/\/acta.no\/vebu\/wp-json\/wp\/v2\/pages\/1403\/revisions"}],"predecessor-version":[{"id":2893,"href":"https:\/\/acta.no\/vebu\/wp-json\/wp\/v2\/pages\/1403\/revisions\/2893"}],"wp:featuredmedia":[{"embeddable":true,"href":"https:\/\/acta.no\/vebu\/wp-json\/wp\/v2\/media\/1641"}],"wp:attachment":[{"href":"https:\/\/acta.no\/vebu\/wp-json\/wp\/v2\/media?parent=1403"}],"curies":[{"name":"wp","href":"https:\/\/api.w.org\/{rel}","templated":true}]}}