{"id":1152,"date":"2021-06-02T09:47:34","date_gmt":"2021-06-02T09:47:34","guid":{"rendered":"http:\/\/acta.no\/vebu\/?page_id=1152"},"modified":"2021-09-10T13:57:31","modified_gmt":"2021-09-10T13:57:31","slug":"liftoff","status":"publish","type":"page","link":"https:\/\/acta.no\/vebu\/liftoff\/","title":{"rendered":"LIFToff"},"content":{"rendered":"<div id=\"module-0\" class=\"hogan-module hogan-module-image hogan-module-0 hogan-image-size-full-image\"><div class=\"hogan-module-inner\"><figure class=\"wp-caption size-full-image\"><img loading=\"lazy\" decoding=\"async\" width=\"311\" height=\"147\" src=\"https:\/\/www.normisjon.no\/content\/uploads\/sites\/37\/2021\/05\/LIFToff-e1622627483469.png\" class=\"attachment-full-image size-full-image\" alt=\"\" \/><figcaption class=\"hogan-caption wp-caption-text\">LIFToff arrangeres som en kickoff for\nledertreningsprogrammet v\u00e5rt. Denne \u201cfestivalen\u201d g\u00e5r av stabelen i Drammen 17-19 september!\n<\/figcaption><\/figure><\/div><\/div><div id=\"module-1\" class=\"hogan-module hogan-module-image hogan-module-1 hogan-image-size-large\"><div class=\"hogan-module-inner\"><figure class=\"wp-caption size-large\"><img loading=\"lazy\" decoding=\"async\" width=\"491\" height=\"633\" src=\"https:\/\/www.normisjon.no\/content\/uploads\/sites\/37\/2021\/09\/Program-LIFToff.png\" class=\"attachment-large size-large\" alt=\"\" srcset=\"https:\/\/www.normisjon.no\/content\/uploads\/sites\/37\/2021\/09\/Program-LIFToff.png 491w, https:\/\/www.normisjon.no\/content\/uploads\/sites\/37\/2021\/09\/Program-LIFToff-233x300.png 233w\" sizes=\"auto, (max-width: 491px) 100vw, 491px\" \/><\/figure><\/div><\/div><div id=\"module-2\" class=\"hogan-module hogan-module-text hogan-module-2\"><div class=\"hogan-module-inner\"><p>Link til p\u00e5melding LIFToff finnes <a href=\"https:\/\/acta.profundo.no\/minside\/arrangement\/10421206\">HER<\/a><\/p>\n<p>&nbsp;<\/p>\n<p>I Acta VeBu er vi opptatt av barn og unge skal f\u00e5 bli kjent med Jesus! Som ledd i dette \u00f8nsker vi \u00e5 tilby ledertrening for ungdommene v\u00e5re slik at de kan utrustes som individ i tro og liv. Dette vil vi gj\u00f8re i form av LIFT som starter opp i oktober i h\u00f8st. Mer info om LIFT finnes <a href=\"https:\/\/acta.no\/vebu\/lift-acta-vebu-nytt-ledertreningsprogram\/\">HER<\/a><\/p>\n<p>Dette ledertreningskurset omfatter hele regionen og vi vil gjerne sparke det i gang i form av en kickoff med dunder og brak!<\/p>\n<p>Lederkurset er LIFT og dette er en kickoff&#8230;<\/p>\n<p>Vi er stolte over \u00e5 endelig kunne lansere LIFToff!<\/p>\n<p>LIFToff\u00a0g\u00e5r av stabelen i Drammen 17-19 september.<\/p>\n<p>Helgen vil best\u00e5 av undervisning, m\u00f8ter, aktiviteter og sosialt! Det vil bli spennende taler, musikk, tid til mingling og nye bekjentskap, samt ulike innslag fra scenen. Vi vil overnatte p\u00e5 Scandic hotel og spise god hotelfrokost. Deretter g\u00e5r turen opp til Norkirken Drammen hvor vi samles til fellesskap og input. L\u00f8rdagen blir det en tur i Drammensbadet og p\u00e5 kvelden henger vi p\u00e5 BlockParty i gjenbruksbutikken til Normisjon i Drammen sentrum.<\/p>\n<p>P\u00e5 blockparty vil vi f\u00e5 innslag fra G\u00e5 Ut Senteret, med historier fra Story og media linja. Vi vil oppleve dansere fra Curio Crew og vi vil f\u00e5 en minikonsert med GinoBless fra G`bless records.<\/p>\n<p>Det blir en variert og spennende weekend for ungdom, i form av festival eller konferanse om du vil!<\/p>\n<p>Man trenger ikke \u00e5 bli med p\u00e5 LIFT for \u00e5 v\u00e6re med p\u00e5<br \/>\nLIFToff.<\/p>\n<p>Det vil v\u00e6re flere voksen ledere som er sammen med ungdommene og som s\u00f8rger for \u00e5 f\u00f8lge disse mellom hotellet, Norkirken og BlockPartyet i l\u00f8pet av helgen.<\/p>\n<p>Oppm\u00f8te: <strong>Lobbyen til Scandic Hotel i Drammen, fredag kl. 17 med innsjekk p\u00e5 hotellet.<\/strong> Her vil dere bli \u00f8nsket velkommen av komiteen i LIFToff og g\u00e5 sammen fra hotellet opp til Norkirken etter innsjekk.<\/p>\n<p>Avslutning\/henting: <strong>S\u00f8ndag kl. 13 i Norkirken Drammen.\u00a0<\/strong>\u00a0Vi har sjekket ut av hotellet og tatt med bagasjen til Norkirken.<\/p>\n<p>&nbsp;<\/p>\n<p>P\u00e5melding til LIFToff kan gj\u00f8res p\u00e5 acta.no\/vebu\/liftoff<br \/>\nog koster 1250,-<br \/>\nDersom man melder seg inn i leirklubben til Acta VeBu (koster 100,-) f\u00e5r man 300,- i avslag denne<br \/>\nhelgen.<br \/>\nVi anbefaler derfor leirklubben. I tillegg vil Acta f\u00e5 \u00f8konomisk st\u00f8tte for hvert medlem vi har i leirklubben.<\/p>\n<p>Link til p\u00e5melding LIFToff finnes <a href=\"https:\/\/acta.profundo.no\/minside\/arrangement\/10421206\">HER<\/a><\/p>\n<p>Vi sees p\u00e5 LIFToff!<\/p><\/div><\/div>","protected":false},"excerpt":{"rendered":"<p>LIFToff arrangeres som en kickoff for ledertreningsprogrammet v\u00e5rt. Denne \u201cfestivalen\u201d g\u00e5r av stabelen i Drammen 17-19 september! Link til p\u00e5melding LIFToff finnes HER &nbsp; I Acta VeBu er vi opptatt av barn og unge skal f\u00e5 bli kjent med Jesus! Som ledd i dette \u00f8nsker vi \u00e5 tilby ledertrening for ungdommene v\u00e5re slik at de [&hellip;]<\/p>\n","protected":false},"author":81,"featured_media":1153,"parent":0,"menu_order":0,"comment_status":"closed","ping_status":"closed","template":"","meta":{"_acf_changed":false,"footnotes":""},"class_list":["post-1152","page","type-page","status-publish","has-post-thumbnail","hentry"],"acf":[],"yoast_head":"<!-- This site is optimized with the Yoast SEO plugin v25.9 - https:\/\/yoast.com\/wordpress\/plugins\/seo\/ -->\n<title>LIFToff - Acta Region VeBu<\/title>\n<meta name=\"robots\" content=\"index, follow, max-snippet:-1, max-image-preview:large, max-video-preview:-1\" \/>\n<link rel=\"canonical\" href=\"https:\/\/acta.no\/vebu\/liftoff\/\" \/>\n<meta property=\"og:locale\" content=\"nb_NO\" \/>\n<meta property=\"og:type\" content=\"article\" \/>\n<meta property=\"og:title\" content=\"LIFToff - Acta Region VeBu\" \/>\n<meta property=\"og:description\" content=\"LIFToff arrangeres som en kickoff for ledertreningsprogrammet v\u00e5rt. Denne \u201cfestivalen\u201d g\u00e5r av stabelen i Drammen 17-19 september! Link til p\u00e5melding LIFToff finnes HER &nbsp; I Acta VeBu er vi opptatt av barn og unge skal f\u00e5 bli kjent med Jesus! Som ledd i dette \u00f8nsker vi \u00e5 tilby ledertrening for ungdommene v\u00e5re slik at de [&hellip;]\" \/>\n<meta property=\"og:url\" content=\"https:\/\/acta.no\/vebu\/liftoff\/\" \/>\n<meta property=\"og:site_name\" content=\"Acta Region VeBu\" \/>\n<meta property=\"article:modified_time\" content=\"2021-09-10T13:57:31+00:00\" \/>\n<meta property=\"og:image\" content=\"https:\/\/www.normisjon.no\/content\/uploads\/sites\/37\/2021\/05\/LIFToff-e1622627483469.png\" \/>\n\t<meta property=\"og:image:width\" content=\"311\" \/>\n\t<meta property=\"og:image:height\" content=\"147\" \/>\n\t<meta property=\"og:image:type\" content=\"image\/png\" \/>\n<meta name=\"twitter:card\" content=\"summary_large_image\" \/>\n<script type=\"application\/ld+json\" class=\"yoast-schema-graph\">{\"@context\":\"https:\/\/schema.org\",\"@graph\":[{\"@type\":\"WebPage\",\"@id\":\"https:\/\/acta.no\/vebu\/liftoff\/\",\"url\":\"https:\/\/acta.no\/vebu\/liftoff\/\",\"name\":\"LIFToff - Acta Region VeBu\",\"isPartOf\":{\"@id\":\"https:\/\/acta.no\/vebu\/#website\"},\"primaryImageOfPage\":{\"@id\":\"https:\/\/acta.no\/vebu\/liftoff\/#primaryimage\"},\"image\":{\"@id\":\"https:\/\/acta.no\/vebu\/liftoff\/#primaryimage\"},\"thumbnailUrl\":\"https:\/\/www.normisjon.no\/content\/uploads\/sites\/37\/2021\/05\/LIFToff-e1622627483469.png\",\"datePublished\":\"2021-06-02T09:47:34+00:00\",\"dateModified\":\"2021-09-10T13:57:31+00:00\",\"breadcrumb\":{\"@id\":\"https:\/\/acta.no\/vebu\/liftoff\/#breadcrumb\"},\"inLanguage\":\"nb-NO\",\"potentialAction\":[{\"@type\":\"ReadAction\",\"target\":[\"https:\/\/acta.no\/vebu\/liftoff\/\"]}]},{\"@type\":\"ImageObject\",\"inLanguage\":\"nb-NO\",\"@id\":\"https:\/\/acta.no\/vebu\/liftoff\/#primaryimage\",\"url\":\"https:\/\/www.normisjon.no\/content\/uploads\/sites\/37\/2021\/05\/LIFToff-e1622627483469.png\",\"contentUrl\":\"https:\/\/www.normisjon.no\/content\/uploads\/sites\/37\/2021\/05\/LIFToff-e1622627483469.png\",\"width\":311,\"height\":147},{\"@type\":\"BreadcrumbList\",\"@id\":\"https:\/\/acta.no\/vebu\/liftoff\/#breadcrumb\",\"itemListElement\":[{\"@type\":\"ListItem\",\"position\":1,\"name\":\"Til acta.no\",\"item\":\"https:\/\/acta.no\/\"},{\"@type\":\"ListItem\",\"position\":2,\"name\":\"Region VeBu\",\"item\":\"https:\/\/acta.no\/vebu\/\"},{\"@type\":\"ListItem\",\"position\":3,\"name\":\"LIFToff\"}]},{\"@type\":\"WebSite\",\"@id\":\"https:\/\/acta.no\/vebu\/#website\",\"url\":\"https:\/\/acta.no\/vebu\/\",\"name\":\"Acta Region VeBu\",\"description\":\"VeBu\",\"potentialAction\":[{\"@type\":\"SearchAction\",\"target\":{\"@type\":\"EntryPoint\",\"urlTemplate\":\"https:\/\/acta.no\/vebu\/?s={search_term_string}\"},\"query-input\":{\"@type\":\"PropertyValueSpecification\",\"valueRequired\":true,\"valueName\":\"search_term_string\"}}],\"inLanguage\":\"nb-NO\"}]}<\/script>\n<!-- \/ Yoast SEO plugin. -->","yoast_head_json":{"title":"LIFToff - Acta Region VeBu","robots":{"index":"index","follow":"follow","max-snippet":"max-snippet:-1","max-image-preview":"max-image-preview:large","max-video-preview":"max-video-preview:-1"},"canonical":"https:\/\/acta.no\/vebu\/liftoff\/","og_locale":"nb_NO","og_type":"article","og_title":"LIFToff - Acta Region VeBu","og_description":"LIFToff arrangeres som en kickoff for ledertreningsprogrammet v\u00e5rt. Denne \u201cfestivalen\u201d g\u00e5r av stabelen i Drammen 17-19 september! Link til p\u00e5melding LIFToff finnes HER &nbsp; I Acta VeBu er vi opptatt av barn og unge skal f\u00e5 bli kjent med Jesus! Som ledd i dette \u00f8nsker vi \u00e5 tilby ledertrening for ungdommene v\u00e5re slik at de [&hellip;]","og_url":"https:\/\/acta.no\/vebu\/liftoff\/","og_site_name":"Acta Region VeBu","article_modified_time":"2021-09-10T13:57:31+00:00","og_image":[{"width":311,"height":147,"url":"https:\/\/www.normisjon.no\/content\/uploads\/sites\/37\/2021\/05\/LIFToff-e1622627483469.png","type":"image\/png"}],"twitter_card":"summary_large_image","schema":{"@context":"https:\/\/schema.org","@graph":[{"@type":"WebPage","@id":"https:\/\/acta.no\/vebu\/liftoff\/","url":"https:\/\/acta.no\/vebu\/liftoff\/","name":"LIFToff - Acta Region VeBu","isPartOf":{"@id":"https:\/\/acta.no\/vebu\/#website"},"primaryImageOfPage":{"@id":"https:\/\/acta.no\/vebu\/liftoff\/#primaryimage"},"image":{"@id":"https:\/\/acta.no\/vebu\/liftoff\/#primaryimage"},"thumbnailUrl":"https:\/\/www.normisjon.no\/content\/uploads\/sites\/37\/2021\/05\/LIFToff-e1622627483469.png","datePublished":"2021-06-02T09:47:34+00:00","dateModified":"2021-09-10T13:57:31+00:00","breadcrumb":{"@id":"https:\/\/acta.no\/vebu\/liftoff\/#breadcrumb"},"inLanguage":"nb-NO","potentialAction":[{"@type":"ReadAction","target":["https:\/\/acta.no\/vebu\/liftoff\/"]}]},{"@type":"ImageObject","inLanguage":"nb-NO","@id":"https:\/\/acta.no\/vebu\/liftoff\/#primaryimage","url":"https:\/\/www.normisjon.no\/content\/uploads\/sites\/37\/2021\/05\/LIFToff-e1622627483469.png","contentUrl":"https:\/\/www.normisjon.no\/content\/uploads\/sites\/37\/2021\/05\/LIFToff-e1622627483469.png","width":311,"height":147},{"@type":"BreadcrumbList","@id":"https:\/\/acta.no\/vebu\/liftoff\/#breadcrumb","itemListElement":[{"@type":"ListItem","position":1,"name":"Til acta.no","item":"https:\/\/acta.no\/"},{"@type":"ListItem","position":2,"name":"Region VeBu","item":"https:\/\/acta.no\/vebu\/"},{"@type":"ListItem","position":3,"name":"LIFToff"}]},{"@type":"WebSite","@id":"https:\/\/acta.no\/vebu\/#website","url":"https:\/\/acta.no\/vebu\/","name":"Acta Region VeBu","description":"VeBu","potentialAction":[{"@type":"SearchAction","target":{"@type":"EntryPoint","urlTemplate":"https:\/\/acta.no\/vebu\/?s={search_term_string}"},"query-input":{"@type":"PropertyValueSpecification","valueRequired":true,"valueName":"search_term_string"}}],"inLanguage":"nb-NO"}]}},"_links":{"self":[{"href":"https:\/\/acta.no\/vebu\/wp-json\/wp\/v2\/pages\/1152","targetHints":{"allow":["GET"]}}],"collection":[{"href":"https:\/\/acta.no\/vebu\/wp-json\/wp\/v2\/pages"}],"about":[{"href":"https:\/\/acta.no\/vebu\/wp-json\/wp\/v2\/types\/page"}],"author":[{"embeddable":true,"href":"https:\/\/acta.no\/vebu\/wp-json\/wp\/v2\/users\/81"}],"replies":[{"embeddable":true,"href":"https:\/\/acta.no\/vebu\/wp-json\/wp\/v2\/comments?post=1152"}],"version-history":[{"count":3,"href":"https:\/\/acta.no\/vebu\/wp-json\/wp\/v2\/pages\/1152\/revisions"}],"predecessor-version":[{"id":1236,"href":"https:\/\/acta.no\/vebu\/wp-json\/wp\/v2\/pages\/1152\/revisions\/1236"}],"wp:featuredmedia":[{"embeddable":true,"href":"https:\/\/acta.no\/vebu\/wp-json\/wp\/v2\/media\/1153"}],"wp:attachment":[{"href":"https:\/\/acta.no\/vebu\/wp-json\/wp\/v2\/media?parent=1152"}],"curies":[{"name":"wp","href":"https:\/\/api.w.org\/{rel}","templated":true}]}}