{"id":722,"date":"2022-11-18T14:47:52","date_gmt":"2022-11-18T14:47:52","guid":{"rendered":"https:\/\/acta.no\/trondelag\/?page_id=722"},"modified":"2026-03-23T11:04:18","modified_gmt":"2026-03-23T11:04:18","slug":"noahs-ark-2023","status":"publish","type":"page","link":"https:\/\/acta.no\/trondelag\/noahs-ark-2023\/","title":{"rendered":"Noahs Ark 9. &#8211; 10. mai"},"content":{"rendered":"<div class=\"gutenberg-content\">\n<figure class=\"wp-block-image size-large\"><img decoding=\"async\" src=\"https:\/\/www.normisjon.no\/content\/uploads\/sites\/36\/2026\/03\/Noahs-Ark-2026-1024x1024.jpg\" alt=\"\" class=\"wp-image-1705\"\/><\/figure>\n\n\n\n<p><strong>Er du klar for Noahs ark 2026?&nbsp;<\/strong><br><strong>F\u00e5 med deg v\u00e5rens vakreste g\u00e5rdsopplevelse p\u00e5 Noahs Ark leir!&nbsp;<\/strong><\/p>\n\n\n\n<p><strong>Dato:<\/strong> 9. &#8211; 10. mai 2026<br><strong>Sted: <\/strong>\u00d8ya Vgs, Kv\u00e5l<br><strong>Hvem: <\/strong>2.-4. trinn<br><strong>Pris: <\/strong>850 kroner (750 kroner for medlemmer i Leirklubben)<br><strong>P\u00e5melding: <a href=\"https:\/\/event.checkin.no\/195636\/noahs-ark-2026\">MELD DEG P\u00c5 HER<\/a><\/strong><\/p>\n\n\n\n<p>V\u00e5rens vakreste eventyr kan oppleves i starten av mai p\u00e5 \u00d8ya videreg\u00e5ende skole. Her har vi masse spennende og artige dyr vi skal f\u00e5 m\u00f8te. Blant dem ogs\u00e5 nydelige sm\u00e5 lam. Er vi heldige f\u00e5r vi kanskje se et helt nyf\u00f8dt lam ogs\u00e5?! Ellers skal vi ogs\u00e5 f\u00e5 pr\u00f8ve \u00e5 kj\u00f8re traktor og ri p\u00e5 hest. Vi skal ogs\u00e5 f\u00e5 bli bedre kjent med Jesus og Gud, skaperen av alle disse fantastiske dyra!<\/p>\n\n\n\n<p>Leiren er for deg som g\u00e5r i 2.-4. trinn og med ett d\u00f8gns overnatting er dette kanskje en fin m\u00e5te \u00e5 bli introdusert til leirlivet og pr\u00f8ve \u00e5 sove hjemmefra en natt.<\/p>\n\n\n\n<p><strong>Litt praktisk info: <\/strong>Vi starter l\u00f8rdag 9. mai kl. 10.00. Avslutningsm\u00f8te hvor foreldre og s\u00f8sken er invitert, starter s\u00f8ndag 10. mai kl. 12.30, og varer ca 30 min. Vi skal v\u00e6re p\u00e5 \u00d8ya Videreg\u00e5ende skole, Kv\u00e5l \u2013 ca 30 km s\u00f8r for Trondheim sentrum<\/p>\n\n\n\n<p><strong>Leirklubben.&nbsp;<\/strong>Som medlem i leirklubben f\u00e5r du 100,- rabatt p\u00e5 alle leirene til Acta Tr\u00f8ndelag. Medlemskapet gjelder per kalender\u00e5r og du kan melde deg inn n\u00e5r du melder deg p\u00e5 leir. Da vil du automatisk f\u00e5 rabatt.<\/p>\n\n\n\n<p>Leirklubben f\u00e5r \u00f8konomisk st\u00f8tte fra Frifond basert p\u00e5 antall medlemmer, s\u00e5 jo flere medlemmer vi har jo mer st\u00f8tte f\u00e5r vi. St\u00f8tten bruker vi p\u00e5 \u00e5 styrke arbeidet v\u00e5rt i Tr\u00f8ndelag.<\/p>\n\n\n\n<p><strong>Pris:<\/strong>Leiren koster 800 kr. Da er overnatting, aktiviteter og all maten inkludert. Ca 14 dager f\u00f8r leiren f\u00e5r du et leirbrev med mer info om leiren.&nbsp;<\/p>\n\n\n\n<p><strong>Leirst\u00f8tte:&nbsp;<\/strong>Vi \u00f8nsker ikke at \u00f8konomi skal v\u00e6re en hindring for \u00e5 sende barn p\u00e5 leir! Dersom dette gjelder deg, \u00f8nsker vi \u00e5 hjelpe til. Send da en mail til&nbsp;<a href=\"mailto:eivind.risholm@normisjon.np\">iren.gilde@normisjon.no<\/a>&nbsp;s\u00e5 vil vi kunne finne en god l\u00f8sning.<\/p>\n\n\n\n<p>Ved sp\u00f8rsm\u00e5l ang leiren ta kontakt med barne- og familiekonsulent i Acta Tr\u00f8ndelag: Kristine Hjellen,&nbsp;<a href=\"mailto:kristine.hjellen@normisjon.no\">kristine.hjellen@normisjon.no<\/a><\/p>\n\n\n\n<p>Vi gleder oss til leir og h\u00e5per p\u00e5 \u00e5 m\u00f8te deg der!<\/p>\n\n\n\n<figure class=\"wp-block-image size-large\"><img loading=\"lazy\" decoding=\"async\" width=\"1024\" height=\"1024\" src=\"https:\/\/www.normisjon.no\/content\/uploads\/sites\/36\/2026\/03\/Noahs-Ark-2026-1-1024x1024.jpg\" alt=\"\" class=\"wp-image-1704\" srcset=\"https:\/\/www.normisjon.no\/content\/uploads\/sites\/36\/2026\/03\/Noahs-Ark-2026-1-1024x1024.jpg 1024w, https:\/\/www.normisjon.no\/content\/uploads\/sites\/36\/2026\/03\/Noahs-Ark-2026-1-300x300.jpg 300w, https:\/\/www.normisjon.no\/content\/uploads\/sites\/36\/2026\/03\/Noahs-Ark-2026-1-150x150.jpg 150w, https:\/\/www.normisjon.no\/content\/uploads\/sites\/36\/2026\/03\/Noahs-Ark-2026-1-768x768.jpg 768w, https:\/\/www.normisjon.no\/content\/uploads\/sites\/36\/2026\/03\/Noahs-Ark-2026-1-960x960.jpg 960w, https:\/\/www.normisjon.no\/content\/uploads\/sites\/36\/2026\/03\/Noahs-Ark-2026-1.jpg 1080w\" sizes=\"auto, (max-width: 1024px) 100vw, 1024px\" \/><\/figure>\n<\/div><div id=\"module-0\" class=\"hogan-module hogan-module-text hogan-module-0\"><div class=\"hogan-module-inner\"><p>.<\/p><\/div><\/div>","protected":false},"excerpt":{"rendered":"<p>Er du klar for Noahs ark 2026?&nbsp;F\u00e5 med deg v\u00e5rens vakreste g\u00e5rdsopplevelse p\u00e5 Noahs Ark leir!&nbsp; Dato: 9. &#8211; 10. mai 2026Sted: \u00d8ya Vgs, Kv\u00e5lHvem: 2.-4. trinnPris: 850 kroner (750 kroner for medlemmer i Leirklubben)P\u00e5melding: MELD DEG P\u00c5 HER V\u00e5rens vakreste eventyr kan oppleves i starten av mai p\u00e5 \u00d8ya videreg\u00e5ende skole. Her har vi [&hellip;]<\/p>\n","protected":false},"author":110,"featured_media":1705,"parent":0,"menu_order":0,"comment_status":"closed","ping_status":"closed","template":"","meta":{"_acf_changed":false,"footnotes":""},"class_list":["post-722","page","type-page","status-publish","has-post-thumbnail","hentry"],"acf":[],"yoast_head":"<!-- This site is optimized with the Yoast SEO plugin v25.9 - https:\/\/yoast.com\/wordpress\/plugins\/seo\/ -->\n<title>Noahs Ark 9. - 10. mai - Acta Region Tr\u00f8ndelag<\/title>\n<meta name=\"robots\" content=\"index, follow, max-snippet:-1, max-image-preview:large, max-video-preview:-1\" \/>\n<link rel=\"canonical\" href=\"https:\/\/acta.no\/trondelag\/noahs-ark-2023\/\" \/>\n<meta property=\"og:locale\" content=\"nb_NO\" \/>\n<meta property=\"og:type\" content=\"article\" \/>\n<meta property=\"og:title\" content=\"Noahs Ark 9. - 10. mai - Acta Region Tr\u00f8ndelag\" \/>\n<meta property=\"og:description\" content=\"Er du klar for Noahs ark 2026?&nbsp;F\u00e5 med deg v\u00e5rens vakreste g\u00e5rdsopplevelse p\u00e5 Noahs Ark leir!&nbsp; Dato: 9. &#8211; 10. mai 2026Sted: \u00d8ya Vgs, Kv\u00e5lHvem: 2.-4. trinnPris: 850 kroner (750 kroner for medlemmer i Leirklubben)P\u00e5melding: MELD DEG P\u00c5 HER V\u00e5rens vakreste eventyr kan oppleves i starten av mai p\u00e5 \u00d8ya videreg\u00e5ende skole. Her har vi [&hellip;]\" \/>\n<meta property=\"og:url\" content=\"https:\/\/acta.no\/trondelag\/noahs-ark-2023\/\" \/>\n<meta property=\"og:site_name\" content=\"Acta Region Tr\u00f8ndelag\" \/>\n<meta property=\"article:modified_time\" content=\"2026-03-23T11:04:18+00:00\" \/>\n<meta property=\"og:image\" content=\"https:\/\/www.normisjon.no\/content\/uploads\/sites\/36\/2026\/03\/Noahs-Ark-2026-e1772626140633.jpg\" \/>\n\t<meta property=\"og:image:width\" content=\"1080\" \/>\n\t<meta property=\"og:image:height\" content=\"857\" \/>\n\t<meta property=\"og:image:type\" content=\"image\/jpeg\" \/>\n<meta name=\"twitter:card\" content=\"summary_large_image\" \/>\n<meta name=\"twitter:label1\" content=\"Ansl. lesetid\" \/>\n\t<meta name=\"twitter:data1\" content=\"3 minutter\" \/>\n<script type=\"application\/ld+json\" class=\"yoast-schema-graph\">{\"@context\":\"https:\/\/schema.org\",\"@graph\":[{\"@type\":\"WebPage\",\"@id\":\"https:\/\/acta.no\/trondelag\/noahs-ark-2023\/\",\"url\":\"https:\/\/acta.no\/trondelag\/noahs-ark-2023\/\",\"name\":\"Noahs Ark 9. - 10. mai - Acta Region Tr\u00f8ndelag\",\"isPartOf\":{\"@id\":\"https:\/\/acta.no\/trondelag\/#website\"},\"primaryImageOfPage\":{\"@id\":\"https:\/\/acta.no\/trondelag\/noahs-ark-2023\/#primaryimage\"},\"image\":{\"@id\":\"https:\/\/acta.no\/trondelag\/noahs-ark-2023\/#primaryimage\"},\"thumbnailUrl\":\"https:\/\/www.normisjon.no\/content\/uploads\/sites\/36\/2026\/03\/Noahs-Ark-2026-e1772626140633.jpg\",\"datePublished\":\"2022-11-18T14:47:52+00:00\",\"dateModified\":\"2026-03-23T11:04:18+00:00\",\"breadcrumb\":{\"@id\":\"https:\/\/acta.no\/trondelag\/noahs-ark-2023\/#breadcrumb\"},\"inLanguage\":\"nb-NO\",\"potentialAction\":[{\"@type\":\"ReadAction\",\"target\":[\"https:\/\/acta.no\/trondelag\/noahs-ark-2023\/\"]}]},{\"@type\":\"ImageObject\",\"inLanguage\":\"nb-NO\",\"@id\":\"https:\/\/acta.no\/trondelag\/noahs-ark-2023\/#primaryimage\",\"url\":\"https:\/\/www.normisjon.no\/content\/uploads\/sites\/36\/2026\/03\/Noahs-Ark-2026-e1772626140633.jpg\",\"contentUrl\":\"https:\/\/www.normisjon.no\/content\/uploads\/sites\/36\/2026\/03\/Noahs-Ark-2026-e1772626140633.jpg\",\"width\":1080,\"height\":857},{\"@type\":\"BreadcrumbList\",\"@id\":\"https:\/\/acta.no\/trondelag\/noahs-ark-2023\/#breadcrumb\",\"itemListElement\":[{\"@type\":\"ListItem\",\"position\":1,\"name\":\"Til acta.no\",\"item\":\"https:\/\/acta.no\/\"},{\"@type\":\"ListItem\",\"position\":2,\"name\":\"Region Tr\u00f8ndelag\",\"item\":\"https:\/\/acta.no\/trondelag\/\"},{\"@type\":\"ListItem\",\"position\":3,\"name\":\"Noahs Ark 9. &#8211; 10. mai\"}]},{\"@type\":\"WebSite\",\"@id\":\"https:\/\/acta.no\/trondelag\/#website\",\"url\":\"https:\/\/acta.no\/trondelag\/\",\"name\":\"Acta Region Tr\u00f8ndelag\",\"description\":\"Tr\u00f8ndelag\",\"potentialAction\":[{\"@type\":\"SearchAction\",\"target\":{\"@type\":\"EntryPoint\",\"urlTemplate\":\"https:\/\/acta.no\/trondelag\/?s={search_term_string}\"},\"query-input\":{\"@type\":\"PropertyValueSpecification\",\"valueRequired\":true,\"valueName\":\"search_term_string\"}}],\"inLanguage\":\"nb-NO\"}]}<\/script>\n<!-- \/ Yoast SEO plugin. -->","yoast_head_json":{"title":"Noahs Ark 9. - 10. mai - Acta Region Tr\u00f8ndelag","robots":{"index":"index","follow":"follow","max-snippet":"max-snippet:-1","max-image-preview":"max-image-preview:large","max-video-preview":"max-video-preview:-1"},"canonical":"https:\/\/acta.no\/trondelag\/noahs-ark-2023\/","og_locale":"nb_NO","og_type":"article","og_title":"Noahs Ark 9. - 10. mai - Acta Region Tr\u00f8ndelag","og_description":"Er du klar for Noahs ark 2026?&nbsp;F\u00e5 med deg v\u00e5rens vakreste g\u00e5rdsopplevelse p\u00e5 Noahs Ark leir!&nbsp; Dato: 9. &#8211; 10. mai 2026Sted: \u00d8ya Vgs, Kv\u00e5lHvem: 2.-4. trinnPris: 850 kroner (750 kroner for medlemmer i Leirklubben)P\u00e5melding: MELD DEG P\u00c5 HER V\u00e5rens vakreste eventyr kan oppleves i starten av mai p\u00e5 \u00d8ya videreg\u00e5ende skole. Her har vi [&hellip;]","og_url":"https:\/\/acta.no\/trondelag\/noahs-ark-2023\/","og_site_name":"Acta Region Tr\u00f8ndelag","article_modified_time":"2026-03-23T11:04:18+00:00","og_image":[{"width":1080,"height":857,"url":"https:\/\/www.normisjon.no\/content\/uploads\/sites\/36\/2026\/03\/Noahs-Ark-2026-e1772626140633.jpg","type":"image\/jpeg"}],"twitter_card":"summary_large_image","twitter_misc":{"Ansl. lesetid":"3 minutter"},"schema":{"@context":"https:\/\/schema.org","@graph":[{"@type":"WebPage","@id":"https:\/\/acta.no\/trondelag\/noahs-ark-2023\/","url":"https:\/\/acta.no\/trondelag\/noahs-ark-2023\/","name":"Noahs Ark 9. - 10. mai - Acta Region Tr\u00f8ndelag","isPartOf":{"@id":"https:\/\/acta.no\/trondelag\/#website"},"primaryImageOfPage":{"@id":"https:\/\/acta.no\/trondelag\/noahs-ark-2023\/#primaryimage"},"image":{"@id":"https:\/\/acta.no\/trondelag\/noahs-ark-2023\/#primaryimage"},"thumbnailUrl":"https:\/\/www.normisjon.no\/content\/uploads\/sites\/36\/2026\/03\/Noahs-Ark-2026-e1772626140633.jpg","datePublished":"2022-11-18T14:47:52+00:00","dateModified":"2026-03-23T11:04:18+00:00","breadcrumb":{"@id":"https:\/\/acta.no\/trondelag\/noahs-ark-2023\/#breadcrumb"},"inLanguage":"nb-NO","potentialAction":[{"@type":"ReadAction","target":["https:\/\/acta.no\/trondelag\/noahs-ark-2023\/"]}]},{"@type":"ImageObject","inLanguage":"nb-NO","@id":"https:\/\/acta.no\/trondelag\/noahs-ark-2023\/#primaryimage","url":"https:\/\/www.normisjon.no\/content\/uploads\/sites\/36\/2026\/03\/Noahs-Ark-2026-e1772626140633.jpg","contentUrl":"https:\/\/www.normisjon.no\/content\/uploads\/sites\/36\/2026\/03\/Noahs-Ark-2026-e1772626140633.jpg","width":1080,"height":857},{"@type":"BreadcrumbList","@id":"https:\/\/acta.no\/trondelag\/noahs-ark-2023\/#breadcrumb","itemListElement":[{"@type":"ListItem","position":1,"name":"Til acta.no","item":"https:\/\/acta.no\/"},{"@type":"ListItem","position":2,"name":"Region Tr\u00f8ndelag","item":"https:\/\/acta.no\/trondelag\/"},{"@type":"ListItem","position":3,"name":"Noahs Ark 9. &#8211; 10. mai"}]},{"@type":"WebSite","@id":"https:\/\/acta.no\/trondelag\/#website","url":"https:\/\/acta.no\/trondelag\/","name":"Acta Region Tr\u00f8ndelag","description":"Tr\u00f8ndelag","potentialAction":[{"@type":"SearchAction","target":{"@type":"EntryPoint","urlTemplate":"https:\/\/acta.no\/trondelag\/?s={search_term_string}"},"query-input":{"@type":"PropertyValueSpecification","valueRequired":true,"valueName":"search_term_string"}}],"inLanguage":"nb-NO"}]}},"_links":{"self":[{"href":"https:\/\/acta.no\/trondelag\/wp-json\/wp\/v2\/pages\/722","targetHints":{"allow":["GET"]}}],"collection":[{"href":"https:\/\/acta.no\/trondelag\/wp-json\/wp\/v2\/pages"}],"about":[{"href":"https:\/\/acta.no\/trondelag\/wp-json\/wp\/v2\/types\/page"}],"author":[{"embeddable":true,"href":"https:\/\/acta.no\/trondelag\/wp-json\/wp\/v2\/users\/110"}],"replies":[{"embeddable":true,"href":"https:\/\/acta.no\/trondelag\/wp-json\/wp\/v2\/comments?post=722"}],"version-history":[{"count":16,"href":"https:\/\/acta.no\/trondelag\/wp-json\/wp\/v2\/pages\/722\/revisions"}],"predecessor-version":[{"id":1742,"href":"https:\/\/acta.no\/trondelag\/wp-json\/wp\/v2\/pages\/722\/revisions\/1742"}],"wp:featuredmedia":[{"embeddable":true,"href":"https:\/\/acta.no\/trondelag\/wp-json\/wp\/v2\/media\/1705"}],"wp:attachment":[{"href":"https:\/\/acta.no\/trondelag\/wp-json\/wp\/v2\/media?parent=722"}],"curies":[{"name":"wp","href":"https:\/\/api.w.org\/{rel}","templated":true}]}}