{"id":708,"date":"2022-11-02T12:56:56","date_gmt":"2022-11-02T12:56:56","guid":{"rendered":"https:\/\/acta.no\/trondelag\/?page_id=708"},"modified":"2026-04-11T08:25:54","modified_gmt":"2026-04-11T08:25:54","slug":"friluftsvukku-2","status":"publish","type":"page","link":"https:\/\/acta.no\/trondelag\/friluftsvukku-2\/","title":{"rendered":"Friluftsvukku 2"},"content":{"rendered":"<div class=\"gutenberg-content\">\n<p class=\"has-text-align-center\">3. &#8211; 5. august 2026<\/p>\n\n\n\n<figure class=\"wp-block-image size-large\"><img loading=\"lazy\" decoding=\"async\" width=\"2048\" height=\"1280\" src=\"https:\/\/www.normisjon.no\/content\/uploads\/sites\/36\/2025\/01\/Friluftsvukku-2-edited.jpeg\" alt=\"\" class=\"wp-image-1383\" srcset=\"https:\/\/www.normisjon.no\/content\/uploads\/sites\/36\/2025\/01\/Friluftsvukku-2-edited.jpeg 2048w, https:\/\/www.normisjon.no\/content\/uploads\/sites\/36\/2025\/01\/Friluftsvukku-2-edited-300x188.jpeg 300w, https:\/\/www.normisjon.no\/content\/uploads\/sites\/36\/2025\/01\/Friluftsvukku-2-edited-1024x640.jpeg 1024w, https:\/\/www.normisjon.no\/content\/uploads\/sites\/36\/2025\/01\/Friluftsvukku-2-edited-768x480.jpeg 768w, https:\/\/www.normisjon.no\/content\/uploads\/sites\/36\/2025\/01\/Friluftsvukku-2-edited-1536x960.jpeg 1536w, https:\/\/www.normisjon.no\/content\/uploads\/sites\/36\/2025\/01\/Friluftsvukku-2-edited-1920x1200.jpeg 1920w, https:\/\/www.normisjon.no\/content\/uploads\/sites\/36\/2025\/01\/Friluftsvukku-2-edited-1360x850.jpeg 1360w, https:\/\/www.normisjon.no\/content\/uploads\/sites\/36\/2025\/01\/Friluftsvukku-2-edited-960x600.jpeg 960w\" sizes=\"auto, (max-width: 2048px) 100vw, 2048px\" \/><figcaption class=\"wp-element-caption\">OLYMPUS DIGITAL CAMERA<\/figcaption><\/figure>\n<\/div><div id=\"module-0\" class=\"hogan-module hogan-module-text hogan-module-0\"><div class=\"hogan-module-inner\"><h3 class=\"lead\">Velkommen til Friluftsvukku 2 p\u00e5 IMI St\u00f8len<\/h3>\n<h4 class=\"lead\">N\u00e5r? 3. -5. august 2026<\/h4>\n<h4 class=\"lead\">Alder: 12-15 \u00e5r.<\/h4>\n<p><a href=\"https:\/\/event.checkin.no\/221369\/friluftsvukku-2-2026\"><strong>MELD DEG P\u00c5 HER<\/strong><\/a><\/p>\n<p><strong>Dette er en popul\u00e6r leir, s\u00e5 det l\u00f8nner seg \u00e5 v\u00e6re tidlig ute.\u00a0<\/strong><\/p>\n<h3>Vi skal ha masse artige og r\u00e5e aktiviteter.\u00a0<strong>Vi gjentar suksessen fra sist leir!\u00a0<\/strong><\/h3>\n<p>Vi skal sykle, v\u00e6re i Zipline-park, rafting og mye annet g\u00f8y!<\/p>\n<p>Dette er en leir med masse action og moro.<\/p>\n<p>Hver kveld har acta samlinger med andakt, lovsang og korssamlinger.<br \/>\nDette er en leir for alle.<br \/>\nVelkommen til aktive leir-dager med venner, samlinger og masse uteliv!<\/p>\n<p><strong>VELKOMMEN!<\/strong><\/p>\n<p><strong>Ved sp\u00f8rsm\u00e5l s\u00e5 send mail til: <\/strong>aktivitetsleder@imi-stolen.no<\/p>\n<p><strong>Pris inkludert kost og losji og alle aktiviteter:\u00a0<\/strong><br \/>\n<strong>Vanlig pris full pakke: 2900,- pr pers.<\/strong><br \/>\n<strong>S\u00f8sken:\u00a0 \u00a0 \u00a0 \u00a0 \u00a0 \u00a0 \u00a0 \u00a0 \u00a0 \u00a0 \u00a0 \u00a0 \u00a0 \u00a0 \u00a0 \u00a0 \u00a02700,- pr pers.<\/strong><br \/>\n<strong>Det er mulig \u00e5 leie sykkel for hele leiren til 400 kr, kun et par sykler tilgjengelig<\/strong><\/p>\n<p>P\u00e5melding <a href=\"https:\/\/event.checkin.no\/221369\/friluftsvukku-2-2026\"><strong>HER<\/strong><\/a><\/p><\/div><\/div>","protected":false},"excerpt":{"rendered":"<p>3. &#8211; 5. august 2026 Velkommen til Friluftsvukku 2 p\u00e5 IMI St\u00f8len N\u00e5r? 3. -5. august 2026 Alder: 12-15 \u00e5r. MELD DEG P\u00c5 HER Dette er en popul\u00e6r leir, s\u00e5 det l\u00f8nner seg \u00e5 v\u00e6re tidlig ute.\u00a0 Vi skal ha masse artige og r\u00e5e aktiviteter.\u00a0Vi gjentar suksessen fra sist leir!\u00a0 Vi skal sykle, v\u00e6re i [&hellip;]<\/p>\n","protected":false},"author":110,"featured_media":568,"parent":0,"menu_order":0,"comment_status":"closed","ping_status":"closed","template":"","meta":{"_acf_changed":false,"footnotes":""},"class_list":["post-708","page","type-page","status-publish","has-post-thumbnail","hentry"],"acf":[],"yoast_head":"<!-- This site is optimized with the Yoast SEO plugin v25.9 - https:\/\/yoast.com\/wordpress\/plugins\/seo\/ -->\n<title>Friluftsvukku 2 - Acta Region Tr\u00f8ndelag<\/title>\n<meta name=\"robots\" content=\"index, follow, max-snippet:-1, max-image-preview:large, max-video-preview:-1\" \/>\n<link rel=\"canonical\" href=\"https:\/\/acta.no\/trondelag\/friluftsvukku-2\/\" \/>\n<meta property=\"og:locale\" content=\"nb_NO\" \/>\n<meta property=\"og:type\" content=\"article\" \/>\n<meta property=\"og:title\" content=\"Friluftsvukku 2 - Acta Region Tr\u00f8ndelag\" \/>\n<meta property=\"og:description\" content=\"3. &#8211; 5. august 2026 Velkommen til Friluftsvukku 2 p\u00e5 IMI St\u00f8len N\u00e5r? 3. -5. august 2026 Alder: 12-15 \u00e5r. MELD DEG P\u00c5 HER Dette er en popul\u00e6r leir, s\u00e5 det l\u00f8nner seg \u00e5 v\u00e6re tidlig ute.\u00a0 Vi skal ha masse artige og r\u00e5e aktiviteter.\u00a0Vi gjentar suksessen fra sist leir!\u00a0 Vi skal sykle, v\u00e6re i [&hellip;]\" \/>\n<meta property=\"og:url\" content=\"https:\/\/acta.no\/trondelag\/friluftsvukku-2\/\" \/>\n<meta property=\"og:site_name\" content=\"Acta Region Tr\u00f8ndelag\" \/>\n<meta property=\"article:modified_time\" content=\"2026-04-11T08:25:54+00:00\" \/>\n<meta property=\"og:image\" content=\"https:\/\/www.normisjon.no\/content\/uploads\/sites\/36\/2021\/06\/Friluftsvukku-2.jpeg\" \/>\n\t<meta property=\"og:image:width\" content=\"2048\" \/>\n\t<meta property=\"og:image:height\" content=\"1536\" \/>\n\t<meta property=\"og:image:type\" content=\"image\/jpeg\" \/>\n<meta name=\"twitter:card\" content=\"summary_large_image\" \/>\n<meta name=\"twitter:label1\" content=\"Ansl. lesetid\" \/>\n\t<meta name=\"twitter:data1\" content=\"1 minutt\" \/>\n<script type=\"application\/ld+json\" class=\"yoast-schema-graph\">{\"@context\":\"https:\/\/schema.org\",\"@graph\":[{\"@type\":\"WebPage\",\"@id\":\"https:\/\/acta.no\/trondelag\/friluftsvukku-2\/\",\"url\":\"https:\/\/acta.no\/trondelag\/friluftsvukku-2\/\",\"name\":\"Friluftsvukku 2 - Acta Region Tr\u00f8ndelag\",\"isPartOf\":{\"@id\":\"https:\/\/acta.no\/trondelag\/#website\"},\"primaryImageOfPage\":{\"@id\":\"https:\/\/acta.no\/trondelag\/friluftsvukku-2\/#primaryimage\"},\"image\":{\"@id\":\"https:\/\/acta.no\/trondelag\/friluftsvukku-2\/#primaryimage\"},\"thumbnailUrl\":\"https:\/\/www.normisjon.no\/content\/uploads\/sites\/36\/2021\/06\/Friluftsvukku-2.jpeg\",\"datePublished\":\"2022-11-02T12:56:56+00:00\",\"dateModified\":\"2026-04-11T08:25:54+00:00\",\"breadcrumb\":{\"@id\":\"https:\/\/acta.no\/trondelag\/friluftsvukku-2\/#breadcrumb\"},\"inLanguage\":\"nb-NO\",\"potentialAction\":[{\"@type\":\"ReadAction\",\"target\":[\"https:\/\/acta.no\/trondelag\/friluftsvukku-2\/\"]}]},{\"@type\":\"ImageObject\",\"inLanguage\":\"nb-NO\",\"@id\":\"https:\/\/acta.no\/trondelag\/friluftsvukku-2\/#primaryimage\",\"url\":\"https:\/\/www.normisjon.no\/content\/uploads\/sites\/36\/2021\/06\/Friluftsvukku-2.jpeg\",\"contentUrl\":\"https:\/\/www.normisjon.no\/content\/uploads\/sites\/36\/2021\/06\/Friluftsvukku-2.jpeg\",\"width\":2048,\"height\":1536,\"caption\":\"OLYMPUS DIGITAL CAMERA\"},{\"@type\":\"BreadcrumbList\",\"@id\":\"https:\/\/acta.no\/trondelag\/friluftsvukku-2\/#breadcrumb\",\"itemListElement\":[{\"@type\":\"ListItem\",\"position\":1,\"name\":\"Til acta.no\",\"item\":\"https:\/\/acta.no\/\"},{\"@type\":\"ListItem\",\"position\":2,\"name\":\"Region Tr\u00f8ndelag\",\"item\":\"https:\/\/acta.no\/trondelag\/\"},{\"@type\":\"ListItem\",\"position\":3,\"name\":\"Friluftsvukku 2\"}]},{\"@type\":\"WebSite\",\"@id\":\"https:\/\/acta.no\/trondelag\/#website\",\"url\":\"https:\/\/acta.no\/trondelag\/\",\"name\":\"Acta Region Tr\u00f8ndelag\",\"description\":\"Tr\u00f8ndelag\",\"potentialAction\":[{\"@type\":\"SearchAction\",\"target\":{\"@type\":\"EntryPoint\",\"urlTemplate\":\"https:\/\/acta.no\/trondelag\/?s={search_term_string}\"},\"query-input\":{\"@type\":\"PropertyValueSpecification\",\"valueRequired\":true,\"valueName\":\"search_term_string\"}}],\"inLanguage\":\"nb-NO\"}]}<\/script>\n<!-- \/ Yoast SEO plugin. -->","yoast_head_json":{"title":"Friluftsvukku 2 - Acta Region Tr\u00f8ndelag","robots":{"index":"index","follow":"follow","max-snippet":"max-snippet:-1","max-image-preview":"max-image-preview:large","max-video-preview":"max-video-preview:-1"},"canonical":"https:\/\/acta.no\/trondelag\/friluftsvukku-2\/","og_locale":"nb_NO","og_type":"article","og_title":"Friluftsvukku 2 - Acta Region Tr\u00f8ndelag","og_description":"3. &#8211; 5. august 2026 Velkommen til Friluftsvukku 2 p\u00e5 IMI St\u00f8len N\u00e5r? 3. -5. august 2026 Alder: 12-15 \u00e5r. MELD DEG P\u00c5 HER Dette er en popul\u00e6r leir, s\u00e5 det l\u00f8nner seg \u00e5 v\u00e6re tidlig ute.\u00a0 Vi skal ha masse artige og r\u00e5e aktiviteter.\u00a0Vi gjentar suksessen fra sist leir!\u00a0 Vi skal sykle, v\u00e6re i [&hellip;]","og_url":"https:\/\/acta.no\/trondelag\/friluftsvukku-2\/","og_site_name":"Acta Region Tr\u00f8ndelag","article_modified_time":"2026-04-11T08:25:54+00:00","og_image":[{"width":2048,"height":1536,"url":"https:\/\/www.normisjon.no\/content\/uploads\/sites\/36\/2021\/06\/Friluftsvukku-2.jpeg","type":"image\/jpeg"}],"twitter_card":"summary_large_image","twitter_misc":{"Ansl. lesetid":"1 minutt"},"schema":{"@context":"https:\/\/schema.org","@graph":[{"@type":"WebPage","@id":"https:\/\/acta.no\/trondelag\/friluftsvukku-2\/","url":"https:\/\/acta.no\/trondelag\/friluftsvukku-2\/","name":"Friluftsvukku 2 - Acta Region Tr\u00f8ndelag","isPartOf":{"@id":"https:\/\/acta.no\/trondelag\/#website"},"primaryImageOfPage":{"@id":"https:\/\/acta.no\/trondelag\/friluftsvukku-2\/#primaryimage"},"image":{"@id":"https:\/\/acta.no\/trondelag\/friluftsvukku-2\/#primaryimage"},"thumbnailUrl":"https:\/\/www.normisjon.no\/content\/uploads\/sites\/36\/2021\/06\/Friluftsvukku-2.jpeg","datePublished":"2022-11-02T12:56:56+00:00","dateModified":"2026-04-11T08:25:54+00:00","breadcrumb":{"@id":"https:\/\/acta.no\/trondelag\/friluftsvukku-2\/#breadcrumb"},"inLanguage":"nb-NO","potentialAction":[{"@type":"ReadAction","target":["https:\/\/acta.no\/trondelag\/friluftsvukku-2\/"]}]},{"@type":"ImageObject","inLanguage":"nb-NO","@id":"https:\/\/acta.no\/trondelag\/friluftsvukku-2\/#primaryimage","url":"https:\/\/www.normisjon.no\/content\/uploads\/sites\/36\/2021\/06\/Friluftsvukku-2.jpeg","contentUrl":"https:\/\/www.normisjon.no\/content\/uploads\/sites\/36\/2021\/06\/Friluftsvukku-2.jpeg","width":2048,"height":1536,"caption":"OLYMPUS DIGITAL CAMERA"},{"@type":"BreadcrumbList","@id":"https:\/\/acta.no\/trondelag\/friluftsvukku-2\/#breadcrumb","itemListElement":[{"@type":"ListItem","position":1,"name":"Til acta.no","item":"https:\/\/acta.no\/"},{"@type":"ListItem","position":2,"name":"Region Tr\u00f8ndelag","item":"https:\/\/acta.no\/trondelag\/"},{"@type":"ListItem","position":3,"name":"Friluftsvukku 2"}]},{"@type":"WebSite","@id":"https:\/\/acta.no\/trondelag\/#website","url":"https:\/\/acta.no\/trondelag\/","name":"Acta Region Tr\u00f8ndelag","description":"Tr\u00f8ndelag","potentialAction":[{"@type":"SearchAction","target":{"@type":"EntryPoint","urlTemplate":"https:\/\/acta.no\/trondelag\/?s={search_term_string}"},"query-input":{"@type":"PropertyValueSpecification","valueRequired":true,"valueName":"search_term_string"}}],"inLanguage":"nb-NO"}]}},"_links":{"self":[{"href":"https:\/\/acta.no\/trondelag\/wp-json\/wp\/v2\/pages\/708","targetHints":{"allow":["GET"]}}],"collection":[{"href":"https:\/\/acta.no\/trondelag\/wp-json\/wp\/v2\/pages"}],"about":[{"href":"https:\/\/acta.no\/trondelag\/wp-json\/wp\/v2\/types\/page"}],"author":[{"embeddable":true,"href":"https:\/\/acta.no\/trondelag\/wp-json\/wp\/v2\/users\/110"}],"replies":[{"embeddable":true,"href":"https:\/\/acta.no\/trondelag\/wp-json\/wp\/v2\/comments?post=708"}],"version-history":[{"count":32,"href":"https:\/\/acta.no\/trondelag\/wp-json\/wp\/v2\/pages\/708\/revisions"}],"predecessor-version":[{"id":1750,"href":"https:\/\/acta.no\/trondelag\/wp-json\/wp\/v2\/pages\/708\/revisions\/1750"}],"wp:featuredmedia":[{"embeddable":true,"href":"https:\/\/acta.no\/trondelag\/wp-json\/wp\/v2\/media\/568"}],"wp:attachment":[{"href":"https:\/\/acta.no\/trondelag\/wp-json\/wp\/v2\/media?parent=708"}],"curies":[{"name":"wp","href":"https:\/\/api.w.org\/{rel}","templated":true}]}}