{"id":695,"date":"2022-11-02T12:46:36","date_gmt":"2022-11-02T12:46:36","guid":{"rendered":"https:\/\/acta.no\/trondelag\/?page_id=695"},"modified":"2025-12-10T10:21:52","modified_gmt":"2025-12-10T10:21:52","slug":"slalamleir-2023","status":"publish","type":"page","link":"https:\/\/acta.no\/trondelag\/slalamleir-2023\/","title":{"rendered":"Slal\u00e5mleir 16.-19. februar 2026"},"content":{"rendered":"<div class=\"gutenberg-content\">\n<figure class=\"wp-block-image size-large\"><img loading=\"lazy\" decoding=\"async\" width=\"1536\" height=\"960\" src=\"https:\/\/www.normisjon.no\/content\/uploads\/sites\/36\/2023\/11\/332015037_937740777394358_7983246548901053960_n-edited.jpg\" alt=\"\" class=\"wp-image-1068\" srcset=\"https:\/\/www.normisjon.no\/content\/uploads\/sites\/36\/2023\/11\/332015037_937740777394358_7983246548901053960_n-edited.jpg 1536w, https:\/\/www.normisjon.no\/content\/uploads\/sites\/36\/2023\/11\/332015037_937740777394358_7983246548901053960_n-edited-300x188.jpg 300w, https:\/\/www.normisjon.no\/content\/uploads\/sites\/36\/2023\/11\/332015037_937740777394358_7983246548901053960_n-edited-1024x640.jpg 1024w, https:\/\/www.normisjon.no\/content\/uploads\/sites\/36\/2023\/11\/332015037_937740777394358_7983246548901053960_n-edited-768x480.jpg 768w, https:\/\/www.normisjon.no\/content\/uploads\/sites\/36\/2023\/11\/332015037_937740777394358_7983246548901053960_n-edited-1360x850.jpg 1360w, https:\/\/www.normisjon.no\/content\/uploads\/sites\/36\/2023\/11\/332015037_937740777394358_7983246548901053960_n-edited-960x600.jpg 960w\" sizes=\"auto, (max-width: 1536px) 100vw, 1536px\" \/><\/figure>\n<\/div><div id=\"module-0\" class=\"hogan-module hogan-module-text hogan-module-0\"><div class=\"hogan-module-inner\"><h3><strong>Er du klar for Slal\u00e5mleir 2026?<\/strong><\/h3>\n<p><strong>N\u00e5r:<\/strong>16.-19. februar 2026<br \/>\n<strong>For:\u00a0<\/strong>5.-7.klasse<br \/>\n<strong>Hvor:<\/strong>\u00a0IMI St\u00f8len, Oppdal<br \/>\n<strong>Pris:<\/strong><strong>\u00a0<\/strong>2200,- for medlemmer i Leirklubben og 2400 kroner for ikke-medlemmer (prisen inkluderer kost, losji og aktiviteter\/heiskort)<\/p>\n<h3>Vi er klar!<\/h3>\n<p>\u00c5rets leir vil bli arrangert p\u00e5 IMI St\u00f8len i Oppdal, <strong>mandag 16.-torsdag 19. februar &#8211; i vinterferien, slik vi pleier.<\/strong><\/p>\n<p><strong>Leir start<\/strong>: mandag 16.kl 18.00<\/p>\n<p><strong>Avslutning<\/strong>: Torsdag 19. kl. 12.30, rett etter lunsj.<\/p>\n<p>Noe av det som st\u00e5r p\u00e5 programmet er 2 dager i bakken, bibeltimer, sosiale aktiviteter og hyggekveld\/underholdnings-kveld.<\/p>\n<p>Denne leiren er \u00e5pen for alle, og du trenger ikke \u00e5 ha mye erfaring p\u00e5 ski, men du b\u00f8r kunne ta t-heisen selv. I bakken vil alle deltakerne bli delt inn i grupper og de vil f\u00e5 tett oppf\u00f8lging av en leder. Det blir en leder pr. 4-5 barn.<\/p>\n<p>Dersom du ikke er interessert i \u00e5 st\u00e5 i bakken, er det alternative aktiviteter:<\/p>\n<p><strong>2 dager i bakken<\/strong><\/p>\n<p><strong>1 dag i bakken og 1 dag baking<\/strong><\/p>\n<p><strong>1 dag i bakken og 1 dag basseng<\/strong><\/p>\n<p><strong>1 dag baking og 1 dag basseng<\/strong><\/p>\n<p>&nbsp;<\/p>\n<p><strong>Reise:\u00a0<\/strong>Det g\u00e5r b\u00e5de buss og tog til Oppdal. Vi \u00f8nsker \u00e5 legge til rette for at alle deltakerne kommer seg til \u00e5 fra leiren, derfor vil vi sette opp taxi fra togstasjonen og til IMI St\u00f8len, dette vil koste 60,- hver vei.<\/p>\n<h2><strong>MELD DEG P\u00c5 <a href=\"https:\/\/event.checkin.no\/187145\/slalaamleir-2026\">HER<\/a><\/strong><\/h2>\n<p><strong>Info om Acta sin leirklubb:\u00a0<\/strong><\/p>\n<p>Som medlem i leirklubben f\u00e5r du 100,- rabatt p\u00e5 alle leirene til Acta Tr\u00f8ndelag. Medlemskapet gjelder per kalender\u00e5r.<\/p>\n<p>Prisen for \u00e5 bli medlem er 100,-, dette faktureres i ettertid som eget krav for \u00e5 gj\u00f8re det lettere \u00e5 holde orden i regnskapet.<\/p>\n<p>Nye medlemmer f\u00e5r 200 kroner rabatt p\u00e5 f\u00f8rste leir (2200,-), dvs. at de f\u00e5r samme pris som medlemspris p\u00e5 leiren etter at kontingent p\u00e5 100 kroner er betalt (= 2300 kroner til sammen)<\/p>\n<p>Som medlem i leirklubben er du ogs\u00e5 med \u00e5 st\u00f8tte Acta Tr\u00f8ndelag \u00f8konomisk. Vi f\u00e5r st\u00f8tte fra Frifond basert p\u00e5 antall medlemmer, s\u00e5 jo flere medlemmer vi har jo mer st\u00f8tte f\u00e5r vi. St\u00f8tten bruker vi p\u00e5 \u00e5 styrke arbeidet v\u00e5rt i Tr\u00f8ndelag.<\/p>\n<p>Er du ikke medlem kan du velge \u00e5 bli medlem n\u00e5r du melder deg p\u00e5. Et medlemskap varer et kalender\u00e5r.<\/p><\/div><\/div>","protected":false},"excerpt":{"rendered":"<p>Er du klar for Slal\u00e5mleir 2026? N\u00e5r:16.-19. februar 2026 For:\u00a05.-7.klasse Hvor:\u00a0IMI St\u00f8len, Oppdal Pris:\u00a02200,- for medlemmer i Leirklubben og 2400 kroner for ikke-medlemmer (prisen inkluderer kost, losji og aktiviteter\/heiskort) Vi er klar! \u00c5rets leir vil bli arrangert p\u00e5 IMI St\u00f8len i Oppdal, mandag 16.-torsdag 19. februar &#8211; i vinterferien, slik vi pleier. Leir start: mandag [&hellip;]<\/p>\n","protected":false},"author":110,"featured_media":1065,"parent":0,"menu_order":0,"comment_status":"closed","ping_status":"closed","template":"","meta":{"_acf_changed":false,"footnotes":""},"class_list":["post-695","page","type-page","status-publish","has-post-thumbnail","hentry"],"acf":[],"yoast_head":"<!-- This site is optimized with the Yoast SEO plugin v25.9 - https:\/\/yoast.com\/wordpress\/plugins\/seo\/ -->\n<title>Slal\u00e5mleir 16.-19. februar 2026 - Acta Region Tr\u00f8ndelag<\/title>\n<meta name=\"robots\" content=\"index, follow, max-snippet:-1, max-image-preview:large, max-video-preview:-1\" \/>\n<link rel=\"canonical\" href=\"https:\/\/acta.no\/trondelag\/slalamleir-2023\/\" \/>\n<meta property=\"og:locale\" content=\"nb_NO\" \/>\n<meta property=\"og:type\" content=\"article\" \/>\n<meta property=\"og:title\" content=\"Slal\u00e5mleir 16.-19. februar 2026 - Acta Region Tr\u00f8ndelag\" \/>\n<meta property=\"og:description\" content=\"Er du klar for Slal\u00e5mleir 2026? N\u00e5r:16.-19. februar 2026 For:\u00a05.-7.klasse Hvor:\u00a0IMI St\u00f8len, Oppdal Pris:\u00a02200,- for medlemmer i Leirklubben og 2400 kroner for ikke-medlemmer (prisen inkluderer kost, losji og aktiviteter\/heiskort) Vi er klar! \u00c5rets leir vil bli arrangert p\u00e5 IMI St\u00f8len i Oppdal, mandag 16.-torsdag 19. februar &#8211; i vinterferien, slik vi pleier. Leir start: mandag [&hellip;]\" \/>\n<meta property=\"og:url\" content=\"https:\/\/acta.no\/trondelag\/slalamleir-2023\/\" \/>\n<meta property=\"og:site_name\" content=\"Acta Region Tr\u00f8ndelag\" \/>\n<meta property=\"article:modified_time\" content=\"2025-12-10T10:21:52+00:00\" \/>\n<meta property=\"og:image\" content=\"https:\/\/www.normisjon.no\/content\/uploads\/sites\/36\/2023\/11\/332015037_937740777394358_7983246548901053960_n.jpg\" \/>\n\t<meta property=\"og:image:width\" content=\"1536\" \/>\n\t<meta property=\"og:image:height\" content=\"2048\" \/>\n\t<meta property=\"og:image:type\" content=\"image\/jpeg\" \/>\n<meta name=\"twitter:card\" content=\"summary_large_image\" \/>\n<meta name=\"twitter:label1\" content=\"Ansl. lesetid\" \/>\n\t<meta name=\"twitter:data1\" content=\"1 minutt\" \/>\n<script type=\"application\/ld+json\" class=\"yoast-schema-graph\">{\"@context\":\"https:\/\/schema.org\",\"@graph\":[{\"@type\":\"WebPage\",\"@id\":\"https:\/\/acta.no\/trondelag\/slalamleir-2023\/\",\"url\":\"https:\/\/acta.no\/trondelag\/slalamleir-2023\/\",\"name\":\"Slal\u00e5mleir 16.-19. februar 2026 - Acta Region Tr\u00f8ndelag\",\"isPartOf\":{\"@id\":\"https:\/\/acta.no\/trondelag\/#website\"},\"primaryImageOfPage\":{\"@id\":\"https:\/\/acta.no\/trondelag\/slalamleir-2023\/#primaryimage\"},\"image\":{\"@id\":\"https:\/\/acta.no\/trondelag\/slalamleir-2023\/#primaryimage\"},\"thumbnailUrl\":\"https:\/\/www.normisjon.no\/content\/uploads\/sites\/36\/2023\/11\/332015037_937740777394358_7983246548901053960_n.jpg\",\"datePublished\":\"2022-11-02T12:46:36+00:00\",\"dateModified\":\"2025-12-10T10:21:52+00:00\",\"breadcrumb\":{\"@id\":\"https:\/\/acta.no\/trondelag\/slalamleir-2023\/#breadcrumb\"},\"inLanguage\":\"nb-NO\",\"potentialAction\":[{\"@type\":\"ReadAction\",\"target\":[\"https:\/\/acta.no\/trondelag\/slalamleir-2023\/\"]}]},{\"@type\":\"ImageObject\",\"inLanguage\":\"nb-NO\",\"@id\":\"https:\/\/acta.no\/trondelag\/slalamleir-2023\/#primaryimage\",\"url\":\"https:\/\/www.normisjon.no\/content\/uploads\/sites\/36\/2023\/11\/332015037_937740777394358_7983246548901053960_n.jpg\",\"contentUrl\":\"https:\/\/www.normisjon.no\/content\/uploads\/sites\/36\/2023\/11\/332015037_937740777394358_7983246548901053960_n.jpg\",\"width\":1536,\"height\":2048},{\"@type\":\"BreadcrumbList\",\"@id\":\"https:\/\/acta.no\/trondelag\/slalamleir-2023\/#breadcrumb\",\"itemListElement\":[{\"@type\":\"ListItem\",\"position\":1,\"name\":\"Til acta.no\",\"item\":\"https:\/\/acta.no\/\"},{\"@type\":\"ListItem\",\"position\":2,\"name\":\"Region Tr\u00f8ndelag\",\"item\":\"https:\/\/acta.no\/trondelag\/\"},{\"@type\":\"ListItem\",\"position\":3,\"name\":\"Slal\u00e5mleir 16.-19. februar 2026\"}]},{\"@type\":\"WebSite\",\"@id\":\"https:\/\/acta.no\/trondelag\/#website\",\"url\":\"https:\/\/acta.no\/trondelag\/\",\"name\":\"Acta Region Tr\u00f8ndelag\",\"description\":\"Tr\u00f8ndelag\",\"potentialAction\":[{\"@type\":\"SearchAction\",\"target\":{\"@type\":\"EntryPoint\",\"urlTemplate\":\"https:\/\/acta.no\/trondelag\/?s={search_term_string}\"},\"query-input\":{\"@type\":\"PropertyValueSpecification\",\"valueRequired\":true,\"valueName\":\"search_term_string\"}}],\"inLanguage\":\"nb-NO\"}]}<\/script>\n<!-- \/ Yoast SEO plugin. -->","yoast_head_json":{"title":"Slal\u00e5mleir 16.-19. februar 2026 - Acta Region Tr\u00f8ndelag","robots":{"index":"index","follow":"follow","max-snippet":"max-snippet:-1","max-image-preview":"max-image-preview:large","max-video-preview":"max-video-preview:-1"},"canonical":"https:\/\/acta.no\/trondelag\/slalamleir-2023\/","og_locale":"nb_NO","og_type":"article","og_title":"Slal\u00e5mleir 16.-19. februar 2026 - Acta Region Tr\u00f8ndelag","og_description":"Er du klar for Slal\u00e5mleir 2026? N\u00e5r:16.-19. februar 2026 For:\u00a05.-7.klasse Hvor:\u00a0IMI St\u00f8len, Oppdal Pris:\u00a02200,- for medlemmer i Leirklubben og 2400 kroner for ikke-medlemmer (prisen inkluderer kost, losji og aktiviteter\/heiskort) Vi er klar! \u00c5rets leir vil bli arrangert p\u00e5 IMI St\u00f8len i Oppdal, mandag 16.-torsdag 19. februar &#8211; i vinterferien, slik vi pleier. Leir start: mandag [&hellip;]","og_url":"https:\/\/acta.no\/trondelag\/slalamleir-2023\/","og_site_name":"Acta Region Tr\u00f8ndelag","article_modified_time":"2025-12-10T10:21:52+00:00","og_image":[{"width":1536,"height":2048,"url":"https:\/\/www.normisjon.no\/content\/uploads\/sites\/36\/2023\/11\/332015037_937740777394358_7983246548901053960_n.jpg","type":"image\/jpeg"}],"twitter_card":"summary_large_image","twitter_misc":{"Ansl. lesetid":"1 minutt"},"schema":{"@context":"https:\/\/schema.org","@graph":[{"@type":"WebPage","@id":"https:\/\/acta.no\/trondelag\/slalamleir-2023\/","url":"https:\/\/acta.no\/trondelag\/slalamleir-2023\/","name":"Slal\u00e5mleir 16.-19. februar 2026 - Acta Region Tr\u00f8ndelag","isPartOf":{"@id":"https:\/\/acta.no\/trondelag\/#website"},"primaryImageOfPage":{"@id":"https:\/\/acta.no\/trondelag\/slalamleir-2023\/#primaryimage"},"image":{"@id":"https:\/\/acta.no\/trondelag\/slalamleir-2023\/#primaryimage"},"thumbnailUrl":"https:\/\/www.normisjon.no\/content\/uploads\/sites\/36\/2023\/11\/332015037_937740777394358_7983246548901053960_n.jpg","datePublished":"2022-11-02T12:46:36+00:00","dateModified":"2025-12-10T10:21:52+00:00","breadcrumb":{"@id":"https:\/\/acta.no\/trondelag\/slalamleir-2023\/#breadcrumb"},"inLanguage":"nb-NO","potentialAction":[{"@type":"ReadAction","target":["https:\/\/acta.no\/trondelag\/slalamleir-2023\/"]}]},{"@type":"ImageObject","inLanguage":"nb-NO","@id":"https:\/\/acta.no\/trondelag\/slalamleir-2023\/#primaryimage","url":"https:\/\/www.normisjon.no\/content\/uploads\/sites\/36\/2023\/11\/332015037_937740777394358_7983246548901053960_n.jpg","contentUrl":"https:\/\/www.normisjon.no\/content\/uploads\/sites\/36\/2023\/11\/332015037_937740777394358_7983246548901053960_n.jpg","width":1536,"height":2048},{"@type":"BreadcrumbList","@id":"https:\/\/acta.no\/trondelag\/slalamleir-2023\/#breadcrumb","itemListElement":[{"@type":"ListItem","position":1,"name":"Til acta.no","item":"https:\/\/acta.no\/"},{"@type":"ListItem","position":2,"name":"Region Tr\u00f8ndelag","item":"https:\/\/acta.no\/trondelag\/"},{"@type":"ListItem","position":3,"name":"Slal\u00e5mleir 16.-19. februar 2026"}]},{"@type":"WebSite","@id":"https:\/\/acta.no\/trondelag\/#website","url":"https:\/\/acta.no\/trondelag\/","name":"Acta Region Tr\u00f8ndelag","description":"Tr\u00f8ndelag","potentialAction":[{"@type":"SearchAction","target":{"@type":"EntryPoint","urlTemplate":"https:\/\/acta.no\/trondelag\/?s={search_term_string}"},"query-input":{"@type":"PropertyValueSpecification","valueRequired":true,"valueName":"search_term_string"}}],"inLanguage":"nb-NO"}]}},"_links":{"self":[{"href":"https:\/\/acta.no\/trondelag\/wp-json\/wp\/v2\/pages\/695","targetHints":{"allow":["GET"]}}],"collection":[{"href":"https:\/\/acta.no\/trondelag\/wp-json\/wp\/v2\/pages"}],"about":[{"href":"https:\/\/acta.no\/trondelag\/wp-json\/wp\/v2\/types\/page"}],"author":[{"embeddable":true,"href":"https:\/\/acta.no\/trondelag\/wp-json\/wp\/v2\/users\/110"}],"replies":[{"embeddable":true,"href":"https:\/\/acta.no\/trondelag\/wp-json\/wp\/v2\/comments?post=695"}],"version-history":[{"count":27,"href":"https:\/\/acta.no\/trondelag\/wp-json\/wp\/v2\/pages\/695\/revisions"}],"predecessor-version":[{"id":1674,"href":"https:\/\/acta.no\/trondelag\/wp-json\/wp\/v2\/pages\/695\/revisions\/1674"}],"wp:featuredmedia":[{"embeddable":true,"href":"https:\/\/acta.no\/trondelag\/wp-json\/wp\/v2\/media\/1065"}],"wp:attachment":[{"href":"https:\/\/acta.no\/trondelag\/wp-json\/wp\/v2\/media?parent=695"}],"curies":[{"name":"wp","href":"https:\/\/api.w.org\/{rel}","templated":true}]}}