{"id":59,"date":"2018-10-31T12:47:04","date_gmt":"2018-10-31T12:47:04","guid":{"rendered":"http:\/\/acta.no\/trondelag\/?page_id=59"},"modified":"2022-08-22T12:45:34","modified_gmt":"2022-08-22T12:45:34","slug":"gi-en-gave","status":"publish","type":"page","link":"https:\/\/acta.no\/trondelag\/gi-en-gave\/","title":{"rendered":"Gi en gave"},"content":{"rendered":"<div id=\"module-0\" class=\"hogan-module hogan-module-image hogan-module-0 hogan-image-size-large\"><div class=\"hogan-module-inner\"><figure class=\"wp-caption size-large\"><img loading=\"lazy\" decoding=\"async\" width=\"873\" height=\"582\" src=\"https:\/\/www.normisjon.no\/content\/uploads\/sites\/36\/2018\/10\/IMG_5816-1024x683.jpg\" class=\"attachment-large size-large\" alt=\"\" srcset=\"https:\/\/www.normisjon.no\/content\/uploads\/sites\/36\/2018\/10\/IMG_5816-1024x683.jpg 1024w, https:\/\/www.normisjon.no\/content\/uploads\/sites\/36\/2018\/10\/IMG_5816-300x200.jpg 300w, https:\/\/www.normisjon.no\/content\/uploads\/sites\/36\/2018\/10\/IMG_5816-768x512.jpg 768w, https:\/\/www.normisjon.no\/content\/uploads\/sites\/36\/2018\/10\/IMG_5816-1920x1280.jpg 1920w, https:\/\/www.normisjon.no\/content\/uploads\/sites\/36\/2018\/10\/IMG_5816-1360x907.jpg 1360w, https:\/\/www.normisjon.no\/content\/uploads\/sites\/36\/2018\/10\/IMG_5816-960x640.jpg 960w\" sizes=\"auto, (max-width: 873px) 100vw, 873px\" \/><\/figure><\/div><\/div><div id=\"module-1\" class=\"hogan-module hogan-module-text hogan-module-1\"><div class=\"hogan-module-inner\"><p><strong>Tusen takk for at du \u00f8nsker \u00e5 st\u00f8tte Acta sitt arbeid i Tr\u00f8ndelag!<\/strong><\/p>\n<p>Du kan gi en enkelt gave p\u00e5 f\u00f8lgene m\u00e5ter:<\/p>\n<ul>\n<li>Bankkonto nr. 3000.14.71518 (merk betalingen med \u00abGave til Acta\u00bb<\/li>\n<li>Vipps nr. 18295 (Acta Tr\u00f8ndelag)<\/li>\n<\/ul>\n<p>P\u00e5 <a href=\"https:\/\/normisjon.profundo.no\/gi_normisjontrondelag\" target=\"_blank\" rel=\"noopener\">Normisjon sin side for givertjeneste p\u00e5 Normisjons \u00abMin side\u00bb<\/a>\u00a0kan du b\u00e5de gi en enkelt gave eller inng\u00e5 avtale for fast givertjeneste. (Siden \u00e5pnes i ny fane i nettleseren).<\/p><\/div><\/div>","protected":false},"excerpt":{"rendered":"<p>Tusen takk for at du \u00f8nsker \u00e5 st\u00f8tte Acta sitt arbeid i Tr\u00f8ndelag! Du kan gi en enkelt gave p\u00e5 f\u00f8lgene m\u00e5ter: Bankkonto nr. 3000.14.71518 (merk betalingen med \u00abGave til Acta\u00bb Vipps nr. 18295 (Acta Tr\u00f8ndelag) P\u00e5 Normisjon sin side for givertjeneste p\u00e5 Normisjons \u00abMin side\u00bb\u00a0kan du b\u00e5de gi en enkelt gave eller inng\u00e5 avtale [&hellip;]<\/p>\n","protected":false},"author":54,"featured_media":72,"parent":0,"menu_order":0,"comment_status":"closed","ping_status":"closed","template":"","meta":{"_acf_changed":false,"footnotes":""},"class_list":["post-59","page","type-page","status-publish","has-post-thumbnail","hentry"],"acf":[],"yoast_head":"<!-- This site is optimized with the Yoast SEO plugin v25.9 - https:\/\/yoast.com\/wordpress\/plugins\/seo\/ -->\n<title>Gi en gave - Acta Region Tr\u00f8ndelag<\/title>\n<meta name=\"robots\" content=\"index, follow, max-snippet:-1, max-image-preview:large, max-video-preview:-1\" \/>\n<link rel=\"canonical\" href=\"https:\/\/acta.no\/trondelag\/gi-en-gave\/\" \/>\n<meta property=\"og:locale\" content=\"nb_NO\" \/>\n<meta property=\"og:type\" content=\"article\" \/>\n<meta property=\"og:title\" content=\"Gi en gave - Acta Region Tr\u00f8ndelag\" \/>\n<meta property=\"og:description\" content=\"Tusen takk for at du \u00f8nsker \u00e5 st\u00f8tte Acta sitt arbeid i Tr\u00f8ndelag! Du kan gi en enkelt gave p\u00e5 f\u00f8lgene m\u00e5ter: Bankkonto nr. 3000.14.71518 (merk betalingen med \u00abGave til Acta\u00bb Vipps nr. 18295 (Acta Tr\u00f8ndelag) P\u00e5 Normisjon sin side for givertjeneste p\u00e5 Normisjons \u00abMin side\u00bb\u00a0kan du b\u00e5de gi en enkelt gave eller inng\u00e5 avtale [&hellip;]\" \/>\n<meta property=\"og:url\" content=\"https:\/\/acta.no\/trondelag\/gi-en-gave\/\" \/>\n<meta property=\"og:site_name\" content=\"Acta Region Tr\u00f8ndelag\" \/>\n<meta property=\"article:modified_time\" content=\"2022-08-22T12:45:34+00:00\" \/>\n<meta property=\"og:image\" content=\"https:\/\/www.normisjon.no\/content\/uploads\/sites\/36\/2018\/10\/IMG_5816-1024x683.jpg\" \/>\n\t<meta property=\"og:image:width\" content=\"1024\" \/>\n\t<meta property=\"og:image:height\" content=\"683\" \/>\n\t<meta property=\"og:image:type\" content=\"image\/jpeg\" \/>\n<meta name=\"twitter:card\" content=\"summary_large_image\" \/>\n<script type=\"application\/ld+json\" class=\"yoast-schema-graph\">{\"@context\":\"https:\/\/schema.org\",\"@graph\":[{\"@type\":\"WebPage\",\"@id\":\"https:\/\/acta.no\/trondelag\/gi-en-gave\/\",\"url\":\"https:\/\/acta.no\/trondelag\/gi-en-gave\/\",\"name\":\"Gi en gave - Acta Region Tr\u00f8ndelag\",\"isPartOf\":{\"@id\":\"https:\/\/acta.no\/trondelag\/#website\"},\"primaryImageOfPage\":{\"@id\":\"https:\/\/acta.no\/trondelag\/gi-en-gave\/#primaryimage\"},\"image\":{\"@id\":\"https:\/\/acta.no\/trondelag\/gi-en-gave\/#primaryimage\"},\"thumbnailUrl\":\"https:\/\/www.normisjon.no\/content\/uploads\/sites\/36\/2018\/10\/IMG_5816.jpg\",\"datePublished\":\"2018-10-31T12:47:04+00:00\",\"dateModified\":\"2022-08-22T12:45:34+00:00\",\"breadcrumb\":{\"@id\":\"https:\/\/acta.no\/trondelag\/gi-en-gave\/#breadcrumb\"},\"inLanguage\":\"nb-NO\",\"potentialAction\":[{\"@type\":\"ReadAction\",\"target\":[\"https:\/\/acta.no\/trondelag\/gi-en-gave\/\"]}]},{\"@type\":\"ImageObject\",\"inLanguage\":\"nb-NO\",\"@id\":\"https:\/\/acta.no\/trondelag\/gi-en-gave\/#primaryimage\",\"url\":\"https:\/\/www.normisjon.no\/content\/uploads\/sites\/36\/2018\/10\/IMG_5816.jpg\",\"contentUrl\":\"https:\/\/www.normisjon.no\/content\/uploads\/sites\/36\/2018\/10\/IMG_5816.jpg\",\"width\":5184,\"height\":3456},{\"@type\":\"BreadcrumbList\",\"@id\":\"https:\/\/acta.no\/trondelag\/gi-en-gave\/#breadcrumb\",\"itemListElement\":[{\"@type\":\"ListItem\",\"position\":1,\"name\":\"Til acta.no\",\"item\":\"https:\/\/acta.no\/\"},{\"@type\":\"ListItem\",\"position\":2,\"name\":\"Region Tr\u00f8ndelag\",\"item\":\"https:\/\/acta.no\/trondelag\/\"},{\"@type\":\"ListItem\",\"position\":3,\"name\":\"Gi en gave\"}]},{\"@type\":\"WebSite\",\"@id\":\"https:\/\/acta.no\/trondelag\/#website\",\"url\":\"https:\/\/acta.no\/trondelag\/\",\"name\":\"Acta Region Tr\u00f8ndelag\",\"description\":\"Tr\u00f8ndelag\",\"potentialAction\":[{\"@type\":\"SearchAction\",\"target\":{\"@type\":\"EntryPoint\",\"urlTemplate\":\"https:\/\/acta.no\/trondelag\/?s={search_term_string}\"},\"query-input\":{\"@type\":\"PropertyValueSpecification\",\"valueRequired\":true,\"valueName\":\"search_term_string\"}}],\"inLanguage\":\"nb-NO\"}]}<\/script>\n<!-- \/ Yoast SEO plugin. -->","yoast_head_json":{"title":"Gi en gave - Acta Region Tr\u00f8ndelag","robots":{"index":"index","follow":"follow","max-snippet":"max-snippet:-1","max-image-preview":"max-image-preview:large","max-video-preview":"max-video-preview:-1"},"canonical":"https:\/\/acta.no\/trondelag\/gi-en-gave\/","og_locale":"nb_NO","og_type":"article","og_title":"Gi en gave - Acta Region Tr\u00f8ndelag","og_description":"Tusen takk for at du \u00f8nsker \u00e5 st\u00f8tte Acta sitt arbeid i Tr\u00f8ndelag! Du kan gi en enkelt gave p\u00e5 f\u00f8lgene m\u00e5ter: Bankkonto nr. 3000.14.71518 (merk betalingen med \u00abGave til Acta\u00bb Vipps nr. 18295 (Acta Tr\u00f8ndelag) P\u00e5 Normisjon sin side for givertjeneste p\u00e5 Normisjons \u00abMin side\u00bb\u00a0kan du b\u00e5de gi en enkelt gave eller inng\u00e5 avtale [&hellip;]","og_url":"https:\/\/acta.no\/trondelag\/gi-en-gave\/","og_site_name":"Acta Region Tr\u00f8ndelag","article_modified_time":"2022-08-22T12:45:34+00:00","og_image":[{"width":1024,"height":683,"url":"https:\/\/www.normisjon.no\/content\/uploads\/sites\/36\/2018\/10\/IMG_5816-1024x683.jpg","type":"image\/jpeg"}],"twitter_card":"summary_large_image","schema":{"@context":"https:\/\/schema.org","@graph":[{"@type":"WebPage","@id":"https:\/\/acta.no\/trondelag\/gi-en-gave\/","url":"https:\/\/acta.no\/trondelag\/gi-en-gave\/","name":"Gi en gave - Acta Region Tr\u00f8ndelag","isPartOf":{"@id":"https:\/\/acta.no\/trondelag\/#website"},"primaryImageOfPage":{"@id":"https:\/\/acta.no\/trondelag\/gi-en-gave\/#primaryimage"},"image":{"@id":"https:\/\/acta.no\/trondelag\/gi-en-gave\/#primaryimage"},"thumbnailUrl":"https:\/\/www.normisjon.no\/content\/uploads\/sites\/36\/2018\/10\/IMG_5816.jpg","datePublished":"2018-10-31T12:47:04+00:00","dateModified":"2022-08-22T12:45:34+00:00","breadcrumb":{"@id":"https:\/\/acta.no\/trondelag\/gi-en-gave\/#breadcrumb"},"inLanguage":"nb-NO","potentialAction":[{"@type":"ReadAction","target":["https:\/\/acta.no\/trondelag\/gi-en-gave\/"]}]},{"@type":"ImageObject","inLanguage":"nb-NO","@id":"https:\/\/acta.no\/trondelag\/gi-en-gave\/#primaryimage","url":"https:\/\/www.normisjon.no\/content\/uploads\/sites\/36\/2018\/10\/IMG_5816.jpg","contentUrl":"https:\/\/www.normisjon.no\/content\/uploads\/sites\/36\/2018\/10\/IMG_5816.jpg","width":5184,"height":3456},{"@type":"BreadcrumbList","@id":"https:\/\/acta.no\/trondelag\/gi-en-gave\/#breadcrumb","itemListElement":[{"@type":"ListItem","position":1,"name":"Til acta.no","item":"https:\/\/acta.no\/"},{"@type":"ListItem","position":2,"name":"Region Tr\u00f8ndelag","item":"https:\/\/acta.no\/trondelag\/"},{"@type":"ListItem","position":3,"name":"Gi en gave"}]},{"@type":"WebSite","@id":"https:\/\/acta.no\/trondelag\/#website","url":"https:\/\/acta.no\/trondelag\/","name":"Acta Region Tr\u00f8ndelag","description":"Tr\u00f8ndelag","potentialAction":[{"@type":"SearchAction","target":{"@type":"EntryPoint","urlTemplate":"https:\/\/acta.no\/trondelag\/?s={search_term_string}"},"query-input":{"@type":"PropertyValueSpecification","valueRequired":true,"valueName":"search_term_string"}}],"inLanguage":"nb-NO"}]}},"_links":{"self":[{"href":"https:\/\/acta.no\/trondelag\/wp-json\/wp\/v2\/pages\/59","targetHints":{"allow":["GET"]}}],"collection":[{"href":"https:\/\/acta.no\/trondelag\/wp-json\/wp\/v2\/pages"}],"about":[{"href":"https:\/\/acta.no\/trondelag\/wp-json\/wp\/v2\/types\/page"}],"author":[{"embeddable":true,"href":"https:\/\/acta.no\/trondelag\/wp-json\/wp\/v2\/users\/54"}],"replies":[{"embeddable":true,"href":"https:\/\/acta.no\/trondelag\/wp-json\/wp\/v2\/comments?post=59"}],"version-history":[{"count":3,"href":"https:\/\/acta.no\/trondelag\/wp-json\/wp\/v2\/pages\/59\/revisions"}],"predecessor-version":[{"id":74,"href":"https:\/\/acta.no\/trondelag\/wp-json\/wp\/v2\/pages\/59\/revisions\/74"}],"wp:featuredmedia":[{"embeddable":true,"href":"https:\/\/acta.no\/trondelag\/wp-json\/wp\/v2\/media\/72"}],"wp:attachment":[{"href":"https:\/\/acta.no\/trondelag\/wp-json\/wp\/v2\/media?parent=59"}],"curies":[{"name":"wp","href":"https:\/\/api.w.org\/{rel}","templated":true}]}}