{"id":33,"date":"2018-10-29T10:07:26","date_gmt":"2018-10-29T10:07:26","guid":{"rendered":"http:\/\/acta.no\/trondelag\/?page_id=33"},"modified":"2026-04-11T08:28:40","modified_gmt":"2026-04-11T08:28:40","slug":"leirer-og-arrangement","status":"publish","type":"page","link":"https:\/\/acta.no\/trondelag\/leirer-og-arrangement\/","title":{"rendered":"Leirer 2026"},"content":{"rendered":"<div id=\"module-0\" class=\"hogan-module hogan-module-grid hogan-module-0\"><div class=\"hogan-module-inner\"><div class=\"hogan-grid hogan-grid-text-center hogan-grid-size-dynamic\">\n\t<div class=\"hogan-grid-inner\">\n\t\t\t\t\t<div class=\"hogan-grid-item hogan-grid-item-size-small hogan-grid-item-type-page savage-has-image savage-has-heading savage-has-excerpt\">\n\t\t\t\t<div class=\"hogan-grid-item-inner\">\n\t\t\t\t\t<div class=\"savage-card-image\">\n\t<div class=\"savage-card-image-inner\">\n\t\t<span class=\"savage-card-image-image\" style=\"background-image: url(https:\/\/www.normisjon.no\/content\/uploads\/sites\/36\/2023\/02\/331762250_1589053861539560_2342313650952025449_n-e1677619123876-768x606.jpg);\"><\/span>\t<\/div>\n<\/div>\n\t\t<div class=\"savage-card-body\">\n\t\t\t<div class=\"savage-card-body-inner\">\n\t\t\t\t<h2 class=\"savage-card-heading\">P\u00e5skefestival<\/h2><p class=\"savage-card-excerpt\">28. mars - 1. april<\/p>\t\t\t<\/div>\n\t\t<\/div>\n\t\t<a href=\"https:\/\/acta.no\/trondelag\/leirer-og-arrangement\/paskefestivalen-2023\/\" class=\"savage-card-link\"><span class=\"screen-reader-text\">Read article &quot;P\u00e5skefestival 28.mars &#8211; 1.april&quot;<\/span><\/a>\t\t\t\t<\/div>\n\t\t\t<\/div>\n\t\t\t\t\t\t<div class=\"hogan-grid-item hogan-grid-item-size-small hogan-grid-item-type-page savage-has-image savage-has-heading savage-has-excerpt\">\n\t\t\t\t<div class=\"hogan-grid-item-inner\">\n\t\t\t\t\t<div class=\"savage-card-image\">\n\t<div class=\"savage-card-image-inner\">\n\t\t<span class=\"savage-card-image-image\" style=\"background-image: url(https:\/\/www.normisjon.no\/content\/uploads\/sites\/36\/2026\/03\/Noahs-Ark-2026-e1772626140633-768x609.jpg);\"><\/span>\t<\/div>\n<\/div>\n\t\t<div class=\"savage-card-body\">\n\t\t\t<div class=\"savage-card-body-inner\">\n\t\t\t\t<h2 class=\"savage-card-heading\">Noahs Ark<\/h2><p class=\"savage-card-excerpt\">9. - 10. mai<\/p>\t\t\t<\/div>\n\t\t<\/div>\n\t\t<a href=\"https:\/\/acta.no\/trondelag\/noahs-ark-2023\/\" class=\"savage-card-link\"><span class=\"screen-reader-text\">Read article &quot;Noahs Ark 9. &#8211; 10. mai&quot;<\/span><\/a>\t\t\t\t<\/div>\n\t\t\t<\/div>\n\t\t\t\t\t\t<div class=\"hogan-grid-item hogan-grid-item-size-small hogan-grid-item-type-page savage-has-image savage-has-heading savage-has-excerpt\">\n\t\t\t\t<div class=\"hogan-grid-item-inner\">\n\t\t\t\t\t<div class=\"savage-card-image\">\n\t<div class=\"savage-card-image-inner\">\n\t\t<span class=\"savage-card-image-image\" style=\"background-image: url(https:\/\/www.normisjon.no\/content\/uploads\/sites\/36\/2025\/10\/Zipline-768x1024.jpg);\"><\/span>\t<\/div>\n<\/div>\n\t\t<div class=\"savage-card-body\">\n\t\t\t<div class=\"savage-card-body-inner\">\n\t\t\t\t<h2 class=\"savage-card-heading\">Friluftsvukku 1<\/h2><p class=\"savage-card-excerpt\">24. - 27. juni<\/p>\t\t\t<\/div>\n\t\t<\/div>\n\t\t<a href=\"https:\/\/acta.no\/trondelag\/friluftsvukku-1\/\" class=\"savage-card-link\"><span class=\"screen-reader-text\">Read article &quot;Friluftsvukku 1&quot;<\/span><\/a>\t\t\t\t<\/div>\n\t\t\t<\/div>\n\t\t\t\t\t\t<div class=\"hogan-grid-item hogan-grid-item-size-small hogan-grid-item-type-page savage-has-image savage-has-heading savage-has-excerpt\">\n\t\t\t\t<div class=\"hogan-grid-item-inner\">\n\t\t\t\t\t<div class=\"savage-card-image\">\n\t<div class=\"savage-card-image-inner\">\n\t\t<span class=\"savage-card-image-image\" style=\"background-image: url(https:\/\/www.normisjon.no\/content\/uploads\/sites\/36\/2026\/03\/Fjellferie-for-familier-2026.pdf-2-e1772626052647-768x600.jpg);\"><\/span>\t<\/div>\n<\/div>\n\t\t<div class=\"savage-card-body\">\n\t\t\t<div class=\"savage-card-body-inner\">\n\t\t\t\t<h2 class=\"savage-card-heading\">Fjellferie for familier<\/h2><p class=\"savage-card-excerpt\">14. - 19. juli 2026<\/p>\t\t\t<\/div>\n\t\t<\/div>\n\t\t<a href=\"https:\/\/acta.no\/trondelag\/fjellferie-for-familier-16-21-juli-2024\/\" class=\"savage-card-link\"><span class=\"screen-reader-text\">Read article &quot;Fjellferie for Familier 14 &#8211; 19. juli 2026&quot;<\/span><\/a>\t\t\t\t<\/div>\n\t\t\t<\/div>\n\t\t\t\t\t\t<div class=\"hogan-grid-item hogan-grid-item-size-small hogan-grid-item-type-page savage-has-image savage-has-heading savage-has-excerpt\">\n\t\t\t\t<div class=\"hogan-grid-item-inner\">\n\t\t\t\t\t<div class=\"savage-card-image\">\n\t<div class=\"savage-card-image-inner\">\n\t\t<span class=\"savage-card-image-image\" style=\"background-image: url(https:\/\/www.normisjon.no\/content\/uploads\/sites\/36\/2021\/06\/Friluftsvukku-2-768x576.jpeg);\"><\/span>\t<\/div>\n<\/div>\n\t\t<div class=\"savage-card-body\">\n\t\t\t<div class=\"savage-card-body-inner\">\n\t\t\t\t<h2 class=\"savage-card-heading\">Friluftsvukku 2<\/h2><p class=\"savage-card-excerpt\">3. - 5. august<\/p>\t\t\t<\/div>\n\t\t<\/div>\n\t\t<a href=\"https:\/\/acta.no\/trondelag\/friluftsvukku-2\/\" class=\"savage-card-link\"><span class=\"screen-reader-text\">Read article &quot;Friluftsvukku 2&quot;<\/span><\/a>\t\t\t\t<\/div>\n\t\t\t<\/div>\n\t\t\t\t\t\t<div class=\"hogan-grid-item hogan-grid-item-size-small hogan-grid-item-type-page savage-has-image savage-has-heading savage-has-excerpt\">\n\t\t\t\t<div class=\"hogan-grid-item-inner\">\n\t\t\t\t\t<div class=\"savage-card-image\">\n\t<div class=\"savage-card-image-inner\">\n\t\t<span class=\"savage-card-image-image\" style=\"background-image: url(https:\/\/www.normisjon.no\/content\/uploads\/sites\/36\/2025\/10\/Messenger_creation_78C73241-2E51-4EE8-AFF8-7F3DF05ACF81-768x1024.jpeg);\"><\/span>\t<\/div>\n<\/div>\n\t\t<div class=\"savage-card-body\">\n\t\t\t<div class=\"savage-card-body-inner\">\n\t\t\t\t<h2 class=\"savage-card-heading\">Friluftsleir i \u00c5fjord<\/h2><p class=\"savage-card-excerpt\">6. - 9. august<\/p>\t\t\t<\/div>\n\t\t<\/div>\n\t\t<a href=\"https:\/\/acta.no\/trondelag\/frilufts-leir-i-afjord\/\" class=\"savage-card-link\"><span class=\"screen-reader-text\">Read article &quot;Friluftsleir i \u00c5fjord&quot;<\/span><\/a>\t\t\t\t<\/div>\n\t\t\t<\/div>\n\t\t\t\t<\/div>\n<\/div>\n<\/div><\/div>","protected":false},"excerpt":{"rendered":"<p>P\u00e5skefestival28. mars &#8211; 1. april Read article &quot;P\u00e5skefestival 28.mars &#8211; 1.april&quot; Noahs Ark9. &#8211; 10. mai Read article &quot;Noahs Ark 9. &#8211; 10. mai&quot; Friluftsvukku 124. &#8211; 27. juni Read article &quot;Friluftsvukku 1&quot; Fjellferie for familier14. &#8211; 19. juli 2026 Read article &quot;Fjellferie for Familier 14 &#8211; 19. juli 2026&quot; Friluftsvukku 23. &#8211; 5. august [&hellip;]<\/p>\n","protected":false},"author":54,"featured_media":705,"parent":0,"menu_order":2,"comment_status":"closed","ping_status":"closed","template":"","meta":{"_acf_changed":false,"footnotes":""},"class_list":["post-33","page","type-page","status-publish","has-post-thumbnail","hentry"],"acf":[],"yoast_head":"<!-- This site is optimized with the Yoast SEO plugin v25.9 - https:\/\/yoast.com\/wordpress\/plugins\/seo\/ -->\n<title>Leirer 2026 - Acta Region Tr\u00f8ndelag<\/title>\n<meta name=\"robots\" content=\"index, follow, max-snippet:-1, max-image-preview:large, max-video-preview:-1\" \/>\n<link rel=\"canonical\" href=\"https:\/\/acta.no\/trondelag\/leirer-og-arrangement\/\" \/>\n<meta property=\"og:locale\" content=\"nb_NO\" \/>\n<meta property=\"og:type\" content=\"article\" \/>\n<meta property=\"og:title\" content=\"Leirer 2026 - Acta Region Tr\u00f8ndelag\" \/>\n<meta property=\"og:description\" content=\"P\u00e5skefestival28. mars - 1. april Read article &quot;P\u00e5skefestival 28.mars &#8211; 1.april&quot; Noahs Ark9. - 10. mai Read article &quot;Noahs Ark 9. &#8211; 10. mai&quot; Friluftsvukku 124. - 27. juni Read article &quot;Friluftsvukku 1&quot; Fjellferie for familier14. - 19. juli 2026 Read article &quot;Fjellferie for Familier 14 &#8211; 19. juli 2026&quot; Friluftsvukku 23. - 5. august [&hellip;]\" \/>\n<meta property=\"og:url\" content=\"https:\/\/acta.no\/trondelag\/leirer-og-arrangement\/\" \/>\n<meta property=\"og:site_name\" content=\"Acta Region Tr\u00f8ndelag\" \/>\n<meta property=\"article:modified_time\" content=\"2026-04-11T08:28:40+00:00\" \/>\n<meta property=\"og:image\" content=\"https:\/\/www.normisjon.no\/content\/uploads\/sites\/36\/2022\/11\/Bilde1.jpg\" \/>\n\t<meta property=\"og:image:width\" content=\"1469\" \/>\n\t<meta property=\"og:image:height\" content=\"1100\" \/>\n\t<meta property=\"og:image:type\" content=\"image\/jpeg\" \/>\n<meta name=\"twitter:card\" content=\"summary_large_image\" \/>\n<meta name=\"twitter:label1\" content=\"Ansl. lesetid\" \/>\n\t<meta name=\"twitter:data1\" content=\"1 minutt\" \/>\n<script type=\"application\/ld+json\" class=\"yoast-schema-graph\">{\"@context\":\"https:\/\/schema.org\",\"@graph\":[{\"@type\":\"WebPage\",\"@id\":\"https:\/\/acta.no\/trondelag\/leirer-og-arrangement\/\",\"url\":\"https:\/\/acta.no\/trondelag\/leirer-og-arrangement\/\",\"name\":\"Leirer 2026 - Acta Region Tr\u00f8ndelag\",\"isPartOf\":{\"@id\":\"https:\/\/acta.no\/trondelag\/#website\"},\"primaryImageOfPage\":{\"@id\":\"https:\/\/acta.no\/trondelag\/leirer-og-arrangement\/#primaryimage\"},\"image\":{\"@id\":\"https:\/\/acta.no\/trondelag\/leirer-og-arrangement\/#primaryimage\"},\"thumbnailUrl\":\"https:\/\/www.normisjon.no\/content\/uploads\/sites\/36\/2022\/11\/Bilde1.jpg\",\"datePublished\":\"2018-10-29T10:07:26+00:00\",\"dateModified\":\"2026-04-11T08:28:40+00:00\",\"breadcrumb\":{\"@id\":\"https:\/\/acta.no\/trondelag\/leirer-og-arrangement\/#breadcrumb\"},\"inLanguage\":\"nb-NO\",\"potentialAction\":[{\"@type\":\"ReadAction\",\"target\":[\"https:\/\/acta.no\/trondelag\/leirer-og-arrangement\/\"]}]},{\"@type\":\"ImageObject\",\"inLanguage\":\"nb-NO\",\"@id\":\"https:\/\/acta.no\/trondelag\/leirer-og-arrangement\/#primaryimage\",\"url\":\"https:\/\/www.normisjon.no\/content\/uploads\/sites\/36\/2022\/11\/Bilde1.jpg\",\"contentUrl\":\"https:\/\/www.normisjon.no\/content\/uploads\/sites\/36\/2022\/11\/Bilde1.jpg\",\"width\":1469,\"height\":1100},{\"@type\":\"BreadcrumbList\",\"@id\":\"https:\/\/acta.no\/trondelag\/leirer-og-arrangement\/#breadcrumb\",\"itemListElement\":[{\"@type\":\"ListItem\",\"position\":1,\"name\":\"Til acta.no\",\"item\":\"https:\/\/acta.no\/\"},{\"@type\":\"ListItem\",\"position\":2,\"name\":\"Region Tr\u00f8ndelag\",\"item\":\"https:\/\/acta.no\/trondelag\/\"},{\"@type\":\"ListItem\",\"position\":3,\"name\":\"Leirer 2026\"}]},{\"@type\":\"WebSite\",\"@id\":\"https:\/\/acta.no\/trondelag\/#website\",\"url\":\"https:\/\/acta.no\/trondelag\/\",\"name\":\"Acta Region Tr\u00f8ndelag\",\"description\":\"Tr\u00f8ndelag\",\"potentialAction\":[{\"@type\":\"SearchAction\",\"target\":{\"@type\":\"EntryPoint\",\"urlTemplate\":\"https:\/\/acta.no\/trondelag\/?s={search_term_string}\"},\"query-input\":{\"@type\":\"PropertyValueSpecification\",\"valueRequired\":true,\"valueName\":\"search_term_string\"}}],\"inLanguage\":\"nb-NO\"}]}<\/script>\n<!-- \/ Yoast SEO plugin. -->","yoast_head_json":{"title":"Leirer 2026 - Acta Region Tr\u00f8ndelag","robots":{"index":"index","follow":"follow","max-snippet":"max-snippet:-1","max-image-preview":"max-image-preview:large","max-video-preview":"max-video-preview:-1"},"canonical":"https:\/\/acta.no\/trondelag\/leirer-og-arrangement\/","og_locale":"nb_NO","og_type":"article","og_title":"Leirer 2026 - Acta Region Tr\u00f8ndelag","og_description":"P\u00e5skefestival28. mars - 1. april Read article &quot;P\u00e5skefestival 28.mars &#8211; 1.april&quot; Noahs Ark9. - 10. mai Read article &quot;Noahs Ark 9. &#8211; 10. mai&quot; Friluftsvukku 124. - 27. juni Read article &quot;Friluftsvukku 1&quot; Fjellferie for familier14. - 19. juli 2026 Read article &quot;Fjellferie for Familier 14 &#8211; 19. juli 2026&quot; Friluftsvukku 23. - 5. august [&hellip;]","og_url":"https:\/\/acta.no\/trondelag\/leirer-og-arrangement\/","og_site_name":"Acta Region Tr\u00f8ndelag","article_modified_time":"2026-04-11T08:28:40+00:00","og_image":[{"width":1469,"height":1100,"url":"https:\/\/www.normisjon.no\/content\/uploads\/sites\/36\/2022\/11\/Bilde1.jpg","type":"image\/jpeg"}],"twitter_card":"summary_large_image","twitter_misc":{"Ansl. lesetid":"1 minutt"},"schema":{"@context":"https:\/\/schema.org","@graph":[{"@type":"WebPage","@id":"https:\/\/acta.no\/trondelag\/leirer-og-arrangement\/","url":"https:\/\/acta.no\/trondelag\/leirer-og-arrangement\/","name":"Leirer 2026 - Acta Region Tr\u00f8ndelag","isPartOf":{"@id":"https:\/\/acta.no\/trondelag\/#website"},"primaryImageOfPage":{"@id":"https:\/\/acta.no\/trondelag\/leirer-og-arrangement\/#primaryimage"},"image":{"@id":"https:\/\/acta.no\/trondelag\/leirer-og-arrangement\/#primaryimage"},"thumbnailUrl":"https:\/\/www.normisjon.no\/content\/uploads\/sites\/36\/2022\/11\/Bilde1.jpg","datePublished":"2018-10-29T10:07:26+00:00","dateModified":"2026-04-11T08:28:40+00:00","breadcrumb":{"@id":"https:\/\/acta.no\/trondelag\/leirer-og-arrangement\/#breadcrumb"},"inLanguage":"nb-NO","potentialAction":[{"@type":"ReadAction","target":["https:\/\/acta.no\/trondelag\/leirer-og-arrangement\/"]}]},{"@type":"ImageObject","inLanguage":"nb-NO","@id":"https:\/\/acta.no\/trondelag\/leirer-og-arrangement\/#primaryimage","url":"https:\/\/www.normisjon.no\/content\/uploads\/sites\/36\/2022\/11\/Bilde1.jpg","contentUrl":"https:\/\/www.normisjon.no\/content\/uploads\/sites\/36\/2022\/11\/Bilde1.jpg","width":1469,"height":1100},{"@type":"BreadcrumbList","@id":"https:\/\/acta.no\/trondelag\/leirer-og-arrangement\/#breadcrumb","itemListElement":[{"@type":"ListItem","position":1,"name":"Til acta.no","item":"https:\/\/acta.no\/"},{"@type":"ListItem","position":2,"name":"Region Tr\u00f8ndelag","item":"https:\/\/acta.no\/trondelag\/"},{"@type":"ListItem","position":3,"name":"Leirer 2026"}]},{"@type":"WebSite","@id":"https:\/\/acta.no\/trondelag\/#website","url":"https:\/\/acta.no\/trondelag\/","name":"Acta Region Tr\u00f8ndelag","description":"Tr\u00f8ndelag","potentialAction":[{"@type":"SearchAction","target":{"@type":"EntryPoint","urlTemplate":"https:\/\/acta.no\/trondelag\/?s={search_term_string}"},"query-input":{"@type":"PropertyValueSpecification","valueRequired":true,"valueName":"search_term_string"}}],"inLanguage":"nb-NO"}]}},"_links":{"self":[{"href":"https:\/\/acta.no\/trondelag\/wp-json\/wp\/v2\/pages\/33","targetHints":{"allow":["GET"]}}],"collection":[{"href":"https:\/\/acta.no\/trondelag\/wp-json\/wp\/v2\/pages"}],"about":[{"href":"https:\/\/acta.no\/trondelag\/wp-json\/wp\/v2\/types\/page"}],"author":[{"embeddable":true,"href":"https:\/\/acta.no\/trondelag\/wp-json\/wp\/v2\/users\/54"}],"replies":[{"embeddable":true,"href":"https:\/\/acta.no\/trondelag\/wp-json\/wp\/v2\/comments?post=33"}],"version-history":[{"count":94,"href":"https:\/\/acta.no\/trondelag\/wp-json\/wp\/v2\/pages\/33\/revisions"}],"predecessor-version":[{"id":1753,"href":"https:\/\/acta.no\/trondelag\/wp-json\/wp\/v2\/pages\/33\/revisions\/1753"}],"wp:featuredmedia":[{"embeddable":true,"href":"https:\/\/acta.no\/trondelag\/wp-json\/wp\/v2\/media\/705"}],"wp:attachment":[{"href":"https:\/\/acta.no\/trondelag\/wp-json\/wp\/v2\/media?parent=33"}],"curies":[{"name":"wp","href":"https:\/\/api.w.org\/{rel}","templated":true}]}}