{"id":1489,"date":"2025-06-17T12:34:55","date_gmt":"2025-06-17T12:34:55","guid":{"rendered":"https:\/\/acta.no\/trondelag\/?page_id=1489"},"modified":"2025-10-29T12:38:39","modified_gmt":"2025-10-29T12:38:39","slug":"gaming-kunst-og-musikk-leir","status":"publish","type":"page","link":"https:\/\/acta.no\/trondelag\/gaming-kunst-og-musikk-leir\/","title":{"rendered":"Gaming, kunst og musikk leir"},"content":{"rendered":"<div class=\"gutenberg-content\">\n<figure class=\"wp-block-image size-large is-resized\"><img loading=\"lazy\" decoding=\"async\" width=\"1024\" height=\"768\" src=\"https:\/\/www.normisjon.no\/content\/uploads\/sites\/36\/2025\/06\/IMG20250215181129-1024x768.jpg\" alt=\"\" class=\"wp-image-1491\" style=\"width:768px;height:576px\" srcset=\"https:\/\/www.normisjon.no\/content\/uploads\/sites\/36\/2025\/06\/IMG20250215181129-1024x768.jpg 1024w, https:\/\/www.normisjon.no\/content\/uploads\/sites\/36\/2025\/06\/IMG20250215181129-300x225.jpg 300w, https:\/\/www.normisjon.no\/content\/uploads\/sites\/36\/2025\/06\/IMG20250215181129-768x576.jpg 768w, https:\/\/www.normisjon.no\/content\/uploads\/sites\/36\/2025\/06\/IMG20250215181129-1536x1152.jpg 1536w, https:\/\/www.normisjon.no\/content\/uploads\/sites\/36\/2025\/06\/IMG20250215181129-2048x1536.jpg 2048w, https:\/\/www.normisjon.no\/content\/uploads\/sites\/36\/2025\/06\/IMG20250215181129-1920x1440.jpg 1920w, https:\/\/www.normisjon.no\/content\/uploads\/sites\/36\/2025\/06\/IMG20250215181129-1360x1020.jpg 1360w, https:\/\/www.normisjon.no\/content\/uploads\/sites\/36\/2025\/06\/IMG20250215181129-960x720.jpg 960w\" sizes=\"auto, (max-width: 1024px) 100vw, 1024px\" \/><figcaption class=\"wp-element-caption\">\u00c5rets Kunst var retro-s\u00f8m resulterte i 1800-talls ballkjole, toalett vesker, pysj bukser mm. <\/figcaption><\/figure>\n\n\n\n<h2 class=\"wp-block-heading\">Ny satsing i Acta<\/h2>\n\n\n\n<p>Acta satset h\u00f8yt med et helt nytt leir konsept  proffe instrukt\u00f8rer! <\/p>\n\n\n\n<p>Mange har \u00f8nsket nye og annerledes leirer for dem som er Gamere eller mer kreative. Vi slo dette sammen! Og det ble til GKM leir p\u00e5 \u00d8ya ungdomsskole, for 13-19 \u00e5r.<\/p>\n\n\n\n<p>Denne leiren vil holdes til vinteren, n\u00e5r det er lange m\u00f8rke kvelder. Da passer det perfekt \u00e5 trekke inn p\u00e5 kunst rommet, for \u00e5 skape noe nytt, eller fylle klasserommet med Gamere.<\/p>\n\n\n\n<p>Det ble en god kombinasjon med Gaming, kunst og musikk. <\/p>\n\n\n\n<p>Vi hadde med oss Gaming ledere som har jobbet med \u00e5 utvikle spill og VR-briller, proff leder p\u00e5 musikk, gode instrukt\u00f8rer for alle instrument og utdannet K&amp;H leder p\u00e5 kunst-delen. <\/p>\n\n\n\n<p>Vi ble en liten, men fantastisk gruppe p\u00e5 f\u00f8rste leiren. Og i tillegg til mange timer p\u00e5 egen aktivitet; s\u00e5 hadde vi Celebration med tale, lovsang og forb\u00f8nn, &laquo;Grill en kristen&raquo;, ballspill og konkurranser i kunst gress-hallen, &laquo;Bit for bit&raquo;, korssamling, ord for dagen og masse sosial-tid. Under m\u00f8tene ledet musikk instrukt\u00f8rene lovsangen. <\/p>\n\n\n\n<h4 class=\"wp-block-heading\">Blandet gruppe<\/h4>\n\n\n\n<p>Vi testet ut \u00e5 ha en blandet gruppe, der ledere og deltakere gikk nesten litt over i hverandre i alder. Eldste deltaker var 18, mens yngste leder var 17 \u00e5r. Dette er en leir styret i Acta Tr\u00f8ndelag har jobbet frem. Og det var helt naturlig at de eldste i styret fikk v\u00e6re instrukt\u00f8rer og ledere. De har allerede masse ledererfaring og gjorde en fantastisk jobb.<\/p>\n\n\n\n<p>Vi \u00f8nsker ogs\u00e5, at dette skal v\u00e6re en leir der 13 \u00e5ringen kan l\u00e6re 19 \u00e5ringen &#8211; og motsatt. I Gaming, kunst og musikk, s\u00e5 handler det mer om talent og erfaring, fremfor alder. <\/p>\n\n\n\n<figure class=\"wp-block-image size-large\"><img loading=\"lazy\" decoding=\"async\" width=\"1024\" height=\"768\" src=\"https:\/\/www.normisjon.no\/content\/uploads\/sites\/36\/2025\/06\/IMG20250215181454-1024x768.jpg\" alt=\"\" class=\"wp-image-1492\" srcset=\"https:\/\/www.normisjon.no\/content\/uploads\/sites\/36\/2025\/06\/IMG20250215181454-1024x768.jpg 1024w, https:\/\/www.normisjon.no\/content\/uploads\/sites\/36\/2025\/06\/IMG20250215181454-300x225.jpg 300w, https:\/\/www.normisjon.no\/content\/uploads\/sites\/36\/2025\/06\/IMG20250215181454-768x576.jpg 768w, https:\/\/www.normisjon.no\/content\/uploads\/sites\/36\/2025\/06\/IMG20250215181454-1536x1152.jpg 1536w, https:\/\/www.normisjon.no\/content\/uploads\/sites\/36\/2025\/06\/IMG20250215181454-2048x1536.jpg 2048w, https:\/\/www.normisjon.no\/content\/uploads\/sites\/36\/2025\/06\/IMG20250215181454-1920x1440.jpg 1920w, https:\/\/www.normisjon.no\/content\/uploads\/sites\/36\/2025\/06\/IMG20250215181454-1360x1020.jpg 1360w, https:\/\/www.normisjon.no\/content\/uploads\/sites\/36\/2025\/06\/IMG20250215181454-960x720.jpg 960w\" sizes=\"auto, (max-width: 1024px) 100vw, 1024px\" \/><figcaption class=\"wp-element-caption\">Lovsangs-\u00f8velse med Eirik Kaasa <\/figcaption><\/figure>\n\n\n\n<figure class=\"wp-block-image size-large is-resized\"><img loading=\"lazy\" decoding=\"async\" width=\"768\" height=\"1024\" src=\"https:\/\/www.normisjon.no\/content\/uploads\/sites\/36\/2025\/06\/IMG20250215112813-768x1024.jpg\" alt=\"\" class=\"wp-image-1493\" style=\"width:621px;height:829px\" srcset=\"https:\/\/www.normisjon.no\/content\/uploads\/sites\/36\/2025\/06\/IMG20250215112813-768x1024.jpg 768w, https:\/\/www.normisjon.no\/content\/uploads\/sites\/36\/2025\/06\/IMG20250215112813-225x300.jpg 225w, https:\/\/www.normisjon.no\/content\/uploads\/sites\/36\/2025\/06\/IMG20250215112813-1152x1536.jpg 1152w, https:\/\/www.normisjon.no\/content\/uploads\/sites\/36\/2025\/06\/IMG20250215112813-1536x2048.jpg 1536w, https:\/\/www.normisjon.no\/content\/uploads\/sites\/36\/2025\/06\/IMG20250215112813-scaled.jpg 1920w, https:\/\/www.normisjon.no\/content\/uploads\/sites\/36\/2025\/06\/IMG20250215112813-1360x1813.jpg 1360w, https:\/\/www.normisjon.no\/content\/uploads\/sites\/36\/2025\/06\/IMG20250215112813-1440x1920.jpg 1440w, https:\/\/www.normisjon.no\/content\/uploads\/sites\/36\/2025\/06\/IMG20250215112813-720x960.jpg 720w\" sizes=\"auto, (max-width: 768px) 100vw, 768px\" \/><figcaption class=\"wp-element-caption\">En hel helg med instrukt\u00f8r; skapte stor utvikling og mestring.<\/figcaption><\/figure>\n\n\n\n<p>Det var gode muligheter for \u00e5 utvikle seg p\u00e5 sitt instrument. 12 timer blir satt av til \u00f8nsket aktivitet. Og prestasjonen \u00f8kte i l\u00f8pet av helga!<\/p>\n\n\n\n<figure class=\"wp-block-image size-large\"><img loading=\"lazy\" decoding=\"async\" width=\"1024\" height=\"768\" src=\"https:\/\/www.normisjon.no\/content\/uploads\/sites\/36\/2025\/06\/IMG20250215111554-1-1024x768.jpg\" alt=\"\" class=\"wp-image-1494\" srcset=\"https:\/\/www.normisjon.no\/content\/uploads\/sites\/36\/2025\/06\/IMG20250215111554-1-1024x768.jpg 1024w, https:\/\/www.normisjon.no\/content\/uploads\/sites\/36\/2025\/06\/IMG20250215111554-1-300x225.jpg 300w, https:\/\/www.normisjon.no\/content\/uploads\/sites\/36\/2025\/06\/IMG20250215111554-1-768x576.jpg 768w, https:\/\/www.normisjon.no\/content\/uploads\/sites\/36\/2025\/06\/IMG20250215111554-1-1536x1152.jpg 1536w, https:\/\/www.normisjon.no\/content\/uploads\/sites\/36\/2025\/06\/IMG20250215111554-1-2048x1536.jpg 2048w, https:\/\/www.normisjon.no\/content\/uploads\/sites\/36\/2025\/06\/IMG20250215111554-1-1920x1440.jpg 1920w, https:\/\/www.normisjon.no\/content\/uploads\/sites\/36\/2025\/06\/IMG20250215111554-1-1360x1020.jpg 1360w, https:\/\/www.normisjon.no\/content\/uploads\/sites\/36\/2025\/06\/IMG20250215111554-1-960x720.jpg 960w\" sizes=\"auto, (max-width: 1024px) 100vw, 1024px\" \/><figcaption class=\"wp-element-caption\">De tre timer lange \u00f8ktene p\u00e5 egen aktivitet; gav godt spillerom!<\/figcaption><\/figure>\n\n\n\n<p>Vi fikk et kjempegodt milj\u00f8 og samhold p\u00e5 leiren. Og til tider fant vi kunst-ungdommen bak spakene p\u00e5 Gaming-rommet, eller gamere som beundret retro-s\u00f8mmen. <\/p>\n\n\n\n<p>Leik, god mat, aktiviteter og m\u00f8ter, konkurranser, nye vennskap, seine netter, mange og gode ledere gjorde dette til en leir vi satser for fullt p\u00e5! Dette var g\u00f8y! Og tilbakemeldingen var Klar; vi vil tilbake!!<\/p>\n\n\n\n<p>Vi h\u00e5per \u00e5 fylle leiren fremover. Og neste leir blir 6.-8. mars 2026 p\u00e5 \u00d8ya ungdomsskole.<\/p>\n\n\n\n<p><\/p>\n<\/div>","protected":false},"excerpt":{"rendered":"<p>Ny satsing i Acta Acta satset h\u00f8yt med et helt nytt leir konsept proffe instrukt\u00f8rer! Mange har \u00f8nsket nye og annerledes leirer for dem som er Gamere eller mer kreative. Vi slo dette sammen! Og det ble til GKM leir p\u00e5 \u00d8ya ungdomsskole, for 13-19 \u00e5r. Denne leiren vil holdes til vinteren, n\u00e5r det er [&hellip;]<\/p>\n","protected":false},"author":130,"featured_media":1285,"parent":0,"menu_order":0,"comment_status":"closed","ping_status":"closed","template":"","meta":{"_acf_changed":false,"footnotes":""},"class_list":["post-1489","page","type-page","status-publish","has-post-thumbnail","hentry"],"acf":[],"yoast_head":"<!-- This site is optimized with the Yoast SEO plugin v25.9 - https:\/\/yoast.com\/wordpress\/plugins\/seo\/ -->\n<title>Gaming, kunst og musikk leir - Acta Region Tr\u00f8ndelag<\/title>\n<meta name=\"robots\" content=\"index, follow, max-snippet:-1, max-image-preview:large, max-video-preview:-1\" \/>\n<link rel=\"canonical\" href=\"https:\/\/acta.no\/trondelag\/gaming-kunst-og-musikk-leir\/\" \/>\n<meta property=\"og:locale\" content=\"nb_NO\" \/>\n<meta property=\"og:type\" content=\"article\" \/>\n<meta property=\"og:title\" content=\"Gaming, kunst og musikk leir - Acta Region Tr\u00f8ndelag\" \/>\n<meta property=\"og:description\" content=\"Ny satsing i Acta Acta satset h\u00f8yt med et helt nytt leir konsept proffe instrukt\u00f8rer! Mange har \u00f8nsket nye og annerledes leirer for dem som er Gamere eller mer kreative. Vi slo dette sammen! Og det ble til GKM leir p\u00e5 \u00d8ya ungdomsskole, for 13-19 \u00e5r. Denne leiren vil holdes til vinteren, n\u00e5r det er [&hellip;]\" \/>\n<meta property=\"og:url\" content=\"https:\/\/acta.no\/trondelag\/gaming-kunst-og-musikk-leir\/\" \/>\n<meta property=\"og:site_name\" content=\"Acta Region Tr\u00f8ndelag\" \/>\n<meta property=\"article:modified_time\" content=\"2025-10-29T12:38:39+00:00\" \/>\n<meta property=\"og:image\" content=\"https:\/\/www.normisjon.no\/content\/uploads\/sites\/36\/2024\/12\/image-683x1024.png\" \/>\n\t<meta property=\"og:image:width\" content=\"683\" \/>\n\t<meta property=\"og:image:height\" content=\"1024\" \/>\n\t<meta property=\"og:image:type\" content=\"image\/png\" \/>\n<meta name=\"twitter:card\" content=\"summary_large_image\" \/>\n<meta name=\"twitter:label1\" content=\"Ansl. lesetid\" \/>\n\t<meta name=\"twitter:data1\" content=\"4 minutter\" \/>\n<script type=\"application\/ld+json\" class=\"yoast-schema-graph\">{\"@context\":\"https:\/\/schema.org\",\"@graph\":[{\"@type\":\"WebPage\",\"@id\":\"https:\/\/acta.no\/trondelag\/gaming-kunst-og-musikk-leir\/\",\"url\":\"https:\/\/acta.no\/trondelag\/gaming-kunst-og-musikk-leir\/\",\"name\":\"Gaming, kunst og musikk leir - Acta Region Tr\u00f8ndelag\",\"isPartOf\":{\"@id\":\"https:\/\/acta.no\/trondelag\/#website\"},\"primaryImageOfPage\":{\"@id\":\"https:\/\/acta.no\/trondelag\/gaming-kunst-og-musikk-leir\/#primaryimage\"},\"image\":{\"@id\":\"https:\/\/acta.no\/trondelag\/gaming-kunst-og-musikk-leir\/#primaryimage\"},\"thumbnailUrl\":\"https:\/\/www.normisjon.no\/content\/uploads\/sites\/36\/2024\/12\/image.png\",\"datePublished\":\"2025-06-17T12:34:55+00:00\",\"dateModified\":\"2025-10-29T12:38:39+00:00\",\"breadcrumb\":{\"@id\":\"https:\/\/acta.no\/trondelag\/gaming-kunst-og-musikk-leir\/#breadcrumb\"},\"inLanguage\":\"nb-NO\",\"potentialAction\":[{\"@type\":\"ReadAction\",\"target\":[\"https:\/\/acta.no\/trondelag\/gaming-kunst-og-musikk-leir\/\"]}]},{\"@type\":\"ImageObject\",\"inLanguage\":\"nb-NO\",\"@id\":\"https:\/\/acta.no\/trondelag\/gaming-kunst-og-musikk-leir\/#primaryimage\",\"url\":\"https:\/\/www.normisjon.no\/content\/uploads\/sites\/36\/2024\/12\/image.png\",\"contentUrl\":\"https:\/\/www.normisjon.no\/content\/uploads\/sites\/36\/2024\/12\/image.png\",\"width\":1365,\"height\":2048},{\"@type\":\"BreadcrumbList\",\"@id\":\"https:\/\/acta.no\/trondelag\/gaming-kunst-og-musikk-leir\/#breadcrumb\",\"itemListElement\":[{\"@type\":\"ListItem\",\"position\":1,\"name\":\"Til acta.no\",\"item\":\"https:\/\/acta.no\/\"},{\"@type\":\"ListItem\",\"position\":2,\"name\":\"Region Tr\u00f8ndelag\",\"item\":\"https:\/\/acta.no\/trondelag\/\"},{\"@type\":\"ListItem\",\"position\":3,\"name\":\"Gaming, kunst og musikk leir\"}]},{\"@type\":\"WebSite\",\"@id\":\"https:\/\/acta.no\/trondelag\/#website\",\"url\":\"https:\/\/acta.no\/trondelag\/\",\"name\":\"Acta Region Tr\u00f8ndelag\",\"description\":\"Tr\u00f8ndelag\",\"potentialAction\":[{\"@type\":\"SearchAction\",\"target\":{\"@type\":\"EntryPoint\",\"urlTemplate\":\"https:\/\/acta.no\/trondelag\/?s={search_term_string}\"},\"query-input\":{\"@type\":\"PropertyValueSpecification\",\"valueRequired\":true,\"valueName\":\"search_term_string\"}}],\"inLanguage\":\"nb-NO\"}]}<\/script>\n<!-- \/ Yoast SEO plugin. -->","yoast_head_json":{"title":"Gaming, kunst og musikk leir - Acta Region Tr\u00f8ndelag","robots":{"index":"index","follow":"follow","max-snippet":"max-snippet:-1","max-image-preview":"max-image-preview:large","max-video-preview":"max-video-preview:-1"},"canonical":"https:\/\/acta.no\/trondelag\/gaming-kunst-og-musikk-leir\/","og_locale":"nb_NO","og_type":"article","og_title":"Gaming, kunst og musikk leir - Acta Region Tr\u00f8ndelag","og_description":"Ny satsing i Acta Acta satset h\u00f8yt med et helt nytt leir konsept proffe instrukt\u00f8rer! Mange har \u00f8nsket nye og annerledes leirer for dem som er Gamere eller mer kreative. Vi slo dette sammen! Og det ble til GKM leir p\u00e5 \u00d8ya ungdomsskole, for 13-19 \u00e5r. Denne leiren vil holdes til vinteren, n\u00e5r det er [&hellip;]","og_url":"https:\/\/acta.no\/trondelag\/gaming-kunst-og-musikk-leir\/","og_site_name":"Acta Region Tr\u00f8ndelag","article_modified_time":"2025-10-29T12:38:39+00:00","og_image":[{"width":683,"height":1024,"url":"https:\/\/www.normisjon.no\/content\/uploads\/sites\/36\/2024\/12\/image-683x1024.png","type":"image\/png"}],"twitter_card":"summary_large_image","twitter_misc":{"Ansl. lesetid":"4 minutter"},"schema":{"@context":"https:\/\/schema.org","@graph":[{"@type":"WebPage","@id":"https:\/\/acta.no\/trondelag\/gaming-kunst-og-musikk-leir\/","url":"https:\/\/acta.no\/trondelag\/gaming-kunst-og-musikk-leir\/","name":"Gaming, kunst og musikk leir - Acta Region Tr\u00f8ndelag","isPartOf":{"@id":"https:\/\/acta.no\/trondelag\/#website"},"primaryImageOfPage":{"@id":"https:\/\/acta.no\/trondelag\/gaming-kunst-og-musikk-leir\/#primaryimage"},"image":{"@id":"https:\/\/acta.no\/trondelag\/gaming-kunst-og-musikk-leir\/#primaryimage"},"thumbnailUrl":"https:\/\/www.normisjon.no\/content\/uploads\/sites\/36\/2024\/12\/image.png","datePublished":"2025-06-17T12:34:55+00:00","dateModified":"2025-10-29T12:38:39+00:00","breadcrumb":{"@id":"https:\/\/acta.no\/trondelag\/gaming-kunst-og-musikk-leir\/#breadcrumb"},"inLanguage":"nb-NO","potentialAction":[{"@type":"ReadAction","target":["https:\/\/acta.no\/trondelag\/gaming-kunst-og-musikk-leir\/"]}]},{"@type":"ImageObject","inLanguage":"nb-NO","@id":"https:\/\/acta.no\/trondelag\/gaming-kunst-og-musikk-leir\/#primaryimage","url":"https:\/\/www.normisjon.no\/content\/uploads\/sites\/36\/2024\/12\/image.png","contentUrl":"https:\/\/www.normisjon.no\/content\/uploads\/sites\/36\/2024\/12\/image.png","width":1365,"height":2048},{"@type":"BreadcrumbList","@id":"https:\/\/acta.no\/trondelag\/gaming-kunst-og-musikk-leir\/#breadcrumb","itemListElement":[{"@type":"ListItem","position":1,"name":"Til acta.no","item":"https:\/\/acta.no\/"},{"@type":"ListItem","position":2,"name":"Region Tr\u00f8ndelag","item":"https:\/\/acta.no\/trondelag\/"},{"@type":"ListItem","position":3,"name":"Gaming, kunst og musikk leir"}]},{"@type":"WebSite","@id":"https:\/\/acta.no\/trondelag\/#website","url":"https:\/\/acta.no\/trondelag\/","name":"Acta Region Tr\u00f8ndelag","description":"Tr\u00f8ndelag","potentialAction":[{"@type":"SearchAction","target":{"@type":"EntryPoint","urlTemplate":"https:\/\/acta.no\/trondelag\/?s={search_term_string}"},"query-input":{"@type":"PropertyValueSpecification","valueRequired":true,"valueName":"search_term_string"}}],"inLanguage":"nb-NO"}]}},"_links":{"self":[{"href":"https:\/\/acta.no\/trondelag\/wp-json\/wp\/v2\/pages\/1489","targetHints":{"allow":["GET"]}}],"collection":[{"href":"https:\/\/acta.no\/trondelag\/wp-json\/wp\/v2\/pages"}],"about":[{"href":"https:\/\/acta.no\/trondelag\/wp-json\/wp\/v2\/types\/page"}],"author":[{"embeddable":true,"href":"https:\/\/acta.no\/trondelag\/wp-json\/wp\/v2\/users\/130"}],"replies":[{"embeddable":true,"href":"https:\/\/acta.no\/trondelag\/wp-json\/wp\/v2\/comments?post=1489"}],"version-history":[{"count":4,"href":"https:\/\/acta.no\/trondelag\/wp-json\/wp\/v2\/pages\/1489\/revisions"}],"predecessor-version":[{"id":1645,"href":"https:\/\/acta.no\/trondelag\/wp-json\/wp\/v2\/pages\/1489\/revisions\/1645"}],"wp:featuredmedia":[{"embeddable":true,"href":"https:\/\/acta.no\/trondelag\/wp-json\/wp\/v2\/media\/1285"}],"wp:attachment":[{"href":"https:\/\/acta.no\/trondelag\/wp-json\/wp\/v2\/media?parent=1489"}],"curies":[{"name":"wp","href":"https:\/\/api.w.org\/{rel}","templated":true}]}}