{"id":1431,"date":"2025-04-15T09:59:57","date_gmt":"2025-04-15T09:59:57","guid":{"rendered":"https:\/\/acta.no\/trondelag\/?page_id=1431"},"modified":"2025-05-22T15:09:23","modified_gmt":"2025-05-22T15:09:23","slug":"fotball-leir-for-1-4-klasse","status":"publish","type":"page","link":"https:\/\/acta.no\/trondelag\/fotball-leir-for-1-4-klasse\/","title":{"rendered":"Fotball leir 14. &#8211; 15. juni 2025 &#8212; 1.- 4. klasse"},"content":{"rendered":"<div class=\"gutenberg-content\">\n<figure class=\"wp-block-image size-full\"><img loading=\"lazy\" decoding=\"async\" width=\"700\" height=\"300\" src=\"https:\/\/www.normisjon.no\/content\/uploads\/sites\/36\/2025\/04\/Fotballbilde-dagsleir.jpg\" alt=\"\" class=\"wp-image-1432\" srcset=\"https:\/\/www.normisjon.no\/content\/uploads\/sites\/36\/2025\/04\/Fotballbilde-dagsleir.jpg 700w, https:\/\/www.normisjon.no\/content\/uploads\/sites\/36\/2025\/04\/Fotballbilde-dagsleir-300x129.jpg 300w\" sizes=\"auto, (max-width: 700px) 100vw, 700px\" \/><\/figure>\n\n\n\n<h2 class=\"wp-block-heading\"><strong>Norkirken Trondheim Salem og Acta Tr\u00f8ndelag inviterer alle barn p\u00e5 1.-4. trinn til fotball leir 14. &#8211; 15. juni 2025!<\/strong><\/h2>\n\n\n\n<p>Leiren er en &laquo;bo hjemme-leir&raquo; og passer b\u00e5de for deg som har v\u00e6rt i kirka f\u00f8r og for deg som kanskje har blitt invitert med av en venn i klassen.<\/p>\n\n\n\n<p>I tillegg til \u00e5 spille mye fotball p\u00e5 en av utend\u00f8rs banene i Trondheim, blir det tid til Gaming og noen bibelhistorier i l\u00f8pet av l\u00f8rdagen. P\u00e5 s\u00f8ndag avslutter vi med gudstjeneste i Norkirken og finale i FIFA-turneringen p\u00e5 den store skjermen i kirkesalen. Foreldre\/familie er ekstra velkomne til gudstjenesten.<\/p>\n\n\n\n<p><a href=\"https:\/\/www.norkirkentrondheim.no\" target=\"_blank\" rel=\"noreferrer noopener\">Norkirken Trondheim Salem<\/a> er en aktiv kirke for alle generasjoner midt i Trondheim sentrum. <a href=\"https:\/\/acta.no\" target=\"_blank\" rel=\"noreferrer noopener\">Acta Tr\u00f8ndelag<\/a> er v\u00e5rt regionale tilbud for leir, ledertrening og lokallag for barn og unge.<\/p>\n\n\n\n<p>Har du sp\u00f8rsm\u00e5l om leiren? Ta kontakt med leirsjef <a href=\"mailto:orjan.tinnen@normisjon.no\">\u00d8rjan Tinnen<\/a>, som ogs\u00e5 er barne-fotballtrener for lag p\u00e5 1. og 4. trinn.<\/p>\n\n\n\n<h4 class=\"wp-block-heading\"><strong>Program<\/strong><\/h4>\n\n\n\n<p><strong>L\u00f8rdag 14. juni<\/strong><br>09.00 Oppm\u00f8te og registrering i Norkirken<br>09.30 Samling, informasjon og bli kjent<br>10.00 Frukt og avreise til fotballbanen<br>10.30 Fotball utend\u00f8rs<br>12.00 Lunsj og bibelhistorie ved fotballbanen<br>13.00 Fotball utend\u00f8rs<br>15.30 Burger verksted og grilling i bakg\u00e5rden<br>16.30 Gaming: FIFA, Minecraft, Let\u2019s dance, brettspill ++<br>19.00 Kveldsmat og samling med bibelhistorie<br>20.00 Henting<\/p>\n\n\n\n<p><strong>S\u00f8ndag 15. juni<\/strong><br>10.00 Bakg\u00e5rds fotball i kirka (kom n\u00e5r du vil)<br>11.00 Gudstjeneste med s\u00f8ndagsskole (foreldre\/familie velkommen)<br>13.00 FIFA-finale p\u00e5 storskjerm<\/p>\n\n\n\n<p>For p\u00e5melding: <a href=\"https:\/\/event.checkin.no\/119559\/fotballeir-for-1-4-trinn\">https:\/\/event.checkin.no\/119559\/fotballeir-for-1-4-trinn<\/a><\/p>\n<\/div>","protected":false},"excerpt":{"rendered":"<p>Norkirken Trondheim Salem og Acta Tr\u00f8ndelag inviterer alle barn p\u00e5 1.-4. trinn til fotball leir 14. &#8211; 15. juni 2025! Leiren er en &laquo;bo hjemme-leir&raquo; og passer b\u00e5de for deg som har v\u00e6rt i kirka f\u00f8r og for deg som kanskje har blitt invitert med av en venn i klassen. I tillegg til \u00e5 spille [&hellip;]<\/p>\n","protected":false},"author":130,"featured_media":1432,"parent":0,"menu_order":0,"comment_status":"closed","ping_status":"closed","template":"","meta":{"_acf_changed":false,"footnotes":""},"class_list":["post-1431","page","type-page","status-publish","has-post-thumbnail","hentry"],"acf":[],"yoast_head":"<!-- This site is optimized with the Yoast SEO plugin v25.9 - https:\/\/yoast.com\/wordpress\/plugins\/seo\/ -->\n<title>Fotball leir 14. - 15. juni 2025 - 1.- 4. klasse - Acta Region Tr\u00f8ndelag<\/title>\n<meta name=\"robots\" content=\"index, follow, max-snippet:-1, max-image-preview:large, max-video-preview:-1\" \/>\n<link rel=\"canonical\" href=\"https:\/\/acta.no\/trondelag\/fotball-leir-for-1-4-klasse\/\" \/>\n<meta property=\"og:locale\" content=\"nb_NO\" \/>\n<meta property=\"og:type\" content=\"article\" \/>\n<meta property=\"og:title\" content=\"Fotball leir 14. - 15. juni 2025 - 1.- 4. klasse - Acta Region Tr\u00f8ndelag\" \/>\n<meta property=\"og:description\" content=\"Norkirken Trondheim Salem og Acta Tr\u00f8ndelag inviterer alle barn p\u00e5 1.-4. trinn til fotball leir 14. &#8211; 15. juni 2025! Leiren er en &laquo;bo hjemme-leir&raquo; og passer b\u00e5de for deg som har v\u00e6rt i kirka f\u00f8r og for deg som kanskje har blitt invitert med av en venn i klassen. I tillegg til \u00e5 spille [&hellip;]\" \/>\n<meta property=\"og:url\" content=\"https:\/\/acta.no\/trondelag\/fotball-leir-for-1-4-klasse\/\" \/>\n<meta property=\"og:site_name\" content=\"Acta Region Tr\u00f8ndelag\" \/>\n<meta property=\"article:modified_time\" content=\"2025-05-22T15:09:23+00:00\" \/>\n<meta property=\"og:image\" content=\"https:\/\/www.normisjon.no\/content\/uploads\/sites\/36\/2025\/04\/Fotballbilde-dagsleir.jpg\" \/>\n\t<meta property=\"og:image:width\" content=\"700\" \/>\n\t<meta property=\"og:image:height\" content=\"300\" \/>\n\t<meta property=\"og:image:type\" content=\"image\/jpeg\" \/>\n<meta name=\"twitter:card\" content=\"summary_large_image\" \/>\n<meta name=\"twitter:label1\" content=\"Ansl. lesetid\" \/>\n\t<meta name=\"twitter:data1\" content=\"2 minutter\" \/>\n<script type=\"application\/ld+json\" class=\"yoast-schema-graph\">{\"@context\":\"https:\/\/schema.org\",\"@graph\":[{\"@type\":\"WebPage\",\"@id\":\"https:\/\/acta.no\/trondelag\/fotball-leir-for-1-4-klasse\/\",\"url\":\"https:\/\/acta.no\/trondelag\/fotball-leir-for-1-4-klasse\/\",\"name\":\"Fotball leir 14. - 15. juni 2025 - 1.- 4. klasse - Acta Region Tr\u00f8ndelag\",\"isPartOf\":{\"@id\":\"https:\/\/acta.no\/trondelag\/#website\"},\"primaryImageOfPage\":{\"@id\":\"https:\/\/acta.no\/trondelag\/fotball-leir-for-1-4-klasse\/#primaryimage\"},\"image\":{\"@id\":\"https:\/\/acta.no\/trondelag\/fotball-leir-for-1-4-klasse\/#primaryimage\"},\"thumbnailUrl\":\"https:\/\/www.normisjon.no\/content\/uploads\/sites\/36\/2025\/04\/Fotballbilde-dagsleir.jpg\",\"datePublished\":\"2025-04-15T09:59:57+00:00\",\"dateModified\":\"2025-05-22T15:09:23+00:00\",\"breadcrumb\":{\"@id\":\"https:\/\/acta.no\/trondelag\/fotball-leir-for-1-4-klasse\/#breadcrumb\"},\"inLanguage\":\"nb-NO\",\"potentialAction\":[{\"@type\":\"ReadAction\",\"target\":[\"https:\/\/acta.no\/trondelag\/fotball-leir-for-1-4-klasse\/\"]}]},{\"@type\":\"ImageObject\",\"inLanguage\":\"nb-NO\",\"@id\":\"https:\/\/acta.no\/trondelag\/fotball-leir-for-1-4-klasse\/#primaryimage\",\"url\":\"https:\/\/www.normisjon.no\/content\/uploads\/sites\/36\/2025\/04\/Fotballbilde-dagsleir.jpg\",\"contentUrl\":\"https:\/\/www.normisjon.no\/content\/uploads\/sites\/36\/2025\/04\/Fotballbilde-dagsleir.jpg\",\"width\":700,\"height\":300},{\"@type\":\"BreadcrumbList\",\"@id\":\"https:\/\/acta.no\/trondelag\/fotball-leir-for-1-4-klasse\/#breadcrumb\",\"itemListElement\":[{\"@type\":\"ListItem\",\"position\":1,\"name\":\"Til acta.no\",\"item\":\"https:\/\/acta.no\/\"},{\"@type\":\"ListItem\",\"position\":2,\"name\":\"Region Tr\u00f8ndelag\",\"item\":\"https:\/\/acta.no\/trondelag\/\"},{\"@type\":\"ListItem\",\"position\":3,\"name\":\"Fotball leir 14. &#8211; 15. juni 2025 &#8212; 1.- 4. klasse\"}]},{\"@type\":\"WebSite\",\"@id\":\"https:\/\/acta.no\/trondelag\/#website\",\"url\":\"https:\/\/acta.no\/trondelag\/\",\"name\":\"Acta Region Tr\u00f8ndelag\",\"description\":\"Tr\u00f8ndelag\",\"potentialAction\":[{\"@type\":\"SearchAction\",\"target\":{\"@type\":\"EntryPoint\",\"urlTemplate\":\"https:\/\/acta.no\/trondelag\/?s={search_term_string}\"},\"query-input\":{\"@type\":\"PropertyValueSpecification\",\"valueRequired\":true,\"valueName\":\"search_term_string\"}}],\"inLanguage\":\"nb-NO\"}]}<\/script>\n<!-- \/ Yoast SEO plugin. -->","yoast_head_json":{"title":"Fotball leir 14. - 15. juni 2025 - 1.- 4. klasse - Acta Region Tr\u00f8ndelag","robots":{"index":"index","follow":"follow","max-snippet":"max-snippet:-1","max-image-preview":"max-image-preview:large","max-video-preview":"max-video-preview:-1"},"canonical":"https:\/\/acta.no\/trondelag\/fotball-leir-for-1-4-klasse\/","og_locale":"nb_NO","og_type":"article","og_title":"Fotball leir 14. - 15. juni 2025 - 1.- 4. klasse - Acta Region Tr\u00f8ndelag","og_description":"Norkirken Trondheim Salem og Acta Tr\u00f8ndelag inviterer alle barn p\u00e5 1.-4. trinn til fotball leir 14. &#8211; 15. juni 2025! Leiren er en &laquo;bo hjemme-leir&raquo; og passer b\u00e5de for deg som har v\u00e6rt i kirka f\u00f8r og for deg som kanskje har blitt invitert med av en venn i klassen. I tillegg til \u00e5 spille [&hellip;]","og_url":"https:\/\/acta.no\/trondelag\/fotball-leir-for-1-4-klasse\/","og_site_name":"Acta Region Tr\u00f8ndelag","article_modified_time":"2025-05-22T15:09:23+00:00","og_image":[{"width":700,"height":300,"url":"https:\/\/www.normisjon.no\/content\/uploads\/sites\/36\/2025\/04\/Fotballbilde-dagsleir.jpg","type":"image\/jpeg"}],"twitter_card":"summary_large_image","twitter_misc":{"Ansl. lesetid":"2 minutter"},"schema":{"@context":"https:\/\/schema.org","@graph":[{"@type":"WebPage","@id":"https:\/\/acta.no\/trondelag\/fotball-leir-for-1-4-klasse\/","url":"https:\/\/acta.no\/trondelag\/fotball-leir-for-1-4-klasse\/","name":"Fotball leir 14. - 15. juni 2025 - 1.- 4. klasse - Acta Region Tr\u00f8ndelag","isPartOf":{"@id":"https:\/\/acta.no\/trondelag\/#website"},"primaryImageOfPage":{"@id":"https:\/\/acta.no\/trondelag\/fotball-leir-for-1-4-klasse\/#primaryimage"},"image":{"@id":"https:\/\/acta.no\/trondelag\/fotball-leir-for-1-4-klasse\/#primaryimage"},"thumbnailUrl":"https:\/\/www.normisjon.no\/content\/uploads\/sites\/36\/2025\/04\/Fotballbilde-dagsleir.jpg","datePublished":"2025-04-15T09:59:57+00:00","dateModified":"2025-05-22T15:09:23+00:00","breadcrumb":{"@id":"https:\/\/acta.no\/trondelag\/fotball-leir-for-1-4-klasse\/#breadcrumb"},"inLanguage":"nb-NO","potentialAction":[{"@type":"ReadAction","target":["https:\/\/acta.no\/trondelag\/fotball-leir-for-1-4-klasse\/"]}]},{"@type":"ImageObject","inLanguage":"nb-NO","@id":"https:\/\/acta.no\/trondelag\/fotball-leir-for-1-4-klasse\/#primaryimage","url":"https:\/\/www.normisjon.no\/content\/uploads\/sites\/36\/2025\/04\/Fotballbilde-dagsleir.jpg","contentUrl":"https:\/\/www.normisjon.no\/content\/uploads\/sites\/36\/2025\/04\/Fotballbilde-dagsleir.jpg","width":700,"height":300},{"@type":"BreadcrumbList","@id":"https:\/\/acta.no\/trondelag\/fotball-leir-for-1-4-klasse\/#breadcrumb","itemListElement":[{"@type":"ListItem","position":1,"name":"Til acta.no","item":"https:\/\/acta.no\/"},{"@type":"ListItem","position":2,"name":"Region Tr\u00f8ndelag","item":"https:\/\/acta.no\/trondelag\/"},{"@type":"ListItem","position":3,"name":"Fotball leir 14. &#8211; 15. juni 2025 &#8212; 1.- 4. klasse"}]},{"@type":"WebSite","@id":"https:\/\/acta.no\/trondelag\/#website","url":"https:\/\/acta.no\/trondelag\/","name":"Acta Region Tr\u00f8ndelag","description":"Tr\u00f8ndelag","potentialAction":[{"@type":"SearchAction","target":{"@type":"EntryPoint","urlTemplate":"https:\/\/acta.no\/trondelag\/?s={search_term_string}"},"query-input":{"@type":"PropertyValueSpecification","valueRequired":true,"valueName":"search_term_string"}}],"inLanguage":"nb-NO"}]}},"_links":{"self":[{"href":"https:\/\/acta.no\/trondelag\/wp-json\/wp\/v2\/pages\/1431","targetHints":{"allow":["GET"]}}],"collection":[{"href":"https:\/\/acta.no\/trondelag\/wp-json\/wp\/v2\/pages"}],"about":[{"href":"https:\/\/acta.no\/trondelag\/wp-json\/wp\/v2\/types\/page"}],"author":[{"embeddable":true,"href":"https:\/\/acta.no\/trondelag\/wp-json\/wp\/v2\/users\/130"}],"replies":[{"embeddable":true,"href":"https:\/\/acta.no\/trondelag\/wp-json\/wp\/v2\/comments?post=1431"}],"version-history":[{"count":3,"href":"https:\/\/acta.no\/trondelag\/wp-json\/wp\/v2\/pages\/1431\/revisions"}],"predecessor-version":[{"id":1452,"href":"https:\/\/acta.no\/trondelag\/wp-json\/wp\/v2\/pages\/1431\/revisions\/1452"}],"wp:featuredmedia":[{"embeddable":true,"href":"https:\/\/acta.no\/trondelag\/wp-json\/wp\/v2\/media\/1432"}],"wp:attachment":[{"href":"https:\/\/acta.no\/trondelag\/wp-json\/wp\/v2\/media?parent=1431"}],"curies":[{"name":"wp","href":"https:\/\/api.w.org\/{rel}","templated":true}]}}