{"id":1283,"date":"2025-10-31T12:20:36","date_gmt":"2025-10-31T12:20:36","guid":{"rendered":"https:\/\/acta.no\/trondelag\/?page_id=1283"},"modified":"2026-02-13T10:36:08","modified_gmt":"2026-02-13T10:36:08","slug":"acta-trondelag-starter-opp-med-nytt-leir-konsept-gaming-kunst-og-musikk-vi-onsker-a-na-nye-og-flere-ungdommer-gjennom-helt-andre-aktiviteter-enn-tidligere-alt-fra-nerden-i-musikk-eller-gaming-ti","status":"publish","type":"page","link":"https:\/\/acta.no\/trondelag\/acta-trondelag-starter-opp-med-nytt-leir-konsept-gaming-kunst-og-musikk-vi-onsker-a-na-nye-og-flere-ungdommer-gjennom-helt-andre-aktiviteter-enn-tidligere-alt-fra-nerden-i-musikk-eller-gaming-ti\/","title":{"rendered":"Gaming, kunst og musikk  6.-8.mars 2026, 13-19 \u00e5r"},"content":{"rendered":"<div class=\"gutenberg-content\">\n<figure class=\"wp-block-image size-large\"><img loading=\"lazy\" decoding=\"async\" width=\"1024\" height=\"768\" src=\"https:\/\/www.normisjon.no\/content\/uploads\/sites\/36\/2025\/10\/IMG20250215181452-1024x768.jpg\" alt=\"\" class=\"wp-image-1653\" style=\"aspect-ratio:3\/2;object-fit:cover\" srcset=\"https:\/\/www.normisjon.no\/content\/uploads\/sites\/36\/2025\/10\/IMG20250215181452-1024x768.jpg 1024w, https:\/\/www.normisjon.no\/content\/uploads\/sites\/36\/2025\/10\/IMG20250215181452-300x225.jpg 300w, https:\/\/www.normisjon.no\/content\/uploads\/sites\/36\/2025\/10\/IMG20250215181452-768x576.jpg 768w, https:\/\/www.normisjon.no\/content\/uploads\/sites\/36\/2025\/10\/IMG20250215181452-1536x1152.jpg 1536w, https:\/\/www.normisjon.no\/content\/uploads\/sites\/36\/2025\/10\/IMG20250215181452-2048x1536.jpg 2048w, https:\/\/www.normisjon.no\/content\/uploads\/sites\/36\/2025\/10\/IMG20250215181452-1920x1440.jpg 1920w, https:\/\/www.normisjon.no\/content\/uploads\/sites\/36\/2025\/10\/IMG20250215181452-1360x1020.jpg 1360w, https:\/\/www.normisjon.no\/content\/uploads\/sites\/36\/2025\/10\/IMG20250215181452-960x720.jpg 960w\" sizes=\"auto, (max-width: 1024px) 100vw, 1024px\" \/><\/figure>\n\n\n\n<blockquote class=\"wp-block-quote is-layout-flow wp-block-quote-is-layout-flow\">\n<p>&laquo;Grensesprengende fellesskap hvor barn og unge m\u00f8ter, f\u00f8lger og \u00e6rer Jesus Kristus&raquo;<\/p>\n<cite>Acta sin visjon<\/cite><\/blockquote>\n\n\n\n<h5 class=\"wp-block-heading\">Acta Tr\u00f8ndelag med ny leir p\u00e5 \u00d8ya ungdomsskole, 6.-8.mars 2026<\/h5>\n\n\n<p style=\"text-align: left;\">Vi i Acta \u00f8nsker \u00e5 tenke nytt og grensesprengende om leir-konseptet for deg som er mellom 13 og 19 \u00e5r. Vi vil n\u00e5 alt fra nerden p\u00e5 Gaming og musikk- til den kreative ungdommen, som skaper gjennom akrylmaling p\u00e5 lerret. For hvert \u00e5r, s\u00e5 vil kunst-delen v\u00e6re ny. I fjor var det retro-s\u00f8m, mens i \u00e5r er det akrylmaling.<\/p>\n<p style=\"text-align: left;\">Tanken er \u00e5 koble dette sammen til en spennende leir, der hver enkelt kan gj\u00f8re det de liker aller best,- men samtidig v\u00e6re samlet med Jesus i sentrum p\u00e5 Celebration om kvelden og samling etter frokost. Det vil ogs\u00e5 bli felles hyggekveld, aktivitet, leik og moro.<\/p>\n\n\n<h5 class=\"wp-block-heading\">Gaming<\/h5>\n\n\n\n<p>Vi gj\u00f8r klart for 20-25 ungdommer p\u00e5 Gaming-delen, i laget; &laquo;Acta Respawn Gaming&raquo;. <\/p>\n\n\n\n<p>Istedenfor Gaming-natt, s\u00e5 pr\u00f8ver vi oss p\u00e5 fire Gaming \u00f8kter p\u00e5 3 timer i slengen. Mellom \u00f8ktene er det felles m\u00e5ltider, leik og tid sammen. L\u00f8rdagskvelden blir det Celebration og hyggekveld. <\/p>\n\n\n\n<p>Alle tar med egen Gaming-utstyr, &#8211; men med mulighet for \u00e5 l\u00e5ne, dersom du ikke har eget. Her kan du komme med masse erfaring, eller helt fersk- med et \u00f8nske om \u00e5 l\u00e6re. Og kanskje kan 13-\u00e5ringen l\u00e6re 19 \u00e5ringen helt nye ting! Her konkurreres det, deles erfaring og heies p\u00e5 hverandre. <\/p>\n\n\n\n<p>Flinke og erfarne ledere er med hele helga. Erlend Brodal blir leder for denne aktiviteten. Han har masse erfaring og har jobbet med \u00e5 blant annet utvikle spill.<\/p>\n\n\n\n<p>Meld deg raskt p\u00e5, s\u00e5 f\u00e5r du tilsendt informasjon om utstyr og QR-kode for \u00e5 komme deg inn p\u00e5 egen Discord-server, der du kan begynne \u00e5 spille og bli kjent allerede f\u00f8r leiren.<\/p>\n\n\n\n<h5 class=\"wp-block-heading\">Kunst<\/h5>\n\n\n\n<p>I \u00e5r blir kunst-delen akrylmaling. Det m\u00f8tes vi i laget; &laquo;Skaperglede&raquo;.<\/p>\n\n\n\n<p>Det vil si, at vi eller maler med akrylmaling p\u00e5 lerret. Her er det store muligheter for \u00e5 utfolde seg kunstnerisk. Vi skaffer maling, lerret, koster og det du trenger. Vi l\u00e6rer av instrukt\u00f8r og av hverandre. Vi h\u00e5per p\u00e5 en gruppe rundt 15 stykker.<\/p>\n\n\n\n<p>Leder for denne gruppa er Rakel Gilde. Hun g\u00e5r for tiden p\u00e5 G\u00e5 Ut Senteret og elsker \u00e5 male. <\/p>\n\n\n\n<figure class=\"wp-block-image size-large\"><img loading=\"lazy\" decoding=\"async\" width=\"1024\" height=\"768\" src=\"https:\/\/www.normisjon.no\/content\/uploads\/sites\/36\/2025\/10\/IMG20250215181133-1024x768.jpg\" alt=\"\" class=\"wp-image-1657\" style=\"aspect-ratio:3\/2;object-fit:cover\" srcset=\"https:\/\/www.normisjon.no\/content\/uploads\/sites\/36\/2025\/10\/IMG20250215181133-1024x768.jpg 1024w, https:\/\/www.normisjon.no\/content\/uploads\/sites\/36\/2025\/10\/IMG20250215181133-300x225.jpg 300w, https:\/\/www.normisjon.no\/content\/uploads\/sites\/36\/2025\/10\/IMG20250215181133-768x576.jpg 768w, https:\/\/www.normisjon.no\/content\/uploads\/sites\/36\/2025\/10\/IMG20250215181133-1536x1152.jpg 1536w, https:\/\/www.normisjon.no\/content\/uploads\/sites\/36\/2025\/10\/IMG20250215181133-2048x1536.jpg 2048w, https:\/\/www.normisjon.no\/content\/uploads\/sites\/36\/2025\/10\/IMG20250215181133-1920x1440.jpg 1920w, https:\/\/www.normisjon.no\/content\/uploads\/sites\/36\/2025\/10\/IMG20250215181133-1360x1020.jpg 1360w, https:\/\/www.normisjon.no\/content\/uploads\/sites\/36\/2025\/10\/IMG20250215181133-960x720.jpg 960w\" sizes=\"auto, (max-width: 1024px) 100vw, 1024px\" \/><figcaption class=\"wp-element-caption\">Her er Rakel Gilde i full gang med \u00e5 sy &laquo;Ballkjole&raquo; av en gammel lin duk og noe nytt stoff.<\/figcaption><\/figure>\n\n\n\n<h5 class=\"wp-block-heading\">Musikk<\/h5>\n\n\n\n<p>Vi skaffer instrukt\u00f8rer som vil undervise 4-5 ungdommer hver. I sang og lydteknikk kan det v\u00e6re opp mot ti ungdommer. P\u00e5 denne aktiviteten kan du komme b\u00e5de erfaren og uerfaren. I p\u00e5meldingen krysser du av for din erfaring i instrumentet du velger. Du tar med deg eget instrument (bortsett i piano). Dersom du ikke har eget instrument, s\u00e5 hjelper vi deg. <\/p>\n\n\n\n<p>I l\u00f8pet av helga s\u00e5 setter vi sammen band. Og p\u00e5 s\u00f8ndag blir det en opptreden for alle p\u00e5 leiren. Det blir en fin avslutning &#8211; p\u00e5 en spennende helg. <\/p>\n\n\n\n<p>Eirik Kaasa blir ansvarlig for musikk verkstedet. Han jobber p\u00e5 heltid for Normisjon sentralt, som musikkonsulent i Acta. Han har lang erfaring som musiker og musikkpedagog, og er ogs\u00e5 dirigent for gospelkoret Safari. <\/p>\n\n\n\n<p>Dette kan du velge:<\/p>\n\n\n\n<ul class=\"wp-block-list\">\n<li style=\"font-size:25px\">Piano<\/li>\n\n\n\n<li style=\"font-size:25px\">Gitar<\/li>\n\n\n\n<li style=\"font-size:25px\">Bass<\/li>\n\n\n\n<li style=\"font-size:25px\">Trommer<\/li>\n\n\n\n<li style=\"font-size:25px\">Vokal<\/li>\n\n\n\n<li style=\"font-size:25px\">Lydteknikk<\/li>\n<\/ul>\n\n\n\n<p class=\"has-text-align-left\" style=\"font-size:29px\"><strong>P\u00e5melding: <a href=\"https:\/\/event.checkin.no\/195728\/gaming-kunst-og-musikk-kopi\" target=\"_blank\" rel=\"noreferrer noopener\">HER<\/a><\/strong><\/p>\n\n\n\n<h5 class=\"wp-block-heading\">Praktisk:<\/h5>\n\n\n\n<ul class=\"wp-block-list\">\n<li class=\"has-medium-font-size\">Registrering fredag 6. mars kl.17.00 p\u00e5 \u00d8ya ungdomsskole.<\/li>\n\n\n\n<li class=\"has-medium-font-size\">Leiren avslutter s\u00f8ndag 8. mars 15.00.<\/li>\n\n\n\n<li class=\"has-medium-font-size\">Det er busstopp rett ved skolen (\u00d8ya vgs. ligger ved siden av. Her stopper bussen)<\/li>\n\n\n\n<li class=\"has-medium-font-size\">Det er mulig \u00e5 bli hentet p\u00e5 togstasjonen p\u00e5 Ler. Dette registreres p\u00e5 valg i billett.&nbsp;<\/li>\n\n\n\n<li class=\"has-medium-font-size\">Vi sover p\u00e5 skolen. Ha derfor med sovepose og underlag.<\/li>\n\n\n\n<li class=\"has-medium-font-size\">Eget utstyr, etter hvilke aktivitet som er valgt, has med. Dette kommer fram i billetten.&nbsp;<\/li>\n<\/ul>\n\n\n\n<h5 class=\"wp-block-heading\">Ta kontakt:<\/h5>\n\n\n\n<p>Iren L. Gilde, Acta leder Tr\u00f8ndelag, 917 41 595, iren.gilde@normisjon.no<\/p>\n<\/div>","protected":false},"excerpt":{"rendered":"<p>&laquo;Grensesprengende fellesskap hvor barn og unge m\u00f8ter, f\u00f8lger og \u00e6rer Jesus Kristus&raquo; Acta sin visjon Acta Tr\u00f8ndelag med ny leir p\u00e5 \u00d8ya ungdomsskole, 6.-8.mars 2026 Vi i Acta \u00f8nsker \u00e5 tenke nytt og grensesprengende om leir-konseptet for deg som er mellom 13 og 19 \u00e5r. Vi vil n\u00e5 alt fra nerden p\u00e5 Gaming og musikk- [&hellip;]<\/p>\n","protected":false},"author":130,"featured_media":1662,"parent":0,"menu_order":0,"comment_status":"closed","ping_status":"closed","template":"","meta":{"_acf_changed":false,"footnotes":""},"class_list":["post-1283","page","type-page","status-publish","has-post-thumbnail","hentry"],"acf":[],"yoast_head":"<!-- This site is optimized with the Yoast SEO plugin v25.9 - https:\/\/yoast.com\/wordpress\/plugins\/seo\/ -->\n<title>Gaming, kunst og musikk 6.-8.mars 2026, 13-19 \u00e5r - Acta Region Tr\u00f8ndelag<\/title>\n<meta name=\"description\" content=\"Ungdomsleir med Gaming, kunst og musikk. Det blir leik, venner, aktivitet og Celebration med lovsang og tale. Og mye tid til utvalgt aktivitet\" \/>\n<meta name=\"robots\" content=\"index, follow, max-snippet:-1, max-image-preview:large, max-video-preview:-1\" \/>\n<link rel=\"canonical\" href=\"https:\/\/acta.no\/trondelag\/acta-trondelag-starter-opp-med-nytt-leir-konsept-gaming-kunst-og-musikk-vi-onsker-a-na-nye-og-flere-ungdommer-gjennom-helt-andre-aktiviteter-enn-tidligere-alt-fra-nerden-i-musikk-eller-gaming-ti\/\" \/>\n<meta property=\"og:locale\" content=\"nb_NO\" \/>\n<meta property=\"og:type\" content=\"article\" \/>\n<meta property=\"og:title\" content=\"Gaming, kunst og musikk 6.-8.mars 2026, 13-19 \u00e5r - Acta Region Tr\u00f8ndelag\" \/>\n<meta property=\"og:description\" content=\"Ungdomsleir med Gaming, kunst og musikk. Det blir leik, venner, aktivitet og Celebration med lovsang og tale. Og mye tid til utvalgt aktivitet\" \/>\n<meta property=\"og:url\" content=\"https:\/\/acta.no\/trondelag\/acta-trondelag-starter-opp-med-nytt-leir-konsept-gaming-kunst-og-musikk-vi-onsker-a-na-nye-og-flere-ungdommer-gjennom-helt-andre-aktiviteter-enn-tidligere-alt-fra-nerden-i-musikk-eller-gaming-ti\/\" \/>\n<meta property=\"og:site_name\" content=\"Acta Region Tr\u00f8ndelag\" \/>\n<meta property=\"article:modified_time\" content=\"2026-02-13T10:36:08+00:00\" \/>\n<meta property=\"og:image\" content=\"https:\/\/www.normisjon.no\/content\/uploads\/sites\/36\/2025\/10\/IMG20250215181236-scaled.jpg\" \/>\n\t<meta property=\"og:image:width\" content=\"2560\" \/>\n\t<meta property=\"og:image:height\" content=\"1920\" \/>\n\t<meta property=\"og:image:type\" content=\"image\/jpeg\" \/>\n<meta name=\"twitter:card\" content=\"summary_large_image\" \/>\n<meta name=\"twitter:label1\" content=\"Ansl. lesetid\" \/>\n\t<meta name=\"twitter:data1\" content=\"4 minutter\" \/>\n<script type=\"application\/ld+json\" class=\"yoast-schema-graph\">{\"@context\":\"https:\/\/schema.org\",\"@graph\":[{\"@type\":\"WebPage\",\"@id\":\"https:\/\/acta.no\/trondelag\/acta-trondelag-starter-opp-med-nytt-leir-konsept-gaming-kunst-og-musikk-vi-onsker-a-na-nye-og-flere-ungdommer-gjennom-helt-andre-aktiviteter-enn-tidligere-alt-fra-nerden-i-musikk-eller-gaming-ti\/\",\"url\":\"https:\/\/acta.no\/trondelag\/acta-trondelag-starter-opp-med-nytt-leir-konsept-gaming-kunst-og-musikk-vi-onsker-a-na-nye-og-flere-ungdommer-gjennom-helt-andre-aktiviteter-enn-tidligere-alt-fra-nerden-i-musikk-eller-gaming-ti\/\",\"name\":\"Gaming, kunst og musikk 6.-8.mars 2026, 13-19 \u00e5r - Acta Region Tr\u00f8ndelag\",\"isPartOf\":{\"@id\":\"https:\/\/acta.no\/trondelag\/#website\"},\"primaryImageOfPage\":{\"@id\":\"https:\/\/acta.no\/trondelag\/acta-trondelag-starter-opp-med-nytt-leir-konsept-gaming-kunst-og-musikk-vi-onsker-a-na-nye-og-flere-ungdommer-gjennom-helt-andre-aktiviteter-enn-tidligere-alt-fra-nerden-i-musikk-eller-gaming-ti\/#primaryimage\"},\"image\":{\"@id\":\"https:\/\/acta.no\/trondelag\/acta-trondelag-starter-opp-med-nytt-leir-konsept-gaming-kunst-og-musikk-vi-onsker-a-na-nye-og-flere-ungdommer-gjennom-helt-andre-aktiviteter-enn-tidligere-alt-fra-nerden-i-musikk-eller-gaming-ti\/#primaryimage\"},\"thumbnailUrl\":\"https:\/\/www.normisjon.no\/content\/uploads\/sites\/36\/2025\/10\/IMG20250215181236-scaled.jpg\",\"datePublished\":\"2025-10-31T12:20:36+00:00\",\"dateModified\":\"2026-02-13T10:36:08+00:00\",\"description\":\"Ungdomsleir med Gaming, kunst og musikk. Det blir leik, venner, aktivitet og Celebration med lovsang og tale. Og mye tid til utvalgt aktivitet\",\"breadcrumb\":{\"@id\":\"https:\/\/acta.no\/trondelag\/acta-trondelag-starter-opp-med-nytt-leir-konsept-gaming-kunst-og-musikk-vi-onsker-a-na-nye-og-flere-ungdommer-gjennom-helt-andre-aktiviteter-enn-tidligere-alt-fra-nerden-i-musikk-eller-gaming-ti\/#breadcrumb\"},\"inLanguage\":\"nb-NO\",\"potentialAction\":[{\"@type\":\"ReadAction\",\"target\":[\"https:\/\/acta.no\/trondelag\/acta-trondelag-starter-opp-med-nytt-leir-konsept-gaming-kunst-og-musikk-vi-onsker-a-na-nye-og-flere-ungdommer-gjennom-helt-andre-aktiviteter-enn-tidligere-alt-fra-nerden-i-musikk-eller-gaming-ti\/\"]}]},{\"@type\":\"ImageObject\",\"inLanguage\":\"nb-NO\",\"@id\":\"https:\/\/acta.no\/trondelag\/acta-trondelag-starter-opp-med-nytt-leir-konsept-gaming-kunst-og-musikk-vi-onsker-a-na-nye-og-flere-ungdommer-gjennom-helt-andre-aktiviteter-enn-tidligere-alt-fra-nerden-i-musikk-eller-gaming-ti\/#primaryimage\",\"url\":\"https:\/\/www.normisjon.no\/content\/uploads\/sites\/36\/2025\/10\/IMG20250215181236-scaled.jpg\",\"contentUrl\":\"https:\/\/www.normisjon.no\/content\/uploads\/sites\/36\/2025\/10\/IMG20250215181236-scaled.jpg\",\"width\":2560,\"height\":1920},{\"@type\":\"BreadcrumbList\",\"@id\":\"https:\/\/acta.no\/trondelag\/acta-trondelag-starter-opp-med-nytt-leir-konsept-gaming-kunst-og-musikk-vi-onsker-a-na-nye-og-flere-ungdommer-gjennom-helt-andre-aktiviteter-enn-tidligere-alt-fra-nerden-i-musikk-eller-gaming-ti\/#breadcrumb\",\"itemListElement\":[{\"@type\":\"ListItem\",\"position\":1,\"name\":\"Til acta.no\",\"item\":\"https:\/\/acta.no\/\"},{\"@type\":\"ListItem\",\"position\":2,\"name\":\"Region Tr\u00f8ndelag\",\"item\":\"https:\/\/acta.no\/trondelag\/\"},{\"@type\":\"ListItem\",\"position\":3,\"name\":\"Gaming, kunst og musikk 6.-8.mars 2026, 13-19 \u00e5r\"}]},{\"@type\":\"WebSite\",\"@id\":\"https:\/\/acta.no\/trondelag\/#website\",\"url\":\"https:\/\/acta.no\/trondelag\/\",\"name\":\"Acta Region Tr\u00f8ndelag\",\"description\":\"Tr\u00f8ndelag\",\"potentialAction\":[{\"@type\":\"SearchAction\",\"target\":{\"@type\":\"EntryPoint\",\"urlTemplate\":\"https:\/\/acta.no\/trondelag\/?s={search_term_string}\"},\"query-input\":{\"@type\":\"PropertyValueSpecification\",\"valueRequired\":true,\"valueName\":\"search_term_string\"}}],\"inLanguage\":\"nb-NO\"}]}<\/script>\n<!-- \/ Yoast SEO plugin. -->","yoast_head_json":{"title":"Gaming, kunst og musikk 6.-8.mars 2026, 13-19 \u00e5r - Acta Region Tr\u00f8ndelag","description":"Ungdomsleir med Gaming, kunst og musikk. Det blir leik, venner, aktivitet og Celebration med lovsang og tale. Og mye tid til utvalgt aktivitet","robots":{"index":"index","follow":"follow","max-snippet":"max-snippet:-1","max-image-preview":"max-image-preview:large","max-video-preview":"max-video-preview:-1"},"canonical":"https:\/\/acta.no\/trondelag\/acta-trondelag-starter-opp-med-nytt-leir-konsept-gaming-kunst-og-musikk-vi-onsker-a-na-nye-og-flere-ungdommer-gjennom-helt-andre-aktiviteter-enn-tidligere-alt-fra-nerden-i-musikk-eller-gaming-ti\/","og_locale":"nb_NO","og_type":"article","og_title":"Gaming, kunst og musikk 6.-8.mars 2026, 13-19 \u00e5r - Acta Region Tr\u00f8ndelag","og_description":"Ungdomsleir med Gaming, kunst og musikk. Det blir leik, venner, aktivitet og Celebration med lovsang og tale. Og mye tid til utvalgt aktivitet","og_url":"https:\/\/acta.no\/trondelag\/acta-trondelag-starter-opp-med-nytt-leir-konsept-gaming-kunst-og-musikk-vi-onsker-a-na-nye-og-flere-ungdommer-gjennom-helt-andre-aktiviteter-enn-tidligere-alt-fra-nerden-i-musikk-eller-gaming-ti\/","og_site_name":"Acta Region Tr\u00f8ndelag","article_modified_time":"2026-02-13T10:36:08+00:00","og_image":[{"width":2560,"height":1920,"url":"https:\/\/www.normisjon.no\/content\/uploads\/sites\/36\/2025\/10\/IMG20250215181236-scaled.jpg","type":"image\/jpeg"}],"twitter_card":"summary_large_image","twitter_misc":{"Ansl. lesetid":"4 minutter"},"schema":{"@context":"https:\/\/schema.org","@graph":[{"@type":"WebPage","@id":"https:\/\/acta.no\/trondelag\/acta-trondelag-starter-opp-med-nytt-leir-konsept-gaming-kunst-og-musikk-vi-onsker-a-na-nye-og-flere-ungdommer-gjennom-helt-andre-aktiviteter-enn-tidligere-alt-fra-nerden-i-musikk-eller-gaming-ti\/","url":"https:\/\/acta.no\/trondelag\/acta-trondelag-starter-opp-med-nytt-leir-konsept-gaming-kunst-og-musikk-vi-onsker-a-na-nye-og-flere-ungdommer-gjennom-helt-andre-aktiviteter-enn-tidligere-alt-fra-nerden-i-musikk-eller-gaming-ti\/","name":"Gaming, kunst og musikk 6.-8.mars 2026, 13-19 \u00e5r - Acta Region Tr\u00f8ndelag","isPartOf":{"@id":"https:\/\/acta.no\/trondelag\/#website"},"primaryImageOfPage":{"@id":"https:\/\/acta.no\/trondelag\/acta-trondelag-starter-opp-med-nytt-leir-konsept-gaming-kunst-og-musikk-vi-onsker-a-na-nye-og-flere-ungdommer-gjennom-helt-andre-aktiviteter-enn-tidligere-alt-fra-nerden-i-musikk-eller-gaming-ti\/#primaryimage"},"image":{"@id":"https:\/\/acta.no\/trondelag\/acta-trondelag-starter-opp-med-nytt-leir-konsept-gaming-kunst-og-musikk-vi-onsker-a-na-nye-og-flere-ungdommer-gjennom-helt-andre-aktiviteter-enn-tidligere-alt-fra-nerden-i-musikk-eller-gaming-ti\/#primaryimage"},"thumbnailUrl":"https:\/\/www.normisjon.no\/content\/uploads\/sites\/36\/2025\/10\/IMG20250215181236-scaled.jpg","datePublished":"2025-10-31T12:20:36+00:00","dateModified":"2026-02-13T10:36:08+00:00","description":"Ungdomsleir med Gaming, kunst og musikk. Det blir leik, venner, aktivitet og Celebration med lovsang og tale. Og mye tid til utvalgt aktivitet","breadcrumb":{"@id":"https:\/\/acta.no\/trondelag\/acta-trondelag-starter-opp-med-nytt-leir-konsept-gaming-kunst-og-musikk-vi-onsker-a-na-nye-og-flere-ungdommer-gjennom-helt-andre-aktiviteter-enn-tidligere-alt-fra-nerden-i-musikk-eller-gaming-ti\/#breadcrumb"},"inLanguage":"nb-NO","potentialAction":[{"@type":"ReadAction","target":["https:\/\/acta.no\/trondelag\/acta-trondelag-starter-opp-med-nytt-leir-konsept-gaming-kunst-og-musikk-vi-onsker-a-na-nye-og-flere-ungdommer-gjennom-helt-andre-aktiviteter-enn-tidligere-alt-fra-nerden-i-musikk-eller-gaming-ti\/"]}]},{"@type":"ImageObject","inLanguage":"nb-NO","@id":"https:\/\/acta.no\/trondelag\/acta-trondelag-starter-opp-med-nytt-leir-konsept-gaming-kunst-og-musikk-vi-onsker-a-na-nye-og-flere-ungdommer-gjennom-helt-andre-aktiviteter-enn-tidligere-alt-fra-nerden-i-musikk-eller-gaming-ti\/#primaryimage","url":"https:\/\/www.normisjon.no\/content\/uploads\/sites\/36\/2025\/10\/IMG20250215181236-scaled.jpg","contentUrl":"https:\/\/www.normisjon.no\/content\/uploads\/sites\/36\/2025\/10\/IMG20250215181236-scaled.jpg","width":2560,"height":1920},{"@type":"BreadcrumbList","@id":"https:\/\/acta.no\/trondelag\/acta-trondelag-starter-opp-med-nytt-leir-konsept-gaming-kunst-og-musikk-vi-onsker-a-na-nye-og-flere-ungdommer-gjennom-helt-andre-aktiviteter-enn-tidligere-alt-fra-nerden-i-musikk-eller-gaming-ti\/#breadcrumb","itemListElement":[{"@type":"ListItem","position":1,"name":"Til acta.no","item":"https:\/\/acta.no\/"},{"@type":"ListItem","position":2,"name":"Region Tr\u00f8ndelag","item":"https:\/\/acta.no\/trondelag\/"},{"@type":"ListItem","position":3,"name":"Gaming, kunst og musikk 6.-8.mars 2026, 13-19 \u00e5r"}]},{"@type":"WebSite","@id":"https:\/\/acta.no\/trondelag\/#website","url":"https:\/\/acta.no\/trondelag\/","name":"Acta Region Tr\u00f8ndelag","description":"Tr\u00f8ndelag","potentialAction":[{"@type":"SearchAction","target":{"@type":"EntryPoint","urlTemplate":"https:\/\/acta.no\/trondelag\/?s={search_term_string}"},"query-input":{"@type":"PropertyValueSpecification","valueRequired":true,"valueName":"search_term_string"}}],"inLanguage":"nb-NO"}]}},"_links":{"self":[{"href":"https:\/\/acta.no\/trondelag\/wp-json\/wp\/v2\/pages\/1283","targetHints":{"allow":["GET"]}}],"collection":[{"href":"https:\/\/acta.no\/trondelag\/wp-json\/wp\/v2\/pages"}],"about":[{"href":"https:\/\/acta.no\/trondelag\/wp-json\/wp\/v2\/types\/page"}],"author":[{"embeddable":true,"href":"https:\/\/acta.no\/trondelag\/wp-json\/wp\/v2\/users\/130"}],"replies":[{"embeddable":true,"href":"https:\/\/acta.no\/trondelag\/wp-json\/wp\/v2\/comments?post=1283"}],"version-history":[{"count":21,"href":"https:\/\/acta.no\/trondelag\/wp-json\/wp\/v2\/pages\/1283\/revisions"}],"predecessor-version":[{"id":1688,"href":"https:\/\/acta.no\/trondelag\/wp-json\/wp\/v2\/pages\/1283\/revisions\/1688"}],"wp:featuredmedia":[{"embeddable":true,"href":"https:\/\/acta.no\/trondelag\/wp-json\/wp\/v2\/media\/1662"}],"wp:attachment":[{"href":"https:\/\/acta.no\/trondelag\/wp-json\/wp\/v2\/media?parent=1283"}],"curies":[{"name":"wp","href":"https:\/\/api.w.org\/{rel}","templated":true}]}}