{"id":1266,"date":"2024-09-25T13:27:08","date_gmt":"2024-09-25T13:27:08","guid":{"rendered":"https:\/\/acta.no\/trondelag\/?page_id=1266"},"modified":"2025-10-09T09:34:00","modified_gmt":"2025-10-09T09:34:00","slug":"misjonssprell-hallarheim-26-27-oktober","status":"publish","type":"page","link":"https:\/\/acta.no\/trondelag\/misjonssprell-hallarheim-26-27-oktober\/","title":{"rendered":"Misjonssprell p\u00e5 Hallarheim 7.-9. november"},"content":{"rendered":"<div class=\"gutenberg-content\">\n<p>Velkommen til et morsomt d\u00f8gn sammen for barn som g\u00e5r i 5.- 7. klasse!<\/p>\n\n\n\n<figure class=\"wp-block-image size-large is-resized\"><img loading=\"lazy\" decoding=\"async\" width=\"724\" height=\"1024\" src=\"https:\/\/www.normisjon.no\/content\/uploads\/sites\/36\/2025\/10\/Til-hjemmeside-Hallarheim-2025-724x1024.jpg\" alt=\"\" class=\"wp-image-1606\" style=\"width:874px;height:auto\" srcset=\"https:\/\/www.normisjon.no\/content\/uploads\/sites\/36\/2025\/10\/Til-hjemmeside-Hallarheim-2025-724x1024.jpg 724w, https:\/\/www.normisjon.no\/content\/uploads\/sites\/36\/2025\/10\/Til-hjemmeside-Hallarheim-2025-212x300.jpg 212w, https:\/\/www.normisjon.no\/content\/uploads\/sites\/36\/2025\/10\/Til-hjemmeside-Hallarheim-2025-768x1086.jpg 768w, https:\/\/www.normisjon.no\/content\/uploads\/sites\/36\/2025\/10\/Til-hjemmeside-Hallarheim-2025-1086x1536.jpg 1086w, https:\/\/www.normisjon.no\/content\/uploads\/sites\/36\/2025\/10\/Til-hjemmeside-Hallarheim-2025-1448x2048.jpg 1448w, https:\/\/www.normisjon.no\/content\/uploads\/sites\/36\/2025\/10\/Til-hjemmeside-Hallarheim-2025-1357x1920.jpg 1357w, https:\/\/www.normisjon.no\/content\/uploads\/sites\/36\/2025\/10\/Til-hjemmeside-Hallarheim-2025-679x960.jpg 679w, https:\/\/www.normisjon.no\/content\/uploads\/sites\/36\/2025\/10\/Til-hjemmeside-Hallarheim-2025.jpg 1587w\" sizes=\"auto, (max-width: 724px) 100vw, 724px\" \/><\/figure>\n<\/div>","protected":false},"excerpt":{"rendered":"<p>Velkommen til et morsomt d\u00f8gn sammen for barn som g\u00e5r i 5.- 7. klasse!<\/p>\n","protected":false},"author":58,"featured_media":1611,"parent":0,"menu_order":0,"comment_status":"closed","ping_status":"closed","template":"","meta":{"_acf_changed":false,"footnotes":""},"class_list":["post-1266","page","type-page","status-publish","has-post-thumbnail","hentry"],"acf":[],"yoast_head":"<!-- This site is optimized with the Yoast SEO plugin v25.9 - https:\/\/yoast.com\/wordpress\/plugins\/seo\/ -->\n<title>Misjonssprell p\u00e5 Hallarheim 7.-9. november - Acta Region Tr\u00f8ndelag<\/title>\n<meta name=\"robots\" content=\"index, follow, max-snippet:-1, max-image-preview:large, max-video-preview:-1\" \/>\n<link rel=\"canonical\" href=\"https:\/\/acta.no\/trondelag\/misjonssprell-hallarheim-26-27-oktober\/\" \/>\n<meta property=\"og:locale\" content=\"nb_NO\" \/>\n<meta property=\"og:type\" content=\"article\" \/>\n<meta property=\"og:title\" content=\"Misjonssprell p\u00e5 Hallarheim 7.-9. november - Acta Region Tr\u00f8ndelag\" \/>\n<meta property=\"og:description\" content=\"Velkommen til et morsomt d\u00f8gn sammen for barn som g\u00e5r i 5.- 7. klasse!\" \/>\n<meta property=\"og:url\" content=\"https:\/\/acta.no\/trondelag\/misjonssprell-hallarheim-26-27-oktober\/\" \/>\n<meta property=\"og:site_name\" content=\"Acta Region Tr\u00f8ndelag\" \/>\n<meta property=\"article:modified_time\" content=\"2025-10-09T09:34:00+00:00\" \/>\n<meta name=\"twitter:card\" content=\"summary_large_image\" \/>\n<meta name=\"twitter:label1\" content=\"Ansl. lesetid\" \/>\n\t<meta name=\"twitter:data1\" content=\"1 minutt\" \/>\n<script type=\"application\/ld+json\" class=\"yoast-schema-graph\">{\"@context\":\"https:\/\/schema.org\",\"@graph\":[{\"@type\":\"WebPage\",\"@id\":\"https:\/\/acta.no\/trondelag\/misjonssprell-hallarheim-26-27-oktober\/\",\"url\":\"https:\/\/acta.no\/trondelag\/misjonssprell-hallarheim-26-27-oktober\/\",\"name\":\"Misjonssprell p\u00e5 Hallarheim 7.-9. november - Acta Region Tr\u00f8ndelag\",\"isPartOf\":{\"@id\":\"https:\/\/acta.no\/trondelag\/#website\"},\"primaryImageOfPage\":{\"@id\":\"https:\/\/acta.no\/trondelag\/misjonssprell-hallarheim-26-27-oktober\/#primaryimage\"},\"image\":{\"@id\":\"https:\/\/acta.no\/trondelag\/misjonssprell-hallarheim-26-27-oktober\/#primaryimage\"},\"thumbnailUrl\":\"https:\/\/www.normisjon.no\/content\/uploads\/sites\/36\/2025\/10\/Invitasjon-Hallarheim-2025-pdf.jpg\",\"datePublished\":\"2024-09-25T13:27:08+00:00\",\"dateModified\":\"2025-10-09T09:34:00+00:00\",\"breadcrumb\":{\"@id\":\"https:\/\/acta.no\/trondelag\/misjonssprell-hallarheim-26-27-oktober\/#breadcrumb\"},\"inLanguage\":\"nb-NO\",\"potentialAction\":[{\"@type\":\"ReadAction\",\"target\":[\"https:\/\/acta.no\/trondelag\/misjonssprell-hallarheim-26-27-oktober\/\"]}]},{\"@type\":\"ImageObject\",\"inLanguage\":\"nb-NO\",\"@id\":\"https:\/\/acta.no\/trondelag\/misjonssprell-hallarheim-26-27-oktober\/#primaryimage\",\"url\":\"https:\/\/www.normisjon.no\/content\/uploads\/sites\/36\/2025\/10\/Invitasjon-Hallarheim-2025-pdf.jpg\",\"contentUrl\":\"https:\/\/www.normisjon.no\/content\/uploads\/sites\/36\/2025\/10\/Invitasjon-Hallarheim-2025-pdf.jpg\"},{\"@type\":\"BreadcrumbList\",\"@id\":\"https:\/\/acta.no\/trondelag\/misjonssprell-hallarheim-26-27-oktober\/#breadcrumb\",\"itemListElement\":[{\"@type\":\"ListItem\",\"position\":1,\"name\":\"Til acta.no\",\"item\":\"https:\/\/acta.no\/\"},{\"@type\":\"ListItem\",\"position\":2,\"name\":\"Region Tr\u00f8ndelag\",\"item\":\"https:\/\/acta.no\/trondelag\/\"},{\"@type\":\"ListItem\",\"position\":3,\"name\":\"Misjonssprell p\u00e5 Hallarheim 7.-9. november\"}]},{\"@type\":\"WebSite\",\"@id\":\"https:\/\/acta.no\/trondelag\/#website\",\"url\":\"https:\/\/acta.no\/trondelag\/\",\"name\":\"Acta Region Tr\u00f8ndelag\",\"description\":\"Tr\u00f8ndelag\",\"potentialAction\":[{\"@type\":\"SearchAction\",\"target\":{\"@type\":\"EntryPoint\",\"urlTemplate\":\"https:\/\/acta.no\/trondelag\/?s={search_term_string}\"},\"query-input\":{\"@type\":\"PropertyValueSpecification\",\"valueRequired\":true,\"valueName\":\"search_term_string\"}}],\"inLanguage\":\"nb-NO\"}]}<\/script>\n<!-- \/ Yoast SEO plugin. -->","yoast_head_json":{"title":"Misjonssprell p\u00e5 Hallarheim 7.-9. november - Acta Region Tr\u00f8ndelag","robots":{"index":"index","follow":"follow","max-snippet":"max-snippet:-1","max-image-preview":"max-image-preview:large","max-video-preview":"max-video-preview:-1"},"canonical":"https:\/\/acta.no\/trondelag\/misjonssprell-hallarheim-26-27-oktober\/","og_locale":"nb_NO","og_type":"article","og_title":"Misjonssprell p\u00e5 Hallarheim 7.-9. november - Acta Region Tr\u00f8ndelag","og_description":"Velkommen til et morsomt d\u00f8gn sammen for barn som g\u00e5r i 5.- 7. klasse!","og_url":"https:\/\/acta.no\/trondelag\/misjonssprell-hallarheim-26-27-oktober\/","og_site_name":"Acta Region Tr\u00f8ndelag","article_modified_time":"2025-10-09T09:34:00+00:00","twitter_card":"summary_large_image","twitter_misc":{"Ansl. lesetid":"1 minutt"},"schema":{"@context":"https:\/\/schema.org","@graph":[{"@type":"WebPage","@id":"https:\/\/acta.no\/trondelag\/misjonssprell-hallarheim-26-27-oktober\/","url":"https:\/\/acta.no\/trondelag\/misjonssprell-hallarheim-26-27-oktober\/","name":"Misjonssprell p\u00e5 Hallarheim 7.-9. november - Acta Region Tr\u00f8ndelag","isPartOf":{"@id":"https:\/\/acta.no\/trondelag\/#website"},"primaryImageOfPage":{"@id":"https:\/\/acta.no\/trondelag\/misjonssprell-hallarheim-26-27-oktober\/#primaryimage"},"image":{"@id":"https:\/\/acta.no\/trondelag\/misjonssprell-hallarheim-26-27-oktober\/#primaryimage"},"thumbnailUrl":"https:\/\/www.normisjon.no\/content\/uploads\/sites\/36\/2025\/10\/Invitasjon-Hallarheim-2025-pdf.jpg","datePublished":"2024-09-25T13:27:08+00:00","dateModified":"2025-10-09T09:34:00+00:00","breadcrumb":{"@id":"https:\/\/acta.no\/trondelag\/misjonssprell-hallarheim-26-27-oktober\/#breadcrumb"},"inLanguage":"nb-NO","potentialAction":[{"@type":"ReadAction","target":["https:\/\/acta.no\/trondelag\/misjonssprell-hallarheim-26-27-oktober\/"]}]},{"@type":"ImageObject","inLanguage":"nb-NO","@id":"https:\/\/acta.no\/trondelag\/misjonssprell-hallarheim-26-27-oktober\/#primaryimage","url":"https:\/\/www.normisjon.no\/content\/uploads\/sites\/36\/2025\/10\/Invitasjon-Hallarheim-2025-pdf.jpg","contentUrl":"https:\/\/www.normisjon.no\/content\/uploads\/sites\/36\/2025\/10\/Invitasjon-Hallarheim-2025-pdf.jpg"},{"@type":"BreadcrumbList","@id":"https:\/\/acta.no\/trondelag\/misjonssprell-hallarheim-26-27-oktober\/#breadcrumb","itemListElement":[{"@type":"ListItem","position":1,"name":"Til acta.no","item":"https:\/\/acta.no\/"},{"@type":"ListItem","position":2,"name":"Region Tr\u00f8ndelag","item":"https:\/\/acta.no\/trondelag\/"},{"@type":"ListItem","position":3,"name":"Misjonssprell p\u00e5 Hallarheim 7.-9. november"}]},{"@type":"WebSite","@id":"https:\/\/acta.no\/trondelag\/#website","url":"https:\/\/acta.no\/trondelag\/","name":"Acta Region Tr\u00f8ndelag","description":"Tr\u00f8ndelag","potentialAction":[{"@type":"SearchAction","target":{"@type":"EntryPoint","urlTemplate":"https:\/\/acta.no\/trondelag\/?s={search_term_string}"},"query-input":{"@type":"PropertyValueSpecification","valueRequired":true,"valueName":"search_term_string"}}],"inLanguage":"nb-NO"}]}},"_links":{"self":[{"href":"https:\/\/acta.no\/trondelag\/wp-json\/wp\/v2\/pages\/1266","targetHints":{"allow":["GET"]}}],"collection":[{"href":"https:\/\/acta.no\/trondelag\/wp-json\/wp\/v2\/pages"}],"about":[{"href":"https:\/\/acta.no\/trondelag\/wp-json\/wp\/v2\/types\/page"}],"author":[{"embeddable":true,"href":"https:\/\/acta.no\/trondelag\/wp-json\/wp\/v2\/users\/58"}],"replies":[{"embeddable":true,"href":"https:\/\/acta.no\/trondelag\/wp-json\/wp\/v2\/comments?post=1266"}],"version-history":[{"count":10,"href":"https:\/\/acta.no\/trondelag\/wp-json\/wp\/v2\/pages\/1266\/revisions"}],"predecessor-version":[{"id":1609,"href":"https:\/\/acta.no\/trondelag\/wp-json\/wp\/v2\/pages\/1266\/revisions\/1609"}],"wp:featuredmedia":[{"embeddable":true,"href":"https:\/\/acta.no\/trondelag\/wp-json\/wp\/v2\/media\/1611"}],"wp:attachment":[{"href":"https:\/\/acta.no\/trondelag\/wp-json\/wp\/v2\/media?parent=1266"}],"curies":[{"name":"wp","href":"https:\/\/api.w.org\/{rel}","templated":true}]}}