{"id":1209,"date":"2025-05-19T15:10:23","date_gmt":"2025-05-19T15:10:23","guid":{"rendered":"https:\/\/acta.no\/trondelag\/?page_id=1209"},"modified":"2025-10-29T12:36:05","modified_gmt":"2025-10-29T12:36:05","slug":"lederkurs-for-ungdom-2025","status":"publish","type":"page","link":"https:\/\/acta.no\/trondelag\/lederkurs-for-ungdom-2025\/","title":{"rendered":"Lederkurs for ungdom"},"content":{"rendered":"<div class=\"gutenberg-content\">\n<blockquote class=\"wp-block-quote is-layout-flow wp-block-quote-is-layout-flow\">\n<blockquote class=\"wp-block-quote is-layout-flow wp-block-quote-is-layout-flow\">\n<p>&laquo;\u00c5 lede andre er \u00e5 tjene&raquo;<\/p>\n<\/blockquote>\n<cite><strong>&laquo;N\u00e5r da jeg, som er Herre og Mester, har vasket deres f\u00f8tter, s\u00e5 skylder ogs\u00e5 dere \u00e5 vaske hverandres f\u00f8tter&raquo; Johannes 13<\/strong><\/cite><\/blockquote>\n\n\n\n<figure class=\"wp-block-image size-large\"><img loading=\"lazy\" decoding=\"async\" width=\"1024\" height=\"683\" src=\"https:\/\/www.normisjon.no\/content\/uploads\/sites\/36\/2025\/03\/Leke-ledelaere-venner-tteambuildinglovsang-og-bonn-1024x683.png\" alt=\"\" class=\"wp-image-1411\" srcset=\"https:\/\/www.normisjon.no\/content\/uploads\/sites\/36\/2025\/03\/Leke-ledelaere-venner-tteambuildinglovsang-og-bonn-1024x683.png 1024w, https:\/\/www.normisjon.no\/content\/uploads\/sites\/36\/2025\/03\/Leke-ledelaere-venner-tteambuildinglovsang-og-bonn-300x200.png 300w, https:\/\/www.normisjon.no\/content\/uploads\/sites\/36\/2025\/03\/Leke-ledelaere-venner-tteambuildinglovsang-og-bonn-768x512.png 768w, https:\/\/www.normisjon.no\/content\/uploads\/sites\/36\/2025\/03\/Leke-ledelaere-venner-tteambuildinglovsang-og-bonn-1536x1024.png 1536w, https:\/\/www.normisjon.no\/content\/uploads\/sites\/36\/2025\/03\/Leke-ledelaere-venner-tteambuildinglovsang-og-bonn-1360x907.png 1360w, https:\/\/www.normisjon.no\/content\/uploads\/sites\/36\/2025\/03\/Leke-ledelaere-venner-tteambuildinglovsang-og-bonn-960x640.png 960w, https:\/\/www.normisjon.no\/content\/uploads\/sites\/36\/2025\/03\/Leke-ledelaere-venner-tteambuildinglovsang-og-bonn.png 1920w\" sizes=\"auto, (max-width: 1024px) 100vw, 1024px\" \/><\/figure>\n\n\n\n<h2 class=\"wp-block-heading\">Nytt lederkurs p\u00e5 \u00c5 misjonshus i \u00c5fjord, 19.-21. september 2025<\/h2>\n\n\n\n<p>\u00c5rets lederkurs var i \u00c5fjord p\u00e5 vakre Fosen, der benyttet oss av Fosen aktiv og klatret Fosen via Ferrata -som teambuilding!<\/p>\n\n\n\n<p>Lederkurset vil bli flyttet litt rundt i Tr\u00f8ndelag, men kanskje med et par \u00e5r p\u00e5 samme sted. <\/p>\n\n\n\n<p>Med et helt nytt lederkurs i -23, s\u00e5 fortsatte vi suksessen i \u00e5r ogs\u00e5! Lederkurset er litt mer enn en vanlig leir, med fem undervisnings-bolker i l\u00f8pet av helga, &#8211; men fylt med lek, konkurranser, venner, korssamling og lovsang. lederkurset er for deg som er mellom 13 og 19 \u00e5r. Du trenger ingen forkunnskaper, men et \u00f8nske om \u00e5 v\u00e6re ungdomsledere p\u00e5 leir eller menighet.<\/p>\n\n\n\n<p>Sett av helga i kalenderen og f\u00e5 med deg venner og ungdommer fra din menighet, klubb eller ungdomsforening. <\/p>\n\n\n\n<h2 class=\"wp-block-heading\">Undervisning, gruppe-sp\u00f8rsm\u00e5l og caser<\/h2>\n\n\n\n<p>P\u00e5 hvert m\u00f8te vil det deles i grupper med sp\u00f8rsm\u00e5l og Caser som skal l\u00f8ses. Dette er tema som vi underviser:<\/p>\n\n\n\n<p><strong>Gudsbilde og selvbilde<\/strong><\/p>\n\n\n\n<p>Guds karakter &#8211; V\u00e5r identitet i Gud &#8211; Karakter<\/p>\n\n\n\n<p><strong>Bibelen som trosgrunnlag og veileder<\/strong><\/p>\n\n\n\n<p>Jesus som leder i livet &#8211; Verdidokumentet<\/p>\n\n\n\n<p><strong>\u00c5 v\u00e6re en leder<\/strong><\/p>\n\n\n\n<p>Koble p\u00e5 Gud, finne sin plass &#8211; Forbilde, holdninger, egen p\u00e5virkning, behandle andre<\/p>\n\n\n\n<p>Jesus som forbilde, i m\u00f8te med ufrelste &#8211; Hvordan lede en forsamling, ansvar &#8211; Visjoner og m\u00e5l<\/p>\n\n\n\n<p><strong>N\u00e5degaver<\/strong><\/p>\n\n\n\n<p>Gitt av Gud, for \u00e5 styrke menigheten og velsigne &#8211; Alle har n\u00e5degaver &#8211; \u00c6re Gud, ikke vise seg frem<\/p>\n\n\n\n<p>Heie hverandre frem og spille hverandre gode &#8211; L\u00e6rer, apostel, profet, evangelist, hyrde<\/p>\n\n\n\n<p><strong>Praktisk info om leir<\/strong><\/p>\n\n\n\n<p>Leders p\u00e5virkning og autoritet &#8211; Leders p\u00e5virkning og autoritet &#8211;  \u00e5 snu en ukultur<\/p>\n\n\n\n<p>Fysisk kontakt, intim grenser og grenser &#8211; Mistanke om vold eller overgrep<\/p>\n\n\n\n<p>F\u00f8rstehjelp\/skader<\/p>\n\n\n\n<blockquote class=\"wp-block-quote is-layout-flow wp-block-quote-is-layout-flow\">\n<p>&laquo;\u00c5 v\u00e6re leder handler mye om \u00e5 samarbeide, l\u00e6re av andre, heie p\u00e5 andre, l\u00e6re bort og ta imot hjelp.&raquo;<\/p>\n<cite>&raquo; Vi heier p\u00e5 hverandre og gleder oss, n\u00e5r de andre lykkes!&raquo;  <\/cite><\/blockquote>\n\n\n\n<figure class=\"wp-block-gallery has-nested-images columns-default is-cropped wp-block-gallery-1 is-layout-flex wp-block-gallery-is-layout-flex\">\n<figure class=\"wp-block-image size-full\"><img loading=\"lazy\" decoding=\"async\" width=\"1440\" height=\"2560\" data-id=\"1643\" src=\"https:\/\/www.normisjon.no\/content\/uploads\/sites\/36\/2025\/10\/20250920_144054-scaled.jpg\" alt=\"\" class=\"wp-image-1643\" srcset=\"https:\/\/www.normisjon.no\/content\/uploads\/sites\/36\/2025\/10\/20250920_144054-scaled.jpg 1440w, https:\/\/www.normisjon.no\/content\/uploads\/sites\/36\/2025\/10\/20250920_144054-169x300.jpg 169w, https:\/\/www.normisjon.no\/content\/uploads\/sites\/36\/2025\/10\/20250920_144054-576x1024.jpg 576w, https:\/\/www.normisjon.no\/content\/uploads\/sites\/36\/2025\/10\/20250920_144054-768x1365.jpg 768w, https:\/\/www.normisjon.no\/content\/uploads\/sites\/36\/2025\/10\/20250920_144054-864x1536.jpg 864w, https:\/\/www.normisjon.no\/content\/uploads\/sites\/36\/2025\/10\/20250920_144054-1152x2048.jpg 1152w, https:\/\/www.normisjon.no\/content\/uploads\/sites\/36\/2025\/10\/20250920_144054-1920x3413.jpg 1920w, https:\/\/www.normisjon.no\/content\/uploads\/sites\/36\/2025\/10\/20250920_144054-1080x1920.jpg 1080w, https:\/\/www.normisjon.no\/content\/uploads\/sites\/36\/2025\/10\/20250920_144054-540x960.jpg 540w\" sizes=\"auto, (max-width: 1440px) 100vw, 1440px\" \/><figcaption class=\"wp-element-caption\">En fantastisk f\u00f8lelse \u00e5 n\u00e5 toppen etter godt samarbeid og heiarop!!<\/figcaption><\/figure>\n<figcaption class=\"blocks-gallery-caption wp-element-caption\">Det viktigste med \u00e5 v\u00e6re en leder, er \u00e5 gj\u00f8re de andre bedre! <\/figcaption><\/figure>\n\n\n\n<h2 class=\"wp-block-heading\">Reise<\/h2>\n\n\n\n<p>Det er lett \u00e5 komme seg til \u00c5fjord med hurtigb\u00e5t og buss. <\/p>\n\n\n\n<p><strong>Fra Trondheim<\/strong>:<\/p>\n\n\n\n<p>Fredag tar du hurtigb\u00e5ten 810 fra Trondheim kl. 15.00. Du g\u00e5r over i buss 452 \u00c5fjord og g\u00e5r av p\u00e5 Skysstasjonen i \u00c5fjord. Der m\u00f8ter vi deg, dersom du ikke er kjent. Dette registreres via Checkin.<\/p>\n\n\n\n<p>S\u00f8ndag tar dere bussen 12.15 til Vanvikan og hurtigb\u00e5t over til Trondheim kl. 14.00 og fremme 14.25.<\/p>\n\n\n\n<p><strong>Fra Rissa:<\/strong><\/p>\n\n\n\n<p>Fredag g\u00e5r buss 452 fra Rissa Skysstasjon 15.05, som er fremme p\u00e5 \u00c5fjord Skysstasjon 16.04 <\/p>\n\n\n\n<p>S\u00f8ndag g\u00e5r det ikke buss til Rissa f\u00f8r 19.10. S\u00e5 da anbefaler jeg henting i bil.<\/p>\n\n\n\n<p><strong>Fra \u00d8rlandet:<\/strong><\/p>\n\n\n\n<p>Fredag g\u00e5r det buss 451 fra Libra senter 14.42 via Bjugn og bussbytte p\u00e5 Krinsvatnet til 452 \u00c5fjord kl. 15.44 og kommer til \u00c5fjord Skysstasjon 16.09.<\/p>\n\n\n\n<p>S\u00f8ndag g\u00e5r det heller ikke her buss fra \u00c5fjord f\u00f8r 19.10. Jeg anbefaler \u00e5 bli hentet med bil tilbake. <\/p>\n\n\n\n<p>Ellers s\u00e5 er det bare \u00e5 kj\u00f8re til \u00c5fjord<\/p>\n\n\n\n<p>Neste \u00e5rs kurs blir i starten av november. Dette legges ut i juni p\u00e5. https:\/\/acta.no\/trondelag\/leirer-og-arrangement\/<\/p>\n<\/div>","protected":false},"excerpt":{"rendered":"<p>Nytt lederkurs p\u00e5 \u00c5 misjonshus i \u00c5fjord, 19.-21. september 2025 \u00c5rets lederkurs var i \u00c5fjord p\u00e5 vakre Fosen, der benyttet oss av Fosen aktiv og klatret Fosen via Ferrata -som teambuilding! Lederkurset vil bli flyttet litt rundt i Tr\u00f8ndelag, men kanskje med et par \u00e5r p\u00e5 samme sted. Med et helt nytt lederkurs i -23, [&hellip;]<\/p>\n","protected":false},"author":130,"featured_media":1411,"parent":0,"menu_order":0,"comment_status":"closed","ping_status":"closed","template":"","meta":{"_acf_changed":false,"footnotes":""},"class_list":["post-1209","page","type-page","status-publish","has-post-thumbnail","hentry"],"acf":[],"yoast_head":"<!-- This site is optimized with the Yoast SEO plugin v25.9 - https:\/\/yoast.com\/wordpress\/plugins\/seo\/ -->\n<title>Lederkurs for ungdom - Acta Region Tr\u00f8ndelag<\/title>\n<meta name=\"description\" content=\"Lederkurset er for ungdom mellom 13 og 19 \u00e5r. De f\u00e5r leder kunnskap som gj\u00f8r dem klar som ungdomsleder p\u00e5 leir og i menighet.\" \/>\n<meta name=\"robots\" content=\"index, follow, max-snippet:-1, max-image-preview:large, max-video-preview:-1\" \/>\n<link rel=\"canonical\" href=\"https:\/\/acta.no\/trondelag\/lederkurs-for-ungdom-2025\/\" \/>\n<meta property=\"og:locale\" content=\"nb_NO\" \/>\n<meta property=\"og:type\" content=\"article\" \/>\n<meta property=\"og:title\" content=\"Lederkurs for ungdom - Acta Region Tr\u00f8ndelag\" \/>\n<meta property=\"og:description\" content=\"Lederkurset er for ungdom mellom 13 og 19 \u00e5r. De f\u00e5r leder kunnskap som gj\u00f8r dem klar som ungdomsleder p\u00e5 leir og i menighet.\" \/>\n<meta property=\"og:url\" content=\"https:\/\/acta.no\/trondelag\/lederkurs-for-ungdom-2025\/\" \/>\n<meta property=\"og:site_name\" content=\"Acta Region Tr\u00f8ndelag\" \/>\n<meta property=\"article:modified_time\" content=\"2025-10-29T12:36:05+00:00\" \/>\n<meta property=\"og:image\" content=\"https:\/\/www.normisjon.no\/content\/uploads\/sites\/36\/2025\/03\/Leke-ledelaere-venner-tteambuildinglovsang-og-bonn.png\" \/>\n\t<meta property=\"og:image:width\" content=\"1920\" \/>\n\t<meta property=\"og:image:height\" content=\"1280\" \/>\n\t<meta property=\"og:image:type\" content=\"image\/png\" \/>\n<meta name=\"twitter:card\" content=\"summary_large_image\" \/>\n<meta name=\"twitter:label1\" content=\"Ansl. lesetid\" \/>\n\t<meta name=\"twitter:data1\" content=\"4 minutter\" \/>\n<script type=\"application\/ld+json\" class=\"yoast-schema-graph\">{\"@context\":\"https:\/\/schema.org\",\"@graph\":[{\"@type\":\"WebPage\",\"@id\":\"https:\/\/acta.no\/trondelag\/lederkurs-for-ungdom-2025\/\",\"url\":\"https:\/\/acta.no\/trondelag\/lederkurs-for-ungdom-2025\/\",\"name\":\"Lederkurs for ungdom - Acta Region Tr\u00f8ndelag\",\"isPartOf\":{\"@id\":\"https:\/\/acta.no\/trondelag\/#website\"},\"primaryImageOfPage\":{\"@id\":\"https:\/\/acta.no\/trondelag\/lederkurs-for-ungdom-2025\/#primaryimage\"},\"image\":{\"@id\":\"https:\/\/acta.no\/trondelag\/lederkurs-for-ungdom-2025\/#primaryimage\"},\"thumbnailUrl\":\"https:\/\/www.normisjon.no\/content\/uploads\/sites\/36\/2025\/03\/Leke-ledelaere-venner-tteambuildinglovsang-og-bonn.png\",\"datePublished\":\"2025-05-19T15:10:23+00:00\",\"dateModified\":\"2025-10-29T12:36:05+00:00\",\"description\":\"Lederkurset er for ungdom mellom 13 og 19 \u00e5r. De f\u00e5r leder kunnskap som gj\u00f8r dem klar som ungdomsleder p\u00e5 leir og i menighet.\",\"breadcrumb\":{\"@id\":\"https:\/\/acta.no\/trondelag\/lederkurs-for-ungdom-2025\/#breadcrumb\"},\"inLanguage\":\"nb-NO\",\"potentialAction\":[{\"@type\":\"ReadAction\",\"target\":[\"https:\/\/acta.no\/trondelag\/lederkurs-for-ungdom-2025\/\"]}]},{\"@type\":\"ImageObject\",\"inLanguage\":\"nb-NO\",\"@id\":\"https:\/\/acta.no\/trondelag\/lederkurs-for-ungdom-2025\/#primaryimage\",\"url\":\"https:\/\/www.normisjon.no\/content\/uploads\/sites\/36\/2025\/03\/Leke-ledelaere-venner-tteambuildinglovsang-og-bonn.png\",\"contentUrl\":\"https:\/\/www.normisjon.no\/content\/uploads\/sites\/36\/2025\/03\/Leke-ledelaere-venner-tteambuildinglovsang-og-bonn.png\",\"width\":1920,\"height\":1280},{\"@type\":\"BreadcrumbList\",\"@id\":\"https:\/\/acta.no\/trondelag\/lederkurs-for-ungdom-2025\/#breadcrumb\",\"itemListElement\":[{\"@type\":\"ListItem\",\"position\":1,\"name\":\"Til acta.no\",\"item\":\"https:\/\/acta.no\/\"},{\"@type\":\"ListItem\",\"position\":2,\"name\":\"Region Tr\u00f8ndelag\",\"item\":\"https:\/\/acta.no\/trondelag\/\"},{\"@type\":\"ListItem\",\"position\":3,\"name\":\"Lederkurs for ungdom\"}]},{\"@type\":\"WebSite\",\"@id\":\"https:\/\/acta.no\/trondelag\/#website\",\"url\":\"https:\/\/acta.no\/trondelag\/\",\"name\":\"Acta Region Tr\u00f8ndelag\",\"description\":\"Tr\u00f8ndelag\",\"potentialAction\":[{\"@type\":\"SearchAction\",\"target\":{\"@type\":\"EntryPoint\",\"urlTemplate\":\"https:\/\/acta.no\/trondelag\/?s={search_term_string}\"},\"query-input\":{\"@type\":\"PropertyValueSpecification\",\"valueRequired\":true,\"valueName\":\"search_term_string\"}}],\"inLanguage\":\"nb-NO\"}]}<\/script>\n<!-- \/ Yoast SEO plugin. -->","yoast_head_json":{"title":"Lederkurs for ungdom - Acta Region Tr\u00f8ndelag","description":"Lederkurset er for ungdom mellom 13 og 19 \u00e5r. De f\u00e5r leder kunnskap som gj\u00f8r dem klar som ungdomsleder p\u00e5 leir og i menighet.","robots":{"index":"index","follow":"follow","max-snippet":"max-snippet:-1","max-image-preview":"max-image-preview:large","max-video-preview":"max-video-preview:-1"},"canonical":"https:\/\/acta.no\/trondelag\/lederkurs-for-ungdom-2025\/","og_locale":"nb_NO","og_type":"article","og_title":"Lederkurs for ungdom - Acta Region Tr\u00f8ndelag","og_description":"Lederkurset er for ungdom mellom 13 og 19 \u00e5r. De f\u00e5r leder kunnskap som gj\u00f8r dem klar som ungdomsleder p\u00e5 leir og i menighet.","og_url":"https:\/\/acta.no\/trondelag\/lederkurs-for-ungdom-2025\/","og_site_name":"Acta Region Tr\u00f8ndelag","article_modified_time":"2025-10-29T12:36:05+00:00","og_image":[{"width":1920,"height":1280,"url":"https:\/\/www.normisjon.no\/content\/uploads\/sites\/36\/2025\/03\/Leke-ledelaere-venner-tteambuildinglovsang-og-bonn.png","type":"image\/png"}],"twitter_card":"summary_large_image","twitter_misc":{"Ansl. lesetid":"4 minutter"},"schema":{"@context":"https:\/\/schema.org","@graph":[{"@type":"WebPage","@id":"https:\/\/acta.no\/trondelag\/lederkurs-for-ungdom-2025\/","url":"https:\/\/acta.no\/trondelag\/lederkurs-for-ungdom-2025\/","name":"Lederkurs for ungdom - Acta Region Tr\u00f8ndelag","isPartOf":{"@id":"https:\/\/acta.no\/trondelag\/#website"},"primaryImageOfPage":{"@id":"https:\/\/acta.no\/trondelag\/lederkurs-for-ungdom-2025\/#primaryimage"},"image":{"@id":"https:\/\/acta.no\/trondelag\/lederkurs-for-ungdom-2025\/#primaryimage"},"thumbnailUrl":"https:\/\/www.normisjon.no\/content\/uploads\/sites\/36\/2025\/03\/Leke-ledelaere-venner-tteambuildinglovsang-og-bonn.png","datePublished":"2025-05-19T15:10:23+00:00","dateModified":"2025-10-29T12:36:05+00:00","description":"Lederkurset er for ungdom mellom 13 og 19 \u00e5r. De f\u00e5r leder kunnskap som gj\u00f8r dem klar som ungdomsleder p\u00e5 leir og i menighet.","breadcrumb":{"@id":"https:\/\/acta.no\/trondelag\/lederkurs-for-ungdom-2025\/#breadcrumb"},"inLanguage":"nb-NO","potentialAction":[{"@type":"ReadAction","target":["https:\/\/acta.no\/trondelag\/lederkurs-for-ungdom-2025\/"]}]},{"@type":"ImageObject","inLanguage":"nb-NO","@id":"https:\/\/acta.no\/trondelag\/lederkurs-for-ungdom-2025\/#primaryimage","url":"https:\/\/www.normisjon.no\/content\/uploads\/sites\/36\/2025\/03\/Leke-ledelaere-venner-tteambuildinglovsang-og-bonn.png","contentUrl":"https:\/\/www.normisjon.no\/content\/uploads\/sites\/36\/2025\/03\/Leke-ledelaere-venner-tteambuildinglovsang-og-bonn.png","width":1920,"height":1280},{"@type":"BreadcrumbList","@id":"https:\/\/acta.no\/trondelag\/lederkurs-for-ungdom-2025\/#breadcrumb","itemListElement":[{"@type":"ListItem","position":1,"name":"Til acta.no","item":"https:\/\/acta.no\/"},{"@type":"ListItem","position":2,"name":"Region Tr\u00f8ndelag","item":"https:\/\/acta.no\/trondelag\/"},{"@type":"ListItem","position":3,"name":"Lederkurs for ungdom"}]},{"@type":"WebSite","@id":"https:\/\/acta.no\/trondelag\/#website","url":"https:\/\/acta.no\/trondelag\/","name":"Acta Region Tr\u00f8ndelag","description":"Tr\u00f8ndelag","potentialAction":[{"@type":"SearchAction","target":{"@type":"EntryPoint","urlTemplate":"https:\/\/acta.no\/trondelag\/?s={search_term_string}"},"query-input":{"@type":"PropertyValueSpecification","valueRequired":true,"valueName":"search_term_string"}}],"inLanguage":"nb-NO"}]}},"_links":{"self":[{"href":"https:\/\/acta.no\/trondelag\/wp-json\/wp\/v2\/pages\/1209","targetHints":{"allow":["GET"]}}],"collection":[{"href":"https:\/\/acta.no\/trondelag\/wp-json\/wp\/v2\/pages"}],"about":[{"href":"https:\/\/acta.no\/trondelag\/wp-json\/wp\/v2\/types\/page"}],"author":[{"embeddable":true,"href":"https:\/\/acta.no\/trondelag\/wp-json\/wp\/v2\/users\/130"}],"replies":[{"embeddable":true,"href":"https:\/\/acta.no\/trondelag\/wp-json\/wp\/v2\/comments?post=1209"}],"version-history":[{"count":7,"href":"https:\/\/acta.no\/trondelag\/wp-json\/wp\/v2\/pages\/1209\/revisions"}],"predecessor-version":[{"id":1644,"href":"https:\/\/acta.no\/trondelag\/wp-json\/wp\/v2\/pages\/1209\/revisions\/1644"}],"wp:featuredmedia":[{"embeddable":true,"href":"https:\/\/acta.no\/trondelag\/wp-json\/wp\/v2\/media\/1411"}],"wp:attachment":[{"href":"https:\/\/acta.no\/trondelag\/wp-json\/wp\/v2\/media?parent=1209"}],"curies":[{"name":"wp","href":"https:\/\/api.w.org\/{rel}","templated":true}]}}