{"id":1032,"date":"2023-11-16T14:17:12","date_gmt":"2023-11-16T14:17:12","guid":{"rendered":"https:\/\/acta.no\/trondelag\/?page_id=1032"},"modified":"2024-06-20T10:28:08","modified_gmt":"2024-06-20T10:28:08","slug":"barneleir-i-oktober","status":"publish","type":"page","link":"https:\/\/acta.no\/trondelag\/barneleir-i-oktober\/","title":{"rendered":"Barneleir i oktober"},"content":{"rendered":"<div class=\"gutenberg-content\">\n<figure class=\"wp-block-image size-large\"><img loading=\"lazy\" decoding=\"async\" width=\"1536\" height=\"960\" src=\"https:\/\/www.normisjon.no\/content\/uploads\/sites\/36\/2023\/11\/393671252_348183521203789_4205904594671468435_n-edited.jpg\" alt=\"\" class=\"wp-image-1034\" srcset=\"https:\/\/www.normisjon.no\/content\/uploads\/sites\/36\/2023\/11\/393671252_348183521203789_4205904594671468435_n-edited.jpg 1536w, https:\/\/www.normisjon.no\/content\/uploads\/sites\/36\/2023\/11\/393671252_348183521203789_4205904594671468435_n-edited-300x188.jpg 300w, https:\/\/www.normisjon.no\/content\/uploads\/sites\/36\/2023\/11\/393671252_348183521203789_4205904594671468435_n-edited-1024x640.jpg 1024w, https:\/\/www.normisjon.no\/content\/uploads\/sites\/36\/2023\/11\/393671252_348183521203789_4205904594671468435_n-edited-768x480.jpg 768w, https:\/\/www.normisjon.no\/content\/uploads\/sites\/36\/2023\/11\/393671252_348183521203789_4205904594671468435_n-edited-1360x850.jpg 1360w, https:\/\/www.normisjon.no\/content\/uploads\/sites\/36\/2023\/11\/393671252_348183521203789_4205904594671468435_n-edited-960x600.jpg 960w\" sizes=\"auto, (max-width: 1536px) 100vw, 1536px\" \/><\/figure>\n\n\n\n<p>Tradisjonen tro ble det i oktober arrangert barneleir p\u00e5 IMI St\u00f8len for 2.- 4. klasse. <\/p>\n\n\n\n<p>Det var mange spente barn (og foreldre) som m\u00f8tte opp fredag ettermiddag, men mange ble varme i tr\u00f8ya etter litt bli-kjent-leker og korssamling. Tema for leiren var \u00abJesus tilgir \u2013 og elsker meg\u00bb og vi fikk to fine fellessamlinger l\u00f8rdag og s\u00f8ndag formiddag. Ellers p\u00e5 l\u00f8rdagen hadde vi ulike aktiviteter: fotball, fuglekassesnekring og hobbyaktiviteter. Det ble ogs\u00e5 tid til mye frilek og ikke minst var det kiosk \u2013 barnas h\u00f8ydepunkt p\u00e5 leir! <\/p>\n\n\n\n<p>Det var kjekt \u00e5 se at ungene hadde det s\u00e5 fint sammen og sterkt \u00e5 h\u00f8re barn som \u00f8nsket \u00e5 bli bedre kjent med Jesus og som bekjente for f\u00f8rste gang h\u00f8yt at de trodde p\u00e5 Jesus. Det er jo derfor vi driver med leir \u2013 fordi vi tror at det er et fantastisk verkt\u00f8y for mange barn og unge til \u00e5 bli kjent med Jesus!<\/p>\n\n\n\n<figure class=\"wp-block-image size-large\"><img loading=\"lazy\" decoding=\"async\" width=\"2048\" height=\"1152\" src=\"https:\/\/www.normisjon.no\/content\/uploads\/sites\/36\/2023\/11\/394417632_839172321082083_7361822726793905078_n-edited.jpg\" alt=\"\" class=\"wp-image-1036\" srcset=\"https:\/\/www.normisjon.no\/content\/uploads\/sites\/36\/2023\/11\/394417632_839172321082083_7361822726793905078_n-edited.jpg 2048w, https:\/\/www.normisjon.no\/content\/uploads\/sites\/36\/2023\/11\/394417632_839172321082083_7361822726793905078_n-edited-300x169.jpg 300w, https:\/\/www.normisjon.no\/content\/uploads\/sites\/36\/2023\/11\/394417632_839172321082083_7361822726793905078_n-edited-1024x576.jpg 1024w, https:\/\/www.normisjon.no\/content\/uploads\/sites\/36\/2023\/11\/394417632_839172321082083_7361822726793905078_n-edited-768x432.jpg 768w, https:\/\/www.normisjon.no\/content\/uploads\/sites\/36\/2023\/11\/394417632_839172321082083_7361822726793905078_n-edited-1536x864.jpg 1536w, https:\/\/www.normisjon.no\/content\/uploads\/sites\/36\/2023\/11\/394417632_839172321082083_7361822726793905078_n-edited-1920x1080.jpg 1920w, https:\/\/www.normisjon.no\/content\/uploads\/sites\/36\/2023\/11\/394417632_839172321082083_7361822726793905078_n-edited-1360x765.jpg 1360w, https:\/\/www.normisjon.no\/content\/uploads\/sites\/36\/2023\/11\/394417632_839172321082083_7361822726793905078_n-edited-960x540.jpg 960w\" sizes=\"auto, (max-width: 2048px) 100vw, 2048px\" \/><\/figure>\n<\/div>","protected":false},"excerpt":{"rendered":"<p>Tradisjonen tro ble det i oktober arrangert barneleir p\u00e5 IMI St\u00f8len for 2.- 4. klasse. Det var mange spente barn (og foreldre) som m\u00f8tte opp fredag ettermiddag, men mange ble varme i tr\u00f8ya etter litt bli-kjent-leker og korssamling. Tema for leiren var \u00abJesus tilgir \u2013 og elsker meg\u00bb og vi fikk to fine fellessamlinger l\u00f8rdag [&hellip;]<\/p>\n","protected":false},"author":58,"featured_media":1037,"parent":0,"menu_order":0,"comment_status":"closed","ping_status":"closed","template":"","meta":{"_acf_changed":false,"footnotes":""},"class_list":["post-1032","page","type-page","status-publish","has-post-thumbnail","hentry"],"acf":[],"yoast_head":"<!-- This site is optimized with the Yoast SEO plugin v25.9 - https:\/\/yoast.com\/wordpress\/plugins\/seo\/ -->\n<title>Barneleir i oktober - Acta Region Tr\u00f8ndelag<\/title>\n<meta name=\"robots\" content=\"index, follow, max-snippet:-1, max-image-preview:large, max-video-preview:-1\" \/>\n<link rel=\"canonical\" href=\"https:\/\/acta.no\/trondelag\/barneleir-i-oktober\/\" \/>\n<meta property=\"og:locale\" content=\"nb_NO\" \/>\n<meta property=\"og:type\" content=\"article\" \/>\n<meta property=\"og:title\" content=\"Barneleir i oktober - Acta Region Tr\u00f8ndelag\" \/>\n<meta property=\"og:description\" content=\"Tradisjonen tro ble det i oktober arrangert barneleir p\u00e5 IMI St\u00f8len for 2.- 4. klasse. Det var mange spente barn (og foreldre) som m\u00f8tte opp fredag ettermiddag, men mange ble varme i tr\u00f8ya etter litt bli-kjent-leker og korssamling. Tema for leiren var \u00abJesus tilgir \u2013 og elsker meg\u00bb og vi fikk to fine fellessamlinger l\u00f8rdag [&hellip;]\" \/>\n<meta property=\"og:url\" content=\"https:\/\/acta.no\/trondelag\/barneleir-i-oktober\/\" \/>\n<meta property=\"og:site_name\" content=\"Acta Region Tr\u00f8ndelag\" \/>\n<meta property=\"article:modified_time\" content=\"2024-06-20T10:28:08+00:00\" \/>\n<meta property=\"og:image\" content=\"https:\/\/www.normisjon.no\/content\/uploads\/sites\/36\/2023\/11\/394690495_220217700915775_4428135452946887864_n-e1700144217639.jpg\" \/>\n\t<meta property=\"og:image:width\" content=\"1530\" \/>\n\t<meta property=\"og:image:height\" content=\"1422\" \/>\n\t<meta property=\"og:image:type\" content=\"image\/jpeg\" \/>\n<meta name=\"twitter:card\" content=\"summary_large_image\" \/>\n<meta name=\"twitter:label1\" content=\"Ansl. lesetid\" \/>\n\t<meta name=\"twitter:data1\" content=\"2 minutter\" \/>\n<script type=\"application\/ld+json\" class=\"yoast-schema-graph\">{\"@context\":\"https:\/\/schema.org\",\"@graph\":[{\"@type\":\"WebPage\",\"@id\":\"https:\/\/acta.no\/trondelag\/barneleir-i-oktober\/\",\"url\":\"https:\/\/acta.no\/trondelag\/barneleir-i-oktober\/\",\"name\":\"Barneleir i oktober - Acta Region Tr\u00f8ndelag\",\"isPartOf\":{\"@id\":\"https:\/\/acta.no\/trondelag\/#website\"},\"primaryImageOfPage\":{\"@id\":\"https:\/\/acta.no\/trondelag\/barneleir-i-oktober\/#primaryimage\"},\"image\":{\"@id\":\"https:\/\/acta.no\/trondelag\/barneleir-i-oktober\/#primaryimage\"},\"thumbnailUrl\":\"https:\/\/www.normisjon.no\/content\/uploads\/sites\/36\/2023\/11\/394690495_220217700915775_4428135452946887864_n-e1700144217639.jpg\",\"datePublished\":\"2023-11-16T14:17:12+00:00\",\"dateModified\":\"2024-06-20T10:28:08+00:00\",\"breadcrumb\":{\"@id\":\"https:\/\/acta.no\/trondelag\/barneleir-i-oktober\/#breadcrumb\"},\"inLanguage\":\"nb-NO\",\"potentialAction\":[{\"@type\":\"ReadAction\",\"target\":[\"https:\/\/acta.no\/trondelag\/barneleir-i-oktober\/\"]}]},{\"@type\":\"ImageObject\",\"inLanguage\":\"nb-NO\",\"@id\":\"https:\/\/acta.no\/trondelag\/barneleir-i-oktober\/#primaryimage\",\"url\":\"https:\/\/www.normisjon.no\/content\/uploads\/sites\/36\/2023\/11\/394690495_220217700915775_4428135452946887864_n-e1700144217639.jpg\",\"contentUrl\":\"https:\/\/www.normisjon.no\/content\/uploads\/sites\/36\/2023\/11\/394690495_220217700915775_4428135452946887864_n-e1700144217639.jpg\",\"width\":1530,\"height\":1422},{\"@type\":\"BreadcrumbList\",\"@id\":\"https:\/\/acta.no\/trondelag\/barneleir-i-oktober\/#breadcrumb\",\"itemListElement\":[{\"@type\":\"ListItem\",\"position\":1,\"name\":\"Til acta.no\",\"item\":\"https:\/\/acta.no\/\"},{\"@type\":\"ListItem\",\"position\":2,\"name\":\"Region Tr\u00f8ndelag\",\"item\":\"https:\/\/acta.no\/trondelag\/\"},{\"@type\":\"ListItem\",\"position\":3,\"name\":\"Barneleir i oktober\"}]},{\"@type\":\"WebSite\",\"@id\":\"https:\/\/acta.no\/trondelag\/#website\",\"url\":\"https:\/\/acta.no\/trondelag\/\",\"name\":\"Acta Region Tr\u00f8ndelag\",\"description\":\"Tr\u00f8ndelag\",\"potentialAction\":[{\"@type\":\"SearchAction\",\"target\":{\"@type\":\"EntryPoint\",\"urlTemplate\":\"https:\/\/acta.no\/trondelag\/?s={search_term_string}\"},\"query-input\":{\"@type\":\"PropertyValueSpecification\",\"valueRequired\":true,\"valueName\":\"search_term_string\"}}],\"inLanguage\":\"nb-NO\"}]}<\/script>\n<!-- \/ Yoast SEO plugin. -->","yoast_head_json":{"title":"Barneleir i oktober - Acta Region Tr\u00f8ndelag","robots":{"index":"index","follow":"follow","max-snippet":"max-snippet:-1","max-image-preview":"max-image-preview:large","max-video-preview":"max-video-preview:-1"},"canonical":"https:\/\/acta.no\/trondelag\/barneleir-i-oktober\/","og_locale":"nb_NO","og_type":"article","og_title":"Barneleir i oktober - Acta Region Tr\u00f8ndelag","og_description":"Tradisjonen tro ble det i oktober arrangert barneleir p\u00e5 IMI St\u00f8len for 2.- 4. klasse. Det var mange spente barn (og foreldre) som m\u00f8tte opp fredag ettermiddag, men mange ble varme i tr\u00f8ya etter litt bli-kjent-leker og korssamling. Tema for leiren var \u00abJesus tilgir \u2013 og elsker meg\u00bb og vi fikk to fine fellessamlinger l\u00f8rdag [&hellip;]","og_url":"https:\/\/acta.no\/trondelag\/barneleir-i-oktober\/","og_site_name":"Acta Region Tr\u00f8ndelag","article_modified_time":"2024-06-20T10:28:08+00:00","og_image":[{"width":1530,"height":1422,"url":"https:\/\/www.normisjon.no\/content\/uploads\/sites\/36\/2023\/11\/394690495_220217700915775_4428135452946887864_n-e1700144217639.jpg","type":"image\/jpeg"}],"twitter_card":"summary_large_image","twitter_misc":{"Ansl. lesetid":"2 minutter"},"schema":{"@context":"https:\/\/schema.org","@graph":[{"@type":"WebPage","@id":"https:\/\/acta.no\/trondelag\/barneleir-i-oktober\/","url":"https:\/\/acta.no\/trondelag\/barneleir-i-oktober\/","name":"Barneleir i oktober - Acta Region Tr\u00f8ndelag","isPartOf":{"@id":"https:\/\/acta.no\/trondelag\/#website"},"primaryImageOfPage":{"@id":"https:\/\/acta.no\/trondelag\/barneleir-i-oktober\/#primaryimage"},"image":{"@id":"https:\/\/acta.no\/trondelag\/barneleir-i-oktober\/#primaryimage"},"thumbnailUrl":"https:\/\/www.normisjon.no\/content\/uploads\/sites\/36\/2023\/11\/394690495_220217700915775_4428135452946887864_n-e1700144217639.jpg","datePublished":"2023-11-16T14:17:12+00:00","dateModified":"2024-06-20T10:28:08+00:00","breadcrumb":{"@id":"https:\/\/acta.no\/trondelag\/barneleir-i-oktober\/#breadcrumb"},"inLanguage":"nb-NO","potentialAction":[{"@type":"ReadAction","target":["https:\/\/acta.no\/trondelag\/barneleir-i-oktober\/"]}]},{"@type":"ImageObject","inLanguage":"nb-NO","@id":"https:\/\/acta.no\/trondelag\/barneleir-i-oktober\/#primaryimage","url":"https:\/\/www.normisjon.no\/content\/uploads\/sites\/36\/2023\/11\/394690495_220217700915775_4428135452946887864_n-e1700144217639.jpg","contentUrl":"https:\/\/www.normisjon.no\/content\/uploads\/sites\/36\/2023\/11\/394690495_220217700915775_4428135452946887864_n-e1700144217639.jpg","width":1530,"height":1422},{"@type":"BreadcrumbList","@id":"https:\/\/acta.no\/trondelag\/barneleir-i-oktober\/#breadcrumb","itemListElement":[{"@type":"ListItem","position":1,"name":"Til acta.no","item":"https:\/\/acta.no\/"},{"@type":"ListItem","position":2,"name":"Region Tr\u00f8ndelag","item":"https:\/\/acta.no\/trondelag\/"},{"@type":"ListItem","position":3,"name":"Barneleir i oktober"}]},{"@type":"WebSite","@id":"https:\/\/acta.no\/trondelag\/#website","url":"https:\/\/acta.no\/trondelag\/","name":"Acta Region Tr\u00f8ndelag","description":"Tr\u00f8ndelag","potentialAction":[{"@type":"SearchAction","target":{"@type":"EntryPoint","urlTemplate":"https:\/\/acta.no\/trondelag\/?s={search_term_string}"},"query-input":{"@type":"PropertyValueSpecification","valueRequired":true,"valueName":"search_term_string"}}],"inLanguage":"nb-NO"}]}},"_links":{"self":[{"href":"https:\/\/acta.no\/trondelag\/wp-json\/wp\/v2\/pages\/1032","targetHints":{"allow":["GET"]}}],"collection":[{"href":"https:\/\/acta.no\/trondelag\/wp-json\/wp\/v2\/pages"}],"about":[{"href":"https:\/\/acta.no\/trondelag\/wp-json\/wp\/v2\/types\/page"}],"author":[{"embeddable":true,"href":"https:\/\/acta.no\/trondelag\/wp-json\/wp\/v2\/users\/58"}],"replies":[{"embeddable":true,"href":"https:\/\/acta.no\/trondelag\/wp-json\/wp\/v2\/comments?post=1032"}],"version-history":[{"count":3,"href":"https:\/\/acta.no\/trondelag\/wp-json\/wp\/v2\/pages\/1032\/revisions"}],"predecessor-version":[{"id":1180,"href":"https:\/\/acta.no\/trondelag\/wp-json\/wp\/v2\/pages\/1032\/revisions\/1180"}],"wp:featuredmedia":[{"embeddable":true,"href":"https:\/\/acta.no\/trondelag\/wp-json\/wp\/v2\/media\/1037"}],"wp:attachment":[{"href":"https:\/\/acta.no\/trondelag\/wp-json\/wp\/v2\/media?parent=1032"}],"curies":[{"name":"wp","href":"https:\/\/api.w.org\/{rel}","templated":true}]}}