{"id":10,"date":"2023-10-31T17:18:17","date_gmt":"2023-10-31T16:18:17","guid":{"rendered":"https:\/\/acta.no\/strategi\/?page_id=10"},"modified":"2024-03-21T09:44:05","modified_gmt":"2024-03-21T08:44:05","slug":"forside","status":"publish","type":"page","link":"https:\/\/acta.no\/strategi\/","title":{"rendered":"Strategi"},"content":{"rendered":"<div class=\"gutenberg-content\">\n\t<div style=\"--t2-hero-dim:0.2;\" class=\"t2-hero t2-hero-content-position-center-center t2-hero-has-dim-20 t2-hero-has-fullsize-image alignfull wp-block-t2-hero\">\n\t\t<img loading=\"lazy\" decoding=\"async\" width=\"1440\" height=\"960\" src=\"https:\/\/www.normisjon.no\/content\/uploads\/sites\/43\/2023\/11\/0Z4A9449.jpg\" class=\"t2-hero__image\" alt=\"\" style=\"object-position: 13% 46%;\" srcset=\"https:\/\/www.normisjon.no\/content\/uploads\/sites\/43\/2023\/11\/0Z4A9449.jpg 1440w, https:\/\/www.normisjon.no\/content\/uploads\/sites\/43\/2023\/11\/0Z4A9449-300x200.jpg 300w, https:\/\/www.normisjon.no\/content\/uploads\/sites\/43\/2023\/11\/0Z4A9449-1024x683.jpg 1024w, https:\/\/www.normisjon.no\/content\/uploads\/sites\/43\/2023\/11\/0Z4A9449-768x512.jpg 768w, https:\/\/www.normisjon.no\/content\/uploads\/sites\/43\/2023\/11\/0Z4A9449-1360x907.jpg 1360w, https:\/\/www.normisjon.no\/content\/uploads\/sites\/43\/2023\/11\/0Z4A9449-960x640.jpg 960w\" sizes=\"auto, (max-width: 1440px) 100vw, 1440px\" \/>\n\t\t<div class=\"t2-hero__header\"><div class=\"t2-hero__header__content\">\n<h1 class=\"has-text-align-center alignwide wp-block-post-title\">Strategi<\/h1>\n\n\n<p>2024-2026<\/p>\n\n\n\n<div class=\"wp-block-buttons is-layout-flex wp-block-buttons-is-layout-flex\"><\/div>\n\n<\/div><\/div>\n\t<\/div>\n\n\n<h4 class=\"has-text-align-center wp-block-heading\">Actas visjon er \u00abGrensesprengende fellesskap der barn og unge m\u00f8ter, f\u00f8lger og \u00e6rer Jesus Kristus\u00bb. Denne visjonen blir vi aldri ferdig med, og det er nettopp derfor vi er til. <\/h4>\n\n\n\n<div class=\"wp-block-columns is-layout-flex wp-container-core-columns-is-layout-9d6595d7 wp-block-columns-is-layout-flex\">\n<div class=\"wp-block-column has-light-green-background-color has-background is-layout-flow wp-block-column-is-layout-flow\">\n<h4 class=\"has-text-align-center has-blue-color has-text-color wp-block-heading\">Visjon<\/h4>\n\n\n\n<p class=\"has-text-align-center has-blue-color has-text-color\">Grensesprengende fellesskap der barn og unge m\u00f8ter, f\u00f8lger <br>og \u00e6rer Jesus Kristus<\/p>\n<\/div>\n\n\n\n<div class=\"wp-block-column has-light-green-background-color has-background is-layout-flow wp-block-column-is-layout-flow\">\n<h4 class=\"has-text-align-center has-blue-color has-text-color wp-block-heading\">Fasthet i innhold \u2013 Frihet i form <\/h4>\n\n\n\n<p class=\"has-text-align-center has-blue-color has-text-color\">Fellesskapene v\u00e5re ser ulike <br>ut og de skal se ulike ut, fordi mennesker er ulike og trenger ulike fellesskap.<\/p>\n<\/div>\n\n\n\n<div class=\"wp-block-column has-light-green-background-color has-background is-layout-flow wp-block-column-is-layout-flow\">\n<h4 class=\"has-text-align-center has-blue-color has-text-color wp-block-heading\">Elsket og sendt<\/h4>\n\n\n\n<p class=\"has-text-align-center has-blue-color has-text-color\">Vi bygger alt vi gj\u00f8r p\u00e5 verdiene v\u00e5re \u00abelsket\u00bb og \u00absendt\u00bb. Vi \u00f8nsker at flest mulig barn og unge skal f\u00e5 muligheten til \u00e5 bli kjent med Jesus Kristus!<\/p>\n<\/div>\n<\/div>\n\n\n\n<p>\u00c5 bygge kristne fellesskap for barn og unge trenger en god strategi. I Acta har vi mange og gode fellesskap, samtidig m\u00e5 vi se \u00e6rlig p\u00e5 utfordringene vi st\u00e5r i akkurat n\u00e5.<\/p>\n\n\n\n<p>Strategiprosessen henger sammen p\u00e5 f\u00f8lgende m\u00e5te:<\/p>\n\n\n\n<div class=\"wp-block-columns is-layout-flex wp-container-core-columns-is-layout-9d6595d7 wp-block-columns-is-layout-flex\">\n<div class=\"wp-block-column has-light-green-background-color has-background is-layout-flow wp-block-column-is-layout-flow\">\n<p class=\"has-text-align-center has-blue-color has-text-color\"><strong>Visjon<\/strong><br>Grensesprengende fellesskap der barn og unge m\u00f8ter, f\u00f8lger og \u00e6rer Jesus Kristus<\/p>\n\n\n\n<p class=\"has-text-align-center has-blue-color has-text-color\"><strong>Kultur<\/strong><br>Hvordan skal vi leve livet v\u00e5rt med Jesus og f\u00f8lge ham? Hva \u00f8nsker vi at fellesskapene v\u00e5re skal preges av?<\/p>\n<\/div>\n\n\n\n<div class=\"wp-block-column has-light-green-background-color has-background is-layout-flow wp-block-column-is-layout-flow\">\n<p class=\"has-text-align-center has-blue-color has-text-color\"><strong>Utfordringer<br><\/strong>Hva hindrer oss i \u00e5 bygge grense\u00adsprengende  fellesskap i 2024\u20132026?<\/p>\n\n\n\n<p class=\"has-text-align-center has-blue-color has-text-color\"><strong>Endringsm\u00e5l<\/strong><br><em>Hvordan l\u00f8ser vi utfordringene?<\/em><\/p>\n\n\n\n<p class=\"has-text-align-center has-blue-color has-text-color\"><strong>Handlingsplan<\/strong><br><em><em>Hva gj\u00f8r vi konkret lokalt, regionalt og sentralt?<\/em><\/em><\/p>\n<\/div>\n<\/div>\n\n\n\n<p class=\"has-text-align-center has-light-green-color has-blue-background-color has-text-color has-background\"><em>Trekanten viser hvilken kultur vi \u00f8nsker \u00e5 ha i Acta. Den bruker Jesu liv som eksempel for hvordan disippellivet og det kristne fellesskapet ser ut. Vi \u00f8nsker at v\u00e5re fellesskap skal preges av disse tre relasjonene: til Gud, andre i Guds familie og de som ikke kjenner Gud.<\/em><\/p>\n\n\n\n<figure class=\"wp-block-image size-large\"><img loading=\"lazy\" decoding=\"async\" width=\"1024\" height=\"1024\" src=\"https:\/\/www.normisjon.no\/content\/uploads\/sites\/43\/2024\/01\/trekant-1024x1024.png\" alt=\"\" class=\"wp-image-58\" srcset=\"https:\/\/www.normisjon.no\/content\/uploads\/sites\/43\/2024\/01\/trekant-1024x1024.png 1024w, https:\/\/www.normisjon.no\/content\/uploads\/sites\/43\/2024\/01\/trekant-300x300.png 300w, https:\/\/www.normisjon.no\/content\/uploads\/sites\/43\/2024\/01\/trekant-150x150.png 150w, https:\/\/www.normisjon.no\/content\/uploads\/sites\/43\/2024\/01\/trekant-768x768.png 768w, https:\/\/www.normisjon.no\/content\/uploads\/sites\/43\/2024\/01\/trekant-960x960.png 960w, https:\/\/www.normisjon.no\/content\/uploads\/sites\/43\/2024\/01\/trekant.png 1067w\" sizes=\"auto, (max-width: 1024px) 100vw, 1024px\" \/><\/figure>\n\n\n\n<p class=\"has-blue-color has-light-green-background-color has-text-color has-background\">Selv om det er veldig mye bra i Acta, finnes det ogs\u00e5 noen utfordringer og \u00adomr\u00e5der vi m\u00e5 utvikle oss p\u00e5. Hva dette er vil variere fra sted til sted, men vi tror noe er gjenkjennbart. Dette er v\u00e5re fire viktigste utfordringer:<\/p>\n\n\n\n<div style=\"height:45px\" aria-hidden=\"true\" class=\"wp-block-spacer\"><\/div>\n\n\n\n<h2 class=\"has-blue-color has-text-color wp-block-heading\">1. Livet til barn og unge er for lite preget av Jesus.<\/h2>\n\n\n\n<p class=\"has-blue-color has-text-color\">Kristen tro og kristne verdier preger samfunnet og hverdagen til barn og unge mindre enn f\u00f8r.<\/p>\n\n\n\n<h2 class=\"has-blue-color has-text-color wp-block-heading\">2. Tjenesten i Acta er krevende for mange ansatte og frivillige.<\/h2>\n\n\n\n<p class=\"has-blue-color has-text-color\">Oppgavene er mange og store p\u00e5 f\u00e5 ansatte og frivillige.&nbsp;<\/p>\n\n\n\n<h2 class=\"has-blue-color has-text-color wp-block-heading\">3. Acta mangler ledere<\/h2>\n\n\n\n<p class=\"has-blue-color has-text-color\">Det er vanskelig \u00e5 finne ledere som kan videref\u00f8re lokalt arbeid.<\/p>\n\n\n\n<h2 class=\"has-blue-color has-text-color wp-block-heading\">4. Acta er for lite preget av samarbeid<\/h2>\n\n\n\n<p class=\"has-blue-color has-text-color\">\u00c5 drive arbeid i Acta kan oppleves ensomt eller tungvint fordi vi ikke utnytter muligheter for samarbeid.<\/p>\n\n\n\n<div style=\"height:45px\" aria-hidden=\"true\" class=\"wp-block-spacer\"><\/div>\n\n\n\n<p class=\"has-blue-color has-light-green-background-color has-text-color has-background\"><em>De neste tre \u00e5rene vil vi jobbe med disse utfordringene ved hjelp av fire hovedfokus og 13 \u00adendringsm\u00e5l sammen med Jesus og hverandre. Tallene i parentes etter endringsm\u00e5lene viser hvilken utfordring endringsm\u00e5lene er koblet til.<\/em><\/p>\n\n\n\n<div style=\"height:45px\" aria-hidden=\"true\" class=\"wp-block-spacer\"><\/div>\n\n\n\n<div class=\"wp-block-media-text alignwide is-stacked-on-mobile\" style=\"grid-template-columns:20% auto\"><figure class=\"wp-block-media-text__media\"><img loading=\"lazy\" decoding=\"async\" width=\"400\" height=\"400\" src=\"https:\/\/www.normisjon.no\/content\/uploads\/sites\/43\/2024\/01\/Symboler_Acta.png\" alt=\"\" class=\"wp-image-44 size-full\" srcset=\"https:\/\/www.normisjon.no\/content\/uploads\/sites\/43\/2024\/01\/Symboler_Acta.png 400w, https:\/\/www.normisjon.no\/content\/uploads\/sites\/43\/2024\/01\/Symboler_Acta-300x300.png 300w, https:\/\/www.normisjon.no\/content\/uploads\/sites\/43\/2024\/01\/Symboler_Acta-150x150.png 150w\" sizes=\"auto, (max-width: 400px) 100vw, 400px\" \/><\/figure><div class=\"wp-block-media-text__content\">\n<p class=\"has-blue-color has-text-color\"><strong>PLANTE<\/strong><\/p>\n\n\n\n<p class=\"has-blue-color has-text-color\">Vi planter nye fellesskap, ide\u00e9r og prosjekter.<\/p>\n\n\n\n<p>Vi skal plante sunne, disippelgj\u00f8rende fellesskap for barn og unge med Jesus i sentrum, b\u00e5de i Norge og internasjonalt. (1)<\/p>\n\n\n\n<p>Vi skal gi god oppf\u00f8lging av ledere i \u00adnyplantede lokallag. (2, 3, 4)<\/p>\n\n\n\n<p>Vi skal skape giverglede og en ansvarlig bruk av \u00adressursene i skaperverket. (1, 4)<\/p>\n<\/div><\/div>\n\n\n\n<div class=\"wp-block-media-text alignwide is-stacked-on-mobile\" style=\"grid-template-columns:20% auto\"><figure class=\"wp-block-media-text__media\"><img loading=\"lazy\" decoding=\"async\" width=\"400\" height=\"400\" src=\"https:\/\/www.normisjon.no\/content\/uploads\/sites\/43\/2024\/01\/Symboler_Acta2.png\" alt=\"\" class=\"wp-image-45 size-full\" srcset=\"https:\/\/www.normisjon.no\/content\/uploads\/sites\/43\/2024\/01\/Symboler_Acta2.png 400w, https:\/\/www.normisjon.no\/content\/uploads\/sites\/43\/2024\/01\/Symboler_Acta2-300x300.png 300w, https:\/\/www.normisjon.no\/content\/uploads\/sites\/43\/2024\/01\/Symboler_Acta2-150x150.png 150w\" sizes=\"auto, (max-width: 400px) 100vw, 400px\" \/><\/figure><div class=\"wp-block-media-text__content\">\n<p class=\"has-blue-color has-text-color\"><strong><strong>UTVIKLE<\/strong><\/strong><\/p>\n\n\n\n<p class=\"has-blue-color has-text-color\">Vi utvikler \u00adfellesskap, \u00adressurser og \u00adorganisasjons\u00adformer.<\/p>\n\n\n\n<p>Vi skal utvikle sunne rammer for en b\u00e6rekraftig tjeneste til ansatte og frivillige. (2)<\/p>\n\n\n\n<p>Vi skal vekke et internasjonalt misjonsengasjement hos barn og unge. (1, 3, 4)<\/p>\n\n\n\n<p>Vi skal utvikle hensiktsmessige administrative rutiner. (2, 4)<\/p>\n<\/div><\/div>\n\n\n\n<div class=\"wp-block-media-text alignwide is-stacked-on-mobile\" style=\"grid-template-columns:20% auto\"><figure class=\"wp-block-media-text__media\"><img loading=\"lazy\" decoding=\"async\" width=\"400\" height=\"400\" src=\"https:\/\/www.normisjon.no\/content\/uploads\/sites\/43\/2024\/01\/Symboler_Acta3.png\" alt=\"\" class=\"wp-image-46 size-full\" srcset=\"https:\/\/www.normisjon.no\/content\/uploads\/sites\/43\/2024\/01\/Symboler_Acta3.png 400w, https:\/\/www.normisjon.no\/content\/uploads\/sites\/43\/2024\/01\/Symboler_Acta3-300x300.png 300w, https:\/\/www.normisjon.no\/content\/uploads\/sites\/43\/2024\/01\/Symboler_Acta3-150x150.png 150w\" sizes=\"auto, (max-width: 400px) 100vw, 400px\" \/><\/figure><div class=\"wp-block-media-text__content\">\n<p class=\"has-blue-color has-text-color\"><strong><strong>LEDE<\/strong><\/strong><\/p>\n\n\n\n<p class=\"has-blue-color has-text-color\">Vi trener og inspirerer mennesker til \u00e5 lede seg selv og andre.<\/p>\n\n\n\n<p>Vi skal inspirere til og skape kultur for utrustende \u00adlederskap, der vi trener hverandre og l\u00e6rer av \u00adhverandre (2, 3, 4).<\/p>\n\n\n\n<p>Vi skal \u00f8ke kvaliteten og bruken av ledertrenings\u00adressurser og kurs for ansatte og frivillige. (3)<\/p>\n\n\n\n<p>Vi skal prioritere klokt og gj\u00f8re mindre av arbeid som ikke b\u00e6rer frukt. (1, 2)<\/p>\n<\/div><\/div>\n\n\n\n<div class=\"wp-block-media-text alignwide is-stacked-on-mobile\" style=\"grid-template-columns:20% auto\"><figure class=\"wp-block-media-text__media\"><img loading=\"lazy\" decoding=\"async\" width=\"400\" height=\"400\" src=\"https:\/\/www.normisjon.no\/content\/uploads\/sites\/43\/2024\/01\/Symboler_Acta4.png\" alt=\"\" class=\"wp-image-47 size-full\" srcset=\"https:\/\/www.normisjon.no\/content\/uploads\/sites\/43\/2024\/01\/Symboler_Acta4.png 400w, https:\/\/www.normisjon.no\/content\/uploads\/sites\/43\/2024\/01\/Symboler_Acta4-300x300.png 300w, https:\/\/www.normisjon.no\/content\/uploads\/sites\/43\/2024\/01\/Symboler_Acta4-150x150.png 150w\" sizes=\"auto, (max-width: 400px) 100vw, 400px\" \/><\/figure><div class=\"wp-block-media-text__content\">\n<p class=\"has-blue-color has-text-color\"><strong><strong>SAMMENKOBLE<\/strong><\/strong><\/p>\n\n\n\n<p class=\"has-blue-color has-text-color\">Vi kobler sammen \u00admennesker, \u00advisjoner, m\u00e5l, ressurser og fellesskap.<\/p>\n\n\n\n<p>Vi skal oppmuntre og utruste familier til \u00e5 dele tro og liv i hverdagen. (1)<\/p>\n\n\n\n<p>Vi skal oppmuntre hverandre og utveksle ressurser i fruktbart samspill p\u00e5 tvers av enheter i Acta \u2013 lokalt, \u00adregionalt og sentralt. (2, 4)<\/p>\n\n\n\n<p>Vi skal arbeide tettere med Normisjons menigheter og skoler. (2, 4)<\/p>\n\n\n\n<p>Vi skal utvikle tettere samarbeid med relevante ressurs\u00adpersoner, menigheter, organisasjoner og bedrifter. (2, 4)<\/p>\n<\/div><\/div>\n\n\n\n<h5 class=\"has-blue-color has-light-green-background-color has-text-color has-background wp-block-heading\">Under finner du strategien og handlingsplanen til nedlastning<\/h5>\n\n\n\n<div class=\"wp-block-file\"><a id=\"wp-block-file--media-bca005a6-b81e-4117-86c0-4f1fa5678fa4\" href=\"https:\/\/www.normisjon.no\/content\/uploads\/sites\/43\/2024\/02\/Strategi_Acta_2024-2026-VEDATT.pdf\">Strategi_Acta_2024-2026-VEDATT<\/a><\/div>\n\n\n\n<div class=\"wp-block-file\"><a id=\"wp-block-file--media-104fc034-5ba2-494b-b252-364f04b3c9d9\" href=\"https:\/\/www.normisjon.no\/content\/uploads\/sites\/43\/2024\/01\/Handlingsplan-VEDTATT.pdf\">Handlingsplan-VEDTATT<\/a><\/div>\n<\/div>","protected":false},"excerpt":{"rendered":"<p>Actas visjon er \u00abGrensesprengende fellesskap der barn og unge m\u00f8ter, f\u00f8lger og \u00e6rer Jesus Kristus\u00bb. Denne visjonen blir vi aldri ferdig med, og det er nettopp derfor vi er til. Visjon Grensesprengende fellesskap der barn og unge m\u00f8ter, f\u00f8lger og \u00e6rer Jesus Kristus Fasthet i innhold \u2013 Frihet i form Fellesskapene v\u00e5re ser ulike ut [&hellip;]<\/p>\n","protected":false},"author":84,"featured_media":0,"parent":0,"menu_order":0,"comment_status":"closed","ping_status":"closed","template":"","meta":{"_acf_changed":false,"footnotes":""},"class_list":["post-10","page","type-page","status-publish","hentry"],"acf":[],"yoast_head":"<!-- This site is optimized with the Yoast SEO plugin v25.9 - https:\/\/yoast.com\/wordpress\/plugins\/seo\/ -->\n<title>Strategi - Strategi 2024-2026<\/title>\n<meta name=\"description\" content=\"Actas visjon er \u00abGrensesprengende fellesskap der barn og unge m\u00f8ter, f\u00f8lger og \u00e6rer Jesus Kristus\u00bb. Denne visjonen blir vi aldri ferdig med, og det er nettopp derfor vi er til.\" \/>\n<meta name=\"robots\" content=\"index, follow, max-snippet:-1, max-image-preview:large, max-video-preview:-1\" \/>\n<link rel=\"canonical\" href=\"https:\/\/acta.no\/strategi\/\" \/>\n<meta property=\"og:locale\" content=\"nb_NO\" \/>\n<meta property=\"og:type\" content=\"article\" \/>\n<meta property=\"og:title\" content=\"Strategi - Strategi 2024-2026\" \/>\n<meta property=\"og:description\" content=\"Actas visjon er \u00abGrensesprengende fellesskap der barn og unge m\u00f8ter, f\u00f8lger og \u00e6rer Jesus Kristus\u00bb. Denne visjonen blir vi aldri ferdig med, og det er nettopp derfor vi er til.\" \/>\n<meta property=\"og:url\" content=\"https:\/\/acta.no\/strategi\/\" \/>\n<meta property=\"og:site_name\" content=\"Strategi 2024-2026\" \/>\n<meta property=\"article:modified_time\" content=\"2024-03-21T08:44:05+00:00\" \/>\n<meta property=\"og:image\" content=\"https:\/\/www.normisjon.no\/content\/uploads\/sites\/43\/2024\/01\/trekant-1024x1024.png\" \/>\n<meta name=\"twitter:card\" content=\"summary_large_image\" \/>\n<meta name=\"twitter:label1\" content=\"Ansl. lesetid\" \/>\n\t<meta name=\"twitter:data1\" content=\"5 minutter\" \/>\n<script type=\"application\/ld+json\" class=\"yoast-schema-graph\">{\"@context\":\"https:\/\/schema.org\",\"@graph\":[{\"@type\":\"WebPage\",\"@id\":\"https:\/\/acta.no\/strategi\/\",\"url\":\"https:\/\/acta.no\/strategi\/\",\"name\":\"Strategi - Strategi 2024-2026\",\"isPartOf\":{\"@id\":\"https:\/\/acta.no\/strategi\/#website\"},\"primaryImageOfPage\":{\"@id\":\"https:\/\/acta.no\/strategi\/#primaryimage\"},\"image\":{\"@id\":\"https:\/\/acta.no\/strategi\/#primaryimage\"},\"thumbnailUrl\":\"https:\/\/www.normisjon.no\/content\/uploads\/sites\/43\/2024\/01\/trekant-1024x1024.png\",\"datePublished\":\"2023-10-31T16:18:17+00:00\",\"dateModified\":\"2024-03-21T08:44:05+00:00\",\"description\":\"Actas visjon er \u00abGrensesprengende fellesskap der barn og unge m\u00f8ter, f\u00f8lger og \u00e6rer Jesus Kristus\u00bb. Denne visjonen blir vi aldri ferdig med, og det er nettopp derfor vi er til.\",\"breadcrumb\":{\"@id\":\"https:\/\/acta.no\/strategi\/#breadcrumb\"},\"inLanguage\":\"nb-NO\",\"potentialAction\":[{\"@type\":\"ReadAction\",\"target\":[\"https:\/\/acta.no\/strategi\/\"]}]},{\"@type\":\"ImageObject\",\"inLanguage\":\"nb-NO\",\"@id\":\"https:\/\/acta.no\/strategi\/#primaryimage\",\"url\":\"https:\/\/www.normisjon.no\/content\/uploads\/sites\/43\/2024\/01\/trekant-1024x1024.png\",\"contentUrl\":\"https:\/\/www.normisjon.no\/content\/uploads\/sites\/43\/2024\/01\/trekant-1024x1024.png\"},{\"@type\":\"BreadcrumbList\",\"@id\":\"https:\/\/acta.no\/strategi\/#breadcrumb\",\"itemListElement\":[{\"@type\":\"ListItem\",\"position\":1,\"name\":\"Til acta.no\",\"item\":\"https:\/\/acta.no\/\"},{\"@type\":\"ListItem\",\"position\":2,\"name\":\"Strategi 2024-2026\",\"item\":\"https:\/\/acta.no\/strategi\/\"},{\"@type\":\"ListItem\",\"position\":3,\"name\":\"Strategi\"}]},{\"@type\":\"WebSite\",\"@id\":\"https:\/\/acta.no\/strategi\/#website\",\"url\":\"https:\/\/acta.no\/strategi\/\",\"name\":\"Strategi 2024-2026\",\"description\":\"\",\"potentialAction\":[{\"@type\":\"SearchAction\",\"target\":{\"@type\":\"EntryPoint\",\"urlTemplate\":\"https:\/\/acta.no\/strategi\/?s={search_term_string}\"},\"query-input\":{\"@type\":\"PropertyValueSpecification\",\"valueRequired\":true,\"valueName\":\"search_term_string\"}}],\"inLanguage\":\"nb-NO\"}]}<\/script>\n<!-- \/ Yoast SEO plugin. -->","yoast_head_json":{"title":"Strategi - Strategi 2024-2026","description":"Actas visjon er \u00abGrensesprengende fellesskap der barn og unge m\u00f8ter, f\u00f8lger og \u00e6rer Jesus Kristus\u00bb. Denne visjonen blir vi aldri ferdig med, og det er nettopp derfor vi er til.","robots":{"index":"index","follow":"follow","max-snippet":"max-snippet:-1","max-image-preview":"max-image-preview:large","max-video-preview":"max-video-preview:-1"},"canonical":"https:\/\/acta.no\/strategi\/","og_locale":"nb_NO","og_type":"article","og_title":"Strategi - Strategi 2024-2026","og_description":"Actas visjon er \u00abGrensesprengende fellesskap der barn og unge m\u00f8ter, f\u00f8lger og \u00e6rer Jesus Kristus\u00bb. Denne visjonen blir vi aldri ferdig med, og det er nettopp derfor vi er til.","og_url":"https:\/\/acta.no\/strategi\/","og_site_name":"Strategi 2024-2026","article_modified_time":"2024-03-21T08:44:05+00:00","og_image":[{"url":"https:\/\/www.normisjon.no\/content\/uploads\/sites\/43\/2024\/01\/trekant-1024x1024.png","type":"","width":"","height":""}],"twitter_card":"summary_large_image","twitter_misc":{"Ansl. lesetid":"5 minutter"},"schema":{"@context":"https:\/\/schema.org","@graph":[{"@type":"WebPage","@id":"https:\/\/acta.no\/strategi\/","url":"https:\/\/acta.no\/strategi\/","name":"Strategi - Strategi 2024-2026","isPartOf":{"@id":"https:\/\/acta.no\/strategi\/#website"},"primaryImageOfPage":{"@id":"https:\/\/acta.no\/strategi\/#primaryimage"},"image":{"@id":"https:\/\/acta.no\/strategi\/#primaryimage"},"thumbnailUrl":"https:\/\/www.normisjon.no\/content\/uploads\/sites\/43\/2024\/01\/trekant-1024x1024.png","datePublished":"2023-10-31T16:18:17+00:00","dateModified":"2024-03-21T08:44:05+00:00","description":"Actas visjon er \u00abGrensesprengende fellesskap der barn og unge m\u00f8ter, f\u00f8lger og \u00e6rer Jesus Kristus\u00bb. Denne visjonen blir vi aldri ferdig med, og det er nettopp derfor vi er til.","breadcrumb":{"@id":"https:\/\/acta.no\/strategi\/#breadcrumb"},"inLanguage":"nb-NO","potentialAction":[{"@type":"ReadAction","target":["https:\/\/acta.no\/strategi\/"]}]},{"@type":"ImageObject","inLanguage":"nb-NO","@id":"https:\/\/acta.no\/strategi\/#primaryimage","url":"https:\/\/www.normisjon.no\/content\/uploads\/sites\/43\/2024\/01\/trekant-1024x1024.png","contentUrl":"https:\/\/www.normisjon.no\/content\/uploads\/sites\/43\/2024\/01\/trekant-1024x1024.png"},{"@type":"BreadcrumbList","@id":"https:\/\/acta.no\/strategi\/#breadcrumb","itemListElement":[{"@type":"ListItem","position":1,"name":"Til acta.no","item":"https:\/\/acta.no\/"},{"@type":"ListItem","position":2,"name":"Strategi 2024-2026","item":"https:\/\/acta.no\/strategi\/"},{"@type":"ListItem","position":3,"name":"Strategi"}]},{"@type":"WebSite","@id":"https:\/\/acta.no\/strategi\/#website","url":"https:\/\/acta.no\/strategi\/","name":"Strategi 2024-2026","description":"","potentialAction":[{"@type":"SearchAction","target":{"@type":"EntryPoint","urlTemplate":"https:\/\/acta.no\/strategi\/?s={search_term_string}"},"query-input":{"@type":"PropertyValueSpecification","valueRequired":true,"valueName":"search_term_string"}}],"inLanguage":"nb-NO"}]}},"_links":{"self":[{"href":"https:\/\/acta.no\/strategi\/wp-json\/wp\/v2\/pages\/10","targetHints":{"allow":["GET"]}}],"collection":[{"href":"https:\/\/acta.no\/strategi\/wp-json\/wp\/v2\/pages"}],"about":[{"href":"https:\/\/acta.no\/strategi\/wp-json\/wp\/v2\/types\/page"}],"author":[{"embeddable":true,"href":"https:\/\/acta.no\/strategi\/wp-json\/wp\/v2\/users\/84"}],"replies":[{"embeddable":true,"href":"https:\/\/acta.no\/strategi\/wp-json\/wp\/v2\/comments?post=10"}],"version-history":[{"count":44,"href":"https:\/\/acta.no\/strategi\/wp-json\/wp\/v2\/pages\/10\/revisions"}],"predecessor-version":[{"id":88,"href":"https:\/\/acta.no\/strategi\/wp-json\/wp\/v2\/pages\/10\/revisions\/88"}],"wp:attachment":[{"href":"https:\/\/acta.no\/strategi\/wp-json\/wp\/v2\/media?parent=10"}],"curies":[{"name":"wp","href":"https:\/\/api.w.org\/{rel}","templated":true}]}}