{"id":414,"date":"2021-11-01T16:22:39","date_gmt":"2021-11-01T14:22:39","guid":{"rendered":"http:\/\/acta.no\/rogaland\/?page_id=414"},"modified":"2023-01-26T12:25:15","modified_gmt":"2023-01-26T10:25:15","slug":"leiroversikt","status":"publish","type":"page","link":"https:\/\/acta.no\/rogaland\/leiroversikt\/","title":{"rendered":"Oversikt arrangementer"},"content":{"rendered":"<div class=\"gutenberg-content\">\n<p><\/p>\n\n\n<p>Her finner du oversikt over v\u00e5re leirer og arrangementer. Du kan velge kategori etter eget \u00f8nske eller blad deg nedover p\u00e5 siden. Ved \u00e5 trykke p\u00e5 arrangementet kommer du direkte til p\u00e5meldingen. Vi gleder oss til \u00e5 treffe deg p\u00e5 et av v\u00e5re arrangementer.\u00a0<\/p>\n<div id=\"checkin_event_index\">\u00a0<\/div>\n<p><script>\ndocument.customerId = 10150;\ndocument.calendarConfig = {\n\topenRegistrationModal: false,\n\tview: 'TILE',\n\tshowSearch: true,\n\tshowTopics: true,\n\tshowViewToggle: true,\n\tshowOnlyForm: false,\n\tlanguage: 'nb',\n\ttopics: null,\n\tstyle: {\n\t\tsearchButtonBgColor: 'rgba(38, 74, 146, 1)',\n\t\tsearchButtonTextColor:  'rgba(255, 255, 255, 1)',\n\t\tsearchButtonBorderRadius:  3,\n\t\ttopicBadgeBgColor: 'rgba(77, 153, 213, 1)',\n\t\ttopicBadgeTextColor: 'rgba(255, 255, 255, 1)',\n\t\ttopicBadgeBorderRadius: 3,\n\t\theaderTextColor: 'rgba(28, 43, 57, 1)',\n\t\tbodyTextColor: 'rgba(28, 43, 57, 1)',\n\t\tbackgroundColor: 'rgba(255, 255, 255, 1)',\n\t\teventTileColor: 'rgba(28, 43, 57, 0)'\n\t}\n}\n<\/script> <script async=\"\" src=\"https:\/\/static.checkin.no\/loaders\/eventindex\/loader.js\"><\/script><\/p>\n\n\n\t\t<div class=\"acta-featured-content-wrap alignwide alignwide wp-block-acta-featured-content-wrap\">\n\t\t\t<div class=\"acta-featured-content-wrap__blocks\">\n\t\t\t\t<div class=\"acta-featured-content-wrap__inner\">\n\t\t\t\t\t\n\t\t\t<h2 class=\"acta-featured-content-wrap__title\">\n\t\t\t\tVi har leir p\u00e5 disse leirstedene\n\t\t\t<\/h2>\n\t\t\t\t\t\n\t\t\t\t<\/div>\n\t\t\t\t\n<div class=\"t2-featured-content-layout alignwide alignwide wp-block-t2-featured-content-layout\" role=\"list\">\n<div class=\"t2-featured-single-post t2-featured-content is-post-type-post category-uncategorized wp-block-t2-featured-single-post\" role=\"listitem\"><a class=\"t2-post-link wp-block-t2-post-link\" href=\"https:\/\/acta.no\/rogaland\/2021\/11\/01\/leir-pa-horve\/\">\n<figure style=\"--t2-focal-point: 50% 50%;\" class=\"t2-post-featured-image has-image-ratio-16-9 wp-block-t2-post-featured-image\"><img loading=\"lazy\" decoding=\"async\" width=\"596\" height=\"355\" src=\"https:\/\/www.normisjon.no\/content\/uploads\/sites\/33\/2018\/09\/Horve1.jpg\" class=\"attachment-post-thumbnail size-post-thumbnail wp-post-image\" alt=\"\" srcset=\"https:\/\/www.normisjon.no\/content\/uploads\/sites\/33\/2018\/09\/Horve1.jpg 596w, https:\/\/www.normisjon.no\/content\/uploads\/sites\/33\/2018\/09\/Horve1-300x179.jpg 300w\" sizes=\"auto, (max-width: 596px) 100vw, 596px\" \/><\/figure>\n\n<div class=\"wp-block-group alignfull is-layout-flow wp-block-group-is-layout-flow\">\n\t<h2 class=\"t2-post-title wp-block-t2-post-title\">Leir p\u00e5 Horve<\/h2>\n\t\n<\/div>\n\n<\/a>\n<\/div>\n\n<div class=\"t2-featured-single-post t2-featured-content is-post-type-post category-uncategorized wp-block-t2-featured-single-post\" role=\"listitem\"><a class=\"t2-post-link wp-block-t2-post-link\" href=\"https:\/\/acta.no\/rogaland\/2021\/11\/01\/leir-pa-stemnestaden\/\">\n<figure style=\"--t2-focal-point: 50% 50%;\" class=\"t2-post-featured-image has-image-ratio-16-9 wp-block-t2-post-featured-image\"><img loading=\"lazy\" decoding=\"async\" width=\"1024\" height=\"822\" src=\"https:\/\/www.normisjon.no\/content\/uploads\/sites\/33\/2018\/09\/Stemnestaden.jpg\" class=\"attachment-post-thumbnail size-post-thumbnail wp-post-image\" alt=\"\" srcset=\"https:\/\/www.normisjon.no\/content\/uploads\/sites\/33\/2018\/09\/Stemnestaden.jpg 1024w, https:\/\/www.normisjon.no\/content\/uploads\/sites\/33\/2018\/09\/Stemnestaden-300x241.jpg 300w, https:\/\/www.normisjon.no\/content\/uploads\/sites\/33\/2018\/09\/Stemnestaden-768x617.jpg 768w, https:\/\/www.normisjon.no\/content\/uploads\/sites\/33\/2018\/09\/Stemnestaden-960x771.jpg 960w\" sizes=\"auto, (max-width: 1024px) 100vw, 1024px\" \/><\/figure>\n\n<div class=\"wp-block-group alignfull is-layout-flow wp-block-group-is-layout-flow\">\n\t<h2 class=\"t2-post-title wp-block-t2-post-title\">Leir p\u00e5 Stemnestaden<\/h2>\n\t\n<\/div>\n\n<\/a>\n<\/div>\n\n<div class=\"t2-featured-single-post t2-featured-content is-post-type-post category-uncategorized wp-block-t2-featured-single-post\" role=\"listitem\"><a class=\"t2-post-link wp-block-t2-post-link\" href=\"https:\/\/acta.no\/rogaland\/2021\/11\/01\/leir-pa-vaulali\/\">\n<figure style=\"--t2-focal-point: 50% 50%;\" class=\"t2-post-featured-image has-image-ratio-16-9 wp-block-t2-post-featured-image\"><img loading=\"lazy\" decoding=\"async\" width=\"540\" height=\"360\" src=\"https:\/\/www.normisjon.no\/content\/uploads\/sites\/33\/2018\/09\/Vaulali.jpg\" class=\"attachment-post-thumbnail size-post-thumbnail wp-post-image\" alt=\"\" srcset=\"https:\/\/www.normisjon.no\/content\/uploads\/sites\/33\/2018\/09\/Vaulali.jpg 540w, https:\/\/www.normisjon.no\/content\/uploads\/sites\/33\/2018\/09\/Vaulali-300x200.jpg 300w\" sizes=\"auto, (max-width: 540px) 100vw, 540px\" \/><\/figure>\n\n<div class=\"wp-block-group alignfull is-layout-flow wp-block-group-is-layout-flow\">\n\t<h2 class=\"t2-post-title wp-block-t2-post-title\">Leir p\u00e5 Vaulali<\/h2>\n\t\n<\/div>\n\n<\/a>\n<\/div>\n<\/div>\n\n\t\t\t<\/div>\n\t\t<\/div><\/div>","protected":false},"excerpt":{"rendered":"<p>Her finner du oversikt over v\u00e5re leirer og arrangementer. Du kan velge kategori etter eget \u00f8nske eller blad deg nedover p\u00e5 siden. Ved \u00e5 trykke p\u00e5 arrangementet kommer du direkte til p\u00e5meldingen. Vi gleder oss til \u00e5 treffe deg p\u00e5 et av v\u00e5re arrangementer.\u00a0 \u00a0<\/p>\n","protected":false},"author":21,"featured_media":0,"parent":0,"menu_order":0,"comment_status":"closed","ping_status":"closed","template":"","meta":{"_acf_changed":false,"footnotes":""},"class_list":["post-414","page","type-page","status-publish","hentry"],"acf":[],"yoast_head":"<!-- This site is optimized with the Yoast SEO plugin v25.9 - https:\/\/yoast.com\/wordpress\/plugins\/seo\/ -->\n<title>Oversikt arrangementer - Acta Region Rogaland<\/title>\n<meta name=\"robots\" content=\"index, follow, max-snippet:-1, max-image-preview:large, max-video-preview:-1\" \/>\n<link rel=\"canonical\" href=\"https:\/\/acta.no\/rogaland\/leiroversikt\/\" \/>\n<meta property=\"og:locale\" content=\"nb_NO\" \/>\n<meta property=\"og:type\" content=\"article\" \/>\n<meta property=\"og:title\" content=\"Oversikt arrangementer - Acta Region Rogaland\" \/>\n<meta property=\"og:description\" content=\"Her finner du oversikt over v\u00e5re leirer og arrangementer. Du kan velge kategori etter eget \u00f8nske eller blad deg nedover p\u00e5 siden. Ved \u00e5 trykke p\u00e5 arrangementet kommer du direkte til p\u00e5meldingen. Vi gleder oss til \u00e5 treffe deg p\u00e5 et av v\u00e5re arrangementer.\u00a0 \u00a0\" \/>\n<meta property=\"og:url\" content=\"https:\/\/acta.no\/rogaland\/leiroversikt\/\" \/>\n<meta property=\"og:site_name\" content=\"Acta Region Rogaland\" \/>\n<meta property=\"article:modified_time\" content=\"2023-01-26T10:25:15+00:00\" \/>\n<meta name=\"twitter:card\" content=\"summary_large_image\" \/>\n<meta name=\"twitter:label1\" content=\"Ansl. lesetid\" \/>\n\t<meta name=\"twitter:data1\" content=\"1 minutt\" \/>\n<script type=\"application\/ld+json\" class=\"yoast-schema-graph\">{\"@context\":\"https:\/\/schema.org\",\"@graph\":[{\"@type\":\"WebPage\",\"@id\":\"https:\/\/acta.no\/rogaland\/leiroversikt\/\",\"url\":\"https:\/\/acta.no\/rogaland\/leiroversikt\/\",\"name\":\"Oversikt arrangementer - Acta Region Rogaland\",\"isPartOf\":{\"@id\":\"https:\/\/acta.no\/rogaland\/#website\"},\"datePublished\":\"2021-11-01T14:22:39+00:00\",\"dateModified\":\"2023-01-26T10:25:15+00:00\",\"breadcrumb\":{\"@id\":\"https:\/\/acta.no\/rogaland\/leiroversikt\/#breadcrumb\"},\"inLanguage\":\"nb-NO\",\"potentialAction\":[{\"@type\":\"ReadAction\",\"target\":[\"https:\/\/acta.no\/rogaland\/leiroversikt\/\"]}]},{\"@type\":\"BreadcrumbList\",\"@id\":\"https:\/\/acta.no\/rogaland\/leiroversikt\/#breadcrumb\",\"itemListElement\":[{\"@type\":\"ListItem\",\"position\":1,\"name\":\"Til acta.no\",\"item\":\"https:\/\/acta.no\/\"},{\"@type\":\"ListItem\",\"position\":2,\"name\":\"Region Rogaland\",\"item\":\"https:\/\/acta.no\/rogaland\/\"},{\"@type\":\"ListItem\",\"position\":3,\"name\":\"Oversikt arrangementer\"}]},{\"@type\":\"WebSite\",\"@id\":\"https:\/\/acta.no\/rogaland\/#website\",\"url\":\"https:\/\/acta.no\/rogaland\/\",\"name\":\"Acta Region Rogaland\",\"description\":\"Rogaland\",\"potentialAction\":[{\"@type\":\"SearchAction\",\"target\":{\"@type\":\"EntryPoint\",\"urlTemplate\":\"https:\/\/acta.no\/rogaland\/?s={search_term_string}\"},\"query-input\":{\"@type\":\"PropertyValueSpecification\",\"valueRequired\":true,\"valueName\":\"search_term_string\"}}],\"inLanguage\":\"nb-NO\"}]}<\/script>\n<!-- \/ Yoast SEO plugin. -->","yoast_head_json":{"title":"Oversikt arrangementer - Acta Region Rogaland","robots":{"index":"index","follow":"follow","max-snippet":"max-snippet:-1","max-image-preview":"max-image-preview:large","max-video-preview":"max-video-preview:-1"},"canonical":"https:\/\/acta.no\/rogaland\/leiroversikt\/","og_locale":"nb_NO","og_type":"article","og_title":"Oversikt arrangementer - Acta Region Rogaland","og_description":"Her finner du oversikt over v\u00e5re leirer og arrangementer. Du kan velge kategori etter eget \u00f8nske eller blad deg nedover p\u00e5 siden. Ved \u00e5 trykke p\u00e5 arrangementet kommer du direkte til p\u00e5meldingen. Vi gleder oss til \u00e5 treffe deg p\u00e5 et av v\u00e5re arrangementer.\u00a0 \u00a0","og_url":"https:\/\/acta.no\/rogaland\/leiroversikt\/","og_site_name":"Acta Region Rogaland","article_modified_time":"2023-01-26T10:25:15+00:00","twitter_card":"summary_large_image","twitter_misc":{"Ansl. lesetid":"1 minutt"},"schema":{"@context":"https:\/\/schema.org","@graph":[{"@type":"WebPage","@id":"https:\/\/acta.no\/rogaland\/leiroversikt\/","url":"https:\/\/acta.no\/rogaland\/leiroversikt\/","name":"Oversikt arrangementer - Acta Region Rogaland","isPartOf":{"@id":"https:\/\/acta.no\/rogaland\/#website"},"datePublished":"2021-11-01T14:22:39+00:00","dateModified":"2023-01-26T10:25:15+00:00","breadcrumb":{"@id":"https:\/\/acta.no\/rogaland\/leiroversikt\/#breadcrumb"},"inLanguage":"nb-NO","potentialAction":[{"@type":"ReadAction","target":["https:\/\/acta.no\/rogaland\/leiroversikt\/"]}]},{"@type":"BreadcrumbList","@id":"https:\/\/acta.no\/rogaland\/leiroversikt\/#breadcrumb","itemListElement":[{"@type":"ListItem","position":1,"name":"Til acta.no","item":"https:\/\/acta.no\/"},{"@type":"ListItem","position":2,"name":"Region Rogaland","item":"https:\/\/acta.no\/rogaland\/"},{"@type":"ListItem","position":3,"name":"Oversikt arrangementer"}]},{"@type":"WebSite","@id":"https:\/\/acta.no\/rogaland\/#website","url":"https:\/\/acta.no\/rogaland\/","name":"Acta Region Rogaland","description":"Rogaland","potentialAction":[{"@type":"SearchAction","target":{"@type":"EntryPoint","urlTemplate":"https:\/\/acta.no\/rogaland\/?s={search_term_string}"},"query-input":{"@type":"PropertyValueSpecification","valueRequired":true,"valueName":"search_term_string"}}],"inLanguage":"nb-NO"}]}},"_links":{"self":[{"href":"https:\/\/acta.no\/rogaland\/wp-json\/wp\/v2\/pages\/414","targetHints":{"allow":["GET"]}}],"collection":[{"href":"https:\/\/acta.no\/rogaland\/wp-json\/wp\/v2\/pages"}],"about":[{"href":"https:\/\/acta.no\/rogaland\/wp-json\/wp\/v2\/types\/page"}],"author":[{"embeddable":true,"href":"https:\/\/acta.no\/rogaland\/wp-json\/wp\/v2\/users\/21"}],"replies":[{"embeddable":true,"href":"https:\/\/acta.no\/rogaland\/wp-json\/wp\/v2\/comments?post=414"}],"version-history":[{"count":13,"href":"https:\/\/acta.no\/rogaland\/wp-json\/wp\/v2\/pages\/414\/revisions"}],"predecessor-version":[{"id":685,"href":"https:\/\/acta.no\/rogaland\/wp-json\/wp\/v2\/pages\/414\/revisions\/685"}],"wp:attachment":[{"href":"https:\/\/acta.no\/rogaland\/wp-json\/wp\/v2\/media?parent=414"}],"curies":[{"name":"wp","href":"https:\/\/api.w.org\/{rel}","templated":true}]}}