{"id":900,"date":"2021-01-15T09:57:53","date_gmt":"2021-01-15T09:57:53","guid":{"rendered":"http:\/\/acta.no\/ostfold\/?page_id=900"},"modified":"2021-02-11T12:10:57","modified_gmt":"2021-02-11T12:10:57","slug":"leirleder-kick-off-tur-til-linnekleppen","status":"publish","type":"page","link":"https:\/\/acta.no\/ostfold\/leir\/leirleder-kick-off-tur-til-linnekleppen\/","title":{"rendered":"Leirleder kick off digitalt"},"content":{"rendered":"<div id=\"module-0\" class=\"hogan-module hogan-module-image hogan-module-0 hogan-image-size-large\"><div class=\"hogan-module-inner\"><figure class=\"wp-caption size-large\"><img loading=\"lazy\" decoding=\"async\" width=\"873\" height=\"523\" src=\"https:\/\/www.normisjon.no\/content\/uploads\/sites\/39\/2021\/02\/Kick-off-digital-til-hjemmeside-1024x614.png\" class=\"attachment-large size-large\" alt=\"\" srcset=\"https:\/\/www.normisjon.no\/content\/uploads\/sites\/39\/2021\/02\/Kick-off-digital-til-hjemmeside-1024x614.png 1024w, https:\/\/www.normisjon.no\/content\/uploads\/sites\/39\/2021\/02\/Kick-off-digital-til-hjemmeside-300x180.png 300w, https:\/\/www.normisjon.no\/content\/uploads\/sites\/39\/2021\/02\/Kick-off-digital-til-hjemmeside-768x461.png 768w, https:\/\/www.normisjon.no\/content\/uploads\/sites\/39\/2021\/02\/Kick-off-digital-til-hjemmeside-1920x1152.png 1920w, https:\/\/www.normisjon.no\/content\/uploads\/sites\/39\/2021\/02\/Kick-off-digital-til-hjemmeside-1360x816.png 1360w, https:\/\/www.normisjon.no\/content\/uploads\/sites\/39\/2021\/02\/Kick-off-digital-til-hjemmeside-960x576.png 960w\" sizes=\"auto, (max-width: 873px) 100vw, 873px\" \/><\/figure><\/div><\/div><div id=\"module-1\" class=\"hogan-module hogan-module-text hogan-module-1\"><div class=\"hogan-module-inner\"><p>S\u00f8ndag 14. februar m\u00f8tes vi av smittevernhensyn p\u00e5 Zoom til en fellesskapssamling for leirledere. Johanne Saxegaard (ny landsr\u00e5dsleder i acta) holder andakt for oss. H\u00e5kon Johannes Slettevold (styreleder for actastyret) kommer med en artig Kahoot. Ogs\u00e5 henger vi sammen og spiller spill. (omtrent som p\u00e5 leir \ud83d\ude00 )<\/p>\n<p>Hvem: 8. klasse og alle over<\/p>\n<p>N\u00e5r: 14. februar kl.12.00-ca 14.00<\/p>\n<p>Tema: Fellesskap<\/p>\n<p>Ta med:<\/p>\n<ul>\n<li>Noe godt du kan kose deg med underveis<\/li>\n<\/ul>\n<p>Mer informasjon kommer p\u00e5 mail n\u00e6rmere dagen! Ved sp\u00f8rsm\u00e5l ta kontakt p\u00e5: acta@normisjon.no<\/p><\/div><\/div><div id=\"module-2\" class=\"hogan-module hogan-module-form hogan-module-2\"><div class=\"hogan-module-inner\"><script type=\"text\/javascript\">\n\/* <![CDATA[ *\/\nvar gform;gform||(document.addEventListener(\"gform_main_scripts_loaded\",function(){gform.scriptsLoaded=!0}),document.addEventListener(\"gform\/theme\/scripts_loaded\",function(){gform.themeScriptsLoaded=!0}),window.addEventListener(\"DOMContentLoaded\",function(){gform.domLoaded=!0}),gform={domLoaded:!1,scriptsLoaded:!1,themeScriptsLoaded:!1,isFormEditor:()=>\"function\"==typeof InitializeEditor,callIfLoaded:function(o){return!(!gform.domLoaded||!gform.scriptsLoaded||!gform.themeScriptsLoaded&&!gform.isFormEditor()||(gform.isFormEditor()&&console.warn(\"The use of gform.initializeOnLoaded() is deprecated in the form editor context and will be removed in Gravity Forms 3.1.\"),o(),0))},initializeOnLoaded:function(o){gform.callIfLoaded(o)||(document.addEventListener(\"gform_main_scripts_loaded\",()=>{gform.scriptsLoaded=!0,gform.callIfLoaded(o)}),document.addEventListener(\"gform\/theme\/scripts_loaded\",()=>{gform.themeScriptsLoaded=!0,gform.callIfLoaded(o)}),window.addEventListener(\"DOMContentLoaded\",()=>{gform.domLoaded=!0,gform.callIfLoaded(o)}))},hooks:{action:{},filter:{}},addAction:function(o,r,e,t){gform.addHook(\"action\",o,r,e,t)},addFilter:function(o,r,e,t){gform.addHook(\"filter\",o,r,e,t)},doAction:function(o){gform.doHook(\"action\",o,arguments)},applyFilters:function(o){return gform.doHook(\"filter\",o,arguments)},removeAction:function(o,r){gform.removeHook(\"action\",o,r)},removeFilter:function(o,r,e){gform.removeHook(\"filter\",o,r,e)},addHook:function(o,r,e,t,n){null==gform.hooks[o][r]&&(gform.hooks[o][r]=[]);var d=gform.hooks[o][r];null==n&&(n=r+\"_\"+d.length),gform.hooks[o][r].push({tag:n,callable:e,priority:t=null==t?10:t})},doHook:function(r,o,e){var t;if(e=Array.prototype.slice.call(e,1),null!=gform.hooks[r][o]&&((o=gform.hooks[r][o]).sort(function(o,r){return o.priority-r.priority}),o.forEach(function(o){\"function\"!=typeof(t=o.callable)&&(t=window[t]),\"action\"==r?t.apply(null,e):e[0]=t.apply(null,e)})),\"filter\"==r)return e[0]},removeHook:function(o,r,t,n){var e;null!=gform.hooks[o][r]&&(e=(e=gform.hooks[o][r]).filter(function(o,r,e){return!!(null!=n&&n!=o.tag||null!=t&&t!=o.priority)}),gform.hooks[o][r]=e)}});\n\/* ]]> *\/\n<\/script>\n\n                <div class='gf_browser_gecko gform_wrapper gform_legacy_markup_wrapper gform-theme--no-framework' data-form-theme='legacy' data-form-index='0' id='gform_wrapper_8' >\n                        <div class='gform_heading'>\n                            <h3 class=\"gform_title\">Leirleder Kick off digitalt<\/h3>\n                            <p class='gform_description'><\/p>\n                        <\/div><form method='post' enctype='multipart\/form-data'  id='gform_8'  action='\/ostfold\/wp-json\/wp\/v2\/pages\/900' data-formid='8' novalidate>\n                        <div class='gform-body gform_body'><ul id='gform_fields_8' class='gform_fields top_label form_sublabel_below description_below validation_below'><li id=\"field_8_2\" class=\"gfield gfield--type-name gfield_contains_required field_sublabel_below gfield--no-description field_description_below field_validation_below gfield_visibility_visible\"  ><label class='gfield_label gform-field-label gfield_label_before_complex' >Navn<span class=\"gfield_required\"><span class=\"gfield_required gfield_required_asterisk\">*<\/span><\/span><\/label><div class='ginput_complex ginput_container ginput_container--name no_prefix has_first_name no_middle_name has_last_name no_suffix gf_name_has_2 ginput_container_name gform-grid-row' id='input_8_2'>\n                            \n                            <span id='input_8_2_3_container' class='name_first gform-grid-col gform-grid-col--size-auto' >\n                                                    <input type='text' name='input_2.3' id='input_8_2_3' value=''   aria-required='true'     \/>\n                                                    <label for='input_8_2_3' class='gform-field-label gform-field-label--type-sub '>Fornavn<\/label>\n                                                <\/span>\n                            \n                            <span id='input_8_2_6_container' class='name_last gform-grid-col gform-grid-col--size-auto' >\n                                                    <input type='text' name='input_2.6' id='input_8_2_6' value=''   aria-required='true'     \/>\n                                                    <label for='input_8_2_6' class='gform-field-label gform-field-label--type-sub '>Etternavn<\/label>\n                                                <\/span>\n                            \n                        <\/div><\/li><li id=\"field_8_3\" class=\"gfield gfield--type-phone gfield_contains_required field_sublabel_below gfield--no-description field_description_below field_validation_below gfield_visibility_visible\"  ><label class='gfield_label gform-field-label' for='input_8_3'>Telefon<span class=\"gfield_required\"><span class=\"gfield_required gfield_required_asterisk\">*<\/span><\/span><\/label><div class='ginput_container ginput_container_phone'><input name='input_3' id='input_8_3' type='tel' value='' class='medium'   aria-required=\"true\" aria-invalid=\"false\"   \/><\/div><\/li><li id=\"field_8_4\" class=\"gfield gfield--type-email gfield_contains_required field_sublabel_below gfield--no-description field_description_below field_validation_below gfield_visibility_visible\"  ><label class='gfield_label gform-field-label' for='input_8_4'>E-post<span class=\"gfield_required\"><span class=\"gfield_required gfield_required_asterisk\">*<\/span><\/span><\/label><div class='ginput_container ginput_container_email'>\n                            <input name='input_4' id='input_8_4' type='email' value='' class='medium'    aria-required=\"true\" aria-invalid=\"false\"  \/>\n                        <\/div><\/li><li id=\"field_8_5\" class=\"gfield gfield--type-date gfield--input-type-datepicker gfield--datepicker-no-icon gfield_contains_required field_sublabel_below gfield--no-description field_description_below field_validation_below gfield_visibility_visible\"  ><label class='gfield_label gform-field-label' for='input_8_5'>F\u00f8dselsdato<span class=\"gfield_required\"><span class=\"gfield_required gfield_required_asterisk\">*<\/span><\/span><\/label><div class='ginput_container ginput_container_date'>\n                            <input name='input_5' id='input_8_5' type='text' value='' class='datepicker gform-datepicker dmy_dot datepicker_no_icon gdatepicker-no-icon'   placeholder='dd.mm.yyyy' aria-describedby=\"input_8_5_date_format\" aria-invalid=\"false\" aria-required=\"true\"\/>\n                            <span id='input_8_5_date_format' class='screen-reader-text'>DD dot MM dot YYYY<\/span>\n                        <\/div>\n                        <input type='hidden' id='gforms_calendar_icon_input_8_5' class='gform_hidden' value='https:\/\/www.normisjon.no\/content\/plugins\/gravityforms\/images\/datepicker\/datepicker.svg'\/><\/li><\/ul><\/div>\n        <div class='gform-footer gform_footer top_label'> <input type='submit' id='gform_submit_button_8' class='gform_button button' onclick='gform.submission.handleButtonClick(this);' data-submission-type='submit' value='Send inn'  \/> \n            <input type='hidden' class='gform_hidden' name='gform_submission_method' data-js='gform_submission_method_8' value='postback' \/>\n            <input type='hidden' class='gform_hidden' name='gform_theme' data-js='gform_theme_8' id='gform_theme_8' value='legacy' \/>\n            <input type='hidden' class='gform_hidden' name='gform_style_settings' data-js='gform_style_settings_8' id='gform_style_settings_8' value='' \/>\n            <input type='hidden' class='gform_hidden' name='is_submit_8' value='1' \/>\n            <input type='hidden' class='gform_hidden' name='gform_submit' value='8' \/>\n            \n            <input type='hidden' class='gform_hidden' name='gform_currency' data-currency='USD' value='+XA9OdZ+ATmpQh7s2XuyHNopr1zXr+x+P7pjNTNAH3SN9StcZ1sx4G2uvw1dhyknupbggEJNPWrfMCU7wjc9YgZs4kciHlsngJ5fSqx0O3ntjkw=' \/>\n            <input type='hidden' class='gform_hidden' name='gform_unique_id' value='' \/>\n            <input type='hidden' class='gform_hidden' name='state_8' value='WyJbXSIsImUyZjUxZjFhOGFhOTFhNThlMDRjMTgzMGI1MTk1MTlhIl0=' \/>\n            <input type='hidden' autocomplete='off' class='gform_hidden' name='gform_target_page_number_8' id='gform_target_page_number_8' value='0' \/>\n            <input type='hidden' autocomplete='off' class='gform_hidden' name='gform_source_page_number_8' id='gform_source_page_number_8' value='1' \/>\n            <input type='hidden' name='gform_field_values' value='' \/>\n            \n        <\/div>\n                        <\/form>\n                        <\/div><script type=\"text\/javascript\">\n\/* <![CDATA[ *\/\n gform.initializeOnLoaded( function() {gformInitSpinner( 8, 'https:\/\/www.normisjon.no\/content\/plugins\/gravityforms\/images\/spinner.svg', true );jQuery('#gform_ajax_frame_8').on('load',function(){var contents = jQuery(this).contents().find('*').html();var is_postback = contents.indexOf('GF_AJAX_POSTBACK') >= 0;if(!is_postback){return;}var form_content = jQuery(this).contents().find('#gform_wrapper_8');var is_confirmation = jQuery(this).contents().find('#gform_confirmation_wrapper_8').length > 0;var is_redirect = contents.indexOf('gformRedirect(){') >= 0;var is_form = form_content.length > 0 && ! is_redirect && ! is_confirmation;var mt = parseInt(jQuery('html').css('margin-top'), 10) + parseInt(jQuery('body').css('margin-top'), 10) + 100;if(is_form){jQuery('#gform_wrapper_8').html(form_content.html());if(form_content.hasClass('gform_validation_error')){jQuery('#gform_wrapper_8').addClass('gform_validation_error');} else {jQuery('#gform_wrapper_8').removeClass('gform_validation_error');}setTimeout( function() { \/* delay the scroll by 50 milliseconds to fix a bug in chrome *\/  }, 50 );if(window['gformInitDatepicker']) {gformInitDatepicker();}if(window['gformInitPriceFields']) {gformInitPriceFields();}var current_page = jQuery('#gform_source_page_number_8').val();gformInitSpinner( 8, 'https:\/\/www.normisjon.no\/content\/plugins\/gravityforms\/images\/spinner.svg', true );jQuery(document).trigger('gform_page_loaded', [8, current_page]);window['gf_submitting_8'] = false;}else if(!is_redirect){var confirmation_content = jQuery(this).contents().find('.GF_AJAX_POSTBACK').html();if(!confirmation_content){confirmation_content = contents;}jQuery('#gform_wrapper_8').replaceWith(confirmation_content);jQuery(document).trigger('gform_confirmation_loaded', [8]);window['gf_submitting_8'] = false;wp.a11y.speak(jQuery('#gform_confirmation_message_8').text());}else{jQuery('#gform_8').append(contents);if(window['gformRedirect']) {gformRedirect();}}jQuery(document).trigger(\"gform_pre_post_render\", [{ formId: \"8\", currentPage: \"current_page\", abort: function() { this.preventDefault(); } }]);        if (event && event.defaultPrevented) {                return;        }        const gformWrapperDiv = document.getElementById( \"gform_wrapper_8\" );        if ( gformWrapperDiv ) {            const visibilitySpan = document.createElement( \"span\" );            visibilitySpan.id = \"gform_visibility_test_8\";            gformWrapperDiv.insertAdjacentElement( \"afterend\", visibilitySpan );        }        const visibilityTestDiv = document.getElementById( \"gform_visibility_test_8\" );        let postRenderFired = false;        function triggerPostRender() {            if ( postRenderFired ) {                return;            }            postRenderFired = true;            gform.core.triggerPostRenderEvents( 8, current_page );            if ( visibilityTestDiv ) {                visibilityTestDiv.parentNode.removeChild( visibilityTestDiv );            }        }        function debounce( func, wait, immediate ) {            var timeout;            return function() {                var context = this, args = arguments;                var later = function() {                    timeout = null;                    if ( !immediate ) func.apply( context, args );                };                var callNow = immediate && !timeout;                clearTimeout( timeout );                timeout = setTimeout( later, wait );                if ( callNow ) func.apply( context, args );            };        }        const debouncedTriggerPostRender = debounce( function() {            triggerPostRender();        }, 200 );        if ( visibilityTestDiv && visibilityTestDiv.offsetParent === null ) {            const observer = new MutationObserver( ( mutations ) => {                mutations.forEach( ( mutation ) => {                    if ( mutation.type === 'attributes' && visibilityTestDiv.offsetParent !== null ) {                        debouncedTriggerPostRender();                        observer.disconnect();                    }                });            });            observer.observe( document.body, {                attributes: true,                childList: false,                subtree: true,                attributeFilter: [ 'style', 'class' ],            });        } else {            triggerPostRender();        }    } );} ); \n\/* ]]> *\/\n<\/script>\n<\/div><\/div>","protected":false},"excerpt":{"rendered":"<p>S\u00f8ndag 14. februar m\u00f8tes vi av smittevernhensyn p\u00e5 Zoom til en fellesskapssamling for leirledere. Johanne Saxegaard (ny landsr\u00e5dsleder i acta) holder andakt for oss. H\u00e5kon Johannes Slettevold (styreleder for actastyret) kommer med en artig Kahoot. Ogs\u00e5 henger vi sammen og spiller spill. (omtrent som p\u00e5 leir \ud83d\ude00 ) Hvem: 8. klasse og alle over N\u00e5r: [&hellip;]<\/p>\n","protected":false},"author":63,"featured_media":908,"parent":25,"menu_order":0,"comment_status":"closed","ping_status":"closed","template":"","meta":{"_acf_changed":false,"footnotes":""},"class_list":["post-900","page","type-page","status-publish","has-post-thumbnail","hentry"],"acf":[],"yoast_head":"<!-- This site is optimized with the Yoast SEO plugin v25.9 - https:\/\/yoast.com\/wordpress\/plugins\/seo\/ -->\n<title>Leirleder kick off digitalt - Acta Region \u00d8stfold<\/title>\n<meta name=\"robots\" content=\"index, follow, max-snippet:-1, max-image-preview:large, max-video-preview:-1\" \/>\n<link rel=\"canonical\" href=\"https:\/\/acta.no\/ostfold\/leir\/leirleder-kick-off-tur-til-linnekleppen\/\" \/>\n<meta property=\"og:locale\" content=\"nb_NO\" \/>\n<meta property=\"og:type\" content=\"article\" \/>\n<meta property=\"og:title\" content=\"Leirleder kick off digitalt - Acta Region \u00d8stfold\" \/>\n<meta property=\"og:description\" content=\"S\u00f8ndag 14. februar m\u00f8tes vi av smittevernhensyn p\u00e5 Zoom til en fellesskapssamling for leirledere. Johanne Saxegaard (ny landsr\u00e5dsleder i acta) holder andakt for oss. H\u00e5kon Johannes Slettevold (styreleder for actastyret) kommer med en artig Kahoot. Ogs\u00e5 henger vi sammen og spiller spill. (omtrent som p\u00e5 leir \ud83d\ude00 ) Hvem: 8. klasse og alle over N\u00e5r: [&hellip;]\" \/>\n<meta property=\"og:url\" content=\"https:\/\/acta.no\/ostfold\/leir\/leirleder-kick-off-tur-til-linnekleppen\/\" \/>\n<meta property=\"og:site_name\" content=\"Acta Region \u00d8stfold\" \/>\n<meta property=\"article:modified_time\" content=\"2021-02-11T12:10:57+00:00\" \/>\n<meta property=\"og:image\" content=\"https:\/\/www.normisjon.no\/content\/uploads\/sites\/39\/2021\/01\/kick-off-hjemmeside.png\" \/>\n\t<meta property=\"og:image:width\" content=\"1080\" \/>\n\t<meta property=\"og:image:height\" content=\"1080\" \/>\n\t<meta property=\"og:image:type\" content=\"image\/png\" \/>\n<meta name=\"twitter:card\" content=\"summary_large_image\" \/>\n<script type=\"application\/ld+json\" class=\"yoast-schema-graph\">{\"@context\":\"https:\/\/schema.org\",\"@graph\":[{\"@type\":\"WebPage\",\"@id\":\"https:\/\/acta.no\/ostfold\/leir\/leirleder-kick-off-tur-til-linnekleppen\/\",\"url\":\"https:\/\/acta.no\/ostfold\/leir\/leirleder-kick-off-tur-til-linnekleppen\/\",\"name\":\"Leirleder kick off digitalt - Acta Region \u00d8stfold\",\"isPartOf\":{\"@id\":\"https:\/\/acta.no\/ostfold\/#website\"},\"primaryImageOfPage\":{\"@id\":\"https:\/\/acta.no\/ostfold\/leir\/leirleder-kick-off-tur-til-linnekleppen\/#primaryimage\"},\"image\":{\"@id\":\"https:\/\/acta.no\/ostfold\/leir\/leirleder-kick-off-tur-til-linnekleppen\/#primaryimage\"},\"thumbnailUrl\":\"https:\/\/www.normisjon.no\/content\/uploads\/sites\/39\/2021\/01\/kick-off-hjemmeside.png\",\"datePublished\":\"2021-01-15T09:57:53+00:00\",\"dateModified\":\"2021-02-11T12:10:57+00:00\",\"breadcrumb\":{\"@id\":\"https:\/\/acta.no\/ostfold\/leir\/leirleder-kick-off-tur-til-linnekleppen\/#breadcrumb\"},\"inLanguage\":\"nb-NO\",\"potentialAction\":[{\"@type\":\"ReadAction\",\"target\":[\"https:\/\/acta.no\/ostfold\/leir\/leirleder-kick-off-tur-til-linnekleppen\/\"]}]},{\"@type\":\"ImageObject\",\"inLanguage\":\"nb-NO\",\"@id\":\"https:\/\/acta.no\/ostfold\/leir\/leirleder-kick-off-tur-til-linnekleppen\/#primaryimage\",\"url\":\"https:\/\/www.normisjon.no\/content\/uploads\/sites\/39\/2021\/01\/kick-off-hjemmeside.png\",\"contentUrl\":\"https:\/\/www.normisjon.no\/content\/uploads\/sites\/39\/2021\/01\/kick-off-hjemmeside.png\",\"width\":1080,\"height\":1080},{\"@type\":\"BreadcrumbList\",\"@id\":\"https:\/\/acta.no\/ostfold\/leir\/leirleder-kick-off-tur-til-linnekleppen\/#breadcrumb\",\"itemListElement\":[{\"@type\":\"ListItem\",\"position\":1,\"name\":\"Til acta.no\",\"item\":\"https:\/\/acta.no\/\"},{\"@type\":\"ListItem\",\"position\":2,\"name\":\"Region \u00d8stfold\",\"item\":\"https:\/\/acta.no\/ostfold\/\"},{\"@type\":\"ListItem\",\"position\":3,\"name\":\"Leir\",\"item\":\"https:\/\/acta.no\/ostfold\/leir\/\"},{\"@type\":\"ListItem\",\"position\":4,\"name\":\"Leirleder kick off digitalt\"}]},{\"@type\":\"WebSite\",\"@id\":\"https:\/\/acta.no\/ostfold\/#website\",\"url\":\"https:\/\/acta.no\/ostfold\/\",\"name\":\"Acta Region \u00d8stfold\",\"description\":\"\u00d8stfold\",\"potentialAction\":[{\"@type\":\"SearchAction\",\"target\":{\"@type\":\"EntryPoint\",\"urlTemplate\":\"https:\/\/acta.no\/ostfold\/?s={search_term_string}\"},\"query-input\":{\"@type\":\"PropertyValueSpecification\",\"valueRequired\":true,\"valueName\":\"search_term_string\"}}],\"inLanguage\":\"nb-NO\"}]}<\/script>\n<!-- \/ Yoast SEO plugin. -->","yoast_head_json":{"title":"Leirleder kick off digitalt - Acta Region \u00d8stfold","robots":{"index":"index","follow":"follow","max-snippet":"max-snippet:-1","max-image-preview":"max-image-preview:large","max-video-preview":"max-video-preview:-1"},"canonical":"https:\/\/acta.no\/ostfold\/leir\/leirleder-kick-off-tur-til-linnekleppen\/","og_locale":"nb_NO","og_type":"article","og_title":"Leirleder kick off digitalt - Acta Region \u00d8stfold","og_description":"S\u00f8ndag 14. februar m\u00f8tes vi av smittevernhensyn p\u00e5 Zoom til en fellesskapssamling for leirledere. Johanne Saxegaard (ny landsr\u00e5dsleder i acta) holder andakt for oss. H\u00e5kon Johannes Slettevold (styreleder for actastyret) kommer med en artig Kahoot. Ogs\u00e5 henger vi sammen og spiller spill. (omtrent som p\u00e5 leir \ud83d\ude00 ) Hvem: 8. klasse og alle over N\u00e5r: [&hellip;]","og_url":"https:\/\/acta.no\/ostfold\/leir\/leirleder-kick-off-tur-til-linnekleppen\/","og_site_name":"Acta Region \u00d8stfold","article_modified_time":"2021-02-11T12:10:57+00:00","og_image":[{"width":1080,"height":1080,"url":"https:\/\/www.normisjon.no\/content\/uploads\/sites\/39\/2021\/01\/kick-off-hjemmeside.png","type":"image\/png"}],"twitter_card":"summary_large_image","schema":{"@context":"https:\/\/schema.org","@graph":[{"@type":"WebPage","@id":"https:\/\/acta.no\/ostfold\/leir\/leirleder-kick-off-tur-til-linnekleppen\/","url":"https:\/\/acta.no\/ostfold\/leir\/leirleder-kick-off-tur-til-linnekleppen\/","name":"Leirleder kick off digitalt - Acta Region \u00d8stfold","isPartOf":{"@id":"https:\/\/acta.no\/ostfold\/#website"},"primaryImageOfPage":{"@id":"https:\/\/acta.no\/ostfold\/leir\/leirleder-kick-off-tur-til-linnekleppen\/#primaryimage"},"image":{"@id":"https:\/\/acta.no\/ostfold\/leir\/leirleder-kick-off-tur-til-linnekleppen\/#primaryimage"},"thumbnailUrl":"https:\/\/www.normisjon.no\/content\/uploads\/sites\/39\/2021\/01\/kick-off-hjemmeside.png","datePublished":"2021-01-15T09:57:53+00:00","dateModified":"2021-02-11T12:10:57+00:00","breadcrumb":{"@id":"https:\/\/acta.no\/ostfold\/leir\/leirleder-kick-off-tur-til-linnekleppen\/#breadcrumb"},"inLanguage":"nb-NO","potentialAction":[{"@type":"ReadAction","target":["https:\/\/acta.no\/ostfold\/leir\/leirleder-kick-off-tur-til-linnekleppen\/"]}]},{"@type":"ImageObject","inLanguage":"nb-NO","@id":"https:\/\/acta.no\/ostfold\/leir\/leirleder-kick-off-tur-til-linnekleppen\/#primaryimage","url":"https:\/\/www.normisjon.no\/content\/uploads\/sites\/39\/2021\/01\/kick-off-hjemmeside.png","contentUrl":"https:\/\/www.normisjon.no\/content\/uploads\/sites\/39\/2021\/01\/kick-off-hjemmeside.png","width":1080,"height":1080},{"@type":"BreadcrumbList","@id":"https:\/\/acta.no\/ostfold\/leir\/leirleder-kick-off-tur-til-linnekleppen\/#breadcrumb","itemListElement":[{"@type":"ListItem","position":1,"name":"Til acta.no","item":"https:\/\/acta.no\/"},{"@type":"ListItem","position":2,"name":"Region \u00d8stfold","item":"https:\/\/acta.no\/ostfold\/"},{"@type":"ListItem","position":3,"name":"Leir","item":"https:\/\/acta.no\/ostfold\/leir\/"},{"@type":"ListItem","position":4,"name":"Leirleder kick off digitalt"}]},{"@type":"WebSite","@id":"https:\/\/acta.no\/ostfold\/#website","url":"https:\/\/acta.no\/ostfold\/","name":"Acta Region \u00d8stfold","description":"\u00d8stfold","potentialAction":[{"@type":"SearchAction","target":{"@type":"EntryPoint","urlTemplate":"https:\/\/acta.no\/ostfold\/?s={search_term_string}"},"query-input":{"@type":"PropertyValueSpecification","valueRequired":true,"valueName":"search_term_string"}}],"inLanguage":"nb-NO"}]}},"_links":{"self":[{"href":"https:\/\/acta.no\/ostfold\/wp-json\/wp\/v2\/pages\/900","targetHints":{"allow":["GET"]}}],"collection":[{"href":"https:\/\/acta.no\/ostfold\/wp-json\/wp\/v2\/pages"}],"about":[{"href":"https:\/\/acta.no\/ostfold\/wp-json\/wp\/v2\/types\/page"}],"author":[{"embeddable":true,"href":"https:\/\/acta.no\/ostfold\/wp-json\/wp\/v2\/users\/63"}],"replies":[{"embeddable":true,"href":"https:\/\/acta.no\/ostfold\/wp-json\/wp\/v2\/comments?post=900"}],"version-history":[{"count":2,"href":"https:\/\/acta.no\/ostfold\/wp-json\/wp\/v2\/pages\/900\/revisions"}],"predecessor-version":[{"id":929,"href":"https:\/\/acta.no\/ostfold\/wp-json\/wp\/v2\/pages\/900\/revisions\/929"}],"up":[{"embeddable":true,"href":"https:\/\/acta.no\/ostfold\/wp-json\/wp\/v2\/pages\/25"}],"wp:featuredmedia":[{"embeddable":true,"href":"https:\/\/acta.no\/ostfold\/wp-json\/wp\/v2\/media\/908"}],"wp:attachment":[{"href":"https:\/\/acta.no\/ostfold\/wp-json\/wp\/v2\/media?parent=900"}],"curies":[{"name":"wp","href":"https:\/\/api.w.org\/{rel}","templated":true}]}}