{"id":655,"date":"2020-08-20T12:47:39","date_gmt":"2020-08-20T12:47:39","guid":{"rendered":"http:\/\/acta.no\/ostfold\/?page_id=655"},"modified":"2020-08-20T12:55:10","modified_gmt":"2020-08-20T12:55:10","slug":"ostfold-soul-teens-samling","status":"publish","type":"page","link":"https:\/\/acta.no\/ostfold\/forside\/ostfold-soul-teens-samling\/","title":{"rendered":"\u00d8stfold Soul Teens samling"},"content":{"rendered":"<div id=\"module-0\" class=\"hogan-module hogan-module-image hogan-module-0 hogan-image-size-page-width\"><div class=\"hogan-module-inner\"><figure class=\"wp-caption size-page-width\"><img loading=\"lazy\" decoding=\"async\" width=\"1920\" height=\"1920\" src=\"https:\/\/www.normisjon.no\/content\/uploads\/sites\/39\/2020\/08\/\u00d8stfold-soul-teens-samling-hjemmesiden-1-1920x1920.png\" class=\"attachment-page-width size-page-width\" alt=\"\" srcset=\"https:\/\/www.normisjon.no\/content\/uploads\/sites\/39\/2020\/08\/\u00d8stfold-soul-teens-samling-hjemmesiden-1-1920x1920.png 1920w, https:\/\/www.normisjon.no\/content\/uploads\/sites\/39\/2020\/08\/\u00d8stfold-soul-teens-samling-hjemmesiden-1-150x150.png 150w, https:\/\/www.normisjon.no\/content\/uploads\/sites\/39\/2020\/08\/\u00d8stfold-soul-teens-samling-hjemmesiden-1-300x300.png 300w, https:\/\/www.normisjon.no\/content\/uploads\/sites\/39\/2020\/08\/\u00d8stfold-soul-teens-samling-hjemmesiden-1-768x768.png 768w, https:\/\/www.normisjon.no\/content\/uploads\/sites\/39\/2020\/08\/\u00d8stfold-soul-teens-samling-hjemmesiden-1-1024x1024.png 1024w, https:\/\/www.normisjon.no\/content\/uploads\/sites\/39\/2020\/08\/\u00d8stfold-soul-teens-samling-hjemmesiden-1-1360x1360.png 1360w, https:\/\/www.normisjon.no\/content\/uploads\/sites\/39\/2020\/08\/\u00d8stfold-soul-teens-samling-hjemmesiden-1-960x960.png 960w\" sizes=\"auto, (max-width: 1920px) 100vw, 1920px\" \/><\/figure><\/div><\/div><div id=\"module-1\" class=\"hogan-module hogan-module-text hogan-module-1\"><div class=\"hogan-module-inner\"><h2>Velkommen til tidenes f\u00f8rste \u00d8stfold Soul Teens samling!<\/h2>\n<p>Vi f\u00e5r bes\u00f8k av Juliane Holmedahl Stikbakke som jobber i Soul Children sentralt og er musikalsk leder for Oslo Soul Teens som skal ha workshop med oss.<\/p>\n<p>Vi h\u00e5per dette kan bli en gruppe som kan m\u00f8tes videre fremover og dette er noe av det vi skal snakke om denne kvelden.<\/p>\n<p>Soul Teens er for deg som er glad i \u00e5 synge, glad i \u00e5 v\u00e6re sammen med andre og som \u00f8nsker en gruppe der du kan vokse musikalsk, \u00e5ndelig og sosialt. Dersom du er med i et lokalt Soul Children kor h\u00e5per vi dette kan v\u00e6re en gruppe der du kan f\u00e5 med deg inspirasjon, engasjement og vokse i rollen som leder, eller forbilde i kraft av \u00e5 v\u00e6re blant de eldste i koret ditt. Dersom du ikke g\u00e5r i noe kor h\u00e5per vi dette kan v\u00e6re et godt korfellesskap \u00e5 ta del i.<\/p>\n<p>I utgangspunktet er det 30 plasser, s\u00e5 her er det f\u00f8rste mann til m\u00f8lla. Meld deg p\u00e5 her:<\/p><\/div><\/div><div id=\"module-2\" class=\"hogan-module hogan-module-grid hogan-module-2 hogan-grid-has-theme hogan-grid-theme-darkgrey\"><div class=\"hogan-module-inner\"><div class=\"hogan-grid hogan-grid-text-center hogan-grid-size-dynamic\">\n\t<div class=\"hogan-grid-inner\">\n\t\t\t\t\t<div class=\"hogan-grid-item hogan-grid-item-size-large hogan-grid-item-type-page savage-has-image savage-has-heading\">\n\t\t\t\t<div class=\"hogan-grid-item-inner\">\n\t\t\t\t\t<div class=\"savage-card-image\">\n\t<div class=\"savage-card-image-inner\">\n\t\t<span class=\"savage-card-image-image\" style=\"background-image: url(https:\/\/www.normisjon.no\/content\/uploads\/sites\/39\/2020\/08\/109_scf-2018-gudstjeneste-9318-768x512.jpg);\"><\/span>\t<\/div>\n<\/div>\n\t\t<div class=\"savage-card-body\">\n\t\t\t<div class=\"savage-card-body-inner\">\n\t\t\t\t<h2 class=\"savage-card-heading\">\u00d8stfold Soul Teens p\u00e5melding<\/h2>\t\t\t<\/div>\n\t\t<\/div>\n\t\t<a href=\"https:\/\/acta.no\/ostfold\/forside\/ostfold-soul-teens-samling\/ostfold-soul-teens-pamelding\/\" class=\"savage-card-link\"><span class=\"screen-reader-text\">Read article &quot;\u00d8stfold Soul Teens p\u00e5melding&quot;<\/span><\/a>\t\t\t\t<\/div>\n\t\t\t<\/div>\n\t\t\t\t<\/div>\n<\/div>\n<\/div><\/div>","protected":false},"excerpt":{"rendered":"<p>Velkommen til tidenes f\u00f8rste \u00d8stfold Soul Teens samling! Vi f\u00e5r bes\u00f8k av Juliane Holmedahl Stikbakke som jobber i Soul Children sentralt og er musikalsk leder for Oslo Soul Teens som skal ha workshop med oss. Vi h\u00e5per dette kan bli en gruppe som kan m\u00f8tes videre fremover og dette er noe av det vi skal [&hellip;]<\/p>\n","protected":false},"author":63,"featured_media":671,"parent":4,"menu_order":0,"comment_status":"closed","ping_status":"closed","template":"","meta":{"_acf_changed":false,"footnotes":""},"class_list":["post-655","page","type-page","status-publish","has-post-thumbnail","hentry"],"acf":[],"yoast_head":"<!-- This site is optimized with the Yoast SEO plugin v25.9 - https:\/\/yoast.com\/wordpress\/plugins\/seo\/ -->\n<title>\u00d8stfold Soul Teens samling - Acta Region \u00d8stfold<\/title>\n<meta name=\"robots\" content=\"index, follow, max-snippet:-1, max-image-preview:large, max-video-preview:-1\" \/>\n<link rel=\"canonical\" href=\"https:\/\/acta.no\/ostfold\/forside\/ostfold-soul-teens-samling\/\" \/>\n<meta property=\"og:locale\" content=\"nb_NO\" \/>\n<meta property=\"og:type\" content=\"article\" \/>\n<meta property=\"og:title\" content=\"\u00d8stfold Soul Teens samling - Acta Region \u00d8stfold\" \/>\n<meta property=\"og:description\" content=\"Velkommen til tidenes f\u00f8rste \u00d8stfold Soul Teens samling! Vi f\u00e5r bes\u00f8k av Juliane Holmedahl Stikbakke som jobber i Soul Children sentralt og er musikalsk leder for Oslo Soul Teens som skal ha workshop med oss. Vi h\u00e5per dette kan bli en gruppe som kan m\u00f8tes videre fremover og dette er noe av det vi skal [&hellip;]\" \/>\n<meta property=\"og:url\" content=\"https:\/\/acta.no\/ostfold\/forside\/ostfold-soul-teens-samling\/\" \/>\n<meta property=\"og:site_name\" content=\"Acta Region \u00d8stfold\" \/>\n<meta property=\"article:modified_time\" content=\"2020-08-20T12:55:10+00:00\" \/>\n<meta property=\"og:image\" content=\"https:\/\/www.normisjon.no\/content\/uploads\/sites\/39\/2020\/08\/109_scf-2018-gudstjeneste-9318-1024x683.jpg\" \/>\n\t<meta property=\"og:image:width\" content=\"1024\" \/>\n\t<meta property=\"og:image:height\" content=\"683\" \/>\n\t<meta property=\"og:image:type\" content=\"image\/jpeg\" \/>\n<meta name=\"twitter:card\" content=\"summary_large_image\" \/>\n<script type=\"application\/ld+json\" class=\"yoast-schema-graph\">{\"@context\":\"https:\/\/schema.org\",\"@graph\":[{\"@type\":\"WebPage\",\"@id\":\"https:\/\/acta.no\/ostfold\/forside\/ostfold-soul-teens-samling\/\",\"url\":\"https:\/\/acta.no\/ostfold\/forside\/ostfold-soul-teens-samling\/\",\"name\":\"\u00d8stfold Soul Teens samling - Acta Region \u00d8stfold\",\"isPartOf\":{\"@id\":\"https:\/\/acta.no\/ostfold\/#website\"},\"primaryImageOfPage\":{\"@id\":\"https:\/\/acta.no\/ostfold\/forside\/ostfold-soul-teens-samling\/#primaryimage\"},\"image\":{\"@id\":\"https:\/\/acta.no\/ostfold\/forside\/ostfold-soul-teens-samling\/#primaryimage\"},\"thumbnailUrl\":\"https:\/\/www.normisjon.no\/content\/uploads\/sites\/39\/2020\/08\/109_scf-2018-gudstjeneste-9318.jpg\",\"datePublished\":\"2020-08-20T12:47:39+00:00\",\"dateModified\":\"2020-08-20T12:55:10+00:00\",\"breadcrumb\":{\"@id\":\"https:\/\/acta.no\/ostfold\/forside\/ostfold-soul-teens-samling\/#breadcrumb\"},\"inLanguage\":\"nb-NO\",\"potentialAction\":[{\"@type\":\"ReadAction\",\"target\":[\"https:\/\/acta.no\/ostfold\/forside\/ostfold-soul-teens-samling\/\"]}]},{\"@type\":\"ImageObject\",\"inLanguage\":\"nb-NO\",\"@id\":\"https:\/\/acta.no\/ostfold\/forside\/ostfold-soul-teens-samling\/#primaryimage\",\"url\":\"https:\/\/www.normisjon.no\/content\/uploads\/sites\/39\/2020\/08\/109_scf-2018-gudstjeneste-9318.jpg\",\"contentUrl\":\"https:\/\/www.normisjon.no\/content\/uploads\/sites\/39\/2020\/08\/109_scf-2018-gudstjeneste-9318.jpg\",\"width\":2048,\"height\":1365},{\"@type\":\"BreadcrumbList\",\"@id\":\"https:\/\/acta.no\/ostfold\/forside\/ostfold-soul-teens-samling\/#breadcrumb\",\"itemListElement\":[{\"@type\":\"ListItem\",\"position\":1,\"name\":\"Til acta.no\",\"item\":\"https:\/\/acta.no\/\"},{\"@type\":\"ListItem\",\"position\":2,\"name\":\"Region \u00d8stfold\",\"item\":\"https:\/\/acta.no\/ostfold\/\"},{\"@type\":\"ListItem\",\"position\":3,\"name\":\"\u00d8stfold\",\"item\":\"https:\/\/acta.no\/ostfold\/\"},{\"@type\":\"ListItem\",\"position\":4,\"name\":\"\u00d8stfold Soul Teens samling\"}]},{\"@type\":\"WebSite\",\"@id\":\"https:\/\/acta.no\/ostfold\/#website\",\"url\":\"https:\/\/acta.no\/ostfold\/\",\"name\":\"Acta Region \u00d8stfold\",\"description\":\"\u00d8stfold\",\"potentialAction\":[{\"@type\":\"SearchAction\",\"target\":{\"@type\":\"EntryPoint\",\"urlTemplate\":\"https:\/\/acta.no\/ostfold\/?s={search_term_string}\"},\"query-input\":{\"@type\":\"PropertyValueSpecification\",\"valueRequired\":true,\"valueName\":\"search_term_string\"}}],\"inLanguage\":\"nb-NO\"}]}<\/script>\n<!-- \/ Yoast SEO plugin. -->","yoast_head_json":{"title":"\u00d8stfold Soul Teens samling - Acta Region \u00d8stfold","robots":{"index":"index","follow":"follow","max-snippet":"max-snippet:-1","max-image-preview":"max-image-preview:large","max-video-preview":"max-video-preview:-1"},"canonical":"https:\/\/acta.no\/ostfold\/forside\/ostfold-soul-teens-samling\/","og_locale":"nb_NO","og_type":"article","og_title":"\u00d8stfold Soul Teens samling - Acta Region \u00d8stfold","og_description":"Velkommen til tidenes f\u00f8rste \u00d8stfold Soul Teens samling! Vi f\u00e5r bes\u00f8k av Juliane Holmedahl Stikbakke som jobber i Soul Children sentralt og er musikalsk leder for Oslo Soul Teens som skal ha workshop med oss. Vi h\u00e5per dette kan bli en gruppe som kan m\u00f8tes videre fremover og dette er noe av det vi skal [&hellip;]","og_url":"https:\/\/acta.no\/ostfold\/forside\/ostfold-soul-teens-samling\/","og_site_name":"Acta Region \u00d8stfold","article_modified_time":"2020-08-20T12:55:10+00:00","og_image":[{"width":1024,"height":683,"url":"https:\/\/www.normisjon.no\/content\/uploads\/sites\/39\/2020\/08\/109_scf-2018-gudstjeneste-9318-1024x683.jpg","type":"image\/jpeg"}],"twitter_card":"summary_large_image","schema":{"@context":"https:\/\/schema.org","@graph":[{"@type":"WebPage","@id":"https:\/\/acta.no\/ostfold\/forside\/ostfold-soul-teens-samling\/","url":"https:\/\/acta.no\/ostfold\/forside\/ostfold-soul-teens-samling\/","name":"\u00d8stfold Soul Teens samling - Acta Region \u00d8stfold","isPartOf":{"@id":"https:\/\/acta.no\/ostfold\/#website"},"primaryImageOfPage":{"@id":"https:\/\/acta.no\/ostfold\/forside\/ostfold-soul-teens-samling\/#primaryimage"},"image":{"@id":"https:\/\/acta.no\/ostfold\/forside\/ostfold-soul-teens-samling\/#primaryimage"},"thumbnailUrl":"https:\/\/www.normisjon.no\/content\/uploads\/sites\/39\/2020\/08\/109_scf-2018-gudstjeneste-9318.jpg","datePublished":"2020-08-20T12:47:39+00:00","dateModified":"2020-08-20T12:55:10+00:00","breadcrumb":{"@id":"https:\/\/acta.no\/ostfold\/forside\/ostfold-soul-teens-samling\/#breadcrumb"},"inLanguage":"nb-NO","potentialAction":[{"@type":"ReadAction","target":["https:\/\/acta.no\/ostfold\/forside\/ostfold-soul-teens-samling\/"]}]},{"@type":"ImageObject","inLanguage":"nb-NO","@id":"https:\/\/acta.no\/ostfold\/forside\/ostfold-soul-teens-samling\/#primaryimage","url":"https:\/\/www.normisjon.no\/content\/uploads\/sites\/39\/2020\/08\/109_scf-2018-gudstjeneste-9318.jpg","contentUrl":"https:\/\/www.normisjon.no\/content\/uploads\/sites\/39\/2020\/08\/109_scf-2018-gudstjeneste-9318.jpg","width":2048,"height":1365},{"@type":"BreadcrumbList","@id":"https:\/\/acta.no\/ostfold\/forside\/ostfold-soul-teens-samling\/#breadcrumb","itemListElement":[{"@type":"ListItem","position":1,"name":"Til acta.no","item":"https:\/\/acta.no\/"},{"@type":"ListItem","position":2,"name":"Region \u00d8stfold","item":"https:\/\/acta.no\/ostfold\/"},{"@type":"ListItem","position":3,"name":"\u00d8stfold","item":"https:\/\/acta.no\/ostfold\/"},{"@type":"ListItem","position":4,"name":"\u00d8stfold Soul Teens samling"}]},{"@type":"WebSite","@id":"https:\/\/acta.no\/ostfold\/#website","url":"https:\/\/acta.no\/ostfold\/","name":"Acta Region \u00d8stfold","description":"\u00d8stfold","potentialAction":[{"@type":"SearchAction","target":{"@type":"EntryPoint","urlTemplate":"https:\/\/acta.no\/ostfold\/?s={search_term_string}"},"query-input":{"@type":"PropertyValueSpecification","valueRequired":true,"valueName":"search_term_string"}}],"inLanguage":"nb-NO"}]}},"_links":{"self":[{"href":"https:\/\/acta.no\/ostfold\/wp-json\/wp\/v2\/pages\/655","targetHints":{"allow":["GET"]}}],"collection":[{"href":"https:\/\/acta.no\/ostfold\/wp-json\/wp\/v2\/pages"}],"about":[{"href":"https:\/\/acta.no\/ostfold\/wp-json\/wp\/v2\/types\/page"}],"author":[{"embeddable":true,"href":"https:\/\/acta.no\/ostfold\/wp-json\/wp\/v2\/users\/63"}],"replies":[{"embeddable":true,"href":"https:\/\/acta.no\/ostfold\/wp-json\/wp\/v2\/comments?post=655"}],"version-history":[{"count":3,"href":"https:\/\/acta.no\/ostfold\/wp-json\/wp\/v2\/pages\/655\/revisions"}],"predecessor-version":[{"id":684,"href":"https:\/\/acta.no\/ostfold\/wp-json\/wp\/v2\/pages\/655\/revisions\/684"}],"up":[{"embeddable":true,"href":"https:\/\/acta.no\/ostfold\/wp-json\/wp\/v2\/pages\/4"}],"wp:featuredmedia":[{"embeddable":true,"href":"https:\/\/acta.no\/ostfold\/wp-json\/wp\/v2\/media\/671"}],"wp:attachment":[{"href":"https:\/\/acta.no\/ostfold\/wp-json\/wp\/v2\/media?parent=655"}],"curies":[{"name":"wp","href":"https:\/\/api.w.org\/{rel}","templated":true}]}}