{"id":466,"date":"2019-12-13T13:22:39","date_gmt":"2019-12-13T13:22:39","guid":{"rendered":"http:\/\/acta.no\/ostfold\/?page_id=466"},"modified":"2020-02-14T13:34:34","modified_gmt":"2020-02-14T13:34:34","slug":"acta-cup-2020","status":"publish","type":"page","link":"https:\/\/acta.no\/ostfold\/forside\/acta-cup-2020\/","title":{"rendered":"Acta Cup 2020"},"content":{"rendered":"<div id=\"module-0\" class=\"hogan-module hogan-module-image hogan-module-0 hogan-image-size-large\"><div class=\"hogan-module-inner\"><figure class=\"wp-caption size-large\"><img loading=\"lazy\" decoding=\"async\" width=\"873\" height=\"732\" src=\"https:\/\/www.normisjon.no\/content\/uploads\/sites\/39\/2019\/12\/Acta-Cup.png\" class=\"attachment-large size-large\" alt=\"\" srcset=\"https:\/\/www.normisjon.no\/content\/uploads\/sites\/39\/2019\/12\/Acta-Cup.png 940w, https:\/\/www.normisjon.no\/content\/uploads\/sites\/39\/2019\/12\/Acta-Cup-300x251.png 300w, https:\/\/www.normisjon.no\/content\/uploads\/sites\/39\/2019\/12\/Acta-Cup-768x644.png 768w\" sizes=\"auto, (max-width: 873px) 100vw, 873px\" \/><\/figure><\/div><\/div><div id=\"module-1\" class=\"hogan-module hogan-module-text hogan-module-1\"><div class=\"hogan-module-inner\"><p>Velkommen til\u00a0en dag fylt av aktiviter og sosial mingling. F\u00f8rste del av programmet best\u00e5r av en volleyball-cup hvor man kan melde seg p\u00e5 som enkeltperson eller som lag (et lag best\u00e5r av 6 til 10 personer). Videre blir det servert pizza hvor vi ogs\u00e5 gir deltakerne et kort tilbakeblikk av Acta-\u00e5ret 2019. I denne sekvensen skal vi ogs\u00e5 f\u00e5 presentert hvilke planer Acta \u00d8stfold har i 2020. Vi avslutter dagen med premieutdeling fra cupen samt konsert (mer informasjon kommer p\u00e5 facebook-eventet s\u00e5 fort ting blir klart) og helt til slutt \u00e5pner cafeen.<\/p>\n<p>Dette er dagen for\u00a0\u00e5 bli kjent med nye og ogs\u00e5 treffe gamle venner mellom kamper og andre aktiviteter.<\/p>\n<p>Dersom du f\u00e5r med deg en gjeng er det topp, men du er like velkommen dersom du kommer alene.\u00a0Vi tror dette bli en morsom dag &#8211; spesielt hvis DU kommer \ud83d\ude42<\/p>\n<p>Kiosken er \u00e5pen hele dagen med salg av drikke og diverse snacks<\/p>\n<p><strong>Pris: 150,- pr person<\/strong> som inkluderer frukt, pizza og konsert.<\/p>\n<p><strong>Tilbud:<\/strong> Dersom du samtidig melder deg inn i Acta \u00d8stfold (et helt uforpliktende medlemskap for deg, men som betyr god \u00f8konomisk st\u00f8tte for oss) Koster frukt, pizza, konsert og medlemskap <strong>tilsammen kr. 100,-\u00a0<\/strong>(Denne prisen gjelder selvf\u00f8lgelig ogs\u00e5 dersom du allerede er medlem for 2020)<\/p>\n<p><strong>P\u00e5melding p\u00e5:\u00a0<\/strong>https:\/\/www.checkin.no\/event\/21842\/acta-cup<\/p>\n<p><strong>Siste frist<\/strong> for p\u00e5melding:\u00a024. februar<\/p>\n<p><strong>Sted:<\/strong>\u00a0Tomb videreg\u00e5ende skole, R\u00e5de<\/p>\n<p><strong>Alder:<\/strong>\u00a08.klasse\u00a0til maks 26 \u00e5r<\/p>\n<p>&nbsp;<\/p>\n<p><strong>Program:<\/strong><\/p>\n<p>Kl. 11.00 Starte registrering<br \/>\nKl. 11.45 Start for kropp og sjel (appell og oppvarming)<br \/>\nKl. 12.00 Kamp start<br \/>\nKl. 15.30 Finale<br \/>\nKl. 16.30 Pizza<br \/>\nKl. 17.00 Acta \u00e5rsm\u00f8te\u00a0 \u00a0 \u00a0 \u00a0 \u00a0 \u00a0 \u00a0 \u00a0 \u00a0 \u00a0 \u00a0 \u00a0 \u00a0 \u00a0 \u00a0 \u00a0 \u00a0 \u00a0 \u00a0 \u00a0 \u00a0 \u00a0 \u00a0 \u00a0 \u00a0 \u00a0 \u00a0 \u00a0 \u00a0 \u00a0 \u00a0 \u00a0 \u00a0 \u00a0 \u00a0 \u00a0 \u00a0 \u00a0 \u00a0 \u00a0 \u00a0 \u00a0 \u00a0 \u00a0 \u00a0 \u00a0 \u00a0 \u00a0 \u00a0 \u00a0 Kl. 18.00 Festkveld<\/p>\n<p>Arrangementet er et samarbeid mellom Tomb videreg\u00e5ende skole og Acta \u00d8stfold samtidig som vi ogs\u00e5 f\u00e5r bes\u00f8k av et team fra Bibelskolen i Grimstad som vil bidra i gjennomf\u00f8ringen av arrangementet,<\/p>\n<p>Har dere sp\u00f8rsm\u00e5l eller trenger hjelp med p\u00e5meldingen er dere velkomne til \u00e5 ta kontakt til acta.ostfold@normisjon.no eller tlf 47483632.<\/p><\/div><\/div>","protected":false},"excerpt":{"rendered":"<p>Velkommen til\u00a0en dag fylt av aktiviter og sosial mingling. F\u00f8rste del av programmet best\u00e5r av en volleyball-cup hvor man kan melde seg p\u00e5 som enkeltperson eller som lag (et lag best\u00e5r av 6 til 10 personer). Videre blir det servert pizza hvor vi ogs\u00e5 gir deltakerne et kort tilbakeblikk av Acta-\u00e5ret 2019. I denne sekvensen [&hellip;]<\/p>\n","protected":false},"author":63,"featured_media":462,"parent":4,"menu_order":0,"comment_status":"closed","ping_status":"closed","template":"","meta":{"_acf_changed":false,"footnotes":""},"class_list":["post-466","page","type-page","status-publish","has-post-thumbnail","hentry"],"acf":[],"yoast_head":"<!-- This site is optimized with the Yoast SEO plugin v25.9 - https:\/\/yoast.com\/wordpress\/plugins\/seo\/ -->\n<title>Acta Cup 2020 - Acta Region \u00d8stfold<\/title>\n<meta name=\"robots\" content=\"index, follow, max-snippet:-1, max-image-preview:large, max-video-preview:-1\" \/>\n<link rel=\"canonical\" href=\"https:\/\/acta.no\/ostfold\/forside\/acta-cup-2020\/\" \/>\n<meta property=\"og:locale\" content=\"nb_NO\" \/>\n<meta property=\"og:type\" content=\"article\" \/>\n<meta property=\"og:title\" content=\"Acta Cup 2020 - Acta Region \u00d8stfold\" \/>\n<meta property=\"og:description\" content=\"Velkommen til\u00a0en dag fylt av aktiviter og sosial mingling. F\u00f8rste del av programmet best\u00e5r av en volleyball-cup hvor man kan melde seg p\u00e5 som enkeltperson eller som lag (et lag best\u00e5r av 6 til 10 personer). Videre blir det servert pizza hvor vi ogs\u00e5 gir deltakerne et kort tilbakeblikk av Acta-\u00e5ret 2019. I denne sekvensen [&hellip;]\" \/>\n<meta property=\"og:url\" content=\"https:\/\/acta.no\/ostfold\/forside\/acta-cup-2020\/\" \/>\n<meta property=\"og:site_name\" content=\"Acta Region \u00d8stfold\" \/>\n<meta property=\"article:modified_time\" content=\"2020-02-14T13:34:34+00:00\" \/>\n<meta property=\"og:image\" content=\"https:\/\/www.normisjon.no\/content\/uploads\/sites\/39\/2019\/12\/Acta-Cup.png\" \/>\n\t<meta property=\"og:image:width\" content=\"940\" \/>\n\t<meta property=\"og:image:height\" content=\"788\" \/>\n\t<meta property=\"og:image:type\" content=\"image\/png\" \/>\n<meta name=\"twitter:card\" content=\"summary_large_image\" \/>\n<script type=\"application\/ld+json\" class=\"yoast-schema-graph\">{\"@context\":\"https:\/\/schema.org\",\"@graph\":[{\"@type\":\"WebPage\",\"@id\":\"https:\/\/acta.no\/ostfold\/forside\/acta-cup-2020\/\",\"url\":\"https:\/\/acta.no\/ostfold\/forside\/acta-cup-2020\/\",\"name\":\"Acta Cup 2020 - Acta Region \u00d8stfold\",\"isPartOf\":{\"@id\":\"https:\/\/acta.no\/ostfold\/#website\"},\"primaryImageOfPage\":{\"@id\":\"https:\/\/acta.no\/ostfold\/forside\/acta-cup-2020\/#primaryimage\"},\"image\":{\"@id\":\"https:\/\/acta.no\/ostfold\/forside\/acta-cup-2020\/#primaryimage\"},\"thumbnailUrl\":\"https:\/\/www.normisjon.no\/content\/uploads\/sites\/39\/2019\/12\/Acta-Cup.png\",\"datePublished\":\"2019-12-13T13:22:39+00:00\",\"dateModified\":\"2020-02-14T13:34:34+00:00\",\"breadcrumb\":{\"@id\":\"https:\/\/acta.no\/ostfold\/forside\/acta-cup-2020\/#breadcrumb\"},\"inLanguage\":\"nb-NO\",\"potentialAction\":[{\"@type\":\"ReadAction\",\"target\":[\"https:\/\/acta.no\/ostfold\/forside\/acta-cup-2020\/\"]}]},{\"@type\":\"ImageObject\",\"inLanguage\":\"nb-NO\",\"@id\":\"https:\/\/acta.no\/ostfold\/forside\/acta-cup-2020\/#primaryimage\",\"url\":\"https:\/\/www.normisjon.no\/content\/uploads\/sites\/39\/2019\/12\/Acta-Cup.png\",\"contentUrl\":\"https:\/\/www.normisjon.no\/content\/uploads\/sites\/39\/2019\/12\/Acta-Cup.png\",\"width\":940,\"height\":788},{\"@type\":\"BreadcrumbList\",\"@id\":\"https:\/\/acta.no\/ostfold\/forside\/acta-cup-2020\/#breadcrumb\",\"itemListElement\":[{\"@type\":\"ListItem\",\"position\":1,\"name\":\"Til acta.no\",\"item\":\"https:\/\/acta.no\/\"},{\"@type\":\"ListItem\",\"position\":2,\"name\":\"Region \u00d8stfold\",\"item\":\"https:\/\/acta.no\/ostfold\/\"},{\"@type\":\"ListItem\",\"position\":3,\"name\":\"\u00d8stfold\",\"item\":\"https:\/\/acta.no\/ostfold\/\"},{\"@type\":\"ListItem\",\"position\":4,\"name\":\"Acta Cup 2020\"}]},{\"@type\":\"WebSite\",\"@id\":\"https:\/\/acta.no\/ostfold\/#website\",\"url\":\"https:\/\/acta.no\/ostfold\/\",\"name\":\"Acta Region \u00d8stfold\",\"description\":\"\u00d8stfold\",\"potentialAction\":[{\"@type\":\"SearchAction\",\"target\":{\"@type\":\"EntryPoint\",\"urlTemplate\":\"https:\/\/acta.no\/ostfold\/?s={search_term_string}\"},\"query-input\":{\"@type\":\"PropertyValueSpecification\",\"valueRequired\":true,\"valueName\":\"search_term_string\"}}],\"inLanguage\":\"nb-NO\"}]}<\/script>\n<!-- \/ Yoast SEO plugin. -->","yoast_head_json":{"title":"Acta Cup 2020 - Acta Region \u00d8stfold","robots":{"index":"index","follow":"follow","max-snippet":"max-snippet:-1","max-image-preview":"max-image-preview:large","max-video-preview":"max-video-preview:-1"},"canonical":"https:\/\/acta.no\/ostfold\/forside\/acta-cup-2020\/","og_locale":"nb_NO","og_type":"article","og_title":"Acta Cup 2020 - Acta Region \u00d8stfold","og_description":"Velkommen til\u00a0en dag fylt av aktiviter og sosial mingling. F\u00f8rste del av programmet best\u00e5r av en volleyball-cup hvor man kan melde seg p\u00e5 som enkeltperson eller som lag (et lag best\u00e5r av 6 til 10 personer). Videre blir det servert pizza hvor vi ogs\u00e5 gir deltakerne et kort tilbakeblikk av Acta-\u00e5ret 2019. I denne sekvensen [&hellip;]","og_url":"https:\/\/acta.no\/ostfold\/forside\/acta-cup-2020\/","og_site_name":"Acta Region \u00d8stfold","article_modified_time":"2020-02-14T13:34:34+00:00","og_image":[{"width":940,"height":788,"url":"https:\/\/www.normisjon.no\/content\/uploads\/sites\/39\/2019\/12\/Acta-Cup.png","type":"image\/png"}],"twitter_card":"summary_large_image","schema":{"@context":"https:\/\/schema.org","@graph":[{"@type":"WebPage","@id":"https:\/\/acta.no\/ostfold\/forside\/acta-cup-2020\/","url":"https:\/\/acta.no\/ostfold\/forside\/acta-cup-2020\/","name":"Acta Cup 2020 - Acta Region \u00d8stfold","isPartOf":{"@id":"https:\/\/acta.no\/ostfold\/#website"},"primaryImageOfPage":{"@id":"https:\/\/acta.no\/ostfold\/forside\/acta-cup-2020\/#primaryimage"},"image":{"@id":"https:\/\/acta.no\/ostfold\/forside\/acta-cup-2020\/#primaryimage"},"thumbnailUrl":"https:\/\/www.normisjon.no\/content\/uploads\/sites\/39\/2019\/12\/Acta-Cup.png","datePublished":"2019-12-13T13:22:39+00:00","dateModified":"2020-02-14T13:34:34+00:00","breadcrumb":{"@id":"https:\/\/acta.no\/ostfold\/forside\/acta-cup-2020\/#breadcrumb"},"inLanguage":"nb-NO","potentialAction":[{"@type":"ReadAction","target":["https:\/\/acta.no\/ostfold\/forside\/acta-cup-2020\/"]}]},{"@type":"ImageObject","inLanguage":"nb-NO","@id":"https:\/\/acta.no\/ostfold\/forside\/acta-cup-2020\/#primaryimage","url":"https:\/\/www.normisjon.no\/content\/uploads\/sites\/39\/2019\/12\/Acta-Cup.png","contentUrl":"https:\/\/www.normisjon.no\/content\/uploads\/sites\/39\/2019\/12\/Acta-Cup.png","width":940,"height":788},{"@type":"BreadcrumbList","@id":"https:\/\/acta.no\/ostfold\/forside\/acta-cup-2020\/#breadcrumb","itemListElement":[{"@type":"ListItem","position":1,"name":"Til acta.no","item":"https:\/\/acta.no\/"},{"@type":"ListItem","position":2,"name":"Region \u00d8stfold","item":"https:\/\/acta.no\/ostfold\/"},{"@type":"ListItem","position":3,"name":"\u00d8stfold","item":"https:\/\/acta.no\/ostfold\/"},{"@type":"ListItem","position":4,"name":"Acta Cup 2020"}]},{"@type":"WebSite","@id":"https:\/\/acta.no\/ostfold\/#website","url":"https:\/\/acta.no\/ostfold\/","name":"Acta Region \u00d8stfold","description":"\u00d8stfold","potentialAction":[{"@type":"SearchAction","target":{"@type":"EntryPoint","urlTemplate":"https:\/\/acta.no\/ostfold\/?s={search_term_string}"},"query-input":{"@type":"PropertyValueSpecification","valueRequired":true,"valueName":"search_term_string"}}],"inLanguage":"nb-NO"}]}},"_links":{"self":[{"href":"https:\/\/acta.no\/ostfold\/wp-json\/wp\/v2\/pages\/466","targetHints":{"allow":["GET"]}}],"collection":[{"href":"https:\/\/acta.no\/ostfold\/wp-json\/wp\/v2\/pages"}],"about":[{"href":"https:\/\/acta.no\/ostfold\/wp-json\/wp\/v2\/types\/page"}],"author":[{"embeddable":true,"href":"https:\/\/acta.no\/ostfold\/wp-json\/wp\/v2\/users\/63"}],"replies":[{"embeddable":true,"href":"https:\/\/acta.no\/ostfold\/wp-json\/wp\/v2\/comments?post=466"}],"version-history":[{"count":3,"href":"https:\/\/acta.no\/ostfold\/wp-json\/wp\/v2\/pages\/466\/revisions"}],"predecessor-version":[{"id":497,"href":"https:\/\/acta.no\/ostfold\/wp-json\/wp\/v2\/pages\/466\/revisions\/497"}],"up":[{"embeddable":true,"href":"https:\/\/acta.no\/ostfold\/wp-json\/wp\/v2\/pages\/4"}],"wp:featuredmedia":[{"embeddable":true,"href":"https:\/\/acta.no\/ostfold\/wp-json\/wp\/v2\/media\/462"}],"wp:attachment":[{"href":"https:\/\/acta.no\/ostfold\/wp-json\/wp\/v2\/media?parent=466"}],"curies":[{"name":"wp","href":"https:\/\/api.w.org\/{rel}","templated":true}]}}