{"id":4,"date":"2018-06-29T11:10:32","date_gmt":"2018-06-29T11:10:32","guid":{"rendered":"https:\/\/acta.no\/region-ostfold\/?page_id=4"},"modified":"2026-03-30T09:00:03","modified_gmt":"2026-03-30T09:00:03","slug":"forside","status":"publish","type":"page","link":"https:\/\/acta.no\/ostfold\/","title":{"rendered":"\u00d8stfold"},"content":{"rendered":"<div class=\"gutenberg-content\">\n\t\t<div class=\"acta-hero-wrap alignfull has-blue-background-color has-white-color alignfull wp-block-acta-hero has-text-color has-white-color has-background has-blue-background-color\">\n\t\t\t<div class=\"acta-hero-wrap__blocks\">\n\t\t\t\t<div class=\"acta-hero-wrap__inner\">\n\t\t\t\t\t\n\n<p class=\"acta-hero__header\">  acta<\/p>\n\n\n<h1 class=\"has-text-align-center acta-hero__lead wp-block-post-title has-text-color has-white-color\">\u00d8stfold<\/h1>\n\n\t\t\t\t<\/div>\n\t\t\t<\/div>\n\t\t<\/div>\n\n\n<div style=\"height:0px\" aria-hidden=\"true\" class=\"wp-block-spacer\"><\/div>\n\n\n<ul class=\"t2-link-list has-1-items alignwide wp-block-t2-link-list\">\n\n<\/ul><\/div><div id=\"module-0\" class=\"hogan-module hogan-module-grid hogan-module-0\"><div class=\"hogan-module-inner\"><h2 class=\"hogan-heading\">Velg leir, og f\u00e5 tilgang til informasjon og p\u00e5melding. Oppstart p\u00e5melding 8. april kl. 07:00<\/h2><div class=\"hogan-grid hogan-grid-text-center hogan-grid-size-dynamic\">\n\t<div class=\"hogan-grid-inner\">\n\t\t\t\t\t<div class=\"hogan-grid-item hogan-grid-item-size-small hogan-grid-item-type-savage_custom_card savage-has-image savage-has-background savage-bg-default savage-has-heading\">\n\t\t\t\t<div class=\"hogan-grid-item-inner\">\n\t\t\t\t\t<div class=\"savage-card-image\">\n\t<div class=\"savage-card-image-inner\">\n\t\t<span class=\"savage-card-image-image\" style=\"background-image: url(https:\/\/www.normisjon.no\/content\/uploads\/sites\/39\/2026\/03\/Ten-leir-2026-kort-768x432.png);\"><\/span>\t<\/div>\n<\/div>\n\t\t<div class=\"savage-card-body\">\n\t\t\t<div class=\"savage-card-body-inner\">\n\t\t\t\t<h2 class=\"savage-card-heading\">Ten-leir p\u00e5 Sauevika &#8211; 2026<\/h2>\t\t\t<\/div>\n\t\t<\/div>\n\t\t<a href=\"https:\/\/event.checkin.no\/221180\/ten-leir-pa-sauevika-2026\" class=\"savage-card-link\" target=\"_blank\"><span class=\"screen-reader-text\">Read article &quot;Ten-leir p\u00e5 Sauevika &#8211; 2026&quot;<\/span><\/a>\t\t\t\t<\/div>\n\t\t\t<\/div>\n\t\t\t\t\t\t<div class=\"hogan-grid-item hogan-grid-item-size-small hogan-grid-item-type-savage_custom_card savage-has-image savage-has-background savage-bg-default savage-has-heading\">\n\t\t\t\t<div class=\"hogan-grid-item-inner\">\n\t\t\t\t\t<div class=\"savage-card-image\">\n\t<div class=\"savage-card-image-inner\">\n\t\t<span class=\"savage-card-image-image\" style=\"background-image: url(https:\/\/www.normisjon.no\/content\/uploads\/sites\/39\/2026\/03\/Sommerleir-1-2026-Checkin-1920-x-1080-px-768x432.png);\"><\/span>\t<\/div>\n<\/div>\n\t\t<div class=\"savage-card-body\">\n\t\t\t<div class=\"savage-card-body-inner\">\n\t\t\t\t<h2 class=\"savage-card-heading\">Sommerleir 1 p\u00e5 Sauevika &#8211; 2026 for 5. &#8211; 7. klasse<\/h2>\t\t\t<\/div>\n\t\t<\/div>\n\t\t<a href=\"https:\/\/event.checkin.no\/221182\/sommerleir-1-pa-sauevika-2026-for-5-7-klasse\" class=\"savage-card-link\" target=\"_blank\"><span class=\"screen-reader-text\">Read article &quot;Sommerleir 1 p\u00e5 Sauevika &#8211; 2026 for 5. &#8211; 7. klasse&quot;<\/span><\/a>\t\t\t\t<\/div>\n\t\t\t<\/div>\n\t\t\t\t\t\t<div class=\"hogan-grid-item hogan-grid-item-size-small hogan-grid-item-type-savage_custom_card savage-has-image savage-has-background savage-bg-default savage-has-heading\">\n\t\t\t\t<div class=\"hogan-grid-item-inner\">\n\t\t\t\t\t<div class=\"savage-card-image\">\n\t<div class=\"savage-card-image-inner\">\n\t\t<span class=\"savage-card-image-image\" style=\"background-image: url(https:\/\/www.normisjon.no\/content\/uploads\/sites\/39\/2026\/03\/Sommerleir-2-2026-kort-768x432.png);\"><\/span>\t<\/div>\n<\/div>\n\t\t<div class=\"savage-card-body\">\n\t\t\t<div class=\"savage-card-body-inner\">\n\t\t\t\t<h2 class=\"savage-card-heading\">Sommerleir 2 p\u00e5 Sauevika &#8211; 2026 for 2. &#8211; 4. klasse<\/h2>\t\t\t<\/div>\n\t\t<\/div>\n\t\t<a href=\"https:\/\/event.checkin.no\/221200\/sommerleir-2-pa-sauevika-2026-for-2-4-klasse\" class=\"savage-card-link\" target=\"_blank\"><span class=\"screen-reader-text\">Read article &quot;Sommerleir 2 p\u00e5 Sauevika &#8211; 2026 for 2. &#8211; 4. klasse&quot;<\/span><\/a>\t\t\t\t<\/div>\n\t\t\t<\/div>\n\t\t\t\t\t\t<div class=\"hogan-grid-item hogan-grid-item-size-small hogan-grid-item-type-savage_custom_card savage-has-image savage-has-background savage-bg-default savage-has-heading\">\n\t\t\t\t<div class=\"hogan-grid-item-inner\">\n\t\t\t\t\t<div class=\"savage-card-image\">\n\t<div class=\"savage-card-image-inner\">\n\t\t<span class=\"savage-card-image-image\" style=\"background-image: url(https:\/\/www.normisjon.no\/content\/uploads\/sites\/39\/2026\/03\/Mini-leir-2026-kort-768x432.png);\"><\/span>\t<\/div>\n<\/div>\n\t\t<div class=\"savage-card-body\">\n\t\t\t<div class=\"savage-card-body-inner\">\n\t\t\t\t<h2 class=\"savage-card-heading\">Minileir 2026 p\u00e5 Sauevika<\/h2>\t\t\t<\/div>\n\t\t<\/div>\n\t\t<a href=\"https:\/\/event.checkin.no\/221205\/minileir-2026-pa-sauevika\" class=\"savage-card-link\" target=\"_blank\"><span class=\"screen-reader-text\">Read article &quot;Minileir 2026 p\u00e5 Sauevika&quot;<\/span><\/a>\t\t\t\t<\/div>\n\t\t\t<\/div>\n\t\t\t\t\t\t<div class=\"hogan-grid-item hogan-grid-item-size-small hogan-grid-item-type-savage_custom_card savage-has-image savage-has-background savage-bg-default savage-has-heading\">\n\t\t\t\t<div class=\"hogan-grid-item-inner\">\n\t\t\t\t\t<div class=\"savage-card-image\">\n\t<div class=\"savage-card-image-inner\">\n\t\t<span class=\"savage-card-image-image\" style=\"background-image: url(https:\/\/www.normisjon.no\/content\/uploads\/sites\/39\/2026\/03\/Familieleir-1-2026-Checkin-1920-x-1080-px-1-768x432.png);\"><\/span>\t<\/div>\n<\/div>\n\t\t<div class=\"savage-card-body\">\n\t\t\t<div class=\"savage-card-body-inner\">\n\t\t\t\t<h2 class=\"savage-card-heading\">Familieleir 1 &#8211; 2026<\/h2>\t\t\t<\/div>\n\t\t<\/div>\n\t\t<a href=\"https:\/\/event.checkin.no\/221208\/familieleir-1-2026\" class=\"savage-card-link\" target=\"_blank\"><span class=\"screen-reader-text\">Read article &quot;Familieleir 1 &#8211; 2026&quot;<\/span><\/a>\t\t\t\t<\/div>\n\t\t\t<\/div>\n\t\t\t\t\t\t<div class=\"hogan-grid-item hogan-grid-item-size-small hogan-grid-item-type-savage_custom_card savage-has-image savage-has-background savage-bg-default savage-has-heading\">\n\t\t\t\t<div class=\"hogan-grid-item-inner\">\n\t\t\t\t\t<div class=\"savage-card-image\">\n\t<div class=\"savage-card-image-inner\">\n\t\t<span class=\"savage-card-image-image\" style=\"background-image: url(https:\/\/www.normisjon.no\/content\/uploads\/sites\/39\/2026\/03\/Familieleir-2-2026-Checkin-1920-x-1080-px-1-768x432.png);\"><\/span>\t<\/div>\n<\/div>\n\t\t<div class=\"savage-card-body\">\n\t\t\t<div class=\"savage-card-body-inner\">\n\t\t\t\t<h2 class=\"savage-card-heading\">Familieleir 2 &#8211; 2026<\/h2>\t\t\t<\/div>\n\t\t<\/div>\n\t\t<a href=\"https:\/\/event.checkin.no\/221210\/familieleir-2-2026\" class=\"savage-card-link\" target=\"_blank\"><span class=\"screen-reader-text\">Read article &quot;Familieleir 2 &#8211; 2026&quot;<\/span><\/a>\t\t\t\t<\/div>\n\t\t\t<\/div>\n\t\t\t\t\t\t<div class=\"hogan-grid-item hogan-grid-item-size-small hogan-grid-item-type-savage_custom_card savage-has-image savage-has-background savage-bg-default savage-has-heading\">\n\t\t\t\t<div class=\"hogan-grid-item-inner\">\n\t\t\t\t\t<div class=\"savage-card-image\">\n\t<div class=\"savage-card-image-inner\">\n\t\t<span class=\"savage-card-image-image\" style=\"background-image: url(https:\/\/www.normisjon.no\/content\/uploads\/sites\/39\/2026\/03\/Sommerleir-4-2026-Checkin-1920-x-1080-px-1-768x432.png);\"><\/span>\t<\/div>\n<\/div>\n\t\t<div class=\"savage-card-body\">\n\t\t\t<div class=\"savage-card-body-inner\">\n\t\t\t\t<h2 class=\"savage-card-heading\">Sommerleir 4 p\u00e5 Sj\u00f8glimt &#8211; 2026 for 2. &#8211; 7. klasse<\/h2>\t\t\t<\/div>\n\t\t<\/div>\n\t\t<a href=\"https:\/\/event.checkin.no\/221216\/sommerleir-4-pa-sjoglimt-2026-for-2-7-klasse\" class=\"savage-card-link\" target=\"_blank\"><span class=\"screen-reader-text\">Read article &quot;Sommerleir 4 p\u00e5 Sj\u00f8glimt &#8211; 2026 for 2. &#8211; 7. klasse&quot;<\/span><\/a>\t\t\t\t<\/div>\n\t\t\t<\/div>\n\t\t\t\t<\/div>\n<\/div>\n<\/div><\/div><div id=\"module-1\" class=\"hogan-module hogan-module-ad hogan-module-1 hogan-ad-size-text\"><div class=\"hogan-module-inner\"><div class=\"module-ad\">\n\t<a href=\"https:\/\/event.checkin.no\/217326\/pappaleir-2026-pa-sauevika\">\n\t\t<img loading=\"lazy\" decoding=\"async\" width=\"1360\" height=\"765\" src=\"https:\/\/www.normisjon.no\/content\/uploads\/sites\/39\/2026\/01\/Pappaleir-1920-x-1080-px-1-1360x765.png\" class=\"attachment-grid-width size-grid-width\" alt=\"\" srcset=\"https:\/\/www.normisjon.no\/content\/uploads\/sites\/39\/2026\/01\/Pappaleir-1920-x-1080-px-1-1360x765.png 1360w, https:\/\/www.normisjon.no\/content\/uploads\/sites\/39\/2026\/01\/Pappaleir-1920-x-1080-px-1-300x169.png 300w, https:\/\/www.normisjon.no\/content\/uploads\/sites\/39\/2026\/01\/Pappaleir-1920-x-1080-px-1-1024x576.png 1024w, https:\/\/www.normisjon.no\/content\/uploads\/sites\/39\/2026\/01\/Pappaleir-1920-x-1080-px-1-768x432.png 768w, https:\/\/www.normisjon.no\/content\/uploads\/sites\/39\/2026\/01\/Pappaleir-1920-x-1080-px-1-1536x864.png 1536w, https:\/\/www.normisjon.no\/content\/uploads\/sites\/39\/2026\/01\/Pappaleir-1920-x-1080-px-1-960x540.png 960w, https:\/\/www.normisjon.no\/content\/uploads\/sites\/39\/2026\/01\/Pappaleir-1920-x-1080-px-1.png 1920w\" sizes=\"auto, (max-width: 1360px) 100vw, 1360px\" \/>\t<\/a>\n<\/div>\n<\/div><\/div><div id=\"module-2\" class=\"hogan-module hogan-module-grid hogan-module-2\"><div class=\"hogan-module-inner\"><h2 class=\"hogan-heading\">Nyheter fra Acta \u00d8stfold<\/h2><div class=\"hogan-grid hogan-grid-text-center hogan-grid-size-dynamic\">\n\t<div class=\"hogan-grid-inner\">\n\t\t\t\t\t<div class=\"hogan-grid-item hogan-grid-item-size-large hogan-grid-item-type-post savage-has-image savage-has-heading\">\n\t\t\t\t<div class=\"hogan-grid-item-inner\">\n\t\t\t\t\t<div class=\"savage-card-image\">\n\t<div class=\"savage-card-image-inner\">\n\t\t<span class=\"savage-card-image-image\" style=\"background-image: url(https:\/\/www.normisjon.no\/content\/uploads\/sites\/39\/2025\/12\/Leirkalender-2026-950-\u00d7-825-px-Nettside-768x667.png);\"><\/span>\t<\/div>\n<\/div>\n\t\t<div class=\"savage-card-body\">\n\t\t\t<div class=\"savage-card-body-inner\">\n\t\t\t\t<h2 class=\"savage-card-heading\">Leirkalender for 2026<\/h2>\t\t\t<\/div>\n\t\t<\/div>\n\t\t<a href=\"https:\/\/acta.no\/ostfold\/leirkalender-for-2026\/\" class=\"savage-card-link\"><span class=\"screen-reader-text\">Read article &quot;Leirkalender for 2026&quot;<\/span><\/a>\t\t\t\t<\/div>\n\t\t\t<\/div>\n\t\t\t\t<\/div>\n<\/div>\n<\/div><\/div><div id=\"module-3\" class=\"hogan-module hogan-module-linklist hogan-module-3\"><nav class=\"hogan-module-inner\">\n<ul class=\"hogan-linklist-container\">\n\t\t\t<li class=\"hogan-linklist-inner\">\n\t\t\t\t\t\t\t<h3 class=\"hogan-linklist-title\">Aktuelt<\/h3>\n\t\t\t\n\t\t\t<ul class=\"hogan-linklist-items\">\n\t\t\t\t<li class=\"hogan-linklist-item\"><a href=\"https:\/\/acta.no\/ostfold\/hva-er-leir\/\" target=\"_blank\" rel=\"noopener noreferrer\">Hva er leir?<svg xmlns=\"http:\/\/www.w3.org\/2000\/svg\" viewBox=\"0 0 56 100\" class=\"hogan-linklist-icon\"><path d=\"M54.3 47.3L7 0 .1 6.9l42.2 42.2L0 93.1l7.1 6.8 48.9-51z\"\/><\/svg><\/a><\/li><li class=\"hogan-linklist-item\"><a href=\"https:\/\/acta.no\/ostfold\/leir\/\" target=\"_blank\" rel=\"noopener noreferrer\">Leir<svg xmlns=\"http:\/\/www.w3.org\/2000\/svg\" viewBox=\"0 0 56 100\" class=\"hogan-linklist-icon\"><path d=\"M54.3 47.3L7 0 .1 6.9l42.2 42.2L0 93.1l7.1 6.8 48.9-51z\"\/><\/svg><\/a><\/li><li class=\"hogan-linklist-item\"><a href=\"https:\/\/acta.no\/ostfold\/givertjeneste\/\" target=\"_blank\" rel=\"noopener noreferrer\">Gi en gave<svg xmlns=\"http:\/\/www.w3.org\/2000\/svg\" viewBox=\"0 0 56 100\" class=\"hogan-linklist-icon\"><path d=\"M54.3 47.3L7 0 .1 6.9l42.2 42.2L0 93.1l7.1 6.8 48.9-51z\"\/><\/svg><\/a><\/li><li class=\"hogan-linklist-item hogan-linklist-item-external\"><a href=\"https:\/\/acta.no\/skoler\/\" target=\"_blank\" rel=\"noopener noreferrer\">V\u00e5re skoler<svg xmlns=\"http:\/\/www.w3.org\/2000\/svg\" viewBox=\"0 0 56 100\" class=\"hogan-linklist-icon\"><path d=\"M54.3 47.3L7 0 .1 6.9l42.2 42.2L0 93.1l7.1 6.8 48.9-51z\"\/><\/svg><\/a><\/li><li class=\"hogan-linklist-item hogan-linklist-item-external\"><a href=\"https:\/\/acta.no\/ressurssdokumenter\/\" target=\"_blank\" rel=\"noopener noreferrer\">Ressursdokumenter<svg xmlns=\"http:\/\/www.w3.org\/2000\/svg\" viewBox=\"0 0 56 100\" class=\"hogan-linklist-icon\"><path d=\"M54.3 47.3L7 0 .1 6.9l42.2 42.2L0 93.1l7.1 6.8 48.9-51z\"\/><\/svg><\/a><\/li><li class=\"hogan-linklist-item hogan-linklist-item-external\"><a href=\"https:\/\/acta.no\/lokallag\/\" target=\"_blank\" rel=\"noopener noreferrer\">Lokallag<svg xmlns=\"http:\/\/www.w3.org\/2000\/svg\" viewBox=\"0 0 56 100\" class=\"hogan-linklist-icon\"><path d=\"M54.3 47.3L7 0 .1 6.9l42.2 42.2L0 93.1l7.1 6.8 48.9-51z\"\/><\/svg><\/a><\/li>\t\t\t<\/ul>\n\t\t<\/li>\n\t<\/ul>\n<\/nav><\/div>","protected":false},"excerpt":{"rendered":"<p>Velg leir, og f\u00e5 tilgang til informasjon og p\u00e5melding. Oppstart p\u00e5melding 8. april kl. 07:00 Ten-leir p\u00e5 Sauevika &#8211; 2026 Read article &quot;Ten-leir p\u00e5 Sauevika &#8211; 2026&quot; Sommerleir 1 p\u00e5 Sauevika &#8211; 2026 for 5. &#8211; 7. klasse Read article &quot;Sommerleir 1 p\u00e5 Sauevika &#8211; 2026 for 5. &#8211; 7. klasse&quot; Sommerleir 2 p\u00e5 Sauevika [&hellip;]<\/p>\n","protected":false},"author":1,"featured_media":0,"parent":0,"menu_order":0,"comment_status":"closed","ping_status":"closed","template":"","meta":{"_acf_changed":false,"footnotes":""},"class_list":["post-4","page","type-page","status-publish","hentry"],"acf":[],"yoast_head":"<!-- This site is optimized with the Yoast SEO plugin v25.9 - https:\/\/yoast.com\/wordpress\/plugins\/seo\/ -->\n<title>\u00d8stfold - Acta Region \u00d8stfold<\/title>\n<meta name=\"robots\" content=\"index, follow, max-snippet:-1, max-image-preview:large, max-video-preview:-1\" \/>\n<link rel=\"canonical\" href=\"https:\/\/acta.no\/ostfold\/\" \/>\n<meta property=\"og:locale\" content=\"nb_NO\" \/>\n<meta property=\"og:type\" content=\"article\" \/>\n<meta property=\"og:title\" content=\"\u00d8stfold - Acta Region \u00d8stfold\" \/>\n<meta property=\"og:description\" content=\"Velg leir, og f\u00e5 tilgang til informasjon og p\u00e5melding. Oppstart p\u00e5melding 8. april kl. 07:00 Ten-leir p\u00e5 Sauevika &#8211; 2026 Read article &quot;Ten-leir p\u00e5 Sauevika &#8211; 2026&quot; Sommerleir 1 p\u00e5 Sauevika &#8211; 2026 for 5. &#8211; 7. klasse Read article &quot;Sommerleir 1 p\u00e5 Sauevika &#8211; 2026 for 5. &#8211; 7. klasse&quot; Sommerleir 2 p\u00e5 Sauevika [&hellip;]\" \/>\n<meta property=\"og:url\" content=\"https:\/\/acta.no\/ostfold\/\" \/>\n<meta property=\"og:site_name\" content=\"Acta Region \u00d8stfold\" \/>\n<meta property=\"article:modified_time\" content=\"2026-03-30T09:00:03+00:00\" \/>\n<meta name=\"twitter:card\" content=\"summary_large_image\" \/>\n<meta name=\"twitter:label1\" content=\"Ansl. lesetid\" \/>\n\t<meta name=\"twitter:data1\" content=\"1 minutt\" \/>\n<script type=\"application\/ld+json\" class=\"yoast-schema-graph\">{\"@context\":\"https:\/\/schema.org\",\"@graph\":[{\"@type\":\"WebPage\",\"@id\":\"https:\/\/acta.no\/ostfold\/\",\"url\":\"https:\/\/acta.no\/ostfold\/\",\"name\":\"\u00d8stfold - Acta Region \u00d8stfold\",\"isPartOf\":{\"@id\":\"https:\/\/acta.no\/ostfold\/#website\"},\"datePublished\":\"2018-06-29T11:10:32+00:00\",\"dateModified\":\"2026-03-30T09:00:03+00:00\",\"breadcrumb\":{\"@id\":\"https:\/\/acta.no\/ostfold\/#breadcrumb\"},\"inLanguage\":\"nb-NO\",\"potentialAction\":[{\"@type\":\"ReadAction\",\"target\":[\"https:\/\/acta.no\/ostfold\/\"]}]},{\"@type\":\"BreadcrumbList\",\"@id\":\"https:\/\/acta.no\/ostfold\/#breadcrumb\",\"itemListElement\":[{\"@type\":\"ListItem\",\"position\":1,\"name\":\"Til acta.no\",\"item\":\"https:\/\/acta.no\/\"},{\"@type\":\"ListItem\",\"position\":2,\"name\":\"Region \u00d8stfold\",\"item\":\"https:\/\/acta.no\/ostfold\/\"},{\"@type\":\"ListItem\",\"position\":3,\"name\":\"\u00d8stfold\"}]},{\"@type\":\"WebSite\",\"@id\":\"https:\/\/acta.no\/ostfold\/#website\",\"url\":\"https:\/\/acta.no\/ostfold\/\",\"name\":\"Acta Region \u00d8stfold\",\"description\":\"\u00d8stfold\",\"potentialAction\":[{\"@type\":\"SearchAction\",\"target\":{\"@type\":\"EntryPoint\",\"urlTemplate\":\"https:\/\/acta.no\/ostfold\/?s={search_term_string}\"},\"query-input\":{\"@type\":\"PropertyValueSpecification\",\"valueRequired\":true,\"valueName\":\"search_term_string\"}}],\"inLanguage\":\"nb-NO\"}]}<\/script>\n<!-- \/ Yoast SEO plugin. -->","yoast_head_json":{"title":"\u00d8stfold - Acta Region \u00d8stfold","robots":{"index":"index","follow":"follow","max-snippet":"max-snippet:-1","max-image-preview":"max-image-preview:large","max-video-preview":"max-video-preview:-1"},"canonical":"https:\/\/acta.no\/ostfold\/","og_locale":"nb_NO","og_type":"article","og_title":"\u00d8stfold - Acta Region \u00d8stfold","og_description":"Velg leir, og f\u00e5 tilgang til informasjon og p\u00e5melding. Oppstart p\u00e5melding 8. april kl. 07:00 Ten-leir p\u00e5 Sauevika &#8211; 2026 Read article &quot;Ten-leir p\u00e5 Sauevika &#8211; 2026&quot; Sommerleir 1 p\u00e5 Sauevika &#8211; 2026 for 5. &#8211; 7. klasse Read article &quot;Sommerleir 1 p\u00e5 Sauevika &#8211; 2026 for 5. &#8211; 7. klasse&quot; Sommerleir 2 p\u00e5 Sauevika [&hellip;]","og_url":"https:\/\/acta.no\/ostfold\/","og_site_name":"Acta Region \u00d8stfold","article_modified_time":"2026-03-30T09:00:03+00:00","twitter_card":"summary_large_image","twitter_misc":{"Ansl. lesetid":"1 minutt"},"schema":{"@context":"https:\/\/schema.org","@graph":[{"@type":"WebPage","@id":"https:\/\/acta.no\/ostfold\/","url":"https:\/\/acta.no\/ostfold\/","name":"\u00d8stfold - Acta Region \u00d8stfold","isPartOf":{"@id":"https:\/\/acta.no\/ostfold\/#website"},"datePublished":"2018-06-29T11:10:32+00:00","dateModified":"2026-03-30T09:00:03+00:00","breadcrumb":{"@id":"https:\/\/acta.no\/ostfold\/#breadcrumb"},"inLanguage":"nb-NO","potentialAction":[{"@type":"ReadAction","target":["https:\/\/acta.no\/ostfold\/"]}]},{"@type":"BreadcrumbList","@id":"https:\/\/acta.no\/ostfold\/#breadcrumb","itemListElement":[{"@type":"ListItem","position":1,"name":"Til acta.no","item":"https:\/\/acta.no\/"},{"@type":"ListItem","position":2,"name":"Region \u00d8stfold","item":"https:\/\/acta.no\/ostfold\/"},{"@type":"ListItem","position":3,"name":"\u00d8stfold"}]},{"@type":"WebSite","@id":"https:\/\/acta.no\/ostfold\/#website","url":"https:\/\/acta.no\/ostfold\/","name":"Acta Region \u00d8stfold","description":"\u00d8stfold","potentialAction":[{"@type":"SearchAction","target":{"@type":"EntryPoint","urlTemplate":"https:\/\/acta.no\/ostfold\/?s={search_term_string}"},"query-input":{"@type":"PropertyValueSpecification","valueRequired":true,"valueName":"search_term_string"}}],"inLanguage":"nb-NO"}]}},"_links":{"self":[{"href":"https:\/\/acta.no\/ostfold\/wp-json\/wp\/v2\/pages\/4","targetHints":{"allow":["GET"]}}],"collection":[{"href":"https:\/\/acta.no\/ostfold\/wp-json\/wp\/v2\/pages"}],"about":[{"href":"https:\/\/acta.no\/ostfold\/wp-json\/wp\/v2\/types\/page"}],"author":[{"embeddable":true,"href":"https:\/\/acta.no\/ostfold\/wp-json\/wp\/v2\/users\/1"}],"replies":[{"embeddable":true,"href":"https:\/\/acta.no\/ostfold\/wp-json\/wp\/v2\/comments?post=4"}],"version-history":[{"count":201,"href":"https:\/\/acta.no\/ostfold\/wp-json\/wp\/v2\/pages\/4\/revisions"}],"predecessor-version":[{"id":2327,"href":"https:\/\/acta.no\/ostfold\/wp-json\/wp\/v2\/pages\/4\/revisions\/2327"}],"wp:attachment":[{"href":"https:\/\/acta.no\/ostfold\/wp-json\/wp\/v2\/media?parent=4"}],"curies":[{"name":"wp","href":"https:\/\/api.w.org\/{rel}","templated":true}]}}