{"id":25,"date":"2018-11-01T09:17:13","date_gmt":"2018-11-01T09:17:13","guid":{"rendered":"http:\/\/acta.no\/ostfold\/?page_id=25"},"modified":"2024-01-08T14:41:14","modified_gmt":"2024-01-08T14:41:14","slug":"leir","status":"publish","type":"page","link":"https:\/\/acta.no\/ostfold\/leir\/","title":{"rendered":"Leir"},"content":{"rendered":"<div id=\"module-0\" class=\"hogan-module hogan-module-grid hogan-module-0 hogan-grid-has-theme hogan-grid-theme-diagonal-dark-red\"><div class=\"hogan-module-inner\"><div class=\"hogan-grid hogan-grid-text-center hogan-grid-size-dynamic\">\n\t<div class=\"hogan-grid-inner\">\n\t\t\t\t\t<div class=\"hogan-grid-item hogan-grid-item-size-large hogan-grid-item-type-savage_custom_card savage-has-image savage-has-background savage-bg-default savage-has-heading\">\n\t\t\t\t<div class=\"hogan-grid-item-inner\">\n\t\t\t\t\t<div class=\"savage-card-image\">\n\t<div class=\"savage-card-image-inner\">\n\t\t<span class=\"savage-card-image-image\" style=\"background-image: url(https:\/\/www.normisjon.no\/content\/uploads\/sites\/39\/2024\/01\/Leirar-768x768.png);\"><\/span>\t<\/div>\n<\/div>\n\t\t<div class=\"savage-card-body\">\n\t\t\t<div class=\"savage-card-body-inner\">\n\t\t\t\t<h2 class=\"savage-card-heading\">Leir\u00e5ret 2024 &#8211; full oversikt<\/h2>\t\t\t<\/div>\n\t\t<\/div>\n\t\t<a href=\"https:\/\/www.normisjon.no\/content\/uploads\/sites\/39\/2024\/05\/Leirkalender-2024-\u2013-kun-oversikt-sommer-og-host_2.pdf\" class=\"savage-card-link\" target=\"_blank\"><span class=\"screen-reader-text\">Read article &quot;Leir\u00e5ret 2024 &#8211; full oversikt&quot;<\/span><\/a>\t\t\t\t<\/div>\n\t\t\t<\/div>\n\t\t\t\t<\/div>\n<\/div>\n<\/div><\/div><div id=\"module-1\" class=\"hogan-module hogan-module-grid hogan-module-1\"><div class=\"hogan-module-inner\"><div class=\"hogan-grid hogan-grid-text-center hogan-grid-size-dynamic\">\n\t<div class=\"hogan-grid-inner\">\n\t\t\t\t\t<div class=\"hogan-grid-item hogan-grid-item-size-small hogan-grid-item-type-page savage-has-image savage-has-heading\">\n\t\t\t\t<div class=\"hogan-grid-item-inner\">\n\t\t\t\t\t<div class=\"savage-card-image\">\n\t<div class=\"savage-card-image-inner\">\n\t\t<span class=\"savage-card-image-image\" style=\"background-image: url(https:\/\/www.normisjon.no\/content\/uploads\/sites\/39\/2019\/01\/thumb_IMG_6524_1024-768x512.jpg);\"><\/span>\t<\/div>\n<\/div>\n\t\t<div class=\"savage-card-body\">\n\t\t\t<div class=\"savage-card-body-inner\">\n\t\t\t\t<h2 class=\"savage-card-heading\">Informasjon om leir i \u00d8stfold<\/h2>\t\t\t<\/div>\n\t\t<\/div>\n\t\t<a href=\"https:\/\/acta.no\/ostfold\/leir\/informasjon-om-leir-i-ostfold\/\" class=\"savage-card-link\"><span class=\"screen-reader-text\">Read article &quot;Informasjon om leir i \u00d8stfold&quot;<\/span><\/a>\t\t\t\t<\/div>\n\t\t\t<\/div>\n\t\t\t\t\t\t<div class=\"hogan-grid-item hogan-grid-item-size-small hogan-grid-item-type-page savage-has-image savage-has-heading\">\n\t\t\t\t<div class=\"hogan-grid-item-inner\">\n\t\t\t\t\t<div class=\"savage-card-image\">\n\t<div class=\"savage-card-image-inner\">\n\t\t<span class=\"savage-card-image-image\" style=\"background-image: url(https:\/\/www.normisjon.no\/content\/uploads\/sites\/39\/2019\/01\/acta-logo-768x721.jpg);\"><\/span>\t<\/div>\n<\/div>\n\t\t<div class=\"savage-card-body\">\n\t\t\t<div class=\"savage-card-body-inner\">\n\t\t\t\t<h2 class=\"savage-card-heading\">Leirklubben Acta \u00d8stfold<\/h2>\t\t\t<\/div>\n\t\t<\/div>\n\t\t<a href=\"https:\/\/acta.no\/ostfold\/leir\/leirklubben-acta-ostfold\/\" class=\"savage-card-link\"><span class=\"screen-reader-text\">Read article &quot;Leirklubben Acta \u00d8stfold&quot;<\/span><\/a>\t\t\t\t<\/div>\n\t\t\t<\/div>\n\t\t\t\t\t\t<div class=\"hogan-grid-item hogan-grid-item-size-small hogan-grid-item-type-page savage-has-image savage-has-heading\">\n\t\t\t\t<div class=\"hogan-grid-item-inner\">\n\t\t\t\t\t<div class=\"savage-card-image\">\n\t<div class=\"savage-card-image-inner\">\n\t\t<span class=\"savage-card-image-image\" style=\"background-image: url(https:\/\/www.normisjon.no\/content\/uploads\/sites\/39\/2019\/01\/leirst\u00f8tte.jpg);\"><\/span>\t<\/div>\n<\/div>\n\t\t<div class=\"savage-card-body\">\n\t\t\t<div class=\"savage-card-body-inner\">\n\t\t\t\t<h2 class=\"savage-card-heading\">Leirst\u00f8tte<\/h2>\t\t\t<\/div>\n\t\t<\/div>\n\t\t<a href=\"https:\/\/acta.no\/ostfold\/leir\/leirstotte\/\" class=\"savage-card-link\"><span class=\"screen-reader-text\">Read article &quot;Leirst\u00f8tte&quot;<\/span><\/a>\t\t\t\t<\/div>\n\t\t\t<\/div>\n\t\t\t\t<\/div>\n<\/div>\n<\/div><\/div><div id=\"module-2\" class=\"hogan-module hogan-module-grid hogan-module-2 hogan-grid-has-theme hogan-grid-theme-large-triangles\"><div class=\"hogan-module-inner\"><h2 class=\"hogan-heading\">V\u00e5re leirsteder<\/h2><div class=\"hogan-grid hogan-grid-text-center hogan-grid-size-dynamic\">\n\t<div class=\"hogan-grid-inner\">\n\t\t\t\t\t<div class=\"hogan-grid-item hogan-grid-item-size-small hogan-grid-item-type-savage_custom_card savage-has-image savage-has-background savage-bg-default savage-has-heading\">\n\t\t\t\t<div class=\"hogan-grid-item-inner\">\n\t\t\t\t\t<div class=\"savage-card-image\">\n\t<div class=\"savage-card-image-inner\">\n\t\t<span class=\"savage-card-image-image\" style=\"background-image: url(https:\/\/www.normisjon.no\/content\/uploads\/sites\/39\/2019\/01\/Sauevika-med-vann-768x576.jpg);\"><\/span>\t<\/div>\n<\/div>\n\t\t<div class=\"savage-card-body\">\n\t\t\t<div class=\"savage-card-body-inner\">\n\t\t\t\t<h2 class=\"savage-card-heading\">Sauevika Leirsted<\/h2>\t\t\t<\/div>\n\t\t<\/div>\n\t\t<a href=\"https:\/\/www.normisjon.no\/ostfold\/sauevika\/\" class=\"savage-card-link\" target=\"_blank\"><span class=\"screen-reader-text\">Read article &quot;Sauevika Leirsted&quot;<\/span><\/a>\t\t\t\t<\/div>\n\t\t\t<\/div>\n\t\t\t\t\t\t<div class=\"hogan-grid-item hogan-grid-item-size-small hogan-grid-item-type-savage_custom_card savage-has-image savage-has-background savage-bg-default savage-has-heading\">\n\t\t\t\t<div class=\"hogan-grid-item-inner\">\n\t\t\t\t\t<div class=\"savage-card-image\">\n\t<div class=\"savage-card-image-inner\">\n\t\t<span class=\"savage-card-image-image\" style=\"background-image: url(https:\/\/www.normisjon.no\/content\/uploads\/sites\/39\/2019\/01\/IMG_0119-768x576.jpg);\"><\/span>\t<\/div>\n<\/div>\n\t\t<div class=\"savage-card-body\">\n\t\t\t<div class=\"savage-card-body-inner\">\n\t\t\t\t<h2 class=\"savage-card-heading\">Sj\u00f8glimt leirsted<\/h2>\t\t\t<\/div>\n\t\t<\/div>\n\t\t<a href=\"https:\/\/www.normisjon.no\/ostfold\/sjoglimt-leirsted\/\" class=\"savage-card-link\" target=\"_blank\"><span class=\"screen-reader-text\">Read article &quot;Sj\u00f8glimt leirsted&quot;<\/span><\/a>\t\t\t\t<\/div>\n\t\t\t<\/div>\n\t\t\t\t<\/div>\n<\/div>\n<\/div><\/div>","protected":false},"excerpt":{"rendered":"<p>Leir\u00e5ret 2024 &#8211; full oversikt Read article &quot;Leir\u00e5ret 2024 &#8211; full oversikt&quot; Informasjon om leir i \u00d8stfold Read article &quot;Informasjon om leir i \u00d8stfold&quot; Leirklubben Acta \u00d8stfold Read article &quot;Leirklubben Acta \u00d8stfold&quot; Leirst\u00f8tte Read article &quot;Leirst\u00f8tte&quot; V\u00e5re leirsteder Sauevika Leirsted Read article &quot;Sauevika Leirsted&quot; Sj\u00f8glimt leirsted Read article &quot;Sj\u00f8glimt leirsted&quot;<\/p>\n","protected":false},"author":25,"featured_media":0,"parent":0,"menu_order":1,"comment_status":"closed","ping_status":"closed","template":"","meta":{"_acf_changed":false,"footnotes":""},"class_list":["post-25","page","type-page","status-publish","hentry"],"acf":[],"yoast_head":"<!-- This site is optimized with the Yoast SEO plugin v25.9 - https:\/\/yoast.com\/wordpress\/plugins\/seo\/ -->\n<title>Leir - Acta Region \u00d8stfold<\/title>\n<meta name=\"robots\" content=\"index, follow, max-snippet:-1, max-image-preview:large, max-video-preview:-1\" \/>\n<link rel=\"canonical\" href=\"https:\/\/acta.no\/ostfold\/leir\/\" \/>\n<meta property=\"og:locale\" content=\"nb_NO\" \/>\n<meta property=\"og:type\" content=\"article\" \/>\n<meta property=\"og:title\" content=\"Leir - Acta Region \u00d8stfold\" \/>\n<meta property=\"og:description\" content=\"Leir\u00e5ret 2024 &#8211; full oversikt Read article &quot;Leir\u00e5ret 2024 &#8211; full oversikt&quot; Informasjon om leir i \u00d8stfold Read article &quot;Informasjon om leir i \u00d8stfold&quot; Leirklubben Acta \u00d8stfold Read article &quot;Leirklubben Acta \u00d8stfold&quot; Leirst\u00f8tte Read article &quot;Leirst\u00f8tte&quot; V\u00e5re leirsteder Sauevika Leirsted Read article &quot;Sauevika Leirsted&quot; Sj\u00f8glimt leirsted Read article &quot;Sj\u00f8glimt leirsted&quot;\" \/>\n<meta property=\"og:url\" content=\"https:\/\/acta.no\/ostfold\/leir\/\" \/>\n<meta property=\"og:site_name\" content=\"Acta Region \u00d8stfold\" \/>\n<meta property=\"article:modified_time\" content=\"2024-01-08T14:41:14+00:00\" \/>\n<meta name=\"twitter:card\" content=\"summary_large_image\" \/>\n<script type=\"application\/ld+json\" class=\"yoast-schema-graph\">{\"@context\":\"https:\/\/schema.org\",\"@graph\":[{\"@type\":\"WebPage\",\"@id\":\"https:\/\/acta.no\/ostfold\/leir\/\",\"url\":\"https:\/\/acta.no\/ostfold\/leir\/\",\"name\":\"Leir - Acta Region \u00d8stfold\",\"isPartOf\":{\"@id\":\"https:\/\/acta.no\/ostfold\/#website\"},\"datePublished\":\"2018-11-01T09:17:13+00:00\",\"dateModified\":\"2024-01-08T14:41:14+00:00\",\"breadcrumb\":{\"@id\":\"https:\/\/acta.no\/ostfold\/leir\/#breadcrumb\"},\"inLanguage\":\"nb-NO\",\"potentialAction\":[{\"@type\":\"ReadAction\",\"target\":[\"https:\/\/acta.no\/ostfold\/leir\/\"]}]},{\"@type\":\"BreadcrumbList\",\"@id\":\"https:\/\/acta.no\/ostfold\/leir\/#breadcrumb\",\"itemListElement\":[{\"@type\":\"ListItem\",\"position\":1,\"name\":\"Til acta.no\",\"item\":\"https:\/\/acta.no\/\"},{\"@type\":\"ListItem\",\"position\":2,\"name\":\"Region \u00d8stfold\",\"item\":\"https:\/\/acta.no\/ostfold\/\"},{\"@type\":\"ListItem\",\"position\":3,\"name\":\"Leir\"}]},{\"@type\":\"WebSite\",\"@id\":\"https:\/\/acta.no\/ostfold\/#website\",\"url\":\"https:\/\/acta.no\/ostfold\/\",\"name\":\"Acta Region \u00d8stfold\",\"description\":\"\u00d8stfold\",\"potentialAction\":[{\"@type\":\"SearchAction\",\"target\":{\"@type\":\"EntryPoint\",\"urlTemplate\":\"https:\/\/acta.no\/ostfold\/?s={search_term_string}\"},\"query-input\":{\"@type\":\"PropertyValueSpecification\",\"valueRequired\":true,\"valueName\":\"search_term_string\"}}],\"inLanguage\":\"nb-NO\"}]}<\/script>\n<!-- \/ Yoast SEO plugin. -->","yoast_head_json":{"title":"Leir - Acta Region \u00d8stfold","robots":{"index":"index","follow":"follow","max-snippet":"max-snippet:-1","max-image-preview":"max-image-preview:large","max-video-preview":"max-video-preview:-1"},"canonical":"https:\/\/acta.no\/ostfold\/leir\/","og_locale":"nb_NO","og_type":"article","og_title":"Leir - Acta Region \u00d8stfold","og_description":"Leir\u00e5ret 2024 &#8211; full oversikt Read article &quot;Leir\u00e5ret 2024 &#8211; full oversikt&quot; Informasjon om leir i \u00d8stfold Read article &quot;Informasjon om leir i \u00d8stfold&quot; Leirklubben Acta \u00d8stfold Read article &quot;Leirklubben Acta \u00d8stfold&quot; Leirst\u00f8tte Read article &quot;Leirst\u00f8tte&quot; V\u00e5re leirsteder Sauevika Leirsted Read article &quot;Sauevika Leirsted&quot; Sj\u00f8glimt leirsted Read article &quot;Sj\u00f8glimt leirsted&quot;","og_url":"https:\/\/acta.no\/ostfold\/leir\/","og_site_name":"Acta Region \u00d8stfold","article_modified_time":"2024-01-08T14:41:14+00:00","twitter_card":"summary_large_image","schema":{"@context":"https:\/\/schema.org","@graph":[{"@type":"WebPage","@id":"https:\/\/acta.no\/ostfold\/leir\/","url":"https:\/\/acta.no\/ostfold\/leir\/","name":"Leir - Acta Region \u00d8stfold","isPartOf":{"@id":"https:\/\/acta.no\/ostfold\/#website"},"datePublished":"2018-11-01T09:17:13+00:00","dateModified":"2024-01-08T14:41:14+00:00","breadcrumb":{"@id":"https:\/\/acta.no\/ostfold\/leir\/#breadcrumb"},"inLanguage":"nb-NO","potentialAction":[{"@type":"ReadAction","target":["https:\/\/acta.no\/ostfold\/leir\/"]}]},{"@type":"BreadcrumbList","@id":"https:\/\/acta.no\/ostfold\/leir\/#breadcrumb","itemListElement":[{"@type":"ListItem","position":1,"name":"Til acta.no","item":"https:\/\/acta.no\/"},{"@type":"ListItem","position":2,"name":"Region \u00d8stfold","item":"https:\/\/acta.no\/ostfold\/"},{"@type":"ListItem","position":3,"name":"Leir"}]},{"@type":"WebSite","@id":"https:\/\/acta.no\/ostfold\/#website","url":"https:\/\/acta.no\/ostfold\/","name":"Acta Region \u00d8stfold","description":"\u00d8stfold","potentialAction":[{"@type":"SearchAction","target":{"@type":"EntryPoint","urlTemplate":"https:\/\/acta.no\/ostfold\/?s={search_term_string}"},"query-input":{"@type":"PropertyValueSpecification","valueRequired":true,"valueName":"search_term_string"}}],"inLanguage":"nb-NO"}]}},"_links":{"self":[{"href":"https:\/\/acta.no\/ostfold\/wp-json\/wp\/v2\/pages\/25","targetHints":{"allow":["GET"]}}],"collection":[{"href":"https:\/\/acta.no\/ostfold\/wp-json\/wp\/v2\/pages"}],"about":[{"href":"https:\/\/acta.no\/ostfold\/wp-json\/wp\/v2\/types\/page"}],"author":[{"embeddable":true,"href":"https:\/\/acta.no\/ostfold\/wp-json\/wp\/v2\/users\/25"}],"replies":[{"embeddable":true,"href":"https:\/\/acta.no\/ostfold\/wp-json\/wp\/v2\/comments?post=25"}],"version-history":[{"count":5,"href":"https:\/\/acta.no\/ostfold\/wp-json\/wp\/v2\/pages\/25\/revisions"}],"predecessor-version":[{"id":1862,"href":"https:\/\/acta.no\/ostfold\/wp-json\/wp\/v2\/pages\/25\/revisions\/1862"}],"wp:attachment":[{"href":"https:\/\/acta.no\/ostfold\/wp-json\/wp\/v2\/media?parent=25"}],"curies":[{"name":"wp","href":"https:\/\/api.w.org\/{rel}","templated":true}]}}