{"id":247,"date":"2019-01-21T10:17:56","date_gmt":"2019-01-21T10:17:56","guid":{"rendered":"http:\/\/acta.no\/ostfold\/?page_id=247"},"modified":"2019-01-21T13:23:39","modified_gmt":"2019-01-21T13:23:39","slug":"ressurser-til-lokalt-arbeid","status":"publish","type":"page","link":"https:\/\/acta.no\/ostfold\/ressurser-til-lokalt-arbeid\/","title":{"rendered":"Ressurser"},"content":{"rendered":"<div id=\"module-0\" class=\"hogan-module hogan-module-text hogan-module-0\"><div class=\"hogan-module-inner\"><h2><\/h2>\n<p>Acta jobber kontinuerlig med \u00e5 utvikle ressurser til bruk i lokallag \u2014 uansett hva ditt lokallag holder p\u00e5 med. Vi har materiale for ledertrening, trosoppl\u00e6ring, noter og singbacks til kor, og mye mer. Her har vi fordelt det p\u00e5 barn, tweens, ungdom og noe som er felles. Kom for alt er ferdig!<\/p><\/div><\/div><div id=\"module-1\" class=\"hogan-module hogan-module-grid hogan-module-1 hogan-grid-has-theme hogan-grid-theme-triangles-circle\"><div class=\"hogan-module-inner\"><h2 class=\"hogan-heading\">Barn<\/h2><div class=\"hogan-grid hogan-grid-text-center hogan-grid-size-dynamic\">\n\t<div class=\"hogan-grid-inner\">\n\t\t\t\t\t<div class=\"hogan-grid-item hogan-grid-item-size-small hogan-grid-item-type-savage_custom_card savage-has-image savage-has-background savage-bg-default savage-has-layout savage-layout-card_content savage-has-teaser\">\n\t\t\t\t<div class=\"hogan-grid-item-inner\">\n\t\t\t\t\t<div class=\"savage-card-image\">\n\t<div class=\"savage-card-image-inner\">\n\t\t<span class=\"savage-card-image-image\" style=\"background-image: url(https:\/\/www.normisjon.no\/content\/uploads\/sites\/39\/2019\/01\/amigos-768x511.jpg);\"><\/span>\t<\/div>\n<\/div>\n\t\t<div class=\"savage-card-body\">\n\t\t\t<div class=\"savage-card-body-inner\">\n\t\t\t\t<h3>Amigos<\/h3>\n<p>Amigos er Actas satsning for barn mellom 6\u201310 \u00e5r. Amigos visjon er \u00e5 legge til rette for d\u00e5psoppl\u00e6ring med misjonsperspektiv.<\/p>\n<p class=\"savage-card-teaser\">Les mer<\/p>\t\t\t<\/div>\n\t\t<\/div>\n\t\t<a href=\"https:\/\/acta.no\/arbeid\/amigos\/\" class=\"savage-card-link\"><span class=\"screen-reader-text\">Les mer<\/span><\/a>\t\t\t\t<\/div>\n\t\t\t<\/div>\n\t\t\t\t\t\t<div class=\"hogan-grid-item hogan-grid-item-size-small hogan-grid-item-type-savage_custom_card savage-has-image savage-has-background savage-bg-default savage-has-layout savage-layout-card_content savage-has-teaser\">\n\t\t\t\t<div class=\"hogan-grid-item-inner\">\n\t\t\t\t\t<div class=\"savage-card-image\">\n\t<div class=\"savage-card-image-inner\">\n\t\t<span class=\"savage-card-image-image\" style=\"background-image: url(https:\/\/www.normisjon.no\/content\/uploads\/sites\/39\/2019\/01\/bibelifokus-large-1024x538-768x404.jpg);\"><\/span>\t<\/div>\n<\/div>\n\t\t<div class=\"savage-card-body\">\n\t\t\t<div class=\"savage-card-body-inner\">\n\t\t\t\t<h3>Jakten p\u00e5 sammenhengen &#8211; Bibel i fokus<\/h3>\n<p>Et verkt\u00f8y for trosoppl\u00e6ring i Acta \u2013 barn og unge i Normisjon. Ressursmateriell for \u00e5 bli kjent med &laquo;den store historien&raquo; .<\/p>\n<p class=\"savage-card-teaser\">Les mer<\/p>\t\t\t<\/div>\n\t\t<\/div>\n\t\t<a href=\"https:\/\/acta.no\/arbeid\/bibelifokus\/\" class=\"savage-card-link\"><span class=\"screen-reader-text\">Les mer<\/span><\/a>\t\t\t\t<\/div>\n\t\t\t<\/div>\n\t\t\t\t\t\t<div class=\"hogan-grid-item hogan-grid-item-size-small hogan-grid-item-type-savage_custom_card savage-has-image savage-has-background savage-bg-default savage-has-layout savage-layout-card_content savage-has-teaser\">\n\t\t\t\t<div class=\"hogan-grid-item-inner\">\n\t\t\t\t\t<div class=\"savage-card-image\">\n\t<div class=\"savage-card-image-inner\">\n\t\t<span class=\"savage-card-image-image\" style=\"background-image: url(https:\/\/www.normisjon.no\/content\/uploads\/sites\/39\/2019\/01\/Leve-livet-768x768.jpg);\"><\/span>\t<\/div>\n<\/div>\n\t\t<div class=\"savage-card-body\">\n\t\t\t<div class=\"savage-card-body-inner\">\n\t\t\t\t<h3>Soul Kids<\/h3>\n<p>Soul Kids er barnekor for de aller minste.<\/p>\n<p class=\"savage-card-teaser\">Les mer<\/p>\t\t\t<\/div>\n\t\t<\/div>\n\t\t<a href=\"https:\/\/acta.no\/soul-children\/soul-kids\/\" class=\"savage-card-link\"><span class=\"screen-reader-text\">Les mer<\/span><\/a>\t\t\t\t<\/div>\n\t\t\t<\/div>\n\t\t\t\t<\/div>\n<\/div>\n<\/div><\/div><div id=\"module-2\" class=\"hogan-module hogan-module-grid hogan-module-2\"><div class=\"hogan-module-inner\"><h2 class=\"hogan-heading\">Tweens<\/h2><div class=\"hogan-grid hogan-grid-text-center hogan-grid-size-dynamic\">\n\t<div class=\"hogan-grid-inner\">\n\t\t\t\t\t<div class=\"hogan-grid-item hogan-grid-item-size-small hogan-grid-item-type-savage_custom_card savage-has-image savage-has-background savage-bg-default savage-has-layout savage-layout-card_content savage-has-teaser\">\n\t\t\t\t<div class=\"hogan-grid-item-inner\">\n\t\t\t\t\t<div class=\"savage-card-image\">\n\t<div class=\"savage-card-image-inner\">\n\t\t<span class=\"savage-card-image-image\" style=\"background-image: url(https:\/\/www.normisjon.no\/content\/uploads\/sites\/39\/2019\/01\/digdeeper-768x461.png);\"><\/span>\t<\/div>\n<\/div>\n\t\t<div class=\"savage-card-body\">\n\t\t\t<div class=\"savage-card-body-inner\">\n\t\t\t\t<h3>Dig Deeper<\/h3>\n<p>Dig Deeper er et allsidig filmbasert trosoppl\u00e6ringskonsept. Bli med og <em>grav dypere<\/em> sammen med oss!<\/p>\n<p class=\"savage-card-teaser\">Les mer<\/p>\t\t\t<\/div>\n\t\t<\/div>\n\t\t<a href=\"https:\/\/acta.no\/arbeid\/dig-deeper\/\" class=\"savage-card-link\"><span class=\"screen-reader-text\">Les mer<\/span><\/a>\t\t\t\t<\/div>\n\t\t\t<\/div>\n\t\t\t\t\t\t<div class=\"hogan-grid-item hogan-grid-item-size-small hogan-grid-item-type-savage_custom_card savage-has-image savage-has-background savage-bg-default savage-has-layout savage-layout-card_content savage-has-teaser\">\n\t\t\t\t<div class=\"hogan-grid-item-inner\">\n\t\t\t\t\t<div class=\"savage-card-image\">\n\t<div class=\"savage-card-image-inner\">\n\t\t<span class=\"savage-card-image-image\" style=\"background-image: url(https:\/\/www.normisjon.no\/content\/uploads\/sites\/39\/2019\/01\/jakten-p\u00e5-sammenhengen.png);\"><\/span>\t<\/div>\n<\/div>\n\t\t<div class=\"savage-card-body\">\n\t\t\t<div class=\"savage-card-body-inner\">\n\t\t\t\t<h3>Jakten p\u00e5 sammenhengen &#8211; Bibel i fokus<\/h3>\n<p>Et verkt\u00f8y for trosoppl\u00e6ring i Acta \u2013 barn og unge i Normisjon. Ressursmateriell for \u00e5 bli kjent med &laquo;den store historien&raquo; .<\/p>\n<p class=\"savage-card-teaser\">Les mer<\/p>\t\t\t<\/div>\n\t\t<\/div>\n\t\t<a href=\"https:\/\/acta.no\/arbeid\/bibelifokus\/\" class=\"savage-card-link\"><span class=\"screen-reader-text\">Les mer<\/span><\/a>\t\t\t\t<\/div>\n\t\t\t<\/div>\n\t\t\t\t\t\t<div class=\"hogan-grid-item hogan-grid-item-size-small hogan-grid-item-type-savage_custom_card savage-has-image savage-has-background savage-bg-default savage-has-layout savage-layout-card_content savage-has-teaser\">\n\t\t\t\t<div class=\"hogan-grid-item-inner\">\n\t\t\t\t\t<div class=\"savage-card-image\">\n\t<div class=\"savage-card-image-inner\">\n\t\t<span class=\"savage-card-image-image\" style=\"background-image: url(https:\/\/www.normisjon.no\/content\/uploads\/sites\/39\/2019\/01\/Soul-Children-landscape-768x513-768x513.jpg);\"><\/span>\t<\/div>\n<\/div>\n\t\t<div class=\"savage-card-body\">\n\t\t\t<div class=\"savage-card-body-inner\">\n\t\t\t\t<h3>Soul Children<\/h3>\n<p>Soul Children er for barn fra 10\u201316 \u00e5r. Alle som er glad i \u00e5 synge er velkommen til \u00e5 bli med.<\/p>\n<p class=\"savage-card-teaser\">Les mer<\/p>\t\t\t<\/div>\n\t\t<\/div>\n\t\t<a href=\"https:\/\/acta.no\/soul-children\/\" class=\"savage-card-link\"><span class=\"screen-reader-text\">Les mer<\/span><\/a>\t\t\t\t<\/div>\n\t\t\t<\/div>\n\t\t\t\t<\/div>\n<\/div>\n<\/div><\/div><div id=\"module-3\" class=\"hogan-module hogan-module-grid hogan-module-3 hogan-grid-has-theme hogan-grid-theme-diagonal-dark-red\"><div class=\"hogan-module-inner\"><h2 class=\"hogan-heading\">Ungdom<\/h2><div class=\"hogan-grid hogan-grid-text-center hogan-grid-size-dynamic\">\n\t<div class=\"hogan-grid-inner\">\n\t\t\t\t\t<div class=\"hogan-grid-item hogan-grid-item-size-small hogan-grid-item-type-savage_custom_card savage-has-image savage-has-background savage-bg-default savage-has-layout savage-layout-card_content savage-has-teaser\">\n\t\t\t\t<div class=\"hogan-grid-item-inner\">\n\t\t\t\t\t<div class=\"savage-card-image\">\n\t<div class=\"savage-card-image-inner\">\n\t\t<span class=\"savage-card-image-image\" style=\"background-image: url(https:\/\/www.normisjon.no\/content\/uploads\/sites\/39\/2019\/01\/loved.jpg);\"><\/span>\t<\/div>\n<\/div>\n\t\t<div class=\"savage-card-body\">\n\t\t\t<div class=\"savage-card-body-inner\">\n\t\t\t\t<h3>Loved<\/h3>\n<p>Loved er f\u00f8rst og fremst det vi \u00f8nsker \u00e5 formidle til ungdommer i Acta.<\/p>\n<p class=\"savage-card-teaser\">Les mer<\/p>\t\t\t<\/div>\n\t\t<\/div>\n\t\t<a href=\"https:\/\/acta.no\/arbeid\/loved\/\" class=\"savage-card-link\"><span class=\"screen-reader-text\">Les mer<\/span><\/a>\t\t\t\t<\/div>\n\t\t\t<\/div>\n\t\t\t\t\t\t<div class=\"hogan-grid-item hogan-grid-item-size-small hogan-grid-item-type-savage_custom_card savage-has-image savage-has-background savage-bg-default savage-has-layout savage-layout-card_content savage-has-teaser\">\n\t\t\t\t<div class=\"hogan-grid-item-inner\">\n\t\t\t\t\t<div class=\"savage-card-image\">\n\t<div class=\"savage-card-image-inner\">\n\t\t<span class=\"savage-card-image-image\" style=\"background-image: url(https:\/\/www.normisjon.no\/content\/uploads\/sites\/39\/2019\/01\/jakten-p\u00e5-sammenhengen.png);\"><\/span>\t<\/div>\n<\/div>\n\t\t<div class=\"savage-card-body\">\n\t\t\t<div class=\"savage-card-body-inner\">\n\t\t\t\t<h3>Jakten p\u00e5 sammenhengen &#8211; Bibel i fokus<\/h3>\n<p>Et verkt\u00f8y for trosoppl\u00e6ring i Acta \u2013 barn og unge i Normisjon. Ressursmateriell for \u00e5 bli kjent med &laquo;den store historien&raquo; .<\/p>\n<p class=\"savage-card-teaser\">Les mer<\/p>\t\t\t<\/div>\n\t\t<\/div>\n\t\t<a href=\"https:\/\/acta.no\/arbeid\/bibelifokus\/\" class=\"savage-card-link\"><span class=\"screen-reader-text\">Les mer<\/span><\/a>\t\t\t\t<\/div>\n\t\t\t<\/div>\n\t\t\t\t\t\t<div class=\"hogan-grid-item hogan-grid-item-size-small hogan-grid-item-type-savage_custom_card savage-has-image savage-has-background savage-bg-default savage-has-layout savage-layout-card_content savage-has-teaser\">\n\t\t\t\t<div class=\"hogan-grid-item-inner\">\n\t\t\t\t\t<div class=\"savage-card-image\">\n\t<div class=\"savage-card-image-inner\">\n\t\t<span class=\"savage-card-image-image\" style=\"background-image: url(https:\/\/www.normisjon.no\/content\/uploads\/sites\/39\/2019\/01\/soul-teens-768x768.jpg);\"><\/span>\t<\/div>\n<\/div>\n\t\t<div class=\"savage-card-body\">\n\t\t\t<div class=\"savage-card-body-inner\">\n\t\t\t\t<h3>Soul Teens<\/h3>\n<p>Soul Teens er for de fra 10. til 3. klasse videreg\u00e5ende, og musikken gjenspeiler dette.<\/p>\n<p class=\"savage-card-teaser\">Soul Teens<\/p>\t\t\t<\/div>\n\t\t<\/div>\n\t\t<a href=\"https:\/\/acta.no\/soul-children\/\" class=\"savage-card-link\"><span class=\"screen-reader-text\">Soul Teens<\/span><\/a>\t\t\t\t<\/div>\n\t\t\t<\/div>\n\t\t\t\t\t\t<div class=\"hogan-grid-item hogan-grid-item-size-small hogan-grid-item-type-savage_custom_card savage-has-image savage-has-background savage-bg-default savage-has-layout savage-layout-card_content savage-has-teaser\">\n\t\t\t\t<div class=\"hogan-grid-item-inner\">\n\t\t\t\t\t<div class=\"savage-card-image\">\n\t<div class=\"savage-card-image-inner\">\n\t\t<span class=\"savage-card-image-image\" style=\"background-image: url(https:\/\/www.normisjon.no\/content\/uploads\/sites\/39\/2019\/01\/157-bonner-kompress-1024x825-768x619.jpg);\"><\/span>\t<\/div>\n<\/div>\n\t\t<div class=\"savage-card-body\">\n\t\t\t<div class=\"savage-card-body-inner\">\n\t\t\t\t<h3>157 b\u00f8nner med samtaleopplegg<\/h3>\n<p>157 b\u00f8nner er en en bok som setter ord p\u00e5 ting det er vanskelig \u00e5 sette ord p\u00e5. Her finnes r\u00e5 og \u00e6rlige b\u00f8nner om tunge temaer som ensomhet og kroppspress, og b\u00f8nner for n\u00e5r man er glad. Sammen med det tilh\u00f8rende samtaleheftet er det et ypperlig trosoppl\u00e6ringsverkt\u00f8y til bruk i ungdomsgrupper, men ogs\u00e5 voksne kan ha stor glede av boken.<\/p>\n<p class=\"savage-card-teaser\">Les mer<\/p>\t\t\t<\/div>\n\t\t<\/div>\n\t\t<a href=\"https:\/\/acta.no\/lokallag\/ressurser\/157-bonner-med-samtaleopplegg\/\" class=\"savage-card-link\"><span class=\"screen-reader-text\">Les mer<\/span><\/a>\t\t\t\t<\/div>\n\t\t\t<\/div>\n\t\t\t\t\t\t<div class=\"hogan-grid-item hogan-grid-item-size-small hogan-grid-item-type-savage_custom_card savage-has-image savage-has-background savage-bg-default savage-has-layout savage-layout-card_content savage-has-teaser\">\n\t\t\t\t<div class=\"hogan-grid-item-inner\">\n\t\t\t\t\t<div class=\"savage-card-image\">\n\t<div class=\"savage-card-image-inner\">\n\t\t<span class=\"savage-card-image-image\" style=\"background-image: url(https:\/\/www.normisjon.no\/content\/uploads\/sites\/39\/2019\/01\/Danvikgjengen-i-Dumka-1-768x622.jpg);\"><\/span>\t<\/div>\n<\/div>\n\t\t<div class=\"savage-card-body\">\n\t\t\t<div class=\"savage-card-body-inner\">\n\t\t\t\t<h3>Internasjonale gruppereiser<\/h3>\n<p>Vi i Acta \u2013 barn og unge i Normisjon \u00f8nsker i samarbeid med Normisjon \u00e5 tilby et organisert gruppeopplegg for ungdom i organisasjonen v\u00e5r.<\/p>\n<p class=\"savage-card-teaser\">Les mer<\/p>\t\t\t<\/div>\n\t\t<\/div>\n\t\t<a href=\"https:\/\/acta.no\/gruppereiser\/\" class=\"savage-card-link\"><span class=\"screen-reader-text\">Les mer<\/span><\/a>\t\t\t\t<\/div>\n\t\t\t<\/div>\n\t\t\t\t\t\t<div class=\"hogan-grid-item hogan-grid-item-size-small hogan-grid-item-type-savage_custom_card savage-has-image savage-has-background savage-bg-default savage-has-layout savage-layout-card_content savage-has-teaser\">\n\t\t\t\t<div class=\"hogan-grid-item-inner\">\n\t\t\t\t\t<div class=\"savage-card-image\">\n\t<div class=\"savage-card-image-inner\">\n\t\t<span class=\"savage-card-image-image\" style=\"background-image: url(https:\/\/www.normisjon.no\/content\/uploads\/sites\/39\/2019\/01\/kompis-m-logo.jpg);\"><\/span>\t<\/div>\n<\/div>\n\t\t<div class=\"savage-card-body\">\n\t\t\t<div class=\"savage-card-body-inner\">\n\t\t\t\t<h3>Kompis<\/h3>\n<p>Givertjeneste som forandrer liv. For studenter og unge voksne, som vil v\u00e6re med p\u00e5 \u00e5 gi utdanning til ungdom i India og Bangladesh.<\/p>\n<p class=\"savage-card-teaser\">Les mer<\/p>\t\t\t<\/div>\n\t\t<\/div>\n\t\t<a href=\"https:\/\/acta.no\/arbeid\/bli-kompis\/\" class=\"savage-card-link\"><span class=\"screen-reader-text\">Les mer<\/span><\/a>\t\t\t\t<\/div>\n\t\t\t<\/div>\n\t\t\t\t<\/div>\n<\/div>\n<\/div><\/div><div id=\"module-4\" class=\"hogan-module hogan-module-grid hogan-module-4\"><div class=\"hogan-module-inner\"><h2 class=\"hogan-heading\">For alle <\/h2><div class=\"hogan-grid hogan-grid-text-center hogan-grid-size-dynamic\">\n\t<div class=\"hogan-grid-inner\">\n\t\t\t\t\t<div class=\"hogan-grid-item hogan-grid-item-size-small hogan-grid-item-type-savage_custom_card savage-has-image savage-has-background savage-bg-default savage-has-layout savage-layout-card_content savage-has-teaser\">\n\t\t\t\t<div class=\"hogan-grid-item-inner\">\n\t\t\t\t\t<div class=\"savage-card-image\">\n\t<div class=\"savage-card-image-inner\">\n\t\t<span class=\"savage-card-image-image\" style=\"background-image: url(https:\/\/www.normisjon.no\/content\/uploads\/sites\/39\/2019\/01\/suburban-move-768x614-768x614.jpg);\"><\/span>\t<\/div>\n<\/div>\n\t\t<div class=\"savage-card-body\">\n\t\t\t<div class=\"savage-card-body-inner\">\n\t\t\t\t<h3>Suburban Move<\/h3>\n<p>Gjennom konseptet SubUrban Move hjelper vi deg \u00e5 arrangere en danseweekend eller en dansedag der du bor.<\/p>\n<p class=\"savage-card-teaser\">Les mer<\/p>\t\t\t<\/div>\n\t\t<\/div>\n\t\t<a href=\"https:\/\/acta.no\/suburban\/suburban-move\/\" class=\"savage-card-link\"><span class=\"screen-reader-text\">Les mer<\/span><\/a>\t\t\t\t<\/div>\n\t\t\t<\/div>\n\t\t\t\t\t\t<div class=\"hogan-grid-item hogan-grid-item-size-small hogan-grid-item-type-savage_custom_card savage-has-image savage-has-background savage-bg-default savage-has-layout savage-layout-card_content savage-has-teaser\">\n\t\t\t\t<div class=\"hogan-grid-item-inner\">\n\t\t\t\t\t<div class=\"savage-card-image\">\n\t<div class=\"savage-card-image-inner\">\n\t\t<span class=\"savage-card-image-image\" style=\"background-image: url(https:\/\/www.normisjon.no\/content\/uploads\/sites\/39\/2019\/01\/medvandrer-1024x686-768x515.jpg);\"><\/span>\t<\/div>\n<\/div>\n\t\t<div class=\"savage-card-body\">\n\t\t\t<div class=\"savage-card-body-inner\">\n\t\t\t\t<h3>Medvandrer &#8211; ressurser<\/h3>\n<p>P\u00e5 denne siden finner du ressurser som kan brukes 100 % vederlagsfritt i forbindelse med medvandring.<\/p>\n<p class=\"savage-card-teaser\">Se ressurser<\/p>\t\t\t<\/div>\n\t\t<\/div>\n\t\t<a href=\"https:\/\/acta.no\/lokallag\/ressurser\/medvandrer-ressurser\/\" class=\"savage-card-link\"><span class=\"screen-reader-text\">Se ressurser<\/span><\/a>\t\t\t\t<\/div>\n\t\t\t<\/div>\n\t\t\t\t\t\t<div class=\"hogan-grid-item hogan-grid-item-size-small hogan-grid-item-type-savage_custom_card savage-has-image savage-has-background savage-bg-default savage-has-layout savage-layout-card_content savage-has-teaser\">\n\t\t\t\t<div class=\"hogan-grid-item-inner\">\n\t\t\t\t\t<div class=\"savage-card-image\">\n\t<div class=\"savage-card-image-inner\">\n\t\t<span class=\"savage-card-image-image\" style=\"background-image: url(https:\/\/www.normisjon.no\/content\/uploads\/sites\/39\/2019\/01\/Bli_medlem_i_Acta_forlag-redigert-768x568.jpg);\"><\/span>\t<\/div>\n<\/div>\n\t\t<div class=\"savage-card-body\">\n\t\t\t<div class=\"savage-card-body-inner\">\n\t\t\t\t<h3>Medlemskap i Acta forlag<\/h3>\n<p>Finn materiale til koret, bandet eller gudstjenesten.<\/p>\n<p class=\"savage-card-teaser\">Les mer<\/p>\t\t\t<\/div>\n\t\t<\/div>\n\t\t<a href=\"https:\/\/acta.no\/lokallag\/ressurser\/medlemskap-i-acta-forlag\/\" class=\"savage-card-link\"><span class=\"screen-reader-text\">Les mer<\/span><\/a>\t\t\t\t<\/div>\n\t\t\t<\/div>\n\t\t\t\t<\/div>\n<\/div>\n<\/div><\/div>","protected":false},"excerpt":{"rendered":"<p>Acta jobber kontinuerlig med \u00e5 utvikle ressurser til bruk i lokallag \u2014 uansett hva ditt lokallag holder p\u00e5 med. Vi har materiale for ledertrening, trosoppl\u00e6ring, noter og singbacks til kor, og mye mer. Her har vi fordelt det p\u00e5 barn, tweens, ungdom og noe som er felles. Kom for alt er ferdig!Barn Amigos Amigos er [&hellip;]<\/p>\n","protected":false},"author":63,"featured_media":0,"parent":0,"menu_order":0,"comment_status":"closed","ping_status":"closed","template":"","meta":{"_acf_changed":false,"footnotes":""},"class_list":["post-247","page","type-page","status-publish","hentry"],"acf":[],"yoast_head":"<!-- This site is optimized with the Yoast SEO plugin v25.9 - https:\/\/yoast.com\/wordpress\/plugins\/seo\/ -->\n<title>Ressurser - Acta Region \u00d8stfold<\/title>\n<meta name=\"robots\" content=\"index, follow, max-snippet:-1, max-image-preview:large, max-video-preview:-1\" \/>\n<link rel=\"canonical\" href=\"https:\/\/acta.no\/ostfold\/ressurser-til-lokalt-arbeid\/\" \/>\n<meta property=\"og:locale\" content=\"nb_NO\" \/>\n<meta property=\"og:type\" content=\"article\" \/>\n<meta property=\"og:title\" content=\"Ressurser - Acta Region \u00d8stfold\" \/>\n<meta property=\"og:description\" content=\"Acta jobber kontinuerlig med \u00e5 utvikle ressurser til bruk i lokallag \u2014 uansett hva ditt lokallag holder p\u00e5 med. Vi har materiale for ledertrening, trosoppl\u00e6ring, noter og singbacks til kor, og mye mer. Her har vi fordelt det p\u00e5 barn, tweens, ungdom og noe som er felles. Kom for alt er ferdig!Barn Amigos Amigos er [&hellip;]\" \/>\n<meta property=\"og:url\" content=\"https:\/\/acta.no\/ostfold\/ressurser-til-lokalt-arbeid\/\" \/>\n<meta property=\"og:site_name\" content=\"Acta Region \u00d8stfold\" \/>\n<meta property=\"article:modified_time\" content=\"2019-01-21T13:23:39+00:00\" \/>\n<meta name=\"twitter:card\" content=\"summary_large_image\" \/>\n<script type=\"application\/ld+json\" class=\"yoast-schema-graph\">{\"@context\":\"https:\/\/schema.org\",\"@graph\":[{\"@type\":\"WebPage\",\"@id\":\"https:\/\/acta.no\/ostfold\/ressurser-til-lokalt-arbeid\/\",\"url\":\"https:\/\/acta.no\/ostfold\/ressurser-til-lokalt-arbeid\/\",\"name\":\"Ressurser - Acta Region \u00d8stfold\",\"isPartOf\":{\"@id\":\"https:\/\/acta.no\/ostfold\/#website\"},\"datePublished\":\"2019-01-21T10:17:56+00:00\",\"dateModified\":\"2019-01-21T13:23:39+00:00\",\"breadcrumb\":{\"@id\":\"https:\/\/acta.no\/ostfold\/ressurser-til-lokalt-arbeid\/#breadcrumb\"},\"inLanguage\":\"nb-NO\",\"potentialAction\":[{\"@type\":\"ReadAction\",\"target\":[\"https:\/\/acta.no\/ostfold\/ressurser-til-lokalt-arbeid\/\"]}]},{\"@type\":\"BreadcrumbList\",\"@id\":\"https:\/\/acta.no\/ostfold\/ressurser-til-lokalt-arbeid\/#breadcrumb\",\"itemListElement\":[{\"@type\":\"ListItem\",\"position\":1,\"name\":\"Til acta.no\",\"item\":\"https:\/\/acta.no\/\"},{\"@type\":\"ListItem\",\"position\":2,\"name\":\"Region \u00d8stfold\",\"item\":\"https:\/\/acta.no\/ostfold\/\"},{\"@type\":\"ListItem\",\"position\":3,\"name\":\"Ressurser\"}]},{\"@type\":\"WebSite\",\"@id\":\"https:\/\/acta.no\/ostfold\/#website\",\"url\":\"https:\/\/acta.no\/ostfold\/\",\"name\":\"Acta Region \u00d8stfold\",\"description\":\"\u00d8stfold\",\"potentialAction\":[{\"@type\":\"SearchAction\",\"target\":{\"@type\":\"EntryPoint\",\"urlTemplate\":\"https:\/\/acta.no\/ostfold\/?s={search_term_string}\"},\"query-input\":{\"@type\":\"PropertyValueSpecification\",\"valueRequired\":true,\"valueName\":\"search_term_string\"}}],\"inLanguage\":\"nb-NO\"}]}<\/script>\n<!-- \/ Yoast SEO plugin. -->","yoast_head_json":{"title":"Ressurser - Acta Region \u00d8stfold","robots":{"index":"index","follow":"follow","max-snippet":"max-snippet:-1","max-image-preview":"max-image-preview:large","max-video-preview":"max-video-preview:-1"},"canonical":"https:\/\/acta.no\/ostfold\/ressurser-til-lokalt-arbeid\/","og_locale":"nb_NO","og_type":"article","og_title":"Ressurser - Acta Region \u00d8stfold","og_description":"Acta jobber kontinuerlig med \u00e5 utvikle ressurser til bruk i lokallag \u2014 uansett hva ditt lokallag holder p\u00e5 med. Vi har materiale for ledertrening, trosoppl\u00e6ring, noter og singbacks til kor, og mye mer. Her har vi fordelt det p\u00e5 barn, tweens, ungdom og noe som er felles. Kom for alt er ferdig!Barn Amigos Amigos er [&hellip;]","og_url":"https:\/\/acta.no\/ostfold\/ressurser-til-lokalt-arbeid\/","og_site_name":"Acta Region \u00d8stfold","article_modified_time":"2019-01-21T13:23:39+00:00","twitter_card":"summary_large_image","schema":{"@context":"https:\/\/schema.org","@graph":[{"@type":"WebPage","@id":"https:\/\/acta.no\/ostfold\/ressurser-til-lokalt-arbeid\/","url":"https:\/\/acta.no\/ostfold\/ressurser-til-lokalt-arbeid\/","name":"Ressurser - Acta Region \u00d8stfold","isPartOf":{"@id":"https:\/\/acta.no\/ostfold\/#website"},"datePublished":"2019-01-21T10:17:56+00:00","dateModified":"2019-01-21T13:23:39+00:00","breadcrumb":{"@id":"https:\/\/acta.no\/ostfold\/ressurser-til-lokalt-arbeid\/#breadcrumb"},"inLanguage":"nb-NO","potentialAction":[{"@type":"ReadAction","target":["https:\/\/acta.no\/ostfold\/ressurser-til-lokalt-arbeid\/"]}]},{"@type":"BreadcrumbList","@id":"https:\/\/acta.no\/ostfold\/ressurser-til-lokalt-arbeid\/#breadcrumb","itemListElement":[{"@type":"ListItem","position":1,"name":"Til acta.no","item":"https:\/\/acta.no\/"},{"@type":"ListItem","position":2,"name":"Region \u00d8stfold","item":"https:\/\/acta.no\/ostfold\/"},{"@type":"ListItem","position":3,"name":"Ressurser"}]},{"@type":"WebSite","@id":"https:\/\/acta.no\/ostfold\/#website","url":"https:\/\/acta.no\/ostfold\/","name":"Acta Region \u00d8stfold","description":"\u00d8stfold","potentialAction":[{"@type":"SearchAction","target":{"@type":"EntryPoint","urlTemplate":"https:\/\/acta.no\/ostfold\/?s={search_term_string}"},"query-input":{"@type":"PropertyValueSpecification","valueRequired":true,"valueName":"search_term_string"}}],"inLanguage":"nb-NO"}]}},"_links":{"self":[{"href":"https:\/\/acta.no\/ostfold\/wp-json\/wp\/v2\/pages\/247","targetHints":{"allow":["GET"]}}],"collection":[{"href":"https:\/\/acta.no\/ostfold\/wp-json\/wp\/v2\/pages"}],"about":[{"href":"https:\/\/acta.no\/ostfold\/wp-json\/wp\/v2\/types\/page"}],"author":[{"embeddable":true,"href":"https:\/\/acta.no\/ostfold\/wp-json\/wp\/v2\/users\/63"}],"replies":[{"embeddable":true,"href":"https:\/\/acta.no\/ostfold\/wp-json\/wp\/v2\/comments?post=247"}],"version-history":[{"count":3,"href":"https:\/\/acta.no\/ostfold\/wp-json\/wp\/v2\/pages\/247\/revisions"}],"predecessor-version":[{"id":307,"href":"https:\/\/acta.no\/ostfold\/wp-json\/wp\/v2\/pages\/247\/revisions\/307"}],"wp:attachment":[{"href":"https:\/\/acta.no\/ostfold\/wp-json\/wp\/v2\/media?parent=247"}],"curies":[{"name":"wp","href":"https:\/\/api.w.org\/{rel}","templated":true}]}}