{"id":2190,"date":"2025-09-05T12:38:19","date_gmt":"2025-09-05T12:38:19","guid":{"rendered":"https:\/\/acta.no\/ostfold\/?page_id=2190"},"modified":"2025-09-05T12:48:59","modified_gmt":"2025-09-05T12:48:59","slug":"adventsleir","status":"publish","type":"page","link":"https:\/\/acta.no\/ostfold\/adventsleir\/","title":{"rendered":"Adventsleir"},"content":{"rendered":"<div id=\"module-0\" class=\"hogan-module hogan-module-text hogan-module-0\"><div class=\"hogan-module-inner\"><h2 dir=\"ltr\">Som markering av starten p\u00e5 adventstiden \u00f8nsker vi velkommen til adventsleir p\u00e5 Sj\u00f8glimt!<\/h2>\n<p>\ud83d\udd6f\ufe0f Klar for \u00e5 starte adventstiden p\u00e5 beste m\u00e5te? P\u00e5 adventsleir p\u00e5 Sj\u00f8glimt 28.\u201330. november inviteres du som g\u00e5r i 2.\u20135. klasse til en helg full av fellesskap, lek, god mat og masse kos. Vi f\u00e5r mulighet til \u00e5 l\u00e6re mer om hva advent egentlig handler om, m\u00f8te nye venner \u2013 og kanskje lage en julegave eller to! Og midt i alt dette f\u00e5r vi oppleve hva det vil si \u00e5 v\u00e6re en del av et fellesskap der Jesus er sentrum. Dette blir en helg med julestemning, glede og minner for livet \u2013 vi gleder oss til \u00e5 se deg p\u00e5 leir! \ud83c\udf84\u2728<\/p>\n<p><a href=\"https:\/\/event.checkin.no\/163077\/adventsleir-2-5-klasse-pa-sjoglimt\">P\u00e5melding<\/a><\/p><\/div><\/div><div id=\"module-1\" class=\"hogan-module hogan-module-image hogan-module-1 hogan-image-size-large\"><div class=\"hogan-module-inner\"><figure class=\"wp-caption size-large\"><img loading=\"lazy\" decoding=\"async\" width=\"873\" height=\"374\" src=\"https:\/\/www.normisjon.no\/content\/uploads\/sites\/39\/2025\/09\/Adventsleir-2024-Checkin-1024-x-429-px-2100-x-900-px-1024x439.png\" class=\"attachment-large size-large\" alt=\"\" srcset=\"https:\/\/www.normisjon.no\/content\/uploads\/sites\/39\/2025\/09\/Adventsleir-2024-Checkin-1024-x-429-px-2100-x-900-px-1024x439.png 1024w, https:\/\/www.normisjon.no\/content\/uploads\/sites\/39\/2025\/09\/Adventsleir-2024-Checkin-1024-x-429-px-2100-x-900-px-300x129.png 300w, https:\/\/www.normisjon.no\/content\/uploads\/sites\/39\/2025\/09\/Adventsleir-2024-Checkin-1024-x-429-px-2100-x-900-px-768x329.png 768w, https:\/\/www.normisjon.no\/content\/uploads\/sites\/39\/2025\/09\/Adventsleir-2024-Checkin-1024-x-429-px-2100-x-900-px-1536x658.png 1536w, https:\/\/www.normisjon.no\/content\/uploads\/sites\/39\/2025\/09\/Adventsleir-2024-Checkin-1024-x-429-px-2100-x-900-px-2048x878.png 2048w, https:\/\/www.normisjon.no\/content\/uploads\/sites\/39\/2025\/09\/Adventsleir-2024-Checkin-1024-x-429-px-2100-x-900-px-1920x823.png 1920w, https:\/\/www.normisjon.no\/content\/uploads\/sites\/39\/2025\/09\/Adventsleir-2024-Checkin-1024-x-429-px-2100-x-900-px-1360x583.png 1360w, https:\/\/www.normisjon.no\/content\/uploads\/sites\/39\/2025\/09\/Adventsleir-2024-Checkin-1024-x-429-px-2100-x-900-px-960x411.png 960w\" sizes=\"auto, (max-width: 873px) 100vw, 873px\" \/><\/figure><\/div><\/div>","protected":false},"excerpt":{"rendered":"<p>Som markering av starten p\u00e5 adventstiden \u00f8nsker vi velkommen til adventsleir p\u00e5 Sj\u00f8glimt! \ud83d\udd6f\ufe0f Klar for \u00e5 starte adventstiden p\u00e5 beste m\u00e5te? P\u00e5 adventsleir p\u00e5 Sj\u00f8glimt 28.\u201330. november inviteres du som g\u00e5r i 2.\u20135. klasse til en helg full av fellesskap, lek, god mat og masse kos. Vi f\u00e5r mulighet til \u00e5 l\u00e6re mer om [&hellip;]<\/p>\n","protected":false},"author":109,"featured_media":2196,"parent":0,"menu_order":0,"comment_status":"closed","ping_status":"closed","template":"","meta":{"_acf_changed":false,"footnotes":""},"class_list":["post-2190","page","type-page","status-publish","has-post-thumbnail","hentry"],"acf":[],"yoast_head":"<!-- This site is optimized with the Yoast SEO plugin v25.9 - https:\/\/yoast.com\/wordpress\/plugins\/seo\/ -->\n<title>Adventsleir - Acta Region \u00d8stfold<\/title>\n<meta name=\"robots\" content=\"index, follow, max-snippet:-1, max-image-preview:large, max-video-preview:-1\" \/>\n<link rel=\"canonical\" href=\"https:\/\/acta.no\/ostfold\/adventsleir\/\" \/>\n<meta property=\"og:locale\" content=\"nb_NO\" \/>\n<meta property=\"og:type\" content=\"article\" \/>\n<meta property=\"og:title\" content=\"Adventsleir - Acta Region \u00d8stfold\" \/>\n<meta property=\"og:description\" content=\"Som markering av starten p\u00e5 adventstiden \u00f8nsker vi velkommen til adventsleir p\u00e5 Sj\u00f8glimt! \ud83d\udd6f\ufe0f Klar for \u00e5 starte adventstiden p\u00e5 beste m\u00e5te? P\u00e5 adventsleir p\u00e5 Sj\u00f8glimt 28.\u201330. november inviteres du som g\u00e5r i 2.\u20135. klasse til en helg full av fellesskap, lek, god mat og masse kos. Vi f\u00e5r mulighet til \u00e5 l\u00e6re mer om [&hellip;]\" \/>\n<meta property=\"og:url\" content=\"https:\/\/acta.no\/ostfold\/adventsleir\/\" \/>\n<meta property=\"og:site_name\" content=\"Acta Region \u00d8stfold\" \/>\n<meta property=\"article:modified_time\" content=\"2025-09-05T12:48:59+00:00\" \/>\n<meta property=\"og:image\" content=\"https:\/\/www.normisjon.no\/content\/uploads\/sites\/39\/2025\/09\/Adventsleir-2024-Checkin-1024-x-429-px-2100-x-900-px-950-x-825-px-1.png\" \/>\n\t<meta property=\"og:image:width\" content=\"950\" \/>\n\t<meta property=\"og:image:height\" content=\"825\" \/>\n\t<meta property=\"og:image:type\" content=\"image\/png\" \/>\n<meta name=\"twitter:card\" content=\"summary_large_image\" \/>\n<script type=\"application\/ld+json\" class=\"yoast-schema-graph\">{\"@context\":\"https:\/\/schema.org\",\"@graph\":[{\"@type\":\"WebPage\",\"@id\":\"https:\/\/acta.no\/ostfold\/adventsleir\/\",\"url\":\"https:\/\/acta.no\/ostfold\/adventsleir\/\",\"name\":\"Adventsleir - Acta Region \u00d8stfold\",\"isPartOf\":{\"@id\":\"https:\/\/acta.no\/ostfold\/#website\"},\"primaryImageOfPage\":{\"@id\":\"https:\/\/acta.no\/ostfold\/adventsleir\/#primaryimage\"},\"image\":{\"@id\":\"https:\/\/acta.no\/ostfold\/adventsleir\/#primaryimage\"},\"thumbnailUrl\":\"https:\/\/www.normisjon.no\/content\/uploads\/sites\/39\/2025\/09\/Adventsleir-2024-Checkin-1024-x-429-px-2100-x-900-px-950-x-825-px-1.png\",\"datePublished\":\"2025-09-05T12:38:19+00:00\",\"dateModified\":\"2025-09-05T12:48:59+00:00\",\"breadcrumb\":{\"@id\":\"https:\/\/acta.no\/ostfold\/adventsleir\/#breadcrumb\"},\"inLanguage\":\"nb-NO\",\"potentialAction\":[{\"@type\":\"ReadAction\",\"target\":[\"https:\/\/acta.no\/ostfold\/adventsleir\/\"]}]},{\"@type\":\"ImageObject\",\"inLanguage\":\"nb-NO\",\"@id\":\"https:\/\/acta.no\/ostfold\/adventsleir\/#primaryimage\",\"url\":\"https:\/\/www.normisjon.no\/content\/uploads\/sites\/39\/2025\/09\/Adventsleir-2024-Checkin-1024-x-429-px-2100-x-900-px-950-x-825-px-1.png\",\"contentUrl\":\"https:\/\/www.normisjon.no\/content\/uploads\/sites\/39\/2025\/09\/Adventsleir-2024-Checkin-1024-x-429-px-2100-x-900-px-950-x-825-px-1.png\",\"width\":950,\"height\":825},{\"@type\":\"BreadcrumbList\",\"@id\":\"https:\/\/acta.no\/ostfold\/adventsleir\/#breadcrumb\",\"itemListElement\":[{\"@type\":\"ListItem\",\"position\":1,\"name\":\"Til acta.no\",\"item\":\"https:\/\/acta.no\/\"},{\"@type\":\"ListItem\",\"position\":2,\"name\":\"Region \u00d8stfold\",\"item\":\"https:\/\/acta.no\/ostfold\/\"},{\"@type\":\"ListItem\",\"position\":3,\"name\":\"Adventsleir\"}]},{\"@type\":\"WebSite\",\"@id\":\"https:\/\/acta.no\/ostfold\/#website\",\"url\":\"https:\/\/acta.no\/ostfold\/\",\"name\":\"Acta Region \u00d8stfold\",\"description\":\"\u00d8stfold\",\"potentialAction\":[{\"@type\":\"SearchAction\",\"target\":{\"@type\":\"EntryPoint\",\"urlTemplate\":\"https:\/\/acta.no\/ostfold\/?s={search_term_string}\"},\"query-input\":{\"@type\":\"PropertyValueSpecification\",\"valueRequired\":true,\"valueName\":\"search_term_string\"}}],\"inLanguage\":\"nb-NO\"}]}<\/script>\n<!-- \/ Yoast SEO plugin. -->","yoast_head_json":{"title":"Adventsleir - Acta Region \u00d8stfold","robots":{"index":"index","follow":"follow","max-snippet":"max-snippet:-1","max-image-preview":"max-image-preview:large","max-video-preview":"max-video-preview:-1"},"canonical":"https:\/\/acta.no\/ostfold\/adventsleir\/","og_locale":"nb_NO","og_type":"article","og_title":"Adventsleir - Acta Region \u00d8stfold","og_description":"Som markering av starten p\u00e5 adventstiden \u00f8nsker vi velkommen til adventsleir p\u00e5 Sj\u00f8glimt! \ud83d\udd6f\ufe0f Klar for \u00e5 starte adventstiden p\u00e5 beste m\u00e5te? P\u00e5 adventsleir p\u00e5 Sj\u00f8glimt 28.\u201330. november inviteres du som g\u00e5r i 2.\u20135. klasse til en helg full av fellesskap, lek, god mat og masse kos. Vi f\u00e5r mulighet til \u00e5 l\u00e6re mer om [&hellip;]","og_url":"https:\/\/acta.no\/ostfold\/adventsleir\/","og_site_name":"Acta Region \u00d8stfold","article_modified_time":"2025-09-05T12:48:59+00:00","og_image":[{"width":950,"height":825,"url":"https:\/\/www.normisjon.no\/content\/uploads\/sites\/39\/2025\/09\/Adventsleir-2024-Checkin-1024-x-429-px-2100-x-900-px-950-x-825-px-1.png","type":"image\/png"}],"twitter_card":"summary_large_image","schema":{"@context":"https:\/\/schema.org","@graph":[{"@type":"WebPage","@id":"https:\/\/acta.no\/ostfold\/adventsleir\/","url":"https:\/\/acta.no\/ostfold\/adventsleir\/","name":"Adventsleir - Acta Region \u00d8stfold","isPartOf":{"@id":"https:\/\/acta.no\/ostfold\/#website"},"primaryImageOfPage":{"@id":"https:\/\/acta.no\/ostfold\/adventsleir\/#primaryimage"},"image":{"@id":"https:\/\/acta.no\/ostfold\/adventsleir\/#primaryimage"},"thumbnailUrl":"https:\/\/www.normisjon.no\/content\/uploads\/sites\/39\/2025\/09\/Adventsleir-2024-Checkin-1024-x-429-px-2100-x-900-px-950-x-825-px-1.png","datePublished":"2025-09-05T12:38:19+00:00","dateModified":"2025-09-05T12:48:59+00:00","breadcrumb":{"@id":"https:\/\/acta.no\/ostfold\/adventsleir\/#breadcrumb"},"inLanguage":"nb-NO","potentialAction":[{"@type":"ReadAction","target":["https:\/\/acta.no\/ostfold\/adventsleir\/"]}]},{"@type":"ImageObject","inLanguage":"nb-NO","@id":"https:\/\/acta.no\/ostfold\/adventsleir\/#primaryimage","url":"https:\/\/www.normisjon.no\/content\/uploads\/sites\/39\/2025\/09\/Adventsleir-2024-Checkin-1024-x-429-px-2100-x-900-px-950-x-825-px-1.png","contentUrl":"https:\/\/www.normisjon.no\/content\/uploads\/sites\/39\/2025\/09\/Adventsleir-2024-Checkin-1024-x-429-px-2100-x-900-px-950-x-825-px-1.png","width":950,"height":825},{"@type":"BreadcrumbList","@id":"https:\/\/acta.no\/ostfold\/adventsleir\/#breadcrumb","itemListElement":[{"@type":"ListItem","position":1,"name":"Til acta.no","item":"https:\/\/acta.no\/"},{"@type":"ListItem","position":2,"name":"Region \u00d8stfold","item":"https:\/\/acta.no\/ostfold\/"},{"@type":"ListItem","position":3,"name":"Adventsleir"}]},{"@type":"WebSite","@id":"https:\/\/acta.no\/ostfold\/#website","url":"https:\/\/acta.no\/ostfold\/","name":"Acta Region \u00d8stfold","description":"\u00d8stfold","potentialAction":[{"@type":"SearchAction","target":{"@type":"EntryPoint","urlTemplate":"https:\/\/acta.no\/ostfold\/?s={search_term_string}"},"query-input":{"@type":"PropertyValueSpecification","valueRequired":true,"valueName":"search_term_string"}}],"inLanguage":"nb-NO"}]}},"_links":{"self":[{"href":"https:\/\/acta.no\/ostfold\/wp-json\/wp\/v2\/pages\/2190","targetHints":{"allow":["GET"]}}],"collection":[{"href":"https:\/\/acta.no\/ostfold\/wp-json\/wp\/v2\/pages"}],"about":[{"href":"https:\/\/acta.no\/ostfold\/wp-json\/wp\/v2\/types\/page"}],"author":[{"embeddable":true,"href":"https:\/\/acta.no\/ostfold\/wp-json\/wp\/v2\/users\/109"}],"replies":[{"embeddable":true,"href":"https:\/\/acta.no\/ostfold\/wp-json\/wp\/v2\/comments?post=2190"}],"version-history":[{"count":5,"href":"https:\/\/acta.no\/ostfold\/wp-json\/wp\/v2\/pages\/2190\/revisions"}],"predecessor-version":[{"id":2201,"href":"https:\/\/acta.no\/ostfold\/wp-json\/wp\/v2\/pages\/2190\/revisions\/2201"}],"wp:featuredmedia":[{"embeddable":true,"href":"https:\/\/acta.no\/ostfold\/wp-json\/wp\/v2\/media\/2196"}],"wp:attachment":[{"href":"https:\/\/acta.no\/ostfold\/wp-json\/wp\/v2\/media?parent=2190"}],"curies":[{"name":"wp","href":"https:\/\/api.w.org\/{rel}","templated":true}]}}