{"id":2183,"date":"2025-09-05T12:31:11","date_gmt":"2025-09-05T12:31:11","guid":{"rendered":"https:\/\/acta.no\/ostfold\/?page_id=2183"},"modified":"2025-09-05T12:48:13","modified_gmt":"2025-09-05T12:48:13","slug":"juleverkstedleir","status":"publish","type":"page","link":"https:\/\/acta.no\/ostfold\/juleverkstedleir\/","title":{"rendered":"Juleverkstedleir"},"content":{"rendered":"<div id=\"module-0\" class=\"hogan-module hogan-module-text hogan-module-0\"><div class=\"hogan-module-inner\"><h1 dir=\"ltr\">Velkommen til juleverkstedleir!<\/h1>\n<p>\ud83c\udf84 Klar for \u00e5 starte adventstiden p\u00e5 den koseligste m\u00e5ten? P\u00e5 juleverkstedleir p\u00e5 Sj\u00f8glimt inviteres barn opp til 8 \u00e5r sammen med en voksen til fine dager med god mat, kreativt juleverksted og spennende bibeltimer. Her kan dere sammen finne julestemningen, senke skuldrene og nyte fellesskapet \u2013 og midt i alt dette f\u00e5r vi oppleve hva det vil si \u00e5 v\u00e6re en del av et fellesskap der Jesus er sentrum. Dette blir en varm og minnerik start p\u00e5 advent og juleh\u00f8ytiden! \u2728<\/p>\n<p><a href=\"https:\/\/event.checkin.no\/164118\/juleverkstedleir-pa-sjoglimt-2025\">P\u00e5melding<\/a><\/p><\/div><\/div><div id=\"module-1\" class=\"hogan-module hogan-module-image hogan-module-1 hogan-image-size-large\"><div class=\"hogan-module-inner\"><figure class=\"wp-caption size-large\"><img loading=\"lazy\" decoding=\"async\" width=\"873\" height=\"374\" src=\"https:\/\/www.normisjon.no\/content\/uploads\/sites\/39\/2025\/09\/Juleverksted-leir-950-\u00d7-825-px-Nettside-950-x-825-px-2100-x-900-px-1024x439.png\" class=\"attachment-large size-large\" alt=\"\" srcset=\"https:\/\/www.normisjon.no\/content\/uploads\/sites\/39\/2025\/09\/Juleverksted-leir-950-\u00d7-825-px-Nettside-950-x-825-px-2100-x-900-px-1024x439.png 1024w, https:\/\/www.normisjon.no\/content\/uploads\/sites\/39\/2025\/09\/Juleverksted-leir-950-\u00d7-825-px-Nettside-950-x-825-px-2100-x-900-px-300x129.png 300w, https:\/\/www.normisjon.no\/content\/uploads\/sites\/39\/2025\/09\/Juleverksted-leir-950-\u00d7-825-px-Nettside-950-x-825-px-2100-x-900-px-768x329.png 768w, https:\/\/www.normisjon.no\/content\/uploads\/sites\/39\/2025\/09\/Juleverksted-leir-950-\u00d7-825-px-Nettside-950-x-825-px-2100-x-900-px-1536x658.png 1536w, https:\/\/www.normisjon.no\/content\/uploads\/sites\/39\/2025\/09\/Juleverksted-leir-950-\u00d7-825-px-Nettside-950-x-825-px-2100-x-900-px-2048x878.png 2048w, https:\/\/www.normisjon.no\/content\/uploads\/sites\/39\/2025\/09\/Juleverksted-leir-950-\u00d7-825-px-Nettside-950-x-825-px-2100-x-900-px-1920x823.png 1920w, https:\/\/www.normisjon.no\/content\/uploads\/sites\/39\/2025\/09\/Juleverksted-leir-950-\u00d7-825-px-Nettside-950-x-825-px-2100-x-900-px-1360x583.png 1360w, https:\/\/www.normisjon.no\/content\/uploads\/sites\/39\/2025\/09\/Juleverksted-leir-950-\u00d7-825-px-Nettside-950-x-825-px-2100-x-900-px-960x411.png 960w\" sizes=\"auto, (max-width: 873px) 100vw, 873px\" \/><\/figure><\/div><\/div>","protected":false},"excerpt":{"rendered":"<p>Velkommen til juleverkstedleir! \ud83c\udf84 Klar for \u00e5 starte adventstiden p\u00e5 den koseligste m\u00e5ten? P\u00e5 juleverkstedleir p\u00e5 Sj\u00f8glimt inviteres barn opp til 8 \u00e5r sammen med en voksen til fine dager med god mat, kreativt juleverksted og spennende bibeltimer. Her kan dere sammen finne julestemningen, senke skuldrene og nyte fellesskapet \u2013 og midt i alt dette [&hellip;]<\/p>\n","protected":false},"author":109,"featured_media":2185,"parent":0,"menu_order":0,"comment_status":"closed","ping_status":"closed","template":"","meta":{"_acf_changed":false,"footnotes":""},"class_list":["post-2183","page","type-page","status-publish","has-post-thumbnail","hentry"],"acf":[],"yoast_head":"<!-- This site is optimized with the Yoast SEO plugin v25.9 - https:\/\/yoast.com\/wordpress\/plugins\/seo\/ -->\n<title>Juleverkstedleir - Acta Region \u00d8stfold<\/title>\n<meta name=\"robots\" content=\"index, follow, max-snippet:-1, max-image-preview:large, max-video-preview:-1\" \/>\n<link rel=\"canonical\" href=\"https:\/\/acta.no\/ostfold\/juleverkstedleir\/\" \/>\n<meta property=\"og:locale\" content=\"nb_NO\" \/>\n<meta property=\"og:type\" content=\"article\" \/>\n<meta property=\"og:title\" content=\"Juleverkstedleir - Acta Region \u00d8stfold\" \/>\n<meta property=\"og:description\" content=\"Velkommen til juleverkstedleir! \ud83c\udf84 Klar for \u00e5 starte adventstiden p\u00e5 den koseligste m\u00e5ten? P\u00e5 juleverkstedleir p\u00e5 Sj\u00f8glimt inviteres barn opp til 8 \u00e5r sammen med en voksen til fine dager med god mat, kreativt juleverksted og spennende bibeltimer. Her kan dere sammen finne julestemningen, senke skuldrene og nyte fellesskapet \u2013 og midt i alt dette [&hellip;]\" \/>\n<meta property=\"og:url\" content=\"https:\/\/acta.no\/ostfold\/juleverkstedleir\/\" \/>\n<meta property=\"og:site_name\" content=\"Acta Region \u00d8stfold\" \/>\n<meta property=\"article:modified_time\" content=\"2025-09-05T12:48:13+00:00\" \/>\n<meta property=\"og:image\" content=\"https:\/\/www.normisjon.no\/content\/uploads\/sites\/39\/2025\/09\/Juleverksted-leir-950-\u00d7-825-px-Nettside-950-x-825-px-2100-x-900-px-950-x-825-px.png\" \/>\n\t<meta property=\"og:image:width\" content=\"950\" \/>\n\t<meta property=\"og:image:height\" content=\"825\" \/>\n\t<meta property=\"og:image:type\" content=\"image\/png\" \/>\n<meta name=\"twitter:card\" content=\"summary_large_image\" \/>\n<script type=\"application\/ld+json\" class=\"yoast-schema-graph\">{\"@context\":\"https:\/\/schema.org\",\"@graph\":[{\"@type\":\"WebPage\",\"@id\":\"https:\/\/acta.no\/ostfold\/juleverkstedleir\/\",\"url\":\"https:\/\/acta.no\/ostfold\/juleverkstedleir\/\",\"name\":\"Juleverkstedleir - Acta Region \u00d8stfold\",\"isPartOf\":{\"@id\":\"https:\/\/acta.no\/ostfold\/#website\"},\"primaryImageOfPage\":{\"@id\":\"https:\/\/acta.no\/ostfold\/juleverkstedleir\/#primaryimage\"},\"image\":{\"@id\":\"https:\/\/acta.no\/ostfold\/juleverkstedleir\/#primaryimage\"},\"thumbnailUrl\":\"https:\/\/www.normisjon.no\/content\/uploads\/sites\/39\/2025\/09\/Juleverksted-leir-950-\u00d7-825-px-Nettside-950-x-825-px-2100-x-900-px-950-x-825-px.png\",\"datePublished\":\"2025-09-05T12:31:11+00:00\",\"dateModified\":\"2025-09-05T12:48:13+00:00\",\"breadcrumb\":{\"@id\":\"https:\/\/acta.no\/ostfold\/juleverkstedleir\/#breadcrumb\"},\"inLanguage\":\"nb-NO\",\"potentialAction\":[{\"@type\":\"ReadAction\",\"target\":[\"https:\/\/acta.no\/ostfold\/juleverkstedleir\/\"]}]},{\"@type\":\"ImageObject\",\"inLanguage\":\"nb-NO\",\"@id\":\"https:\/\/acta.no\/ostfold\/juleverkstedleir\/#primaryimage\",\"url\":\"https:\/\/www.normisjon.no\/content\/uploads\/sites\/39\/2025\/09\/Juleverksted-leir-950-\u00d7-825-px-Nettside-950-x-825-px-2100-x-900-px-950-x-825-px.png\",\"contentUrl\":\"https:\/\/www.normisjon.no\/content\/uploads\/sites\/39\/2025\/09\/Juleverksted-leir-950-\u00d7-825-px-Nettside-950-x-825-px-2100-x-900-px-950-x-825-px.png\",\"width\":950,\"height\":825},{\"@type\":\"BreadcrumbList\",\"@id\":\"https:\/\/acta.no\/ostfold\/juleverkstedleir\/#breadcrumb\",\"itemListElement\":[{\"@type\":\"ListItem\",\"position\":1,\"name\":\"Til acta.no\",\"item\":\"https:\/\/acta.no\/\"},{\"@type\":\"ListItem\",\"position\":2,\"name\":\"Region \u00d8stfold\",\"item\":\"https:\/\/acta.no\/ostfold\/\"},{\"@type\":\"ListItem\",\"position\":3,\"name\":\"Juleverkstedleir\"}]},{\"@type\":\"WebSite\",\"@id\":\"https:\/\/acta.no\/ostfold\/#website\",\"url\":\"https:\/\/acta.no\/ostfold\/\",\"name\":\"Acta Region \u00d8stfold\",\"description\":\"\u00d8stfold\",\"potentialAction\":[{\"@type\":\"SearchAction\",\"target\":{\"@type\":\"EntryPoint\",\"urlTemplate\":\"https:\/\/acta.no\/ostfold\/?s={search_term_string}\"},\"query-input\":{\"@type\":\"PropertyValueSpecification\",\"valueRequired\":true,\"valueName\":\"search_term_string\"}}],\"inLanguage\":\"nb-NO\"}]}<\/script>\n<!-- \/ Yoast SEO plugin. -->","yoast_head_json":{"title":"Juleverkstedleir - Acta Region \u00d8stfold","robots":{"index":"index","follow":"follow","max-snippet":"max-snippet:-1","max-image-preview":"max-image-preview:large","max-video-preview":"max-video-preview:-1"},"canonical":"https:\/\/acta.no\/ostfold\/juleverkstedleir\/","og_locale":"nb_NO","og_type":"article","og_title":"Juleverkstedleir - Acta Region \u00d8stfold","og_description":"Velkommen til juleverkstedleir! \ud83c\udf84 Klar for \u00e5 starte adventstiden p\u00e5 den koseligste m\u00e5ten? P\u00e5 juleverkstedleir p\u00e5 Sj\u00f8glimt inviteres barn opp til 8 \u00e5r sammen med en voksen til fine dager med god mat, kreativt juleverksted og spennende bibeltimer. Her kan dere sammen finne julestemningen, senke skuldrene og nyte fellesskapet \u2013 og midt i alt dette [&hellip;]","og_url":"https:\/\/acta.no\/ostfold\/juleverkstedleir\/","og_site_name":"Acta Region \u00d8stfold","article_modified_time":"2025-09-05T12:48:13+00:00","og_image":[{"width":950,"height":825,"url":"https:\/\/www.normisjon.no\/content\/uploads\/sites\/39\/2025\/09\/Juleverksted-leir-950-\u00d7-825-px-Nettside-950-x-825-px-2100-x-900-px-950-x-825-px.png","type":"image\/png"}],"twitter_card":"summary_large_image","schema":{"@context":"https:\/\/schema.org","@graph":[{"@type":"WebPage","@id":"https:\/\/acta.no\/ostfold\/juleverkstedleir\/","url":"https:\/\/acta.no\/ostfold\/juleverkstedleir\/","name":"Juleverkstedleir - Acta Region \u00d8stfold","isPartOf":{"@id":"https:\/\/acta.no\/ostfold\/#website"},"primaryImageOfPage":{"@id":"https:\/\/acta.no\/ostfold\/juleverkstedleir\/#primaryimage"},"image":{"@id":"https:\/\/acta.no\/ostfold\/juleverkstedleir\/#primaryimage"},"thumbnailUrl":"https:\/\/www.normisjon.no\/content\/uploads\/sites\/39\/2025\/09\/Juleverksted-leir-950-\u00d7-825-px-Nettside-950-x-825-px-2100-x-900-px-950-x-825-px.png","datePublished":"2025-09-05T12:31:11+00:00","dateModified":"2025-09-05T12:48:13+00:00","breadcrumb":{"@id":"https:\/\/acta.no\/ostfold\/juleverkstedleir\/#breadcrumb"},"inLanguage":"nb-NO","potentialAction":[{"@type":"ReadAction","target":["https:\/\/acta.no\/ostfold\/juleverkstedleir\/"]}]},{"@type":"ImageObject","inLanguage":"nb-NO","@id":"https:\/\/acta.no\/ostfold\/juleverkstedleir\/#primaryimage","url":"https:\/\/www.normisjon.no\/content\/uploads\/sites\/39\/2025\/09\/Juleverksted-leir-950-\u00d7-825-px-Nettside-950-x-825-px-2100-x-900-px-950-x-825-px.png","contentUrl":"https:\/\/www.normisjon.no\/content\/uploads\/sites\/39\/2025\/09\/Juleverksted-leir-950-\u00d7-825-px-Nettside-950-x-825-px-2100-x-900-px-950-x-825-px.png","width":950,"height":825},{"@type":"BreadcrumbList","@id":"https:\/\/acta.no\/ostfold\/juleverkstedleir\/#breadcrumb","itemListElement":[{"@type":"ListItem","position":1,"name":"Til acta.no","item":"https:\/\/acta.no\/"},{"@type":"ListItem","position":2,"name":"Region \u00d8stfold","item":"https:\/\/acta.no\/ostfold\/"},{"@type":"ListItem","position":3,"name":"Juleverkstedleir"}]},{"@type":"WebSite","@id":"https:\/\/acta.no\/ostfold\/#website","url":"https:\/\/acta.no\/ostfold\/","name":"Acta Region \u00d8stfold","description":"\u00d8stfold","potentialAction":[{"@type":"SearchAction","target":{"@type":"EntryPoint","urlTemplate":"https:\/\/acta.no\/ostfold\/?s={search_term_string}"},"query-input":{"@type":"PropertyValueSpecification","valueRequired":true,"valueName":"search_term_string"}}],"inLanguage":"nb-NO"}]}},"_links":{"self":[{"href":"https:\/\/acta.no\/ostfold\/wp-json\/wp\/v2\/pages\/2183","targetHints":{"allow":["GET"]}}],"collection":[{"href":"https:\/\/acta.no\/ostfold\/wp-json\/wp\/v2\/pages"}],"about":[{"href":"https:\/\/acta.no\/ostfold\/wp-json\/wp\/v2\/types\/page"}],"author":[{"embeddable":true,"href":"https:\/\/acta.no\/ostfold\/wp-json\/wp\/v2\/users\/109"}],"replies":[{"embeddable":true,"href":"https:\/\/acta.no\/ostfold\/wp-json\/wp\/v2\/comments?post=2183"}],"version-history":[{"count":4,"href":"https:\/\/acta.no\/ostfold\/wp-json\/wp\/v2\/pages\/2183\/revisions"}],"predecessor-version":[{"id":2200,"href":"https:\/\/acta.no\/ostfold\/wp-json\/wp\/v2\/pages\/2183\/revisions\/2200"}],"wp:featuredmedia":[{"embeddable":true,"href":"https:\/\/acta.no\/ostfold\/wp-json\/wp\/v2\/media\/2185"}],"wp:attachment":[{"href":"https:\/\/acta.no\/ostfold\/wp-json\/wp\/v2\/media?parent=2183"}],"curies":[{"name":"wp","href":"https:\/\/api.w.org\/{rel}","templated":true}]}}