{"id":174,"date":"2019-01-15T08:26:01","date_gmt":"2019-01-15T08:26:01","guid":{"rendered":"http:\/\/acta.no\/ostfold\/?page_id=174"},"modified":"2019-09-13T12:20:05","modified_gmt":"2019-09-13T12:20:05","slug":"leirstotte","status":"publish","type":"page","link":"https:\/\/acta.no\/ostfold\/leir\/leirstotte\/","title":{"rendered":"Leirst\u00f8tte"},"content":{"rendered":"<div id=\"module-0\" class=\"hogan-module hogan-module-image hogan-module-0 hogan-image-size-large\"><div class=\"hogan-module-inner\"><figure class=\"wp-caption size-large\"><img loading=\"lazy\" decoding=\"async\" width=\"873\" height=\"655\" src=\"https:\/\/www.normisjon.no\/content\/uploads\/sites\/39\/2019\/01\/leirstotte-1024x768-1024x768.jpg\" class=\"attachment-large size-large\" alt=\"\" srcset=\"https:\/\/www.normisjon.no\/content\/uploads\/sites\/39\/2019\/01\/leirstotte-1024x768.jpg 1024w, https:\/\/www.normisjon.no\/content\/uploads\/sites\/39\/2019\/01\/leirstotte-1024x768-300x225.jpg 300w, https:\/\/www.normisjon.no\/content\/uploads\/sites\/39\/2019\/01\/leirstotte-1024x768-768x576.jpg 768w, https:\/\/www.normisjon.no\/content\/uploads\/sites\/39\/2019\/01\/leirstotte-1024x768-960x720.jpg 960w\" sizes=\"auto, (max-width: 873px) 100vw, 873px\" \/><\/figure><\/div><\/div><div id=\"module-1\" class=\"hogan-module hogan-module-text hogan-module-1\"><div class=\"hogan-module-inner\"><h2>Hva er Actas leirst\u00f8tte?<\/h2>\n<p>Actas leirst\u00f8tte er en nasjonal og regional st\u00f8tteordning hos Acta \u2013 barn og unge i Normisjon som kan gi barn og unge mulighet til \u00e5 delta p\u00e5 leir selv om de ikke har r\u00e5d til det.<\/p>\n<h2>Hvem er ordningen for?<\/h2>\n<ul>\n<li>M\u00e5lgruppen for st\u00f8tteordningen er barn og ungdom ber\u00f8rt av fattigdomsproblemer og som av ulike grunner ikke har \u00f8konomisk mulighet til \u00e5 delta p\u00e5 Actas leirer.<\/li>\n<li>Det kan s\u00f8kes om dekning av deltakeravgift for tolk, assistent, foreldre\/familiemedlemmer dersom dette er en forutsetning for at bruker kan delta p\u00e5 leir.<\/li>\n<li>Barn og unge som f\u00e5r dekket sine kostnader gjennom leirst\u00f8tten trenger ikke \u00e5 v\u00e6re medlemmer i Acta \u2013 barn og unge i Normisjon.<\/li>\n<\/ul>\n<h2>N\u00e5r gjelder ordningen?<\/h2>\n<ul>\n<li>Actas leirst\u00f8tte kan s\u00f8kes om til alle leirarrangementer i regi av Acta \u2013 barn og unge i Normisjon gjennom lokallag, regioner eller sentralledd. Det kan v\u00e6re dagsarrangementer, helgeleirer, ukesleirer, festivaler \u2013 s\u00e5 lenge det er en deltakeravgift.<\/li>\n<li>Det kan ogs\u00e5 s\u00f8kes om dekning av reisekostnader til\/fra leiren.<\/li>\n<\/ul>\n<h2>Hvem kan s\u00f8ke?<\/h2>\n<ul>\n<li>Leiransvarlige\/menighetsledere\/lokallagsledere\/Acta-ansatte eller lignende kan s\u00f8ke p\u00e5 vegne av barn og unge.<\/li>\n<li>S\u00f8ker m\u00e5 enten selv ha kjennskap til, eller m\u00e5 kunne skaffe informasjon om at bruker ikke har \u00f8konomisk mulighet til \u00e5 delta p\u00e5 Actas leirer.<\/li>\n<li>I s\u00f8knadsskjemaet m\u00e5 det oppgis hvem\/hvilken instans som har denne kjennskapen.<\/li>\n<\/ul>\n<h2>Hvordan g\u00e5r jeg frem for \u00e5 f\u00e5 st\u00f8tte?\u200b<\/h2>\n<ul>\n<li>Ved \u00e5 kontakte Regionskontoret, s\u00e5 hjelper vi til med s\u00f8knaden.<\/li>\n<\/ul><\/div><\/div><div id=\"module-2\" class=\"hogan-module hogan-module-employees hogan-module-2\"><div class=\"hogan-module-inner\"><\/div><\/div>","protected":false},"excerpt":{"rendered":"<p>Hva er Actas leirst\u00f8tte? Actas leirst\u00f8tte er en nasjonal og regional st\u00f8tteordning hos Acta \u2013 barn og unge i Normisjon som kan gi barn og unge mulighet til \u00e5 delta p\u00e5 leir selv om de ikke har r\u00e5d til det. Hvem er ordningen for? M\u00e5lgruppen for st\u00f8tteordningen er barn og ungdom ber\u00f8rt av fattigdomsproblemer og [&hellip;]<\/p>\n","protected":false},"author":63,"featured_media":125,"parent":25,"menu_order":0,"comment_status":"closed","ping_status":"closed","template":"","meta":{"_acf_changed":false,"footnotes":""},"class_list":["post-174","page","type-page","status-publish","has-post-thumbnail","hentry"],"acf":[],"yoast_head":"<!-- This site is optimized with the Yoast SEO plugin v25.9 - https:\/\/yoast.com\/wordpress\/plugins\/seo\/ -->\n<title>Leirst\u00f8tte - Acta Region \u00d8stfold<\/title>\n<meta name=\"robots\" content=\"index, follow, max-snippet:-1, max-image-preview:large, max-video-preview:-1\" \/>\n<link rel=\"canonical\" href=\"https:\/\/acta.no\/ostfold\/leir\/leirstotte\/\" \/>\n<meta property=\"og:locale\" content=\"nb_NO\" \/>\n<meta property=\"og:type\" content=\"article\" \/>\n<meta property=\"og:title\" content=\"Leirst\u00f8tte - Acta Region \u00d8stfold\" \/>\n<meta property=\"og:description\" content=\"Hva er Actas leirst\u00f8tte? Actas leirst\u00f8tte er en nasjonal og regional st\u00f8tteordning hos Acta \u2013 barn og unge i Normisjon som kan gi barn og unge mulighet til \u00e5 delta p\u00e5 leir selv om de ikke har r\u00e5d til det. Hvem er ordningen for? M\u00e5lgruppen for st\u00f8tteordningen er barn og ungdom ber\u00f8rt av fattigdomsproblemer og [&hellip;]\" \/>\n<meta property=\"og:url\" content=\"https:\/\/acta.no\/ostfold\/leir\/leirstotte\/\" \/>\n<meta property=\"og:site_name\" content=\"Acta Region \u00d8stfold\" \/>\n<meta property=\"article:modified_time\" content=\"2019-09-13T12:20:05+00:00\" \/>\n<meta property=\"og:image\" content=\"https:\/\/www.normisjon.no\/content\/uploads\/sites\/39\/2019\/01\/leirst\u00f8tte.jpg\" \/>\n\t<meta property=\"og:image:width\" content=\"223\" \/>\n\t<meta property=\"og:image:height\" content=\"226\" \/>\n\t<meta property=\"og:image:type\" content=\"image\/jpeg\" \/>\n<meta name=\"twitter:card\" content=\"summary_large_image\" \/>\n<script type=\"application\/ld+json\" class=\"yoast-schema-graph\">{\"@context\":\"https:\/\/schema.org\",\"@graph\":[{\"@type\":\"WebPage\",\"@id\":\"https:\/\/acta.no\/ostfold\/leir\/leirstotte\/\",\"url\":\"https:\/\/acta.no\/ostfold\/leir\/leirstotte\/\",\"name\":\"Leirst\u00f8tte - Acta Region \u00d8stfold\",\"isPartOf\":{\"@id\":\"https:\/\/acta.no\/ostfold\/#website\"},\"primaryImageOfPage\":{\"@id\":\"https:\/\/acta.no\/ostfold\/leir\/leirstotte\/#primaryimage\"},\"image\":{\"@id\":\"https:\/\/acta.no\/ostfold\/leir\/leirstotte\/#primaryimage\"},\"thumbnailUrl\":\"https:\/\/www.normisjon.no\/content\/uploads\/sites\/39\/2019\/01\/leirst\u00f8tte.jpg\",\"datePublished\":\"2019-01-15T08:26:01+00:00\",\"dateModified\":\"2019-09-13T12:20:05+00:00\",\"breadcrumb\":{\"@id\":\"https:\/\/acta.no\/ostfold\/leir\/leirstotte\/#breadcrumb\"},\"inLanguage\":\"nb-NO\",\"potentialAction\":[{\"@type\":\"ReadAction\",\"target\":[\"https:\/\/acta.no\/ostfold\/leir\/leirstotte\/\"]}]},{\"@type\":\"ImageObject\",\"inLanguage\":\"nb-NO\",\"@id\":\"https:\/\/acta.no\/ostfold\/leir\/leirstotte\/#primaryimage\",\"url\":\"https:\/\/www.normisjon.no\/content\/uploads\/sites\/39\/2019\/01\/leirst\u00f8tte.jpg\",\"contentUrl\":\"https:\/\/www.normisjon.no\/content\/uploads\/sites\/39\/2019\/01\/leirst\u00f8tte.jpg\",\"width\":223,\"height\":226},{\"@type\":\"BreadcrumbList\",\"@id\":\"https:\/\/acta.no\/ostfold\/leir\/leirstotte\/#breadcrumb\",\"itemListElement\":[{\"@type\":\"ListItem\",\"position\":1,\"name\":\"Til acta.no\",\"item\":\"https:\/\/acta.no\/\"},{\"@type\":\"ListItem\",\"position\":2,\"name\":\"Region \u00d8stfold\",\"item\":\"https:\/\/acta.no\/ostfold\/\"},{\"@type\":\"ListItem\",\"position\":3,\"name\":\"Leir\",\"item\":\"https:\/\/acta.no\/ostfold\/leir\/\"},{\"@type\":\"ListItem\",\"position\":4,\"name\":\"Leirst\u00f8tte\"}]},{\"@type\":\"WebSite\",\"@id\":\"https:\/\/acta.no\/ostfold\/#website\",\"url\":\"https:\/\/acta.no\/ostfold\/\",\"name\":\"Acta Region \u00d8stfold\",\"description\":\"\u00d8stfold\",\"potentialAction\":[{\"@type\":\"SearchAction\",\"target\":{\"@type\":\"EntryPoint\",\"urlTemplate\":\"https:\/\/acta.no\/ostfold\/?s={search_term_string}\"},\"query-input\":{\"@type\":\"PropertyValueSpecification\",\"valueRequired\":true,\"valueName\":\"search_term_string\"}}],\"inLanguage\":\"nb-NO\"}]}<\/script>\n<!-- \/ Yoast SEO plugin. -->","yoast_head_json":{"title":"Leirst\u00f8tte - Acta Region \u00d8stfold","robots":{"index":"index","follow":"follow","max-snippet":"max-snippet:-1","max-image-preview":"max-image-preview:large","max-video-preview":"max-video-preview:-1"},"canonical":"https:\/\/acta.no\/ostfold\/leir\/leirstotte\/","og_locale":"nb_NO","og_type":"article","og_title":"Leirst\u00f8tte - Acta Region \u00d8stfold","og_description":"Hva er Actas leirst\u00f8tte? Actas leirst\u00f8tte er en nasjonal og regional st\u00f8tteordning hos Acta \u2013 barn og unge i Normisjon som kan gi barn og unge mulighet til \u00e5 delta p\u00e5 leir selv om de ikke har r\u00e5d til det. Hvem er ordningen for? M\u00e5lgruppen for st\u00f8tteordningen er barn og ungdom ber\u00f8rt av fattigdomsproblemer og [&hellip;]","og_url":"https:\/\/acta.no\/ostfold\/leir\/leirstotte\/","og_site_name":"Acta Region \u00d8stfold","article_modified_time":"2019-09-13T12:20:05+00:00","og_image":[{"width":223,"height":226,"url":"https:\/\/www.normisjon.no\/content\/uploads\/sites\/39\/2019\/01\/leirst\u00f8tte.jpg","type":"image\/jpeg"}],"twitter_card":"summary_large_image","schema":{"@context":"https:\/\/schema.org","@graph":[{"@type":"WebPage","@id":"https:\/\/acta.no\/ostfold\/leir\/leirstotte\/","url":"https:\/\/acta.no\/ostfold\/leir\/leirstotte\/","name":"Leirst\u00f8tte - Acta Region \u00d8stfold","isPartOf":{"@id":"https:\/\/acta.no\/ostfold\/#website"},"primaryImageOfPage":{"@id":"https:\/\/acta.no\/ostfold\/leir\/leirstotte\/#primaryimage"},"image":{"@id":"https:\/\/acta.no\/ostfold\/leir\/leirstotte\/#primaryimage"},"thumbnailUrl":"https:\/\/www.normisjon.no\/content\/uploads\/sites\/39\/2019\/01\/leirst\u00f8tte.jpg","datePublished":"2019-01-15T08:26:01+00:00","dateModified":"2019-09-13T12:20:05+00:00","breadcrumb":{"@id":"https:\/\/acta.no\/ostfold\/leir\/leirstotte\/#breadcrumb"},"inLanguage":"nb-NO","potentialAction":[{"@type":"ReadAction","target":["https:\/\/acta.no\/ostfold\/leir\/leirstotte\/"]}]},{"@type":"ImageObject","inLanguage":"nb-NO","@id":"https:\/\/acta.no\/ostfold\/leir\/leirstotte\/#primaryimage","url":"https:\/\/www.normisjon.no\/content\/uploads\/sites\/39\/2019\/01\/leirst\u00f8tte.jpg","contentUrl":"https:\/\/www.normisjon.no\/content\/uploads\/sites\/39\/2019\/01\/leirst\u00f8tte.jpg","width":223,"height":226},{"@type":"BreadcrumbList","@id":"https:\/\/acta.no\/ostfold\/leir\/leirstotte\/#breadcrumb","itemListElement":[{"@type":"ListItem","position":1,"name":"Til acta.no","item":"https:\/\/acta.no\/"},{"@type":"ListItem","position":2,"name":"Region \u00d8stfold","item":"https:\/\/acta.no\/ostfold\/"},{"@type":"ListItem","position":3,"name":"Leir","item":"https:\/\/acta.no\/ostfold\/leir\/"},{"@type":"ListItem","position":4,"name":"Leirst\u00f8tte"}]},{"@type":"WebSite","@id":"https:\/\/acta.no\/ostfold\/#website","url":"https:\/\/acta.no\/ostfold\/","name":"Acta Region \u00d8stfold","description":"\u00d8stfold","potentialAction":[{"@type":"SearchAction","target":{"@type":"EntryPoint","urlTemplate":"https:\/\/acta.no\/ostfold\/?s={search_term_string}"},"query-input":{"@type":"PropertyValueSpecification","valueRequired":true,"valueName":"search_term_string"}}],"inLanguage":"nb-NO"}]}},"_links":{"self":[{"href":"https:\/\/acta.no\/ostfold\/wp-json\/wp\/v2\/pages\/174","targetHints":{"allow":["GET"]}}],"collection":[{"href":"https:\/\/acta.no\/ostfold\/wp-json\/wp\/v2\/pages"}],"about":[{"href":"https:\/\/acta.no\/ostfold\/wp-json\/wp\/v2\/types\/page"}],"author":[{"embeddable":true,"href":"https:\/\/acta.no\/ostfold\/wp-json\/wp\/v2\/users\/63"}],"replies":[{"embeddable":true,"href":"https:\/\/acta.no\/ostfold\/wp-json\/wp\/v2\/comments?post=174"}],"version-history":[{"count":3,"href":"https:\/\/acta.no\/ostfold\/wp-json\/wp\/v2\/pages\/174\/revisions"}],"predecessor-version":[{"id":444,"href":"https:\/\/acta.no\/ostfold\/wp-json\/wp\/v2\/pages\/174\/revisions\/444"}],"up":[{"embeddable":true,"href":"https:\/\/acta.no\/ostfold\/wp-json\/wp\/v2\/pages\/25"}],"wp:featuredmedia":[{"embeddable":true,"href":"https:\/\/acta.no\/ostfold\/wp-json\/wp\/v2\/media\/125"}],"wp:attachment":[{"href":"https:\/\/acta.no\/ostfold\/wp-json\/wp\/v2\/media?parent=174"}],"curies":[{"name":"wp","href":"https:\/\/api.w.org\/{rel}","templated":true}]}}