{"id":1368,"date":"2021-11-03T09:16:58","date_gmt":"2021-11-03T09:16:58","guid":{"rendered":"http:\/\/acta.no\/ostfold\/?page_id=1368"},"modified":"2021-11-12T13:12:44","modified_gmt":"2021-11-12T13:12:44","slug":"gratulerer","status":"publish","type":"page","link":"https:\/\/acta.no\/ostfold\/gratulerer\/","title":{"rendered":"Gratulerer!"},"content":{"rendered":"<div id=\"module-0\" class=\"hogan-module hogan-module-image hogan-module-0 hogan-image-size-large\"><div class=\"hogan-module-inner\"><figure class=\"wp-caption size-large\"><img loading=\"lazy\" decoding=\"async\" width=\"873\" height=\"543\" src=\"https:\/\/www.normisjon.no\/content\/uploads\/sites\/39\/2021\/11\/Slettevold-7849-1024x637.jpg\" class=\"attachment-large size-large\" alt=\"\" srcset=\"https:\/\/www.normisjon.no\/content\/uploads\/sites\/39\/2021\/11\/Slettevold-7849-1024x637.jpg 1024w, https:\/\/www.normisjon.no\/content\/uploads\/sites\/39\/2021\/11\/Slettevold-7849-300x187.jpg 300w, https:\/\/www.normisjon.no\/content\/uploads\/sites\/39\/2021\/11\/Slettevold-7849-768x477.jpg 768w, https:\/\/www.normisjon.no\/content\/uploads\/sites\/39\/2021\/11\/Slettevold-7849-1920x1194.jpg 1920w, https:\/\/www.normisjon.no\/content\/uploads\/sites\/39\/2021\/11\/Slettevold-7849-1360x845.jpg 1360w, https:\/\/www.normisjon.no\/content\/uploads\/sites\/39\/2021\/11\/Slettevold-7849-960x597.jpg 960w\" sizes=\"auto, (max-width: 873px) 100vw, 873px\" \/><\/figure><\/div><\/div><div id=\"module-1\" class=\"hogan-module hogan-module-text hogan-module-1\"><div class=\"hogan-module-inner\"><p>Takk til alle dere som hjalp til med \u00e5 trekke bilen v\u00e5r p\u00e5 HalloVenn i Sarpsborg &#8211; vi h\u00e5per dere hadde en flott dag i Sarpsborg sentrum med denne feiringen.<\/p>\n<p>Gratulerer til Birk Fredrik som har vunnet gavekort til en leir for 2 personer. Synlig bevis for at du vant vil bli sendt dere p\u00e5 epost i l\u00f8pet av neste uke.<\/p>\n<p>Om du er vinner eller ikke kan du finne en leir som passer for dere p\u00e5 Acta.no\/ostfold. Husk at vi har ordninger som gj\u00f8r at alle kan komme p\u00e5 leir selv om privat \u00f8konomi ikke gir rom for dette. Kontakt oss p\u00e5 69133660 eller acta.ostfold@normisjon.no s\u00e5 finner vi en l\u00f8sning som passer for dere.<\/p><\/div><\/div>","protected":false},"excerpt":{"rendered":"<p>Takk til alle dere som hjalp til med \u00e5 trekke bilen v\u00e5r p\u00e5 HalloVenn i Sarpsborg &#8211; vi h\u00e5per dere hadde en flott dag i Sarpsborg sentrum med denne feiringen. Gratulerer til Birk Fredrik som har vunnet gavekort til en leir for 2 personer. Synlig bevis for at du vant vil bli sendt dere p\u00e5 [&hellip;]<\/p>\n","protected":false},"author":25,"featured_media":1367,"parent":0,"menu_order":0,"comment_status":"closed","ping_status":"closed","template":"","meta":{"_acf_changed":false,"footnotes":""},"class_list":["post-1368","page","type-page","status-publish","has-post-thumbnail","hentry"],"acf":[],"yoast_head":"<!-- This site is optimized with the Yoast SEO plugin v25.9 - https:\/\/yoast.com\/wordpress\/plugins\/seo\/ -->\n<title>Gratulerer! - Acta Region \u00d8stfold<\/title>\n<meta name=\"robots\" content=\"index, follow, max-snippet:-1, max-image-preview:large, max-video-preview:-1\" \/>\n<link rel=\"canonical\" href=\"https:\/\/acta.no\/ostfold\/gratulerer\/\" \/>\n<meta property=\"og:locale\" content=\"nb_NO\" \/>\n<meta property=\"og:type\" content=\"article\" \/>\n<meta property=\"og:title\" content=\"Gratulerer! - Acta Region \u00d8stfold\" \/>\n<meta property=\"og:description\" content=\"Takk til alle dere som hjalp til med \u00e5 trekke bilen v\u00e5r p\u00e5 HalloVenn i Sarpsborg &#8211; vi h\u00e5per dere hadde en flott dag i Sarpsborg sentrum med denne feiringen. Gratulerer til Birk Fredrik som har vunnet gavekort til en leir for 2 personer. Synlig bevis for at du vant vil bli sendt dere p\u00e5 [&hellip;]\" \/>\n<meta property=\"og:url\" content=\"https:\/\/acta.no\/ostfold\/gratulerer\/\" \/>\n<meta property=\"og:site_name\" content=\"Acta Region \u00d8stfold\" \/>\n<meta property=\"article:modified_time\" content=\"2021-11-12T13:12:44+00:00\" \/>\n<meta property=\"og:image\" content=\"https:\/\/www.normisjon.no\/content\/uploads\/sites\/39\/2021\/11\/Slettevold-7849.jpg\" \/>\n\t<meta property=\"og:image:width\" content=\"4565\" \/>\n\t<meta property=\"og:image:height\" content=\"2838\" \/>\n\t<meta property=\"og:image:type\" content=\"image\/jpeg\" \/>\n<meta name=\"twitter:card\" content=\"summary_large_image\" \/>\n<script type=\"application\/ld+json\" class=\"yoast-schema-graph\">{\"@context\":\"https:\/\/schema.org\",\"@graph\":[{\"@type\":\"WebPage\",\"@id\":\"https:\/\/acta.no\/ostfold\/gratulerer\/\",\"url\":\"https:\/\/acta.no\/ostfold\/gratulerer\/\",\"name\":\"Gratulerer! - Acta Region \u00d8stfold\",\"isPartOf\":{\"@id\":\"https:\/\/acta.no\/ostfold\/#website\"},\"primaryImageOfPage\":{\"@id\":\"https:\/\/acta.no\/ostfold\/gratulerer\/#primaryimage\"},\"image\":{\"@id\":\"https:\/\/acta.no\/ostfold\/gratulerer\/#primaryimage\"},\"thumbnailUrl\":\"https:\/\/www.normisjon.no\/content\/uploads\/sites\/39\/2021\/11\/Slettevold-7849.jpg\",\"datePublished\":\"2021-11-03T09:16:58+00:00\",\"dateModified\":\"2021-11-12T13:12:44+00:00\",\"breadcrumb\":{\"@id\":\"https:\/\/acta.no\/ostfold\/gratulerer\/#breadcrumb\"},\"inLanguage\":\"nb-NO\",\"potentialAction\":[{\"@type\":\"ReadAction\",\"target\":[\"https:\/\/acta.no\/ostfold\/gratulerer\/\"]}]},{\"@type\":\"ImageObject\",\"inLanguage\":\"nb-NO\",\"@id\":\"https:\/\/acta.no\/ostfold\/gratulerer\/#primaryimage\",\"url\":\"https:\/\/www.normisjon.no\/content\/uploads\/sites\/39\/2021\/11\/Slettevold-7849.jpg\",\"contentUrl\":\"https:\/\/www.normisjon.no\/content\/uploads\/sites\/39\/2021\/11\/Slettevold-7849.jpg\",\"width\":4565,\"height\":2838},{\"@type\":\"BreadcrumbList\",\"@id\":\"https:\/\/acta.no\/ostfold\/gratulerer\/#breadcrumb\",\"itemListElement\":[{\"@type\":\"ListItem\",\"position\":1,\"name\":\"Til acta.no\",\"item\":\"https:\/\/acta.no\/\"},{\"@type\":\"ListItem\",\"position\":2,\"name\":\"Region \u00d8stfold\",\"item\":\"https:\/\/acta.no\/ostfold\/\"},{\"@type\":\"ListItem\",\"position\":3,\"name\":\"Gratulerer!\"}]},{\"@type\":\"WebSite\",\"@id\":\"https:\/\/acta.no\/ostfold\/#website\",\"url\":\"https:\/\/acta.no\/ostfold\/\",\"name\":\"Acta Region \u00d8stfold\",\"description\":\"\u00d8stfold\",\"potentialAction\":[{\"@type\":\"SearchAction\",\"target\":{\"@type\":\"EntryPoint\",\"urlTemplate\":\"https:\/\/acta.no\/ostfold\/?s={search_term_string}\"},\"query-input\":{\"@type\":\"PropertyValueSpecification\",\"valueRequired\":true,\"valueName\":\"search_term_string\"}}],\"inLanguage\":\"nb-NO\"}]}<\/script>\n<!-- \/ Yoast SEO plugin. -->","yoast_head_json":{"title":"Gratulerer! - Acta Region \u00d8stfold","robots":{"index":"index","follow":"follow","max-snippet":"max-snippet:-1","max-image-preview":"max-image-preview:large","max-video-preview":"max-video-preview:-1"},"canonical":"https:\/\/acta.no\/ostfold\/gratulerer\/","og_locale":"nb_NO","og_type":"article","og_title":"Gratulerer! - Acta Region \u00d8stfold","og_description":"Takk til alle dere som hjalp til med \u00e5 trekke bilen v\u00e5r p\u00e5 HalloVenn i Sarpsborg &#8211; vi h\u00e5per dere hadde en flott dag i Sarpsborg sentrum med denne feiringen. Gratulerer til Birk Fredrik som har vunnet gavekort til en leir for 2 personer. Synlig bevis for at du vant vil bli sendt dere p\u00e5 [&hellip;]","og_url":"https:\/\/acta.no\/ostfold\/gratulerer\/","og_site_name":"Acta Region \u00d8stfold","article_modified_time":"2021-11-12T13:12:44+00:00","og_image":[{"width":4565,"height":2838,"url":"https:\/\/www.normisjon.no\/content\/uploads\/sites\/39\/2021\/11\/Slettevold-7849.jpg","type":"image\/jpeg"}],"twitter_card":"summary_large_image","schema":{"@context":"https:\/\/schema.org","@graph":[{"@type":"WebPage","@id":"https:\/\/acta.no\/ostfold\/gratulerer\/","url":"https:\/\/acta.no\/ostfold\/gratulerer\/","name":"Gratulerer! - Acta Region \u00d8stfold","isPartOf":{"@id":"https:\/\/acta.no\/ostfold\/#website"},"primaryImageOfPage":{"@id":"https:\/\/acta.no\/ostfold\/gratulerer\/#primaryimage"},"image":{"@id":"https:\/\/acta.no\/ostfold\/gratulerer\/#primaryimage"},"thumbnailUrl":"https:\/\/www.normisjon.no\/content\/uploads\/sites\/39\/2021\/11\/Slettevold-7849.jpg","datePublished":"2021-11-03T09:16:58+00:00","dateModified":"2021-11-12T13:12:44+00:00","breadcrumb":{"@id":"https:\/\/acta.no\/ostfold\/gratulerer\/#breadcrumb"},"inLanguage":"nb-NO","potentialAction":[{"@type":"ReadAction","target":["https:\/\/acta.no\/ostfold\/gratulerer\/"]}]},{"@type":"ImageObject","inLanguage":"nb-NO","@id":"https:\/\/acta.no\/ostfold\/gratulerer\/#primaryimage","url":"https:\/\/www.normisjon.no\/content\/uploads\/sites\/39\/2021\/11\/Slettevold-7849.jpg","contentUrl":"https:\/\/www.normisjon.no\/content\/uploads\/sites\/39\/2021\/11\/Slettevold-7849.jpg","width":4565,"height":2838},{"@type":"BreadcrumbList","@id":"https:\/\/acta.no\/ostfold\/gratulerer\/#breadcrumb","itemListElement":[{"@type":"ListItem","position":1,"name":"Til acta.no","item":"https:\/\/acta.no\/"},{"@type":"ListItem","position":2,"name":"Region \u00d8stfold","item":"https:\/\/acta.no\/ostfold\/"},{"@type":"ListItem","position":3,"name":"Gratulerer!"}]},{"@type":"WebSite","@id":"https:\/\/acta.no\/ostfold\/#website","url":"https:\/\/acta.no\/ostfold\/","name":"Acta Region \u00d8stfold","description":"\u00d8stfold","potentialAction":[{"@type":"SearchAction","target":{"@type":"EntryPoint","urlTemplate":"https:\/\/acta.no\/ostfold\/?s={search_term_string}"},"query-input":{"@type":"PropertyValueSpecification","valueRequired":true,"valueName":"search_term_string"}}],"inLanguage":"nb-NO"}]}},"_links":{"self":[{"href":"https:\/\/acta.no\/ostfold\/wp-json\/wp\/v2\/pages\/1368","targetHints":{"allow":["GET"]}}],"collection":[{"href":"https:\/\/acta.no\/ostfold\/wp-json\/wp\/v2\/pages"}],"about":[{"href":"https:\/\/acta.no\/ostfold\/wp-json\/wp\/v2\/types\/page"}],"author":[{"embeddable":true,"href":"https:\/\/acta.no\/ostfold\/wp-json\/wp\/v2\/users\/25"}],"replies":[{"embeddable":true,"href":"https:\/\/acta.no\/ostfold\/wp-json\/wp\/v2\/comments?post=1368"}],"version-history":[{"count":3,"href":"https:\/\/acta.no\/ostfold\/wp-json\/wp\/v2\/pages\/1368\/revisions"}],"predecessor-version":[{"id":1410,"href":"https:\/\/acta.no\/ostfold\/wp-json\/wp\/v2\/pages\/1368\/revisions\/1410"}],"wp:featuredmedia":[{"embeddable":true,"href":"https:\/\/acta.no\/ostfold\/wp-json\/wp\/v2\/media\/1367"}],"wp:attachment":[{"href":"https:\/\/acta.no\/ostfold\/wp-json\/wp\/v2\/media?parent=1368"}],"curies":[{"name":"wp","href":"https:\/\/api.w.org\/{rel}","templated":true}]}}