{"id":1235,"date":"2021-10-24T12:46:11","date_gmt":"2021-10-24T12:46:11","guid":{"rendered":"http:\/\/acta.no\/ostfold\/?page_id=1235"},"modified":"2022-10-26T08:20:32","modified_gmt":"2022-10-26T08:20:32","slug":"hallovenn-2021","status":"publish","type":"page","link":"https:\/\/acta.no\/ostfold\/hallovenn-2021\/","title":{"rendered":"HalloVenn 2021"},"content":{"rendered":"<div id=\"module-0\" class=\"hogan-module hogan-module-image hogan-module-0 hogan-image-size-page-width\"><div class=\"hogan-module-inner\"><figure class=\"wp-caption size-page-width\"><img loading=\"lazy\" decoding=\"async\" width=\"1920\" height=\"1016\" src=\"https:\/\/www.normisjon.no\/content\/uploads\/sites\/39\/2021\/10\/Hallovenn2021-1920x1016.jpg\" class=\"attachment-page-width size-page-width\" alt=\"\" srcset=\"https:\/\/www.normisjon.no\/content\/uploads\/sites\/39\/2021\/10\/Hallovenn2021.jpg 1920w, https:\/\/www.normisjon.no\/content\/uploads\/sites\/39\/2021\/10\/Hallovenn2021-300x159.jpg 300w, https:\/\/www.normisjon.no\/content\/uploads\/sites\/39\/2021\/10\/Hallovenn2021-768x406.jpg 768w, https:\/\/www.normisjon.no\/content\/uploads\/sites\/39\/2021\/10\/Hallovenn2021-1024x542.jpg 1024w, https:\/\/www.normisjon.no\/content\/uploads\/sites\/39\/2021\/10\/Hallovenn2021-1360x720.jpg 1360w, https:\/\/www.normisjon.no\/content\/uploads\/sites\/39\/2021\/10\/Hallovenn2021-960x508.jpg 960w\" sizes=\"auto, (max-width: 1920px) 100vw, 1920px\" \/><\/figure><\/div><\/div><div id=\"module-1\" class=\"hogan-module hogan-module-text hogan-module-1\"><div class=\"hogan-module-inner\"><p>Velkommen til v\u00e5r HalloVenn side. Her kan du registrere ditt lodd for \u00e5 bli med p\u00e5 de fem trekningene som skal gj\u00f8res f\u00f8r jul. Vi kan friste med flotte gevinster som ikke bare har h\u00f8y verdi, men disse gevinstene kan virkelig gi gode opplevelser for vinnerne. Hver gevinst har verdi p\u00e5 inntil 3000,- kroner og en gevinst gjelder opphold p\u00e5 en av v\u00e5re leirer i 2021\/2022 for inntil 2 personer.<\/p>\n<ul>\n<li>\n<h4><a href=\"http:\/\/acta.no\/ostfold\/hva-er-leir\/\" target=\"_blank\" rel=\"noopener\">Hva er leir?<\/a><\/h4>\n<\/li>\n<li>\n<h4><a href=\"http:\/\/acta.no\/ostfold\/hva-er-acta\/\" target=\"_blank\" rel=\"noopener\">Hva er Acta?<\/a><\/h4>\n<\/li>\n<\/ul>\n<p>Nedenfor finner du en enkel registrering av ditt gratislodd. Videre f\u00e5r du en oversikt over gjenv\u00e6rende leirer i \u00e5r og en oversikt over hva som er planlagt i 2022. Vi fors\u00f8ker \u00e5 f\u00e5 tak i alle vinnere, men for \u00e5 v\u00e6re helt sikker anbefaler vi at du f\u00f8lger med p\u00e5 denne siden slik at vi kan v\u00e6re sikre p\u00e5 at ingen vinnere g\u00e5r glipp av gevinsten sin.<\/p><\/div><\/div><div id=\"module-2\" class=\"hogan-module hogan-module-grid hogan-module-2\"><div class=\"hogan-module-inner\"><h2 class=\"hogan-heading\">Nyheter<\/h2><div class=\"hogan-grid hogan-grid-text-center hogan-grid-size-dynamic\">\n\t<div class=\"hogan-grid-inner\">\n\t\t\t\t\t<div class=\"hogan-grid-item hogan-grid-item-size-small hogan-grid-item-type-page savage-has-image savage-has-heading\">\n\t\t\t\t<div class=\"hogan-grid-item-inner\">\n\t\t\t\t\t<div class=\"savage-card-image\">\n\t<div class=\"savage-card-image-inner\">\n\t\t<span class=\"savage-card-image-image\" style=\"background-image: url(https:\/\/www.normisjon.no\/content\/uploads\/sites\/39\/2021\/11\/Slettevold-7849-768x477.jpg);\"><\/span>\t<\/div>\n<\/div>\n\t\t<div class=\"savage-card-body\">\n\t\t\t<div class=\"savage-card-body-inner\">\n\t\t\t\t<h2 class=\"savage-card-heading\">1. vinner av gavekort er trukket - vinneren ble Birk Fredrik!<\/h2>\t\t\t<\/div>\n\t\t<\/div>\n\t\t<a href=\"https:\/\/acta.no\/ostfold\/gratulerer\/\" class=\"savage-card-link\"><span class=\"screen-reader-text\">Read article &quot;Gratulerer!&quot;<\/span><\/a>\t\t\t\t<\/div>\n\t\t\t<\/div>\n\t\t\t\t<\/div>\n<\/div>\n<\/div><\/div><div id=\"module-3\" class=\"hogan-module hogan-module-form hogan-module-3\"><div class=\"hogan-module-inner\"><script type=\"text\/javascript\">\n\/* <![CDATA[ *\/\nvar gform;gform||(document.addEventListener(\"gform_main_scripts_loaded\",function(){gform.scriptsLoaded=!0}),document.addEventListener(\"gform\/theme\/scripts_loaded\",function(){gform.themeScriptsLoaded=!0}),window.addEventListener(\"DOMContentLoaded\",function(){gform.domLoaded=!0}),gform={domLoaded:!1,scriptsLoaded:!1,themeScriptsLoaded:!1,isFormEditor:()=>\"function\"==typeof InitializeEditor,callIfLoaded:function(o){return!(!gform.domLoaded||!gform.scriptsLoaded||!gform.themeScriptsLoaded&&!gform.isFormEditor()||(gform.isFormEditor()&&console.warn(\"The use of gform.initializeOnLoaded() is deprecated in the form editor context and will be removed in Gravity Forms 3.1.\"),o(),0))},initializeOnLoaded:function(o){gform.callIfLoaded(o)||(document.addEventListener(\"gform_main_scripts_loaded\",()=>{gform.scriptsLoaded=!0,gform.callIfLoaded(o)}),document.addEventListener(\"gform\/theme\/scripts_loaded\",()=>{gform.themeScriptsLoaded=!0,gform.callIfLoaded(o)}),window.addEventListener(\"DOMContentLoaded\",()=>{gform.domLoaded=!0,gform.callIfLoaded(o)}))},hooks:{action:{},filter:{}},addAction:function(o,r,e,t){gform.addHook(\"action\",o,r,e,t)},addFilter:function(o,r,e,t){gform.addHook(\"filter\",o,r,e,t)},doAction:function(o){gform.doHook(\"action\",o,arguments)},applyFilters:function(o){return gform.doHook(\"filter\",o,arguments)},removeAction:function(o,r){gform.removeHook(\"action\",o,r)},removeFilter:function(o,r,e){gform.removeHook(\"filter\",o,r,e)},addHook:function(o,r,e,t,n){null==gform.hooks[o][r]&&(gform.hooks[o][r]=[]);var d=gform.hooks[o][r];null==n&&(n=r+\"_\"+d.length),gform.hooks[o][r].push({tag:n,callable:e,priority:t=null==t?10:t})},doHook:function(r,o,e){var t;if(e=Array.prototype.slice.call(e,1),null!=gform.hooks[r][o]&&((o=gform.hooks[r][o]).sort(function(o,r){return o.priority-r.priority}),o.forEach(function(o){\"function\"!=typeof(t=o.callable)&&(t=window[t]),\"action\"==r?t.apply(null,e):e[0]=t.apply(null,e)})),\"filter\"==r)return e[0]},removeHook:function(o,r,t,n){var e;null!=gform.hooks[o][r]&&(e=(e=gform.hooks[o][r]).filter(function(o,r,e){return!!(null!=n&&n!=o.tag||null!=t&&t!=o.priority)}),gform.hooks[o][r]=e)}});\n\/* ]]> *\/\n<\/script>\n\n                <div class='gf_browser_gecko gform_wrapper gform_legacy_markup_wrapper gform-theme--no-framework' data-form-theme='legacy' data-form-index='0' id='gform_wrapper_15' >\n                        <div class='gform_heading'>\n                            <h3 class=\"gform_title\">HalloVenn2021<\/h3>\n                            <p class='gform_description'><\/p>\n                        <\/div><form method='post' enctype='multipart\/form-data'  id='gform_15'  action='\/ostfold\/wp-json\/wp\/v2\/pages\/1235' data-formid='15' novalidate>\n                        <div class='gform-body gform_body'><ul id='gform_fields_15' class='gform_fields left_label form_sublabel_below description_below validation_below'><li id=\"field_15_1\" class=\"gfield gfield--type-text gfield_contains_required field_sublabel_below gfield--no-description field_description_below field_validation_below gfield_visibility_visible\"  ><label class='gfield_label gform-field-label' for='input_15_1'>Lodd nummer (Skriv inn nummeret p\u00e5 gratisloddet her):<span class=\"gfield_required\"><span class=\"gfield_required gfield_required_asterisk\">*<\/span><\/span><\/label><div class='ginput_container ginput_container_text'><input name='input_1' id='input_15_1' type='text' value='' class='small'     aria-required=\"true\" aria-invalid=\"false\"   \/><\/div><\/li><li id=\"field_15_2\" class=\"gfield gfield--type-text gfield_contains_required field_sublabel_below gfield--no-description field_description_below field_validation_below gfield_visibility_visible\"  ><label class='gfield_label gform-field-label' for='input_15_2'>Epost adresse (Registrere epost-adressen vi kan benytte i forbindelse med trekninger):<span class=\"gfield_required\"><span class=\"gfield_required gfield_required_asterisk\">*<\/span><\/span><\/label><div class='ginput_container ginput_container_text'><input name='input_2' id='input_15_2' type='text' value='' class='medium'     aria-required=\"true\" aria-invalid=\"false\"   \/><\/div><\/li><li id=\"field_15_3\" class=\"gfield gfield--type-text field_sublabel_below gfield--no-description field_description_below field_validation_below gfield_visibility_visible\"  ><label class='gfield_label gform-field-label' for='input_15_3'>Barnets navn:<\/label><div class='ginput_container ginput_container_text'><input name='input_3' id='input_15_3' type='text' value='' class='medium'      aria-invalid=\"false\"   \/><\/div><\/li><li id=\"field_15_4\" class=\"gfield gfield--type-text gfield_contains_required field_sublabel_below gfield--no-description field_description_below field_validation_below gfield_visibility_visible\"  ><label class='gfield_label gform-field-label' for='input_15_4'>Barnets f\u00f8dsels\u00e5r:<span class=\"gfield_required\"><span class=\"gfield_required gfield_required_asterisk\">*<\/span><\/span><\/label><div class='ginput_container ginput_container_text'><input name='input_4' id='input_15_4' type='text' value='' class='small'     aria-required=\"true\" aria-invalid=\"false\"   \/><\/div><\/li><\/ul><\/div>\n        <div class='gform-footer gform_footer left_label'> <input type='submit' id='gform_submit_button_15' class='gform_button button' onclick='gform.submission.handleButtonClick(this);' data-submission-type='submit' value='Registrere'  \/> \n            <input type='hidden' class='gform_hidden' name='gform_submission_method' data-js='gform_submission_method_15' value='postback' \/>\n            <input type='hidden' class='gform_hidden' name='gform_theme' data-js='gform_theme_15' id='gform_theme_15' value='legacy' \/>\n            <input type='hidden' class='gform_hidden' name='gform_style_settings' data-js='gform_style_settings_15' id='gform_style_settings_15' value='' \/>\n            <input type='hidden' class='gform_hidden' name='is_submit_15' value='1' \/>\n            <input type='hidden' class='gform_hidden' name='gform_submit' value='15' \/>\n            \n            <input type='hidden' class='gform_hidden' name='gform_currency' data-currency='USD' value='CRiCj8kJoxOF7hZjgXWZj64H+5D9xYrRQTMCM4Wx+jEV2bcuvfAJi11tlSFoxH5UGAqEpUE55TZzVzIXwzKdR+ibZH2+RwpghvK2hPVr4Y2aLUc=' \/>\n            <input type='hidden' class='gform_hidden' name='gform_unique_id' value='' \/>\n            <input type='hidden' class='gform_hidden' name='state_15' value='WyJbXSIsImUyZjUxZjFhOGFhOTFhNThlMDRjMTgzMGI1MTk1MTlhIl0=' \/>\n            <input type='hidden' autocomplete='off' class='gform_hidden' name='gform_target_page_number_15' id='gform_target_page_number_15' value='0' \/>\n            <input type='hidden' autocomplete='off' class='gform_hidden' name='gform_source_page_number_15' id='gform_source_page_number_15' value='1' \/>\n            <input type='hidden' name='gform_field_values' value='' \/>\n            \n        <\/div>\n                        <\/form>\n                        <\/div><script type=\"text\/javascript\">\n\/* <![CDATA[ *\/\n gform.initializeOnLoaded( function() {gformInitSpinner( 15, 'https:\/\/www.normisjon.no\/content\/plugins\/gravityforms\/images\/spinner.svg', true );jQuery('#gform_ajax_frame_15').on('load',function(){var contents = jQuery(this).contents().find('*').html();var is_postback = contents.indexOf('GF_AJAX_POSTBACK') >= 0;if(!is_postback){return;}var form_content = jQuery(this).contents().find('#gform_wrapper_15');var is_confirmation = jQuery(this).contents().find('#gform_confirmation_wrapper_15').length > 0;var is_redirect = contents.indexOf('gformRedirect(){') >= 0;var is_form = form_content.length > 0 && ! is_redirect && ! is_confirmation;var mt = parseInt(jQuery('html').css('margin-top'), 10) + parseInt(jQuery('body').css('margin-top'), 10) + 100;if(is_form){jQuery('#gform_wrapper_15').html(form_content.html());if(form_content.hasClass('gform_validation_error')){jQuery('#gform_wrapper_15').addClass('gform_validation_error');} else {jQuery('#gform_wrapper_15').removeClass('gform_validation_error');}setTimeout( function() { \/* delay the scroll by 50 milliseconds to fix a bug in chrome *\/  }, 50 );if(window['gformInitDatepicker']) {gformInitDatepicker();}if(window['gformInitPriceFields']) {gformInitPriceFields();}var current_page = jQuery('#gform_source_page_number_15').val();gformInitSpinner( 15, 'https:\/\/www.normisjon.no\/content\/plugins\/gravityforms\/images\/spinner.svg', true );jQuery(document).trigger('gform_page_loaded', [15, current_page]);window['gf_submitting_15'] = false;}else if(!is_redirect){var confirmation_content = jQuery(this).contents().find('.GF_AJAX_POSTBACK').html();if(!confirmation_content){confirmation_content = contents;}jQuery('#gform_wrapper_15').replaceWith(confirmation_content);jQuery(document).trigger('gform_confirmation_loaded', [15]);window['gf_submitting_15'] = false;wp.a11y.speak(jQuery('#gform_confirmation_message_15').text());}else{jQuery('#gform_15').append(contents);if(window['gformRedirect']) {gformRedirect();}}jQuery(document).trigger(\"gform_pre_post_render\", [{ formId: \"15\", currentPage: \"current_page\", abort: function() { this.preventDefault(); } }]);        if (event && event.defaultPrevented) {                return;        }        const gformWrapperDiv = document.getElementById( \"gform_wrapper_15\" );        if ( gformWrapperDiv ) {            const visibilitySpan = document.createElement( \"span\" );            visibilitySpan.id = \"gform_visibility_test_15\";            gformWrapperDiv.insertAdjacentElement( \"afterend\", visibilitySpan );        }        const visibilityTestDiv = document.getElementById( \"gform_visibility_test_15\" );        let postRenderFired = false;        function triggerPostRender() {            if ( postRenderFired ) {                return;            }            postRenderFired = true;            gform.core.triggerPostRenderEvents( 15, current_page );            if ( visibilityTestDiv ) {                visibilityTestDiv.parentNode.removeChild( visibilityTestDiv );            }        }        function debounce( func, wait, immediate ) {            var timeout;            return function() {                var context = this, args = arguments;                var later = function() {                    timeout = null;                    if ( !immediate ) func.apply( context, args );                };                var callNow = immediate && !timeout;                clearTimeout( timeout );                timeout = setTimeout( later, wait );                if ( callNow ) func.apply( context, args );            };        }        const debouncedTriggerPostRender = debounce( function() {            triggerPostRender();        }, 200 );        if ( visibilityTestDiv && visibilityTestDiv.offsetParent === null ) {            const observer = new MutationObserver( ( mutations ) => {                mutations.forEach( ( mutation ) => {                    if ( mutation.type === 'attributes' && visibilityTestDiv.offsetParent !== null ) {                        debouncedTriggerPostRender();                        observer.disconnect();                    }                });            });            observer.observe( document.body, {                attributes: true,                childList: false,                subtree: true,                attributeFilter: [ 'style', 'class' ],            });        } else {            triggerPostRender();        }    } );} ); \n\/* ]]> *\/\n<\/script>\n<\/div><\/div><div id=\"module-4\" class=\"hogan-module hogan-module-grid hogan-module-4\"><div class=\"hogan-module-inner\"><h2 class=\"hogan-heading\">Planlagte leirer<\/h2><div class=\"hogan-grid hogan-grid-text-center hogan-grid-size-dynamic\">\n\t<div class=\"hogan-grid-inner\">\n\t\t\t\t\t<div class=\"hogan-grid-item hogan-grid-item-size-small hogan-grid-item-type-savage_custom_card savage-has-image savage-has-background savage-bg-default savage-has-heading\">\n\t\t\t\t<div class=\"hogan-grid-item-inner\">\n\t\t\t\t\t<div class=\"savage-card-image\">\n\t<div class=\"savage-card-image-inner\">\n\t\t<span class=\"savage-card-image-image\" style=\"background-image: url(https:\/\/www.normisjon.no\/content\/uploads\/sites\/39\/2021\/10\/Juleverksted-Sj\u00f8glimt-2021-web-600-x-600-px.png);\"><\/span>\t<\/div>\n<\/div>\n\t\t<div class=\"savage-card-body\">\n\t\t\t<div class=\"savage-card-body-inner\">\n\t\t\t\t<h2 class=\"savage-card-heading\">Juleverkstedleir &#8211; for barn under 8 \u00e5r sammen med voksen(e) og s\u00f8sken<\/h2>\t\t\t<\/div>\n\t\t<\/div>\n\t\t<a href=\"https:\/\/www.checkin.no\/event\/34163\/juleverkstedleir-paa-sjoeglimt-2021\" class=\"savage-card-link\" target=\"_blank\"><span class=\"screen-reader-text\">Read article &quot;Juleverkstedleir &#8211; for barn under 8 \u00e5r sammen med voksen(e) og s\u00f8sken&quot;<\/span><\/a>\t\t\t\t<\/div>\n\t\t\t<\/div>\n\t\t\t\t\t\t<div class=\"hogan-grid-item hogan-grid-item-size-small hogan-grid-item-type-savage_custom_card savage-has-image savage-has-background savage-bg-default savage-has-heading\">\n\t\t\t\t<div class=\"hogan-grid-item-inner\">\n\t\t\t\t\t<div class=\"savage-card-image\">\n\t<div class=\"savage-card-image-inner\">\n\t\t<span class=\"savage-card-image-image\" style=\"background-image: url(https:\/\/www.normisjon.no\/content\/uploads\/sites\/39\/2021\/10\/Adventsleir-Sj\u00f8glimt-2021-web-600-x-600-px.png);\"><\/span>\t<\/div>\n<\/div>\n\t\t<div class=\"savage-card-body\">\n\t\t\t<div class=\"savage-card-body-inner\">\n\t\t\t\t<h2 class=\"savage-card-heading\">Adventsleir 2021 &#8211; for 2. &#8211; 5. klassinger<\/h2>\t\t\t<\/div>\n\t\t<\/div>\n\t\t<a href=\"https:\/\/www.checkin.no\/event\/34165\/adventsleir-paa-sjoeglimt-2021\" class=\"savage-card-link\" target=\"_blank\"><span class=\"screen-reader-text\">Read article &quot;Adventsleir 2021 &#8211; for 2. &#8211; 5. klassinger&quot;<\/span><\/a>\t\t\t\t<\/div>\n\t\t\t<\/div>\n\t\t\t\t\t\t<div class=\"hogan-grid-item hogan-grid-item-size-small hogan-grid-item-type-savage_custom_card savage-has-image savage-has-background savage-bg-default savage-has-heading\">\n\t\t\t\t<div class=\"hogan-grid-item-inner\">\n\t\t\t\t\t<div class=\"savage-card-image\">\n\t<div class=\"savage-card-image-inner\">\n\t\t<span class=\"savage-card-image-image\" style=\"background-image: url(https:\/\/www.normisjon.no\/content\/uploads\/sites\/39\/2021\/10\/Leir\u00e5ret-2022.png);\"><\/span>\t<\/div>\n<\/div>\n\t\t<div class=\"savage-card-body\">\n\t\t\t<div class=\"savage-card-body-inner\">\n\t\t\t\t<h2 class=\"savage-card-heading\">Leirer i 2022<\/h2>\t\t\t<\/div>\n\t\t<\/div>\n\t\t<a href=\"https:\/\/acta.no\/content\/uploads\/sites\/39\/2021\/10\/Leirprogram-2022_ew.png\" class=\"savage-card-link\" target=\"_blank\"><span class=\"screen-reader-text\">Read article &quot;Leirer i 2022&quot;<\/span><\/a>\t\t\t\t<\/div>\n\t\t\t<\/div>\n\t\t\t\t<\/div>\n<\/div>\n<\/div><\/div><div id=\"module-5\" class=\"hogan-module hogan-module-ad hogan-module-5 hogan-ad-size-text\"><div class=\"hogan-module-inner\"><div class=\"module-ad\">\n\t<a href=\"https:\/\/acta.no\/ostfold\/leir\/leirstotte\/\">\n\t\t<img loading=\"lazy\" decoding=\"async\" width=\"600\" height=\"400\" src=\"https:\/\/www.normisjon.no\/content\/uploads\/sites\/39\/2021\/11\/Leirst\u00f8tte-600-x-400-px-e1638194074317.png\" class=\"attachment-grid-width size-grid-width\" alt=\"\" \/>\t<\/a>\n<\/div>\n<\/div><\/div><div id=\"module-6\" class=\"hogan-module hogan-module-ad hogan-module-6 hogan-ad-size-text\"><div class=\"hogan-module-inner\"><div class=\"module-ad\">\n\t<a href=\"https:\/\/acta.no\/ostfold\/acta-kafeen\/\">\n\t\t<img loading=\"lazy\" decoding=\"async\" width=\"600\" height=\"400\" src=\"https:\/\/www.normisjon.no\/content\/uploads\/sites\/39\/2021\/11\/Acta-kafe-annonse-600-x-400-px.png\" class=\"attachment-grid-width size-grid-width\" alt=\"\" srcset=\"https:\/\/www.normisjon.no\/content\/uploads\/sites\/39\/2021\/11\/Acta-kafe-annonse-600-x-400-px.png 600w, https:\/\/www.normisjon.no\/content\/uploads\/sites\/39\/2021\/11\/Acta-kafe-annonse-600-x-400-px-300x200.png 300w\" sizes=\"auto, (max-width: 600px) 100vw, 600px\" \/>\t<\/a>\n<\/div>\n<\/div><\/div>","protected":false},"excerpt":{"rendered":"<p>Velkommen til v\u00e5r HalloVenn side. Her kan du registrere ditt lodd for \u00e5 bli med p\u00e5 de fem trekningene som skal gj\u00f8res f\u00f8r jul. Vi kan friste med flotte gevinster som ikke bare har h\u00f8y verdi, men disse gevinstene kan virkelig gi gode opplevelser for vinnerne. Hver gevinst har verdi p\u00e5 inntil 3000,- kroner og [&hellip;]<\/p>\n","protected":false},"author":25,"featured_media":0,"parent":0,"menu_order":0,"comment_status":"closed","ping_status":"closed","template":"","meta":{"_acf_changed":false,"footnotes":""},"class_list":["post-1235","page","type-page","status-publish","hentry"],"acf":[],"yoast_head":"<!-- This site is optimized with the Yoast SEO plugin v25.9 - https:\/\/yoast.com\/wordpress\/plugins\/seo\/ -->\n<title>HalloVenn 2021 - Acta Region \u00d8stfold<\/title>\n<meta name=\"robots\" content=\"index, follow, max-snippet:-1, max-image-preview:large, max-video-preview:-1\" \/>\n<link rel=\"canonical\" href=\"https:\/\/acta.no\/ostfold\/hallovenn-2021\/\" \/>\n<meta property=\"og:locale\" content=\"nb_NO\" \/>\n<meta property=\"og:type\" content=\"article\" \/>\n<meta property=\"og:title\" content=\"HalloVenn 2021 - Acta Region \u00d8stfold\" \/>\n<meta property=\"og:description\" content=\"Velkommen til v\u00e5r HalloVenn side. Her kan du registrere ditt lodd for \u00e5 bli med p\u00e5 de fem trekningene som skal gj\u00f8res f\u00f8r jul. Vi kan friste med flotte gevinster som ikke bare har h\u00f8y verdi, men disse gevinstene kan virkelig gi gode opplevelser for vinnerne. Hver gevinst har verdi p\u00e5 inntil 3000,- kroner og [&hellip;]\" \/>\n<meta property=\"og:url\" content=\"https:\/\/acta.no\/ostfold\/hallovenn-2021\/\" \/>\n<meta property=\"og:site_name\" content=\"Acta Region \u00d8stfold\" \/>\n<meta property=\"article:modified_time\" content=\"2022-10-26T08:20:32+00:00\" \/>\n<meta name=\"twitter:card\" content=\"summary_large_image\" \/>\n<script type=\"application\/ld+json\" class=\"yoast-schema-graph\">{\"@context\":\"https:\/\/schema.org\",\"@graph\":[{\"@type\":\"WebPage\",\"@id\":\"https:\/\/acta.no\/ostfold\/hallovenn-2021\/\",\"url\":\"https:\/\/acta.no\/ostfold\/hallovenn-2021\/\",\"name\":\"HalloVenn 2021 - Acta Region \u00d8stfold\",\"isPartOf\":{\"@id\":\"https:\/\/acta.no\/ostfold\/#website\"},\"datePublished\":\"2021-10-24T12:46:11+00:00\",\"dateModified\":\"2022-10-26T08:20:32+00:00\",\"breadcrumb\":{\"@id\":\"https:\/\/acta.no\/ostfold\/hallovenn-2021\/#breadcrumb\"},\"inLanguage\":\"nb-NO\",\"potentialAction\":[{\"@type\":\"ReadAction\",\"target\":[\"https:\/\/acta.no\/ostfold\/hallovenn-2021\/\"]}]},{\"@type\":\"BreadcrumbList\",\"@id\":\"https:\/\/acta.no\/ostfold\/hallovenn-2021\/#breadcrumb\",\"itemListElement\":[{\"@type\":\"ListItem\",\"position\":1,\"name\":\"Til acta.no\",\"item\":\"https:\/\/acta.no\/\"},{\"@type\":\"ListItem\",\"position\":2,\"name\":\"Region \u00d8stfold\",\"item\":\"https:\/\/acta.no\/ostfold\/\"},{\"@type\":\"ListItem\",\"position\":3,\"name\":\"HalloVenn 2021\"}]},{\"@type\":\"WebSite\",\"@id\":\"https:\/\/acta.no\/ostfold\/#website\",\"url\":\"https:\/\/acta.no\/ostfold\/\",\"name\":\"Acta Region \u00d8stfold\",\"description\":\"\u00d8stfold\",\"potentialAction\":[{\"@type\":\"SearchAction\",\"target\":{\"@type\":\"EntryPoint\",\"urlTemplate\":\"https:\/\/acta.no\/ostfold\/?s={search_term_string}\"},\"query-input\":{\"@type\":\"PropertyValueSpecification\",\"valueRequired\":true,\"valueName\":\"search_term_string\"}}],\"inLanguage\":\"nb-NO\"}]}<\/script>\n<!-- \/ Yoast SEO plugin. -->","yoast_head_json":{"title":"HalloVenn 2021 - Acta Region \u00d8stfold","robots":{"index":"index","follow":"follow","max-snippet":"max-snippet:-1","max-image-preview":"max-image-preview:large","max-video-preview":"max-video-preview:-1"},"canonical":"https:\/\/acta.no\/ostfold\/hallovenn-2021\/","og_locale":"nb_NO","og_type":"article","og_title":"HalloVenn 2021 - Acta Region \u00d8stfold","og_description":"Velkommen til v\u00e5r HalloVenn side. Her kan du registrere ditt lodd for \u00e5 bli med p\u00e5 de fem trekningene som skal gj\u00f8res f\u00f8r jul. Vi kan friste med flotte gevinster som ikke bare har h\u00f8y verdi, men disse gevinstene kan virkelig gi gode opplevelser for vinnerne. Hver gevinst har verdi p\u00e5 inntil 3000,- kroner og [&hellip;]","og_url":"https:\/\/acta.no\/ostfold\/hallovenn-2021\/","og_site_name":"Acta Region \u00d8stfold","article_modified_time":"2022-10-26T08:20:32+00:00","twitter_card":"summary_large_image","schema":{"@context":"https:\/\/schema.org","@graph":[{"@type":"WebPage","@id":"https:\/\/acta.no\/ostfold\/hallovenn-2021\/","url":"https:\/\/acta.no\/ostfold\/hallovenn-2021\/","name":"HalloVenn 2021 - Acta Region \u00d8stfold","isPartOf":{"@id":"https:\/\/acta.no\/ostfold\/#website"},"datePublished":"2021-10-24T12:46:11+00:00","dateModified":"2022-10-26T08:20:32+00:00","breadcrumb":{"@id":"https:\/\/acta.no\/ostfold\/hallovenn-2021\/#breadcrumb"},"inLanguage":"nb-NO","potentialAction":[{"@type":"ReadAction","target":["https:\/\/acta.no\/ostfold\/hallovenn-2021\/"]}]},{"@type":"BreadcrumbList","@id":"https:\/\/acta.no\/ostfold\/hallovenn-2021\/#breadcrumb","itemListElement":[{"@type":"ListItem","position":1,"name":"Til acta.no","item":"https:\/\/acta.no\/"},{"@type":"ListItem","position":2,"name":"Region \u00d8stfold","item":"https:\/\/acta.no\/ostfold\/"},{"@type":"ListItem","position":3,"name":"HalloVenn 2021"}]},{"@type":"WebSite","@id":"https:\/\/acta.no\/ostfold\/#website","url":"https:\/\/acta.no\/ostfold\/","name":"Acta Region \u00d8stfold","description":"\u00d8stfold","potentialAction":[{"@type":"SearchAction","target":{"@type":"EntryPoint","urlTemplate":"https:\/\/acta.no\/ostfold\/?s={search_term_string}"},"query-input":{"@type":"PropertyValueSpecification","valueRequired":true,"valueName":"search_term_string"}}],"inLanguage":"nb-NO"}]}},"_links":{"self":[{"href":"https:\/\/acta.no\/ostfold\/wp-json\/wp\/v2\/pages\/1235","targetHints":{"allow":["GET"]}}],"collection":[{"href":"https:\/\/acta.no\/ostfold\/wp-json\/wp\/v2\/pages"}],"about":[{"href":"https:\/\/acta.no\/ostfold\/wp-json\/wp\/v2\/types\/page"}],"author":[{"embeddable":true,"href":"https:\/\/acta.no\/ostfold\/wp-json\/wp\/v2\/users\/25"}],"replies":[{"embeddable":true,"href":"https:\/\/acta.no\/ostfold\/wp-json\/wp\/v2\/comments?post=1235"}],"version-history":[{"count":5,"href":"https:\/\/acta.no\/ostfold\/wp-json\/wp\/v2\/pages\/1235\/revisions"}],"predecessor-version":[{"id":1492,"href":"https:\/\/acta.no\/ostfold\/wp-json\/wp\/v2\/pages\/1235\/revisions\/1492"}],"wp:attachment":[{"href":"https:\/\/acta.no\/ostfold\/wp-json\/wp\/v2\/media?parent=1235"}],"curies":[{"name":"wp","href":"https:\/\/api.w.org\/{rel}","templated":true}]}}