{"id":17,"date":"2018-09-20T06:57:07","date_gmt":"2018-09-20T06:57:07","guid":{"rendered":"https:\/\/acta.no\/region-hordaland\/?page_id=17"},"modified":"2018-09-20T06:58:02","modified_gmt":"2018-09-20T06:58:02","slug":"leirer","status":"publish","type":"page","link":"https:\/\/acta.no\/hordaland\/leirer\/","title":{"rendered":"Leirer"},"content":{"rendered":"<div id=\"module-0\" class=\"hogan-module hogan-module-eventarchive hogan-module-0\"><div class=\"hogan-module-inner\">\t<span class=\"normisjon-archive-anchor\" id=\"archive\"><\/span>\n\t<div class=\"hogan-grid-column-wrapper\">\n\t<aside class=\"hogan-grid-sidebar\">\n\t\t<form action=\"#archive\" method=\"get\">\n\t\t\t<div>\n\t\t\t\t\t\t\t\t\t\t\t<div>\n\t\t\t\t\t\t\t\t<h3 class=\"hogan-grid-sidebar-title\">Regions<\/h3>\n\t\t\t\t\t\t\t\t<ul class=\"hogan-grid-sidebar-list\">\n\t\t\t\t\t\t\t\t\t\t\t\t\t\t\t\t\t\t\t<li>\n\t\t\t\t\t\t\t\t\t\t\t<label>\n\t\t\t\t\t\t\t\t\t\t\t\t<input type=\"checkbox\" name=\"tax-nisje-event-region[]\" value=\"30\" >\n\t\t\t\t\t\t\t\t\t\t\t\tActa\t\t\t\t\t\t\t\t\t\t\t<\/label>\n\t\t\t\t\t\t\t\t\t\t<\/li>\n\t\t\t\t\t\t\t\t\t\t\t\t\t\t\t\t\t\t\t<li>\n\t\t\t\t\t\t\t\t\t\t\t<label>\n\t\t\t\t\t\t\t\t\t\t\t\t<input type=\"checkbox\" name=\"tax-nisje-event-region[]\" value=\"39\" >\n\t\t\t\t\t\t\t\t\t\t\t\tActa Agder\t\t\t\t\t\t\t\t\t\t\t<\/label>\n\t\t\t\t\t\t\t\t\t\t<\/li>\n\t\t\t\t\t\t\t\t\t\t\t\t\t\t\t\t\t\t\t<li>\n\t\t\t\t\t\t\t\t\t\t\t<label>\n\t\t\t\t\t\t\t\t\t\t\t\t<input type=\"checkbox\" name=\"tax-nisje-event-region[]\" value=\"33\"  checked='checked'>\n\t\t\t\t\t\t\t\t\t\t\t\tActa Hordaland\t\t\t\t\t\t\t\t\t\t\t<\/label>\n\t\t\t\t\t\t\t\t\t\t<\/li>\n\t\t\t\t\t\t\t\t\t\t\t\t\t\t\t\t\t\t\t<li>\n\t\t\t\t\t\t\t\t\t\t\t<label>\n\t\t\t\t\t\t\t\t\t\t\t\t<input type=\"checkbox\" name=\"tax-nisje-event-region[]\" value=\"41\" >\n\t\t\t\t\t\t\t\t\t\t\t\tActa M\u00f8re\t\t\t\t\t\t\t\t\t\t\t<\/label>\n\t\t\t\t\t\t\t\t\t\t<\/li>\n\t\t\t\t\t\t\t\t\t\t\t\t\t\t\t\t\t\t\t<li>\n\t\t\t\t\t\t\t\t\t\t\t<label>\n\t\t\t\t\t\t\t\t\t\t\t\t<input type=\"checkbox\" name=\"tax-nisje-event-region[]\" value=\"42\" >\n\t\t\t\t\t\t\t\t\t\t\t\tActa Nord\t\t\t\t\t\t\t\t\t\t\t<\/label>\n\t\t\t\t\t\t\t\t\t\t<\/li>\n\t\t\t\t\t\t\t\t\t\t\t\t\t\t\t\t\t\t\t<li>\n\t\t\t\t\t\t\t\t\t\t\t<label>\n\t\t\t\t\t\t\t\t\t\t\t\t<input type=\"checkbox\" name=\"tax-nisje-event-region[]\" value=\"43\" >\n\t\t\t\t\t\t\t\t\t\t\t\tActa Nordland\t\t\t\t\t\t\t\t\t\t\t<\/label>\n\t\t\t\t\t\t\t\t\t\t<\/li>\n\t\t\t\t\t\t\t\t\t\t\t\t\t\t\t\t\t\t\t<li>\n\t\t\t\t\t\t\t\t\t\t\t<label>\n\t\t\t\t\t\t\t\t\t\t\t\t<input type=\"checkbox\" name=\"tax-nisje-event-region[]\" value=\"38\" >\n\t\t\t\t\t\t\t\t\t\t\t\tActa Oppland\t\t\t\t\t\t\t\t\t\t\t<\/label>\n\t\t\t\t\t\t\t\t\t\t<\/li>\n\t\t\t\t\t\t\t\t\t\t\t\t\t\t\t\t\t\t\t<li>\n\t\t\t\t\t\t\t\t\t\t\t<label>\n\t\t\t\t\t\t\t\t\t\t\t\t<input type=\"checkbox\" name=\"tax-nisje-event-region[]\" value=\"35\" >\n\t\t\t\t\t\t\t\t\t\t\t\tActa \u00d8st\t\t\t\t\t\t\t\t\t\t\t<\/label>\n\t\t\t\t\t\t\t\t\t\t<\/li>\n\t\t\t\t\t\t\t\t\t\t\t\t\t\t\t\t\t\t\t<li>\n\t\t\t\t\t\t\t\t\t\t\t<label>\n\t\t\t\t\t\t\t\t\t\t\t\t<input type=\"checkbox\" name=\"tax-nisje-event-region[]\" value=\"44\" >\n\t\t\t\t\t\t\t\t\t\t\t\tActa \u00d8stfold\t\t\t\t\t\t\t\t\t\t\t<\/label>\n\t\t\t\t\t\t\t\t\t\t<\/li>\n\t\t\t\t\t\t\t\t\t\t\t\t\t\t\t\t\t\t\t<li>\n\t\t\t\t\t\t\t\t\t\t\t<label>\n\t\t\t\t\t\t\t\t\t\t\t\t<input type=\"checkbox\" name=\"tax-nisje-event-region[]\" value=\"32\" >\n\t\t\t\t\t\t\t\t\t\t\t\tActa Rogaland\t\t\t\t\t\t\t\t\t\t\t<\/label>\n\t\t\t\t\t\t\t\t\t\t<\/li>\n\t\t\t\t\t\t\t\t\t\t\t\t\t\t\t\t\t\t\t<li>\n\t\t\t\t\t\t\t\t\t\t\t<label>\n\t\t\t\t\t\t\t\t\t\t\t\t<input type=\"checkbox\" name=\"tax-nisje-event-region[]\" value=\"37\" >\n\t\t\t\t\t\t\t\t\t\t\t\tActa Sogn of Fjordane\t\t\t\t\t\t\t\t\t\t\t<\/label>\n\t\t\t\t\t\t\t\t\t\t<\/li>\n\t\t\t\t\t\t\t\t\t\t\t\t\t\t\t\t\t\t\t<li>\n\t\t\t\t\t\t\t\t\t\t\t<label>\n\t\t\t\t\t\t\t\t\t\t\t\t<input type=\"checkbox\" name=\"tax-nisje-event-region[]\" value=\"45\" >\n\t\t\t\t\t\t\t\t\t\t\t\tActa Sogn og Fjordane\t\t\t\t\t\t\t\t\t\t\t<\/label>\n\t\t\t\t\t\t\t\t\t\t<\/li>\n\t\t\t\t\t\t\t\t\t\t\t\t\t\t\t\t\t\t\t<li>\n\t\t\t\t\t\t\t\t\t\t\t<label>\n\t\t\t\t\t\t\t\t\t\t\t\t<input type=\"checkbox\" name=\"tax-nisje-event-region[]\" value=\"46\" >\n\t\t\t\t\t\t\t\t\t\t\t\tActa Telemark\t\t\t\t\t\t\t\t\t\t\t<\/label>\n\t\t\t\t\t\t\t\t\t\t<\/li>\n\t\t\t\t\t\t\t\t\t\t\t\t\t\t\t\t\t\t\t<li>\n\t\t\t\t\t\t\t\t\t\t\t<label>\n\t\t\t\t\t\t\t\t\t\t\t\t<input type=\"checkbox\" name=\"tax-nisje-event-region[]\" value=\"36\" >\n\t\t\t\t\t\t\t\t\t\t\t\tActa Tr\u00f8ndelag\t\t\t\t\t\t\t\t\t\t\t<\/label>\n\t\t\t\t\t\t\t\t\t\t<\/li>\n\t\t\t\t\t\t\t\t\t\t\t\t\t\t\t\t\t\t\t<li>\n\t\t\t\t\t\t\t\t\t\t\t<label>\n\t\t\t\t\t\t\t\t\t\t\t\t<input type=\"checkbox\" name=\"tax-nisje-event-region[]\" value=\"47\" >\n\t\t\t\t\t\t\t\t\t\t\t\tActa Vestfold\/Buskerud\t\t\t\t\t\t\t\t\t\t\t<\/label>\n\t\t\t\t\t\t\t\t\t\t<\/li>\n\t\t\t\t\t\t\t\t\t\t\t\t\t\t\t\t\t\t\t<li>\n\t\t\t\t\t\t\t\t\t\t\t<label>\n\t\t\t\t\t\t\t\t\t\t\t\t<input type=\"checkbox\" name=\"tax-nisje-event-region[]\" value=\"49\" >\n\t\t\t\t\t\t\t\t\t\t\t\tNormisjon\t\t\t\t\t\t\t\t\t\t\t<\/label>\n\t\t\t\t\t\t\t\t\t\t<\/li>\n\t\t\t\t\t\t\t\t\t\t\t\t\t\t\t\t\t\t\t<li>\n\t\t\t\t\t\t\t\t\t\t\t<label>\n\t\t\t\t\t\t\t\t\t\t\t\t<input type=\"checkbox\" name=\"tax-nisje-event-region[]\" value=\"50\" >\n\t\t\t\t\t\t\t\t\t\t\t\tRegion Agder\t\t\t\t\t\t\t\t\t\t\t<\/label>\n\t\t\t\t\t\t\t\t\t\t<\/li>\n\t\t\t\t\t\t\t\t\t\t\t\t\t\t\t\t\t\t\t<li>\n\t\t\t\t\t\t\t\t\t\t\t<label>\n\t\t\t\t\t\t\t\t\t\t\t\t<input type=\"checkbox\" name=\"tax-nisje-event-region[]\" value=\"51\" >\n\t\t\t\t\t\t\t\t\t\t\t\tRegion Hordaland\t\t\t\t\t\t\t\t\t\t\t<\/label>\n\t\t\t\t\t\t\t\t\t\t<\/li>\n\t\t\t\t\t\t\t\t\t\t\t\t\t\t\t\t\t\t\t<li>\n\t\t\t\t\t\t\t\t\t\t\t<label>\n\t\t\t\t\t\t\t\t\t\t\t\t<input type=\"checkbox\" name=\"tax-nisje-event-region[]\" value=\"52\" >\n\t\t\t\t\t\t\t\t\t\t\t\tRegion M\u00f8re\t\t\t\t\t\t\t\t\t\t\t<\/label>\n\t\t\t\t\t\t\t\t\t\t<\/li>\n\t\t\t\t\t\t\t\t\t\t\t\t\t\t\t\t\t\t\t<li>\n\t\t\t\t\t\t\t\t\t\t\t<label>\n\t\t\t\t\t\t\t\t\t\t\t\t<input type=\"checkbox\" name=\"tax-nisje-event-region[]\" value=\"53\" >\n\t\t\t\t\t\t\t\t\t\t\t\tRegion Nord\t\t\t\t\t\t\t\t\t\t\t<\/label>\n\t\t\t\t\t\t\t\t\t\t<\/li>\n\t\t\t\t\t\t\t\t\t\t\t\t\t\t\t\t\t\t\t<li>\n\t\t\t\t\t\t\t\t\t\t\t<label>\n\t\t\t\t\t\t\t\t\t\t\t\t<input type=\"checkbox\" name=\"tax-nisje-event-region[]\" value=\"54\" >\n\t\t\t\t\t\t\t\t\t\t\t\tRegion Nordland\t\t\t\t\t\t\t\t\t\t\t<\/label>\n\t\t\t\t\t\t\t\t\t\t<\/li>\n\t\t\t\t\t\t\t\t\t\t\t\t\t\t\t\t\t\t\t<li>\n\t\t\t\t\t\t\t\t\t\t\t<label>\n\t\t\t\t\t\t\t\t\t\t\t\t<input type=\"checkbox\" name=\"tax-nisje-event-region[]\" value=\"55\" >\n\t\t\t\t\t\t\t\t\t\t\t\tRegion Oppland\t\t\t\t\t\t\t\t\t\t\t<\/label>\n\t\t\t\t\t\t\t\t\t\t<\/li>\n\t\t\t\t\t\t\t\t\t\t\t\t\t\t\t\t\t\t\t<li>\n\t\t\t\t\t\t\t\t\t\t\t<label>\n\t\t\t\t\t\t\t\t\t\t\t\t<input type=\"checkbox\" name=\"tax-nisje-event-region[]\" value=\"56\" >\n\t\t\t\t\t\t\t\t\t\t\t\tRegion \u00d8st\t\t\t\t\t\t\t\t\t\t\t<\/label>\n\t\t\t\t\t\t\t\t\t\t<\/li>\n\t\t\t\t\t\t\t\t\t\t\t\t\t\t\t\t\t\t\t<li>\n\t\t\t\t\t\t\t\t\t\t\t<label>\n\t\t\t\t\t\t\t\t\t\t\t\t<input type=\"checkbox\" name=\"tax-nisje-event-region[]\" value=\"57\" >\n\t\t\t\t\t\t\t\t\t\t\t\tRegion \u00d8stfold\t\t\t\t\t\t\t\t\t\t\t<\/label>\n\t\t\t\t\t\t\t\t\t\t<\/li>\n\t\t\t\t\t\t\t\t\t\t\t\t\t\t\t\t\t\t\t<li>\n\t\t\t\t\t\t\t\t\t\t\t<label>\n\t\t\t\t\t\t\t\t\t\t\t\t<input type=\"checkbox\" name=\"tax-nisje-event-region[]\" value=\"58\" >\n\t\t\t\t\t\t\t\t\t\t\t\tRegion Rogaland\t\t\t\t\t\t\t\t\t\t\t<\/label>\n\t\t\t\t\t\t\t\t\t\t<\/li>\n\t\t\t\t\t\t\t\t\t\t\t\t\t\t\t\t\t\t\t<li>\n\t\t\t\t\t\t\t\t\t\t\t<label>\n\t\t\t\t\t\t\t\t\t\t\t\t<input type=\"checkbox\" name=\"tax-nisje-event-region[]\" value=\"59\" >\n\t\t\t\t\t\t\t\t\t\t\t\tRegion Sogn og Fjordane\t\t\t\t\t\t\t\t\t\t\t<\/label>\n\t\t\t\t\t\t\t\t\t\t<\/li>\n\t\t\t\t\t\t\t\t\t\t\t\t\t\t\t\t\t\t\t<li>\n\t\t\t\t\t\t\t\t\t\t\t<label>\n\t\t\t\t\t\t\t\t\t\t\t\t<input type=\"checkbox\" name=\"tax-nisje-event-region[]\" value=\"60\" >\n\t\t\t\t\t\t\t\t\t\t\t\tRegion Telemark\t\t\t\t\t\t\t\t\t\t\t<\/label>\n\t\t\t\t\t\t\t\t\t\t<\/li>\n\t\t\t\t\t\t\t\t\t\t\t\t\t\t\t\t\t\t\t<li>\n\t\t\t\t\t\t\t\t\t\t\t<label>\n\t\t\t\t\t\t\t\t\t\t\t\t<input type=\"checkbox\" name=\"tax-nisje-event-region[]\" value=\"61\" >\n\t\t\t\t\t\t\t\t\t\t\t\tRegion Tr\u00f8ndelag\t\t\t\t\t\t\t\t\t\t\t<\/label>\n\t\t\t\t\t\t\t\t\t\t<\/li>\n\t\t\t\t\t\t\t\t\t\t\t\t\t\t\t\t\t\t\t<li>\n\t\t\t\t\t\t\t\t\t\t\t<label>\n\t\t\t\t\t\t\t\t\t\t\t\t<input type=\"checkbox\" name=\"tax-nisje-event-region[]\" value=\"62\" >\n\t\t\t\t\t\t\t\t\t\t\t\tRegion Vestfold\/Buskerud\t\t\t\t\t\t\t\t\t\t\t<\/label>\n\t\t\t\t\t\t\t\t\t\t<\/li>\n\t\t\t\t\t\t\t\t\t\t\t\t\t\t\t\t\t<\/ul>\n\t\t\t\t\t\t\t<\/div>\n\t\t\t\t\t\t\t\t\t\t\t\t\t\t<div>\n\t\t\t\t\t\t\t\t<h3 class=\"hogan-grid-sidebar-title\">Type<\/h3>\n\t\t\t\t\t\t\t\t<ul class=\"hogan-grid-sidebar-list\">\n\t\t\t\t\t\t\t\t\t\t\t\t\t\t\t\t\t\t\t<li>\n\t\t\t\t\t\t\t\t\t\t\t<label>\n\t\t\t\t\t\t\t\t\t\t\t\t<input type=\"checkbox\" name=\"tax-nisje-event-type[]\" value=\"40\" >\n\t\t\t\t\t\t\t\t\t\t\t\tKurs\t\t\t\t\t\t\t\t\t\t\t<\/label>\n\t\t\t\t\t\t\t\t\t\t<\/li>\n\t\t\t\t\t\t\t\t\t\t\t\t\t\t\t\t\t\t\t<li>\n\t\t\t\t\t\t\t\t\t\t\t<label>\n\t\t\t\t\t\t\t\t\t\t\t\t<input type=\"checkbox\" name=\"tax-nisje-event-type[]\" value=\"34\" >\n\t\t\t\t\t\t\t\t\t\t\t\tLeirer\t\t\t\t\t\t\t\t\t\t\t<\/label>\n\t\t\t\t\t\t\t\t\t\t<\/li>\n\t\t\t\t\t\t\t\t\t\t\t\t\t\t\t\t\t\t\t<li>\n\t\t\t\t\t\t\t\t\t\t\t<label>\n\t\t\t\t\t\t\t\t\t\t\t\t<input type=\"checkbox\" name=\"tax-nisje-event-type[]\" value=\"31\" >\n\t\t\t\t\t\t\t\t\t\t\t\tLeirsteder\t\t\t\t\t\t\t\t\t\t\t<\/label>\n\t\t\t\t\t\t\t\t\t\t<\/li>\n\t\t\t\t\t\t\t\t\t\t\t\t\t\t\t\t\t\t\t<li>\n\t\t\t\t\t\t\t\t\t\t\t<label>\n\t\t\t\t\t\t\t\t\t\t\t\t<input type=\"checkbox\" name=\"tax-nisje-event-type[]\" value=\"29\" >\n\t\t\t\t\t\t\t\t\t\t\t\tSentrale arrangement\t\t\t\t\t\t\t\t\t\t\t<\/label>\n\t\t\t\t\t\t\t\t\t\t<\/li>\n\t\t\t\t\t\t\t\t\t\t\t\t\t\t\t\t\t<\/ul>\n\t\t\t\t\t\t\t<\/div>\n\t\t\t\t\t\t\t\t\t\t\t<input type=\"hidden\" name=\"filtered\" value=\"1\">\n\t\t\t\t<input type=\"submit\" value=\"S\u00f8k\">\n\t\t\t<\/div>\n\t\t<\/form>\n\t<\/aside>\n\n\t<div class=\"hogan-grid hogan-grid-text-center hogan-grid-main\">\n\t\t<div class=\"hogan-grid-inner\">\n\t\t\t\t\t\t\t<div class=\"hogan-grid-no-content-message\">\n\t\t\t\t\tIngenting \u00e5 vise her\n\t\t\t\t<\/div>\n\n\t\t\t\t\t\t<\/div>\n\t<\/div>\n\n\t<\/div><\/div><\/div>","protected":false},"excerpt":{"rendered":"<p>Regions Acta Acta Agder Acta Hordaland Acta M\u00f8re Acta Nord Acta Nordland Acta Oppland Acta \u00d8st Acta \u00d8stfold Acta Rogaland Acta Sogn of Fjordane Acta Sogn og Fjordane Acta Telemark Acta Tr\u00f8ndelag Acta Vestfold\/Buskerud Normisjon Region Agder Region Hordaland Region M\u00f8re Region Nord Region Nordland Region Oppland Region \u00d8st Region \u00d8stfold Region Rogaland Region Sogn [&hellip;]<\/p>\n","protected":false},"author":1,"featured_media":0,"parent":0,"menu_order":0,"comment_status":"closed","ping_status":"closed","template":"","meta":{"_acf_changed":false,"footnotes":""},"class_list":["post-17","page","type-page","status-publish","hentry"],"acf":[],"yoast_head":"<!-- This site is optimized with the Yoast SEO plugin v25.9 - https:\/\/yoast.com\/wordpress\/plugins\/seo\/ -->\n<title>Leirer - Acta Region Hordaland<\/title>\n<meta name=\"robots\" content=\"index, follow, max-snippet:-1, max-image-preview:large, max-video-preview:-1\" \/>\n<link rel=\"canonical\" href=\"https:\/\/acta.no\/hordaland\/leirer\/\" \/>\n<meta property=\"og:locale\" content=\"nb_NO\" \/>\n<meta property=\"og:type\" content=\"article\" \/>\n<meta property=\"og:title\" content=\"Leirer - Acta Region Hordaland\" \/>\n<meta property=\"og:description\" content=\"Regions Acta Acta Agder Acta Hordaland Acta M\u00f8re Acta Nord Acta Nordland Acta Oppland Acta \u00d8st Acta \u00d8stfold Acta Rogaland Acta Sogn of Fjordane Acta Sogn og Fjordane Acta Telemark Acta Tr\u00f8ndelag Acta Vestfold\/Buskerud Normisjon Region Agder Region Hordaland Region M\u00f8re Region Nord Region Nordland Region Oppland Region \u00d8st Region \u00d8stfold Region Rogaland Region Sogn [&hellip;]\" \/>\n<meta property=\"og:url\" content=\"https:\/\/acta.no\/hordaland\/leirer\/\" \/>\n<meta property=\"og:site_name\" content=\"Acta Region Hordaland\" \/>\n<meta property=\"article:modified_time\" content=\"2018-09-20T06:58:02+00:00\" \/>\n<meta name=\"twitter:card\" content=\"summary_large_image\" \/>\n<script type=\"application\/ld+json\" class=\"yoast-schema-graph\">{\"@context\":\"https:\/\/schema.org\",\"@graph\":[{\"@type\":\"WebPage\",\"@id\":\"https:\/\/acta.no\/hordaland\/leirer\/\",\"url\":\"https:\/\/acta.no\/hordaland\/leirer\/\",\"name\":\"Leirer - Acta Region Hordaland\",\"isPartOf\":{\"@id\":\"https:\/\/acta.no\/hordaland\/#website\"},\"datePublished\":\"2018-09-20T06:57:07+00:00\",\"dateModified\":\"2018-09-20T06:58:02+00:00\",\"breadcrumb\":{\"@id\":\"https:\/\/acta.no\/hordaland\/leirer\/#breadcrumb\"},\"inLanguage\":\"nb-NO\",\"potentialAction\":[{\"@type\":\"ReadAction\",\"target\":[\"https:\/\/acta.no\/hordaland\/leirer\/\"]}]},{\"@type\":\"BreadcrumbList\",\"@id\":\"https:\/\/acta.no\/hordaland\/leirer\/#breadcrumb\",\"itemListElement\":[{\"@type\":\"ListItem\",\"position\":1,\"name\":\"Til acta.no\",\"item\":\"https:\/\/acta.no\/\"},{\"@type\":\"ListItem\",\"position\":2,\"name\":\"Region Hordaland\",\"item\":\"https:\/\/acta.no\/hordaland\/\"},{\"@type\":\"ListItem\",\"position\":3,\"name\":\"Leirer\"}]},{\"@type\":\"WebSite\",\"@id\":\"https:\/\/acta.no\/hordaland\/#website\",\"url\":\"https:\/\/acta.no\/hordaland\/\",\"name\":\"Acta Region Hordaland\",\"description\":\"Hordaland\",\"potentialAction\":[{\"@type\":\"SearchAction\",\"target\":{\"@type\":\"EntryPoint\",\"urlTemplate\":\"https:\/\/acta.no\/hordaland\/?s={search_term_string}\"},\"query-input\":{\"@type\":\"PropertyValueSpecification\",\"valueRequired\":true,\"valueName\":\"search_term_string\"}}],\"inLanguage\":\"nb-NO\"}]}<\/script>\n<!-- \/ Yoast SEO plugin. -->","yoast_head_json":{"title":"Leirer - Acta Region Hordaland","robots":{"index":"index","follow":"follow","max-snippet":"max-snippet:-1","max-image-preview":"max-image-preview:large","max-video-preview":"max-video-preview:-1"},"canonical":"https:\/\/acta.no\/hordaland\/leirer\/","og_locale":"nb_NO","og_type":"article","og_title":"Leirer - Acta Region Hordaland","og_description":"Regions Acta Acta Agder Acta Hordaland Acta M\u00f8re Acta Nord Acta Nordland Acta Oppland Acta \u00d8st Acta \u00d8stfold Acta Rogaland Acta Sogn of Fjordane Acta Sogn og Fjordane Acta Telemark Acta Tr\u00f8ndelag Acta Vestfold\/Buskerud Normisjon Region Agder Region Hordaland Region M\u00f8re Region Nord Region Nordland Region Oppland Region \u00d8st Region \u00d8stfold Region Rogaland Region Sogn [&hellip;]","og_url":"https:\/\/acta.no\/hordaland\/leirer\/","og_site_name":"Acta Region Hordaland","article_modified_time":"2018-09-20T06:58:02+00:00","twitter_card":"summary_large_image","schema":{"@context":"https:\/\/schema.org","@graph":[{"@type":"WebPage","@id":"https:\/\/acta.no\/hordaland\/leirer\/","url":"https:\/\/acta.no\/hordaland\/leirer\/","name":"Leirer - Acta Region Hordaland","isPartOf":{"@id":"https:\/\/acta.no\/hordaland\/#website"},"datePublished":"2018-09-20T06:57:07+00:00","dateModified":"2018-09-20T06:58:02+00:00","breadcrumb":{"@id":"https:\/\/acta.no\/hordaland\/leirer\/#breadcrumb"},"inLanguage":"nb-NO","potentialAction":[{"@type":"ReadAction","target":["https:\/\/acta.no\/hordaland\/leirer\/"]}]},{"@type":"BreadcrumbList","@id":"https:\/\/acta.no\/hordaland\/leirer\/#breadcrumb","itemListElement":[{"@type":"ListItem","position":1,"name":"Til acta.no","item":"https:\/\/acta.no\/"},{"@type":"ListItem","position":2,"name":"Region Hordaland","item":"https:\/\/acta.no\/hordaland\/"},{"@type":"ListItem","position":3,"name":"Leirer"}]},{"@type":"WebSite","@id":"https:\/\/acta.no\/hordaland\/#website","url":"https:\/\/acta.no\/hordaland\/","name":"Acta Region Hordaland","description":"Hordaland","potentialAction":[{"@type":"SearchAction","target":{"@type":"EntryPoint","urlTemplate":"https:\/\/acta.no\/hordaland\/?s={search_term_string}"},"query-input":{"@type":"PropertyValueSpecification","valueRequired":true,"valueName":"search_term_string"}}],"inLanguage":"nb-NO"}]}},"_links":{"self":[{"href":"https:\/\/acta.no\/hordaland\/wp-json\/wp\/v2\/pages\/17","targetHints":{"allow":["GET"]}}],"collection":[{"href":"https:\/\/acta.no\/hordaland\/wp-json\/wp\/v2\/pages"}],"about":[{"href":"https:\/\/acta.no\/hordaland\/wp-json\/wp\/v2\/types\/page"}],"author":[{"embeddable":true,"href":"https:\/\/acta.no\/hordaland\/wp-json\/wp\/v2\/users\/1"}],"replies":[{"embeddable":true,"href":"https:\/\/acta.no\/hordaland\/wp-json\/wp\/v2\/comments?post=17"}],"version-history":[{"count":2,"href":"https:\/\/acta.no\/hordaland\/wp-json\/wp\/v2\/pages\/17\/revisions"}],"predecessor-version":[{"id":19,"href":"https:\/\/acta.no\/hordaland\/wp-json\/wp\/v2\/pages\/17\/revisions\/19"}],"wp:attachment":[{"href":"https:\/\/acta.no\/hordaland\/wp-json\/wp\/v2\/media?parent=17"}],"curies":[{"name":"wp","href":"https:\/\/api.w.org\/{rel}","templated":true}]}}