{"id":952,"date":"2023-11-20T11:40:08","date_gmt":"2023-11-20T11:40:08","guid":{"rendered":"https:\/\/acta.no\/agder\/?page_id=952"},"modified":"2026-04-08T13:19:08","modified_gmt":"2026-04-08T13:19:08","slug":"soul-children-agder","status":"publish","type":"page","link":"https:\/\/acta.no\/agder\/soul-children-agder\/","title":{"rendered":"Soul Children Agder"},"content":{"rendered":"<div class=\"gutenberg-content\">\n<figure class=\"wp-block-image aligncenter size-large\"><img loading=\"lazy\" decoding=\"async\" width=\"2560\" height=\"1440\" src=\"https:\/\/www.normisjon.no\/content\/uploads\/sites\/27\/2023\/11\/IMG_6023-edited-scaled.jpg\" alt=\"\" class=\"wp-image-954\" srcset=\"https:\/\/www.normisjon.no\/content\/uploads\/sites\/27\/2023\/11\/IMG_6023-edited-scaled.jpg 2560w, https:\/\/www.normisjon.no\/content\/uploads\/sites\/27\/2023\/11\/IMG_6023-edited-300x169.jpg 300w, https:\/\/www.normisjon.no\/content\/uploads\/sites\/27\/2023\/11\/IMG_6023-edited-1024x576.jpg 1024w, https:\/\/www.normisjon.no\/content\/uploads\/sites\/27\/2023\/11\/IMG_6023-edited-768x432.jpg 768w, https:\/\/www.normisjon.no\/content\/uploads\/sites\/27\/2023\/11\/IMG_6023-edited-1536x864.jpg 1536w, https:\/\/www.normisjon.no\/content\/uploads\/sites\/27\/2023\/11\/IMG_6023-edited-2048x1152.jpg 2048w, https:\/\/www.normisjon.no\/content\/uploads\/sites\/27\/2023\/11\/IMG_6023-edited-1920x1080.jpg 1920w, https:\/\/www.normisjon.no\/content\/uploads\/sites\/27\/2023\/11\/IMG_6023-edited-1360x765.jpg 1360w, https:\/\/www.normisjon.no\/content\/uploads\/sites\/27\/2023\/11\/IMG_6023-edited-960x540.jpg 960w\" sizes=\"auto, (max-width: 2560px) 100vw, 2560px\" \/><\/figure>\n\n\n\n<p><strong>Soul Children gathering Agder 2026 19. september i Arendal kulturhus!<\/strong><\/p>\n\n\n\n<p><strong>Soul Children er Norges raskest voksende korbevegelse med over 200 kor i Norge, og nesten like mange i utlandet. <\/strong><\/p>\n\n\n\n<p>Vi opplever Soul Children-bevegelsen som en stor familie. En familie som g\u00e5r p\u00e5 tvers av hele Norge, og n\u00e5 ogs\u00e5 p\u00e5 tvers av landegrenser. I tillegg til at konseptet spres til nye steder, merker vi ogs\u00e5 at m\u00e5lgruppen blir videre. Det som startet med ett eneste kor, Oslo Soul Children, har n\u00e5 vokst til en internasjonal korbevegelse for flere aldersgrupper.<\/p>\n\n\n\n<figure class=\"wp-block-embed is-type-video is-provider-youtube wp-block-embed-youtube wp-embed-aspect-16-9 wp-has-aspect-ratio\"><div class=\"wp-block-embed__wrapper\">\n<iframe loading=\"lazy\" title=\"Soul Children Presentation 2019\" width=\"873\" height=\"491\" src=\"https:\/\/www.youtube.com\/embed\/N_-oSR_TYcM?list=PLpGaFf2wUBL0UarKNFD4XXtqUcjGuOxvi\" frameborder=\"0\" allow=\"accelerometer; autoplay; clipboard-write; encrypted-media; gyroscope; picture-in-picture; web-share\" referrerpolicy=\"strict-origin-when-cross-origin\" allowfullscreen><\/iframe>\n<\/div><\/figure>\n\n\n\n<p style=\"font-size:22px\"><strong>Lyst til \u00e5 synge i kor? Vi har Soul Children-kor over hele Agder.<\/strong><\/p>\n\n\n\n<p><strong>SOUL CHILDREN&nbsp;<\/strong><br>Aldersgruppen for Soul Children-kor er 5.\u201310. klasse.<br>Det vil si at Soul Children-kor ikke er for sangere under 5. klasse, og heller ikke har \u00f8vre aldergrense under 10. klasse. Soul Children er balanse mellom tradisjonelle barne- og ungdomskor.<\/p>\n\n\n\n<ul class=\"wp-block-list\">\n<li>Birkeland Soul Children <\/li>\n\n\n\n<li>Vennesla Soul Children <\/li>\n\n\n\n<li>Grimstad Soul Children<\/li>\n\n\n\n<li>Flekkefjord Soul Children <\/li>\n\n\n\n<li>S\u00f8gne Soul Children <\/li>\n\n\n\n<li>V\u00e5gsbygd Soul Children <\/li>\n\n\n\n<li>Lyngdal Soul Children <\/li>\n\n\n\n<li>Kvinesdal Soul Children <\/li>\n\n\n\n<li>Lillesand Soul Children <\/li>\n\n\n\n<li>Froland Soul Children <\/li>\n\n\n\n<li>Flekker\u00f8y Soul Children <\/li>\n\n\n\n<li>Mandal Soul Children <\/li>\n\n\n\n<li>Randesund Soul Children<\/li>\n\n\n\n<li>Ris\u00f8r Soul Children <\/li>\n\n\n\n<li>Arendal Soul Children<\/li>\n<\/ul>\n\n\n\n<p><strong>SOUL KIDS<\/strong><br>Aldersgruppen for Soul Kids er fra 1. til og med 4. klassetrinn. Soul Kids er for barn som ikke er gamle nok til \u00e5 v\u00e6re med i Soul Children og fungerer i praksis som et vanlig barnekor.<\/p>\n\n\n\n<ul class=\"wp-block-list\">\n<li>Lyngdal Soul Kids <\/li>\n\n\n\n<li>Froland Soul Kids <\/li>\n\n\n\n<li>Vennesla Soul Kids <\/li>\n\n\n\n<li>V\u00e5gsbygd Soul Kids <\/li>\n\n\n\n<li>Flekker\u00f8y Soul Kids <\/li>\n\n\n\n<li>Lund Soul Kids  <\/li>\n\n\n\n<li>Birkeland Soul Kids <\/li>\n\n\n\n<li>Mandal Soul Kids <\/li>\n\n\n\n<li>Flekkefjord Soul Kids<\/li>\n<\/ul>\n\n\n\n<p><strong>SOUL TEENS<\/strong><br>Aldersgruppen for Soul Teens er fra 10. klassetrinn til og med 19 \u00e5r. Soul Teens er for eldre ungdommer som \u00f8nsker et utvidet tilbud i tillegg til Soul Children, der det er et sterkt fokus p\u00e5 ledertrening og trosoppl\u00e6ring.<\/p>\n\n\n\n<ul class=\"wp-block-list\">\n<li>Birkeland Soul Teens<\/li>\n\n\n\n<li>Randesund Soul Teens<\/li>\n\n\n\n<li>Flekker\u00f8y Soul Teens<\/li>\n\n\n\n<li>Mandal Soul Teens<\/li>\n\n\n\n<li>Grimstad Soul Teens<\/li>\n<\/ul>\n\n\n\n<p>Video fra Soul Children Gathering 2023 <a href=\"https:\/\/fb.watch\/oq-3E1nUQb\/\">https:\/\/fb.watch\/oq-3E1nUQb\/<\/a><\/p>\n\n\n\n<p>Lyst til \u00e5 starte et Soul Children kor eller noe annet du lurer p\u00e5?<\/p>\n\n\n\n<p>Ta kontakt med Soul Children-koordinator i Agder<br>Mari Tveter &#8211; <a href=\"mailto:mari@soulchildren.no\">mari@soulchildren.no<\/a><\/p>\n\n\n\n<figure class=\"wp-block-image size-large is-resized\"><img decoding=\"async\" src=\"https:\/\/www.normisjon.no\/content\/uploads\/sites\/27\/2023\/11\/IMG_6133-edited-1.jpg\" alt=\"\" class=\"wp-image-958\" style=\"width:504px\"\/><\/figure>\n<\/div>","protected":false},"excerpt":{"rendered":"<p>Soul Children gathering Agder 2026 19. september i Arendal kulturhus! Soul Children er Norges raskest voksende korbevegelse med over 200 kor i Norge, og nesten like mange i utlandet. Vi opplever Soul Children-bevegelsen som en stor familie. En familie som g\u00e5r p\u00e5 tvers av hele Norge, og n\u00e5 ogs\u00e5 p\u00e5 tvers av landegrenser. I tillegg [&hellip;]<\/p>\n","protected":false},"author":119,"featured_media":0,"parent":0,"menu_order":0,"comment_status":"closed","ping_status":"closed","template":"","meta":{"_acf_changed":false,"footnotes":""},"class_list":["post-952","page","type-page","status-publish","hentry"],"acf":[],"yoast_head":"<!-- This site is optimized with the Yoast SEO plugin v25.9 - https:\/\/yoast.com\/wordpress\/plugins\/seo\/ -->\n<title>Soul Children Agder - Acta Region Agder<\/title>\n<meta name=\"robots\" content=\"index, follow, max-snippet:-1, max-image-preview:large, max-video-preview:-1\" \/>\n<link rel=\"canonical\" href=\"https:\/\/acta.no\/agder\/soul-children-agder\/\" \/>\n<meta property=\"og:locale\" content=\"nb_NO\" \/>\n<meta property=\"og:type\" content=\"article\" \/>\n<meta property=\"og:title\" content=\"Soul Children Agder - Acta Region Agder\" \/>\n<meta property=\"og:description\" content=\"Soul Children gathering Agder 2026 19. september i Arendal kulturhus! Soul Children er Norges raskest voksende korbevegelse med over 200 kor i Norge, og nesten like mange i utlandet. Vi opplever Soul Children-bevegelsen som en stor familie. En familie som g\u00e5r p\u00e5 tvers av hele Norge, og n\u00e5 ogs\u00e5 p\u00e5 tvers av landegrenser. I tillegg [&hellip;]\" \/>\n<meta property=\"og:url\" content=\"https:\/\/acta.no\/agder\/soul-children-agder\/\" \/>\n<meta property=\"og:site_name\" content=\"Acta Region Agder\" \/>\n<meta property=\"article:modified_time\" content=\"2026-04-08T13:19:08+00:00\" \/>\n<meta property=\"og:image\" content=\"https:\/\/www.normisjon.no\/content\/uploads\/sites\/27\/2023\/11\/IMG_6023-edited-scaled.jpg\" \/>\n\t<meta property=\"og:image:width\" content=\"2560\" \/>\n\t<meta property=\"og:image:height\" content=\"1440\" \/>\n\t<meta property=\"og:image:type\" content=\"image\/jpeg\" \/>\n<meta name=\"twitter:card\" content=\"summary_large_image\" \/>\n<meta name=\"twitter:label1\" content=\"Ansl. lesetid\" \/>\n\t<meta name=\"twitter:data1\" content=\"3 minutter\" \/>\n<script type=\"application\/ld+json\" class=\"yoast-schema-graph\">{\"@context\":\"https:\/\/schema.org\",\"@graph\":[{\"@type\":\"WebPage\",\"@id\":\"https:\/\/acta.no\/agder\/soul-children-agder\/\",\"url\":\"https:\/\/acta.no\/agder\/soul-children-agder\/\",\"name\":\"Soul Children Agder - Acta Region Agder\",\"isPartOf\":{\"@id\":\"https:\/\/acta.no\/agder\/#website\"},\"primaryImageOfPage\":{\"@id\":\"https:\/\/acta.no\/agder\/soul-children-agder\/#primaryimage\"},\"image\":{\"@id\":\"https:\/\/acta.no\/agder\/soul-children-agder\/#primaryimage\"},\"thumbnailUrl\":\"https:\/\/www.normisjon.no\/content\/uploads\/sites\/27\/2023\/11\/IMG_6023-edited-scaled.jpg\",\"datePublished\":\"2023-11-20T11:40:08+00:00\",\"dateModified\":\"2026-04-08T13:19:08+00:00\",\"breadcrumb\":{\"@id\":\"https:\/\/acta.no\/agder\/soul-children-agder\/#breadcrumb\"},\"inLanguage\":\"nb-NO\",\"potentialAction\":[{\"@type\":\"ReadAction\",\"target\":[\"https:\/\/acta.no\/agder\/soul-children-agder\/\"]}]},{\"@type\":\"ImageObject\",\"inLanguage\":\"nb-NO\",\"@id\":\"https:\/\/acta.no\/agder\/soul-children-agder\/#primaryimage\",\"url\":\"https:\/\/www.normisjon.no\/content\/uploads\/sites\/27\/2023\/11\/IMG_6023-edited-scaled.jpg\",\"contentUrl\":\"https:\/\/www.normisjon.no\/content\/uploads\/sites\/27\/2023\/11\/IMG_6023-edited-scaled.jpg\"},{\"@type\":\"BreadcrumbList\",\"@id\":\"https:\/\/acta.no\/agder\/soul-children-agder\/#breadcrumb\",\"itemListElement\":[{\"@type\":\"ListItem\",\"position\":1,\"name\":\"Til acta.no\",\"item\":\"https:\/\/acta.no\/\"},{\"@type\":\"ListItem\",\"position\":2,\"name\":\"Region Agder\",\"item\":\"https:\/\/acta.no\/agder\/\"},{\"@type\":\"ListItem\",\"position\":3,\"name\":\"Soul Children Agder\"}]},{\"@type\":\"WebSite\",\"@id\":\"https:\/\/acta.no\/agder\/#website\",\"url\":\"https:\/\/acta.no\/agder\/\",\"name\":\"Acta Region Agder\",\"description\":\"Agder\",\"potentialAction\":[{\"@type\":\"SearchAction\",\"target\":{\"@type\":\"EntryPoint\",\"urlTemplate\":\"https:\/\/acta.no\/agder\/?s={search_term_string}\"},\"query-input\":{\"@type\":\"PropertyValueSpecification\",\"valueRequired\":true,\"valueName\":\"search_term_string\"}}],\"inLanguage\":\"nb-NO\"}]}<\/script>\n<!-- \/ Yoast SEO plugin. -->","yoast_head_json":{"title":"Soul Children Agder - Acta Region Agder","robots":{"index":"index","follow":"follow","max-snippet":"max-snippet:-1","max-image-preview":"max-image-preview:large","max-video-preview":"max-video-preview:-1"},"canonical":"https:\/\/acta.no\/agder\/soul-children-agder\/","og_locale":"nb_NO","og_type":"article","og_title":"Soul Children Agder - Acta Region Agder","og_description":"Soul Children gathering Agder 2026 19. september i Arendal kulturhus! Soul Children er Norges raskest voksende korbevegelse med over 200 kor i Norge, og nesten like mange i utlandet. Vi opplever Soul Children-bevegelsen som en stor familie. En familie som g\u00e5r p\u00e5 tvers av hele Norge, og n\u00e5 ogs\u00e5 p\u00e5 tvers av landegrenser. I tillegg [&hellip;]","og_url":"https:\/\/acta.no\/agder\/soul-children-agder\/","og_site_name":"Acta Region Agder","article_modified_time":"2026-04-08T13:19:08+00:00","og_image":[{"width":2560,"height":1440,"url":"https:\/\/www.normisjon.no\/content\/uploads\/sites\/27\/2023\/11\/IMG_6023-edited-scaled.jpg","type":"image\/jpeg"}],"twitter_card":"summary_large_image","twitter_misc":{"Ansl. lesetid":"3 minutter"},"schema":{"@context":"https:\/\/schema.org","@graph":[{"@type":"WebPage","@id":"https:\/\/acta.no\/agder\/soul-children-agder\/","url":"https:\/\/acta.no\/agder\/soul-children-agder\/","name":"Soul Children Agder - Acta Region Agder","isPartOf":{"@id":"https:\/\/acta.no\/agder\/#website"},"primaryImageOfPage":{"@id":"https:\/\/acta.no\/agder\/soul-children-agder\/#primaryimage"},"image":{"@id":"https:\/\/acta.no\/agder\/soul-children-agder\/#primaryimage"},"thumbnailUrl":"https:\/\/www.normisjon.no\/content\/uploads\/sites\/27\/2023\/11\/IMG_6023-edited-scaled.jpg","datePublished":"2023-11-20T11:40:08+00:00","dateModified":"2026-04-08T13:19:08+00:00","breadcrumb":{"@id":"https:\/\/acta.no\/agder\/soul-children-agder\/#breadcrumb"},"inLanguage":"nb-NO","potentialAction":[{"@type":"ReadAction","target":["https:\/\/acta.no\/agder\/soul-children-agder\/"]}]},{"@type":"ImageObject","inLanguage":"nb-NO","@id":"https:\/\/acta.no\/agder\/soul-children-agder\/#primaryimage","url":"https:\/\/www.normisjon.no\/content\/uploads\/sites\/27\/2023\/11\/IMG_6023-edited-scaled.jpg","contentUrl":"https:\/\/www.normisjon.no\/content\/uploads\/sites\/27\/2023\/11\/IMG_6023-edited-scaled.jpg"},{"@type":"BreadcrumbList","@id":"https:\/\/acta.no\/agder\/soul-children-agder\/#breadcrumb","itemListElement":[{"@type":"ListItem","position":1,"name":"Til acta.no","item":"https:\/\/acta.no\/"},{"@type":"ListItem","position":2,"name":"Region Agder","item":"https:\/\/acta.no\/agder\/"},{"@type":"ListItem","position":3,"name":"Soul Children Agder"}]},{"@type":"WebSite","@id":"https:\/\/acta.no\/agder\/#website","url":"https:\/\/acta.no\/agder\/","name":"Acta Region Agder","description":"Agder","potentialAction":[{"@type":"SearchAction","target":{"@type":"EntryPoint","urlTemplate":"https:\/\/acta.no\/agder\/?s={search_term_string}"},"query-input":{"@type":"PropertyValueSpecification","valueRequired":true,"valueName":"search_term_string"}}],"inLanguage":"nb-NO"}]}},"_links":{"self":[{"href":"https:\/\/acta.no\/agder\/wp-json\/wp\/v2\/pages\/952","targetHints":{"allow":["GET"]}}],"collection":[{"href":"https:\/\/acta.no\/agder\/wp-json\/wp\/v2\/pages"}],"about":[{"href":"https:\/\/acta.no\/agder\/wp-json\/wp\/v2\/types\/page"}],"author":[{"embeddable":true,"href":"https:\/\/acta.no\/agder\/wp-json\/wp\/v2\/users\/119"}],"replies":[{"embeddable":true,"href":"https:\/\/acta.no\/agder\/wp-json\/wp\/v2\/comments?post=952"}],"version-history":[{"count":8,"href":"https:\/\/acta.no\/agder\/wp-json\/wp\/v2\/pages\/952\/revisions"}],"predecessor-version":[{"id":1687,"href":"https:\/\/acta.no\/agder\/wp-json\/wp\/v2\/pages\/952\/revisions\/1687"}],"wp:attachment":[{"href":"https:\/\/acta.no\/agder\/wp-json\/wp\/v2\/media?parent=952"}],"curies":[{"name":"wp","href":"https:\/\/api.w.org\/{rel}","templated":true}]}}